{"id":2173,"date":"2020-08-11T14:48:35","date_gmt":"2020-08-11T14:48:35","guid":{"rendered":"https:\/\/distribucionarc.com\/?post_type=product&#038;p=2173"},"modified":"2020-09-30T10:01:31","modified_gmt":"2020-09-30T10:01:31","slug":"prasa-wodna-hydropress-do-owocow-warzyw-miodu-20l","status":"publish","type":"product","link":"https:\/\/distribucionarc.com\/pl\/producto\/prensa-de-agua-hidroprensa-para-frutas-verduras-miel-20l\/","title":{"rendered":"Prasa wodna, Hydropress do owoc\u00f3w, warzyw, miodu 20L"},"content":{"rendered":"<h2>Prasa wodna, hydropress do wina, owoc\u00f3w, miodu 20L<\/h2>\n<p>Najszybszy spos\u00f3b na przetworzenie \u015bwie\u017cego soku, kt\u00f3ry zachowuje wszystkie swoje w\u0142a\u015bciwo\u015bci. Po prostu dodaj do ciasta zmiksowane owoce<strong> prasa wodna <span style=\"color: #ff0000;\">DO<\/span><span style=\"color: #0000ff;\">R<\/span>C<\/strong>, otw\u00f3rz kran i obserwuj, jak ci\u015bnienie nap\u0142ywaj\u0105cej wody z kranu dociska zmielony materia\u0142 od wewn\u0105trz na zewn\u0105trz do wspornika kosza.<\/p>\n<p>Genialnie prosty nap\u0119d<span style=\"color: #008000;\"><strong> oszcz\u0119dzaj energi\u0119<\/strong><\/span>: Pod\u0142\u0105cz w\u0105\u017c do rury wodnej i odkr\u0119\u0107 kran. Woda z kranu rozszerza wbudowan\u0105 gumow\u0105 membran\u0119 na zewn\u0105trz i dociska ruszt do rusztu koszowego. Si\u0142\u0119 i czas docisku mo\u017cna regulowa\u0107 otwieraj\u0105c lub zamykaj\u0105c kran.<\/p>\n<p>On\u00a0<strong>szybkie naci\u015bni\u0119cie<\/strong>\u00a0i\u00a0<strong>kr\u00f3tkie \u015bcie\u017cki przep\u0142ywu<\/strong> chroni\u0107 witaminy; Sok zachowa cudownie \u015bwie\u017cy aromat. Dzi\u0119ki wysokiemu ci\u015bnieniu 3 bar\u00f3w wywieranemu przez <strong>sokowir\u00f3wka <span style=\"color: #ff0000;\">DO<\/span><span style=\"color: #0000ff;\">R<\/span>CPHA20<\/strong>\u00a0dostajesz\u00a0<strong>wydajno\u015b\u0107 soku<\/strong>\u00a0wyj\u0105tkowo\u00a0<strong>wysoki<\/strong>, nawet je\u015bli kosz prasy jest cz\u0119\u015bciowo pe\u0142ny.<\/p>\n<h6><\/h6>\n<h6><strong>Gwarancja\u00a0<\/strong><span style=\"color: #ff0000;\"><strong>DO<\/strong><\/span><span style=\"color: #0000ff;\"><strong>R<\/strong><\/span><strong>C 2 LATA<\/strong><\/h6>\n<h6><span style=\"color: #0000ff;\">Prasa bez pr\u0105du, ci\u015bnienie wody<\/span> <span style=\"color: #0000ff;\">(3 bary)<\/span><\/h6>\n<h6><strong>wsparcie techniczne w cenie<\/strong><\/h6>\n<p>&nbsp;<\/p>\n<table width=\"100%\">\n<tbody>\n<tr>\n<td>Facet:<\/td>\n<td width=\"50%\">Hydropress<\/td>\n<td colspan=\"2\" width=\"327\"><\/td>\n<\/tr>\n<tr>\n<td>Kraj dystrybucji:<\/td>\n<td width=\"50%\">Hiszpania, Niemcy, USA<\/td>\n<td>Waga:<\/td>\n<td width=\"50%\">13 kg<\/td>\n<\/tr>\n<tr>\n<td>Marka:<\/td>\n<td width=\"50%\">\u0141UK<\/td>\n<td>Wysoko\u015b\u0107:<\/td>\n<td width=\"50%\">82cm<\/td>\n<\/tr>\n<tr>\n<td>Kolor:<\/td>\n<td width=\"50%\">Srebrny<\/td>\n<td>D\u0142ugi:<\/td>\n<td width=\"50%\">50cm<\/td>\n<\/tr>\n<tr>\n<td>Rodzaj produktu:<\/td>\n<td width=\"50%\">sokowir\u00f3wka, prasa do wina<\/td>\n<td>Szeroki:<\/td>\n<td width=\"50%\">50cm<\/td>\n<\/tr>\n<tr>\n<td>Numer producenta:<\/td>\n<td width=\"50%\">ARCPHA20<\/td>\n<td>Umiej\u0119tno\u015b\u0107:<\/td>\n<td width=\"50%\">20L<\/td>\n<\/tr>\n<tr>\n<td>Tworzywo:<\/td>\n<td width=\"50%\">\u00a0stal nierdzewna przeznaczona do kontaktu z \u017cywno\u015bci\u0105, membrana gumowa przeznaczona do kontaktu z \u017cywno\u015bci\u0105<\/td>\n<td>Rozmiar koszyka:<\/td>\n<td width=\"50%\">26,5 x 39 cm<\/td>\n<\/tr>\n<tr>\n<td>Wymiary lufy:<\/td>\n<td width=\"50%\">\u015arednica 41 cm<\/td>\n<td>Sprz\u0119t:<\/td>\n<td width=\"50%\">W komplecie \u015bciereczka dociskowa<\/td>\n<\/tr>\n<tr>\n<td>Wysoko\u015b\u0107 lufy:<\/td>\n<td width=\"50%\">45cm<\/td>\n<td>Gwarancja:<\/td>\n<td width=\"50%\">2 LATA<\/td>\n<\/tr>\n<\/tbody>\n<\/table>","protected":false},"excerpt":{"rendered":"<h2>Prasa wodna, hydropress do wina, owoc\u00f3w, miodu 20L<\/h2>\n<p>The<strong> kruszarki hydrauliczne <span style=\"color: #ff0000;\">DO<\/span><span style=\"color: #0000ff;\">R<\/span>C<\/strong> S\u0105 najlepszym rozwi\u0105zaniem do produkcji sok\u00f3w, przetwarzania plastr\u00f3w miodu, moszczu, wina, cydru itp. <span style=\"color: #008000;\"><strong>Bez <\/strong><\/span>the<span style=\"color: #008000;\"><strong> zapotrzebowanie na energi\u0119 elektryczn\u0105<\/strong> <\/span>i bez wysi\u0142ku fizycznego<\/p>\n<p>Dzi\u0119ki <strong>prasy hydrauliczne <span style=\"color: #ff0000;\">DO<\/span><span style=\"color: #0000ff;\">R<\/span>C<\/strong> nacisk b\u0119dzie<strong> szybko<\/strong>\u00a0i z\u00a0<strong>kr\u00f3tkie \u015bcie\u017cki przep\u0142ywu <\/strong>pomaga chroni\u0107 witaminy; Otrzymasz cudownie \u015bwie\u017co pachn\u0105cy produkt. Dzi\u0119ki wysokiemu ci\u015bnieniu a\u00a0<strong>wydajno\u015b\u0107 <\/strong>soku wyj\u0105tkowo\u00a0<strong>wysoki<\/strong><\/p>\n<h6><strong>Gwarancja\u00a0<\/strong><span style=\"color: #ff0000;\"><strong>DO<\/strong><\/span><span style=\"color: #0000ff;\"><strong>R<\/strong><\/span><strong>C 2 LATA<\/strong><\/h6>\n<h6><span style=\"color: #0000ff;\">Prasa bez pr\u0105du, ci\u015bnienie wody<\/span> <span style=\"color: #0000ff;\">(3 bary)<\/span><\/h6>\n<h6><strong>wsparcie techniczne w cenie<\/strong><\/h6>","protected":false},"featured_media":2179,"comment_status":"open","ping_status":"closed","template":"","meta":{"wds_primary_product_brand":0,"wds_primary_product_cat":0},"product_brand":[],"product_cat":[30,65,67],"product_tag":[],"class_list":{"0":"post-2173","1":"product","2":"type-product","3":"status-publish","4":"has-post-thumbnail","6":"product_cat-maquinaria-apicola","7":"product_cat-maquinaria-industrial-para-procesar-fruta-verdura-panales","8":"product_cat-prensas-de-frutas-trituradoras","9":"product_shipping_class-hosteleria","11":"first","12":"instock","13":"sale","14":"taxable","15":"shipping-taxable","16":"purchasable","17":"product-type-simple"},"yoast_head":"<!-- This site is optimized with the Yoast SEO Premium plugin v24.9 (Yoast SEO v26.1) - https:\/\/yoast.com\/wordpress\/plugins\/seo\/ -->\n<title>Prensa de agua, Hidroprensa para frutas, verduras, miel 20L - distribuci\u00f3n ARC<\/title>\n<meta name=\"robots\" content=\"index, follow, max-snippet:-1, max-image-preview:large, max-video-preview:-1\" \/>\n<link rel=\"canonical\" href=\"https:\/\/distribucionarc.com\/pl\/produkty\/prasa-wodna-hydropress-do-owocow-warzyw-miodu-20l\/\" \/>\n<meta property=\"og:locale\" content=\"pl_PL\" \/>\n<meta property=\"og:type\" content=\"article\" \/>\n<meta property=\"og:title\" content=\"Prensa de agua, Hidroprensa para frutas, verduras, miel 20L\" \/>\n<meta property=\"og:description\" content=\"Prensa de agua, Hidroprensa para vino, frutas, miel 20L Las trituradoras hidr\u00e1ulicas ARC son la mejor soluci\u00f3n para realizar zumos, procesar panales de miel, mostos, vino, sidra, etc. Sin la necesidad de energ\u00eda el\u00e9ctrica y sin esfuerzo f\u00edsico  Gracias a las Prensas hidr\u00e1ulicas ARC el\u00a0prensado ser\u00e1 r\u00e1pido\u00a0y con\u00a0recorridos cortos de flujo ayudando a\u00a0proteger las vitaminas;\u00a0obtendr\u00e1 un producto con un aroma maravillosamente fresco.\u00a0Gracias a la alta presi\u00f3n se obtiene un\u00a0rendimiento de zumo\u00a0excepcionalmente\u00a0alto Garant\u00eda\u00a0ARC 2 A\u00d1OS Prensa sin electricidad,\u00a0 presi\u00f3n de agua (3 bar) soporte t\u00e9cnico\u00a0incluido\" \/>\n<meta property=\"og:url\" content=\"https:\/\/distribucionarc.com\/pl\/produkty\/prasa-wodna-hydropress-do-owocow-warzyw-miodu-20l\/\" \/>\n<meta property=\"og:site_name\" content=\"distribuci\u00f3n ARC\" \/>\n<meta property=\"article:modified_time\" content=\"2020-09-30T10:01:31+00:00\" \/>\n<meta property=\"og:image\" content=\"https:\/\/distribucionarc.com\/wp-content\/uploads\/2020\/08\/Prensa-de-agua-Hidro-prensa-para-frutas-verduras-miel-20L-0.jpg\" \/>\n\t<meta property=\"og:image:width\" content=\"1000\" \/>\n\t<meta property=\"og:image:height\" content=\"1000\" \/>\n\t<meta property=\"og:image:type\" content=\"image\/jpeg\" \/>\n<meta name=\"twitter:card\" content=\"summary_large_image\" \/>\n<meta name=\"twitter:label1\" content=\"Szacowany czas czytania\" \/>\n\t<meta name=\"twitter:data1\" content=\"1 minuta\" \/>\n<script type=\"application\/ld+json\" class=\"yoast-schema-graph\">{\"@context\":\"https:\/\/schema.org\",\"@graph\":[{\"@type\":\"WebPage\",\"@id\":\"https:\/\/distribucionarc.com\/pl\/producto\/prensa-de-agua-hidroprensa-para-frutas-verduras-miel-20l\/\",\"url\":\"https:\/\/distribucionarc.com\/pl\/producto\/prensa-de-agua-hidroprensa-para-frutas-verduras-miel-20l\/\",\"name\":\"Prensa de agua, Hidroprensa para frutas, verduras, miel 20L - distribuci\u00f3n ARC\",\"isPartOf\":{\"@id\":\"https:\/\/distribucionarc.com\/de\/#website\"},\"primaryImageOfPage\":{\"@id\":\"https:\/\/distribucionarc.com\/pl\/producto\/prensa-de-agua-hidroprensa-para-frutas-verduras-miel-20l\/#primaryimage\"},\"image\":{\"@id\":\"https:\/\/distribucionarc.com\/pl\/producto\/prensa-de-agua-hidroprensa-para-frutas-verduras-miel-20l\/#primaryimage\"},\"thumbnailUrl\":\"https:\/\/distribucionarc.com\/wp-content\/uploads\/2020\/08\/Prensa-de-agua-Hidro-prensa-para-frutas-verduras-miel-20L-0.jpg\",\"datePublished\":\"2020-08-11T14:48:35+00:00\",\"dateModified\":\"2020-09-30T10:01:31+00:00\",\"breadcrumb\":{\"@id\":\"https:\/\/distribucionarc.com\/pl\/producto\/prensa-de-agua-hidroprensa-para-frutas-verduras-miel-20l\/#breadcrumb\"},\"inLanguage\":\"pl-PL\",\"potentialAction\":[{\"@type\":\"ReadAction\",\"target\":[\"https:\/\/distribucionarc.com\/pl\/producto\/prensa-de-agua-hidroprensa-para-frutas-verduras-miel-20l\/\"]}]},{\"@type\":\"ImageObject\",\"inLanguage\":\"pl-PL\",\"@id\":\"https:\/\/distribucionarc.com\/pl\/producto\/prensa-de-agua-hidroprensa-para-frutas-verduras-miel-20l\/#primaryimage\",\"url\":\"https:\/\/distribucionarc.com\/wp-content\/uploads\/2020\/08\/Prensa-de-agua-Hidro-prensa-para-frutas-verduras-miel-20L-0.jpg\",\"contentUrl\":\"https:\/\/distribucionarc.com\/wp-content\/uploads\/2020\/08\/Prensa-de-agua-Hidro-prensa-para-frutas-verduras-miel-20L-0.jpg\",\"width\":1000,\"height\":1000,\"caption\":\"Prensa de agua Hidro prensa para frutas verduras miel 20L\"},{\"@type\":\"BreadcrumbList\",\"@id\":\"https:\/\/distribucionarc.com\/pl\/producto\/prensa-de-agua-hidroprensa-para-frutas-verduras-miel-20l\/#breadcrumb\",\"itemListElement\":[{\"@type\":\"ListItem\",\"position\":1,\"name\":\"Portada\",\"item\":\"https:\/\/distribucionarc.com\/pl\/\"},{\"@type\":\"ListItem\",\"position\":2,\"name\":\"Produkty\",\"item\":\"https:\/\/distribucionarc.com\/pl\/shop\/\"},{\"@type\":\"ListItem\",\"position\":3,\"name\":\"Prensa de agua, Hidroprensa para frutas, verduras, miel 20L\"}]},{\"@type\":\"WebSite\",\"@id\":\"https:\/\/distribucionarc.com\/de\/#website\",\"url\":\"https:\/\/distribucionarc.com\/de\/\",\"name\":\"distribuci\u00f3n ARC\",\"description\":\"Empresa especializada en la fabricaci\u00f3n y distribuci\u00f3n de maquinaria industrial, selladoras de latas, Maquinas de hacer pastillas, Maquinas de cortar carne...\",\"publisher\":{\"@id\":\"https:\/\/distribucionarc.com\/de\/#organization\"},\"potentialAction\":[{\"@type\":\"SearchAction\",\"target\":{\"@type\":\"EntryPoint\",\"urlTemplate\":\"https:\/\/distribucionarc.com\/de\/?s={search_term_string}\"},\"query-input\":{\"@type\":\"PropertyValueSpecification\",\"valueRequired\":true,\"valueName\":\"search_term_string\"}}],\"inLanguage\":\"pl-PL\"},{\"@type\":\"Organization\",\"@id\":\"https:\/\/distribucionarc.com\/de\/#organization\",\"name\":\"Distribuci\u00f3n ARC\",\"url\":\"https:\/\/distribucionarc.com\/de\/\",\"logo\":{\"@type\":\"ImageObject\",\"inLanguage\":\"pl-PL\",\"@id\":\"https:\/\/distribucionarc.com\/de\/#\/schema\/logo\/image\/\",\"url\":\"https:\/\/distribucionarc.com\/wp-content\/uploads\/2024\/10\/distribucion-ARC-COLOR-SIN-FONDO-e1732295305345.png\",\"contentUrl\":\"https:\/\/distribucionarc.com\/wp-content\/uploads\/2024\/10\/distribucion-ARC-COLOR-SIN-FONDO-e1732295305345.png\",\"width\":1164,\"height\":558,\"caption\":\"Distribuci\u00f3n ARC\"},\"image\":{\"@id\":\"https:\/\/distribucionarc.com\/de\/#\/schema\/logo\/image\/\"},\"description\":\"Empresa especializada en la fabricaci\u00f3n y distribuci\u00f3n de maquinaria industrial para los sectores alimentario y farmac\u00e9utico. Nos especializamos en: M\u00e1quinas de cortar carne Fabricaci\u00f3n de comprimidos Sistemas de transporte industrial L\u00edneas de embotellado Dosificadores Y mucho m\u00e1s... Ofrecemos soluciones innovadoras y personalizadas para optimizar los procesos productivos de tu empresa.\",\"email\":\"Admistracion@distribucionarc.com\",\"telephone\":\"+34 643496664\",\"legalName\":\"ARC TECH SOLUTIONS\",\"foundingDate\":\"2024-04-09\",\"vatID\":\"B55480172\",\"numberOfEmployees\":{\"@type\":\"QuantitativeValue\",\"minValue\":\"1\",\"maxValue\":\"10\"}}]}<\/script>\n<!-- \/ Yoast SEO Premium plugin. -->","yoast_head_json":{"title":"Prasa wodna, Hydroprasa do owoc\u00f3w, warzyw, miodu 20L - dystrybucja ARC","robots":{"index":"index","follow":"follow","max-snippet":"max-snippet:-1","max-image-preview":"max-image-preview:large","max-video-preview":"max-video-preview:-1"},"canonical":"https:\/\/distribucionarc.com\/pl\/produkty\/prasa-wodna-hydropress-do-owocow-warzyw-miodu-20l\/","og_locale":"pl_PL","og_type":"article","og_title":"Prensa de agua, Hidroprensa para frutas, verduras, miel 20L","og_description":"Prensa de agua, Hidroprensa para vino, frutas, miel 20L Las trituradoras hidr\u00e1ulicas ARC son la mejor soluci\u00f3n para realizar zumos, procesar panales de miel, mostos, vino, sidra, etc. Sin la necesidad de energ\u00eda el\u00e9ctrica y sin esfuerzo f\u00edsico  Gracias a las Prensas hidr\u00e1ulicas ARC el\u00a0prensado ser\u00e1 r\u00e1pido\u00a0y con\u00a0recorridos cortos de flujo ayudando a\u00a0proteger las vitaminas;\u00a0obtendr\u00e1 un producto con un aroma maravillosamente fresco.\u00a0Gracias a la alta presi\u00f3n se obtiene un\u00a0rendimiento de zumo\u00a0excepcionalmente\u00a0alto Garant\u00eda\u00a0ARC 2 A\u00d1OS Prensa sin electricidad,\u00a0 presi\u00f3n de agua (3 bar) soporte t\u00e9cnico\u00a0incluido","og_url":"https:\/\/distribucionarc.com\/pl\/produkty\/prasa-wodna-hydropress-do-owocow-warzyw-miodu-20l\/","og_site_name":"distribuci\u00f3n ARC","article_modified_time":"2020-09-30T10:01:31+00:00","og_image":[{"width":1000,"height":1000,"url":"https:\/\/distribucionarc.com\/wp-content\/uploads\/2020\/08\/Prensa-de-agua-Hidro-prensa-para-frutas-verduras-miel-20L-0.jpg","type":"image\/jpeg"}],"twitter_card":"summary_large_image","twitter_misc":{"Szacowany czas czytania":"1 minuta"},"schema":{"@context":"https:\/\/schema.org","@graph":[{"@type":"WebPage","@id":"https:\/\/distribucionarc.com\/pl\/producto\/prensa-de-agua-hidroprensa-para-frutas-verduras-miel-20l\/","url":"https:\/\/distribucionarc.com\/pl\/producto\/prensa-de-agua-hidroprensa-para-frutas-verduras-miel-20l\/","name":"Prasa wodna, Hydroprasa do owoc\u00f3w, warzyw, miodu 20L - dystrybucja ARC","isPartOf":{"@id":"https:\/\/distribucionarc.com\/de\/#website"},"primaryImageOfPage":{"@id":"https:\/\/distribucionarc.com\/pl\/producto\/prensa-de-agua-hidroprensa-para-frutas-verduras-miel-20l\/#primaryimage"},"image":{"@id":"https:\/\/distribucionarc.com\/pl\/producto\/prensa-de-agua-hidroprensa-para-frutas-verduras-miel-20l\/#primaryimage"},"thumbnailUrl":"https:\/\/distribucionarc.com\/wp-content\/uploads\/2020\/08\/Prensa-de-agua-Hidro-prensa-para-frutas-verduras-miel-20L-0.jpg","datePublished":"2020-08-11T14:48:35+00:00","dateModified":"2020-09-30T10:01:31+00:00","breadcrumb":{"@id":"https:\/\/distribucionarc.com\/pl\/producto\/prensa-de-agua-hidroprensa-para-frutas-verduras-miel-20l\/#breadcrumb"},"inLanguage":"pl-PL","potentialAction":[{"@type":"ReadAction","target":["https:\/\/distribucionarc.com\/pl\/producto\/prensa-de-agua-hidroprensa-para-frutas-verduras-miel-20l\/"]}]},{"@type":"ImageObject","inLanguage":"pl-PL","@id":"https:\/\/distribucionarc.com\/pl\/producto\/prensa-de-agua-hidroprensa-para-frutas-verduras-miel-20l\/#primaryimage","url":"https:\/\/distribucionarc.com\/wp-content\/uploads\/2020\/08\/Prensa-de-agua-Hidro-prensa-para-frutas-verduras-miel-20L-0.jpg","contentUrl":"https:\/\/distribucionarc.com\/wp-content\/uploads\/2020\/08\/Prensa-de-agua-Hidro-prensa-para-frutas-verduras-miel-20L-0.jpg","width":1000,"height":1000,"caption":"Prensa de agua Hidro prensa para frutas verduras miel 20L"},{"@type":"BreadcrumbList","@id":"https:\/\/distribucionarc.com\/pl\/producto\/prensa-de-agua-hidroprensa-para-frutas-verduras-miel-20l\/#breadcrumb","itemListElement":[{"@type":"ListItem","position":1,"name":"Portada","item":"https:\/\/distribucionarc.com\/pl\/"},{"@type":"ListItem","position":2,"name":"Produkty","item":"https:\/\/distribucionarc.com\/pl\/shop\/"},{"@type":"ListItem","position":3,"name":"Prensa de agua, Hidroprensa para frutas, verduras, miel 20L"}]},{"@type":"WebSite","@id":"https:\/\/distribucionarc.com\/de\/#website","url":"https:\/\/distribucionarc.com\/de\/","name":"Dystrybucja ARC","description":"Firma specjalizuj\u0105ca si\u0119 w produkcji i dystrybucji maszyn przemys\u0142owych, zgrzewarek do puszek, maszyn do produkcji tabletek, maszyn do ci\u0119cia mi\u0119sa...","publisher":{"@id":"https:\/\/distribucionarc.com\/de\/#organization"},"potentialAction":[{"@type":"SearchAction","target":{"@type":"EntryPoint","urlTemplate":"https:\/\/distribucionarc.com\/de\/?s={search_term_string}"},"query-input":{"@type":"PropertyValueSpecification","valueRequired":true,"valueName":"search_term_string"}}],"inLanguage":"pl-PL"},{"@type":"Organization","@id":"https:\/\/distribucionarc.com\/de\/#organization","name":"Dystrybucja ARC","url":"https:\/\/distribucionarc.com\/de\/","logo":{"@type":"ImageObject","inLanguage":"pl-PL","@id":"https:\/\/distribucionarc.com\/de\/#\/schema\/logo\/image\/","url":"https:\/\/distribucionarc.com\/wp-content\/uploads\/2024\/10\/distribucion-ARC-COLOR-SIN-FONDO-e1732295305345.png","contentUrl":"https:\/\/distribucionarc.com\/wp-content\/uploads\/2024\/10\/distribucion-ARC-COLOR-SIN-FONDO-e1732295305345.png","width":1164,"height":558,"caption":"Distribuci\u00f3n ARC"},"image":{"@id":"https:\/\/distribucionarc.com\/de\/#\/schema\/logo\/image\/"},"description":"Firma specjalizuj\u0105ca si\u0119 w produkcji i dystrybucji maszyn przemys\u0142owych dla sektora spo\u017cywczego i farmaceutycznego. Specjalizujemy si\u0119 w: Maszyny do krojenia mi\u0119sa Produkcja tabletek Przemys\u0142owe systemy transportowe Linie butelkuj\u0105ce Dozowniki I wiele wi\u0119cej.... Oferujemy innowacyjne i niestandardowe rozwi\u0105zania w celu optymalizacji proces\u00f3w produkcyjnych w Twojej firmie.","email":"Admistracion@distribucionarc.com","telephone":"+34 643496664","legalName":"ARC TECH SOLUTIONS","foundingDate":"2024-04-09","vatID":"B55480172","numberOfEmployees":{"@type":"QuantitativeValue","minValue":"1","maxValue":"10"}}]}},"_links":{"self":[{"href":"https:\/\/distribucionarc.com\/pl\/wp-json\/wp\/v2\/product\/2173","targetHints":{"allow":["GET"]}}],"collection":[{"href":"https:\/\/distribucionarc.com\/pl\/wp-json\/wp\/v2\/product"}],"about":[{"href":"https:\/\/distribucionarc.com\/pl\/wp-json\/wp\/v2\/types\/product"}],"replies":[{"embeddable":true,"href":"https:\/\/distribucionarc.com\/pl\/wp-json\/wp\/v2\/comments?post=2173"}],"version-history":[{"count":0,"href":"https:\/\/distribucionarc.com\/pl\/wp-json\/wp\/v2\/product\/2173\/revisions"}],"wp:featuredmedia":[{"embeddable":true,"href":"https:\/\/distribucionarc.com\/pl\/wp-json\/wp\/v2\/media\/2179"}],"wp:attachment":[{"href":"https:\/\/distribucionarc.com\/pl\/wp-json\/wp\/v2\/media?parent=2173"}],"wp:term":[{"taxonomy":"product_brand","embeddable":true,"href":"https:\/\/distribucionarc.com\/pl\/wp-json\/wp\/v2\/product_brand?post=2173"},{"taxonomy":"product_cat","embeddable":true,"href":"https:\/\/distribucionarc.com\/pl\/wp-json\/wp\/v2\/product_cat?post=2173"},{"taxonomy":"product_tag","embeddable":true,"href":"https:\/\/distribucionarc.com\/pl\/wp-json\/wp\/v2\/product_tag?post=2173"}],"curies":[{"name":"wp","href":"https:\/\/api.w.org\/{rel}","templated":true}]}}