{"id":2278,"date":"2020-08-13T14:39:36","date_gmt":"2020-08-13T14:39:36","guid":{"rendered":"https:\/\/distribucionarc.com\/?post_type=product&#038;p=2278"},"modified":"2020-09-30T11:51:48","modified_gmt":"2020-09-30T11:51:48","slug":"projektant-podgrzewacz-jedzenia-konserwatywny-ogrzewanie-x-2","status":"publish","type":"product","link":"https:\/\/distribucionarc.com\/pl\/producto\/calentador-de-alimentos-conservador-de-calor-de-diseno-x-2\/","title":{"rendered":"Podgrzewacz do \u017cywno\u015bci, designerski utrwalacz ciep\u0142a x 2"},"content":{"rendered":"<h3>Podgrzewacz do \u017cywno\u015bci, designerski utrwalacz ciep\u0142a x 2<\/h3>\n<p>Te tace grzewcze wytrzymuj\u0105 bez problemu d\u0142ug\u0105 prac\u0119. S\u0105 \u0142atwe w przechowywaniu i czyszczeniu, a tak\u017ce pozwalaj\u0105 szybko i \u0142atwo wyeksponowa\u0107 najsmaczniejsze dania. Ten\u00a0<strong>lada\u00a0<\/strong><b>kulisty<\/b>\u00a0\u0142\u0105czy w sobie styl i trwa\u0142o\u015b\u0107, aby zapewni\u0107 zr\u00f3wnowa\u017cony produkt, kt\u00f3ry zrobi wra\u017cenie na Twoich klientach.<\/p>\n<p>The\u00a0<strong>grzejniki <span style=\"color: #ff0000;\">DO<\/span><span style=\"color: #0000ff;\">R<\/span>CBCA2.8<\/strong> jest odporny na korozj\u0119 i ma b\u0142yszcz\u0105c\u0105, srebrn\u0105 powierzchni\u0119. Ozdobny uchwyt na pokrywce zapewnia \u0142atwy i bezpieczny dost\u0119p do jedzenia. Pokryw\u0119 mo\u017cna zablokowa\u0107 pod k\u0105tem 90 stopni lub obr\u00f3ci\u0107 o 180 stopni. Zapewnia \u0142atwy dost\u0119p ze wszystkich stron. Pomaga zachowa\u0107 ciep\u0142o i soczysto\u015b\u0107 potraw.<\/p>\n<p>Te\u00a0<strong>konserwanty na ciep\u0142o<\/strong>\u00a0\u00a0<strong><span style=\"color: #ff0000;\">DO<\/span><span style=\"color: #0000ff;\">R<\/span>C<\/strong>\u00a0znajduj\u0105 si\u0119 blisko tacy na wod\u0119, utrzymuj\u0105c jednocze\u015bnie odpowiedni\u0105 temperatur\u0119 potrawy\u00a0<strong>minimalizuje nara\u017cenie na dzia\u0142anie p\u0142omieni<\/strong>, w trosce o bezpiecze\u0144stwo go\u015bci i personelu.  Dwa uchwyty po ka\u017cdej stronie zosta\u0142y zaprojektowane tak, aby u\u0142atwi\u0107 podawanie potraw i zapewni\u0107 bezpiecze\u0144stwo. Sko\u015bne nogi zapewniaj\u0105 r\u00f3wnie\u017c optymaln\u0105 stabilno\u015b\u0107. Jest atrakcyjny i niedrogi, idealny do eksponowania jedzenia i utrzymywania jego ciep\u0142a dla go\u015bci.<\/p>\n<h6><\/h6>\n<h6><strong>Gwarancja\u00a0<span style=\"color: #ff0000;\">DO<\/span><span style=\"color: #0000ff;\">R<\/span>C<\/strong><strong>\u00a02 LATA<\/strong><\/h6>\n<h6><strong>wsparcie techniczne w cenie<\/strong><\/h6>\n<p>&nbsp;<\/p>\n<table role=\"presentation\" width=\"100%\" cellspacing=\"0\" cellpadding=\"0\">\n<tbody>\n<tr>\n<td class=\"attrLabels\">Gwarancja:<\/td>\n<td width=\"50.0%\">\u00a02 LATA<\/td>\n<\/tr>\n<tr>\n<td class=\"attrLabels\">Kraj dystrybucji:<\/td>\n<td width=\"50.0%\">Hiszpania, Niemcy, USA<\/td>\n<td class=\"attrLabels\">Waga:<\/td>\n<td width=\"50.0%\">16,3 kg<\/td>\n<\/tr>\n<tr>\n<td class=\"attrLabels\">Marka:<\/td>\n<td width=\"50.0%\">\u0141UK<\/td>\n<td class=\"attrLabels\">Wysoko\u015b\u0107:<\/td>\n<td width=\"50.0%\">68cm<\/td>\n<\/tr>\n<tr>\n<td class=\"attrLabels\">Kolor:<\/td>\n<td width=\"50.0%\">Srebrny<\/td>\n<td class=\"attrLabels\">D\u0142ugi:<\/td>\n<td width=\"50.0%\">52cm<\/td>\n<\/tr>\n<tr>\n<td class=\"attrLabels\">Rodzaj produktu:<\/td>\n<td width=\"50.0%\">Podtrzymuj\u0105cy ciep\u0142o<\/td>\n<td class=\"attrLabels\">Szeroki:<\/td>\n<td width=\"50.0%\">50cm<\/td>\n<\/tr>\n<tr>\n<td class=\"attrLabels\">Numer producenta:<\/td>\n<td width=\"50.0%\">ARCBCA2.8<\/td>\n<td class=\"attrLabels\">\u015arednica tacy:<\/td>\n<td width=\"50.0%\">35cm<\/td>\n<\/tr>\n<tr>\n<td class=\"attrLabels\">Tworzywo:<\/td>\n<td width=\"50.0%\">Stal nierdzewna 401<\/td>\n<td class=\"attrLabels\">Wysoko\u015b\u0107 pokrywy:<\/td>\n<td width=\"50.0%\">53cm<\/td>\n<\/tr>\n<tr>\n<td class=\"attrLabels\">Zawiera:<\/td>\n<td width=\"50.0%\">2 pe\u0142ne okr\u0105g\u0142e tace grzewcze<\/td>\n<td class=\"attrLabels\">Zamkni\u0119cie:<\/td>\n<td width=\"50.0%\">180\u00ba<\/td>\n<\/tr>\n<tr>\n<td class=\"attrLabels\">Umiej\u0119tno\u015b\u0107:<\/td>\n<td width=\"50.0%\">6,8 litra<\/td>\n<td class=\"attrLabels\">Blokada:<\/td>\n<td width=\"50.0%\">90\u00ba<\/td>\n<\/tr>\n<\/tbody>\n<\/table>","protected":false},"excerpt":{"rendered":"<h2>Podgrzewacz do \u017cywno\u015bci, designerski utrwalacz ciep\u0142a x 2<\/h2>\n<p>The\u00a0<strong>podgrzewacze do jedzenia<\/strong>\u00a0stal nierdzewna przeznaczona do kontaktu z \u017cywno\u015bci\u0105\u00a0<strong><span style=\"color: #ff0000;\">DO<\/span><span style=\"color: #0000ff;\">R<\/span>C<\/strong> z <strong>8 litr\u00f3w<\/strong> Zapewniaj\u0105 d\u0142ugotrwa\u0142\u0105 trwa\u0142o\u015b\u0107, a tak\u017ce przyci\u0105gaj\u0105 uwag\u0119 dzi\u0119ki swojemu efektownemu designowi z zamkni\u0119ciem 180\u00ba. Dzi\u0119ki temu idealnie nadaje si\u0119 do bufet\u00f3w, pomieszcze\u0144 \u015bniadaniowych, hoteli, restauracji, przyj\u0119\u0107, wesel i miejsc samoobs\u0142ugowych.<\/p>\n<h6><strong>Gwarancja\u00a0<span style=\"color: #ff0000;\">DO<\/span><span style=\"color: #0000ff;\">R<\/span>C<\/strong><strong>\u00a02 LATA<\/strong><\/h6>\n<h6><strong>wsparcie techniczne w cenie<\/strong><\/h6>","protected":false},"featured_media":2279,"comment_status":"open","ping_status":"closed","template":"","meta":{"wds_primary_product_brand":0,"wds_primary_product_cat":0},"product_brand":[],"product_cat":[41],"product_tag":[],"class_list":{"0":"post-2278","1":"product","2":"type-product","3":"status-publish","4":"has-post-thumbnail","6":"product_cat-expositor-de-alimentos","7":"product_shipping_class-hosteleria","9":"first","10":"instock","11":"sale","12":"taxable","13":"shipping-taxable","14":"purchasable","15":"product-type-simple"},"yoast_head":"<!-- This site is optimized with the Yoast SEO Premium plugin v24.9 (Yoast SEO v26.1) - https:\/\/yoast.com\/wordpress\/plugins\/seo\/ -->\n<title>Calentador de alimentos, conservador de calor de dise\u00f1o x 2 - distribuci\u00f3n ARC<\/title>\n<meta name=\"robots\" content=\"index, follow, max-snippet:-1, max-image-preview:large, max-video-preview:-1\" \/>\n<link rel=\"canonical\" href=\"https:\/\/www.distribucionarc.com\/it\/producto\/calentador-de-alimentos-conservador-de-calor-de-diseno-x-2\/\" \/>\n<meta property=\"og:locale\" content=\"pl_PL\" \/>\n<meta property=\"og:type\" content=\"article\" \/>\n<meta property=\"og:title\" content=\"Calentador de alimentos, conservador de calor de dise\u00f1o x 2\" \/>\n<meta property=\"og:description\" content=\"Calentador de alimentos, conservador de calor de dise\u00f1o x 2 Los\u00a0calentadores de alimentos\u00a0de acero inoxidable alimentario\u00a0ARC de 8 litros aseguran una durabilidad a largo plazo adem\u00e1s de llamar la atenci\u00f3n gracias a su dise\u00f1o llamativo con cierre de 180\u00ba. Por lo que es ideal para buffets, \u00e1reas de desayuno, hoteles, restaurantes, recepciones, banquetes de boda y ambientes de autoservicio. Garant\u00eda\u00a0ARC\u00a02 A\u00d1OS soporte t\u00e9cnico incluido\" \/>\n<meta property=\"og:url\" content=\"https:\/\/www.distribucionarc.com\/it\/producto\/calentador-de-alimentos-conservador-de-calor-de-diseno-x-2\/\" \/>\n<meta property=\"og:site_name\" content=\"distribuci\u00f3n ARC\" \/>\n<meta property=\"article:modified_time\" content=\"2020-09-30T11:51:48+00:00\" \/>\n<meta property=\"og:image\" content=\"https:\/\/distribucionarc.com\/wp-content\/uploads\/2020\/08\/Calentador-de-alimentos-conservador-de-calor-de-dise\u00f1o-x-2-0.jpg\" \/>\n\t<meta property=\"og:image:width\" content=\"1600\" \/>\n\t<meta property=\"og:image:height\" content=\"1600\" \/>\n\t<meta property=\"og:image:type\" content=\"image\/jpeg\" \/>\n<meta name=\"twitter:card\" content=\"summary_large_image\" \/>\n<meta name=\"twitter:label1\" content=\"Szacowany czas czytania\" \/>\n\t<meta name=\"twitter:data1\" content=\"1 minuta\" \/>\n<script type=\"application\/ld+json\" class=\"yoast-schema-graph\">{\"@context\":\"https:\/\/schema.org\",\"@graph\":[{\"@type\":\"WebPage\",\"@id\":\"https:\/\/www.distribucionarc.com\/it\/producto\/calentador-de-alimentos-conservador-de-calor-de-diseno-x-2\/\",\"url\":\"https:\/\/www.distribucionarc.com\/it\/producto\/calentador-de-alimentos-conservador-de-calor-de-diseno-x-2\/\",\"name\":\"Calentador de alimentos, conservador de calor de dise\u00f1o x 2 - distribuci\u00f3n ARC\",\"isPartOf\":{\"@id\":\"https:\/\/www.distribucionarc.com\/sl\/#website\"},\"primaryImageOfPage\":{\"@id\":\"https:\/\/www.distribucionarc.com\/it\/producto\/calentador-de-alimentos-conservador-de-calor-de-diseno-x-2\/#primaryimage\"},\"image\":{\"@id\":\"https:\/\/www.distribucionarc.com\/it\/producto\/calentador-de-alimentos-conservador-de-calor-de-diseno-x-2\/#primaryimage\"},\"thumbnailUrl\":\"https:\/\/distribucionarc.com\/wp-content\/uploads\/2020\/08\/Calentador-de-alimentos-conservador-de-calor-de-dise\u00f1o-x-2-0.jpg\",\"datePublished\":\"2020-08-13T14:39:36+00:00\",\"dateModified\":\"2020-09-30T11:51:48+00:00\",\"breadcrumb\":{\"@id\":\"https:\/\/www.distribucionarc.com\/it\/producto\/calentador-de-alimentos-conservador-de-calor-de-diseno-x-2\/#breadcrumb\"},\"inLanguage\":\"pl-PL\",\"potentialAction\":[{\"@type\":\"ReadAction\",\"target\":[\"https:\/\/www.distribucionarc.com\/it\/producto\/calentador-de-alimentos-conservador-de-calor-de-diseno-x-2\/\"]}]},{\"@type\":\"ImageObject\",\"inLanguage\":\"pl-PL\",\"@id\":\"https:\/\/www.distribucionarc.com\/it\/producto\/calentador-de-alimentos-conservador-de-calor-de-diseno-x-2\/#primaryimage\",\"url\":\"https:\/\/distribucionarc.com\/wp-content\/uploads\/2020\/08\/Calentador-de-alimentos-conservador-de-calor-de-dise\u00f1o-x-2-0.jpg\",\"contentUrl\":\"https:\/\/distribucionarc.com\/wp-content\/uploads\/2020\/08\/Calentador-de-alimentos-conservador-de-calor-de-dise\u00f1o-x-2-0.jpg\",\"width\":1600,\"height\":1600,\"caption\":\"Calentador de alimentos, conservador de calor de dise\u00f1o x 2\"},{\"@type\":\"BreadcrumbList\",\"@id\":\"https:\/\/www.distribucionarc.com\/it\/producto\/calentador-de-alimentos-conservador-de-calor-de-diseno-x-2\/#breadcrumb\",\"itemListElement\":[{\"@type\":\"ListItem\",\"position\":1,\"name\":\"Portada\",\"item\":\"https:\/\/www.distribucionarc.com\/\"},{\"@type\":\"ListItem\",\"position\":2,\"name\":\"\u00dcr\u00fcnler\",\"item\":\"https:\/\/www.distribucionarc.com\/tr\/magaza\/\"},{\"@type\":\"ListItem\",\"position\":3,\"name\":\"Calentador de alimentos, conservador de calor de dise\u00f1o x 2\"}]},{\"@type\":\"WebSite\",\"@id\":\"https:\/\/www.distribucionarc.com\/sl\/#website\",\"url\":\"https:\/\/www.distribucionarc.com\/sl\/\",\"name\":\"distribuci\u00f3n ARC\",\"description\":\"Empresa especializada en la fabricaci\u00f3n y distribuci\u00f3n de maquinaria industrial, selladoras de latas, Maquinas de hacer pastillas, Maquinas de cortar carne...\",\"publisher\":{\"@id\":\"https:\/\/www.distribucionarc.com\/sl\/#organization\"},\"potentialAction\":[{\"@type\":\"SearchAction\",\"target\":{\"@type\":\"EntryPoint\",\"urlTemplate\":\"https:\/\/www.distribucionarc.com\/sl\/?s={search_term_string}\"},\"query-input\":{\"@type\":\"PropertyValueSpecification\",\"valueRequired\":true,\"valueName\":\"search_term_string\"}}],\"inLanguage\":\"pl-PL\"},{\"@type\":\"Organization\",\"@id\":\"https:\/\/www.distribucionarc.com\/sl\/#organization\",\"name\":\"Distribuci\u00f3n ARC\",\"url\":\"https:\/\/www.distribucionarc.com\/sl\/\",\"logo\":{\"@type\":\"ImageObject\",\"inLanguage\":\"pl-PL\",\"@id\":\"https:\/\/www.distribucionarc.com\/sl\/#\/schema\/logo\/image\/\",\"url\":\"https:\/\/distribucionarc.com\/wp-content\/uploads\/2024\/10\/distribucion-ARC-COLOR-SIN-FONDO-e1732295305345.png\",\"contentUrl\":\"https:\/\/distribucionarc.com\/wp-content\/uploads\/2024\/10\/distribucion-ARC-COLOR-SIN-FONDO-e1732295305345.png\",\"width\":1164,\"height\":558,\"caption\":\"Distribuci\u00f3n ARC\"},\"image\":{\"@id\":\"https:\/\/www.distribucionarc.com\/sl\/#\/schema\/logo\/image\/\"},\"description\":\"Empresa especializada en la fabricaci\u00f3n y distribuci\u00f3n de maquinaria industrial para los sectores alimentario y farmac\u00e9utico. Nos especializamos en: M\u00e1quinas de cortar carne Fabricaci\u00f3n de comprimidos Sistemas de transporte industrial L\u00edneas de embotellado Dosificadores Y mucho m\u00e1s... Ofrecemos soluciones innovadoras y personalizadas para optimizar los procesos productivos de tu empresa.\",\"email\":\"Admistracion@distribucionarc.com\",\"telephone\":\"+34 643496664\",\"legalName\":\"ARC TECH SOLUTIONS\",\"foundingDate\":\"2024-04-09\",\"vatID\":\"B55480172\",\"numberOfEmployees\":{\"@type\":\"QuantitativeValue\",\"minValue\":\"1\",\"maxValue\":\"10\"}}]}<\/script>\n<!-- \/ Yoast SEO Premium plugin. -->","yoast_head_json":{"title":"Podgrzewacz do \u017cywno\u015bci, designerski podgrzewacz do \u017cywno\u015bci x 2 - dystrybucja ARC","robots":{"index":"index","follow":"follow","max-snippet":"max-snippet:-1","max-image-preview":"max-image-preview:large","max-video-preview":"max-video-preview:-1"},"canonical":"https:\/\/www.distribucionarc.com\/it\/producto\/calentador-de-alimentos-conservador-de-calor-de-diseno-x-2\/","og_locale":"pl_PL","og_type":"article","og_title":"Calentador de alimentos, conservador de calor de dise\u00f1o x 2","og_description":"Calentador de alimentos, conservador de calor de dise\u00f1o x 2 Los\u00a0calentadores de alimentos\u00a0de acero inoxidable alimentario\u00a0ARC de 8 litros aseguran una durabilidad a largo plazo adem\u00e1s de llamar la atenci\u00f3n gracias a su dise\u00f1o llamativo con cierre de 180\u00ba. Por lo que es ideal para buffets, \u00e1reas de desayuno, hoteles, restaurantes, recepciones, banquetes de boda y ambientes de autoservicio. Garant\u00eda\u00a0ARC\u00a02 A\u00d1OS soporte t\u00e9cnico incluido","og_url":"https:\/\/www.distribucionarc.com\/it\/producto\/calentador-de-alimentos-conservador-de-calor-de-diseno-x-2\/","og_site_name":"distribuci\u00f3n ARC","article_modified_time":"2020-09-30T11:51:48+00:00","og_image":[{"width":1600,"height":1600,"url":"https:\/\/distribucionarc.com\/wp-content\/uploads\/2020\/08\/Calentador-de-alimentos-conservador-de-calor-de-dise\u00f1o-x-2-0.jpg","type":"image\/jpeg"}],"twitter_card":"summary_large_image","twitter_misc":{"Szacowany czas czytania":"1 minuta"},"schema":{"@context":"https:\/\/schema.org","@graph":[{"@type":"WebPage","@id":"https:\/\/www.distribucionarc.com\/it\/producto\/calentador-de-alimentos-conservador-de-calor-de-diseno-x-2\/","url":"https:\/\/www.distribucionarc.com\/it\/producto\/calentador-de-alimentos-conservador-de-calor-de-diseno-x-2\/","name":"Podgrzewacz do \u017cywno\u015bci, designerski podgrzewacz do \u017cywno\u015bci x 2 - dystrybucja ARC","isPartOf":{"@id":"https:\/\/www.distribucionarc.com\/sl\/#website"},"primaryImageOfPage":{"@id":"https:\/\/www.distribucionarc.com\/it\/producto\/calentador-de-alimentos-conservador-de-calor-de-diseno-x-2\/#primaryimage"},"image":{"@id":"https:\/\/www.distribucionarc.com\/it\/producto\/calentador-de-alimentos-conservador-de-calor-de-diseno-x-2\/#primaryimage"},"thumbnailUrl":"https:\/\/distribucionarc.com\/wp-content\/uploads\/2020\/08\/Calentador-de-alimentos-conservador-de-calor-de-dise\u00f1o-x-2-0.jpg","datePublished":"2020-08-13T14:39:36+00:00","dateModified":"2020-09-30T11:51:48+00:00","breadcrumb":{"@id":"https:\/\/www.distribucionarc.com\/it\/producto\/calentador-de-alimentos-conservador-de-calor-de-diseno-x-2\/#breadcrumb"},"inLanguage":"pl-PL","potentialAction":[{"@type":"ReadAction","target":["https:\/\/www.distribucionarc.com\/it\/producto\/calentador-de-alimentos-conservador-de-calor-de-diseno-x-2\/"]}]},{"@type":"ImageObject","inLanguage":"pl-PL","@id":"https:\/\/www.distribucionarc.com\/it\/producto\/calentador-de-alimentos-conservador-de-calor-de-diseno-x-2\/#primaryimage","url":"https:\/\/distribucionarc.com\/wp-content\/uploads\/2020\/08\/Calentador-de-alimentos-conservador-de-calor-de-dise\u00f1o-x-2-0.jpg","contentUrl":"https:\/\/distribucionarc.com\/wp-content\/uploads\/2020\/08\/Calentador-de-alimentos-conservador-de-calor-de-dise\u00f1o-x-2-0.jpg","width":1600,"height":1600,"caption":"Calentador de alimentos, conservador de calor de dise\u00f1o x 2"},{"@type":"BreadcrumbList","@id":"https:\/\/www.distribucionarc.com\/it\/producto\/calentador-de-alimentos-conservador-de-calor-de-diseno-x-2\/#breadcrumb","itemListElement":[{"@type":"ListItem","position":1,"name":"Portada","item":"https:\/\/www.distribucionarc.com\/"},{"@type":"ListItem","position":2,"name":"\u00dcr\u00fcnler","item":"https:\/\/www.distribucionarc.com\/tr\/magaza\/"},{"@type":"ListItem","position":3,"name":"Calentador de alimentos, conservador de calor de dise\u00f1o x 2"}]},{"@type":"WebSite","@id":"https:\/\/www.distribucionarc.com\/sl\/#website","url":"https:\/\/www.distribucionarc.com\/sl\/","name":"Dystrybucja ARC","description":"Firma specjalizuj\u0105ca si\u0119 w produkcji i dystrybucji maszyn przemys\u0142owych, zgrzewarek do puszek, maszyn do produkcji tabletek, maszyn do ci\u0119cia mi\u0119sa...","publisher":{"@id":"https:\/\/www.distribucionarc.com\/sl\/#organization"},"potentialAction":[{"@type":"SearchAction","target":{"@type":"EntryPoint","urlTemplate":"https:\/\/www.distribucionarc.com\/sl\/?s={search_term_string}"},"query-input":{"@type":"PropertyValueSpecification","valueRequired":true,"valueName":"search_term_string"}}],"inLanguage":"pl-PL"},{"@type":"Organization","@id":"https:\/\/www.distribucionarc.com\/sl\/#organization","name":"Dystrybucja ARC","url":"https:\/\/www.distribucionarc.com\/sl\/","logo":{"@type":"ImageObject","inLanguage":"pl-PL","@id":"https:\/\/www.distribucionarc.com\/sl\/#\/schema\/logo\/image\/","url":"https:\/\/distribucionarc.com\/wp-content\/uploads\/2024\/10\/distribucion-ARC-COLOR-SIN-FONDO-e1732295305345.png","contentUrl":"https:\/\/distribucionarc.com\/wp-content\/uploads\/2024\/10\/distribucion-ARC-COLOR-SIN-FONDO-e1732295305345.png","width":1164,"height":558,"caption":"Distribuci\u00f3n ARC"},"image":{"@id":"https:\/\/www.distribucionarc.com\/sl\/#\/schema\/logo\/image\/"},"description":"Firma specjalizuj\u0105ca si\u0119 w produkcji i dystrybucji maszyn przemys\u0142owych dla sektora spo\u017cywczego i farmaceutycznego. Specjalizujemy si\u0119 w: Maszyny do krojenia mi\u0119sa Produkcja tabletek Przemys\u0142owe systemy transportowe Linie butelkuj\u0105ce Dozowniki I wiele wi\u0119cej.... Oferujemy innowacyjne i niestandardowe rozwi\u0105zania w celu optymalizacji proces\u00f3w produkcyjnych w Twojej firmie.","email":"Admistracion@distribucionarc.com","telephone":"+34 643496664","legalName":"ARC TECH SOLUTIONS","foundingDate":"2024-04-09","vatID":"B55480172","numberOfEmployees":{"@type":"QuantitativeValue","minValue":"1","maxValue":"10"}}]}},"_links":{"self":[{"href":"https:\/\/distribucionarc.com\/pl\/wp-json\/wp\/v2\/product\/2278","targetHints":{"allow":["GET"]}}],"collection":[{"href":"https:\/\/distribucionarc.com\/pl\/wp-json\/wp\/v2\/product"}],"about":[{"href":"https:\/\/distribucionarc.com\/pl\/wp-json\/wp\/v2\/types\/product"}],"replies":[{"embeddable":true,"href":"https:\/\/distribucionarc.com\/pl\/wp-json\/wp\/v2\/comments?post=2278"}],"version-history":[{"count":0,"href":"https:\/\/distribucionarc.com\/pl\/wp-json\/wp\/v2\/product\/2278\/revisions"}],"wp:featuredmedia":[{"embeddable":true,"href":"https:\/\/distribucionarc.com\/pl\/wp-json\/wp\/v2\/media\/2279"}],"wp:attachment":[{"href":"https:\/\/distribucionarc.com\/pl\/wp-json\/wp\/v2\/media?parent=2278"}],"wp:term":[{"taxonomy":"product_brand","embeddable":true,"href":"https:\/\/distribucionarc.com\/pl\/wp-json\/wp\/v2\/product_brand?post=2278"},{"taxonomy":"product_cat","embeddable":true,"href":"https:\/\/distribucionarc.com\/pl\/wp-json\/wp\/v2\/product_cat?post=2278"},{"taxonomy":"product_tag","embeddable":true,"href":"https:\/\/distribucionarc.com\/pl\/wp-json\/wp\/v2\/product_tag?post=2278"}],"curies":[{"name":"wp","href":"https:\/\/api.w.org\/{rel}","templated":true}]}}