{"id":2304,"date":"2020-08-14T10:40:14","date_gmt":"2020-08-14T10:40:14","guid":{"rendered":"https:\/\/distribucionarc.com\/?post_type=product&#038;p=2304"},"modified":"2020-09-30T11:59:21","modified_gmt":"2020-09-30T11:59:21","slug":"tacka-ociekowa-z-odplywem-i-1-kubkami-mokrymi-1-32-x-15-cm","status":"publish","type":"product","link":"https:\/\/distribucionarc.com\/pl\/producto\/bandeja-de-goteo-con-drenaje-y-1-moja-copas-1-32-x-15-cm\/","title":{"rendered":"Tacka ociekowa z odp\u0142ywem i 1 uchwytem na kubek 32 x 15 cm"},"content":{"rendered":"<h3>Tacka ociekowa z odp\u0142ywem i 1 uchwytem na kubek 32 x 15 cm<\/h3>\n<p>Cia\u0142o tego <strong>Taca barowa ARC<\/strong> Wykonany jest ze stali nierdzewnej 304 z podk\u0142adk\u0105 ABS oraz mosi\u0119\u017cnym wlotem i wylotem wody. Zapewnia ochron\u0119 przed korozj\u0105 i rdz\u0105.<\/p>\n<p>Wy\u0142adowanie wykorzystuje pe\u0142ny zaw\u00f3r ze stali nierdzewnej 304, aby zapewni\u0107 bezpiecze\u0144stwo wody. Posiada pi\u0119\u0107 otwor\u00f3w natryskowych o du\u017cej mocy, kt\u00f3re zapewniaj\u0105 wielowymiarowe i maksymalne czyszczenie.<\/p>\n<p>Szklanki mo\u017cna czy\u015bci\u0107 we wszystkich kierunkach, po prostu umieszczaj\u0105c je w <strong>zmywarka do dzbank\u00f3w paruj\u0105cych<\/strong> jedn\u0105 r\u0119k\u0105. Ten <strong>zmywarka do kubk\u00f3w <span style=\"color: #ff0000;\">DO<\/span><span style=\"color: #0000ff;\">R<\/span>CBGV100<\/strong> Ma wbudowan\u0105 konstrukcj\u0119, kt\u00f3r\u0105 mo\u017cna idealnie wkomponowa\u0107 w pasek, w zale\u017cno\u015bci od rozmiaru, aby uzyska\u0107 wi\u0119cej miejsca.<\/p>\n<h6><strong>Gwarancja\u00a0<\/strong><span style=\"color: #ff0000;\"><strong>DO<\/strong><\/span><span style=\"color: #0000ff;\"><strong>R<\/strong><\/span><strong>C 2 LATA<\/strong><\/h6>\n<h6><strong>wsparcie techniczne w cenie<\/strong><\/h6>\n<p>&nbsp;<\/p>\n<table width=\"100%\">\n<tbody>\n<tr>\n<td>Facet:<\/td>\n<td width=\"50%\">Podr\u0119cznik<\/td>\n<td colspan=\"2\" width=\"327\"><\/td>\n<\/tr>\n<tr>\n<td>Kraj dystrybucji:<\/td>\n<td width=\"50%\">Hiszpania, Niemcy, USA<\/td>\n<td>Waga:<\/td>\n<td width=\"50%\">650g<\/td>\n<\/tr>\n<tr>\n<td>Marka:<\/td>\n<td width=\"50%\">\u0141UK<\/td>\n<td>Wysoko\u015b\u0107:<\/td>\n<td width=\"50%\">3cm<\/td>\n<\/tr>\n<tr>\n<td>Kolor:<\/td>\n<td width=\"50%\">Srebrny<\/td>\n<td>D\u0142ugi:<\/td>\n<td width=\"50%\">32,8 cm<\/td>\n<\/tr>\n<tr>\n<td>Rodzaj produktu:<\/td>\n<td width=\"50%\">tacka ociekowa<\/td>\n<td>Szeroki:<\/td>\n<td width=\"50%\">15,5cm<\/td>\n<\/tr>\n<tr>\n<td>Numer producenta:<\/td>\n<td width=\"50%\">ARCBGV100<\/td>\n<td>\u015arednica \u015brodka do czyszczenia szk\u0142a:<\/td>\n<td width=\"50%\">11,5cm<\/td>\n<\/tr>\n<tr>\n<td>Tworzywo:<\/td>\n<td width=\"50%\">Stal nierdzewna klasy spo\u017cywczej 304<\/td>\n<td>Tacka ociekowa:<\/td>\n<td width=\"50%\">12&quot; x 6&quot;<\/td>\n<\/tr>\n<tr>\n<td>Narz\u0119dzie instalacyjne:<\/td>\n<td width=\"50%\">2 x rury doprowadzaj\u0105ce i odprowadzaj\u0105ce wod\u0119<\/p>\n<p>2 x adaptery do konwersji<\/td>\n<td>Zalecane ci\u015bnienie wody:<\/td>\n<td width=\"50%\">15-30PSI<\/td>\n<\/tr>\n<tr>\n<td>Gwarancja:<\/td>\n<td width=\"50%\">2 LATA<\/td>\n<td>Grubo\u015b\u0107 materia\u0142u:<\/td>\n<td width=\"50%\">0,12cm<\/td>\n<\/tr>\n<\/tbody>\n<\/table>","protected":false},"excerpt":{"rendered":"<h2>Tacka ociekowa z odp\u0142ywem i 1 uchwytem na kubek 32 x 15 cm<\/h2>\n<p>Ten<strong> zmywarka do szk\u0142a <span style=\"color: #ff0000;\">DO<\/span><span style=\"color: #0000ff;\">R<\/span>C<\/strong> P\u0142ukanka to wydajne narz\u0119dzie do czyszczenia wszelkiego rodzaju szklanek i pojemnik\u00f3w o \u015brednicy mniejszej ni\u017c 12 cm. Zapewnia ponad 80% oszcz\u0119dno\u015bci wody w por\u00f3wnaniu do konwencjonalnego mycia r\u0105k. Dzi\u0119ki 5 mocnym otworom natryskowym woda wyczy\u015bci Twoje okulary w 3 sekundy.<\/p>\n<h6><strong>Gwarancja\u00a0<\/strong><span style=\"color: #ff0000;\"><strong>DO<\/strong><\/span><span style=\"color: #0000ff;\"><strong>R<\/strong><\/span><strong>C 2 LATA<\/strong><\/h6>\n<h6><strong>wsparcie techniczne w cenie<\/strong><\/h6>","protected":false},"featured_media":2311,"comment_status":"open","ping_status":"closed","template":"","meta":{"wds_primary_product_brand":0,"wds_primary_product_cat":0},"product_brand":[],"product_cat":[64],"product_tag":[],"class_list":{"0":"post-2304","1":"product","2":"type-product","3":"status-publish","4":"has-post-thumbnail","6":"product_cat-fregaderos-mesas-de-apoyo-mesones-de-trabajo","7":"product_shipping_class-hosteleria","9":"first","10":"instock","11":"sale","12":"taxable","13":"shipping-taxable","14":"purchasable","15":"product-type-simple"},"yoast_head":"<!-- This site is optimized with the Yoast SEO Premium plugin v24.9 (Yoast SEO v26.1) - https:\/\/yoast.com\/wordpress\/plugins\/seo\/ -->\n<title>Bandeja de goteo con drenaje y 1 moja copas 32 x 15 cm - distribuci\u00f3n ARC<\/title>\n<meta name=\"robots\" content=\"index, follow, max-snippet:-1, max-image-preview:large, max-video-preview:-1\" \/>\n<link rel=\"canonical\" href=\"https:\/\/distribucionarc.com\/pl\/produkty\/tacka-ociekowa-z-odplywem-i-1-kubkami-mokrymi-1-32-x-15-cm\/\" \/>\n<meta property=\"og:locale\" content=\"pl_PL\" \/>\n<meta property=\"og:type\" content=\"article\" \/>\n<meta property=\"og:title\" content=\"Bandeja de goteo con drenaje y 1 moja copas 32 x 15 cm\" \/>\n<meta property=\"og:description\" content=\"Bandeja de goteo con drenaje y\u00a0 1 moja copas \u00a032 x 15 cm Esta lavadora de vidrio ARC para enjuague es una herramienta eficiente para la limpieza de todo tipo de vasos y recipientes con un di\u00e1metro inferior a 12 cm. Ofrece m\u00e1s del 80% de ahorro de agua en comparaci\u00f3n con el lavado de manos convencional. Con 5 potentes orificios de pulverizaci\u00f3n de agua, sus vasos se limpian en 3 segundos. Garant\u00eda\u00a0ARC 2 A\u00d1OS soporte t\u00e9cnico\u00a0incluido\" \/>\n<meta property=\"og:url\" content=\"https:\/\/distribucionarc.com\/pl\/produkty\/tacka-ociekowa-z-odplywem-i-1-kubkami-mokrymi-1-32-x-15-cm\/\" \/>\n<meta property=\"og:site_name\" content=\"distribuci\u00f3n ARC\" \/>\n<meta property=\"article:modified_time\" content=\"2020-09-30T11:59:21+00:00\" \/>\n<meta property=\"og:image\" content=\"https:\/\/distribucionarc.com\/wp-content\/uploads\/2020\/08\/Bandeja-de-goteo-con-drenaje-y-1-moja-copas-1-32-x-15-cm-0.jpg\" \/>\n\t<meta property=\"og:image:width\" content=\"1600\" \/>\n\t<meta property=\"og:image:height\" content=\"1600\" \/>\n\t<meta property=\"og:image:type\" content=\"image\/jpeg\" \/>\n<meta name=\"twitter:card\" content=\"summary_large_image\" \/>\n<meta name=\"twitter:label1\" content=\"Szacowany czas czytania\" \/>\n\t<meta name=\"twitter:data1\" content=\"1 minuta\" \/>\n<script type=\"application\/ld+json\" class=\"yoast-schema-graph\">{\"@context\":\"https:\/\/schema.org\",\"@graph\":[{\"@type\":\"WebPage\",\"@id\":\"https:\/\/distribucionarc.com\/bg\/producto\/bandeja-de-goteo-con-drenaje-y-1-moja-copas-1-32-x-15-cm\/\",\"url\":\"https:\/\/distribucionarc.com\/bg\/producto\/bandeja-de-goteo-con-drenaje-y-1-moja-copas-1-32-x-15-cm\/\",\"name\":\"Bandeja de goteo con drenaje y 1 moja copas 32 x 15 cm - distribuci\u00f3n ARC\",\"isPartOf\":{\"@id\":\"https:\/\/www.distribucionarc.com\/sl\/#website\"},\"primaryImageOfPage\":{\"@id\":\"https:\/\/distribucionarc.com\/bg\/producto\/bandeja-de-goteo-con-drenaje-y-1-moja-copas-1-32-x-15-cm\/#primaryimage\"},\"image\":{\"@id\":\"https:\/\/distribucionarc.com\/bg\/producto\/bandeja-de-goteo-con-drenaje-y-1-moja-copas-1-32-x-15-cm\/#primaryimage\"},\"thumbnailUrl\":\"https:\/\/distribucionarc.com\/wp-content\/uploads\/2020\/08\/Bandeja-de-goteo-con-drenaje-y-1-moja-copas-1-32-x-15-cm-0.jpg\",\"datePublished\":\"2020-08-14T10:40:14+00:00\",\"dateModified\":\"2020-09-30T11:59:21+00:00\",\"breadcrumb\":{\"@id\":\"https:\/\/distribucionarc.com\/bg\/producto\/bandeja-de-goteo-con-drenaje-y-1-moja-copas-1-32-x-15-cm\/#breadcrumb\"},\"inLanguage\":\"pl-PL\",\"potentialAction\":[{\"@type\":\"ReadAction\",\"target\":[\"https:\/\/distribucionarc.com\/bg\/producto\/bandeja-de-goteo-con-drenaje-y-1-moja-copas-1-32-x-15-cm\/\"]}]},{\"@type\":\"ImageObject\",\"inLanguage\":\"pl-PL\",\"@id\":\"https:\/\/distribucionarc.com\/bg\/producto\/bandeja-de-goteo-con-drenaje-y-1-moja-copas-1-32-x-15-cm\/#primaryimage\",\"url\":\"https:\/\/distribucionarc.com\/wp-content\/uploads\/2020\/08\/Bandeja-de-goteo-con-drenaje-y-1-moja-copas-1-32-x-15-cm-0.jpg\",\"contentUrl\":\"https:\/\/distribucionarc.com\/wp-content\/uploads\/2020\/08\/Bandeja-de-goteo-con-drenaje-y-1-moja-copas-1-32-x-15-cm-0.jpg\",\"width\":1600,\"height\":1600,\"caption\":\"Bandeja de goteo con drenaje y 1 moja copas 1 32 x 15 cm\"},{\"@type\":\"BreadcrumbList\",\"@id\":\"https:\/\/distribucionarc.com\/bg\/producto\/bandeja-de-goteo-con-drenaje-y-1-moja-copas-1-32-x-15-cm\/#breadcrumb\",\"itemListElement\":[{\"@type\":\"ListItem\",\"position\":1,\"name\":\"Portada\",\"item\":\"https:\/\/www.distribucionarc.com\/\"},{\"@type\":\"ListItem\",\"position\":2,\"name\":\"\u00dcr\u00fcnler\",\"item\":\"https:\/\/www.distribucionarc.com\/tr\/magaza\/\"},{\"@type\":\"ListItem\",\"position\":3,\"name\":\"Bandeja de goteo con drenaje y 1 moja copas 32 x 15 cm\"}]},{\"@type\":\"WebSite\",\"@id\":\"https:\/\/www.distribucionarc.com\/sl\/#website\",\"url\":\"https:\/\/www.distribucionarc.com\/sl\/\",\"name\":\"distribuci\u00f3n ARC\",\"description\":\"Empresa especializada en la fabricaci\u00f3n y distribuci\u00f3n de maquinaria industrial, selladoras de latas, Maquinas de hacer pastillas, Maquinas de cortar carne...\",\"publisher\":{\"@id\":\"https:\/\/www.distribucionarc.com\/sl\/#organization\"},\"potentialAction\":[{\"@type\":\"SearchAction\",\"target\":{\"@type\":\"EntryPoint\",\"urlTemplate\":\"https:\/\/www.distribucionarc.com\/sl\/?s={search_term_string}\"},\"query-input\":{\"@type\":\"PropertyValueSpecification\",\"valueRequired\":true,\"valueName\":\"search_term_string\"}}],\"inLanguage\":\"pl-PL\"},{\"@type\":\"Organization\",\"@id\":\"https:\/\/www.distribucionarc.com\/sl\/#organization\",\"name\":\"Distribuci\u00f3n ARC\",\"url\":\"https:\/\/www.distribucionarc.com\/sl\/\",\"logo\":{\"@type\":\"ImageObject\",\"inLanguage\":\"pl-PL\",\"@id\":\"https:\/\/www.distribucionarc.com\/sl\/#\/schema\/logo\/image\/\",\"url\":\"https:\/\/distribucionarc.com\/wp-content\/uploads\/2024\/10\/distribucion-ARC-COLOR-SIN-FONDO-e1732295305345.png\",\"contentUrl\":\"https:\/\/distribucionarc.com\/wp-content\/uploads\/2024\/10\/distribucion-ARC-COLOR-SIN-FONDO-e1732295305345.png\",\"width\":1164,\"height\":558,\"caption\":\"Distribuci\u00f3n ARC\"},\"image\":{\"@id\":\"https:\/\/www.distribucionarc.com\/sl\/#\/schema\/logo\/image\/\"},\"description\":\"Empresa especializada en la fabricaci\u00f3n y distribuci\u00f3n de maquinaria industrial para los sectores alimentario y farmac\u00e9utico. Nos especializamos en: M\u00e1quinas de cortar carne Fabricaci\u00f3n de comprimidos Sistemas de transporte industrial L\u00edneas de embotellado Dosificadores Y mucho m\u00e1s... Ofrecemos soluciones innovadoras y personalizadas para optimizar los procesos productivos de tu empresa.\",\"email\":\"Admistracion@distribucionarc.com\",\"telephone\":\"+34 643496664\",\"legalName\":\"ARC TECH SOLUTIONS\",\"foundingDate\":\"2024-04-09\",\"vatID\":\"B55480172\",\"numberOfEmployees\":{\"@type\":\"QuantitativeValue\",\"minValue\":\"1\",\"maxValue\":\"10\"}}]}<\/script>\n<!-- \/ Yoast SEO Premium plugin. -->","yoast_head_json":{"title":"Tacka ociekowa z odp\u0142ywem i 1 szklanym zraszaczem 32 x 15 cm - dystrybucja ARC","robots":{"index":"index","follow":"follow","max-snippet":"max-snippet:-1","max-image-preview":"max-image-preview:large","max-video-preview":"max-video-preview:-1"},"canonical":"https:\/\/distribucionarc.com\/pl\/produkty\/tacka-ociekowa-z-odplywem-i-1-kubkami-mokrymi-1-32-x-15-cm\/","og_locale":"pl_PL","og_type":"article","og_title":"Bandeja de goteo con drenaje y 1 moja copas 32 x 15 cm","og_description":"Bandeja de goteo con drenaje y\u00a0 1 moja copas \u00a032 x 15 cm Esta lavadora de vidrio ARC para enjuague es una herramienta eficiente para la limpieza de todo tipo de vasos y recipientes con un di\u00e1metro inferior a 12 cm. Ofrece m\u00e1s del 80% de ahorro de agua en comparaci\u00f3n con el lavado de manos convencional. Con 5 potentes orificios de pulverizaci\u00f3n de agua, sus vasos se limpian en 3 segundos. Garant\u00eda\u00a0ARC 2 A\u00d1OS soporte t\u00e9cnico\u00a0incluido","og_url":"https:\/\/distribucionarc.com\/pl\/produkty\/tacka-ociekowa-z-odplywem-i-1-kubkami-mokrymi-1-32-x-15-cm\/","og_site_name":"distribuci\u00f3n ARC","article_modified_time":"2020-09-30T11:59:21+00:00","og_image":[{"width":1600,"height":1600,"url":"https:\/\/distribucionarc.com\/wp-content\/uploads\/2020\/08\/Bandeja-de-goteo-con-drenaje-y-1-moja-copas-1-32-x-15-cm-0.jpg","type":"image\/jpeg"}],"twitter_card":"summary_large_image","twitter_misc":{"Szacowany czas czytania":"1 minuta"},"schema":{"@context":"https:\/\/schema.org","@graph":[{"@type":"WebPage","@id":"https:\/\/distribucionarc.com\/bg\/producto\/bandeja-de-goteo-con-drenaje-y-1-moja-copas-1-32-x-15-cm\/","url":"https:\/\/distribucionarc.com\/bg\/producto\/bandeja-de-goteo-con-drenaje-y-1-moja-copas-1-32-x-15-cm\/","name":"Tacka ociekowa z odp\u0142ywem i 1 szklanym zraszaczem 32 x 15 cm - dystrybucja ARC","isPartOf":{"@id":"https:\/\/www.distribucionarc.com\/sl\/#website"},"primaryImageOfPage":{"@id":"https:\/\/distribucionarc.com\/bg\/producto\/bandeja-de-goteo-con-drenaje-y-1-moja-copas-1-32-x-15-cm\/#primaryimage"},"image":{"@id":"https:\/\/distribucionarc.com\/bg\/producto\/bandeja-de-goteo-con-drenaje-y-1-moja-copas-1-32-x-15-cm\/#primaryimage"},"thumbnailUrl":"https:\/\/distribucionarc.com\/wp-content\/uploads\/2020\/08\/Bandeja-de-goteo-con-drenaje-y-1-moja-copas-1-32-x-15-cm-0.jpg","datePublished":"2020-08-14T10:40:14+00:00","dateModified":"2020-09-30T11:59:21+00:00","breadcrumb":{"@id":"https:\/\/distribucionarc.com\/bg\/producto\/bandeja-de-goteo-con-drenaje-y-1-moja-copas-1-32-x-15-cm\/#breadcrumb"},"inLanguage":"pl-PL","potentialAction":[{"@type":"ReadAction","target":["https:\/\/distribucionarc.com\/bg\/producto\/bandeja-de-goteo-con-drenaje-y-1-moja-copas-1-32-x-15-cm\/"]}]},{"@type":"ImageObject","inLanguage":"pl-PL","@id":"https:\/\/distribucionarc.com\/bg\/producto\/bandeja-de-goteo-con-drenaje-y-1-moja-copas-1-32-x-15-cm\/#primaryimage","url":"https:\/\/distribucionarc.com\/wp-content\/uploads\/2020\/08\/Bandeja-de-goteo-con-drenaje-y-1-moja-copas-1-32-x-15-cm-0.jpg","contentUrl":"https:\/\/distribucionarc.com\/wp-content\/uploads\/2020\/08\/Bandeja-de-goteo-con-drenaje-y-1-moja-copas-1-32-x-15-cm-0.jpg","width":1600,"height":1600,"caption":"Bandeja de goteo con drenaje y 1 moja copas 1 32 x 15 cm"},{"@type":"BreadcrumbList","@id":"https:\/\/distribucionarc.com\/bg\/producto\/bandeja-de-goteo-con-drenaje-y-1-moja-copas-1-32-x-15-cm\/#breadcrumb","itemListElement":[{"@type":"ListItem","position":1,"name":"Portada","item":"https:\/\/www.distribucionarc.com\/"},{"@type":"ListItem","position":2,"name":"\u00dcr\u00fcnler","item":"https:\/\/www.distribucionarc.com\/tr\/magaza\/"},{"@type":"ListItem","position":3,"name":"Bandeja de goteo con drenaje y 1 moja copas 32 x 15 cm"}]},{"@type":"WebSite","@id":"https:\/\/www.distribucionarc.com\/sl\/#website","url":"https:\/\/www.distribucionarc.com\/sl\/","name":"Dystrybucja ARC","description":"Firma specjalizuj\u0105ca si\u0119 w produkcji i dystrybucji maszyn przemys\u0142owych, zgrzewarek do puszek, maszyn do produkcji tabletek, maszyn do ci\u0119cia mi\u0119sa...","publisher":{"@id":"https:\/\/www.distribucionarc.com\/sl\/#organization"},"potentialAction":[{"@type":"SearchAction","target":{"@type":"EntryPoint","urlTemplate":"https:\/\/www.distribucionarc.com\/sl\/?s={search_term_string}"},"query-input":{"@type":"PropertyValueSpecification","valueRequired":true,"valueName":"search_term_string"}}],"inLanguage":"pl-PL"},{"@type":"Organization","@id":"https:\/\/www.distribucionarc.com\/sl\/#organization","name":"Dystrybucja ARC","url":"https:\/\/www.distribucionarc.com\/sl\/","logo":{"@type":"ImageObject","inLanguage":"pl-PL","@id":"https:\/\/www.distribucionarc.com\/sl\/#\/schema\/logo\/image\/","url":"https:\/\/distribucionarc.com\/wp-content\/uploads\/2024\/10\/distribucion-ARC-COLOR-SIN-FONDO-e1732295305345.png","contentUrl":"https:\/\/distribucionarc.com\/wp-content\/uploads\/2024\/10\/distribucion-ARC-COLOR-SIN-FONDO-e1732295305345.png","width":1164,"height":558,"caption":"Distribuci\u00f3n ARC"},"image":{"@id":"https:\/\/www.distribucionarc.com\/sl\/#\/schema\/logo\/image\/"},"description":"Firma specjalizuj\u0105ca si\u0119 w produkcji i dystrybucji maszyn przemys\u0142owych dla sektora spo\u017cywczego i farmaceutycznego. Specjalizujemy si\u0119 w: Maszyny do krojenia mi\u0119sa Produkcja tabletek Przemys\u0142owe systemy transportowe Linie butelkuj\u0105ce Dozowniki I wiele wi\u0119cej.... Oferujemy innowacyjne i niestandardowe rozwi\u0105zania w celu optymalizacji proces\u00f3w produkcyjnych w Twojej firmie.","email":"Admistracion@distribucionarc.com","telephone":"+34 643496664","legalName":"ARC TECH SOLUTIONS","foundingDate":"2024-04-09","vatID":"B55480172","numberOfEmployees":{"@type":"QuantitativeValue","minValue":"1","maxValue":"10"}}]}},"_links":{"self":[{"href":"https:\/\/distribucionarc.com\/pl\/wp-json\/wp\/v2\/product\/2304","targetHints":{"allow":["GET"]}}],"collection":[{"href":"https:\/\/distribucionarc.com\/pl\/wp-json\/wp\/v2\/product"}],"about":[{"href":"https:\/\/distribucionarc.com\/pl\/wp-json\/wp\/v2\/types\/product"}],"replies":[{"embeddable":true,"href":"https:\/\/distribucionarc.com\/pl\/wp-json\/wp\/v2\/comments?post=2304"}],"version-history":[{"count":0,"href":"https:\/\/distribucionarc.com\/pl\/wp-json\/wp\/v2\/product\/2304\/revisions"}],"wp:featuredmedia":[{"embeddable":true,"href":"https:\/\/distribucionarc.com\/pl\/wp-json\/wp\/v2\/media\/2311"}],"wp:attachment":[{"href":"https:\/\/distribucionarc.com\/pl\/wp-json\/wp\/v2\/media?parent=2304"}],"wp:term":[{"taxonomy":"product_brand","embeddable":true,"href":"https:\/\/distribucionarc.com\/pl\/wp-json\/wp\/v2\/product_brand?post=2304"},{"taxonomy":"product_cat","embeddable":true,"href":"https:\/\/distribucionarc.com\/pl\/wp-json\/wp\/v2\/product_cat?post=2304"},{"taxonomy":"product_tag","embeddable":true,"href":"https:\/\/distribucionarc.com\/pl\/wp-json\/wp\/v2\/product_tag?post=2304"}],"curies":[{"name":"wp","href":"https:\/\/api.w.org\/{rel}","templated":true}]}}