{"id":2377,"date":"2020-08-17T11:24:54","date_gmt":"2020-08-17T11:24:54","guid":{"rendered":"https:\/\/distribucionarc.com\/?post_type=product&#038;p=2377"},"modified":"2023-01-12T07:14:03","modified_gmt":"2023-01-12T07:14:03","slug":"wyciskacz-do-trzciny-cukrowej","status":"publish","type":"product","link":"https:\/\/distribucionarc.com\/pl\/producto\/exprimidor-de-cana-de-azucar\/","title":{"rendered":"wyciskarka do trzciny cukrowej"},"content":{"rendered":"<h3>wyciskarka do trzciny cukrowej<\/h3>\n<p>Podstawa <strong>ekstraktor trzciny cukrowej<span style=\"color: #ff0000;\"> DO<\/span><span style=\"color: #0000ff;\">R<\/span>C<\/strong> Wykonany jest z \u017celiwa. Urz\u0105dzenie wyr\u00f3\u017cnia si\u0119 atrakcyjnym designem, jest \u0142atwe w obs\u0142udze i pozwala maksymalnie wykorzysta\u0107 si\u0142\u0119 potrzebn\u0105 do wyci\u015bni\u0119cia soku. Urz\u0105dzenie ekstrakcyjne nadaje si\u0119 do stosowania w sklepach miejskich i wiejskich, gospodarstwach rolnych i innych samodzielnych lub ma\u0142ych zak\u0142adach gastronomicznych.<\/p>\n<p>Wszystkie cz\u0119\u015bci <strong>zgniatarka <span style=\"color: #ff0000;\">DO<\/span><span style=\"color: #0000ff;\">R<\/span>CEMC1<\/strong> Wykonane s\u0105 z nierdzewnej stali 304 dopuszczonej do kontaktu z \u017cywno\u015bci\u0105, aby spe\u0142nia\u0107 wszelkie normy, a ich kierownica u\u0142atwia naciskanie.<\/p>\n<p>Dzi\u0119ki jego \u015bwietnej wydajno\u015bci<strong> Mo\u017ce przetworzy\u0107 do 50 kg na godzin\u0119.<\/strong>. Posiada regulowany kran umo\u017cliwiaj\u0105cy kontrol\u0119 przep\u0142ywu soku.<\/p>\n<h6><strong>Gwarancja\u00a0<\/strong><span style=\"color: #ff0000;\"><strong>DO<\/strong><\/span><span style=\"color: #0000ff;\"><strong>R<\/strong><\/span><strong>C 2 LATA<\/strong><\/h6>\n<h6><strong>wsparcie techniczne w cenie<\/strong><\/h6>\n<p>&nbsp;<\/p>\n<table width=\"100%\">\n<tbody>\n<tr>\n<td>Facet:<\/td>\n<td width=\"50%\">Podr\u0119cznik<\/td>\n<td colspan=\"2\" width=\"327\"><\/td>\n<\/tr>\n<tr>\n<td>Kraj dystrybucji:<\/td>\n<td width=\"50%\">Hiszpania, Niemcy, USA<\/td>\n<td>Waga:<\/td>\n<td width=\"50%\">30 kg<\/td>\n<\/tr>\n<tr>\n<td>Marka:<\/td>\n<td width=\"50%\">\u0141UK<\/td>\n<td>Wysoko\u015b\u0107:<\/td>\n<td width=\"50%\">32cm<\/td>\n<\/tr>\n<tr>\n<td>Kolor:<\/td>\n<td width=\"50%\">Srebrny<\/td>\n<td>D\u0142ugi:<\/td>\n<td width=\"50%\">\u00a042cm<\/td>\n<\/tr>\n<tr>\n<td>Rodzaj produktu:<\/td>\n<td width=\"50%\">wyciskarka do trzciny cukrowej<\/td>\n<td>Szeroki:<\/td>\n<td width=\"50%\">35cm<\/td>\n<\/tr>\n<tr>\n<td>Numer producenta:<\/td>\n<td width=\"50%\">ARCEMC1<\/td>\n<td>Typ ekstrakcji:<\/td>\n<td width=\"50%\">r\u0119ka<\/td>\n<\/tr>\n<tr>\n<td>Tworzywo:<\/td>\n<td width=\"50%\">\u00a0stal nierdzewna spo\u017cywcza 304<\/td>\n<td>Regulacja pr\u0119ta:<\/td>\n<td width=\"50%\">\u015arednica 2,60 cm<\/td>\n<\/tr>\n<tr>\n<td>Gwarancja:<\/td>\n<td width=\"50%\">2 LATA<\/td>\n<td>Szybko\u015b\u0107 wyciskania soku:<\/td>\n<td width=\"50%\">(60-80)\/100<\/td>\n<\/tr>\n<tr>\n<td>Narz\u0119dzia instalacyjne:<\/td>\n<td width=\"50%\">Tak<\/td>\n<td>Wyj\u015bcie:<\/td>\n<td width=\"50%\">50 kg\/godz.<\/td>\n<\/tr>\n<\/tbody>\n<\/table>","protected":false},"excerpt":{"rendered":"<h2>wyciskarka do trzciny cukrowej<\/h2>\n<p>Ten <strong>ekstraktor trzciny cukrowej <span style=\"color: #ff0000;\">DO<\/span><span style=\"color: #0000ff;\">R<\/span>C<\/strong> U\u017cywa si\u0119 go do wyciskania soku z trzciny cukrowej, a tak\u017ce imbiru, jab\u0142ek, batonik\u00f3w sorgo, \u0142odyg kukurydzy itp. Wprowadza najnowsz\u0105 technologi\u0119 w celu uzyskania maksymalnej ilo\u015bci soku. Obudowa i rolki wewn\u0119trzne s\u0105 wykonane ze stali nierdzewnej 304 ze wzgl\u0119du na wymagania dotycz\u0105ce ci\u015bnienia.<\/p>\n<h6><strong>Gwarancja\u00a0<\/strong><span style=\"color: #ff0000;\"><strong>DO<\/strong><\/span><span style=\"color: #0000ff;\"><strong>R<\/strong><\/span><strong>C 2 LATA<\/strong><\/h6>\n<h6><strong>wsparcie techniczne w cenie<\/strong><\/h6>","protected":false},"featured_media":2383,"comment_status":"open","ping_status":"closed","template":"","meta":{"wds_primary_product_brand":0,"wds_primary_product_cat":0},"product_brand":[],"product_cat":[65,67],"product_tag":[],"class_list":{"0":"post-2377","1":"product","2":"type-product","3":"status-publish","4":"has-post-thumbnail","6":"product_cat-maquinaria-industrial-para-procesar-fruta-verdura-panales","7":"product_cat-prensas-de-frutas-trituradoras","8":"product_shipping_class-hosteleria","10":"first","11":"instock","12":"taxable","13":"shipping-taxable","14":"purchasable","15":"product-type-simple"},"yoast_head":"<!-- This site is optimized with the Yoast SEO Premium plugin v24.9 (Yoast SEO v26.1) - https:\/\/yoast.com\/wordpress\/plugins\/seo\/ -->\n<title>Exprimidor de ca\u00f1a de az\u00facar - distribuci\u00f3n ARC<\/title>\n<meta name=\"robots\" content=\"index, follow, max-snippet:-1, max-image-preview:large, max-video-preview:-1\" \/>\n<link rel=\"canonical\" href=\"https:\/\/www.distribucionarc.com\/producto\/exprimidor-de-cana-de-azucar\/\" \/>\n<meta property=\"og:locale\" content=\"pl_PL\" \/>\n<meta property=\"og:type\" content=\"article\" \/>\n<meta property=\"og:title\" content=\"Exprimidor de ca\u00f1a de az\u00facar\" \/>\n<meta property=\"og:description\" content=\"Exprimidor de ca\u00f1a de az\u00facar Este extractor de ca\u00f1a de az\u00facar ARC se usa para exprimir ca\u00f1a de az\u00facar, as\u00ed como el jengibre, las manzanas, la barra de sorgo, el tallo de ma\u00edz, etc. Introduce la \u00faltima tecnolog\u00eda para obtener la m\u00e1xima cantidad de zumo. La carcasa y los rodillos interiores est\u00e1n dise\u00f1ados para ser de acero inoxidable 304 debido a los requisitos de presi\u00f3n. Garant\u00eda\u00a0ARC 2 A\u00d1OS soporte t\u00e9cnico\u00a0incluido\" \/>\n<meta property=\"og:url\" content=\"https:\/\/www.distribucionarc.com\/producto\/exprimidor-de-cana-de-azucar\/\" \/>\n<meta property=\"og:site_name\" content=\"distribuci\u00f3n ARC\" \/>\n<meta property=\"article:modified_time\" content=\"2023-01-12T07:14:03+00:00\" \/>\n<meta property=\"og:image\" content=\"https:\/\/distribucionarc.com\/wp-content\/uploads\/2020\/08\/Exprimidor-de-ca\u00f1a-de-az\u00facar-0.jpg\" \/>\n\t<meta property=\"og:image:width\" content=\"1600\" \/>\n\t<meta property=\"og:image:height\" content=\"1600\" \/>\n\t<meta property=\"og:image:type\" content=\"image\/jpeg\" \/>\n<meta name=\"twitter:card\" content=\"summary_large_image\" \/>\n<meta name=\"twitter:label1\" content=\"Szacowany czas czytania\" \/>\n\t<meta name=\"twitter:data1\" content=\"1 minuta\" \/>\n<script type=\"application\/ld+json\" class=\"yoast-schema-graph\">{\"@context\":\"https:\/\/schema.org\",\"@graph\":[{\"@type\":\"WebPage\",\"@id\":\"https:\/\/www.distribucionarc.com\/producto\/exprimidor-de-cana-de-azucar\/\",\"url\":\"https:\/\/www.distribucionarc.com\/producto\/exprimidor-de-cana-de-azucar\/\",\"name\":\"Exprimidor de ca\u00f1a de az\u00facar - distribuci\u00f3n ARC\",\"isPartOf\":{\"@id\":\"https:\/\/www.distribucionarc.com\/sl\/#website\"},\"primaryImageOfPage\":{\"@id\":\"https:\/\/www.distribucionarc.com\/producto\/exprimidor-de-cana-de-azucar\/#primaryimage\"},\"image\":{\"@id\":\"https:\/\/www.distribucionarc.com\/producto\/exprimidor-de-cana-de-azucar\/#primaryimage\"},\"thumbnailUrl\":\"https:\/\/distribucionarc.com\/wp-content\/uploads\/2020\/08\/Exprimidor-de-ca\u00f1a-de-az\u00facar-0.jpg\",\"datePublished\":\"2020-08-17T11:24:54+00:00\",\"dateModified\":\"2023-01-12T07:14:03+00:00\",\"breadcrumb\":{\"@id\":\"https:\/\/www.distribucionarc.com\/producto\/exprimidor-de-cana-de-azucar\/#breadcrumb\"},\"inLanguage\":\"pl-PL\",\"potentialAction\":[{\"@type\":\"ReadAction\",\"target\":[\"https:\/\/www.distribucionarc.com\/producto\/exprimidor-de-cana-de-azucar\/\"]}]},{\"@type\":\"ImageObject\",\"inLanguage\":\"pl-PL\",\"@id\":\"https:\/\/www.distribucionarc.com\/producto\/exprimidor-de-cana-de-azucar\/#primaryimage\",\"url\":\"https:\/\/distribucionarc.com\/wp-content\/uploads\/2020\/08\/Exprimidor-de-ca\u00f1a-de-az\u00facar-0.jpg\",\"contentUrl\":\"https:\/\/distribucionarc.com\/wp-content\/uploads\/2020\/08\/Exprimidor-de-ca\u00f1a-de-az\u00facar-0.jpg\",\"width\":1600,\"height\":1600,\"caption\":\"Exprimidor de ca\u00f1a de az\u00facar\"},{\"@type\":\"BreadcrumbList\",\"@id\":\"https:\/\/www.distribucionarc.com\/producto\/exprimidor-de-cana-de-azucar\/#breadcrumb\",\"itemListElement\":[{\"@type\":\"ListItem\",\"position\":1,\"name\":\"Portada\",\"item\":\"https:\/\/www.distribucionarc.com\/\"},{\"@type\":\"ListItem\",\"position\":2,\"name\":\"\u00dcr\u00fcnler\",\"item\":\"https:\/\/www.distribucionarc.com\/tr\/magaza\/\"},{\"@type\":\"ListItem\",\"position\":3,\"name\":\"Exprimidor de ca\u00f1a de az\u00facar\"}]},{\"@type\":\"WebSite\",\"@id\":\"https:\/\/www.distribucionarc.com\/sl\/#website\",\"url\":\"https:\/\/www.distribucionarc.com\/sl\/\",\"name\":\"distribuci\u00f3n ARC\",\"description\":\"Empresa especializada en la fabricaci\u00f3n y distribuci\u00f3n de maquinaria industrial, selladoras de latas, Maquinas de hacer pastillas, Maquinas de cortar carne...\",\"publisher\":{\"@id\":\"https:\/\/www.distribucionarc.com\/sl\/#organization\"},\"potentialAction\":[{\"@type\":\"SearchAction\",\"target\":{\"@type\":\"EntryPoint\",\"urlTemplate\":\"https:\/\/www.distribucionarc.com\/sl\/?s={search_term_string}\"},\"query-input\":{\"@type\":\"PropertyValueSpecification\",\"valueRequired\":true,\"valueName\":\"search_term_string\"}}],\"inLanguage\":\"pl-PL\"},{\"@type\":\"Organization\",\"@id\":\"https:\/\/www.distribucionarc.com\/sl\/#organization\",\"name\":\"Distribuci\u00f3n ARC\",\"url\":\"https:\/\/www.distribucionarc.com\/sl\/\",\"logo\":{\"@type\":\"ImageObject\",\"inLanguage\":\"pl-PL\",\"@id\":\"https:\/\/www.distribucionarc.com\/sl\/#\/schema\/logo\/image\/\",\"url\":\"https:\/\/distribucionarc.com\/wp-content\/uploads\/2024\/10\/distribucion-ARC-COLOR-SIN-FONDO-e1732295305345.png\",\"contentUrl\":\"https:\/\/distribucionarc.com\/wp-content\/uploads\/2024\/10\/distribucion-ARC-COLOR-SIN-FONDO-e1732295305345.png\",\"width\":1164,\"height\":558,\"caption\":\"Distribuci\u00f3n ARC\"},\"image\":{\"@id\":\"https:\/\/www.distribucionarc.com\/sl\/#\/schema\/logo\/image\/\"},\"description\":\"Empresa especializada en la fabricaci\u00f3n y distribuci\u00f3n de maquinaria industrial para los sectores alimentario y farmac\u00e9utico. Nos especializamos en: M\u00e1quinas de cortar carne Fabricaci\u00f3n de comprimidos Sistemas de transporte industrial L\u00edneas de embotellado Dosificadores Y mucho m\u00e1s... Ofrecemos soluciones innovadoras y personalizadas para optimizar los procesos productivos de tu empresa.\",\"email\":\"Admistracion@distribucionarc.com\",\"telephone\":\"+34 643496664\",\"legalName\":\"ARC TECH SOLUTIONS\",\"foundingDate\":\"2024-04-09\",\"vatID\":\"B55480172\",\"numberOfEmployees\":{\"@type\":\"QuantitativeValue\",\"minValue\":\"1\",\"maxValue\":\"10\"}}]}<\/script>\n<!-- \/ Yoast SEO Premium plugin. -->","yoast_head_json":{"title":"Wyciskarka do trzciny cukrowej - dystrybucja ARC","robots":{"index":"index","follow":"follow","max-snippet":"max-snippet:-1","max-image-preview":"max-image-preview:large","max-video-preview":"max-video-preview:-1"},"canonical":"https:\/\/www.distribucionarc.com\/producto\/exprimidor-de-cana-de-azucar\/","og_locale":"pl_PL","og_type":"article","og_title":"Exprimidor de ca\u00f1a de az\u00facar","og_description":"Exprimidor de ca\u00f1a de az\u00facar Este extractor de ca\u00f1a de az\u00facar ARC se usa para exprimir ca\u00f1a de az\u00facar, as\u00ed como el jengibre, las manzanas, la barra de sorgo, el tallo de ma\u00edz, etc. Introduce la \u00faltima tecnolog\u00eda para obtener la m\u00e1xima cantidad de zumo. La carcasa y los rodillos interiores est\u00e1n dise\u00f1ados para ser de acero inoxidable 304 debido a los requisitos de presi\u00f3n. Garant\u00eda\u00a0ARC 2 A\u00d1OS soporte t\u00e9cnico\u00a0incluido","og_url":"https:\/\/www.distribucionarc.com\/producto\/exprimidor-de-cana-de-azucar\/","og_site_name":"distribuci\u00f3n ARC","article_modified_time":"2023-01-12T07:14:03+00:00","og_image":[{"width":1600,"height":1600,"url":"https:\/\/distribucionarc.com\/wp-content\/uploads\/2020\/08\/Exprimidor-de-ca\u00f1a-de-az\u00facar-0.jpg","type":"image\/jpeg"}],"twitter_card":"summary_large_image","twitter_misc":{"Szacowany czas czytania":"1 minuta"},"schema":{"@context":"https:\/\/schema.org","@graph":[{"@type":"WebPage","@id":"https:\/\/www.distribucionarc.com\/producto\/exprimidor-de-cana-de-azucar\/","url":"https:\/\/www.distribucionarc.com\/producto\/exprimidor-de-cana-de-azucar\/","name":"Wyciskarka do trzciny cukrowej - dystrybucja ARC","isPartOf":{"@id":"https:\/\/www.distribucionarc.com\/sl\/#website"},"primaryImageOfPage":{"@id":"https:\/\/www.distribucionarc.com\/producto\/exprimidor-de-cana-de-azucar\/#primaryimage"},"image":{"@id":"https:\/\/www.distribucionarc.com\/producto\/exprimidor-de-cana-de-azucar\/#primaryimage"},"thumbnailUrl":"https:\/\/distribucionarc.com\/wp-content\/uploads\/2020\/08\/Exprimidor-de-ca\u00f1a-de-az\u00facar-0.jpg","datePublished":"2020-08-17T11:24:54+00:00","dateModified":"2023-01-12T07:14:03+00:00","breadcrumb":{"@id":"https:\/\/www.distribucionarc.com\/producto\/exprimidor-de-cana-de-azucar\/#breadcrumb"},"inLanguage":"pl-PL","potentialAction":[{"@type":"ReadAction","target":["https:\/\/www.distribucionarc.com\/producto\/exprimidor-de-cana-de-azucar\/"]}]},{"@type":"ImageObject","inLanguage":"pl-PL","@id":"https:\/\/www.distribucionarc.com\/producto\/exprimidor-de-cana-de-azucar\/#primaryimage","url":"https:\/\/distribucionarc.com\/wp-content\/uploads\/2020\/08\/Exprimidor-de-ca\u00f1a-de-az\u00facar-0.jpg","contentUrl":"https:\/\/distribucionarc.com\/wp-content\/uploads\/2020\/08\/Exprimidor-de-ca\u00f1a-de-az\u00facar-0.jpg","width":1600,"height":1600,"caption":"Exprimidor de ca\u00f1a de az\u00facar"},{"@type":"BreadcrumbList","@id":"https:\/\/www.distribucionarc.com\/producto\/exprimidor-de-cana-de-azucar\/#breadcrumb","itemListElement":[{"@type":"ListItem","position":1,"name":"Portada","item":"https:\/\/www.distribucionarc.com\/"},{"@type":"ListItem","position":2,"name":"\u00dcr\u00fcnler","item":"https:\/\/www.distribucionarc.com\/tr\/magaza\/"},{"@type":"ListItem","position":3,"name":"Exprimidor de ca\u00f1a de az\u00facar"}]},{"@type":"WebSite","@id":"https:\/\/www.distribucionarc.com\/sl\/#website","url":"https:\/\/www.distribucionarc.com\/sl\/","name":"Dystrybucja ARC","description":"Firma specjalizuj\u0105ca si\u0119 w produkcji i dystrybucji maszyn przemys\u0142owych, zgrzewarek do puszek, maszyn do produkcji tabletek, maszyn do ci\u0119cia mi\u0119sa...","publisher":{"@id":"https:\/\/www.distribucionarc.com\/sl\/#organization"},"potentialAction":[{"@type":"SearchAction","target":{"@type":"EntryPoint","urlTemplate":"https:\/\/www.distribucionarc.com\/sl\/?s={search_term_string}"},"query-input":{"@type":"PropertyValueSpecification","valueRequired":true,"valueName":"search_term_string"}}],"inLanguage":"pl-PL"},{"@type":"Organization","@id":"https:\/\/www.distribucionarc.com\/sl\/#organization","name":"Dystrybucja ARC","url":"https:\/\/www.distribucionarc.com\/sl\/","logo":{"@type":"ImageObject","inLanguage":"pl-PL","@id":"https:\/\/www.distribucionarc.com\/sl\/#\/schema\/logo\/image\/","url":"https:\/\/distribucionarc.com\/wp-content\/uploads\/2024\/10\/distribucion-ARC-COLOR-SIN-FONDO-e1732295305345.png","contentUrl":"https:\/\/distribucionarc.com\/wp-content\/uploads\/2024\/10\/distribucion-ARC-COLOR-SIN-FONDO-e1732295305345.png","width":1164,"height":558,"caption":"Distribuci\u00f3n ARC"},"image":{"@id":"https:\/\/www.distribucionarc.com\/sl\/#\/schema\/logo\/image\/"},"description":"Firma specjalizuj\u0105ca si\u0119 w produkcji i dystrybucji maszyn przemys\u0142owych dla sektora spo\u017cywczego i farmaceutycznego. Specjalizujemy si\u0119 w: Maszyny do krojenia mi\u0119sa Produkcja tabletek Przemys\u0142owe systemy transportowe Linie butelkuj\u0105ce Dozowniki I wiele wi\u0119cej.... Oferujemy innowacyjne i niestandardowe rozwi\u0105zania w celu optymalizacji proces\u00f3w produkcyjnych w Twojej firmie.","email":"Admistracion@distribucionarc.com","telephone":"+34 643496664","legalName":"ARC TECH SOLUTIONS","foundingDate":"2024-04-09","vatID":"B55480172","numberOfEmployees":{"@type":"QuantitativeValue","minValue":"1","maxValue":"10"}}]}},"_links":{"self":[{"href":"https:\/\/distribucionarc.com\/pl\/wp-json\/wp\/v2\/product\/2377","targetHints":{"allow":["GET"]}}],"collection":[{"href":"https:\/\/distribucionarc.com\/pl\/wp-json\/wp\/v2\/product"}],"about":[{"href":"https:\/\/distribucionarc.com\/pl\/wp-json\/wp\/v2\/types\/product"}],"replies":[{"embeddable":true,"href":"https:\/\/distribucionarc.com\/pl\/wp-json\/wp\/v2\/comments?post=2377"}],"version-history":[{"count":0,"href":"https:\/\/distribucionarc.com\/pl\/wp-json\/wp\/v2\/product\/2377\/revisions"}],"wp:featuredmedia":[{"embeddable":true,"href":"https:\/\/distribucionarc.com\/pl\/wp-json\/wp\/v2\/media\/2383"}],"wp:attachment":[{"href":"https:\/\/distribucionarc.com\/pl\/wp-json\/wp\/v2\/media?parent=2377"}],"wp:term":[{"taxonomy":"product_brand","embeddable":true,"href":"https:\/\/distribucionarc.com\/pl\/wp-json\/wp\/v2\/product_brand?post=2377"},{"taxonomy":"product_cat","embeddable":true,"href":"https:\/\/distribucionarc.com\/pl\/wp-json\/wp\/v2\/product_cat?post=2377"},{"taxonomy":"product_tag","embeddable":true,"href":"https:\/\/distribucionarc.com\/pl\/wp-json\/wp\/v2\/product_tag?post=2377"}],"curies":[{"name":"wp","href":"https:\/\/api.w.org\/{rel}","templated":true}]}}