{"id":2506,"date":"2020-08-19T13:18:12","date_gmt":"2020-08-19T13:18:12","guid":{"rendered":"https:\/\/distribucionarc.com\/?post_type=product&#038;p=2506"},"modified":"2020-10-01T08:15:28","modified_gmt":"2020-10-01T08:15:28","slug":"maszyna-dozujaca-do-butelek-z-mieszalnikiem-i-kontrola-temperatury-50-ml-%f0%9f%94%9b-500-ml","status":"publish","type":"product","link":"https:\/\/distribucionarc.com\/pl\/producto\/dosificadora-embotelladora-llenadora-con-batidor-y-control-de-temperatura-50-ml-%f0%9f%94%9b-500-ml\/","title":{"rendered":"Dozownik, butelkowanie, nape\u0142niacz z ubijaczk\u0105 i regulacj\u0105 temperatury 50 ml? 500ml"},"content":{"rendered":"<h3>Dozownik, butelkowanie, nape\u0142niacz z ubijaczk\u0105 i regulacj\u0105 temperatury 50 ml? 500ml<\/h3>\n<p>&nbsp;<\/p>\n<p>Ta maszyna jest idealna do\u00a0<strong>odmierzaj produkty takie jak d\u017cemy czy sosy, kt\u00f3re wymagaj\u0105 trzepaczki<\/strong> \/ mieszad\u0142o, dzi\u0119ki czemu produkt jest w ci\u0105g\u0142ym ruchu, posiada silnik z regulowan\u0105 pr\u0119dko\u015bci\u0105 ?\ufe0f wa\u017cne jest, aby regulowa\u0107 pr\u0119dko\u015b\u0107, aby dostosowa\u0107 j\u0105 do swojego produktu. Ten<strong> rozlewnia <span style=\"color: #ff0000;\">DO<\/span><span style=\"color: #0000ff;\">R<\/span>500-kana\u0142owa<\/strong> ma <strong>kontrola temperatury<\/strong> Do <strong>przyspieszy\u0107 proces nape\u0142niania<\/strong> opr\u00f3cz <strong>zapewni\u0107 mniejsze natlenienie produktu<\/strong> Aby lepiej zachowa\u0107 smak i w\u0142a\u015bciwo\u015bci, ten automat jest wykonany ze stali nierdzewnej 316. Zastosowano materia\u0142y najwy\u017cszej jako\u015bci, aby dozownik spe\u0142nia\u0142 nasze wysokie wymagania jako\u015bciowe.<\/p>\n<p>Maszyna do butelkowania jest zaprojektowana modu\u0142owo. W przypadku awarii lub jakiejkolwiek usterki dostarczamy kompletny modu\u0142 do wymiany, zapewniamy wsparcie techniczne i mamy 2-letni\u0105 gwarancj\u0119.<\/p>\n<p>Posiada certyfikat CE<\/p>\n<p>W tym filmie pokazujemy maszyn\u0119 w pracy<\/p>\n<ul>\n<li>Kontrola temperatury 0\u00baC \u2013 200\u00baC<\/li>\n<li>Solidna konstrukcja systemu zawor\u00f3w obrotowych.<\/li>\n<li>Nape\u0142nianie t\u0142okiem pneumatycznym.<\/li>\n<li>Pr\u0119dko\u015b\u0107 podawania t\u0142oka jest regulowana.<\/li>\n<li>Regulowana g\u0142\u00f3wka z systemem zapobiegaj\u0105cym kapaniu.<\/li>\n<li>Dok\u0142adno\u015b\u0107 nape\u0142niania (+\/- 1%)<\/li>\n<li>\u0141atwa konserwacja i czyszczenie.<\/li>\n<li>Stal nierdzewna przeznaczona do kontaktu z \u017cywno\u015bci\u0105.<\/li>\n<li>Bardzo \u0142atwy w obs\u0142udze.<\/li>\n<li>Cz\u0119\u015bci pneumatyczne \u0142atwe w monta\u017cu i demonta\u017cu.<\/li>\n<li>Automatyczny i p\u00f3\u0142automatyczny prze\u0142\u0105cznik nape\u0142niania.<\/li>\n<li>Manometr powietrza.<\/li>\n<li>Regulowana obj\u0119to\u015b\u0107 i pr\u0119dko\u015b\u0107 nape\u0142niania.<\/li>\n<\/ul>\n<ul>\n<li>\n<ul>\n<li>Zakres nape\u0142niania: 50 \u2796 500 ml.<\/li>\n<li>Pojemno\u015b\u0107 zasobnika: 30 l.<\/li>\n<li>Pr\u0119dko\u015b\u0107 do: 30 butelek\/min.<\/li>\n<li>G\u0142owica nape\u0142niaj\u0105ca: pojedyncza dysza.<\/li>\n<li>Materia\u0142 maszyny: stal nierdzewna 304\/316.<\/li>\n<li>2\ufe0f\u20e3 LATA GWARANCJI<\/li>\n<li>Wsparcie techniczne<\/li>\n<\/ul>\n<\/li>\n<\/ul>","protected":false},"excerpt":{"rendered":"<h2>Dozownik, butelkowanie, nape\u0142niacz z ubijaczk\u0105 i regulacj\u0105 temperatury 50 ml? 500ml<\/h2>\n<p><strong>Maszyna do nape\u0142niania p\u0142yn\u00f3w<\/strong> bardzo lepki p\u00f3\u0142automat, nap\u0119dzany t\u0142okiem pneumatycznym, wykonany z materia\u0142\u00f3w najwy\u017cszej jako\u015bci. Wyposa\u017cone w pi\u0119\u0107 zawor\u00f3w kontroluj\u0105cych przep\u0142yw produkt\u00f3w. Konstrukcja o najwy\u017cszej jako\u015bci i \u0142atwo\u015b\u0107 obs\u0142ugi wszystkich modeli. Ten <strong>szafarka<\/strong> ma<strong> kontrola temperatury (0\u00baC \u2013 200\u00baC)<\/strong> w leju do<strong> przyspieszy\u0107 proces nape\u0142niania<\/strong> Opr\u00f3cz zapewnienia mniejszego natlenienia produktu dla <strong>lepiej zachowa\u0107 jego w\u0142a\u015bciwo\u015bci i smak<\/strong>. Wszystkie u\u017cyte materia\u0142y kontaktowe s\u0105 wykonane ze stali nierdzewnej 316, zgodnej z wymogami GMP. Ilo\u015b\u0107 i pr\u0119dko\u015b\u0107 nape\u0142niania mo\u017cna regulowa\u0107 z du\u017c\u0105 precyzj\u0105.<\/p>\n<p>&nbsp;<\/p>","protected":false},"featured_media":2507,"comment_status":"open","ping_status":"closed","template":"","meta":{"wds_primary_product_brand":0,"wds_primary_product_cat":0},"product_brand":[],"product_cat":[18,19],"product_tag":[],"class_list":{"0":"post-2506","1":"product","2":"type-product","3":"status-publish","4":"has-post-thumbnail","6":"product_cat-dosificadoras","7":"product_cat-dosificadoras-de-liquidos","8":"product_shipping_class-express","10":"first","11":"instock","12":"sale","13":"taxable","14":"shipping-taxable","15":"purchasable","16":"product-type-simple"},"yoast_head":"<!-- This site is optimized with the Yoast SEO Premium plugin v24.9 (Yoast SEO v26.1) - https:\/\/yoast.com\/wordpress\/plugins\/seo\/ -->\n<title>Dosificadora, Embotelladora, Llenadora con Batidor y control de temperatura 50 ml ? 500 ml - distribuci\u00f3n ARC<\/title>\n<meta name=\"robots\" content=\"index, follow, max-snippet:-1, max-image-preview:large, max-video-preview:-1\" \/>\n<link rel=\"canonical\" href=\"https:\/\/distribucionarc.com\/pl\/produkty\/maszyna-dozujaca-do-butelek-z-mieszalnikiem-i-kontrola-temperatury-50-ml-\ud83d\udd1b-500-ml\/\" \/>\n<meta property=\"og:locale\" content=\"pl_PL\" \/>\n<meta property=\"og:type\" content=\"article\" \/>\n<meta property=\"og:title\" content=\"Dosificadora, Embotelladora, Llenadora con Batidor y control de temperatura 50 ml ? 500 ml\" \/>\n<meta property=\"og:description\" content=\"Dosificadora, Embotelladora, Llenadora con Batidor y control de temperatura 50 ml ? 500 ml M\u00e1quina para llenado de l\u00edquidos muy viscosos semi automatica, impulsada por un pist\u00f3n neum\u00e1tico, fabricada con materiales de primera calidad. Equipada con cinco v\u00e1lvulas que controlan el flujo de los productos. Estructura con dise\u00f1o superior y todos los modelos son f\u00e1ciles de operar. Esta dosificadora dispone de control de temperatura (0\u00baC - 200\u00baC) en la tolva para acelerar el proceso de llenado adem\u00e1s de\u00a0 asegurar una menor oxigenaci\u00f3n del producto para conservar mejor sus propiedades y sabor. Todos los materiales de contacto utilizados, son de acero inoxidable 316 de acuerdo con los requisitos de GMP. La cantidad de volumen y la velocidad de llenado pueden ser regulados con una gran precisi\u00f3n.  &nbsp;\" \/>\n<meta property=\"og:url\" content=\"https:\/\/distribucionarc.com\/pl\/produkty\/maszyna-dozujaca-do-butelek-z-mieszalnikiem-i-kontrola-temperatury-50-ml-\ud83d\udd1b-500-ml\/\" \/>\n<meta property=\"og:site_name\" content=\"distribuci\u00f3n ARC\" \/>\n<meta property=\"article:modified_time\" content=\"2020-10-01T08:15:28+00:00\" \/>\n<meta property=\"og:image\" content=\"https:\/\/distribucionarc.com\/wp-content\/uploads\/2020\/08\/Dosificadora-Embotelladora-Llenadora-con-Batidor-y-control-de-temperatura-50-ml-500-ml-0.jpg\" \/>\n\t<meta property=\"og:image:width\" content=\"1600\" \/>\n\t<meta property=\"og:image:height\" content=\"1600\" \/>\n\t<meta property=\"og:image:type\" content=\"image\/jpeg\" \/>\n<meta name=\"twitter:card\" content=\"summary_large_image\" \/>\n<meta name=\"twitter:label1\" content=\"Szacowany czas czytania\" \/>\n\t<meta name=\"twitter:data1\" content=\"1 minuta\" \/>\n<script type=\"application\/ld+json\" class=\"yoast-schema-graph\">{\"@context\":\"https:\/\/schema.org\",\"@graph\":[{\"@type\":\"WebPage\",\"@id\":\"https:\/\/distribucionarc.com\/sl\/producto\/dosificadora-embotelladora-llenadora-con-batidor-y-control-de-temperatura-50-ml-%f0%9f%94%9b-500-ml\/\",\"url\":\"https:\/\/distribucionarc.com\/sl\/producto\/dosificadora-embotelladora-llenadora-con-batidor-y-control-de-temperatura-50-ml-%f0%9f%94%9b-500-ml\/\",\"name\":\"Dosificadora, Embotelladora, Llenadora con Batidor y control de temperatura 50 ml ? 500 ml - distribuci\u00f3n ARC\",\"isPartOf\":{\"@id\":\"https:\/\/www.distribucionarc.com\/sl\/#website\"},\"primaryImageOfPage\":{\"@id\":\"https:\/\/distribucionarc.com\/sl\/producto\/dosificadora-embotelladora-llenadora-con-batidor-y-control-de-temperatura-50-ml-%f0%9f%94%9b-500-ml\/#primaryimage\"},\"image\":{\"@id\":\"https:\/\/distribucionarc.com\/sl\/producto\/dosificadora-embotelladora-llenadora-con-batidor-y-control-de-temperatura-50-ml-%f0%9f%94%9b-500-ml\/#primaryimage\"},\"thumbnailUrl\":\"https:\/\/distribucionarc.com\/wp-content\/uploads\/2020\/08\/Dosificadora-Embotelladora-Llenadora-con-Batidor-y-control-de-temperatura-50-ml-500-ml-0.jpg\",\"datePublished\":\"2020-08-19T13:18:12+00:00\",\"dateModified\":\"2020-10-01T08:15:28+00:00\",\"breadcrumb\":{\"@id\":\"https:\/\/distribucionarc.com\/sl\/producto\/dosificadora-embotelladora-llenadora-con-batidor-y-control-de-temperatura-50-ml-%f0%9f%94%9b-500-ml\/#breadcrumb\"},\"inLanguage\":\"pl-PL\",\"potentialAction\":[{\"@type\":\"ReadAction\",\"target\":[\"https:\/\/distribucionarc.com\/sl\/producto\/dosificadora-embotelladora-llenadora-con-batidor-y-control-de-temperatura-50-ml-%f0%9f%94%9b-500-ml\/\"]}]},{\"@type\":\"ImageObject\",\"inLanguage\":\"pl-PL\",\"@id\":\"https:\/\/distribucionarc.com\/sl\/producto\/dosificadora-embotelladora-llenadora-con-batidor-y-control-de-temperatura-50-ml-%f0%9f%94%9b-500-ml\/#primaryimage\",\"url\":\"https:\/\/distribucionarc.com\/wp-content\/uploads\/2020\/08\/Dosificadora-Embotelladora-Llenadora-con-Batidor-y-control-de-temperatura-50-ml-500-ml-0.jpg\",\"contentUrl\":\"https:\/\/distribucionarc.com\/wp-content\/uploads\/2020\/08\/Dosificadora-Embotelladora-Llenadora-con-Batidor-y-control-de-temperatura-50-ml-500-ml-0.jpg\",\"width\":1600,\"height\":1600,\"caption\":\"Dosificadora, Embotelladora, Llenadora con Batidor y control de temperatura 50 ml 500 ml\"},{\"@type\":\"BreadcrumbList\",\"@id\":\"https:\/\/distribucionarc.com\/sl\/producto\/dosificadora-embotelladora-llenadora-con-batidor-y-control-de-temperatura-50-ml-%f0%9f%94%9b-500-ml\/#breadcrumb\",\"itemListElement\":[{\"@type\":\"ListItem\",\"position\":1,\"name\":\"Portada\",\"item\":\"https:\/\/www.distribucionarc.com\/\"},{\"@type\":\"ListItem\",\"position\":2,\"name\":\"\u00dcr\u00fcnler\",\"item\":\"https:\/\/www.distribucionarc.com\/tr\/magaza\/\"},{\"@type\":\"ListItem\",\"position\":3,\"name\":\"Dosificadora, Embotelladora, Llenadora con Batidor y control de temperatura 50 ml ? 500 ml\"}]},{\"@type\":\"WebSite\",\"@id\":\"https:\/\/www.distribucionarc.com\/sl\/#website\",\"url\":\"https:\/\/www.distribucionarc.com\/sl\/\",\"name\":\"distribuci\u00f3n ARC\",\"description\":\"Empresa especializada en la fabricaci\u00f3n y distribuci\u00f3n de maquinaria industrial, selladoras de latas, Maquinas de hacer pastillas, Maquinas de cortar carne...\",\"publisher\":{\"@id\":\"https:\/\/www.distribucionarc.com\/sl\/#organization\"},\"potentialAction\":[{\"@type\":\"SearchAction\",\"target\":{\"@type\":\"EntryPoint\",\"urlTemplate\":\"https:\/\/www.distribucionarc.com\/sl\/?s={search_term_string}\"},\"query-input\":{\"@type\":\"PropertyValueSpecification\",\"valueRequired\":true,\"valueName\":\"search_term_string\"}}],\"inLanguage\":\"pl-PL\"},{\"@type\":\"Organization\",\"@id\":\"https:\/\/www.distribucionarc.com\/sl\/#organization\",\"name\":\"Distribuci\u00f3n ARC\",\"url\":\"https:\/\/www.distribucionarc.com\/sl\/\",\"logo\":{\"@type\":\"ImageObject\",\"inLanguage\":\"pl-PL\",\"@id\":\"https:\/\/www.distribucionarc.com\/sl\/#\/schema\/logo\/image\/\",\"url\":\"https:\/\/distribucionarc.com\/wp-content\/uploads\/2024\/10\/distribucion-ARC-COLOR-SIN-FONDO-e1732295305345.png\",\"contentUrl\":\"https:\/\/distribucionarc.com\/wp-content\/uploads\/2024\/10\/distribucion-ARC-COLOR-SIN-FONDO-e1732295305345.png\",\"width\":1164,\"height\":558,\"caption\":\"Distribuci\u00f3n ARC\"},\"image\":{\"@id\":\"https:\/\/www.distribucionarc.com\/sl\/#\/schema\/logo\/image\/\"},\"description\":\"Empresa especializada en la fabricaci\u00f3n y distribuci\u00f3n de maquinaria industrial para los sectores alimentario y farmac\u00e9utico. Nos especializamos en: M\u00e1quinas de cortar carne Fabricaci\u00f3n de comprimidos Sistemas de transporte industrial L\u00edneas de embotellado Dosificadores Y mucho m\u00e1s... Ofrecemos soluciones innovadoras y personalizadas para optimizar los procesos productivos de tu empresa.\",\"email\":\"Admistracion@distribucionarc.com\",\"telephone\":\"+34 643496664\",\"legalName\":\"ARC TECH SOLUTIONS\",\"foundingDate\":\"2024-04-09\",\"vatID\":\"B55480172\",\"numberOfEmployees\":{\"@type\":\"QuantitativeValue\",\"minValue\":\"1\",\"maxValue\":\"10\"}}]}<\/script>\n<!-- \/ Yoast SEO Premium plugin. -->","yoast_head_json":{"title":"Maszyna do dozowania, butelkowania, nape\u0142niania z ubijaniem i kontrol\u0105 temperatury 50 ml? 500 ml - dystrybucja ARC","robots":{"index":"index","follow":"follow","max-snippet":"max-snippet:-1","max-image-preview":"max-image-preview:large","max-video-preview":"max-video-preview:-1"},"canonical":"https:\/\/distribucionarc.com\/pl\/produkty\/maszyna-dozujaca-do-butelek-z-mieszalnikiem-i-kontrola-temperatury-50-ml-\ud83d\udd1b-500-ml\/","og_locale":"pl_PL","og_type":"article","og_title":"Dosificadora, Embotelladora, Llenadora con Batidor y control de temperatura 50 ml ? 500 ml","og_description":"Dosificadora, Embotelladora, Llenadora con Batidor y control de temperatura 50 ml ? 500 ml M\u00e1quina para llenado de l\u00edquidos muy viscosos semi automatica, impulsada por un pist\u00f3n neum\u00e1tico, fabricada con materiales de primera calidad. Equipada con cinco v\u00e1lvulas que controlan el flujo de los productos. Estructura con dise\u00f1o superior y todos los modelos son f\u00e1ciles de operar. Esta dosificadora dispone de control de temperatura (0\u00baC - 200\u00baC) en la tolva para acelerar el proceso de llenado adem\u00e1s de\u00a0 asegurar una menor oxigenaci\u00f3n del producto para conservar mejor sus propiedades y sabor. Todos los materiales de contacto utilizados, son de acero inoxidable 316 de acuerdo con los requisitos de GMP. La cantidad de volumen y la velocidad de llenado pueden ser regulados con una gran precisi\u00f3n.  &nbsp;","og_url":"https:\/\/distribucionarc.com\/pl\/produkty\/maszyna-dozujaca-do-butelek-z-mieszalnikiem-i-kontrola-temperatury-50-ml-\ud83d\udd1b-500-ml\/","og_site_name":"distribuci\u00f3n ARC","article_modified_time":"2020-10-01T08:15:28+00:00","og_image":[{"width":1600,"height":1600,"url":"https:\/\/distribucionarc.com\/wp-content\/uploads\/2020\/08\/Dosificadora-Embotelladora-Llenadora-con-Batidor-y-control-de-temperatura-50-ml-500-ml-0.jpg","type":"image\/jpeg"}],"twitter_card":"summary_large_image","twitter_misc":{"Szacowany czas czytania":"1 minuta"},"schema":{"@context":"https:\/\/schema.org","@graph":[{"@type":"WebPage","@id":"https:\/\/distribucionarc.com\/sl\/producto\/dosificadora-embotelladora-llenadora-con-batidor-y-control-de-temperatura-50-ml-%f0%9f%94%9b-500-ml\/","url":"https:\/\/distribucionarc.com\/sl\/producto\/dosificadora-embotelladora-llenadora-con-batidor-y-control-de-temperatura-50-ml-%f0%9f%94%9b-500-ml\/","name":"Maszyna do dozowania, butelkowania, nape\u0142niania z ubijaniem i kontrol\u0105 temperatury 50 ml? 500 ml - dystrybucja ARC","isPartOf":{"@id":"https:\/\/www.distribucionarc.com\/sl\/#website"},"primaryImageOfPage":{"@id":"https:\/\/distribucionarc.com\/sl\/producto\/dosificadora-embotelladora-llenadora-con-batidor-y-control-de-temperatura-50-ml-%f0%9f%94%9b-500-ml\/#primaryimage"},"image":{"@id":"https:\/\/distribucionarc.com\/sl\/producto\/dosificadora-embotelladora-llenadora-con-batidor-y-control-de-temperatura-50-ml-%f0%9f%94%9b-500-ml\/#primaryimage"},"thumbnailUrl":"https:\/\/distribucionarc.com\/wp-content\/uploads\/2020\/08\/Dosificadora-Embotelladora-Llenadora-con-Batidor-y-control-de-temperatura-50-ml-500-ml-0.jpg","datePublished":"2020-08-19T13:18:12+00:00","dateModified":"2020-10-01T08:15:28+00:00","breadcrumb":{"@id":"https:\/\/distribucionarc.com\/sl\/producto\/dosificadora-embotelladora-llenadora-con-batidor-y-control-de-temperatura-50-ml-%f0%9f%94%9b-500-ml\/#breadcrumb"},"inLanguage":"pl-PL","potentialAction":[{"@type":"ReadAction","target":["https:\/\/distribucionarc.com\/sl\/producto\/dosificadora-embotelladora-llenadora-con-batidor-y-control-de-temperatura-50-ml-%f0%9f%94%9b-500-ml\/"]}]},{"@type":"ImageObject","inLanguage":"pl-PL","@id":"https:\/\/distribucionarc.com\/sl\/producto\/dosificadora-embotelladora-llenadora-con-batidor-y-control-de-temperatura-50-ml-%f0%9f%94%9b-500-ml\/#primaryimage","url":"https:\/\/distribucionarc.com\/wp-content\/uploads\/2020\/08\/Dosificadora-Embotelladora-Llenadora-con-Batidor-y-control-de-temperatura-50-ml-500-ml-0.jpg","contentUrl":"https:\/\/distribucionarc.com\/wp-content\/uploads\/2020\/08\/Dosificadora-Embotelladora-Llenadora-con-Batidor-y-control-de-temperatura-50-ml-500-ml-0.jpg","width":1600,"height":1600,"caption":"Dosificadora, Embotelladora, Llenadora con Batidor y control de temperatura 50 ml 500 ml"},{"@type":"BreadcrumbList","@id":"https:\/\/distribucionarc.com\/sl\/producto\/dosificadora-embotelladora-llenadora-con-batidor-y-control-de-temperatura-50-ml-%f0%9f%94%9b-500-ml\/#breadcrumb","itemListElement":[{"@type":"ListItem","position":1,"name":"Portada","item":"https:\/\/www.distribucionarc.com\/"},{"@type":"ListItem","position":2,"name":"\u00dcr\u00fcnler","item":"https:\/\/www.distribucionarc.com\/tr\/magaza\/"},{"@type":"ListItem","position":3,"name":"Dosificadora, Embotelladora, Llenadora con Batidor y control de temperatura 50 ml ? 500 ml"}]},{"@type":"WebSite","@id":"https:\/\/www.distribucionarc.com\/sl\/#website","url":"https:\/\/www.distribucionarc.com\/sl\/","name":"Dystrybucja ARC","description":"Firma specjalizuj\u0105ca si\u0119 w produkcji i dystrybucji maszyn przemys\u0142owych, zgrzewarek do puszek, maszyn do produkcji tabletek, maszyn do ci\u0119cia mi\u0119sa...","publisher":{"@id":"https:\/\/www.distribucionarc.com\/sl\/#organization"},"potentialAction":[{"@type":"SearchAction","target":{"@type":"EntryPoint","urlTemplate":"https:\/\/www.distribucionarc.com\/sl\/?s={search_term_string}"},"query-input":{"@type":"PropertyValueSpecification","valueRequired":true,"valueName":"search_term_string"}}],"inLanguage":"pl-PL"},{"@type":"Organization","@id":"https:\/\/www.distribucionarc.com\/sl\/#organization","name":"Dystrybucja ARC","url":"https:\/\/www.distribucionarc.com\/sl\/","logo":{"@type":"ImageObject","inLanguage":"pl-PL","@id":"https:\/\/www.distribucionarc.com\/sl\/#\/schema\/logo\/image\/","url":"https:\/\/distribucionarc.com\/wp-content\/uploads\/2024\/10\/distribucion-ARC-COLOR-SIN-FONDO-e1732295305345.png","contentUrl":"https:\/\/distribucionarc.com\/wp-content\/uploads\/2024\/10\/distribucion-ARC-COLOR-SIN-FONDO-e1732295305345.png","width":1164,"height":558,"caption":"Distribuci\u00f3n ARC"},"image":{"@id":"https:\/\/www.distribucionarc.com\/sl\/#\/schema\/logo\/image\/"},"description":"Firma specjalizuj\u0105ca si\u0119 w produkcji i dystrybucji maszyn przemys\u0142owych dla sektora spo\u017cywczego i farmaceutycznego. Specjalizujemy si\u0119 w: Maszyny do krojenia mi\u0119sa Produkcja tabletek Przemys\u0142owe systemy transportowe Linie butelkuj\u0105ce Dozowniki I wiele wi\u0119cej.... Oferujemy innowacyjne i niestandardowe rozwi\u0105zania w celu optymalizacji proces\u00f3w produkcyjnych w Twojej firmie.","email":"Admistracion@distribucionarc.com","telephone":"+34 643496664","legalName":"ARC TECH SOLUTIONS","foundingDate":"2024-04-09","vatID":"B55480172","numberOfEmployees":{"@type":"QuantitativeValue","minValue":"1","maxValue":"10"}}]}},"_links":{"self":[{"href":"https:\/\/distribucionarc.com\/pl\/wp-json\/wp\/v2\/product\/2506","targetHints":{"allow":["GET"]}}],"collection":[{"href":"https:\/\/distribucionarc.com\/pl\/wp-json\/wp\/v2\/product"}],"about":[{"href":"https:\/\/distribucionarc.com\/pl\/wp-json\/wp\/v2\/types\/product"}],"replies":[{"embeddable":true,"href":"https:\/\/distribucionarc.com\/pl\/wp-json\/wp\/v2\/comments?post=2506"}],"version-history":[{"count":0,"href":"https:\/\/distribucionarc.com\/pl\/wp-json\/wp\/v2\/product\/2506\/revisions"}],"wp:featuredmedia":[{"embeddable":true,"href":"https:\/\/distribucionarc.com\/pl\/wp-json\/wp\/v2\/media\/2507"}],"wp:attachment":[{"href":"https:\/\/distribucionarc.com\/pl\/wp-json\/wp\/v2\/media?parent=2506"}],"wp:term":[{"taxonomy":"product_brand","embeddable":true,"href":"https:\/\/distribucionarc.com\/pl\/wp-json\/wp\/v2\/product_brand?post=2506"},{"taxonomy":"product_cat","embeddable":true,"href":"https:\/\/distribucionarc.com\/pl\/wp-json\/wp\/v2\/product_cat?post=2506"},{"taxonomy":"product_tag","embeddable":true,"href":"https:\/\/distribucionarc.com\/pl\/wp-json\/wp\/v2\/product_tag?post=2506"}],"curies":[{"name":"wp","href":"https:\/\/api.w.org\/{rel}","templated":true}]}}