{"id":2636,"date":"2020-08-19T22:50:01","date_gmt":"2020-08-19T22:50:01","guid":{"rendered":"https:\/\/distribucionarc.com\/?post_type=product&#038;p=2636"},"modified":"2023-06-05T10:23:40","modified_gmt":"2023-06-05T10:23:40","slug":"dystrybutor-sokow-i-zimnych-napojow-4","status":"publish","type":"product","link":"https:\/\/distribucionarc.com\/pl\/producto\/dispensador-de-zumo-y-bebidas-frias-4\/","title":{"rendered":"Dozownik sok\u00f3w i zimnych napoj\u00f3w 4"},"content":{"rendered":"<h2>Dozownik do sok\u00f3w i zimnych napoj\u00f3w<\/h2>\n<p>Ten\u00a0<strong>dozownik elektryczny<\/strong>\u00a0z\u00a0<strong><span style=\"color: #ff0000;\">DO<\/span><span style=\"color: #0000ff;\">R<\/span>C<\/strong>\u00a0nadaje si\u0119 dla obu\u00a0<strong>zimne napoje<\/strong>\u00a0Jak\u00a0<strong>gor\u0105cy<\/strong>, takie jak mleko sojowe, smoothie, koktajl, jogurt, kawa itp. The<strong>\u00a0maszyna dozuj\u0105ca<\/strong>\u00a0Nadaje si\u0119 dla firm cateringowych, sieci restauracji, sklep\u00f3w, hoteli itp.<\/p>\n<p>Firmowe opakowanie PC, niezawieraj\u0105ce BPA, odporne na uderzenia, przeznaczone do kontaktu z \u017cywno\u015bci\u0105\u00a0<strong>dozownik soku<\/strong>\u00a0z\u00a0<strong><span style=\"color: #ff0000;\">DO<\/span><span style=\"color: #0000ff;\">R<\/span>C<\/strong>\u00a0R\u00f3\u017cni\u0105 si\u0119 od delikatnych zbiornik\u00f3w ABS\/AS. Korpus dozownika zimnych napoj\u00f3w wykonany jest z 3 warstw, dzi\u0119ki czemu jest bardziej efektowny i zapewnia wi\u0119ksz\u0105 sztywno\u015b\u0107. Parownik ze stali nierdzewnej zapewniaj\u0105cy doskona\u0142y efekt ch\u0142odzenia.<\/p>\n<p><strong>Dozownik napoj\u00f3w<\/strong> z <strong>4 zbiorniki po 12 litr\u00f3w ka\u017cdy <\/strong>(na zbiornik, kompaktowe i jednocze\u015bnie mocne. Powi\u0119kszone mieszad\u0142a pozwalaj\u0105 na bardziej efektywne mieszanie w zakresie 360\u00b0. Gumowe uszczelki pomagaj\u0105 chroni\u0107 produkt i zapobiegaj\u0105 jego wyciekaniu.<\/p>\n<p>On\u00a0<strong>dystrybutor zimnych napoj\u00f3w <span style=\"color: #ff0000;\">DO<\/span><span style=\"color: #0000ff;\">R<\/span>CDZE4<\/strong>. Wykorzystuje skraplacz ch\u0142odz\u0105cy z pe\u0142n\u0105 rur\u0105 miedzian\u0105 i wysokowydajn\u0105 spr\u0119\u017cark\u0119, zapewniaj\u0105c szybkie ch\u0142odzenie i ogrzewanie. Ch\u0142odzi od 5 do 12 \u2103 przy zu\u017cyciu zaledwie 100 W i sta\u0142ej kontroli temperatury. Jego szybkie dzia\u0142anie pomo\u017ce nie tylko zoptymalizowa\u0107 produkcj\u0119, ale tak\u017ce<strong>\u00a0<span style=\"color: #008000;\">sprzyja niskiemu zu\u017cyciu energii<\/span><\/strong>.\u00a0<strong>\u00a0Dozownik napoj\u00f3w<\/strong>\u00a0Posiada osobne prze\u0142\u0105czniki umo\u017cliwiaj\u0105ce niezale\u017cne sterowanie mieszaniem, ch\u0142odzeniem i grzaniem. Prze\u0142\u0105cznik mieszania pomaga zapobiega\u0107 osadzaniu si\u0119 osad\u00f3w na dnie zbiornika.<\/p>\n<p>Posiada tack\u0119 ociekow\u0105, kt\u00f3r\u0105 mo\u017cna \u0142atwo zdemontowa\u0107 w celu \u0142atwego czyszczenia; Specjalnie zaprojektowane spr\u0119\u017cynowe wyloty napoj\u00f3w umo\u017cliwiaj\u0105ce \u0142atwe u\u017cytkowanie; Wiele otwor\u00f3w wentylacyjnych zapewniaj\u0105cych szybkie odprowadzanie ciep\u0142a.<\/p>\n<p>&nbsp;<\/p>\n<h6><strong>Gwarancja\u00a0<span style=\"color: #ff0000;\">DO<\/span><span style=\"color: #0000ff;\">R<\/span>C 2 LATA<\/strong><\/h6>\n<h6><span style=\"color: #008000;\">Wydajny dozownik sok\u00f3w i zimnych napoj\u00f3w, niskie zu\u017cycie energii 400W<\/span><\/h6>\n<h6><strong>wsparcie techniczne w cenie.<\/strong><\/h6>\n<p>&nbsp;<\/p>\n<p>&nbsp;<\/p>\n<table role=\"presentation\" width=\"100%\" cellspacing=\"0\" cellpadding=\"0\">\n<tbody>\n<tr>\n<td class=\"attrLabels\">Temperatura:<\/td>\n<td width=\"50.0%\">Zimno: 5 \u2013 12\u00b0C<\/td>\n<\/tr>\n<tr>\n<td class=\"attrLabels\">Kraj dystrybucji:<\/td>\n<td width=\"50.0%\">Hiszpania, Niemcy, USA<\/td>\n<td class=\"attrLabels\">Waga:<\/td>\n<td width=\"50.0%\">37,6 kg<\/td>\n<\/tr>\n<tr>\n<td class=\"attrLabels\">Marka:<\/td>\n<td width=\"50.0%\">\u0141UK<\/td>\n<td class=\"attrLabels\">Wysoko\u015b\u0107:<\/td>\n<td width=\"50.0%\">25,6 cm<\/td>\n<\/tr>\n<tr>\n<td class=\"attrLabels\">Kolor:<\/td>\n<td width=\"50.0%\">Srebrny<\/td>\n<td class=\"attrLabels\">D\u0142ugi:<\/td>\n<td width=\"50.0%\">24&quot;<\/td>\n<\/tr>\n<tr>\n<td class=\"attrLabels\">Rodzaj produktu:<\/td>\n<td width=\"50.0%\">Dozownik napoj\u00f3w<\/td>\n<td class=\"attrLabels\">Szeroki:<\/td>\n<td width=\"50.0%\">48,6 cm<\/td>\n<\/tr>\n<tr>\n<td class=\"attrLabels\">Numer producenta:<\/td>\n<td width=\"50.0%\">ARCDZE4<\/td>\n<td class=\"attrLabels\">Moc:<\/td>\n<td width=\"50.0%\">Zimno: 100 W<\/p>\n<p>Na gor\u0105co: 400 W<\/td>\n<\/tr>\n<tr>\n<td class=\"attrLabels\">Tworzywo:<\/td>\n<td width=\"50.0%\">stal nierdzewna, kontrola temperatury, PC bez BPA<\/td>\n<td class=\"attrLabels\">napi\u0119cie wej\u015bciowe<\/td>\n<td width=\"50.0%\">220 V \u2013 50 Hz<\/td>\n<\/tr>\n<tr>\n<td class=\"attrLabels\">Przedzia\u0142y:<\/td>\n<td width=\"50.0%\">\u00a04<\/td>\n<td class=\"attrLabels\">Rozmiar kabiny:<\/td>\n<td width=\"50.0%\">82 x 33 x 10 cm na ka\u017cdy poziom<\/td>\n<\/tr>\n<tr>\n<td class=\"attrLabels\">Narz\u0119dzia instalacyjne:<\/td>\n<td width=\"50.0%\">Tak<\/td>\n<td class=\"attrLabels\">Gwarancja:<\/td>\n<td width=\"50.0%\">2 LATA<\/td>\n<\/tr>\n<\/tbody>\n<\/table>","protected":false},"excerpt":{"rendered":"<h3>Dozownik do sok\u00f3w i zimnych napoj\u00f3w<\/h3>\n<p>On\u00a0<strong>Dozowniki do napoj\u00f3w gor\u0105cych i zimnych<\/strong>\u00a0z\u00a0<strong><span style=\"color: #ff0000;\">DO<\/span><span style=\"color: #0000ff;\">R<\/span>C<\/strong>, o pojemno\u015bci <strong>48L<\/strong>\u00a0the\u00a0<strong>automat z zimnymi napojami<\/strong> Posiada 4 zbiorniki po 12 litr\u00f3w ka\u017cdy <strong><span style=\"color: #ff0000;\">DO<\/span><span style=\"color: #0000ff;\">R<\/span>CDZE4<\/strong>\u00a0Zapewnia doskona\u0142\u0105 wydajno\u015b\u0107, elegancki wygl\u0105d i jest bardzo \u0142atwy w u\u017cyciu. Powi\u0119kszony kran do w\u0142\u00f3kien owocowych i aromatyzowanych ziaren. Zadbaj o swoich klient\u00f3w dzi\u0119ki temu\u00a0<strong>elegancki dystrybutor napoj\u00f3w<\/strong>\u00a0Dzi\u0119ki pierwszorz\u0119dnemu wyko\u0144czeniu i \u0142atwo\u015bci u\u017cytkowania jest to produkt niezast\u0105piony. Zbiornik z PC niezawieraj\u0105cy BPA, korpus maszyny najwy\u017cszej jako\u015bci ze stali nierdzewnej i lakierowany od ty\u0142u opatrunek tworz\u0105 odporn\u0105 na zu\u017cycie i \u0142atw\u0105 do czyszczenia os\u0142on\u0119 zdrowia. Asystent o wystarczaj\u0105cych mo\u017cliwo\u015bciach do zaspokojenia codziennych potrzeb.\u00a0<strong>Szafarka\u00a0<span style=\"color: #ff0000;\">DO<\/span><span style=\"color: #0000ff;\">R<\/span>C<\/strong>\u00a0wysoka jako\u015b\u0107.<\/p>\n<h6><\/h6>\n<h6><strong>Gwarancja\u00a0<span style=\"color: #ff0000;\">DO<\/span><span style=\"color: #0000ff;\">R<\/span>C 2 LATA<\/strong><\/h6>\n<h6><span style=\"color: #008000;\">Wydajny dozownik sok\u00f3w i zimnych napoj\u00f3w, niskie zu\u017cycie energii 400W<\/span><\/h6>\n<h6><strong>wsparcie techniczne w cenie.<\/strong><\/h6>","protected":false},"featured_media":6025,"comment_status":"open","ping_status":"closed","template":"","meta":{"wds_primary_product_brand":0,"wds_primary_product_cat":0},"product_brand":[],"product_cat":[57],"product_tag":[],"class_list":{"0":"post-2636","1":"product","2":"type-product","3":"status-publish","4":"has-post-thumbnail","6":"product_cat-dosificadores-dispensadores","7":"product_shipping_class-hosteleria","9":"first","10":"instock","11":"sale","12":"taxable","13":"shipping-taxable","14":"purchasable","15":"product-type-simple"},"yoast_head":"<!-- This site is optimized with the Yoast SEO Premium plugin v24.9 (Yoast SEO v26.1) - https:\/\/yoast.com\/wordpress\/plugins\/seo\/ -->\n<title>Dispensador de zumo y bebidas fr\u00edas 4 - distribuci\u00f3n ARC<\/title>\n<meta name=\"robots\" content=\"index, follow, max-snippet:-1, max-image-preview:large, max-video-preview:-1\" \/>\n<link rel=\"canonical\" href=\"https:\/\/www.distribucionarc.com\/sk\/producto\/dispensador-de-zumo-y-bebidas-frias-4\/\" \/>\n<meta property=\"og:locale\" content=\"pl_PL\" \/>\n<meta property=\"og:type\" content=\"article\" \/>\n<meta property=\"og:title\" content=\"Dispensador de zumo y bebidas fr\u00edas 4\" \/>\n<meta property=\"og:description\" content=\"Dispensador de zumo y bebidas fr\u00edas El\u00a0Dispensadores para bebidas fr\u00edas y calientes\u00a0de\u00a0ARC, con una capacidad de 48\u00a0L\u00a0la\u00a0m\u00e1quina expendedora de bebidas fr\u00edas cuenta con 4 tanques de 12L cada uno , la ARCDZE4\u00a0genera un excelente rendimiento, de aspecto elegante y muy f\u00e1cil de usar. Grifo agrandado para fibras de frutas y granos saborizados. Cuide a sus clientes con este\u00a0elegante Dispensador para bebidas\u00a0sus acabados de primera\u00a0 y facilidad de uso lo convierten en un producto indispensable. El tanque de PC sin BPA, el cuerpo de la m\u00e1quina de acero inoxidable de primera clase y el ap\u00f3sito pintado hacia atr\u00e1s forman un protector de salud resistente al desgaste y sencillo de limpiar. Un ayudante con capacidad suficiente para cubrir las necesidades diarias.\u00a0Dispensador\u00a0ARC\u00a0de alta calidad.  Garant\u00eda\u00a0ARC 2 A\u00d1OS Dispensador zumos y bebidas fr\u00edas eficiente, bajo consumo 400w soporte t\u00e9cnico incluido.\" \/>\n<meta property=\"og:url\" content=\"https:\/\/www.distribucionarc.com\/sk\/producto\/dispensador-de-zumo-y-bebidas-frias-4\/\" \/>\n<meta property=\"og:site_name\" content=\"distribuci\u00f3n ARC\" \/>\n<meta property=\"article:modified_time\" content=\"2023-06-05T10:23:40+00:00\" \/>\n<meta property=\"og:image\" content=\"https:\/\/www.distribucionarc.com\/wp-content\/uploads\/2020\/08\/Dispensador-de-zumo-y-bebidas-frias-4.jpg\" \/>\n\t<meta property=\"og:image:width\" content=\"1600\" \/>\n\t<meta property=\"og:image:height\" content=\"1600\" \/>\n\t<meta property=\"og:image:type\" content=\"image\/jpeg\" \/>\n<meta name=\"twitter:card\" content=\"summary_large_image\" \/>\n<meta name=\"twitter:label1\" content=\"Szacowany czas czytania\" \/>\n\t<meta name=\"twitter:data1\" content=\"2 minuty\" \/>\n<script type=\"application\/ld+json\" class=\"yoast-schema-graph\">{\"@context\":\"https:\/\/schema.org\",\"@graph\":[{\"@type\":\"WebPage\",\"@id\":\"https:\/\/www.distribucionarc.com\/sk\/producto\/dispensador-de-zumo-y-bebidas-frias-4\/\",\"url\":\"https:\/\/www.distribucionarc.com\/sk\/producto\/dispensador-de-zumo-y-bebidas-frias-4\/\",\"name\":\"Dispensador de zumo y bebidas fr\u00edas 4 - distribuci\u00f3n ARC\",\"isPartOf\":{\"@id\":\"https:\/\/www.distribucionarc.com\/it\/#website\"},\"primaryImageOfPage\":{\"@id\":\"https:\/\/www.distribucionarc.com\/sk\/producto\/dispensador-de-zumo-y-bebidas-frias-4\/#primaryimage\"},\"image\":{\"@id\":\"https:\/\/www.distribucionarc.com\/sk\/producto\/dispensador-de-zumo-y-bebidas-frias-4\/#primaryimage\"},\"thumbnailUrl\":\"https:\/\/distribucionarc.com\/wp-content\/uploads\/2020\/08\/Dispensador-de-zumo-y-bebidas-frias-4.jpg\",\"datePublished\":\"2020-08-19T22:50:01+00:00\",\"dateModified\":\"2023-06-05T10:23:40+00:00\",\"breadcrumb\":{\"@id\":\"https:\/\/www.distribucionarc.com\/sk\/producto\/dispensador-de-zumo-y-bebidas-frias-4\/#breadcrumb\"},\"inLanguage\":\"pl-PL\",\"potentialAction\":[{\"@type\":\"ReadAction\",\"target\":[\"https:\/\/www.distribucionarc.com\/sk\/producto\/dispensador-de-zumo-y-bebidas-frias-4\/\"]}]},{\"@type\":\"ImageObject\",\"inLanguage\":\"pl-PL\",\"@id\":\"https:\/\/www.distribucionarc.com\/sk\/producto\/dispensador-de-zumo-y-bebidas-frias-4\/#primaryimage\",\"url\":\"https:\/\/distribucionarc.com\/wp-content\/uploads\/2020\/08\/Dispensador-de-zumo-y-bebidas-frias-4.jpg\",\"contentUrl\":\"https:\/\/distribucionarc.com\/wp-content\/uploads\/2020\/08\/Dispensador-de-zumo-y-bebidas-frias-4.jpg\",\"width\":1600,\"height\":1600},{\"@type\":\"BreadcrumbList\",\"@id\":\"https:\/\/www.distribucionarc.com\/sk\/producto\/dispensador-de-zumo-y-bebidas-frias-4\/#breadcrumb\",\"itemListElement\":[{\"@type\":\"ListItem\",\"position\":1,\"name\":\"Portada\",\"item\":\"https:\/\/distribucionarc.com\/nl\/\"},{\"@type\":\"ListItem\",\"position\":2,\"name\":\"Productos\",\"item\":\"https:\/\/distribucionarc.com\/shop\/\"},{\"@type\":\"ListItem\",\"position\":3,\"name\":\"Dispensador de zumo y bebidas fr\u00edas 4\"}]},{\"@type\":\"WebSite\",\"@id\":\"https:\/\/www.distribucionarc.com\/it\/#website\",\"url\":\"https:\/\/www.distribucionarc.com\/it\/\",\"name\":\"distribuci\u00f3n ARC\",\"description\":\"Empresa especializada en la fabricaci\u00f3n y distribuci\u00f3n de maquinaria industrial, selladoras de latas, Maquinas de hacer pastillas, Maquinas de cortar carne...\",\"publisher\":{\"@id\":\"https:\/\/www.distribucionarc.com\/it\/#organization\"},\"potentialAction\":[{\"@type\":\"SearchAction\",\"target\":{\"@type\":\"EntryPoint\",\"urlTemplate\":\"https:\/\/www.distribucionarc.com\/it\/?s={search_term_string}\"},\"query-input\":{\"@type\":\"PropertyValueSpecification\",\"valueRequired\":true,\"valueName\":\"search_term_string\"}}],\"inLanguage\":\"pl-PL\"},{\"@type\":\"Organization\",\"@id\":\"https:\/\/www.distribucionarc.com\/it\/#organization\",\"name\":\"Distribuci\u00f3n ARC\",\"url\":\"https:\/\/www.distribucionarc.com\/it\/\",\"logo\":{\"@type\":\"ImageObject\",\"inLanguage\":\"pl-PL\",\"@id\":\"https:\/\/www.distribucionarc.com\/it\/#\/schema\/logo\/image\/\",\"url\":\"https:\/\/distribucionarc.com\/wp-content\/uploads\/2024\/10\/distribucion-ARC-COLOR-SIN-FONDO-e1732295305345.png\",\"contentUrl\":\"https:\/\/distribucionarc.com\/wp-content\/uploads\/2024\/10\/distribucion-ARC-COLOR-SIN-FONDO-e1732295305345.png\",\"width\":1164,\"height\":558,\"caption\":\"Distribuci\u00f3n ARC\"},\"image\":{\"@id\":\"https:\/\/www.distribucionarc.com\/it\/#\/schema\/logo\/image\/\"},\"description\":\"Empresa especializada en la fabricaci\u00f3n y distribuci\u00f3n de maquinaria industrial para los sectores alimentario y farmac\u00e9utico. Nos especializamos en: M\u00e1quinas de cortar carne Fabricaci\u00f3n de comprimidos Sistemas de transporte industrial L\u00edneas de embotellado Dosificadores Y mucho m\u00e1s... Ofrecemos soluciones innovadoras y personalizadas para optimizar los procesos productivos de tu empresa.\",\"email\":\"Admistracion@distribucionarc.com\",\"telephone\":\"+34 643496664\",\"legalName\":\"ARC TECH SOLUTIONS\",\"foundingDate\":\"2024-04-09\",\"vatID\":\"B55480172\",\"numberOfEmployees\":{\"@type\":\"QuantitativeValue\",\"minValue\":\"1\",\"maxValue\":\"10\"}}]}<\/script>\n<!-- \/ Yoast SEO Premium plugin. -->","yoast_head_json":{"title":"Dystrybutor sok\u00f3w i napoj\u00f3w zimnych 4 - Dystrybucja ARC","robots":{"index":"index","follow":"follow","max-snippet":"max-snippet:-1","max-image-preview":"max-image-preview:large","max-video-preview":"max-video-preview:-1"},"canonical":"https:\/\/www.distribucionarc.com\/sk\/producto\/dispensador-de-zumo-y-bebidas-frias-4\/","og_locale":"pl_PL","og_type":"article","og_title":"Dispensador de zumo y bebidas fr\u00edas 4","og_description":"Dispensador de zumo y bebidas fr\u00edas El\u00a0Dispensadores para bebidas fr\u00edas y calientes\u00a0de\u00a0ARC, con una capacidad de 48\u00a0L\u00a0la\u00a0m\u00e1quina expendedora de bebidas fr\u00edas cuenta con 4 tanques de 12L cada uno , la ARCDZE4\u00a0genera un excelente rendimiento, de aspecto elegante y muy f\u00e1cil de usar. Grifo agrandado para fibras de frutas y granos saborizados. Cuide a sus clientes con este\u00a0elegante Dispensador para bebidas\u00a0sus acabados de primera\u00a0 y facilidad de uso lo convierten en un producto indispensable. El tanque de PC sin BPA, el cuerpo de la m\u00e1quina de acero inoxidable de primera clase y el ap\u00f3sito pintado hacia atr\u00e1s forman un protector de salud resistente al desgaste y sencillo de limpiar. Un ayudante con capacidad suficiente para cubrir las necesidades diarias.\u00a0Dispensador\u00a0ARC\u00a0de alta calidad.  Garant\u00eda\u00a0ARC 2 A\u00d1OS Dispensador zumos y bebidas fr\u00edas eficiente, bajo consumo 400w soporte t\u00e9cnico incluido.","og_url":"https:\/\/www.distribucionarc.com\/sk\/producto\/dispensador-de-zumo-y-bebidas-frias-4\/","og_site_name":"distribuci\u00f3n ARC","article_modified_time":"2023-06-05T10:23:40+00:00","og_image":[{"width":1600,"height":1600,"url":"https:\/\/www.distribucionarc.com\/wp-content\/uploads\/2020\/08\/Dispensador-de-zumo-y-bebidas-frias-4.jpg","type":"image\/jpeg"}],"twitter_card":"summary_large_image","twitter_misc":{"Szacowany czas czytania":"2 minuty"},"schema":{"@context":"https:\/\/schema.org","@graph":[{"@type":"WebPage","@id":"https:\/\/www.distribucionarc.com\/sk\/producto\/dispensador-de-zumo-y-bebidas-frias-4\/","url":"https:\/\/www.distribucionarc.com\/sk\/producto\/dispensador-de-zumo-y-bebidas-frias-4\/","name":"Dystrybutor sok\u00f3w i napoj\u00f3w zimnych 4 - Dystrybucja ARC","isPartOf":{"@id":"https:\/\/www.distribucionarc.com\/it\/#website"},"primaryImageOfPage":{"@id":"https:\/\/www.distribucionarc.com\/sk\/producto\/dispensador-de-zumo-y-bebidas-frias-4\/#primaryimage"},"image":{"@id":"https:\/\/www.distribucionarc.com\/sk\/producto\/dispensador-de-zumo-y-bebidas-frias-4\/#primaryimage"},"thumbnailUrl":"https:\/\/distribucionarc.com\/wp-content\/uploads\/2020\/08\/Dispensador-de-zumo-y-bebidas-frias-4.jpg","datePublished":"2020-08-19T22:50:01+00:00","dateModified":"2023-06-05T10:23:40+00:00","breadcrumb":{"@id":"https:\/\/www.distribucionarc.com\/sk\/producto\/dispensador-de-zumo-y-bebidas-frias-4\/#breadcrumb"},"inLanguage":"pl-PL","potentialAction":[{"@type":"ReadAction","target":["https:\/\/www.distribucionarc.com\/sk\/producto\/dispensador-de-zumo-y-bebidas-frias-4\/"]}]},{"@type":"ImageObject","inLanguage":"pl-PL","@id":"https:\/\/www.distribucionarc.com\/sk\/producto\/dispensador-de-zumo-y-bebidas-frias-4\/#primaryimage","url":"https:\/\/distribucionarc.com\/wp-content\/uploads\/2020\/08\/Dispensador-de-zumo-y-bebidas-frias-4.jpg","contentUrl":"https:\/\/distribucionarc.com\/wp-content\/uploads\/2020\/08\/Dispensador-de-zumo-y-bebidas-frias-4.jpg","width":1600,"height":1600},{"@type":"BreadcrumbList","@id":"https:\/\/www.distribucionarc.com\/sk\/producto\/dispensador-de-zumo-y-bebidas-frias-4\/#breadcrumb","itemListElement":[{"@type":"ListItem","position":1,"name":"Portada","item":"https:\/\/distribucionarc.com\/nl\/"},{"@type":"ListItem","position":2,"name":"Productos","item":"https:\/\/distribucionarc.com\/shop\/"},{"@type":"ListItem","position":3,"name":"Dispensador de zumo y bebidas fr\u00edas 4"}]},{"@type":"WebSite","@id":"https:\/\/www.distribucionarc.com\/it\/#website","url":"https:\/\/www.distribucionarc.com\/it\/","name":"Dystrybucja ARC","description":"Firma specjalizuj\u0105ca si\u0119 w produkcji i dystrybucji maszyn przemys\u0142owych, zgrzewarek do puszek, maszyn do produkcji tabletek, maszyn do ci\u0119cia mi\u0119sa...","publisher":{"@id":"https:\/\/www.distribucionarc.com\/it\/#organization"},"potentialAction":[{"@type":"SearchAction","target":{"@type":"EntryPoint","urlTemplate":"https:\/\/www.distribucionarc.com\/it\/?s={search_term_string}"},"query-input":{"@type":"PropertyValueSpecification","valueRequired":true,"valueName":"search_term_string"}}],"inLanguage":"pl-PL"},{"@type":"Organization","@id":"https:\/\/www.distribucionarc.com\/it\/#organization","name":"Dystrybucja ARC","url":"https:\/\/www.distribucionarc.com\/it\/","logo":{"@type":"ImageObject","inLanguage":"pl-PL","@id":"https:\/\/www.distribucionarc.com\/it\/#\/schema\/logo\/image\/","url":"https:\/\/distribucionarc.com\/wp-content\/uploads\/2024\/10\/distribucion-ARC-COLOR-SIN-FONDO-e1732295305345.png","contentUrl":"https:\/\/distribucionarc.com\/wp-content\/uploads\/2024\/10\/distribucion-ARC-COLOR-SIN-FONDO-e1732295305345.png","width":1164,"height":558,"caption":"Distribuci\u00f3n ARC"},"image":{"@id":"https:\/\/www.distribucionarc.com\/it\/#\/schema\/logo\/image\/"},"description":"Firma specjalizuj\u0105ca si\u0119 w produkcji i dystrybucji maszyn przemys\u0142owych dla sektora spo\u017cywczego i farmaceutycznego. Specjalizujemy si\u0119 w: Maszyny do krojenia mi\u0119sa Produkcja tabletek Przemys\u0142owe systemy transportowe Linie butelkuj\u0105ce Dozowniki I wiele wi\u0119cej.... Oferujemy innowacyjne i niestandardowe rozwi\u0105zania w celu optymalizacji proces\u00f3w produkcyjnych w Twojej firmie.","email":"Admistracion@distribucionarc.com","telephone":"+34 643496664","legalName":"ARC TECH SOLUTIONS","foundingDate":"2024-04-09","vatID":"B55480172","numberOfEmployees":{"@type":"QuantitativeValue","minValue":"1","maxValue":"10"}}]}},"_links":{"self":[{"href":"https:\/\/distribucionarc.com\/pl\/wp-json\/wp\/v2\/product\/2636","targetHints":{"allow":["GET"]}}],"collection":[{"href":"https:\/\/distribucionarc.com\/pl\/wp-json\/wp\/v2\/product"}],"about":[{"href":"https:\/\/distribucionarc.com\/pl\/wp-json\/wp\/v2\/types\/product"}],"replies":[{"embeddable":true,"href":"https:\/\/distribucionarc.com\/pl\/wp-json\/wp\/v2\/comments?post=2636"}],"version-history":[{"count":0,"href":"https:\/\/distribucionarc.com\/pl\/wp-json\/wp\/v2\/product\/2636\/revisions"}],"wp:featuredmedia":[{"embeddable":true,"href":"https:\/\/distribucionarc.com\/pl\/wp-json\/wp\/v2\/media\/6025"}],"wp:attachment":[{"href":"https:\/\/distribucionarc.com\/pl\/wp-json\/wp\/v2\/media?parent=2636"}],"wp:term":[{"taxonomy":"product_brand","embeddable":true,"href":"https:\/\/distribucionarc.com\/pl\/wp-json\/wp\/v2\/product_brand?post=2636"},{"taxonomy":"product_cat","embeddable":true,"href":"https:\/\/distribucionarc.com\/pl\/wp-json\/wp\/v2\/product_cat?post=2636"},{"taxonomy":"product_tag","embeddable":true,"href":"https:\/\/distribucionarc.com\/pl\/wp-json\/wp\/v2\/product_tag?post=2636"}],"curies":[{"name":"wp","href":"https:\/\/api.w.org\/{rel}","templated":true}]}}