{"id":2678,"date":"2020-08-20T11:22:08","date_gmt":"2020-08-20T11:22:08","guid":{"rendered":"https:\/\/distribucionarc.com\/?post_type=product&#038;p=2678"},"modified":"2023-02-06T13:00:10","modified_gmt":"2023-02-06T13:00:10","slug":"5-poziomowa-fontanna-czekoladowa","status":"publish","type":"product","link":"https:\/\/distribucionarc.com\/pl\/producto\/fuente-de-chocolate-5-niveles\/","title":{"rendered":"Fontanna czekoladowa 5 poziom\u00f3w"},"content":{"rendered":"<h3>Fontanna czekoladowa 5 poziom\u00f3w<\/h3>\n<p>The\u00a0<strong>fontanna czekoladowa<\/strong>\u00a0z\u00a0<strong><span style=\"color: #ff0000;\">DO<\/span><span style=\"color: #0000ff;\">R<\/span>C<\/strong>\u00a0ma\u00a0<strong>system nowej generacji oszcz\u0119dzaj\u0105cy energi\u0119<\/strong>\u00a0i podgrzewaj urz\u0105dzenie z automatyczn\u0105 regulacj\u0105 i sta\u0142\u0105 temperatur\u0105. Czekolad\u0119 rozpu\u015b\u0107 najszybciej, fontann\u0119 mo\u017cesz ustawi\u0107 na temperatur\u0119 pokojow\u0105. W ten spos\u00f3b sk\u0142ad czekolady nie ulega zmianie.<\/p>\n<p>Wykonany ze stali nierdzewnej 304 przeznaczonej do kontaktu z \u017cywno\u015bci\u0105\u00a0<strong>fontanna czekoladowa <span style=\"color: #ff0000;\">DO<\/span><span style=\"color: #0000ff;\">R<\/span>CFCH5<\/strong>\u00a0Jest ca\u0142kowicie zamkni\u0119ty, aby unikn\u0105\u0107 problem\u00f3w z wyciekami. Cichy i wydajny silnik sprawia, \u017ce idealnie nadaje si\u0119 na bankiety, wesela, bufety, imprezy, przyj\u0119cia itp.<\/p>\n<h6>Gwarancja<strong>\u00a0<span style=\"color: #ff0000;\">DO<\/span><span style=\"color: #0000ff;\">R<\/span>C<\/strong><\/h6>\n<h6><span style=\"color: #008000;\"><strong>Wydajna fontanna czekoladowa o niskim zu\u017cyciu energii 120W\u00a0<\/strong><\/span><\/h6>\n<h6>wsparcie techniczne w cenie<\/h6>\n<p>&nbsp;<\/p>\n<table role=\"presentation\" width=\"100%\" cellspacing=\"0\" cellpadding=\"0\">\n<tbody>\n<tr>\n<td class=\"attrLabels\">Gwarancja:<\/td>\n<td width=\"50.0%\">\u0141UK 2 LATA<\/td>\n<\/tr>\n<tr>\n<td class=\"attrLabels\">Kraj dystrybucji:<\/td>\n<td width=\"50.0%\">Hiszpania, Niemcy, USA<\/td>\n<td class=\"attrLabels\">Waga:<\/td>\n<td width=\"50.0%\">9kg<\/td>\n<\/tr>\n<tr>\n<td class=\"attrLabels\">Marka:<\/td>\n<td width=\"50.0%\">\u0141UK<\/td>\n<td class=\"attrLabels\">Wysoko\u015b\u0107:<\/td>\n<td width=\"50.0%\">\u00a071cm<\/td>\n<\/tr>\n<tr>\n<td class=\"attrLabels\">Kolor:<\/td>\n<td width=\"50.0%\">Srebrny<\/td>\n<td class=\"attrLabels\">D\u0142ugi:<\/td>\n<td width=\"50.0%\">39cm<\/td>\n<\/tr>\n<tr>\n<td class=\"attrLabels\">Rodzaj produktu:<\/td>\n<td width=\"50.0%\">fontanna czekoladowa<\/td>\n<td class=\"attrLabels\">Szeroki:<\/td>\n<td width=\"50.0%\">39cm<\/td>\n<\/tr>\n<tr>\n<td class=\"attrLabels\">Numer producenta:<\/td>\n<td width=\"50.0%\">ARCFCH5<\/td>\n<td class=\"attrLabels\">Moc:<\/td>\n<td width=\"50.0%\">120 W<\/td>\n<\/tr>\n<tr>\n<td class=\"attrLabels\">Tworzywo:<\/td>\n<td width=\"50.0%\">stal nierdzewna<\/td>\n<td class=\"attrLabels\">Zakres temperatur:<\/td>\n<td width=\"50.0%\">0\u00b0 \u2013 150\u00b0 C<\/td>\n<\/tr>\n<tr>\n<td class=\"attrLabels\">poziomy:<\/td>\n<td width=\"50.0%\">5<\/td>\n<td class=\"attrLabels\">Maksymalna \u015brednica:<\/td>\n<td width=\"50.0%\">33cm<\/td>\n<\/tr>\n<tr>\n<td class=\"attrLabels\">Narz\u0119dzia instalacyjne:<\/td>\n<td width=\"50.0%\">Tak<\/td>\n<td class=\"attrLabels\">Umiej\u0119tno\u015b\u0107:<\/td>\n<td width=\"50.0%\">3L<\/td>\n<\/tr>\n<\/tbody>\n<\/table>","protected":false},"excerpt":{"rendered":"<h2>Fontanna czekoladowa 5 poziom\u00f3w<\/h2>\n<p>The\u00a0<strong>fontanna czekoladowa<\/strong>\u00a0z\u00a0<strong><span style=\"color: #ff0000;\">DO<\/span><span style=\"color: #0000ff;\">R<\/span>C<\/strong> Ma 5 poziom\u00f3w, aby uzyska\u0107 niezr\u00f3wnany efekt wodospadu.<\/p>\n<p>Czekolada opada apetycznie i ma jedwabisty wygl\u0105d\u00a0<strong>fontanna czekoladowa <span style=\"color: #ff0000;\">DO<\/span><span style=\"color: #0000ff;\">R<\/span>CFCH5<\/strong>\u00a0Mo\u017ce by\u0107 niezwyk\u0142\u0105 przyjemno\u015bci\u0105, tworzy niepowtarzalne efekty. Ponadto mo\u017cna go r\u00f3wnie\u017c zast\u0105pi\u0107 innymi produktami spo\u017cywczymi, takimi jak czekolada mleczna, gorzka czekolada, dulce de leche, truskawka, jab\u0142ko, ciasteczka, kulki lodowe, kulki orzechowe i wiele innych.<\/p>\n<h6>Gwarancja<strong>\u00a0<span style=\"color: #ff0000;\">DO<\/span><span style=\"color: #0000ff;\">R<\/span>C<\/strong><\/h6>\n<h6><span style=\"color: #008000;\"><strong>Wydajna fontanna czekoladowa o niskim zu\u017cyciu energii 120W\u00a0<\/strong><\/span><\/h6>\n<h6>wsparcie techniczne w cenie<\/h6>","protected":false},"featured_media":2684,"comment_status":"open","ping_status":"closed","template":"","meta":{"wds_primary_product_brand":0,"wds_primary_product_cat":0},"product_brand":[],"product_cat":[57,56],"product_tag":[],"class_list":{"0":"post-2678","1":"product","2":"type-product","3":"status-publish","4":"has-post-thumbnail","6":"product_cat-dosificadores-dispensadores","7":"product_cat-maquinaria-para-ferias","8":"product_shipping_class-hosteleria","10":"first","11":"instock","12":"sale","13":"taxable","14":"shipping-taxable","15":"purchasable","16":"product-type-simple"},"yoast_head":"<!-- This site is optimized with the Yoast SEO Premium plugin v24.9 (Yoast SEO v26.1) - https:\/\/yoast.com\/wordpress\/plugins\/seo\/ -->\n<title>Fuente de chocolate 5 niveles - distribuci\u00f3n ARC<\/title>\n<meta name=\"robots\" content=\"index, follow, max-snippet:-1, max-image-preview:large, max-video-preview:-1\" \/>\n<link rel=\"canonical\" href=\"https:\/\/distribucionarc.com\/pl\/produkty\/5-poziomowa-fontanna-czekoladowa\/\" \/>\n<meta property=\"og:locale\" content=\"pl_PL\" \/>\n<meta property=\"og:type\" content=\"article\" \/>\n<meta property=\"og:title\" content=\"Fuente de chocolate 5 niveles\" \/>\n<meta property=\"og:description\" content=\"Fuente de chocolate 5 niveles La\u00a0fuente de chocolate\u00a0de\u00a0ARC dispone de 5 niveles para producir un efecto cascada inigualable.  El chocolate que desciende apetitosamente y con un aspecto sedoso por esta\u00a0fuente de chocolate ARCFCH5\u00a0puede ser un placer extraordinario, crea efectos \u00fanicos. Adem\u00e1s, tambi\u00e9n puede sustituirse con otros alimentos, tales como chocolate con leche, chocolate negro, dulce de leche, fresa, manzana, galletas, bolas de helado, bolas de cacahuete, y muchos m\u00e1s. Garant\u00eda\u00a0ARC Fuente de chocolate eficiente, bajo consumo 120W\u00a0 soporte t\u00e9cnico\u00a0incluido\" \/>\n<meta property=\"og:url\" content=\"https:\/\/distribucionarc.com\/pl\/produkty\/5-poziomowa-fontanna-czekoladowa\/\" \/>\n<meta property=\"og:site_name\" content=\"distribuci\u00f3n ARC\" \/>\n<meta property=\"article:modified_time\" content=\"2023-02-06T13:00:10+00:00\" \/>\n<meta property=\"og:image\" content=\"https:\/\/distribucionarc.com\/wp-content\/uploads\/2020\/08\/Fuente-de-chocolate-5-niveles-1.jpg\" \/>\n\t<meta property=\"og:image:width\" content=\"1000\" \/>\n\t<meta property=\"og:image:height\" content=\"1000\" \/>\n\t<meta property=\"og:image:type\" content=\"image\/jpeg\" \/>\n<meta name=\"twitter:card\" content=\"summary_large_image\" \/>\n<meta name=\"twitter:label1\" content=\"Szacowany czas czytania\" \/>\n\t<meta name=\"twitter:data1\" content=\"1 minuta\" \/>\n<script type=\"application\/ld+json\" class=\"yoast-schema-graph\">{\"@context\":\"https:\/\/schema.org\",\"@graph\":[{\"@type\":\"WebPage\",\"@id\":\"https:\/\/distribucionarc.com\/sl\/producto\/fuente-de-chocolate-5-niveles\/\",\"url\":\"https:\/\/distribucionarc.com\/sl\/producto\/fuente-de-chocolate-5-niveles\/\",\"name\":\"Fuente de chocolate 5 niveles - distribuci\u00f3n ARC\",\"isPartOf\":{\"@id\":\"https:\/\/distribucionarc.com\/de\/#website\"},\"primaryImageOfPage\":{\"@id\":\"https:\/\/distribucionarc.com\/sl\/producto\/fuente-de-chocolate-5-niveles\/#primaryimage\"},\"image\":{\"@id\":\"https:\/\/distribucionarc.com\/sl\/producto\/fuente-de-chocolate-5-niveles\/#primaryimage\"},\"thumbnailUrl\":\"https:\/\/distribucionarc.com\/wp-content\/uploads\/2020\/08\/Fuente-de-chocolate-5-niveles-1.jpg\",\"datePublished\":\"2020-08-20T11:22:08+00:00\",\"dateModified\":\"2023-02-06T13:00:10+00:00\",\"breadcrumb\":{\"@id\":\"https:\/\/distribucionarc.com\/sl\/producto\/fuente-de-chocolate-5-niveles\/#breadcrumb\"},\"inLanguage\":\"pl-PL\",\"potentialAction\":[{\"@type\":\"ReadAction\",\"target\":[\"https:\/\/distribucionarc.com\/sl\/producto\/fuente-de-chocolate-5-niveles\/\"]}]},{\"@type\":\"ImageObject\",\"inLanguage\":\"pl-PL\",\"@id\":\"https:\/\/distribucionarc.com\/sl\/producto\/fuente-de-chocolate-5-niveles\/#primaryimage\",\"url\":\"https:\/\/distribucionarc.com\/wp-content\/uploads\/2020\/08\/Fuente-de-chocolate-5-niveles-1.jpg\",\"contentUrl\":\"https:\/\/distribucionarc.com\/wp-content\/uploads\/2020\/08\/Fuente-de-chocolate-5-niveles-1.jpg\",\"width\":1000,\"height\":1000,\"caption\":\"Fuente de chocolate 5 niveles\"},{\"@type\":\"BreadcrumbList\",\"@id\":\"https:\/\/distribucionarc.com\/sl\/producto\/fuente-de-chocolate-5-niveles\/#breadcrumb\",\"itemListElement\":[{\"@type\":\"ListItem\",\"position\":1,\"name\":\"Portada\",\"item\":\"https:\/\/distribucionarc.com\/pl\/\"},{\"@type\":\"ListItem\",\"position\":2,\"name\":\"Produkty\",\"item\":\"https:\/\/distribucionarc.com\/pl\/shop\/\"},{\"@type\":\"ListItem\",\"position\":3,\"name\":\"Fuente de chocolate 5 niveles\"}]},{\"@type\":\"WebSite\",\"@id\":\"https:\/\/distribucionarc.com\/de\/#website\",\"url\":\"https:\/\/distribucionarc.com\/de\/\",\"name\":\"distribuci\u00f3n ARC\",\"description\":\"Empresa especializada en la fabricaci\u00f3n y distribuci\u00f3n de maquinaria industrial, selladoras de latas, Maquinas de hacer pastillas, Maquinas de cortar carne...\",\"publisher\":{\"@id\":\"https:\/\/distribucionarc.com\/de\/#organization\"},\"potentialAction\":[{\"@type\":\"SearchAction\",\"target\":{\"@type\":\"EntryPoint\",\"urlTemplate\":\"https:\/\/distribucionarc.com\/de\/?s={search_term_string}\"},\"query-input\":{\"@type\":\"PropertyValueSpecification\",\"valueRequired\":true,\"valueName\":\"search_term_string\"}}],\"inLanguage\":\"pl-PL\"},{\"@type\":\"Organization\",\"@id\":\"https:\/\/distribucionarc.com\/de\/#organization\",\"name\":\"Distribuci\u00f3n ARC\",\"url\":\"https:\/\/distribucionarc.com\/de\/\",\"logo\":{\"@type\":\"ImageObject\",\"inLanguage\":\"pl-PL\",\"@id\":\"https:\/\/distribucionarc.com\/de\/#\/schema\/logo\/image\/\",\"url\":\"https:\/\/distribucionarc.com\/wp-content\/uploads\/2024\/10\/distribucion-ARC-COLOR-SIN-FONDO-e1732295305345.png\",\"contentUrl\":\"https:\/\/distribucionarc.com\/wp-content\/uploads\/2024\/10\/distribucion-ARC-COLOR-SIN-FONDO-e1732295305345.png\",\"width\":1164,\"height\":558,\"caption\":\"Distribuci\u00f3n ARC\"},\"image\":{\"@id\":\"https:\/\/distribucionarc.com\/de\/#\/schema\/logo\/image\/\"},\"description\":\"Empresa especializada en la fabricaci\u00f3n y distribuci\u00f3n de maquinaria industrial para los sectores alimentario y farmac\u00e9utico. Nos especializamos en: M\u00e1quinas de cortar carne Fabricaci\u00f3n de comprimidos Sistemas de transporte industrial L\u00edneas de embotellado Dosificadores Y mucho m\u00e1s... Ofrecemos soluciones innovadoras y personalizadas para optimizar los procesos productivos de tu empresa.\",\"email\":\"Admistracion@distribucionarc.com\",\"telephone\":\"+34 643496664\",\"legalName\":\"ARC TECH SOLUTIONS\",\"foundingDate\":\"2024-04-09\",\"vatID\":\"B55480172\",\"numberOfEmployees\":{\"@type\":\"QuantitativeValue\",\"minValue\":\"1\",\"maxValue\":\"10\"}}]}<\/script>\n<!-- \/ Yoast SEO Premium plugin. -->","yoast_head_json":{"title":"Fontanna czekoladowa 5-poziomowa - dystrybucja ARC","robots":{"index":"index","follow":"follow","max-snippet":"max-snippet:-1","max-image-preview":"max-image-preview:large","max-video-preview":"max-video-preview:-1"},"canonical":"https:\/\/distribucionarc.com\/pl\/produkty\/5-poziomowa-fontanna-czekoladowa\/","og_locale":"pl_PL","og_type":"article","og_title":"Fuente de chocolate 5 niveles","og_description":"Fuente de chocolate 5 niveles La\u00a0fuente de chocolate\u00a0de\u00a0ARC dispone de 5 niveles para producir un efecto cascada inigualable.  El chocolate que desciende apetitosamente y con un aspecto sedoso por esta\u00a0fuente de chocolate ARCFCH5\u00a0puede ser un placer extraordinario, crea efectos \u00fanicos. Adem\u00e1s, tambi\u00e9n puede sustituirse con otros alimentos, tales como chocolate con leche, chocolate negro, dulce de leche, fresa, manzana, galletas, bolas de helado, bolas de cacahuete, y muchos m\u00e1s. Garant\u00eda\u00a0ARC Fuente de chocolate eficiente, bajo consumo 120W\u00a0 soporte t\u00e9cnico\u00a0incluido","og_url":"https:\/\/distribucionarc.com\/pl\/produkty\/5-poziomowa-fontanna-czekoladowa\/","og_site_name":"distribuci\u00f3n ARC","article_modified_time":"2023-02-06T13:00:10+00:00","og_image":[{"width":1000,"height":1000,"url":"https:\/\/distribucionarc.com\/wp-content\/uploads\/2020\/08\/Fuente-de-chocolate-5-niveles-1.jpg","type":"image\/jpeg"}],"twitter_card":"summary_large_image","twitter_misc":{"Szacowany czas czytania":"1 minuta"},"schema":{"@context":"https:\/\/schema.org","@graph":[{"@type":"WebPage","@id":"https:\/\/distribucionarc.com\/sl\/producto\/fuente-de-chocolate-5-niveles\/","url":"https:\/\/distribucionarc.com\/sl\/producto\/fuente-de-chocolate-5-niveles\/","name":"Fontanna czekoladowa 5-poziomowa - dystrybucja ARC","isPartOf":{"@id":"https:\/\/distribucionarc.com\/de\/#website"},"primaryImageOfPage":{"@id":"https:\/\/distribucionarc.com\/sl\/producto\/fuente-de-chocolate-5-niveles\/#primaryimage"},"image":{"@id":"https:\/\/distribucionarc.com\/sl\/producto\/fuente-de-chocolate-5-niveles\/#primaryimage"},"thumbnailUrl":"https:\/\/distribucionarc.com\/wp-content\/uploads\/2020\/08\/Fuente-de-chocolate-5-niveles-1.jpg","datePublished":"2020-08-20T11:22:08+00:00","dateModified":"2023-02-06T13:00:10+00:00","breadcrumb":{"@id":"https:\/\/distribucionarc.com\/sl\/producto\/fuente-de-chocolate-5-niveles\/#breadcrumb"},"inLanguage":"pl-PL","potentialAction":[{"@type":"ReadAction","target":["https:\/\/distribucionarc.com\/sl\/producto\/fuente-de-chocolate-5-niveles\/"]}]},{"@type":"ImageObject","inLanguage":"pl-PL","@id":"https:\/\/distribucionarc.com\/sl\/producto\/fuente-de-chocolate-5-niveles\/#primaryimage","url":"https:\/\/distribucionarc.com\/wp-content\/uploads\/2020\/08\/Fuente-de-chocolate-5-niveles-1.jpg","contentUrl":"https:\/\/distribucionarc.com\/wp-content\/uploads\/2020\/08\/Fuente-de-chocolate-5-niveles-1.jpg","width":1000,"height":1000,"caption":"Fuente de chocolate 5 niveles"},{"@type":"BreadcrumbList","@id":"https:\/\/distribucionarc.com\/sl\/producto\/fuente-de-chocolate-5-niveles\/#breadcrumb","itemListElement":[{"@type":"ListItem","position":1,"name":"Portada","item":"https:\/\/distribucionarc.com\/pl\/"},{"@type":"ListItem","position":2,"name":"Produkty","item":"https:\/\/distribucionarc.com\/pl\/shop\/"},{"@type":"ListItem","position":3,"name":"Fuente de chocolate 5 niveles"}]},{"@type":"WebSite","@id":"https:\/\/distribucionarc.com\/de\/#website","url":"https:\/\/distribucionarc.com\/de\/","name":"Dystrybucja ARC","description":"Firma specjalizuj\u0105ca si\u0119 w produkcji i dystrybucji maszyn przemys\u0142owych, zgrzewarek do puszek, maszyn do produkcji tabletek, maszyn do ci\u0119cia mi\u0119sa...","publisher":{"@id":"https:\/\/distribucionarc.com\/de\/#organization"},"potentialAction":[{"@type":"SearchAction","target":{"@type":"EntryPoint","urlTemplate":"https:\/\/distribucionarc.com\/de\/?s={search_term_string}"},"query-input":{"@type":"PropertyValueSpecification","valueRequired":true,"valueName":"search_term_string"}}],"inLanguage":"pl-PL"},{"@type":"Organization","@id":"https:\/\/distribucionarc.com\/de\/#organization","name":"Dystrybucja ARC","url":"https:\/\/distribucionarc.com\/de\/","logo":{"@type":"ImageObject","inLanguage":"pl-PL","@id":"https:\/\/distribucionarc.com\/de\/#\/schema\/logo\/image\/","url":"https:\/\/distribucionarc.com\/wp-content\/uploads\/2024\/10\/distribucion-ARC-COLOR-SIN-FONDO-e1732295305345.png","contentUrl":"https:\/\/distribucionarc.com\/wp-content\/uploads\/2024\/10\/distribucion-ARC-COLOR-SIN-FONDO-e1732295305345.png","width":1164,"height":558,"caption":"Distribuci\u00f3n ARC"},"image":{"@id":"https:\/\/distribucionarc.com\/de\/#\/schema\/logo\/image\/"},"description":"Firma specjalizuj\u0105ca si\u0119 w produkcji i dystrybucji maszyn przemys\u0142owych dla sektora spo\u017cywczego i farmaceutycznego. Specjalizujemy si\u0119 w: Maszyny do krojenia mi\u0119sa Produkcja tabletek Przemys\u0142owe systemy transportowe Linie butelkuj\u0105ce Dozowniki I wiele wi\u0119cej.... Oferujemy innowacyjne i niestandardowe rozwi\u0105zania w celu optymalizacji proces\u00f3w produkcyjnych w Twojej firmie.","email":"Admistracion@distribucionarc.com","telephone":"+34 643496664","legalName":"ARC TECH SOLUTIONS","foundingDate":"2024-04-09","vatID":"B55480172","numberOfEmployees":{"@type":"QuantitativeValue","minValue":"1","maxValue":"10"}}]}},"_links":{"self":[{"href":"https:\/\/distribucionarc.com\/pl\/wp-json\/wp\/v2\/product\/2678","targetHints":{"allow":["GET"]}}],"collection":[{"href":"https:\/\/distribucionarc.com\/pl\/wp-json\/wp\/v2\/product"}],"about":[{"href":"https:\/\/distribucionarc.com\/pl\/wp-json\/wp\/v2\/types\/product"}],"replies":[{"embeddable":true,"href":"https:\/\/distribucionarc.com\/pl\/wp-json\/wp\/v2\/comments?post=2678"}],"version-history":[{"count":0,"href":"https:\/\/distribucionarc.com\/pl\/wp-json\/wp\/v2\/product\/2678\/revisions"}],"wp:featuredmedia":[{"embeddable":true,"href":"https:\/\/distribucionarc.com\/pl\/wp-json\/wp\/v2\/media\/2684"}],"wp:attachment":[{"href":"https:\/\/distribucionarc.com\/pl\/wp-json\/wp\/v2\/media?parent=2678"}],"wp:term":[{"taxonomy":"product_brand","embeddable":true,"href":"https:\/\/distribucionarc.com\/pl\/wp-json\/wp\/v2\/product_brand?post=2678"},{"taxonomy":"product_cat","embeddable":true,"href":"https:\/\/distribucionarc.com\/pl\/wp-json\/wp\/v2\/product_cat?post=2678"},{"taxonomy":"product_tag","embeddable":true,"href":"https:\/\/distribucionarc.com\/pl\/wp-json\/wp\/v2\/product_tag?post=2678"}],"curies":[{"name":"wp","href":"https:\/\/api.w.org\/{rel}","templated":true}]}}