{"id":2708,"date":"2020-08-20T16:39:22","date_gmt":"2020-08-20T16:39:22","guid":{"rendered":"https:\/\/distribucionarc.com\/?post_type=product&#038;p=2708"},"modified":"2020-10-01T09:49:43","modified_gmt":"2020-10-01T09:49:43","slug":"maszyna-do-napisow-na-pierscieniach","status":"publish","type":"product","link":"https:\/\/distribucionarc.com\/pl\/producto\/maquina-para-inscripciones-en-anillos\/","title":{"rendered":"Maszyna do napisania pier\u015bcionka"},"content":{"rendered":"<h3>Maszyna do napisania pier\u015bcionka<\/h3>\n<p><strong>Profesjonalny grawer na pier\u015bcieniu wewn\u0119trznym <span style=\"color: #ff0000;\">DO<\/span><span style=\"color: #0000ff;\">R<\/span>C<\/strong>, ze standardowym oznaczeniem blokowym. Wygraweruj b\u0142yszcz\u0105ce inicja\u0142y, daty lub frazy po wewn\u0119trznej stronie prawie ka\u017cdego pier\u015bcionka. Mo\u017cna w nim umie\u015bci\u0107 r\u00f3\u017cne kszta\u0142ty pier\u015bcionk\u00f3w o r\u00f3\u017cnych \u015brednicach i grubo\u015bciach.<\/p>\n<p>Kula ma \u015brednic\u0119 oko\u0142o (12,5 cm). Posiada dwustronn\u0105 tarcz\u0119 z literami blokowymi, na kt\u00f3rej znajduj\u0105 si\u0119 litery i cyfry. Dzi\u0119ki diamentowej ko\u0144c\u00f3wce wykonanie napis\u00f3w nie sprawi Ci \u017cadnego problemu. Plus automatyczne centrowanie liter, jednolite odst\u0119py mi\u0119dzy znakami i jednakowa g\u0142\u0119boko\u015b\u0107 grawerowania.<\/p>\n<p>Z tym praktycznym <strong>grawer pier\u015bcionk\u00f3w<span style=\"color: #ff0000;\"> DO<\/span><span style=\"color: #0000ff;\">R<\/span>CGPA1<\/strong> Wewn\u0105trz mo\u017cesz zaskoczy\u0107 swoich klient\u00f3w natychmiastow\u0105 satysfakcj\u0105 i zamieni\u0107 ka\u017cdy pier\u015bcionek w spersonalizowan\u0105 pami\u0105tk\u0119, graweruj\u0105c imiona, inicja\u0142y, pami\u0105tkowe daty, kr\u00f3tk\u0105 wiadomo\u015b\u0107 itp.<\/p>\n<h6><\/h6>\n<h6><strong>Gwarancja<span style=\"color: #ff0000;\">\u00a0<\/span><\/strong><span style=\"color: #ff0000;\"><strong>DO<\/strong><\/span><span style=\"color: #0000ff;\"><strong>R<\/strong><\/span><strong>C 2 LATA<\/strong><\/h6>\n<h6><strong>wsparcie techniczne w cenie<\/strong><\/h6>\n<p>&nbsp;<\/p>\n<table width=\"100%\">\n<tbody>\n<tr>\n<td>Facet:<\/td>\n<td width=\"50%\">Podr\u0119cznik<\/td>\n<td colspan=\"2\" width=\"327\"><\/td>\n<\/tr>\n<tr>\n<td>Kraj dystrybucji:<\/td>\n<td width=\"50%\">Hiszpania, Niemcy, USA<\/td>\n<td>Waga:<\/td>\n<td width=\"50%\">6,5 kg<\/td>\n<\/tr>\n<tr>\n<td>Marka:<\/td>\n<td width=\"50%\">\u0141UK<\/td>\n<td>Wysoko\u015b\u0107:<\/td>\n<td width=\"50%\">45cm<\/td>\n<\/tr>\n<tr>\n<td>Kolor:<\/td>\n<td width=\"50%\">Srebrny<\/td>\n<td>D\u0142ugi:<\/td>\n<td width=\"50%\">\u00a025cm<\/td>\n<\/tr>\n<tr>\n<td>Rodzaj produktu:<\/td>\n<td width=\"50%\">grawer pier\u015bcionk\u00f3w<\/td>\n<td>Szeroki:<\/td>\n<td width=\"50%\">23cm<\/td>\n<\/tr>\n<tr>\n<td>Numer producenta:<\/td>\n<td width=\"50%\">ARCGPA1<\/td>\n<td>K\u0105t obrotu:<\/td>\n<td width=\"50%\">360\u00b0<\/td>\n<\/tr>\n<tr>\n<td>Tworzywo:<\/td>\n<td width=\"50%\">\u00a0stal nierdzewna, ko\u0144c\u00f3wka diamentowa<\/td>\n<td>Rozmiar wpisu:<\/td>\n<td width=\"50%\">8,6 x 8,6 cm<\/td>\n<\/tr>\n<tr>\n<td>Gwarancja:<\/td>\n<td width=\"50%\">2 LATA<\/td>\n<td>\u015arednica kuli:<\/td>\n<td width=\"50%\">12,5cm<\/td>\n<\/tr>\n<tr>\n<td>Narz\u0119dzia instalacyjne:<\/td>\n<td width=\"50%\">Tak<\/td>\n<td>Pakiet zawiera:<\/td>\n<td width=\"50%\">1 x maszyna do grawerowania pier\u015bcieni wewn\u0119trznych<br \/>\n1 x dwustronna tarcza<\/td>\n<\/tr>\n<\/tbody>\n<\/table>","protected":false},"excerpt":{"rendered":"<h2>Maszyna do napisania pier\u015bcionka<\/h2>\n<p>Ten <strong>maszyna do grawerowania <span style=\"color: #ff0000;\">DO<\/span><span style=\"color: #0000ff;\">R<\/span>C<\/strong> Profesjonalnie graweruje z\u0142oto, srebro i inne materia\u0142y oraz pasuje do w\u0105skich, szerokich i osadzonych pier\u015bcionk\u00f3w. Z <strong>diamentowa ko\u0144c\u00f3wka o\u0142\u00f3wka<\/strong> co zapewnia wyra\u017any grawer i automatyczne centrowanie<\/p>\n<p>Jest przeznaczony dla <strong>szybkie i \u0142atwe grawerowanie<\/strong> po wewn\u0119trznej stronie kilku pier\u015bcieni, praktycznie nie do odr\u00f3\u017cnienia od r\u0119cznego grawerowania. Automatyczna skrzynia bieg\u00f3w umo\u017cliwia dalsze obracanie si\u0119 uchwytu po wygrawerowaniu ka\u017cdego znaku. Dwustronna kula graweruj\u0105ca umo\u017cliwia grawerowanie na prawie wszystkich typach pier\u015bcionk\u00f3w o r\u00f3\u017cnej wysoko\u015bci i grubo\u015bci.<\/p>\n<h6><strong>Gwarancja<span style=\"color: #ff0000;\">\u00a0<\/span><\/strong><span style=\"color: #ff0000;\"><strong>DO<\/strong><\/span><span style=\"color: #0000ff;\"><strong>R<\/strong><\/span><strong>C 2 LATA<\/strong><\/h6>\n<h6><strong>wsparcie techniczne w cenie<\/strong><\/h6>","protected":false},"featured_media":2715,"comment_status":"open","ping_status":"closed","template":"","meta":{"wds_primary_product_brand":0,"wds_primary_product_cat":0},"product_brand":[],"product_cat":[69,70],"product_tag":[],"class_list":{"0":"post-2708","1":"product","2":"type-product","3":"status-publish","4":"has-post-thumbnail","6":"product_cat-maquinas-variadas","7":"product_cat-talladoras-marcadoras-de-metal-grabadoras-laser","8":"product_shipping_class-express","10":"first","11":"instock","12":"sale","13":"taxable","14":"shipping-taxable","15":"purchasable","16":"product-type-simple"},"yoast_head":"<!-- This site is optimized with the Yoast SEO Premium plugin v24.9 (Yoast SEO v26.1) - https:\/\/yoast.com\/wordpress\/plugins\/seo\/ -->\n<title>Maquina para inscripciones en anillos - distribuci\u00f3n ARC<\/title>\n<meta name=\"robots\" content=\"index, follow, max-snippet:-1, max-image-preview:large, max-video-preview:-1\" \/>\n<link rel=\"canonical\" href=\"https:\/\/www.distribucionarc.com\/tr\/producto\/maquina-para-inscripciones-en-anillos\/\" \/>\n<meta property=\"og:locale\" content=\"pl_PL\" \/>\n<meta property=\"og:type\" content=\"article\" \/>\n<meta property=\"og:title\" content=\"Maquina para inscripciones en anillos\" \/>\n<meta property=\"og:description\" content=\"Maquina para inscripciones en anillos Esta m\u00e1quina de grabado ARC graba profesionalmente oro, plata y otros materiales y se adapta con anillos estrechos, anchos y de conjunto. Con una punta de l\u00e1piz de diamante que asegura el grabado claro y el centrado autom\u00e1tico  Est\u00e1 dise\u00f1ado para un grabado r\u00e1pido y sencillo en el interior de varios anillos, pr\u00e1cticamente indistinguible del grabado a mano. La transmisi\u00f3n autom\u00e1tica de engranajes permite que el portabrocas siga girando despu\u00e9s de grabar cada car\u00e1cter. La esfera de grabado de doble cara permite grabar en casi todo tipo de anillos con diferentes alturas y espesores. Garant\u00eda\u00a0ARC 2 A\u00d1OS soporte t\u00e9cnico\u00a0incluido\" \/>\n<meta property=\"og:url\" content=\"https:\/\/www.distribucionarc.com\/tr\/producto\/maquina-para-inscripciones-en-anillos\/\" \/>\n<meta property=\"og:site_name\" content=\"distribuci\u00f3n ARC\" \/>\n<meta property=\"article:modified_time\" content=\"2020-10-01T09:49:43+00:00\" \/>\n<meta property=\"og:image\" content=\"https:\/\/distribucionarc.com\/wp-content\/uploads\/2020\/08\/M\u00e1quina-para-inscripciones-en-anillos-0.jpg\" \/>\n\t<meta property=\"og:image:width\" content=\"1001\" \/>\n\t<meta property=\"og:image:height\" content=\"1001\" \/>\n\t<meta property=\"og:image:type\" content=\"image\/jpeg\" \/>\n<meta name=\"twitter:card\" content=\"summary_large_image\" \/>\n<meta name=\"twitter:label1\" content=\"Szacowany czas czytania\" \/>\n\t<meta name=\"twitter:data1\" content=\"1 minuta\" \/>\n<script type=\"application\/ld+json\" class=\"yoast-schema-graph\">{\"@context\":\"https:\/\/schema.org\",\"@graph\":[{\"@type\":\"WebPage\",\"@id\":\"https:\/\/www.distribucionarc.com\/tr\/producto\/maquina-para-inscripciones-en-anillos\/\",\"url\":\"https:\/\/www.distribucionarc.com\/tr\/producto\/maquina-para-inscripciones-en-anillos\/\",\"name\":\"Maquina para inscripciones en anillos - distribuci\u00f3n ARC\",\"isPartOf\":{\"@id\":\"https:\/\/www.distribucionarc.com\/sl\/#website\"},\"primaryImageOfPage\":{\"@id\":\"https:\/\/www.distribucionarc.com\/tr\/producto\/maquina-para-inscripciones-en-anillos\/#primaryimage\"},\"image\":{\"@id\":\"https:\/\/www.distribucionarc.com\/tr\/producto\/maquina-para-inscripciones-en-anillos\/#primaryimage\"},\"thumbnailUrl\":\"https:\/\/distribucionarc.com\/wp-content\/uploads\/2020\/08\/M\u00e1quina-para-inscripciones-en-anillos-0.jpg\",\"datePublished\":\"2020-08-20T16:39:22+00:00\",\"dateModified\":\"2020-10-01T09:49:43+00:00\",\"breadcrumb\":{\"@id\":\"https:\/\/www.distribucionarc.com\/tr\/producto\/maquina-para-inscripciones-en-anillos\/#breadcrumb\"},\"inLanguage\":\"pl-PL\",\"potentialAction\":[{\"@type\":\"ReadAction\",\"target\":[\"https:\/\/www.distribucionarc.com\/tr\/producto\/maquina-para-inscripciones-en-anillos\/\"]}]},{\"@type\":\"ImageObject\",\"inLanguage\":\"pl-PL\",\"@id\":\"https:\/\/www.distribucionarc.com\/tr\/producto\/maquina-para-inscripciones-en-anillos\/#primaryimage\",\"url\":\"https:\/\/distribucionarc.com\/wp-content\/uploads\/2020\/08\/M\u00e1quina-para-inscripciones-en-anillos-0.jpg\",\"contentUrl\":\"https:\/\/distribucionarc.com\/wp-content\/uploads\/2020\/08\/M\u00e1quina-para-inscripciones-en-anillos-0.jpg\",\"width\":1001,\"height\":1001,\"caption\":\"Maquina para inscripciones en anillos\"},{\"@type\":\"BreadcrumbList\",\"@id\":\"https:\/\/www.distribucionarc.com\/tr\/producto\/maquina-para-inscripciones-en-anillos\/#breadcrumb\",\"itemListElement\":[{\"@type\":\"ListItem\",\"position\":1,\"name\":\"Portada\",\"item\":\"https:\/\/www.distribucionarc.com\/\"},{\"@type\":\"ListItem\",\"position\":2,\"name\":\"\u00dcr\u00fcnler\",\"item\":\"https:\/\/www.distribucionarc.com\/tr\/magaza\/\"},{\"@type\":\"ListItem\",\"position\":3,\"name\":\"Maquina para inscripciones en anillos\"}]},{\"@type\":\"WebSite\",\"@id\":\"https:\/\/www.distribucionarc.com\/sl\/#website\",\"url\":\"https:\/\/www.distribucionarc.com\/sl\/\",\"name\":\"distribuci\u00f3n ARC\",\"description\":\"Empresa especializada en la fabricaci\u00f3n y distribuci\u00f3n de maquinaria industrial, selladoras de latas, Maquinas de hacer pastillas, Maquinas de cortar carne...\",\"publisher\":{\"@id\":\"https:\/\/www.distribucionarc.com\/sl\/#organization\"},\"potentialAction\":[{\"@type\":\"SearchAction\",\"target\":{\"@type\":\"EntryPoint\",\"urlTemplate\":\"https:\/\/www.distribucionarc.com\/sl\/?s={search_term_string}\"},\"query-input\":{\"@type\":\"PropertyValueSpecification\",\"valueRequired\":true,\"valueName\":\"search_term_string\"}}],\"inLanguage\":\"pl-PL\"},{\"@type\":\"Organization\",\"@id\":\"https:\/\/www.distribucionarc.com\/sl\/#organization\",\"name\":\"Distribuci\u00f3n ARC\",\"url\":\"https:\/\/www.distribucionarc.com\/sl\/\",\"logo\":{\"@type\":\"ImageObject\",\"inLanguage\":\"pl-PL\",\"@id\":\"https:\/\/www.distribucionarc.com\/sl\/#\/schema\/logo\/image\/\",\"url\":\"https:\/\/distribucionarc.com\/wp-content\/uploads\/2024\/10\/distribucion-ARC-COLOR-SIN-FONDO-e1732295305345.png\",\"contentUrl\":\"https:\/\/distribucionarc.com\/wp-content\/uploads\/2024\/10\/distribucion-ARC-COLOR-SIN-FONDO-e1732295305345.png\",\"width\":1164,\"height\":558,\"caption\":\"Distribuci\u00f3n ARC\"},\"image\":{\"@id\":\"https:\/\/www.distribucionarc.com\/sl\/#\/schema\/logo\/image\/\"},\"description\":\"Empresa especializada en la fabricaci\u00f3n y distribuci\u00f3n de maquinaria industrial para los sectores alimentario y farmac\u00e9utico. Nos especializamos en: M\u00e1quinas de cortar carne Fabricaci\u00f3n de comprimidos Sistemas de transporte industrial L\u00edneas de embotellado Dosificadores Y mucho m\u00e1s... Ofrecemos soluciones innovadoras y personalizadas para optimizar los procesos productivos de tu empresa.\",\"email\":\"Admistracion@distribucionarc.com\",\"telephone\":\"+34 643496664\",\"legalName\":\"ARC TECH SOLUTIONS\",\"foundingDate\":\"2024-04-09\",\"vatID\":\"B55480172\",\"numberOfEmployees\":{\"@type\":\"QuantitativeValue\",\"minValue\":\"1\",\"maxValue\":\"10\"}}]}<\/script>\n<!-- \/ Yoast SEO Premium plugin. -->","yoast_head_json":{"title":"Maszyna do napisania pier\u015bcionk\u00f3w - dystrybucja ARC","robots":{"index":"index","follow":"follow","max-snippet":"max-snippet:-1","max-image-preview":"max-image-preview:large","max-video-preview":"max-video-preview:-1"},"canonical":"https:\/\/www.distribucionarc.com\/tr\/producto\/maquina-para-inscripciones-en-anillos\/","og_locale":"pl_PL","og_type":"article","og_title":"Maquina para inscripciones en anillos","og_description":"Maquina para inscripciones en anillos Esta m\u00e1quina de grabado ARC graba profesionalmente oro, plata y otros materiales y se adapta con anillos estrechos, anchos y de conjunto. Con una punta de l\u00e1piz de diamante que asegura el grabado claro y el centrado autom\u00e1tico  Est\u00e1 dise\u00f1ado para un grabado r\u00e1pido y sencillo en el interior de varios anillos, pr\u00e1cticamente indistinguible del grabado a mano. La transmisi\u00f3n autom\u00e1tica de engranajes permite que el portabrocas siga girando despu\u00e9s de grabar cada car\u00e1cter. La esfera de grabado de doble cara permite grabar en casi todo tipo de anillos con diferentes alturas y espesores. Garant\u00eda\u00a0ARC 2 A\u00d1OS soporte t\u00e9cnico\u00a0incluido","og_url":"https:\/\/www.distribucionarc.com\/tr\/producto\/maquina-para-inscripciones-en-anillos\/","og_site_name":"distribuci\u00f3n ARC","article_modified_time":"2020-10-01T09:49:43+00:00","og_image":[{"width":1001,"height":1001,"url":"https:\/\/distribucionarc.com\/wp-content\/uploads\/2020\/08\/M\u00e1quina-para-inscripciones-en-anillos-0.jpg","type":"image\/jpeg"}],"twitter_card":"summary_large_image","twitter_misc":{"Szacowany czas czytania":"1 minuta"},"schema":{"@context":"https:\/\/schema.org","@graph":[{"@type":"WebPage","@id":"https:\/\/www.distribucionarc.com\/tr\/producto\/maquina-para-inscripciones-en-anillos\/","url":"https:\/\/www.distribucionarc.com\/tr\/producto\/maquina-para-inscripciones-en-anillos\/","name":"Maszyna do napisania pier\u015bcionk\u00f3w - dystrybucja ARC","isPartOf":{"@id":"https:\/\/www.distribucionarc.com\/sl\/#website"},"primaryImageOfPage":{"@id":"https:\/\/www.distribucionarc.com\/tr\/producto\/maquina-para-inscripciones-en-anillos\/#primaryimage"},"image":{"@id":"https:\/\/www.distribucionarc.com\/tr\/producto\/maquina-para-inscripciones-en-anillos\/#primaryimage"},"thumbnailUrl":"https:\/\/distribucionarc.com\/wp-content\/uploads\/2020\/08\/M\u00e1quina-para-inscripciones-en-anillos-0.jpg","datePublished":"2020-08-20T16:39:22+00:00","dateModified":"2020-10-01T09:49:43+00:00","breadcrumb":{"@id":"https:\/\/www.distribucionarc.com\/tr\/producto\/maquina-para-inscripciones-en-anillos\/#breadcrumb"},"inLanguage":"pl-PL","potentialAction":[{"@type":"ReadAction","target":["https:\/\/www.distribucionarc.com\/tr\/producto\/maquina-para-inscripciones-en-anillos\/"]}]},{"@type":"ImageObject","inLanguage":"pl-PL","@id":"https:\/\/www.distribucionarc.com\/tr\/producto\/maquina-para-inscripciones-en-anillos\/#primaryimage","url":"https:\/\/distribucionarc.com\/wp-content\/uploads\/2020\/08\/M\u00e1quina-para-inscripciones-en-anillos-0.jpg","contentUrl":"https:\/\/distribucionarc.com\/wp-content\/uploads\/2020\/08\/M\u00e1quina-para-inscripciones-en-anillos-0.jpg","width":1001,"height":1001,"caption":"Maquina para inscripciones en anillos"},{"@type":"BreadcrumbList","@id":"https:\/\/www.distribucionarc.com\/tr\/producto\/maquina-para-inscripciones-en-anillos\/#breadcrumb","itemListElement":[{"@type":"ListItem","position":1,"name":"Portada","item":"https:\/\/www.distribucionarc.com\/"},{"@type":"ListItem","position":2,"name":"\u00dcr\u00fcnler","item":"https:\/\/www.distribucionarc.com\/tr\/magaza\/"},{"@type":"ListItem","position":3,"name":"Maquina para inscripciones en anillos"}]},{"@type":"WebSite","@id":"https:\/\/www.distribucionarc.com\/sl\/#website","url":"https:\/\/www.distribucionarc.com\/sl\/","name":"Dystrybucja ARC","description":"Firma specjalizuj\u0105ca si\u0119 w produkcji i dystrybucji maszyn przemys\u0142owych, zgrzewarek do puszek, maszyn do produkcji tabletek, maszyn do ci\u0119cia mi\u0119sa...","publisher":{"@id":"https:\/\/www.distribucionarc.com\/sl\/#organization"},"potentialAction":[{"@type":"SearchAction","target":{"@type":"EntryPoint","urlTemplate":"https:\/\/www.distribucionarc.com\/sl\/?s={search_term_string}"},"query-input":{"@type":"PropertyValueSpecification","valueRequired":true,"valueName":"search_term_string"}}],"inLanguage":"pl-PL"},{"@type":"Organization","@id":"https:\/\/www.distribucionarc.com\/sl\/#organization","name":"Dystrybucja ARC","url":"https:\/\/www.distribucionarc.com\/sl\/","logo":{"@type":"ImageObject","inLanguage":"pl-PL","@id":"https:\/\/www.distribucionarc.com\/sl\/#\/schema\/logo\/image\/","url":"https:\/\/distribucionarc.com\/wp-content\/uploads\/2024\/10\/distribucion-ARC-COLOR-SIN-FONDO-e1732295305345.png","contentUrl":"https:\/\/distribucionarc.com\/wp-content\/uploads\/2024\/10\/distribucion-ARC-COLOR-SIN-FONDO-e1732295305345.png","width":1164,"height":558,"caption":"Distribuci\u00f3n ARC"},"image":{"@id":"https:\/\/www.distribucionarc.com\/sl\/#\/schema\/logo\/image\/"},"description":"Firma specjalizuj\u0105ca si\u0119 w produkcji i dystrybucji maszyn przemys\u0142owych dla sektora spo\u017cywczego i farmaceutycznego. Specjalizujemy si\u0119 w: Maszyny do krojenia mi\u0119sa Produkcja tabletek Przemys\u0142owe systemy transportowe Linie butelkuj\u0105ce Dozowniki I wiele wi\u0119cej.... Oferujemy innowacyjne i niestandardowe rozwi\u0105zania w celu optymalizacji proces\u00f3w produkcyjnych w Twojej firmie.","email":"Admistracion@distribucionarc.com","telephone":"+34 643496664","legalName":"ARC TECH SOLUTIONS","foundingDate":"2024-04-09","vatID":"B55480172","numberOfEmployees":{"@type":"QuantitativeValue","minValue":"1","maxValue":"10"}}]}},"_links":{"self":[{"href":"https:\/\/distribucionarc.com\/pl\/wp-json\/wp\/v2\/product\/2708","targetHints":{"allow":["GET"]}}],"collection":[{"href":"https:\/\/distribucionarc.com\/pl\/wp-json\/wp\/v2\/product"}],"about":[{"href":"https:\/\/distribucionarc.com\/pl\/wp-json\/wp\/v2\/types\/product"}],"replies":[{"embeddable":true,"href":"https:\/\/distribucionarc.com\/pl\/wp-json\/wp\/v2\/comments?post=2708"}],"version-history":[{"count":0,"href":"https:\/\/distribucionarc.com\/pl\/wp-json\/wp\/v2\/product\/2708\/revisions"}],"wp:featuredmedia":[{"embeddable":true,"href":"https:\/\/distribucionarc.com\/pl\/wp-json\/wp\/v2\/media\/2715"}],"wp:attachment":[{"href":"https:\/\/distribucionarc.com\/pl\/wp-json\/wp\/v2\/media?parent=2708"}],"wp:term":[{"taxonomy":"product_brand","embeddable":true,"href":"https:\/\/distribucionarc.com\/pl\/wp-json\/wp\/v2\/product_brand?post=2708"},{"taxonomy":"product_cat","embeddable":true,"href":"https:\/\/distribucionarc.com\/pl\/wp-json\/wp\/v2\/product_cat?post=2708"},{"taxonomy":"product_tag","embeddable":true,"href":"https:\/\/distribucionarc.com\/pl\/wp-json\/wp\/v2\/product_tag?post=2708"}],"curies":[{"name":"wp","href":"https:\/\/api.w.org\/{rel}","templated":true}]}}