{"id":2762,"date":"2020-08-21T12:50:21","date_gmt":"2020-08-21T12:50:21","guid":{"rendered":"https:\/\/distribucionarc.com\/?post_type=product&#038;p=2762"},"modified":"2020-10-10T14:56:57","modified_gmt":"2020-10-10T14:56:57","slug":"co2-laserowa-grawerka-dsp-control","status":"publish","type":"product","link":"https:\/\/distribucionarc.com\/pl\/producto\/maquina-de-grabado-laser-de-co2-control-dsp\/","title":{"rendered":"Maszyna do grawerowania laserowego CO2 Sterowanie DSP 70 x 50 cm"},"content":{"rendered":"<h2><strong>Maszyna do grawerowania laserowego CO2 Sterowanie DSP 70 x 50 cm<\/strong><\/h2>\n<p>G\u0142owica laserowa o wysokiej precyzji\u00a0<strong>maszyna do znakowania\u00a0<span style=\"color: #ff0000;\">DO<\/span><span style=\"color: #0000ff;\">R<\/span>C<\/strong>, dzi\u0119ki wysokiej jako\u015bci, niezawodnemu dzia\u0142aniu i trwa\u0142o\u015bci, poprawia precyzj\u0119 i wydajno\u015b\u0107 grawerowania. Adoptuj zaawansowanego<strong>\u00a0Lampa laserowa CO2<\/strong>\u00a0Trzecia generacja o du\u017cej mocy i pr\u0119dko\u015bci. \u017bywotno\u015b\u0107 tej lampy laserowej wynosi do 1000-1300 godzin.<\/p>\n<p>Posiada inteligentny panel dost\u0119pny w kilku j\u0119zykach z aktualnym wskazaniem na tablicy steruj\u0105cej, dla bardziej intuicyjnej i wygodnej kontroli grawerowania. W zestawie wyci\u0105g do rur, odpowietrznik i wentylator, kt\u00f3re skutecznie obni\u017caj\u0105 temperatur\u0119 wszystkich element\u00f3w elektronicznych, wyd\u0142u\u017caj\u0105c w ten spos\u00f3b ich \u017cywotno\u015b\u0107<\/p>\n<p>Wykorzystuje port USB do wygodnego pod\u0142\u0105czenia do komputera PC lub laptopa, w celu lepszej i bardziej precyzyjnej kontroli grawerowania. Ponadto,\u00a0<strong>grawer laserowy <span style=\"color: #ff0000;\">DO<\/span><span style=\"color: #0000ff;\">R<\/span>CGLCO80<\/strong>\u00a0jest wyposa\u017cony w\u00a0<strong>silnik krokowy<\/strong>\u00a0Wysoka precyzja, wydajno\u015b\u0107 i stabilno\u015b\u0107, zapewniaj\u0105ca bardziej precyzyjne grawerowanie.<\/p>\n<h6><strong>Gwarancja\u00a0<span style=\"color: #ff0000;\">DO<\/span><span style=\"color: #0000ff;\">R<\/span>C 2 LATA<\/strong><\/h6>\n<h6><span style=\"color: #008000;\">Wydajny grawer laserowy, pob\u00f3r mocy \u2264 280W<\/span><\/h6>\n<h6><strong>wsparcie techniczne w cenie<\/strong><\/h6>\n<p>&nbsp;<\/p>\n<hr \/>\n<p>&nbsp;<\/p>\n<ul>\n<li><strong>Moc lasera: 80W<\/strong><br \/>\n<strong>\u25cfTyp lasera: gaz CO2 (lampa laserowa CO2)<\/strong><br \/>\n<strong>\u25cfZasilanie: 220V 50HZ<\/strong><br \/>\n<strong>\u25cf St\u00f3\u0142 roboczy: st\u00f3\u0142 z platform\u0105 (plaster miodu) w g\u00f3r\u0119 i w d\u00f3\u0142<\/strong><br \/>\n<strong>\u25cfWysoko\u015b\u0107 w g\u00f3r\u0119 i w d\u00f3\u0142 (platforma): 0-15 cm<\/strong><br \/>\n<strong>\u25cf Metoda w g\u00f3r\u0119 i w d\u00f3\u0142 (platforma): automatyczna<\/strong><br \/>\n<strong>\u25cfPowierzchnia graweru: 700 x 500mm\u00a0<\/strong><br \/>\n<strong>\u25cfPowierzchnia ci\u0119cia: 700 x 500mm\u00a0<\/strong><br \/>\n<strong>\u25cfMaksymalna. Pr\u0119dko\u015b\u0107 rze\u017abienia: 0-12000 (mm\/min)<\/strong><br \/>\n<strong>\u25cfMaksymalna. Pr\u0119dko\u015b\u0107 skrawania: 0-6000 (mm\/min)<\/strong><br \/>\n<strong>\u25cf Dok\u0142adno\u015b\u0107 lokalizacji: &lt;0,001 mm<\/strong><br \/>\n<strong>\u25cfWsp\u00f3\u0142czynnik rozdzielczo\u015bci: 1000 DPI<\/strong><br \/>\n<strong>\u25cfMin. Rozmiar znaku: Znak: 2x2mm, Litera: 1x1mm<\/strong><br \/>\n<strong>\u25cf Dok\u0142adno\u015b\u0107: 0,00125 mm<\/strong><br \/>\n<strong>\u25cf Grubo\u015b\u0107 ci\u0119cia: 0-15 mm (w zale\u017cno\u015bci od r\u00f3\u017cnych materia\u0142\u00f3w)<\/strong><br \/>\n<strong>\u25cfDzia\u0142anie: pozycjonowanie za pomoc\u0105 czerwonego \u015bwiat\u0142a, pozycjonowanie plamki laserowej<\/strong><br \/>\n<strong>\u25cfKonfiguracja sterowania: interfejs transferu DSP<\/strong><br \/>\n<strong>\u25cfInterfejs przesy\u0142ania danych: USB<\/strong><br \/>\n<strong>\u25cf\u015arodowisko systemowe: Windows XP win7\/8<\/strong><br \/>\n<strong>\u25cfObs\u0142ugiwany format graficzny: pliki rozpoznawane przez programy CorelDraw, Photoshop, AutoCAD (BMP, GIF, JPEG, PCX, TGA, TIFF, PLT, CDR, DMG, DXF, PAT, CDT, CLK, DEX, CSL, CMX, AI, WPG , WMF, EMF, CGM, SVG, SVGZ, PCT, FMV, GEM, CMX)<\/strong><br \/>\n<strong>\u25cfOprogramowanie obejmuje: corelLASER<\/strong><br \/>\n<strong>\u25cfZgodne oprogramowanie: CADlaser, LaserDRW, CorelLASER, Photoshop itp. (nie wchodz\u0105 w sk\u0142ad pakietu)<\/strong><br \/>\n<strong>\u25cfSeparacja kolor\u00f3w: Nie<\/strong><br \/>\n<strong>\u25cf Grawerowanie pochy\u0142e: Nie<\/strong><br \/>\n<strong>\u25cfSpos\u00f3b ch\u0142odzenia: Ch\u0142odzenie wodne<\/strong><br \/>\n<strong>\u25cf Temperatura wody: 5 \u2103 -35 \u2103<\/strong><br \/>\n<strong>\u25cfZabezpieczenie przed przerw\u0105 w dostawie wody: w zestawie<\/strong><br \/>\n<strong>\u25cfWymiary maszyny: 146 x 85 x 95 cm<\/strong><br \/>\n<strong>\u25cfMasa netto: 180kg<\/strong><br \/>\n<strong>\u25cf Obowi\u0105zuj\u0105cy materia\u0142: drewno, listwy bambusowe, jadeit, marmur, pleksi, kryszta\u0142, plastik, odzie\u017c, papier, sk\u00f3ra, guma, ceramika, szk\u0142o, znaki towarowe i inne materia\u0142y niemetalowe<\/strong><br \/>\n<strong>\u25cf Lampa laserowa (godziny \u017cycia): 1000-1300 godzin<\/strong><br \/>\n<strong>\u25cfZresetuj pozycjonowanie: 0,01 mm<\/strong><br \/>\n<strong>\u25cfTyp silnika: silnik krokowy<\/strong><br \/>\n<strong>\u25cfPob\u00f3r mocy: \u2264280W<\/strong><br \/>\n<strong>\u25cf Temperatura pracy: 0-40\u00b0C<\/strong><br \/>\n<strong>\u25cfWilgotno\u015b\u0107 robocza: 5-95%<\/strong><\/li>\n<\/ul>","protected":false},"excerpt":{"rendered":"<h2><strong>Maszyna do grawerowania laserowego CO2 Sterowanie DSP 70 x 50 cm<\/strong><\/h2>\n<p>Ten\u00a0<strong>maszyna do znakowania<\/strong>\u00a0integruje najnowszy na rynku lekki mechanizm mechaniczny, rejestrator modalny trzech generacji, kt\u00f3ry zapewni Ci bezpiecze\u0144stwo\u00a0<strong>wysoka precyzja i szybko\u015b\u0107<\/strong>. Nowy\u00a0<strong>Grawer laserem CO2<\/strong>\u00a0<strong><span style=\"color: #ff0000;\">DO<\/span><span style=\"color: #0000ff;\">R<\/span>CGLCO80<\/strong> Wyposa\u017cona jest w lamp\u0119 laserow\u0105 ch\u0142odzon\u0105 wod\u0105 o mocy 80W, silniki krokowe zapewniaj\u0105ce doskona\u0142\u0105 precyzj\u0119, wysokiej jako\u015bci panel sterowania. Do po\u0142\u0105czenia z laptopem lub komputerem PC wykorzystuje port USB. W cen\u0119 wliczona jest obs\u0142uga oprogramowania CorelDraw. To urz\u0105dzenie mo\u017ce dobrze wsp\u00f3\u0142pracowa\u0107 z wieloma formatami graficznymi, w tym EMF\/JPG\/PLT\/WMF.<\/p>\n<h6><\/h6>\n<h6><strong>Gwarancja<span style=\"color: #ff0000;\">\u00a0DO<\/span><span style=\"color: #0000ff;\">R<\/span>C 2 LATA<\/strong><\/h6>\n<h6><span style=\"color: #008000;\">Wydajny grawer laserowy, pob\u00f3r mocy \u2264 280W<\/span><\/h6>\n<h6><strong>wsparcie techniczne w cenie<\/strong><\/h6>","protected":false},"featured_media":2763,"comment_status":"open","ping_status":"closed","template":"","meta":{"wds_primary_product_brand":0,"wds_primary_product_cat":0},"product_brand":[],"product_cat":[69,70],"product_tag":[],"class_list":{"0":"post-2762","1":"product","2":"type-product","3":"status-publish","4":"has-post-thumbnail","6":"product_cat-maquinas-variadas","7":"product_cat-talladoras-marcadoras-de-metal-grabadoras-laser","8":"product_shipping_class-express","10":"first","11":"instock","12":"sale","13":"taxable","14":"shipping-taxable","15":"purchasable","16":"product-type-simple"},"yoast_head":"<!-- This site is optimized with the Yoast SEO Premium plugin v24.9 (Yoast SEO v26.1) - https:\/\/yoast.com\/wordpress\/plugins\/seo\/ -->\n<title>M\u00e1quina de Grabado L\u00e1ser de CO2 control DSP 70 x 50 cm - distribuci\u00f3n ARC<\/title>\n<meta name=\"robots\" content=\"index, follow, max-snippet:-1, max-image-preview:large, max-video-preview:-1\" \/>\n<link rel=\"canonical\" href=\"https:\/\/distribucionarc.com\/pl\/produkty\/co2-laserowa-grawerka-dsp-control\/\" \/>\n<meta property=\"og:locale\" content=\"pl_PL\" \/>\n<meta property=\"og:type\" content=\"article\" \/>\n<meta property=\"og:title\" content=\"M\u00e1quina de Grabado L\u00e1ser de CO2 control DSP 70 x 50 cm\" \/>\n<meta property=\"og:description\" content=\"M\u00e1quina de Grabado L\u00e1ser de CO2 control DSP 70 x 50 cm Esta\u00a0m\u00e1quina de marcado\u00a0integra el movimiento mec\u00e1nico de luz m\u00e1s nuevo del mercado, grabador modal de tres generaciones que le asegurara\u00a0alta precisi\u00f3n y velocidad. El nuevo\u00a0grabador l\u00e1ser de CO2\u00a0ARCGLCO80 est\u00e1 equipado con un tubo l\u00e1ser de refrigeraci\u00f3n por agua de 80 W, motores de ejecuci\u00f3n paso a paso para una precisi\u00f3n perfecta, panel de control de alta calidad. Emplea un puerto USB para conectarse a su port\u00e1til o PC. El soporte del software est\u00e1 incluido, CorelDraw, esta m\u00e1quina puede funcionar bien con m\u00faltiples formatos gr\u00e1ficos, incluidos EMF \/ JPG \/ PLT \/ WMF.  Garant\u00eda\u00a0ARC 2 A\u00d1OS Grabador l\u00e1ser eficiente, consumo \u2264 280W soporte t\u00e9cnico incluido\" \/>\n<meta property=\"og:url\" content=\"https:\/\/distribucionarc.com\/pl\/produkty\/co2-laserowa-grawerka-dsp-control\/\" \/>\n<meta property=\"og:site_name\" content=\"distribuci\u00f3n ARC\" \/>\n<meta property=\"article:modified_time\" content=\"2020-10-10T14:56:57+00:00\" \/>\n<meta property=\"og:image\" content=\"https:\/\/distribucionarc.com\/wp-content\/uploads\/2020\/08\/M\u00e1quina-de-Grabado-L\u00e1ser-de-CO2-control-DSP-0.jpg\" \/>\n\t<meta property=\"og:image:width\" content=\"1600\" \/>\n\t<meta property=\"og:image:height\" content=\"1600\" \/>\n\t<meta property=\"og:image:type\" content=\"image\/jpeg\" \/>\n<meta name=\"twitter:card\" content=\"summary_large_image\" \/>\n<meta name=\"twitter:label1\" content=\"Szacowany czas czytania\" \/>\n\t<meta name=\"twitter:data1\" content=\"2 minuty\" \/>\n<script type=\"application\/ld+json\" class=\"yoast-schema-graph\">{\"@context\":\"https:\/\/schema.org\",\"@graph\":[{\"@type\":\"WebPage\",\"@id\":\"https:\/\/distribucionarc.com\/sl\/producto\/maquina-de-grabado-laser-de-co2-control-dsp\/\",\"url\":\"https:\/\/distribucionarc.com\/sl\/producto\/maquina-de-grabado-laser-de-co2-control-dsp\/\",\"name\":\"M\u00e1quina de Grabado L\u00e1ser de CO2 control DSP 70 x 50 cm - distribuci\u00f3n ARC\",\"isPartOf\":{\"@id\":\"https:\/\/distribucionarc.com\/de\/#website\"},\"primaryImageOfPage\":{\"@id\":\"https:\/\/distribucionarc.com\/sl\/producto\/maquina-de-grabado-laser-de-co2-control-dsp\/#primaryimage\"},\"image\":{\"@id\":\"https:\/\/distribucionarc.com\/sl\/producto\/maquina-de-grabado-laser-de-co2-control-dsp\/#primaryimage\"},\"thumbnailUrl\":\"https:\/\/distribucionarc.com\/wp-content\/uploads\/2020\/08\/M\u00e1quina-de-Grabado-L\u00e1ser-de-CO2-control-DSP-0.jpg\",\"datePublished\":\"2020-08-21T12:50:21+00:00\",\"dateModified\":\"2020-10-10T14:56:57+00:00\",\"breadcrumb\":{\"@id\":\"https:\/\/distribucionarc.com\/sl\/producto\/maquina-de-grabado-laser-de-co2-control-dsp\/#breadcrumb\"},\"inLanguage\":\"pl-PL\",\"potentialAction\":[{\"@type\":\"ReadAction\",\"target\":[\"https:\/\/distribucionarc.com\/sl\/producto\/maquina-de-grabado-laser-de-co2-control-dsp\/\"]}]},{\"@type\":\"ImageObject\",\"inLanguage\":\"pl-PL\",\"@id\":\"https:\/\/distribucionarc.com\/sl\/producto\/maquina-de-grabado-laser-de-co2-control-dsp\/#primaryimage\",\"url\":\"https:\/\/distribucionarc.com\/wp-content\/uploads\/2020\/08\/M\u00e1quina-de-Grabado-L\u00e1ser-de-CO2-control-DSP-0.jpg\",\"contentUrl\":\"https:\/\/distribucionarc.com\/wp-content\/uploads\/2020\/08\/M\u00e1quina-de-Grabado-L\u00e1ser-de-CO2-control-DSP-0.jpg\",\"width\":1600,\"height\":1600,\"caption\":\"M\u00e1quina de Grabado L\u00e1ser de CO2 control DSP\"},{\"@type\":\"BreadcrumbList\",\"@id\":\"https:\/\/distribucionarc.com\/sl\/producto\/maquina-de-grabado-laser-de-co2-control-dsp\/#breadcrumb\",\"itemListElement\":[{\"@type\":\"ListItem\",\"position\":1,\"name\":\"Portada\",\"item\":\"https:\/\/distribucionarc.com\/pl\/\"},{\"@type\":\"ListItem\",\"position\":2,\"name\":\"Produkty\",\"item\":\"https:\/\/distribucionarc.com\/pl\/shop\/\"},{\"@type\":\"ListItem\",\"position\":3,\"name\":\"M\u00e1quina de Grabado L\u00e1ser de CO2 control DSP 70 x 50 cm\"}]},{\"@type\":\"WebSite\",\"@id\":\"https:\/\/distribucionarc.com\/de\/#website\",\"url\":\"https:\/\/distribucionarc.com\/de\/\",\"name\":\"distribuci\u00f3n ARC\",\"description\":\"Empresa especializada en la fabricaci\u00f3n y distribuci\u00f3n de maquinaria industrial, selladoras de latas, Maquinas de hacer pastillas, Maquinas de cortar carne...\",\"publisher\":{\"@id\":\"https:\/\/distribucionarc.com\/de\/#organization\"},\"potentialAction\":[{\"@type\":\"SearchAction\",\"target\":{\"@type\":\"EntryPoint\",\"urlTemplate\":\"https:\/\/distribucionarc.com\/de\/?s={search_term_string}\"},\"query-input\":{\"@type\":\"PropertyValueSpecification\",\"valueRequired\":true,\"valueName\":\"search_term_string\"}}],\"inLanguage\":\"pl-PL\"},{\"@type\":\"Organization\",\"@id\":\"https:\/\/distribucionarc.com\/de\/#organization\",\"name\":\"Distribuci\u00f3n ARC\",\"url\":\"https:\/\/distribucionarc.com\/de\/\",\"logo\":{\"@type\":\"ImageObject\",\"inLanguage\":\"pl-PL\",\"@id\":\"https:\/\/distribucionarc.com\/de\/#\/schema\/logo\/image\/\",\"url\":\"https:\/\/distribucionarc.com\/wp-content\/uploads\/2024\/10\/distribucion-ARC-COLOR-SIN-FONDO-e1732295305345.png\",\"contentUrl\":\"https:\/\/distribucionarc.com\/wp-content\/uploads\/2024\/10\/distribucion-ARC-COLOR-SIN-FONDO-e1732295305345.png\",\"width\":1164,\"height\":558,\"caption\":\"Distribuci\u00f3n ARC\"},\"image\":{\"@id\":\"https:\/\/distribucionarc.com\/de\/#\/schema\/logo\/image\/\"},\"description\":\"Empresa especializada en la fabricaci\u00f3n y distribuci\u00f3n de maquinaria industrial para los sectores alimentario y farmac\u00e9utico. Nos especializamos en: M\u00e1quinas de cortar carne Fabricaci\u00f3n de comprimidos Sistemas de transporte industrial L\u00edneas de embotellado Dosificadores Y mucho m\u00e1s... Ofrecemos soluciones innovadoras y personalizadas para optimizar los procesos productivos de tu empresa.\",\"email\":\"Admistracion@distribucionarc.com\",\"telephone\":\"+34 643496664\",\"legalName\":\"ARC TECH SOLUTIONS\",\"foundingDate\":\"2024-04-09\",\"vatID\":\"B55480172\",\"numberOfEmployees\":{\"@type\":\"QuantitativeValue\",\"minValue\":\"1\",\"maxValue\":\"10\"}}]}<\/script>\n<!-- \/ Yoast SEO Premium plugin. -->","yoast_head_json":{"title":"Laserowa maszyna graweruj\u0105ca CO2 Sterowanie DSP 70 x 50 cm - dystrybucja ARC","robots":{"index":"index","follow":"follow","max-snippet":"max-snippet:-1","max-image-preview":"max-image-preview:large","max-video-preview":"max-video-preview:-1"},"canonical":"https:\/\/distribucionarc.com\/pl\/produkty\/co2-laserowa-grawerka-dsp-control\/","og_locale":"pl_PL","og_type":"article","og_title":"M\u00e1quina de Grabado L\u00e1ser de CO2 control DSP 70 x 50 cm","og_description":"M\u00e1quina de Grabado L\u00e1ser de CO2 control DSP 70 x 50 cm Esta\u00a0m\u00e1quina de marcado\u00a0integra el movimiento mec\u00e1nico de luz m\u00e1s nuevo del mercado, grabador modal de tres generaciones que le asegurara\u00a0alta precisi\u00f3n y velocidad. El nuevo\u00a0grabador l\u00e1ser de CO2\u00a0ARCGLCO80 est\u00e1 equipado con un tubo l\u00e1ser de refrigeraci\u00f3n por agua de 80 W, motores de ejecuci\u00f3n paso a paso para una precisi\u00f3n perfecta, panel de control de alta calidad. Emplea un puerto USB para conectarse a su port\u00e1til o PC. El soporte del software est\u00e1 incluido, CorelDraw, esta m\u00e1quina puede funcionar bien con m\u00faltiples formatos gr\u00e1ficos, incluidos EMF \/ JPG \/ PLT \/ WMF.  Garant\u00eda\u00a0ARC 2 A\u00d1OS Grabador l\u00e1ser eficiente, consumo \u2264 280W soporte t\u00e9cnico incluido","og_url":"https:\/\/distribucionarc.com\/pl\/produkty\/co2-laserowa-grawerka-dsp-control\/","og_site_name":"distribuci\u00f3n ARC","article_modified_time":"2020-10-10T14:56:57+00:00","og_image":[{"width":1600,"height":1600,"url":"https:\/\/distribucionarc.com\/wp-content\/uploads\/2020\/08\/M\u00e1quina-de-Grabado-L\u00e1ser-de-CO2-control-DSP-0.jpg","type":"image\/jpeg"}],"twitter_card":"summary_large_image","twitter_misc":{"Szacowany czas czytania":"2 minuty"},"schema":{"@context":"https:\/\/schema.org","@graph":[{"@type":"WebPage","@id":"https:\/\/distribucionarc.com\/sl\/producto\/maquina-de-grabado-laser-de-co2-control-dsp\/","url":"https:\/\/distribucionarc.com\/sl\/producto\/maquina-de-grabado-laser-de-co2-control-dsp\/","name":"Laserowa maszyna graweruj\u0105ca CO2 Sterowanie DSP 70 x 50 cm - dystrybucja ARC","isPartOf":{"@id":"https:\/\/distribucionarc.com\/de\/#website"},"primaryImageOfPage":{"@id":"https:\/\/distribucionarc.com\/sl\/producto\/maquina-de-grabado-laser-de-co2-control-dsp\/#primaryimage"},"image":{"@id":"https:\/\/distribucionarc.com\/sl\/producto\/maquina-de-grabado-laser-de-co2-control-dsp\/#primaryimage"},"thumbnailUrl":"https:\/\/distribucionarc.com\/wp-content\/uploads\/2020\/08\/M\u00e1quina-de-Grabado-L\u00e1ser-de-CO2-control-DSP-0.jpg","datePublished":"2020-08-21T12:50:21+00:00","dateModified":"2020-10-10T14:56:57+00:00","breadcrumb":{"@id":"https:\/\/distribucionarc.com\/sl\/producto\/maquina-de-grabado-laser-de-co2-control-dsp\/#breadcrumb"},"inLanguage":"pl-PL","potentialAction":[{"@type":"ReadAction","target":["https:\/\/distribucionarc.com\/sl\/producto\/maquina-de-grabado-laser-de-co2-control-dsp\/"]}]},{"@type":"ImageObject","inLanguage":"pl-PL","@id":"https:\/\/distribucionarc.com\/sl\/producto\/maquina-de-grabado-laser-de-co2-control-dsp\/#primaryimage","url":"https:\/\/distribucionarc.com\/wp-content\/uploads\/2020\/08\/M\u00e1quina-de-Grabado-L\u00e1ser-de-CO2-control-DSP-0.jpg","contentUrl":"https:\/\/distribucionarc.com\/wp-content\/uploads\/2020\/08\/M\u00e1quina-de-Grabado-L\u00e1ser-de-CO2-control-DSP-0.jpg","width":1600,"height":1600,"caption":"M\u00e1quina de Grabado L\u00e1ser de CO2 control DSP"},{"@type":"BreadcrumbList","@id":"https:\/\/distribucionarc.com\/sl\/producto\/maquina-de-grabado-laser-de-co2-control-dsp\/#breadcrumb","itemListElement":[{"@type":"ListItem","position":1,"name":"Portada","item":"https:\/\/distribucionarc.com\/pl\/"},{"@type":"ListItem","position":2,"name":"Produkty","item":"https:\/\/distribucionarc.com\/pl\/shop\/"},{"@type":"ListItem","position":3,"name":"M\u00e1quina de Grabado L\u00e1ser de CO2 control DSP 70 x 50 cm"}]},{"@type":"WebSite","@id":"https:\/\/distribucionarc.com\/de\/#website","url":"https:\/\/distribucionarc.com\/de\/","name":"Dystrybucja ARC","description":"Firma specjalizuj\u0105ca si\u0119 w produkcji i dystrybucji maszyn przemys\u0142owych, zgrzewarek do puszek, maszyn do produkcji tabletek, maszyn do ci\u0119cia mi\u0119sa...","publisher":{"@id":"https:\/\/distribucionarc.com\/de\/#organization"},"potentialAction":[{"@type":"SearchAction","target":{"@type":"EntryPoint","urlTemplate":"https:\/\/distribucionarc.com\/de\/?s={search_term_string}"},"query-input":{"@type":"PropertyValueSpecification","valueRequired":true,"valueName":"search_term_string"}}],"inLanguage":"pl-PL"},{"@type":"Organization","@id":"https:\/\/distribucionarc.com\/de\/#organization","name":"Dystrybucja ARC","url":"https:\/\/distribucionarc.com\/de\/","logo":{"@type":"ImageObject","inLanguage":"pl-PL","@id":"https:\/\/distribucionarc.com\/de\/#\/schema\/logo\/image\/","url":"https:\/\/distribucionarc.com\/wp-content\/uploads\/2024\/10\/distribucion-ARC-COLOR-SIN-FONDO-e1732295305345.png","contentUrl":"https:\/\/distribucionarc.com\/wp-content\/uploads\/2024\/10\/distribucion-ARC-COLOR-SIN-FONDO-e1732295305345.png","width":1164,"height":558,"caption":"Distribuci\u00f3n ARC"},"image":{"@id":"https:\/\/distribucionarc.com\/de\/#\/schema\/logo\/image\/"},"description":"Firma specjalizuj\u0105ca si\u0119 w produkcji i dystrybucji maszyn przemys\u0142owych dla sektora spo\u017cywczego i farmaceutycznego. Specjalizujemy si\u0119 w: Maszyny do krojenia mi\u0119sa Produkcja tabletek Przemys\u0142owe systemy transportowe Linie butelkuj\u0105ce Dozowniki I wiele wi\u0119cej.... Oferujemy innowacyjne i niestandardowe rozwi\u0105zania w celu optymalizacji proces\u00f3w produkcyjnych w Twojej firmie.","email":"Admistracion@distribucionarc.com","telephone":"+34 643496664","legalName":"ARC TECH SOLUTIONS","foundingDate":"2024-04-09","vatID":"B55480172","numberOfEmployees":{"@type":"QuantitativeValue","minValue":"1","maxValue":"10"}}]}},"_links":{"self":[{"href":"https:\/\/distribucionarc.com\/pl\/wp-json\/wp\/v2\/product\/2762","targetHints":{"allow":["GET"]}}],"collection":[{"href":"https:\/\/distribucionarc.com\/pl\/wp-json\/wp\/v2\/product"}],"about":[{"href":"https:\/\/distribucionarc.com\/pl\/wp-json\/wp\/v2\/types\/product"}],"replies":[{"embeddable":true,"href":"https:\/\/distribucionarc.com\/pl\/wp-json\/wp\/v2\/comments?post=2762"}],"version-history":[{"count":0,"href":"https:\/\/distribucionarc.com\/pl\/wp-json\/wp\/v2\/product\/2762\/revisions"}],"wp:featuredmedia":[{"embeddable":true,"href":"https:\/\/distribucionarc.com\/pl\/wp-json\/wp\/v2\/media\/2763"}],"wp:attachment":[{"href":"https:\/\/distribucionarc.com\/pl\/wp-json\/wp\/v2\/media?parent=2762"}],"wp:term":[{"taxonomy":"product_brand","embeddable":true,"href":"https:\/\/distribucionarc.com\/pl\/wp-json\/wp\/v2\/product_brand?post=2762"},{"taxonomy":"product_cat","embeddable":true,"href":"https:\/\/distribucionarc.com\/pl\/wp-json\/wp\/v2\/product_cat?post=2762"},{"taxonomy":"product_tag","embeddable":true,"href":"https:\/\/distribucionarc.com\/pl\/wp-json\/wp\/v2\/product_tag?post=2762"}],"curies":[{"name":"wp","href":"https:\/\/api.w.org\/{rel}","templated":true}]}}