{"id":2785,"date":"2020-08-24T08:34:12","date_gmt":"2020-08-24T08:34:12","guid":{"rendered":"https:\/\/distribucionarc.com\/?post_type=product&#038;p=2785"},"modified":"2023-02-14T11:16:29","modified_gmt":"2023-02-14T11:16:29","slug":"maszyna-do-grawerowania-laserowego-co2-cutter-narzedzie-tnace-30-x-20-cm","status":"publish","type":"product","link":"https:\/\/distribucionarc.com\/pl\/producto\/maquina-de-grabado-laser-cortador-co2-%e2%80%8bherramienta-de-corte-30-x-20-cm\/","title":{"rendered":"Laserowa maszyna graweruj\u0105ca Narz\u0119dzie tn\u0105ce CO2 30 x 50 cm"},"content":{"rendered":"<h3>Laserowa maszyna graweruj\u0105ca Narz\u0119dzie tn\u0105ce CO2 30 x 50 cm<\/h3>\n<p>G\u0142owica laserowa o wysokiej precyzji\u00a0<strong>maszyna do znakowania<span style=\"color: #ff0000;\">\u00a0DO<\/span><span style=\"color: #0000ff;\">R<\/span>C<\/strong>, dzi\u0119ki wysokiej jako\u015bci, niezawodnemu dzia\u0142aniu i trwa\u0142o\u015bci, poprawia precyzj\u0119 i wydajno\u015b\u0107 grawerowania. Adoptuj zaawansowanego<strong>\u00a0Lampa laserowa CO2<\/strong>\u00a0Trzecia generacja o du\u017cej mocy i pr\u0119dko\u015bci. \u017bywotno\u015b\u0107 tej lampy laserowej wynosi do 1000-1300 godzin.<\/p>\n<p>Urz\u0105dzenie jest wyposa\u017cone w inteligentny panel dost\u0119pny w wielu j\u0119zykach, ze wska\u017anikiem zasilania na panelu sterowania, co umo\u017cliwia bardziej intuicyjn\u0105 i wygodn\u0105 kontrol\u0119 grawerowania. W zestawie znajduje si\u0119 ekstraktor rur, odpowietrznik i wentylator, kt\u00f3re skutecznie obni\u017caj\u0105 temperatur\u0119 wszystkich podzespo\u0142\u00f3w elektronicznych, wyd\u0142u\u017caj\u0105c tym samym ich \u017cywotno\u015b\u0107. <strong>Komputerowa maszyna graweruj\u0105ca<\/strong> Nadaje si\u0119 do r\u00f3\u017cnych materia\u0142\u00f3w, takich jak drewno, p\u0142yty bambusowe, jadeit, marmur, pleksi, kryszta\u0142, plastik, odzie\u017c, papier, sk\u00f3ra, guma, ceramika, szk\u0142o, znaki towarowe i inne materia\u0142y niemetalowe<\/p>\n<p>Wykorzystuje port USB do wygodnego pod\u0142\u0105czenia do komputera PC lub laptopa, w celu lepszej i bardziej precyzyjnej kontroli grawerowania. Ponadto,\u00a0<strong>grawer laserowy<span style=\"color: #ff0000;\"> DO<\/span><span style=\"color: #0000ff;\">R<\/span>CGLCO100<\/strong>\u00a0jest wyposa\u017cony w\u00a0<strong>silnik krokowy<\/strong>\u00a0Wysoka precyzja, wydajno\u015b\u0107 i stabilno\u015b\u0107, zapewniaj\u0105ca bardziej precyzyjne grawerowanie.<\/p>\n<h6><strong>Gwarancja\u00a0<span style=\"color: #ff0000;\">DO<\/span><span style=\"color: #0000ff;\">R<\/span>C 2 LATA<\/strong><\/h6>\n<h6><span style=\"color: #008000;\">Wydajny grawer laserowy, pob\u00f3r mocy \u2264 280W<\/span><\/h6>\n<h6><strong>wsparcie techniczne w cenie<\/strong><\/h6>\n<p>&nbsp;<\/p>\n<hr \/>\n<h6>DANE TECHNICZNE<\/h6>\n<h6><\/h6>\n<h6>\u25cfMoc lasera: 50 W<br \/>\n\u25cfTyp lasera: gaz CO2 (lampa laserowa CO2)<br \/>\n\u25cfZasilanie: 220V 50HZ<br \/>\n\u25cf St\u00f3\u0142 roboczy: st\u00f3\u0142 z platform\u0105 (plaster miodu) w g\u00f3r\u0119 i w d\u00f3\u0142<br \/>\n\u25cfWysoko\u015b\u0107 w g\u00f3r\u0119 i w d\u00f3\u0142 (platforma): 0-15 cm<br \/>\n\u25cf Metoda w g\u00f3r\u0119 i w d\u00f3\u0142 (platforma): automatyczna<br \/>\n\u25cfPowierzchnia grawerowania: 300mm x 500mm (20\u2033*12\u2033)<br \/>\n\u25cfPowierzchnia ci\u0119cia: 300mm x 500mm (20\u2033*12\u2033)<br \/>\n\u25cfMaksymalnie. Pr\u0119dko\u015b\u0107 rze\u017abienia: 0-6000 (mm\/min)<br \/>\n\u25cfMaksymalnie. Pr\u0119dko\u015b\u0107 ci\u0119cia: 0-3600 (mm\/min)<br \/>\n\u25cf Dok\u0142adno\u015b\u0107 lokalizacji: &lt;0,001 mm<br \/>\n\u25cfWsp\u00f3\u0142czynnik rozdzielczo\u015bci: 0,001(0,026 mm)\/(1000 dPI)<br \/>\n\u25cfMin. Rozmiar znaku: Znak: 2x2mm, Litera: 1x1mm<br \/>\n\u25cf Dok\u0142adno\u015b\u0107: 0,00125 mm<br \/>\n\u25cf Grubo\u015b\u0107 ci\u0119cia: 0-15 mm (w zale\u017cno\u015bci od r\u00f3\u017cnych materia\u0142\u00f3w)<br \/>\n\u25cfDzia\u0142anie: pozycjonowanie za pomoc\u0105 czerwonego \u015bwiat\u0142a, pozycjonowanie plamki laserowej<br \/>\n\u25cfKonfiguracja sterowania: interfejs transferu DSP<br \/>\n\u25cfInterfejs przesy\u0142ania danych: USB<br \/>\n\u25cf\u015arodowisko systemowe: Windows XP Win7\/8<br \/>\n\u25cfObs\u0142ugiwany format graficzny: pliki rozpoznawane przez programy CorelDraw, Photoshop, AutoCAD (BMP, GIF, JPEG, PCX, TGA, TIFF, PLT, CDR, DMG, DXF, PAT, CDT, CLK, DEX, CSL, CMX, AI, WPG , WMF, EMF, CGM, SVG, SVGZ, PCT, FMV, GEM, CMX)<br \/>\n\u25cfOprogramowanie obejmuje: corelLASER<br \/>\n\u25cfZgodne oprogramowanie: CADlaser, LaserDRW, CorelLASER, Photoshop itp. (nie zawarte w pakiecie)<br \/>\n\u25cfSeparacja kolor\u00f3w: Nie<br \/>\n\u25cf Grawerowanie pochy\u0142e: Nie<br \/>\n\u25cfSpos\u00f3b ch\u0142odzenia: Ch\u0142odzenie wodne<br \/>\n\u25cf Temperatura wody: 5 \u2103 -35 \u2103<br \/>\n\u25cfZabezpieczenie przed przerw\u0105 w dostawie wody: w zestawie<br \/>\n\u25cfWymiary maszyny: 91x64x42cm \/ 36\u2033*25\u2033*16,5\u2033<br \/>\n\u25cfMasa netto: 40 kg<br \/>\n\u25cf Obowi\u0105zuj\u0105cy materia\u0142: drewno, listwy bambusowe, jadeit, marmur, pleksi, kryszta\u0142, plastik, odzie\u017c, papier, sk\u00f3ra, guma, ceramika, szk\u0142o, znaki towarowe i inne materia\u0142y niemetalowe<br \/>\n\u25cf Lampa laserowa (godziny \u017cycia): 1000-1300 godzin<br \/>\n\u25cfResetowanie pozycjonowania: \u22640,0004 cala (0,01 mm)<br \/>\n\u25cfTyp silnika: silnik krokowy<br \/>\n\u25cfPob\u00f3r mocy: \u2264250W<br \/>\n\u25cf Temperatura pracy: 0-40\u00b0C<br \/>\n\u25cfWilgotno\u015b\u0107 robocza: 5-95%<\/h6>","protected":false},"excerpt":{"rendered":"<h2>Laserowa maszyna graweruj\u0105ca Narz\u0119dzie tn\u0105ce CO2 30 x 50 cm<\/h2>\n<p>Ten\u00a0<strong>maszyna do znakowania<\/strong>\u00a0integruje najnowszy na rynku lekki mechanizm mechaniczny, rejestrator modalny trzech generacji, kt\u00f3ry zapewni Ci bezpiecze\u0144stwo\u00a0<strong>wysoka precyzja i szybko\u015b\u0107<\/strong>. Nowy\u00a0<b>grawerka laserowa CO2 i ploter tn\u0105cy<\/b>\u00a0<strong>ARCGLCO50<\/strong>\u00a0Wyposa\u017cona jest w lamp\u0119 laserow\u0105 ch\u0142odzon\u0105 wod\u0105 o mocy 80W, silniki krokowe zapewniaj\u0105ce doskona\u0142\u0105 precyzj\u0119, wysokiej jako\u015bci panel sterowania. Do po\u0142\u0105czenia z laptopem lub komputerem PC wykorzystuje port USB. W cen\u0119 wliczona jest obs\u0142uga oprogramowania CorelDraw. To urz\u0105dzenie mo\u017ce dobrze wsp\u00f3\u0142pracowa\u0107 z wieloma formatami graficznymi, w tym EMF\/JPG\/PLT\/WMF.<\/p>\n<h6><strong>Gwarancja<span style=\"color: #ff0000;\">\u00a0DO<\/span><span style=\"color: #0000ff;\">R<\/span>C 2 LATA<\/strong><\/h6>\n<h6><span style=\"color: #008000;\">Wydajny grawer laserowy, pob\u00f3r mocy \u2264 280W<\/span><\/h6>\n<h6><strong>wsparcie techniczne w cenie<\/strong><\/h6>","protected":false},"featured_media":2796,"comment_status":"open","ping_status":"closed","template":"","meta":{"wds_primary_product_brand":0,"wds_primary_product_cat":0},"product_brand":[],"product_cat":[69,70],"product_tag":[],"class_list":{"0":"post-2785","1":"product","2":"type-product","3":"status-publish","4":"has-post-thumbnail","6":"product_cat-maquinas-variadas","7":"product_cat-talladoras-marcadoras-de-metal-grabadoras-laser","8":"product_shipping_class-express","10":"first","11":"instock","12":"taxable","13":"shipping-taxable","14":"purchasable","15":"product-type-simple"},"yoast_head":"<!-- This site is optimized with the Yoast SEO Premium plugin v24.9 (Yoast SEO v26.1) - https:\/\/yoast.com\/wordpress\/plugins\/seo\/ -->\n<title>M\u00e1quina de Grabado L\u00e1ser Cortador CO2 \u200bHerramienta de Corte 30 x 50 cm - distribuci\u00f3n ARC<\/title>\n<meta name=\"robots\" content=\"index, follow, max-snippet:-1, max-image-preview:large, max-video-preview:-1\" \/>\n<link rel=\"canonical\" href=\"https:\/\/www.distribucionarc.com\/sk\/producto\/maquina-de-grabado-laser-cortador-co2-\u200bherramienta-de-corte-30-x-20-cm\/\" \/>\n<meta property=\"og:locale\" content=\"pl_PL\" \/>\n<meta property=\"og:type\" content=\"article\" \/>\n<meta property=\"og:title\" content=\"M\u00e1quina de Grabado L\u00e1ser Cortador CO2 \u200bHerramienta de Corte 30 x 50 cm\" \/>\n<meta property=\"og:description\" content=\"M\u00e1quina de Grabado L\u00e1ser Cortador CO2 \u200bHerramienta de Corte 30 x 50 cm Esta\u00a0m\u00e1quina de marcado\u00a0integra el movimiento mec\u00e1nico de luz m\u00e1s nuevo del mercado, grabador modal de tres generaciones que le asegurara\u00a0alta precisi\u00f3n y velocidad. El nuevo\u00a0grabador y cortador l\u00e1ser de CO2\u00a0ARCGLCO50\u00a0est\u00e1 equipado con un tubo l\u00e1ser de refrigeraci\u00f3n por agua de 80 W, motores de ejecuci\u00f3n paso a paso para una precisi\u00f3n perfecta, panel de control de alta calidad. Emplea un puerto USB para conectarse a su port\u00e1til o PC. El soporte del software est\u00e1 incluido, CorelDraw, esta m\u00e1quina puede funcionar bien con m\u00faltiples formatos gr\u00e1ficos, incluidos EMF \/ JPG \/ PLT \/ WMF. Garant\u00eda\u00a0ARC 2 A\u00d1OS Grabador l\u00e1ser eficiente, consumo \u2264 280W soporte t\u00e9cnico incluido\" \/>\n<meta property=\"og:url\" content=\"https:\/\/www.distribucionarc.com\/sk\/producto\/maquina-de-grabado-laser-cortador-co2-\u200bherramienta-de-corte-30-x-20-cm\/\" \/>\n<meta property=\"og:site_name\" content=\"distribuci\u00f3n ARC\" \/>\n<meta property=\"article:modified_time\" content=\"2023-02-14T11:16:29+00:00\" \/>\n<meta property=\"og:image\" content=\"https:\/\/distribucionarc.com\/wp-content\/uploads\/2020\/08\/M\u00e1quina-de-Grabado-L\u00e1ser-Cortador-CO2-Herramienta-de-Corte-30-x-20-cm-0.jpg\" \/>\n\t<meta property=\"og:image:width\" content=\"1001\" \/>\n\t<meta property=\"og:image:height\" content=\"1001\" \/>\n\t<meta property=\"og:image:type\" content=\"image\/jpeg\" \/>\n<meta name=\"twitter:card\" content=\"summary_large_image\" \/>\n<meta name=\"twitter:label1\" content=\"Szacowany czas czytania\" \/>\n\t<meta name=\"twitter:data1\" content=\"3 minuty\" \/>\n<script type=\"application\/ld+json\" class=\"yoast-schema-graph\">{\"@context\":\"https:\/\/schema.org\",\"@graph\":[{\"@type\":\"WebPage\",\"@id\":\"https:\/\/www.distribucionarc.com\/sk\/producto\/maquina-de-grabado-laser-cortador-co2-%e2%80%8bherramienta-de-corte-30-x-20-cm\/\",\"url\":\"https:\/\/www.distribucionarc.com\/sk\/producto\/maquina-de-grabado-laser-cortador-co2-%e2%80%8bherramienta-de-corte-30-x-20-cm\/\",\"name\":\"M\u00e1quina de Grabado L\u00e1ser Cortador CO2 \u200bHerramienta de Corte 30 x 50 cm - distribuci\u00f3n ARC\",\"isPartOf\":{\"@id\":\"https:\/\/www.distribucionarc.com\/sl\/#website\"},\"primaryImageOfPage\":{\"@id\":\"https:\/\/www.distribucionarc.com\/sk\/producto\/maquina-de-grabado-laser-cortador-co2-%e2%80%8bherramienta-de-corte-30-x-20-cm\/#primaryimage\"},\"image\":{\"@id\":\"https:\/\/www.distribucionarc.com\/sk\/producto\/maquina-de-grabado-laser-cortador-co2-%e2%80%8bherramienta-de-corte-30-x-20-cm\/#primaryimage\"},\"thumbnailUrl\":\"https:\/\/distribucionarc.com\/wp-content\/uploads\/2020\/08\/M\u00e1quina-de-Grabado-L\u00e1ser-Cortador-CO2-Herramienta-de-Corte-30-x-20-cm-0.jpg\",\"datePublished\":\"2020-08-24T08:34:12+00:00\",\"dateModified\":\"2023-02-14T11:16:29+00:00\",\"breadcrumb\":{\"@id\":\"https:\/\/www.distribucionarc.com\/sk\/producto\/maquina-de-grabado-laser-cortador-co2-%e2%80%8bherramienta-de-corte-30-x-20-cm\/#breadcrumb\"},\"inLanguage\":\"pl-PL\",\"potentialAction\":[{\"@type\":\"ReadAction\",\"target\":[\"https:\/\/www.distribucionarc.com\/sk\/producto\/maquina-de-grabado-laser-cortador-co2-%e2%80%8bherramienta-de-corte-30-x-20-cm\/\"]}]},{\"@type\":\"ImageObject\",\"inLanguage\":\"pl-PL\",\"@id\":\"https:\/\/www.distribucionarc.com\/sk\/producto\/maquina-de-grabado-laser-cortador-co2-%e2%80%8bherramienta-de-corte-30-x-20-cm\/#primaryimage\",\"url\":\"https:\/\/distribucionarc.com\/wp-content\/uploads\/2020\/08\/M\u00e1quina-de-Grabado-L\u00e1ser-Cortador-CO2-Herramienta-de-Corte-30-x-20-cm-0.jpg\",\"contentUrl\":\"https:\/\/distribucionarc.com\/wp-content\/uploads\/2020\/08\/M\u00e1quina-de-Grabado-L\u00e1ser-Cortador-CO2-Herramienta-de-Corte-30-x-20-cm-0.jpg\",\"width\":1001,\"height\":1001,\"caption\":\"M\u00e1quina de Grabado L\u00e1ser Cortador CO2 \u200bHerramienta de Corte 30 x 20 cm\"},{\"@type\":\"BreadcrumbList\",\"@id\":\"https:\/\/www.distribucionarc.com\/sk\/producto\/maquina-de-grabado-laser-cortador-co2-%e2%80%8bherramienta-de-corte-30-x-20-cm\/#breadcrumb\",\"itemListElement\":[{\"@type\":\"ListItem\",\"position\":1,\"name\":\"Portada\",\"item\":\"https:\/\/www.distribucionarc.com\/\"},{\"@type\":\"ListItem\",\"position\":2,\"name\":\"\u00dcr\u00fcnler\",\"item\":\"https:\/\/www.distribucionarc.com\/tr\/magaza\/\"},{\"@type\":\"ListItem\",\"position\":3,\"name\":\"M\u00e1quina de Grabado L\u00e1ser Cortador CO2 \u200bHerramienta de Corte 30 x 50 cm\"}]},{\"@type\":\"WebSite\",\"@id\":\"https:\/\/www.distribucionarc.com\/sl\/#website\",\"url\":\"https:\/\/www.distribucionarc.com\/sl\/\",\"name\":\"distribuci\u00f3n ARC\",\"description\":\"Empresa especializada en la fabricaci\u00f3n y distribuci\u00f3n de maquinaria industrial, selladoras de latas, Maquinas de hacer pastillas, Maquinas de cortar carne...\",\"publisher\":{\"@id\":\"https:\/\/www.distribucionarc.com\/sl\/#organization\"},\"potentialAction\":[{\"@type\":\"SearchAction\",\"target\":{\"@type\":\"EntryPoint\",\"urlTemplate\":\"https:\/\/www.distribucionarc.com\/sl\/?s={search_term_string}\"},\"query-input\":{\"@type\":\"PropertyValueSpecification\",\"valueRequired\":true,\"valueName\":\"search_term_string\"}}],\"inLanguage\":\"pl-PL\"},{\"@type\":\"Organization\",\"@id\":\"https:\/\/www.distribucionarc.com\/sl\/#organization\",\"name\":\"Distribuci\u00f3n ARC\",\"url\":\"https:\/\/www.distribucionarc.com\/sl\/\",\"logo\":{\"@type\":\"ImageObject\",\"inLanguage\":\"pl-PL\",\"@id\":\"https:\/\/www.distribucionarc.com\/sl\/#\/schema\/logo\/image\/\",\"url\":\"https:\/\/distribucionarc.com\/wp-content\/uploads\/2024\/10\/distribucion-ARC-COLOR-SIN-FONDO-e1732295305345.png\",\"contentUrl\":\"https:\/\/distribucionarc.com\/wp-content\/uploads\/2024\/10\/distribucion-ARC-COLOR-SIN-FONDO-e1732295305345.png\",\"width\":1164,\"height\":558,\"caption\":\"Distribuci\u00f3n ARC\"},\"image\":{\"@id\":\"https:\/\/www.distribucionarc.com\/sl\/#\/schema\/logo\/image\/\"},\"description\":\"Empresa especializada en la fabricaci\u00f3n y distribuci\u00f3n de maquinaria industrial para los sectores alimentario y farmac\u00e9utico. Nos especializamos en: M\u00e1quinas de cortar carne Fabricaci\u00f3n de comprimidos Sistemas de transporte industrial L\u00edneas de embotellado Dosificadores Y mucho m\u00e1s... Ofrecemos soluciones innovadoras y personalizadas para optimizar los procesos productivos de tu empresa.\",\"email\":\"Admistracion@distribucionarc.com\",\"telephone\":\"+34 643496664\",\"legalName\":\"ARC TECH SOLUTIONS\",\"foundingDate\":\"2024-04-09\",\"vatID\":\"B55480172\",\"numberOfEmployees\":{\"@type\":\"QuantitativeValue\",\"minValue\":\"1\",\"maxValue\":\"10\"}}]}<\/script>\n<!-- \/ Yoast SEO Premium plugin. -->","yoast_head_json":{"title":"Maszyna do grawerowania laserowego CO2 Cutter Narz\u0119dzie tn\u0105ce 30 x 50 cm - dystrybucja ARC","robots":{"index":"index","follow":"follow","max-snippet":"max-snippet:-1","max-image-preview":"max-image-preview:large","max-video-preview":"max-video-preview:-1"},"canonical":"https:\/\/www.distribucionarc.com\/sk\/producto\/maquina-de-grabado-laser-cortador-co2-\u200bherramienta-de-corte-30-x-20-cm\/","og_locale":"pl_PL","og_type":"article","og_title":"M\u00e1quina de Grabado L\u00e1ser Cortador CO2 \u200bHerramienta de Corte 30 x 50 cm","og_description":"M\u00e1quina de Grabado L\u00e1ser Cortador CO2 \u200bHerramienta de Corte 30 x 50 cm Esta\u00a0m\u00e1quina de marcado\u00a0integra el movimiento mec\u00e1nico de luz m\u00e1s nuevo del mercado, grabador modal de tres generaciones que le asegurara\u00a0alta precisi\u00f3n y velocidad. El nuevo\u00a0grabador y cortador l\u00e1ser de CO2\u00a0ARCGLCO50\u00a0est\u00e1 equipado con un tubo l\u00e1ser de refrigeraci\u00f3n por agua de 80 W, motores de ejecuci\u00f3n paso a paso para una precisi\u00f3n perfecta, panel de control de alta calidad. Emplea un puerto USB para conectarse a su port\u00e1til o PC. El soporte del software est\u00e1 incluido, CorelDraw, esta m\u00e1quina puede funcionar bien con m\u00faltiples formatos gr\u00e1ficos, incluidos EMF \/ JPG \/ PLT \/ WMF. Garant\u00eda\u00a0ARC 2 A\u00d1OS Grabador l\u00e1ser eficiente, consumo \u2264 280W soporte t\u00e9cnico incluido","og_url":"https:\/\/www.distribucionarc.com\/sk\/producto\/maquina-de-grabado-laser-cortador-co2-\u200bherramienta-de-corte-30-x-20-cm\/","og_site_name":"distribuci\u00f3n ARC","article_modified_time":"2023-02-14T11:16:29+00:00","og_image":[{"width":1001,"height":1001,"url":"https:\/\/distribucionarc.com\/wp-content\/uploads\/2020\/08\/M\u00e1quina-de-Grabado-L\u00e1ser-Cortador-CO2-Herramienta-de-Corte-30-x-20-cm-0.jpg","type":"image\/jpeg"}],"twitter_card":"summary_large_image","twitter_misc":{"Szacowany czas czytania":"3 minuty"},"schema":{"@context":"https:\/\/schema.org","@graph":[{"@type":"WebPage","@id":"https:\/\/www.distribucionarc.com\/sk\/producto\/maquina-de-grabado-laser-cortador-co2-%e2%80%8bherramienta-de-corte-30-x-20-cm\/","url":"https:\/\/www.distribucionarc.com\/sk\/producto\/maquina-de-grabado-laser-cortador-co2-%e2%80%8bherramienta-de-corte-30-x-20-cm\/","name":"Maszyna do grawerowania laserowego CO2 Cutter Narz\u0119dzie tn\u0105ce 30 x 50 cm - dystrybucja ARC","isPartOf":{"@id":"https:\/\/www.distribucionarc.com\/sl\/#website"},"primaryImageOfPage":{"@id":"https:\/\/www.distribucionarc.com\/sk\/producto\/maquina-de-grabado-laser-cortador-co2-%e2%80%8bherramienta-de-corte-30-x-20-cm\/#primaryimage"},"image":{"@id":"https:\/\/www.distribucionarc.com\/sk\/producto\/maquina-de-grabado-laser-cortador-co2-%e2%80%8bherramienta-de-corte-30-x-20-cm\/#primaryimage"},"thumbnailUrl":"https:\/\/distribucionarc.com\/wp-content\/uploads\/2020\/08\/M\u00e1quina-de-Grabado-L\u00e1ser-Cortador-CO2-Herramienta-de-Corte-30-x-20-cm-0.jpg","datePublished":"2020-08-24T08:34:12+00:00","dateModified":"2023-02-14T11:16:29+00:00","breadcrumb":{"@id":"https:\/\/www.distribucionarc.com\/sk\/producto\/maquina-de-grabado-laser-cortador-co2-%e2%80%8bherramienta-de-corte-30-x-20-cm\/#breadcrumb"},"inLanguage":"pl-PL","potentialAction":[{"@type":"ReadAction","target":["https:\/\/www.distribucionarc.com\/sk\/producto\/maquina-de-grabado-laser-cortador-co2-%e2%80%8bherramienta-de-corte-30-x-20-cm\/"]}]},{"@type":"ImageObject","inLanguage":"pl-PL","@id":"https:\/\/www.distribucionarc.com\/sk\/producto\/maquina-de-grabado-laser-cortador-co2-%e2%80%8bherramienta-de-corte-30-x-20-cm\/#primaryimage","url":"https:\/\/distribucionarc.com\/wp-content\/uploads\/2020\/08\/M\u00e1quina-de-Grabado-L\u00e1ser-Cortador-CO2-Herramienta-de-Corte-30-x-20-cm-0.jpg","contentUrl":"https:\/\/distribucionarc.com\/wp-content\/uploads\/2020\/08\/M\u00e1quina-de-Grabado-L\u00e1ser-Cortador-CO2-Herramienta-de-Corte-30-x-20-cm-0.jpg","width":1001,"height":1001,"caption":"M\u00e1quina de Grabado L\u00e1ser Cortador CO2 \u200bHerramienta de Corte 30 x 20 cm"},{"@type":"BreadcrumbList","@id":"https:\/\/www.distribucionarc.com\/sk\/producto\/maquina-de-grabado-laser-cortador-co2-%e2%80%8bherramienta-de-corte-30-x-20-cm\/#breadcrumb","itemListElement":[{"@type":"ListItem","position":1,"name":"Portada","item":"https:\/\/www.distribucionarc.com\/"},{"@type":"ListItem","position":2,"name":"\u00dcr\u00fcnler","item":"https:\/\/www.distribucionarc.com\/tr\/magaza\/"},{"@type":"ListItem","position":3,"name":"M\u00e1quina de Grabado L\u00e1ser Cortador CO2 \u200bHerramienta de Corte 30 x 50 cm"}]},{"@type":"WebSite","@id":"https:\/\/www.distribucionarc.com\/sl\/#website","url":"https:\/\/www.distribucionarc.com\/sl\/","name":"Dystrybucja ARC","description":"Firma specjalizuj\u0105ca si\u0119 w produkcji i dystrybucji maszyn przemys\u0142owych, zgrzewarek do puszek, maszyn do produkcji tabletek, maszyn do ci\u0119cia mi\u0119sa...","publisher":{"@id":"https:\/\/www.distribucionarc.com\/sl\/#organization"},"potentialAction":[{"@type":"SearchAction","target":{"@type":"EntryPoint","urlTemplate":"https:\/\/www.distribucionarc.com\/sl\/?s={search_term_string}"},"query-input":{"@type":"PropertyValueSpecification","valueRequired":true,"valueName":"search_term_string"}}],"inLanguage":"pl-PL"},{"@type":"Organization","@id":"https:\/\/www.distribucionarc.com\/sl\/#organization","name":"Dystrybucja ARC","url":"https:\/\/www.distribucionarc.com\/sl\/","logo":{"@type":"ImageObject","inLanguage":"pl-PL","@id":"https:\/\/www.distribucionarc.com\/sl\/#\/schema\/logo\/image\/","url":"https:\/\/distribucionarc.com\/wp-content\/uploads\/2024\/10\/distribucion-ARC-COLOR-SIN-FONDO-e1732295305345.png","contentUrl":"https:\/\/distribucionarc.com\/wp-content\/uploads\/2024\/10\/distribucion-ARC-COLOR-SIN-FONDO-e1732295305345.png","width":1164,"height":558,"caption":"Distribuci\u00f3n ARC"},"image":{"@id":"https:\/\/www.distribucionarc.com\/sl\/#\/schema\/logo\/image\/"},"description":"Firma specjalizuj\u0105ca si\u0119 w produkcji i dystrybucji maszyn przemys\u0142owych dla sektora spo\u017cywczego i farmaceutycznego. Specjalizujemy si\u0119 w: Maszyny do krojenia mi\u0119sa Produkcja tabletek Przemys\u0142owe systemy transportowe Linie butelkuj\u0105ce Dozowniki I wiele wi\u0119cej.... Oferujemy innowacyjne i niestandardowe rozwi\u0105zania w celu optymalizacji proces\u00f3w produkcyjnych w Twojej firmie.","email":"Admistracion@distribucionarc.com","telephone":"+34 643496664","legalName":"ARC TECH SOLUTIONS","foundingDate":"2024-04-09","vatID":"B55480172","numberOfEmployees":{"@type":"QuantitativeValue","minValue":"1","maxValue":"10"}}]}},"_links":{"self":[{"href":"https:\/\/distribucionarc.com\/pl\/wp-json\/wp\/v2\/product\/2785","targetHints":{"allow":["GET"]}}],"collection":[{"href":"https:\/\/distribucionarc.com\/pl\/wp-json\/wp\/v2\/product"}],"about":[{"href":"https:\/\/distribucionarc.com\/pl\/wp-json\/wp\/v2\/types\/product"}],"replies":[{"embeddable":true,"href":"https:\/\/distribucionarc.com\/pl\/wp-json\/wp\/v2\/comments?post=2785"}],"version-history":[{"count":0,"href":"https:\/\/distribucionarc.com\/pl\/wp-json\/wp\/v2\/product\/2785\/revisions"}],"wp:featuredmedia":[{"embeddable":true,"href":"https:\/\/distribucionarc.com\/pl\/wp-json\/wp\/v2\/media\/2796"}],"wp:attachment":[{"href":"https:\/\/distribucionarc.com\/pl\/wp-json\/wp\/v2\/media?parent=2785"}],"wp:term":[{"taxonomy":"product_brand","embeddable":true,"href":"https:\/\/distribucionarc.com\/pl\/wp-json\/wp\/v2\/product_brand?post=2785"},{"taxonomy":"product_cat","embeddable":true,"href":"https:\/\/distribucionarc.com\/pl\/wp-json\/wp\/v2\/product_cat?post=2785"},{"taxonomy":"product_tag","embeddable":true,"href":"https:\/\/distribucionarc.com\/pl\/wp-json\/wp\/v2\/product_tag?post=2785"}],"curies":[{"name":"wp","href":"https:\/\/api.w.org\/{rel}","templated":true}]}}