{"id":2817,"date":"2020-08-24T13:40:48","date_gmt":"2020-08-24T13:40:48","guid":{"rendered":"https:\/\/distribucionarc.com\/?post_type=product&#038;p=2817"},"modified":"2023-02-24T10:45:23","modified_gmt":"2023-02-24T10:45:23","slug":"maszyna-do-pakowania-prozniowego-zywnosci","status":"publish","type":"product","link":"https:\/\/distribucionarc.com\/pl\/producto\/maquina-de-sellado-empaquetadora-al-vacio-de-alimentos\/","title":{"rendered":"Maszyna uszczelniaj\u0105ca, maszyna do pakowania pr\u00f3\u017cniowego \u017cywno\u015bci"},"content":{"rendered":"<h3>Maszyna uszczelniaj\u0105ca, maszyna do pakowania pr\u00f3\u017cniowego \u017cywno\u015bci<\/h3>\n<p>Ten<strong> automatyczna maszyna do pakowania pr\u00f3\u017cniowego <span style=\"color: #ff0000;\">DO<\/span><span style=\"color: #0000ff;\">R<\/span>C<\/strong> Zastosowano pomp\u0119 pr\u00f3\u017cniow\u0105 o mocy 800 W, wyposa\u017cono j\u0105 w najwy\u017cszej jako\u015bci komponenty elektryczne, a tak\u017ce zapewniono doskona\u0142y efekt uszczelniaj\u0105cy.<span style=\"color: #000000;\"> <strong>du\u017ca pr\u0119dko\u015b\u0107 pakowania<\/strong><\/span>, Jest <span style=\"color: #008000;\"><strong>skuteczny i wydajny<\/strong><\/span>. Wyposa\u017cone w wentylacj\u0119, kt\u00f3ra pomaga rozproszy\u0107 powietrze i \u0142atwiej rozprowadza ciep\u0142o, proces zgrzewania jest bezpieczny i szybki.<\/p>\n<p>Dwie listwy zgrzewaj\u0105ce wykonane z importowanego materia\u0142u epoksydowego odpornego na wysokie temperatury charakteryzuj\u0105 si\u0119 wyj\u0105tkow\u0105 skuteczno\u015bci\u0105 uszczelniania. Ponadto dr\u0105\u017cki te s\u0105 \u0142atwe do wymiany, a wysokiej jako\u015bci materia\u0142, z kt\u00f3rego s\u0105 wykonane, zapewnia ich du\u017c\u0105 trwa\u0142o\u015b\u0107. Przezroczysta pokrywka ze szk\u0142a organicznego z klamr\u0105 zabezpieczaj\u0105c\u0105 s\u0142u\u017cy do zabezpieczenia pokrywki podczas pakowania pr\u00f3\u017cniowego i uszczelniania. U\u017cytkownicy mog\u0105 obserwowa\u0107 ca\u0142y proces przez pokryw\u0119.<\/p>\n<p>Ten <strong>maszyna do pakowania pr\u00f3\u017cniowego <span style=\"color: #ff0000;\">DO<\/span><span style=\"color: #0000ff;\">R<\/span>CMSV800<\/strong> Maszyna jest sterowana przez mikrokomputer, kt\u00f3ry automatycznie kontroluje ca\u0142y proces, w\u0142\u0105czaj\u0105c w to odkurzanie, zgrzewanie, drukowanie, ch\u0142odzenie i wentylacj\u0119. Posiada przycisk \u201eStop\u201d na wypadek gdyby\u015b chcia\u0142 ca\u0142kowicie zatrzyma\u0107 proces.<\/p>\n<h6><strong>Gwarancja\u00a0<span style=\"color: #ff0000;\">DO<\/span><span style=\"color: #0000ff;\">R<\/span>C 2 LATA<\/strong><\/h6>\n<h6><span style=\"color: #008000;\">Wydajna pakowarka pr\u00f3\u017cniowa, niskie zu\u017cycie 800W<\/span><\/h6>\n<h6><strong>wsparcie techniczne w cenie<\/strong><\/h6>\n<p>&nbsp;<\/p>\n<p>&nbsp;<\/p>\n<table role=\"presentation\" width=\"100%\" cellspacing=\"0\" cellpadding=\"0\">\n<tbody>\n<tr>\n<td class=\"attrLabels\">Gwarancja:<\/td>\n<td width=\"50.0%\">2 LATA<\/td>\n<\/tr>\n<tr>\n<td class=\"attrLabels\">Kolor:<\/td>\n<td width=\"50.0%\">Srebrny<\/td>\n<td class=\"attrLabels\">Wysoko\u015b\u0107:<\/td>\n<td width=\"50.0%\">96cm<\/td>\n<\/tr>\n<tr>\n<td class=\"attrLabels\">Kraj dystrybucji:<\/td>\n<td width=\"50.0%\">Hiszpania, Niemcy, USA<\/td>\n<td class=\"attrLabels\">D\u0142ugi:<\/td>\n<td width=\"50.0%\">54,1 cm<\/td>\n<\/tr>\n<tr>\n<td class=\"attrLabels\">Marka:<\/td>\n<td width=\"50.0%\">\u0141UK<\/td>\n<td class=\"attrLabels\">Szeroki:<\/td>\n<td width=\"50.0%\">\u00a049cm<\/td>\n<\/tr>\n<tr>\n<td class=\"attrLabels\">Rodzaj produktu:<\/td>\n<td width=\"50.0%\">Maszyna do pakowania pr\u00f3\u017cniowego<\/td>\n<td class=\"attrLabels\">Moc:<\/td>\n<td width=\"50.0%\">800 W<\/td>\n<\/tr>\n<tr>\n<td class=\"attrLabels\">Numer producenta:<\/td>\n<td width=\"50.0%\">ARCMSV800<\/td>\n<td class=\"attrLabels\">Wolta\u017c:<\/td>\n<td width=\"50.0%\">220 V 50 Hz<\/td>\n<\/tr>\n<tr>\n<td class=\"attrLabels\">Tworzywo:<\/td>\n<td width=\"50.0%\">Stal nierdzewna 304<\/td>\n<td class=\"attrLabels\">Wymiary aparatu:<\/td>\n<td width=\"50.0%\">Wymiary: 39,9 x 39,9 x 11,4 cm<\/td>\n<\/tr>\n<tr>\n<td class=\"attrLabels\">Narz\u0119dzia instalacyjne:<\/td>\n<td width=\"50.0%\">Tak<\/td>\n<td class=\"attrLabels\">Rozmiar uszczelnienia:<\/td>\n<td width=\"50.0%\">39,9 x 1 cm (d\u0142. x szer.)<\/td>\n<\/tr>\n<tr>\n<td class=\"attrLabels\">Waga:<\/td>\n<td width=\"50.0%\">78kg<\/td>\n<td class=\"attrLabels\">Pr\u0119dko\u015b\u0107 pompy pr\u00f3\u017cniowej:<\/td>\n<td width=\"50.0%\">20 m\u00b3\/godz. (2x 10\u00b2Pa)<\/td>\n<\/tr>\n<\/tbody>\n<\/table>","protected":false},"excerpt":{"rendered":"<h3>Maszyna uszczelniaj\u0105ca, maszyna do pakowania pr\u00f3\u017cniowego \u017cywno\u015bci<\/h3>\n<p>Z <strong>jednokomorowa maszyna do pakowania pr\u00f3\u017cniowego <span style=\"color: #ff0000;\">DO<\/span><span style=\"color: #0000ff;\">R<\/span>C<\/strong> Jako materia\u0142 opakowaniowy mo\u017cna stosowa\u0107 foli\u0119 kompozytow\u0105 z tworzywa sztucznego lub foli\u0119 kompozytow\u0105 w arkuszach z tworzywa sztucznego. Nadaje si\u0119 ona do pakowania \u017cywno\u015bci, lek\u00f3w, produkt\u00f3w wodnych, surowc\u00f3w chemicznych, element\u00f3w elektronicznych i innych przedmiot\u00f3w (sta\u0142ych, ciek\u0142ych lub proszkowych). Nasz produkt posiada przezroczyst\u0105 szklan\u0105 pokryw\u0119, dzi\u0119ki czemu proces pakowania jest dla Ciebie w pe\u0142ni widoczny. Nasz kompaktowy produkt jest zdecydowanie najlepszym wyborem.<\/p>\n<h6><strong>Gwarancja\u00a0<span style=\"color: #ff0000;\">DO<\/span><span style=\"color: #0000ff;\">R<\/span>C 2 LATA<\/strong><\/h6>\n<h6><span style=\"color: #008000;\">Wydajna elektryczna pi\u0142a do ko\u015bci, niskie zu\u017cycie 800W<\/span><\/h6>\n<h6><strong>wsparcie techniczne w cenie<\/strong><\/h6>","protected":false},"featured_media":2818,"comment_status":"open","ping_status":"closed","template":"","meta":{"wds_primary_product_brand":0,"wds_primary_product_cat":0},"product_brand":[],"product_cat":[49],"product_tag":[],"class_list":{"0":"post-2817","1":"product","2":"type-product","3":"status-publish","4":"has-post-thumbnail","6":"product_cat-envasadoras-al-vacio","7":"product_shipping_class-express","9":"first","10":"instock","11":"sale","12":"taxable","13":"shipping-taxable","14":"purchasable","15":"product-type-simple"},"yoast_head":"<!-- This site is optimized with the Yoast SEO Premium plugin v24.9 (Yoast SEO v26.1) - https:\/\/yoast.com\/wordpress\/plugins\/seo\/ -->\n<title>M\u00e1quina de sellado, empaquetadora al vac\u00edo de alimentos - distribuci\u00f3n ARC<\/title>\n<meta name=\"robots\" content=\"index, follow, max-snippet:-1, max-image-preview:large, max-video-preview:-1\" \/>\n<link rel=\"canonical\" href=\"https:\/\/distribucionarc.com\/pl\/produkty\/maszyna-do-pakowania-prozniowego-zywnosci\/\" \/>\n<meta property=\"og:locale\" content=\"pl_PL\" \/>\n<meta property=\"og:type\" content=\"article\" \/>\n<meta property=\"og:title\" content=\"M\u00e1quina de sellado, empaquetadora al vac\u00edo de alimentos\" \/>\n<meta property=\"og:description\" content=\"M\u00e1quina de sellado, empaquetadora al vac\u00edo de alimentos Con la empaquetadora al vac\u00edo de una c\u00e1mara ARC usted puede usar la pel\u00edcula compuesta de pl\u00e1stico o la pel\u00edcula compuesta de l\u00e1mina de pl\u00e1stico como los materiales de empaque, es adecuada para alimentos, medicinas, productos acu\u00e1ticos, materias primas qu\u00edmicas, componentes electr\u00f3nicos y otros art\u00edculos (s\u00f3lidos, l\u00edquidos o en polvo). Nuestro producto est\u00e1 construido con una tapa de vidrio transparente, por lo que el proceso de envasado se muestra completamente a usted. Nuestro producto compacto es definitivamente su mejor opci\u00f3n. Garant\u00eda\u00a0ARC 2 A\u00d1OS Sierra el\u00e9ctrica para huesos eficiente, bajo consumo\u00a0 800W soporte t\u00e9cnico incluido\" \/>\n<meta property=\"og:url\" content=\"https:\/\/distribucionarc.com\/pl\/produkty\/maszyna-do-pakowania-prozniowego-zywnosci\/\" \/>\n<meta property=\"og:site_name\" content=\"distribuci\u00f3n ARC\" \/>\n<meta property=\"article:modified_time\" content=\"2023-02-24T10:45:23+00:00\" \/>\n<meta property=\"og:image\" content=\"https:\/\/distribucionarc.com\/wp-content\/uploads\/2020\/08\/M\u00e1quina-de-sellado-empaquetadora-al-vac\u00edo-de-alimentos-0.jpg\" \/>\n\t<meta property=\"og:image:width\" content=\"1600\" \/>\n\t<meta property=\"og:image:height\" content=\"1600\" \/>\n\t<meta property=\"og:image:type\" content=\"image\/jpeg\" \/>\n<meta name=\"twitter:card\" content=\"summary_large_image\" \/>\n<meta name=\"twitter:label1\" content=\"Szacowany czas czytania\" \/>\n\t<meta name=\"twitter:data1\" content=\"2 minuty\" \/>\n<script type=\"application\/ld+json\" class=\"yoast-schema-graph\">{\"@context\":\"https:\/\/schema.org\",\"@graph\":[{\"@type\":\"WebPage\",\"@id\":\"https:\/\/distribucionarc.com\/hr\/producto\/maquina-de-sellado-empaquetadora-al-vacio-de-alimentos\/\",\"url\":\"https:\/\/distribucionarc.com\/hr\/producto\/maquina-de-sellado-empaquetadora-al-vacio-de-alimentos\/\",\"name\":\"M\u00e1quina de sellado, empaquetadora al vac\u00edo de alimentos - distribuci\u00f3n ARC\",\"isPartOf\":{\"@id\":\"https:\/\/www.distribucionarc.com\/sl\/#website\"},\"primaryImageOfPage\":{\"@id\":\"https:\/\/distribucionarc.com\/hr\/producto\/maquina-de-sellado-empaquetadora-al-vacio-de-alimentos\/#primaryimage\"},\"image\":{\"@id\":\"https:\/\/distribucionarc.com\/hr\/producto\/maquina-de-sellado-empaquetadora-al-vacio-de-alimentos\/#primaryimage\"},\"thumbnailUrl\":\"https:\/\/distribucionarc.com\/wp-content\/uploads\/2020\/08\/M\u00e1quina-de-sellado-empaquetadora-al-vac\u00edo-de-alimentos-0.jpg\",\"datePublished\":\"2020-08-24T13:40:48+00:00\",\"dateModified\":\"2023-02-24T10:45:23+00:00\",\"breadcrumb\":{\"@id\":\"https:\/\/distribucionarc.com\/hr\/producto\/maquina-de-sellado-empaquetadora-al-vacio-de-alimentos\/#breadcrumb\"},\"inLanguage\":\"pl-PL\",\"potentialAction\":[{\"@type\":\"ReadAction\",\"target\":[\"https:\/\/distribucionarc.com\/hr\/producto\/maquina-de-sellado-empaquetadora-al-vacio-de-alimentos\/\"]}]},{\"@type\":\"ImageObject\",\"inLanguage\":\"pl-PL\",\"@id\":\"https:\/\/distribucionarc.com\/hr\/producto\/maquina-de-sellado-empaquetadora-al-vacio-de-alimentos\/#primaryimage\",\"url\":\"https:\/\/distribucionarc.com\/wp-content\/uploads\/2020\/08\/M\u00e1quina-de-sellado-empaquetadora-al-vac\u00edo-de-alimentos-0.jpg\",\"contentUrl\":\"https:\/\/distribucionarc.com\/wp-content\/uploads\/2020\/08\/M\u00e1quina-de-sellado-empaquetadora-al-vac\u00edo-de-alimentos-0.jpg\",\"width\":1600,\"height\":1600,\"caption\":\"M\u00e1quina de sellado, empaquetadora al vac\u00edo de alimentos\"},{\"@type\":\"BreadcrumbList\",\"@id\":\"https:\/\/distribucionarc.com\/hr\/producto\/maquina-de-sellado-empaquetadora-al-vacio-de-alimentos\/#breadcrumb\",\"itemListElement\":[{\"@type\":\"ListItem\",\"position\":1,\"name\":\"Portada\",\"item\":\"https:\/\/www.distribucionarc.com\/\"},{\"@type\":\"ListItem\",\"position\":2,\"name\":\"\u00dcr\u00fcnler\",\"item\":\"https:\/\/www.distribucionarc.com\/tr\/magaza\/\"},{\"@type\":\"ListItem\",\"position\":3,\"name\":\"M\u00e1quina de sellado, empaquetadora al vac\u00edo de alimentos\"}]},{\"@type\":\"WebSite\",\"@id\":\"https:\/\/www.distribucionarc.com\/sl\/#website\",\"url\":\"https:\/\/www.distribucionarc.com\/sl\/\",\"name\":\"distribuci\u00f3n ARC\",\"description\":\"Empresa especializada en la fabricaci\u00f3n y distribuci\u00f3n de maquinaria industrial, selladoras de latas, Maquinas de hacer pastillas, Maquinas de cortar carne...\",\"publisher\":{\"@id\":\"https:\/\/www.distribucionarc.com\/sl\/#organization\"},\"potentialAction\":[{\"@type\":\"SearchAction\",\"target\":{\"@type\":\"EntryPoint\",\"urlTemplate\":\"https:\/\/www.distribucionarc.com\/sl\/?s={search_term_string}\"},\"query-input\":{\"@type\":\"PropertyValueSpecification\",\"valueRequired\":true,\"valueName\":\"search_term_string\"}}],\"inLanguage\":\"pl-PL\"},{\"@type\":\"Organization\",\"@id\":\"https:\/\/www.distribucionarc.com\/sl\/#organization\",\"name\":\"Distribuci\u00f3n ARC\",\"url\":\"https:\/\/www.distribucionarc.com\/sl\/\",\"logo\":{\"@type\":\"ImageObject\",\"inLanguage\":\"pl-PL\",\"@id\":\"https:\/\/www.distribucionarc.com\/sl\/#\/schema\/logo\/image\/\",\"url\":\"https:\/\/distribucionarc.com\/wp-content\/uploads\/2024\/10\/distribucion-ARC-COLOR-SIN-FONDO-e1732295305345.png\",\"contentUrl\":\"https:\/\/distribucionarc.com\/wp-content\/uploads\/2024\/10\/distribucion-ARC-COLOR-SIN-FONDO-e1732295305345.png\",\"width\":1164,\"height\":558,\"caption\":\"Distribuci\u00f3n ARC\"},\"image\":{\"@id\":\"https:\/\/www.distribucionarc.com\/sl\/#\/schema\/logo\/image\/\"},\"description\":\"Empresa especializada en la fabricaci\u00f3n y distribuci\u00f3n de maquinaria industrial para los sectores alimentario y farmac\u00e9utico. Nos especializamos en: M\u00e1quinas de cortar carne Fabricaci\u00f3n de comprimidos Sistemas de transporte industrial L\u00edneas de embotellado Dosificadores Y mucho m\u00e1s... Ofrecemos soluciones innovadoras y personalizadas para optimizar los procesos productivos de tu empresa.\",\"email\":\"Admistracion@distribucionarc.com\",\"telephone\":\"+34 643496664\",\"legalName\":\"ARC TECH SOLUTIONS\",\"foundingDate\":\"2024-04-09\",\"vatID\":\"B55480172\",\"numberOfEmployees\":{\"@type\":\"QuantitativeValue\",\"minValue\":\"1\",\"maxValue\":\"10\"}}]}<\/script>\n<!-- \/ Yoast SEO Premium plugin. -->","yoast_head_json":{"title":"Maszyna do pakowania pr\u00f3\u017cniowego \u017cywno\u015bci - dystrybucja ARC","robots":{"index":"index","follow":"follow","max-snippet":"max-snippet:-1","max-image-preview":"max-image-preview:large","max-video-preview":"max-video-preview:-1"},"canonical":"https:\/\/distribucionarc.com\/pl\/produkty\/maszyna-do-pakowania-prozniowego-zywnosci\/","og_locale":"pl_PL","og_type":"article","og_title":"M\u00e1quina de sellado, empaquetadora al vac\u00edo de alimentos","og_description":"M\u00e1quina de sellado, empaquetadora al vac\u00edo de alimentos Con la empaquetadora al vac\u00edo de una c\u00e1mara ARC usted puede usar la pel\u00edcula compuesta de pl\u00e1stico o la pel\u00edcula compuesta de l\u00e1mina de pl\u00e1stico como los materiales de empaque, es adecuada para alimentos, medicinas, productos acu\u00e1ticos, materias primas qu\u00edmicas, componentes electr\u00f3nicos y otros art\u00edculos (s\u00f3lidos, l\u00edquidos o en polvo). Nuestro producto est\u00e1 construido con una tapa de vidrio transparente, por lo que el proceso de envasado se muestra completamente a usted. Nuestro producto compacto es definitivamente su mejor opci\u00f3n. Garant\u00eda\u00a0ARC 2 A\u00d1OS Sierra el\u00e9ctrica para huesos eficiente, bajo consumo\u00a0 800W soporte t\u00e9cnico incluido","og_url":"https:\/\/distribucionarc.com\/pl\/produkty\/maszyna-do-pakowania-prozniowego-zywnosci\/","og_site_name":"distribuci\u00f3n ARC","article_modified_time":"2023-02-24T10:45:23+00:00","og_image":[{"width":1600,"height":1600,"url":"https:\/\/distribucionarc.com\/wp-content\/uploads\/2020\/08\/M\u00e1quina-de-sellado-empaquetadora-al-vac\u00edo-de-alimentos-0.jpg","type":"image\/jpeg"}],"twitter_card":"summary_large_image","twitter_misc":{"Szacowany czas czytania":"2 minuty"},"schema":{"@context":"https:\/\/schema.org","@graph":[{"@type":"WebPage","@id":"https:\/\/distribucionarc.com\/hr\/producto\/maquina-de-sellado-empaquetadora-al-vacio-de-alimentos\/","url":"https:\/\/distribucionarc.com\/hr\/producto\/maquina-de-sellado-empaquetadora-al-vacio-de-alimentos\/","name":"Maszyna do pakowania pr\u00f3\u017cniowego \u017cywno\u015bci - dystrybucja ARC","isPartOf":{"@id":"https:\/\/www.distribucionarc.com\/sl\/#website"},"primaryImageOfPage":{"@id":"https:\/\/distribucionarc.com\/hr\/producto\/maquina-de-sellado-empaquetadora-al-vacio-de-alimentos\/#primaryimage"},"image":{"@id":"https:\/\/distribucionarc.com\/hr\/producto\/maquina-de-sellado-empaquetadora-al-vacio-de-alimentos\/#primaryimage"},"thumbnailUrl":"https:\/\/distribucionarc.com\/wp-content\/uploads\/2020\/08\/M\u00e1quina-de-sellado-empaquetadora-al-vac\u00edo-de-alimentos-0.jpg","datePublished":"2020-08-24T13:40:48+00:00","dateModified":"2023-02-24T10:45:23+00:00","breadcrumb":{"@id":"https:\/\/distribucionarc.com\/hr\/producto\/maquina-de-sellado-empaquetadora-al-vacio-de-alimentos\/#breadcrumb"},"inLanguage":"pl-PL","potentialAction":[{"@type":"ReadAction","target":["https:\/\/distribucionarc.com\/hr\/producto\/maquina-de-sellado-empaquetadora-al-vacio-de-alimentos\/"]}]},{"@type":"ImageObject","inLanguage":"pl-PL","@id":"https:\/\/distribucionarc.com\/hr\/producto\/maquina-de-sellado-empaquetadora-al-vacio-de-alimentos\/#primaryimage","url":"https:\/\/distribucionarc.com\/wp-content\/uploads\/2020\/08\/M\u00e1quina-de-sellado-empaquetadora-al-vac\u00edo-de-alimentos-0.jpg","contentUrl":"https:\/\/distribucionarc.com\/wp-content\/uploads\/2020\/08\/M\u00e1quina-de-sellado-empaquetadora-al-vac\u00edo-de-alimentos-0.jpg","width":1600,"height":1600,"caption":"M\u00e1quina de sellado, empaquetadora al vac\u00edo de alimentos"},{"@type":"BreadcrumbList","@id":"https:\/\/distribucionarc.com\/hr\/producto\/maquina-de-sellado-empaquetadora-al-vacio-de-alimentos\/#breadcrumb","itemListElement":[{"@type":"ListItem","position":1,"name":"Portada","item":"https:\/\/www.distribucionarc.com\/"},{"@type":"ListItem","position":2,"name":"\u00dcr\u00fcnler","item":"https:\/\/www.distribucionarc.com\/tr\/magaza\/"},{"@type":"ListItem","position":3,"name":"M\u00e1quina de sellado, empaquetadora al vac\u00edo de alimentos"}]},{"@type":"WebSite","@id":"https:\/\/www.distribucionarc.com\/sl\/#website","url":"https:\/\/www.distribucionarc.com\/sl\/","name":"Dystrybucja ARC","description":"Firma specjalizuj\u0105ca si\u0119 w produkcji i dystrybucji maszyn przemys\u0142owych, zgrzewarek do puszek, maszyn do produkcji tabletek, maszyn do ci\u0119cia mi\u0119sa...","publisher":{"@id":"https:\/\/www.distribucionarc.com\/sl\/#organization"},"potentialAction":[{"@type":"SearchAction","target":{"@type":"EntryPoint","urlTemplate":"https:\/\/www.distribucionarc.com\/sl\/?s={search_term_string}"},"query-input":{"@type":"PropertyValueSpecification","valueRequired":true,"valueName":"search_term_string"}}],"inLanguage":"pl-PL"},{"@type":"Organization","@id":"https:\/\/www.distribucionarc.com\/sl\/#organization","name":"Dystrybucja ARC","url":"https:\/\/www.distribucionarc.com\/sl\/","logo":{"@type":"ImageObject","inLanguage":"pl-PL","@id":"https:\/\/www.distribucionarc.com\/sl\/#\/schema\/logo\/image\/","url":"https:\/\/distribucionarc.com\/wp-content\/uploads\/2024\/10\/distribucion-ARC-COLOR-SIN-FONDO-e1732295305345.png","contentUrl":"https:\/\/distribucionarc.com\/wp-content\/uploads\/2024\/10\/distribucion-ARC-COLOR-SIN-FONDO-e1732295305345.png","width":1164,"height":558,"caption":"Distribuci\u00f3n ARC"},"image":{"@id":"https:\/\/www.distribucionarc.com\/sl\/#\/schema\/logo\/image\/"},"description":"Firma specjalizuj\u0105ca si\u0119 w produkcji i dystrybucji maszyn przemys\u0142owych dla sektora spo\u017cywczego i farmaceutycznego. Specjalizujemy si\u0119 w: Maszyny do krojenia mi\u0119sa Produkcja tabletek Przemys\u0142owe systemy transportowe Linie butelkuj\u0105ce Dozowniki I wiele wi\u0119cej.... Oferujemy innowacyjne i niestandardowe rozwi\u0105zania w celu optymalizacji proces\u00f3w produkcyjnych w Twojej firmie.","email":"Admistracion@distribucionarc.com","telephone":"+34 643496664","legalName":"ARC TECH SOLUTIONS","foundingDate":"2024-04-09","vatID":"B55480172","numberOfEmployees":{"@type":"QuantitativeValue","minValue":"1","maxValue":"10"}}]}},"_links":{"self":[{"href":"https:\/\/distribucionarc.com\/pl\/wp-json\/wp\/v2\/product\/2817","targetHints":{"allow":["GET"]}}],"collection":[{"href":"https:\/\/distribucionarc.com\/pl\/wp-json\/wp\/v2\/product"}],"about":[{"href":"https:\/\/distribucionarc.com\/pl\/wp-json\/wp\/v2\/types\/product"}],"replies":[{"embeddable":true,"href":"https:\/\/distribucionarc.com\/pl\/wp-json\/wp\/v2\/comments?post=2817"}],"version-history":[{"count":0,"href":"https:\/\/distribucionarc.com\/pl\/wp-json\/wp\/v2\/product\/2817\/revisions"}],"wp:featuredmedia":[{"embeddable":true,"href":"https:\/\/distribucionarc.com\/pl\/wp-json\/wp\/v2\/media\/2818"}],"wp:attachment":[{"href":"https:\/\/distribucionarc.com\/pl\/wp-json\/wp\/v2\/media?parent=2817"}],"wp:term":[{"taxonomy":"product_brand","embeddable":true,"href":"https:\/\/distribucionarc.com\/pl\/wp-json\/wp\/v2\/product_brand?post=2817"},{"taxonomy":"product_cat","embeddable":true,"href":"https:\/\/distribucionarc.com\/pl\/wp-json\/wp\/v2\/product_cat?post=2817"},{"taxonomy":"product_tag","embeddable":true,"href":"https:\/\/distribucionarc.com\/pl\/wp-json\/wp\/v2\/product_tag?post=2817"}],"curies":[{"name":"wp","href":"https:\/\/api.w.org\/{rel}","templated":true}]}}