{"id":2894,"date":"2020-08-25T12:35:57","date_gmt":"2020-08-25T12:35:57","guid":{"rendered":"https:\/\/distribucionarc.com\/?post_type=product&#038;p=2894"},"modified":"2020-10-01T11:19:52","modified_gmt":"2020-10-01T11:19:52","slug":"spawacz-swiatlowodow-spawarka-spawarka-al-8","status":"publish","type":"product","link":"https:\/\/distribucionarc.com\/pl\/producto\/soldadora-de-fibra-optica-empalmadora-de-fibra-de-fusion-al-8\/","title":{"rendered":"Spawacz \u015bwiat\u0142owodowy, spawarka \u015bwiat\u0142owodowa Al-8"},"content":{"rendered":"<h3>Spawacz \u015bwiat\u0142owodowy, spawarka \u015bwiat\u0142owodowa Al-8<\/h3>\n<p>The <strong>spawarka \u015bwiat\u0142owodowa <span style=\"color: #ff0000;\">DO<\/span><span style=\"color: #0000ff;\">R<\/span>C<\/strong> Szczeg\u00f3lnie nadaje si\u0119 do projekt\u00f3w z zakresu \u015bwiat\u0142owod\u00f3w i kabli, bada\u0144 naukowych i prac konserwacyjnych. Kable wielow\u0142\u00f3knowe SM, MM, \u015bwiat\u0142owody go\u0142e, izolowane gum\u0105. Zastosowane w\u0142\u00f3kna: SM (G.652 i G.657); MM (G.651); DS (G.657); NZDS (G.655). Pe\u0142ne kwalifikacje do projekt\u00f3w FTTH, monitoringu bezpiecze\u0144stwa i innych projekt\u00f3w zwi\u0105zanych ze spawaniem kabli \u015bwiat\u0142owodowych.<\/p>\n<p>Posiada 5-calowy ekran o wysokiej rozdzielczo\u015bci 800 X 480. Obs\u0142uga grafiki jest prosta i intuicyjna. Obraz mo\u017cna powi\u0119kszy\u0107 nawet 300-krotnie. Wbudowana bateria litowa o du\u017cej pojemno\u015bci 7800 mAh, czas \u0142adowania \u2264 3,5 godziny, ci\u0105g\u0142e spawanie i nagrzewanie oko\u0142o 200 razy<\/p>\n<p>Skrzynka z narz\u0119dziami<strong> spawarka \u015bwiat\u0142owodowa <span style=\"color: #ff0000;\">DO<\/span><span style=\"color: #0000ff;\">R<\/span>CSFO8<\/strong> W zestawie znajduje si\u0119 sto\u0142ek u\u0142atwiaj\u0105cy prac\u0119 operatorom. No\u015bno\u015b\u0107 wynosi 100 kg. Nie ma potrzeby wyjmowania spawarki z skrzynki narz\u0119dziowej podczas pracy. Dzi\u0119ki portowi wielofunkcyjnemu mo\u017cesz u\u017cywa\u0107 zewn\u0119trznego \u015bwiat\u0142a LED w nocy, co zapewnia precyzyjn\u0105 prac\u0119; umo\u017cliwia \u0142adowanie telefonu napi\u0119ciem \u0142adowania 13,5VDC\/4A.<\/p>\n<h6><strong>Gwarancja <span style=\"color: #ff0000;\">DO<\/span><\/strong><strong style=\"font-style: normal; font-size: 17.6px;\"><span style=\"color: #0000ff;\">R<\/span><\/strong><strong style=\"font-size: 1.1em;\">C 2 LATA<\/strong><\/h6>\n<h6><strong>wsparcie techniczne w cenie<\/strong><\/h6>\n<p>&nbsp;<\/p>\n<table role=\"presentation\" width=\"100%\" cellspacing=\"0\" cellpadding=\"0\">\n<tbody>\n<tr>\n<td class=\"attrLabels\">Marka:<\/td>\n<td width=\"50.0%\">\u0141UK<\/td>\n<\/tr>\n<tr>\n<td class=\"attrLabels\">Kraj dystrybucji:<\/td>\n<td width=\"50.0%\">Hiszpania, Niemcy, USA<\/td>\n<td class=\"attrLabels\">Czas \u0142\u0105czenia:<\/td>\n<td width=\"50.0%\">6 sekund<\/td>\n<\/tr>\n<tr>\n<td class=\"attrLabels\">Numer producenta:<\/td>\n<td width=\"50.0%\">ARCSFO8<\/td>\n<td class=\"attrLabels\">Czas nagrzewania:<\/td>\n<td width=\"50.0%\">15 sekund<\/td>\n<\/tr>\n<tr>\n<td class=\"attrLabels\">Kolor:<\/td>\n<td width=\"50.0%\">Zielony, srebrny<\/td>\n<td class=\"attrLabels\">Straty na spawach:<\/td>\n<td width=\"50.0%\">0,025 dBm (SM) \/ 0,01 dB (MM) \/ 0,04 dB (DS \/ NZDS)<\/td>\n<\/tr>\n<tr>\n<td class=\"attrLabels\">Rodzaj produktu:<\/td>\n<td width=\"50.0%\">Spawarka \u015bwiat\u0142owodowa<\/td>\n<td class=\"attrLabels\">Zastosowane w\u0142\u00f3kna:<\/td>\n<td width=\"50.0%\">SM (G.652 i G.657) \/ MM (G.651) DS (G.657) \/ NZDS (G.655)<\/td>\n<\/tr>\n<tr>\n<td class=\"attrLabels\">Waga:<\/td>\n<td width=\"50.0%\">10,2 kg<\/td>\n<td class=\"attrLabels\">Pojemno\u015b\u0107 baterii:<\/td>\n<td width=\"50.0%\">7800 mAh<\/td>\n<\/tr>\n<tr>\n<td class=\"attrLabels\">Wysoko\u015b\u0107:<\/td>\n<td width=\"50.0%\">15<\/td>\n<td class=\"attrLabels\">napi\u0119cie wej\u015bciowe<\/td>\n<td width=\"50.0%\">230 V \u2013 50 Hz<\/td>\n<\/tr>\n<tr>\n<td class=\"attrLabels\">D\u0142ugi:<\/td>\n<td width=\"50.0%\">\u00a0 17<\/td>\n<td class=\"attrLabels\">Czas \u0142adowania:<\/td>\n<td width=\"50.0%\">\u2264 3,5 godz.<\/td>\n<\/tr>\n<tr>\n<td class=\"attrLabels\">Szeroki:<\/td>\n<td width=\"50.0%\">23<\/td>\n<td class=\"attrLabels\">Napi\u0119cie wej\u015bciowe:<\/td>\n<td width=\"50.0%\">Pr\u0105d zmienny 100-240 V 50\/60 Hz<\/td>\n<\/tr>\n<\/tbody>\n<\/table>","protected":false},"excerpt":{"rendered":"<h2>Spawacz \u015bwiat\u0142owodowy, spawarka \u015bwiat\u0142owodowa Al-8<\/h2>\n<p><strong><span style=\"color: #ff0000;\">DO<\/span><span style=\"color: #0000ff;\">R<\/span>C<\/strong> oferuje Ci <strong>Spawarka \u015bwiat\u0142owodowa do elektrod Al-8<\/strong> Doskona\u0142y tryb \u0142\u0105czenia z 5-calowym ekranem o wysokiej rozdzielczo\u015bci 800 X 480, prosta i intuicyjna obs\u0142uga. Maszyna s\u0142u\u017cy g\u0142\u00f3wnie do \u0142\u0105czenia w\u0142\u00f3kien optycznych, kt\u00f3re mo\u017cna r\u00f3wnie\u017c \u0142\u0105czy\u0107 za pomoc\u0105 zwyk\u0142ych kabli \u015bwiat\u0142owodowych, zworek i wielokrotnych w\u0142\u00f3kien kwarcowych o przesuni\u0119tej dyspersji, w\u0142\u00f3kien optycznych jednomodowych i wielomodowych.<\/p>\n<h6><strong>Gwarancja <span style=\"color: #ff0000;\">DO<\/span><\/strong><strong style=\"font-style: normal; font-size: 17.6px;\"><span style=\"color: #0000ff;\">R<\/span><\/strong><strong style=\"font-size: 1.1em;\">C 2 LATA<\/strong><\/h6>\n<h6><strong>wsparcie techniczne w cenie<\/strong><\/h6>\n<div id=\"gtx-trans\" style=\"position: absolute; left: 173px; top: 116.556px;\">\n<div class=\"gtx-trans-icon\"><\/div>\n<\/div>","protected":false},"featured_media":2901,"comment_status":"open","ping_status":"closed","template":"","meta":{"wds_primary_product_brand":0,"wds_primary_product_cat":0},"product_brand":[],"product_cat":[69],"product_tag":[],"class_list":{"0":"post-2894","1":"product","2":"type-product","3":"status-publish","4":"has-post-thumbnail","6":"product_cat-maquinas-variadas","7":"product_shipping_class-express","9":"first","10":"instock","11":"sale","12":"taxable","13":"shipping-taxable","14":"purchasable","15":"product-type-simple"},"yoast_head":"<!-- This site is optimized with the Yoast SEO Premium plugin v24.9 (Yoast SEO v26.1) - https:\/\/yoast.com\/wordpress\/plugins\/seo\/ -->\n<title>Soldadora de fibra \u00f3ptica, empalmadora de fibra de fusi\u00f3n Al-8 - distribuci\u00f3n ARC<\/title>\n<meta name=\"robots\" content=\"index, follow, max-snippet:-1, max-image-preview:large, max-video-preview:-1\" \/>\n<link rel=\"canonical\" href=\"https:\/\/distribucionarc.com\/pl\/produkty\/spawacz-swiatlowodow-spawarka-spawarka-al-8\/\" \/>\n<meta property=\"og:locale\" content=\"pl_PL\" \/>\n<meta property=\"og:type\" content=\"article\" \/>\n<meta property=\"og:title\" content=\"Soldadora de fibra \u00f3ptica, empalmadora de fibra de fusi\u00f3n Al-8\" \/>\n<meta property=\"og:description\" content=\"Soldadora de fibra \u00f3ptica, empalmadora de fibra de fusi\u00f3n Al-8 ARC le ofrece el soldador de fusi\u00f3n de fibra para electrodos Al-8 superior con modo de empalme con pantalla de alta resoluci\u00f3n de 5 pulgadas 800 X 480, funcionamiento simple e intuitivo. La m\u00e1quina se utiliza principalmente para conectar fibras \u00f3pticas, que adem\u00e1s se pueden conectar con cables de fibra \u00f3ptica ordinarios, puentes y m\u00faltiples fibras \u00f3pticas de cuarzo de dispersi\u00f3n desplazada, monomodo y multimodo. Garant\u00eda ARC 2 A\u00d1OS soporte t\u00e9cnico incluido\" \/>\n<meta property=\"og:url\" content=\"https:\/\/distribucionarc.com\/pl\/produkty\/spawacz-swiatlowodow-spawarka-spawarka-al-8\/\" \/>\n<meta property=\"og:site_name\" content=\"distribuci\u00f3n ARC\" \/>\n<meta property=\"article:modified_time\" content=\"2020-10-01T11:19:52+00:00\" \/>\n<meta property=\"og:image\" content=\"https:\/\/distribucionarc.com\/wp-content\/uploads\/2020\/08\/Soldadora-de-fibra-\u00f3ptica-empalmadora-de-fibra-de-fusi\u00f3n-Al-8-0.jpg\" \/>\n\t<meta property=\"og:image:width\" content=\"1600\" \/>\n\t<meta property=\"og:image:height\" content=\"1600\" \/>\n\t<meta property=\"og:image:type\" content=\"image\/jpeg\" \/>\n<meta name=\"twitter:card\" content=\"summary_large_image\" \/>\n<meta name=\"twitter:label1\" content=\"Szacowany czas czytania\" \/>\n\t<meta name=\"twitter:data1\" content=\"1 minuta\" \/>\n<script type=\"application\/ld+json\" class=\"yoast-schema-graph\">{\"@context\":\"https:\/\/schema.org\",\"@graph\":[{\"@type\":\"WebPage\",\"@id\":\"https:\/\/distribucionarc.com\/pl\/producto\/soldadora-de-fibra-optica-empalmadora-de-fibra-de-fusion-al-8\/\",\"url\":\"https:\/\/distribucionarc.com\/pl\/producto\/soldadora-de-fibra-optica-empalmadora-de-fibra-de-fusion-al-8\/\",\"name\":\"Soldadora de fibra \u00f3ptica, empalmadora de fibra de fusi\u00f3n Al-8 - distribuci\u00f3n ARC\",\"isPartOf\":{\"@id\":\"https:\/\/distribucionarc.com\/de\/#website\"},\"primaryImageOfPage\":{\"@id\":\"https:\/\/distribucionarc.com\/pl\/producto\/soldadora-de-fibra-optica-empalmadora-de-fibra-de-fusion-al-8\/#primaryimage\"},\"image\":{\"@id\":\"https:\/\/distribucionarc.com\/pl\/producto\/soldadora-de-fibra-optica-empalmadora-de-fibra-de-fusion-al-8\/#primaryimage\"},\"thumbnailUrl\":\"https:\/\/distribucionarc.com\/wp-content\/uploads\/2020\/08\/Soldadora-de-fibra-\u00f3ptica-empalmadora-de-fibra-de-fusi\u00f3n-Al-8-0.jpg\",\"datePublished\":\"2020-08-25T12:35:57+00:00\",\"dateModified\":\"2020-10-01T11:19:52+00:00\",\"breadcrumb\":{\"@id\":\"https:\/\/distribucionarc.com\/pl\/producto\/soldadora-de-fibra-optica-empalmadora-de-fibra-de-fusion-al-8\/#breadcrumb\"},\"inLanguage\":\"pl-PL\",\"potentialAction\":[{\"@type\":\"ReadAction\",\"target\":[\"https:\/\/distribucionarc.com\/pl\/producto\/soldadora-de-fibra-optica-empalmadora-de-fibra-de-fusion-al-8\/\"]}]},{\"@type\":\"ImageObject\",\"inLanguage\":\"pl-PL\",\"@id\":\"https:\/\/distribucionarc.com\/pl\/producto\/soldadora-de-fibra-optica-empalmadora-de-fibra-de-fusion-al-8\/#primaryimage\",\"url\":\"https:\/\/distribucionarc.com\/wp-content\/uploads\/2020\/08\/Soldadora-de-fibra-\u00f3ptica-empalmadora-de-fibra-de-fusi\u00f3n-Al-8-0.jpg\",\"contentUrl\":\"https:\/\/distribucionarc.com\/wp-content\/uploads\/2020\/08\/Soldadora-de-fibra-\u00f3ptica-empalmadora-de-fibra-de-fusi\u00f3n-Al-8-0.jpg\",\"width\":1600,\"height\":1600,\"caption\":\"Soldadora de fibra \u00f3ptica, empalmadora de fibra de fusi\u00f3n Al-8\"},{\"@type\":\"BreadcrumbList\",\"@id\":\"https:\/\/distribucionarc.com\/pl\/producto\/soldadora-de-fibra-optica-empalmadora-de-fibra-de-fusion-al-8\/#breadcrumb\",\"itemListElement\":[{\"@type\":\"ListItem\",\"position\":1,\"name\":\"Portada\",\"item\":\"https:\/\/distribucionarc.com\/pl\/\"},{\"@type\":\"ListItem\",\"position\":2,\"name\":\"Produkty\",\"item\":\"https:\/\/distribucionarc.com\/pl\/shop\/\"},{\"@type\":\"ListItem\",\"position\":3,\"name\":\"Soldadora de fibra \u00f3ptica, empalmadora de fibra de fusi\u00f3n Al-8\"}]},{\"@type\":\"WebSite\",\"@id\":\"https:\/\/distribucionarc.com\/de\/#website\",\"url\":\"https:\/\/distribucionarc.com\/de\/\",\"name\":\"distribuci\u00f3n ARC\",\"description\":\"Empresa especializada en la fabricaci\u00f3n y distribuci\u00f3n de maquinaria industrial, selladoras de latas, Maquinas de hacer pastillas, Maquinas de cortar carne...\",\"publisher\":{\"@id\":\"https:\/\/distribucionarc.com\/de\/#organization\"},\"potentialAction\":[{\"@type\":\"SearchAction\",\"target\":{\"@type\":\"EntryPoint\",\"urlTemplate\":\"https:\/\/distribucionarc.com\/de\/?s={search_term_string}\"},\"query-input\":{\"@type\":\"PropertyValueSpecification\",\"valueRequired\":true,\"valueName\":\"search_term_string\"}}],\"inLanguage\":\"pl-PL\"},{\"@type\":\"Organization\",\"@id\":\"https:\/\/distribucionarc.com\/de\/#organization\",\"name\":\"Distribuci\u00f3n ARC\",\"url\":\"https:\/\/distribucionarc.com\/de\/\",\"logo\":{\"@type\":\"ImageObject\",\"inLanguage\":\"pl-PL\",\"@id\":\"https:\/\/distribucionarc.com\/de\/#\/schema\/logo\/image\/\",\"url\":\"https:\/\/distribucionarc.com\/wp-content\/uploads\/2024\/10\/distribucion-ARC-COLOR-SIN-FONDO-e1732295305345.png\",\"contentUrl\":\"https:\/\/distribucionarc.com\/wp-content\/uploads\/2024\/10\/distribucion-ARC-COLOR-SIN-FONDO-e1732295305345.png\",\"width\":1164,\"height\":558,\"caption\":\"Distribuci\u00f3n ARC\"},\"image\":{\"@id\":\"https:\/\/distribucionarc.com\/de\/#\/schema\/logo\/image\/\"},\"description\":\"Empresa especializada en la fabricaci\u00f3n y distribuci\u00f3n de maquinaria industrial para los sectores alimentario y farmac\u00e9utico. Nos especializamos en: M\u00e1quinas de cortar carne Fabricaci\u00f3n de comprimidos Sistemas de transporte industrial L\u00edneas de embotellado Dosificadores Y mucho m\u00e1s... Ofrecemos soluciones innovadoras y personalizadas para optimizar los procesos productivos de tu empresa.\",\"email\":\"Admistracion@distribucionarc.com\",\"telephone\":\"+34 643496664\",\"legalName\":\"ARC TECH SOLUTIONS\",\"foundingDate\":\"2024-04-09\",\"vatID\":\"B55480172\",\"numberOfEmployees\":{\"@type\":\"QuantitativeValue\",\"minValue\":\"1\",\"maxValue\":\"10\"}}]}<\/script>\n<!-- \/ Yoast SEO Premium plugin. -->","yoast_head_json":{"title":"Spawarka \u015bwiat\u0142owodowa, spawarka Al-8 - dystrybucja ARC","robots":{"index":"index","follow":"follow","max-snippet":"max-snippet:-1","max-image-preview":"max-image-preview:large","max-video-preview":"max-video-preview:-1"},"canonical":"https:\/\/distribucionarc.com\/pl\/produkty\/spawacz-swiatlowodow-spawarka-spawarka-al-8\/","og_locale":"pl_PL","og_type":"article","og_title":"Soldadora de fibra \u00f3ptica, empalmadora de fibra de fusi\u00f3n Al-8","og_description":"Soldadora de fibra \u00f3ptica, empalmadora de fibra de fusi\u00f3n Al-8 ARC le ofrece el soldador de fusi\u00f3n de fibra para electrodos Al-8 superior con modo de empalme con pantalla de alta resoluci\u00f3n de 5 pulgadas 800 X 480, funcionamiento simple e intuitivo. La m\u00e1quina se utiliza principalmente para conectar fibras \u00f3pticas, que adem\u00e1s se pueden conectar con cables de fibra \u00f3ptica ordinarios, puentes y m\u00faltiples fibras \u00f3pticas de cuarzo de dispersi\u00f3n desplazada, monomodo y multimodo. Garant\u00eda ARC 2 A\u00d1OS soporte t\u00e9cnico incluido","og_url":"https:\/\/distribucionarc.com\/pl\/produkty\/spawacz-swiatlowodow-spawarka-spawarka-al-8\/","og_site_name":"distribuci\u00f3n ARC","article_modified_time":"2020-10-01T11:19:52+00:00","og_image":[{"width":1600,"height":1600,"url":"https:\/\/distribucionarc.com\/wp-content\/uploads\/2020\/08\/Soldadora-de-fibra-\u00f3ptica-empalmadora-de-fibra-de-fusi\u00f3n-Al-8-0.jpg","type":"image\/jpeg"}],"twitter_card":"summary_large_image","twitter_misc":{"Szacowany czas czytania":"1 minuta"},"schema":{"@context":"https:\/\/schema.org","@graph":[{"@type":"WebPage","@id":"https:\/\/distribucionarc.com\/pl\/producto\/soldadora-de-fibra-optica-empalmadora-de-fibra-de-fusion-al-8\/","url":"https:\/\/distribucionarc.com\/pl\/producto\/soldadora-de-fibra-optica-empalmadora-de-fibra-de-fusion-al-8\/","name":"Spawarka \u015bwiat\u0142owodowa, spawarka Al-8 - dystrybucja ARC","isPartOf":{"@id":"https:\/\/distribucionarc.com\/de\/#website"},"primaryImageOfPage":{"@id":"https:\/\/distribucionarc.com\/pl\/producto\/soldadora-de-fibra-optica-empalmadora-de-fibra-de-fusion-al-8\/#primaryimage"},"image":{"@id":"https:\/\/distribucionarc.com\/pl\/producto\/soldadora-de-fibra-optica-empalmadora-de-fibra-de-fusion-al-8\/#primaryimage"},"thumbnailUrl":"https:\/\/distribucionarc.com\/wp-content\/uploads\/2020\/08\/Soldadora-de-fibra-\u00f3ptica-empalmadora-de-fibra-de-fusi\u00f3n-Al-8-0.jpg","datePublished":"2020-08-25T12:35:57+00:00","dateModified":"2020-10-01T11:19:52+00:00","breadcrumb":{"@id":"https:\/\/distribucionarc.com\/pl\/producto\/soldadora-de-fibra-optica-empalmadora-de-fibra-de-fusion-al-8\/#breadcrumb"},"inLanguage":"pl-PL","potentialAction":[{"@type":"ReadAction","target":["https:\/\/distribucionarc.com\/pl\/producto\/soldadora-de-fibra-optica-empalmadora-de-fibra-de-fusion-al-8\/"]}]},{"@type":"ImageObject","inLanguage":"pl-PL","@id":"https:\/\/distribucionarc.com\/pl\/producto\/soldadora-de-fibra-optica-empalmadora-de-fibra-de-fusion-al-8\/#primaryimage","url":"https:\/\/distribucionarc.com\/wp-content\/uploads\/2020\/08\/Soldadora-de-fibra-\u00f3ptica-empalmadora-de-fibra-de-fusi\u00f3n-Al-8-0.jpg","contentUrl":"https:\/\/distribucionarc.com\/wp-content\/uploads\/2020\/08\/Soldadora-de-fibra-\u00f3ptica-empalmadora-de-fibra-de-fusi\u00f3n-Al-8-0.jpg","width":1600,"height":1600,"caption":"Soldadora de fibra \u00f3ptica, empalmadora de fibra de fusi\u00f3n Al-8"},{"@type":"BreadcrumbList","@id":"https:\/\/distribucionarc.com\/pl\/producto\/soldadora-de-fibra-optica-empalmadora-de-fibra-de-fusion-al-8\/#breadcrumb","itemListElement":[{"@type":"ListItem","position":1,"name":"Portada","item":"https:\/\/distribucionarc.com\/pl\/"},{"@type":"ListItem","position":2,"name":"Produkty","item":"https:\/\/distribucionarc.com\/pl\/shop\/"},{"@type":"ListItem","position":3,"name":"Soldadora de fibra \u00f3ptica, empalmadora de fibra de fusi\u00f3n Al-8"}]},{"@type":"WebSite","@id":"https:\/\/distribucionarc.com\/de\/#website","url":"https:\/\/distribucionarc.com\/de\/","name":"Dystrybucja ARC","description":"Firma specjalizuj\u0105ca si\u0119 w produkcji i dystrybucji maszyn przemys\u0142owych, zgrzewarek do puszek, maszyn do produkcji tabletek, maszyn do ci\u0119cia mi\u0119sa...","publisher":{"@id":"https:\/\/distribucionarc.com\/de\/#organization"},"potentialAction":[{"@type":"SearchAction","target":{"@type":"EntryPoint","urlTemplate":"https:\/\/distribucionarc.com\/de\/?s={search_term_string}"},"query-input":{"@type":"PropertyValueSpecification","valueRequired":true,"valueName":"search_term_string"}}],"inLanguage":"pl-PL"},{"@type":"Organization","@id":"https:\/\/distribucionarc.com\/de\/#organization","name":"Dystrybucja ARC","url":"https:\/\/distribucionarc.com\/de\/","logo":{"@type":"ImageObject","inLanguage":"pl-PL","@id":"https:\/\/distribucionarc.com\/de\/#\/schema\/logo\/image\/","url":"https:\/\/distribucionarc.com\/wp-content\/uploads\/2024\/10\/distribucion-ARC-COLOR-SIN-FONDO-e1732295305345.png","contentUrl":"https:\/\/distribucionarc.com\/wp-content\/uploads\/2024\/10\/distribucion-ARC-COLOR-SIN-FONDO-e1732295305345.png","width":1164,"height":558,"caption":"Distribuci\u00f3n ARC"},"image":{"@id":"https:\/\/distribucionarc.com\/de\/#\/schema\/logo\/image\/"},"description":"Firma specjalizuj\u0105ca si\u0119 w produkcji i dystrybucji maszyn przemys\u0142owych dla sektora spo\u017cywczego i farmaceutycznego. Specjalizujemy si\u0119 w: Maszyny do krojenia mi\u0119sa Produkcja tabletek Przemys\u0142owe systemy transportowe Linie butelkuj\u0105ce Dozowniki I wiele wi\u0119cej.... Oferujemy innowacyjne i niestandardowe rozwi\u0105zania w celu optymalizacji proces\u00f3w produkcyjnych w Twojej firmie.","email":"Admistracion@distribucionarc.com","telephone":"+34 643496664","legalName":"ARC TECH SOLUTIONS","foundingDate":"2024-04-09","vatID":"B55480172","numberOfEmployees":{"@type":"QuantitativeValue","minValue":"1","maxValue":"10"}}]}},"_links":{"self":[{"href":"https:\/\/distribucionarc.com\/pl\/wp-json\/wp\/v2\/product\/2894","targetHints":{"allow":["GET"]}}],"collection":[{"href":"https:\/\/distribucionarc.com\/pl\/wp-json\/wp\/v2\/product"}],"about":[{"href":"https:\/\/distribucionarc.com\/pl\/wp-json\/wp\/v2\/types\/product"}],"replies":[{"embeddable":true,"href":"https:\/\/distribucionarc.com\/pl\/wp-json\/wp\/v2\/comments?post=2894"}],"version-history":[{"count":0,"href":"https:\/\/distribucionarc.com\/pl\/wp-json\/wp\/v2\/product\/2894\/revisions"}],"wp:featuredmedia":[{"embeddable":true,"href":"https:\/\/distribucionarc.com\/pl\/wp-json\/wp\/v2\/media\/2901"}],"wp:attachment":[{"href":"https:\/\/distribucionarc.com\/pl\/wp-json\/wp\/v2\/media?parent=2894"}],"wp:term":[{"taxonomy":"product_brand","embeddable":true,"href":"https:\/\/distribucionarc.com\/pl\/wp-json\/wp\/v2\/product_brand?post=2894"},{"taxonomy":"product_cat","embeddable":true,"href":"https:\/\/distribucionarc.com\/pl\/wp-json\/wp\/v2\/product_cat?post=2894"},{"taxonomy":"product_tag","embeddable":true,"href":"https:\/\/distribucionarc.com\/pl\/wp-json\/wp\/v2\/product_tag?post=2894"}],"curies":[{"name":"wp","href":"https:\/\/api.w.org\/{rel}","templated":true}]}}