{"id":2907,"date":"2020-08-25T14:48:58","date_gmt":"2020-08-25T14:48:58","guid":{"rendered":"https:\/\/distribucionarc.com\/?post_type=product&#038;p=2907"},"modified":"2020-10-01T11:24:27","modified_gmt":"2020-10-01T11:24:27","slug":"drukarka-do-opakowania-elektryczna-drukarka-etykieciarka","status":"publish","type":"product","link":"https:\/\/distribucionarc.com\/pl\/producto\/impresora-para-envases-electrica-etiquetadora-de-impresion\/","title":{"rendered":"Elektryczna drukarka opakowa\u0144, drukarka etykiet"},"content":{"rendered":"<h3>Elektryczna drukarka opakowa\u0144, drukarka etykiet<\/h3>\n<p>Dzi\u0119ki temu, \u017ce<strong> drukarka wsadowa<\/strong> Oszcz\u0119dza atrament w zbiorniku, ma t\u0119 zalet\u0119, \u017ce oszcz\u0119dza i utrzymuje atrament w czysto\u015bci, a tak\u017ce zapobiega wysychaniu atramentu w modelu ze zgarniaczem ostrza. Stalowy pier\u015bcie\u0144 zgarniaj\u0105cy charakteryzuje si\u0119 wyj\u0105tkowo d\u0142ug\u0105 \u017cywotno\u015bci\u0105.<\/p>\n<p>Data lub znak s\u0105 wycinane w wyniku reakcji chemicznej na stalowej p\u0142ycie drukarskiej, a absorpcja magnetyczna pomi\u0119dzy kubkiem a stalowym panelem drukarskim mo\u017ce doskonale uszczelni\u0107 atrament w kubku. Niesamowita pr\u0119dko\u015b\u0107 robocza <strong>drukarka pakuj\u0105ca <span style=\"color: #ff0000;\">DO<\/span><span style=\"color: #0000ff;\">R<\/span>CILA32M<\/strong> umo\u017cliwia drukowanie <strong>3200 kontener\u00f3w na godzin\u0119<\/strong> w najbardziej precyzyjny spos\u00f3b.<\/p>\n<h6><strong>Gwarancja<span style=\"color: #ff0000;\">\u00a0DO<\/span><\/strong><span style=\"color: #0000ff;\"><strong>R<\/strong><\/span><strong>C 2 LATA<\/strong><\/h6>\n<h6><strong>wsparcie techniczne w cenie<\/strong><\/h6>\n<p>&nbsp;<\/p>\n<table role=\"presentation\" width=\"100%\" cellspacing=\"0\" cellpadding=\"0\">\n<tbody>\n<tr>\n<td class=\"attrLabels\">Marka:<\/td>\n<td width=\"50.0%\">\u0141UK<\/td>\n<\/tr>\n<tr>\n<td class=\"attrLabels\">Kraj dystrybucji:<\/td>\n<td width=\"50.0%\">Hiszpania, Niemcy, USA<\/td>\n<td class=\"attrLabels\">Pr\u0119dko\u015b\u0107 robocza:<\/td>\n<td width=\"50.0%\">3200 razy na godzin\u0119<\/td>\n<\/tr>\n<tr>\n<td class=\"attrLabels\">Numer producenta:<\/td>\n<td width=\"50.0%\">ARCILA32M<\/td>\n<td class=\"attrLabels\">Wysoko\u015b\u0107 druku:<\/td>\n<td width=\"50.0%\">38cm<\/td>\n<\/tr>\n<tr>\n<td class=\"attrLabels\">Kolor:<\/td>\n<td width=\"50.0%\">Niebieski<\/td>\n<td class=\"attrLabels\">Minimalna maksymalna wysoko\u015b\u0107 druku:<\/td>\n<td width=\"50.0%\">50 mm \u2013 1,5 mm<\/td>\n<\/tr>\n<tr>\n<td class=\"attrLabels\">Rodzaj produktu:<\/td>\n<td width=\"50.0%\">Drukarka etykiet<\/td>\n<td class=\"attrLabels\">Moc:<\/td>\n<td width=\"50.0%\">100 W<\/td>\n<\/tr>\n<tr>\n<td class=\"attrLabels\">Waga:<\/td>\n<td width=\"50.0%\">21 kg<\/td>\n<td class=\"attrLabels\">Wolta\u017c:<\/td>\n<td width=\"50.0%\">220 V\/60 Hz<\/td>\n<\/tr>\n<tr>\n<td class=\"attrLabels\">Wysoko\u015b\u0107:<\/td>\n<td width=\"50.0%\">56<\/td>\n<td class=\"attrLabels\">\u015arednica pojemnika na atrament:<\/td>\n<td width=\"50.0%\">60mm<\/td>\n<\/tr>\n<tr>\n<td class=\"attrLabels\">D\u0142ugi:<\/td>\n<td width=\"50.0%\">\u00a0 40,5<\/td>\n<td class=\"attrLabels\">Czas ci\u0105g\u0142ego u\u017cytkowania:<\/td>\n<td width=\"50.0%\">10 \u2013 30 godz<\/td>\n<\/tr>\n<tr>\n<td class=\"attrLabels\">Szeroki:<\/td>\n<td width=\"50.0%\">43,5<\/td>\n<td class=\"attrLabels\">Gwarancja:<\/td>\n<td width=\"50.0%\">2 lata<\/td>\n<\/tr>\n<\/tbody>\n<\/table>","protected":false},"excerpt":{"rendered":"<h2>Elektryczna drukarka opakowa\u0144, drukarka etykiet<\/h2>\n<p>The<strong> elektryczna drukarka tamponowa <span style=\"color: #ff0000;\">DO<\/span><span style=\"color: #0000ff;\">R<\/span>C<\/strong> S\u0142u\u017cy do drukowania znak\u00f3w towarowych lub dat wa\u017cno\u015bci, numeru partii, znaku lub logo na butelkach, papierach, kubkach lub pude\u0142kach z wi\u0119kszo\u015bci rodzaj\u00f3w materia\u0142\u00f3w, takich jak plastik lub metal. Co wi\u0119cej, ta seria maszyn do drukowania kod\u00f3w nadaje si\u0119 do drukowania daty eksportu, wa\u017cnej daty, unikalnych numer\u00f3w i zdj\u0119\u0107, przy du\u017cej pr\u0119dko\u015bci drukowania, atrakcyjnym i czystym kszta\u0142cie litery.<\/p>\n<h6><strong>Gwarancja<span style=\"color: #ff0000;\">\u00a0DO<\/span><\/strong><span style=\"color: #0000ff;\"><strong>R<\/strong><\/span><strong>C 2 LATA<\/strong><\/h6>\n<h6><strong>wsparcie techniczne w cenie<\/strong><\/h6>","protected":false},"featured_media":2908,"comment_status":"open","ping_status":"closed","template":"","meta":{"wds_primary_product_brand":0,"wds_primary_product_cat":0},"product_brand":[],"product_cat":[69],"product_tag":[],"class_list":{"0":"post-2907","1":"product","2":"type-product","3":"status-publish","4":"has-post-thumbnail","6":"product_cat-maquinas-variadas","7":"product_shipping_class-express","9":"first","10":"instock","11":"sale","12":"taxable","13":"shipping-taxable","14":"purchasable","15":"product-type-simple"},"yoast_head":"<!-- This site is optimized with the Yoast SEO Premium plugin v24.9 (Yoast SEO v26.1) - https:\/\/yoast.com\/wordpress\/plugins\/seo\/ -->\n<title>Impresora para envases el\u00e9ctrica, etiquetadora de impresi\u00f3n - distribuci\u00f3n ARC<\/title>\n<meta name=\"robots\" content=\"index, follow, max-snippet:-1, max-image-preview:large, max-video-preview:-1\" \/>\n<link rel=\"canonical\" href=\"https:\/\/distribucionarc.com\/pl\/produkty\/drukarka-do-opakowania-elektryczna-drukarka-etykieciarka\/\" \/>\n<meta property=\"og:locale\" content=\"pl_PL\" \/>\n<meta property=\"og:type\" content=\"article\" \/>\n<meta property=\"og:title\" content=\"Impresora para envases el\u00e9ctrica, etiquetadora de impresi\u00f3n\" \/>\n<meta property=\"og:description\" content=\"Impresora para envases el\u00e9ctrica, etiquetadora de impresi\u00f3n La impresora de almohadilla el\u00e9ctrica ARC se utiliza para imprimir las marcas comerciales o fechas de vencimiento, n\u00famero de lote, letrero o logotipo en botellas, papeles, vasos o cajas de la mayor\u00eda de los tipos de materiales, como pl\u00e1stico o metal. Adem\u00e1s, esta serie de m\u00e1quinas de impresi\u00f3n de c\u00f3digos es adecuada para imprimir la fecha de exportaci\u00f3n, la fecha v\u00e1lida, n\u00fameros \u00fanicos y fotos, con alta velocidad de impresi\u00f3n, forma de letra atractiva y limpia. Garant\u00eda\u00a0ARC 2 A\u00d1OS soporte t\u00e9cnico incluido\" \/>\n<meta property=\"og:url\" content=\"https:\/\/distribucionarc.com\/pl\/produkty\/drukarka-do-opakowania-elektryczna-drukarka-etykieciarka\/\" \/>\n<meta property=\"og:site_name\" content=\"distribuci\u00f3n ARC\" \/>\n<meta property=\"article:modified_time\" content=\"2020-10-01T11:24:27+00:00\" \/>\n<meta property=\"og:image\" content=\"https:\/\/distribucionarc.com\/wp-content\/uploads\/2020\/08\/Impresora-para-envases-el\u00e9ctrica-etiquetadora-de-impresi\u00f3n-0.jpg\" \/>\n\t<meta property=\"og:image:width\" content=\"1600\" \/>\n\t<meta property=\"og:image:height\" content=\"1600\" \/>\n\t<meta property=\"og:image:type\" content=\"image\/jpeg\" \/>\n<meta name=\"twitter:card\" content=\"summary_large_image\" \/>\n<meta name=\"twitter:label1\" content=\"Szacowany czas czytania\" \/>\n\t<meta name=\"twitter:data1\" content=\"1 minuta\" \/>\n<script type=\"application\/ld+json\" class=\"yoast-schema-graph\">{\"@context\":\"https:\/\/schema.org\",\"@graph\":[{\"@type\":\"WebPage\",\"@id\":\"https:\/\/distribucionarc.com\/bg\/producto\/impresora-para-envases-electrica-etiquetadora-de-impresion\/\",\"url\":\"https:\/\/distribucionarc.com\/bg\/producto\/impresora-para-envases-electrica-etiquetadora-de-impresion\/\",\"name\":\"Impresora para envases el\u00e9ctrica, etiquetadora de impresi\u00f3n - distribuci\u00f3n ARC\",\"isPartOf\":{\"@id\":\"https:\/\/distribucionarc.com\/ar\/#website\"},\"primaryImageOfPage\":{\"@id\":\"https:\/\/distribucionarc.com\/bg\/producto\/impresora-para-envases-electrica-etiquetadora-de-impresion\/#primaryimage\"},\"image\":{\"@id\":\"https:\/\/distribucionarc.com\/bg\/producto\/impresora-para-envases-electrica-etiquetadora-de-impresion\/#primaryimage\"},\"thumbnailUrl\":\"https:\/\/distribucionarc.com\/wp-content\/uploads\/2020\/08\/Impresora-para-envases-el\u00e9ctrica-etiquetadora-de-impresi\u00f3n-0.jpg\",\"datePublished\":\"2020-08-25T14:48:58+00:00\",\"dateModified\":\"2020-10-01T11:24:27+00:00\",\"breadcrumb\":{\"@id\":\"https:\/\/distribucionarc.com\/bg\/producto\/impresora-para-envases-electrica-etiquetadora-de-impresion\/#breadcrumb\"},\"inLanguage\":\"pl-PL\",\"potentialAction\":[{\"@type\":\"ReadAction\",\"target\":[\"https:\/\/distribucionarc.com\/bg\/producto\/impresora-para-envases-electrica-etiquetadora-de-impresion\/\"]}]},{\"@type\":\"ImageObject\",\"inLanguage\":\"pl-PL\",\"@id\":\"https:\/\/distribucionarc.com\/bg\/producto\/impresora-para-envases-electrica-etiquetadora-de-impresion\/#primaryimage\",\"url\":\"https:\/\/distribucionarc.com\/wp-content\/uploads\/2020\/08\/Impresora-para-envases-el\u00e9ctrica-etiquetadora-de-impresi\u00f3n-0.jpg\",\"contentUrl\":\"https:\/\/distribucionarc.com\/wp-content\/uploads\/2020\/08\/Impresora-para-envases-el\u00e9ctrica-etiquetadora-de-impresi\u00f3n-0.jpg\",\"width\":1600,\"height\":1600,\"caption\":\"Impresora para envases el\u00e9ctrica, etiquetadora de impresi\u00f3n\"},{\"@type\":\"BreadcrumbList\",\"@id\":\"https:\/\/distribucionarc.com\/bg\/producto\/impresora-para-envases-electrica-etiquetadora-de-impresion\/#breadcrumb\",\"itemListElement\":[{\"@type\":\"ListItem\",\"position\":1,\"name\":\"Portada\",\"item\":\"https:\/\/www.distribucionarc.com\/pt\/\"},{\"@type\":\"ListItem\",\"position\":2,\"name\":\"Produtos\",\"item\":\"https:\/\/www.distribucionarc.com\/pt\/shop\/\"},{\"@type\":\"ListItem\",\"position\":3,\"name\":\"Impresora para envases el\u00e9ctrica, etiquetadora de impresi\u00f3n\"}]},{\"@type\":\"WebSite\",\"@id\":\"https:\/\/distribucionarc.com\/ar\/#website\",\"url\":\"https:\/\/distribucionarc.com\/ar\/\",\"name\":\"distribuci\u00f3n ARC\",\"description\":\"Empresa especializada en la fabricaci\u00f3n y distribuci\u00f3n de maquinaria industrial, selladoras de latas, Maquinas de hacer pastillas, Maquinas de cortar carne...\",\"publisher\":{\"@id\":\"https:\/\/distribucionarc.com\/ar\/#organization\"},\"potentialAction\":[{\"@type\":\"SearchAction\",\"target\":{\"@type\":\"EntryPoint\",\"urlTemplate\":\"https:\/\/distribucionarc.com\/ar\/?s={search_term_string}\"},\"query-input\":{\"@type\":\"PropertyValueSpecification\",\"valueRequired\":true,\"valueName\":\"search_term_string\"}}],\"inLanguage\":\"pl-PL\"},{\"@type\":\"Organization\",\"@id\":\"https:\/\/distribucionarc.com\/ar\/#organization\",\"name\":\"Distribuci\u00f3n ARC\",\"url\":\"https:\/\/distribucionarc.com\/ar\/\",\"logo\":{\"@type\":\"ImageObject\",\"inLanguage\":\"pl-PL\",\"@id\":\"https:\/\/distribucionarc.com\/ar\/#\/schema\/logo\/image\/\",\"url\":\"https:\/\/distribucionarc.com\/wp-content\/uploads\/2024\/10\/distribucion-ARC-COLOR-SIN-FONDO-e1732295305345.png\",\"contentUrl\":\"https:\/\/distribucionarc.com\/wp-content\/uploads\/2024\/10\/distribucion-ARC-COLOR-SIN-FONDO-e1732295305345.png\",\"width\":1164,\"height\":558,\"caption\":\"Distribuci\u00f3n ARC\"},\"image\":{\"@id\":\"https:\/\/distribucionarc.com\/ar\/#\/schema\/logo\/image\/\"},\"description\":\"Empresa especializada en la fabricaci\u00f3n y distribuci\u00f3n de maquinaria industrial para los sectores alimentario y farmac\u00e9utico. Nos especializamos en: M\u00e1quinas de cortar carne Fabricaci\u00f3n de comprimidos Sistemas de transporte industrial L\u00edneas de embotellado Dosificadores Y mucho m\u00e1s... Ofrecemos soluciones innovadoras y personalizadas para optimizar los procesos productivos de tu empresa.\",\"email\":\"Admistracion@distribucionarc.com\",\"telephone\":\"+34 643496664\",\"legalName\":\"ARC TECH SOLUTIONS\",\"foundingDate\":\"2024-04-09\",\"vatID\":\"B55480172\",\"numberOfEmployees\":{\"@type\":\"QuantitativeValue\",\"minValue\":\"1\",\"maxValue\":\"10\"}}]}<\/script>\n<!-- \/ Yoast SEO Premium plugin. -->","yoast_head_json":{"title":"Elektryczna drukarka opakowa\u0144, etykieciarka drukarska - dystrybucja ARC","robots":{"index":"index","follow":"follow","max-snippet":"max-snippet:-1","max-image-preview":"max-image-preview:large","max-video-preview":"max-video-preview:-1"},"canonical":"https:\/\/distribucionarc.com\/pl\/produkty\/drukarka-do-opakowania-elektryczna-drukarka-etykieciarka\/","og_locale":"pl_PL","og_type":"article","og_title":"Impresora para envases el\u00e9ctrica, etiquetadora de impresi\u00f3n","og_description":"Impresora para envases el\u00e9ctrica, etiquetadora de impresi\u00f3n La impresora de almohadilla el\u00e9ctrica ARC se utiliza para imprimir las marcas comerciales o fechas de vencimiento, n\u00famero de lote, letrero o logotipo en botellas, papeles, vasos o cajas de la mayor\u00eda de los tipos de materiales, como pl\u00e1stico o metal. Adem\u00e1s, esta serie de m\u00e1quinas de impresi\u00f3n de c\u00f3digos es adecuada para imprimir la fecha de exportaci\u00f3n, la fecha v\u00e1lida, n\u00fameros \u00fanicos y fotos, con alta velocidad de impresi\u00f3n, forma de letra atractiva y limpia. Garant\u00eda\u00a0ARC 2 A\u00d1OS soporte t\u00e9cnico incluido","og_url":"https:\/\/distribucionarc.com\/pl\/produkty\/drukarka-do-opakowania-elektryczna-drukarka-etykieciarka\/","og_site_name":"distribuci\u00f3n ARC","article_modified_time":"2020-10-01T11:24:27+00:00","og_image":[{"width":1600,"height":1600,"url":"https:\/\/distribucionarc.com\/wp-content\/uploads\/2020\/08\/Impresora-para-envases-el\u00e9ctrica-etiquetadora-de-impresi\u00f3n-0.jpg","type":"image\/jpeg"}],"twitter_card":"summary_large_image","twitter_misc":{"Szacowany czas czytania":"1 minuta"},"schema":{"@context":"https:\/\/schema.org","@graph":[{"@type":"WebPage","@id":"https:\/\/distribucionarc.com\/bg\/producto\/impresora-para-envases-electrica-etiquetadora-de-impresion\/","url":"https:\/\/distribucionarc.com\/bg\/producto\/impresora-para-envases-electrica-etiquetadora-de-impresion\/","name":"Elektryczna drukarka opakowa\u0144, etykieciarka drukarska - dystrybucja ARC","isPartOf":{"@id":"https:\/\/distribucionarc.com\/ar\/#website"},"primaryImageOfPage":{"@id":"https:\/\/distribucionarc.com\/bg\/producto\/impresora-para-envases-electrica-etiquetadora-de-impresion\/#primaryimage"},"image":{"@id":"https:\/\/distribucionarc.com\/bg\/producto\/impresora-para-envases-electrica-etiquetadora-de-impresion\/#primaryimage"},"thumbnailUrl":"https:\/\/distribucionarc.com\/wp-content\/uploads\/2020\/08\/Impresora-para-envases-el\u00e9ctrica-etiquetadora-de-impresi\u00f3n-0.jpg","datePublished":"2020-08-25T14:48:58+00:00","dateModified":"2020-10-01T11:24:27+00:00","breadcrumb":{"@id":"https:\/\/distribucionarc.com\/bg\/producto\/impresora-para-envases-electrica-etiquetadora-de-impresion\/#breadcrumb"},"inLanguage":"pl-PL","potentialAction":[{"@type":"ReadAction","target":["https:\/\/distribucionarc.com\/bg\/producto\/impresora-para-envases-electrica-etiquetadora-de-impresion\/"]}]},{"@type":"ImageObject","inLanguage":"pl-PL","@id":"https:\/\/distribucionarc.com\/bg\/producto\/impresora-para-envases-electrica-etiquetadora-de-impresion\/#primaryimage","url":"https:\/\/distribucionarc.com\/wp-content\/uploads\/2020\/08\/Impresora-para-envases-el\u00e9ctrica-etiquetadora-de-impresi\u00f3n-0.jpg","contentUrl":"https:\/\/distribucionarc.com\/wp-content\/uploads\/2020\/08\/Impresora-para-envases-el\u00e9ctrica-etiquetadora-de-impresi\u00f3n-0.jpg","width":1600,"height":1600,"caption":"Impresora para envases el\u00e9ctrica, etiquetadora de impresi\u00f3n"},{"@type":"BreadcrumbList","@id":"https:\/\/distribucionarc.com\/bg\/producto\/impresora-para-envases-electrica-etiquetadora-de-impresion\/#breadcrumb","itemListElement":[{"@type":"ListItem","position":1,"name":"Portada","item":"https:\/\/www.distribucionarc.com\/pt\/"},{"@type":"ListItem","position":2,"name":"Produtos","item":"https:\/\/www.distribucionarc.com\/pt\/shop\/"},{"@type":"ListItem","position":3,"name":"Impresora para envases el\u00e9ctrica, etiquetadora de impresi\u00f3n"}]},{"@type":"WebSite","@id":"https:\/\/distribucionarc.com\/ar\/#website","url":"https:\/\/distribucionarc.com\/ar\/","name":"Dystrybucja ARC","description":"Firma specjalizuj\u0105ca si\u0119 w produkcji i dystrybucji maszyn przemys\u0142owych, zgrzewarek do puszek, maszyn do produkcji tabletek, maszyn do ci\u0119cia mi\u0119sa...","publisher":{"@id":"https:\/\/distribucionarc.com\/ar\/#organization"},"potentialAction":[{"@type":"SearchAction","target":{"@type":"EntryPoint","urlTemplate":"https:\/\/distribucionarc.com\/ar\/?s={search_term_string}"},"query-input":{"@type":"PropertyValueSpecification","valueRequired":true,"valueName":"search_term_string"}}],"inLanguage":"pl-PL"},{"@type":"Organization","@id":"https:\/\/distribucionarc.com\/ar\/#organization","name":"Dystrybucja ARC","url":"https:\/\/distribucionarc.com\/ar\/","logo":{"@type":"ImageObject","inLanguage":"pl-PL","@id":"https:\/\/distribucionarc.com\/ar\/#\/schema\/logo\/image\/","url":"https:\/\/distribucionarc.com\/wp-content\/uploads\/2024\/10\/distribucion-ARC-COLOR-SIN-FONDO-e1732295305345.png","contentUrl":"https:\/\/distribucionarc.com\/wp-content\/uploads\/2024\/10\/distribucion-ARC-COLOR-SIN-FONDO-e1732295305345.png","width":1164,"height":558,"caption":"Distribuci\u00f3n ARC"},"image":{"@id":"https:\/\/distribucionarc.com\/ar\/#\/schema\/logo\/image\/"},"description":"Firma specjalizuj\u0105ca si\u0119 w produkcji i dystrybucji maszyn przemys\u0142owych dla sektora spo\u017cywczego i farmaceutycznego. Specjalizujemy si\u0119 w: Maszyny do krojenia mi\u0119sa Produkcja tabletek Przemys\u0142owe systemy transportowe Linie butelkuj\u0105ce Dozowniki I wiele wi\u0119cej.... Oferujemy innowacyjne i niestandardowe rozwi\u0105zania w celu optymalizacji proces\u00f3w produkcyjnych w Twojej firmie.","email":"Admistracion@distribucionarc.com","telephone":"+34 643496664","legalName":"ARC TECH SOLUTIONS","foundingDate":"2024-04-09","vatID":"B55480172","numberOfEmployees":{"@type":"QuantitativeValue","minValue":"1","maxValue":"10"}}]}},"_links":{"self":[{"href":"https:\/\/distribucionarc.com\/pl\/wp-json\/wp\/v2\/product\/2907","targetHints":{"allow":["GET"]}}],"collection":[{"href":"https:\/\/distribucionarc.com\/pl\/wp-json\/wp\/v2\/product"}],"about":[{"href":"https:\/\/distribucionarc.com\/pl\/wp-json\/wp\/v2\/types\/product"}],"replies":[{"embeddable":true,"href":"https:\/\/distribucionarc.com\/pl\/wp-json\/wp\/v2\/comments?post=2907"}],"version-history":[{"count":0,"href":"https:\/\/distribucionarc.com\/pl\/wp-json\/wp\/v2\/product\/2907\/revisions"}],"wp:featuredmedia":[{"embeddable":true,"href":"https:\/\/distribucionarc.com\/pl\/wp-json\/wp\/v2\/media\/2908"}],"wp:attachment":[{"href":"https:\/\/distribucionarc.com\/pl\/wp-json\/wp\/v2\/media?parent=2907"}],"wp:term":[{"taxonomy":"product_brand","embeddable":true,"href":"https:\/\/distribucionarc.com\/pl\/wp-json\/wp\/v2\/product_brand?post=2907"},{"taxonomy":"product_cat","embeddable":true,"href":"https:\/\/distribucionarc.com\/pl\/wp-json\/wp\/v2\/product_cat?post=2907"},{"taxonomy":"product_tag","embeddable":true,"href":"https:\/\/distribucionarc.com\/pl\/wp-json\/wp\/v2\/product_tag?post=2907"}],"curies":[{"name":"wp","href":"https:\/\/api.w.org\/{rel}","templated":true}]}}