{"id":2945,"date":"2020-08-27T10:10:59","date_gmt":"2020-08-27T10:10:59","guid":{"rendered":"https:\/\/distribucionarc.com\/?post_type=product&#038;p=2945"},"modified":"2023-04-25T16:32:49","modified_gmt":"2023-04-25T16:32:49","slug":"mlyn-do-zboza-elektryczny-50-kg","status":"publish","type":"product","link":"https:\/\/distribucionarc.com\/pl\/producto\/molino-para-granos-electrico-50-kg\/","title":{"rendered":"Elektryczny m\u0142ynek do zbo\u017ca 50 kg"},"content":{"rendered":"<h3>Elektryczny m\u0142ynek do zbo\u017ca 50 kg<\/h3>\n<p>On\u00a0<strong>szlifierka elektryczna\u00a0<span style=\"color: #ff0000;\">DO<\/span><span style=\"color: #0000ff;\">R<\/span>C<\/strong> Wykonany jest z materia\u0142u ze stali nierdzewnej, kt\u00f3ry jest trwa\u0142y i wytrzyma\u0142y. Przyjmuje ostre ostrze o pr\u0119dko\u015bci obrotowej 1500 obr.\/min, kt\u00f3re mo\u017ce szybko i \u0142atwo zniszczy\u0107 wszelkiego rodzaju suszon\u0105 \u017cywno\u015b\u0107.<\/p>\n<p>Zawiera przycisk zabezpieczaj\u0105cy przed przeci\u0105\u017ceniem, kt\u00f3ry zapewnia bezpiecze\u0144stwo maszyny. Automatycznie wy\u0142\u0105cza si\u0119 w przypadku wyst\u0105pienia przeci\u0105\u017cenia. \u0141atwe ponowne uruchomienie poprzez naci\u015bni\u0119cie przycisku po kolejnych 10 minutach. On\u00a0<strong>m\u0142yn elektryczny<span style=\"color: #ff0000;\"> DO<\/span><span style=\"color: #0000ff;\">R<\/span>CMEG50M<\/strong>\u00a0Zaprojektowany z wieloma klamrami do dokr\u0119cania pokrywy. Czerwony timer pozwala na dowolne ustawienie czasu pracy (0-5 minut).<\/p>\n<p>Umo\u017cliwia to silnik z czystej miedzi o mocy 1800 W i du\u017cej mocy\u00a0<strong>pozwala na szlifowanie du\u017cej pojemno\u015bci 50 kg<\/strong>\u00a0jednocze\u015bnie znacznie poprawiaj\u0105c efektywno\u015b\u0107 mielenia \u017cywno\u015bci. Mo\u017cesz przytrzyma\u0107 uchwyt, aby obr\u00f3ci\u0107 korpus aparatu, aby wysypa\u0107 kurz i u\u017cy\u0107 szczoteczki do oczyszczenia resztek kurzu<\/p>\n<div style=\"width: 1280px;\" class=\"wp-video\"><video class=\"wp-video-shortcode\" id=\"video-2945-1\" width=\"1280\" height=\"720\" preload=\"metadata\" controls=\"controls\"><source type=\"video\/mp4\" src=\"https:\/\/distribucionarc.com\/wp-content\/uploads\/2020\/08\/molinillo-de-precision-para-hacer-polvo-.mp4?_=1\" \/><a href=\"https:\/\/distribucionarc.com\/wp-content\/uploads\/2020\/08\/molinillo-de-precision-para-hacer-polvo-.mp4\">https:\/\/distribucionarc.com\/wp-content\/uploads\/2020\/08\/molinillo-de-precision-para-hacer-polvo-.mp4<\/a><\/video><\/div>\n<h6><strong>Gwarancja\u00a0<span style=\"color: #ff0000;\">DO<\/span><span style=\"color: #0000ff;\">R<\/span>C 2 LATA<\/strong><\/h6>\n<h6><span style=\"color: #008000;\">Wydajna szlifierka elektryczna o niskim zu\u017cyciu energii 2000W<\/span><\/h6>\n<h6><strong>wsparcie techniczne w cenie<\/strong><\/h6>\n<p>&nbsp;<\/p>\n<table role=\"presentation\" width=\"100%\" cellspacing=\"0\" cellpadding=\"0\">\n<tbody>\n<tr>\n<td class=\"attrLabels\">Marka:<\/td>\n<td width=\"50.0%\">\u0141UK<\/td>\n<\/tr>\n<tr>\n<td class=\"attrLabels\">Kraj dystrybucji:<\/td>\n<td width=\"50.0%\">Hiszpania, Niemcy, USA<\/td>\n<td class=\"attrLabels\">Waga:<\/td>\n<td width=\"50.0%\">18 kg<\/td>\n<\/tr>\n<tr>\n<td class=\"attrLabels\">Marka:<\/td>\n<td width=\"50.0%\">\u0141UK<\/td>\n<td class=\"attrLabels\">Wysoki:<\/td>\n<td width=\"50.0%\">44,5cm<\/td>\n<\/tr>\n<tr>\n<td class=\"attrLabels\">Kolor:<\/td>\n<td width=\"50.0%\">Srebrny<\/td>\n<td class=\"attrLabels\">D\u0142ugi:<\/td>\n<td width=\"50.0%\">28cm<\/td>\n<\/tr>\n<tr>\n<td class=\"attrLabels\">Rodzaj produktu:<\/td>\n<td width=\"50.0%\">szlifierka elektryczna<\/td>\n<td class=\"attrLabels\">Szeroki:<\/td>\n<td width=\"50.0%\">40,5cm<\/td>\n<\/tr>\n<tr>\n<td class=\"attrLabels\">Numer producenta:<\/td>\n<td width=\"50.0%\">ARCMEG1M<\/td>\n<td class=\"attrLabels\">Moc:<\/td>\n<td width=\"50.0%\">2000 W<\/td>\n<\/tr>\n<tr>\n<td class=\"attrLabels\">Tworzywo:<\/td>\n<td width=\"50.0%\">stal nierdzewna, silnik miedziany<\/td>\n<td class=\"attrLabels\">Pr\u0119dko\u015b\u0107 silnika:<\/td>\n<td width=\"50.0%\">1500 obr.\/min<\/td>\n<\/tr>\n<tr>\n<td class=\"attrLabels\">Gwarancja:<\/td>\n<td width=\"50.0%\">\u00a0 2 lata<\/td>\n<td class=\"attrLabels\">Wydajno\u015b\u0107:<\/td>\n<td width=\"50.0%\">30 \u2013 50 kg na godzin\u0119<\/td>\n<\/tr>\n<tr>\n<td class=\"attrLabels\">Napi\u0119cie wej\u015bciowe:<\/td>\n<td width=\"50.0%\">230 V 50 Hz<\/td>\n<td class=\"attrLabels\">Maksymalna pojemno\u015b\u0107:<\/td>\n<td width=\"50.0%\">50 kg<\/td>\n<\/tr>\n<\/tbody>\n<\/table>\n<p>&nbsp;<\/p>","protected":false},"excerpt":{"rendered":"<h2>Elektryczny m\u0142ynek do zbo\u017ca 50 kg<\/h2>\n<p><strong><span style=\"color: #ff0000;\">DO<\/span><span style=\"color: #0000ff;\">R<\/span>C<\/strong>\u00a0Oferuje Pa\u0144stwu\u00a0<strong>szlifierka elektryczna<\/strong> wysoka jako\u015b\u0107. Ma\u0142y rozmiar, lekki, bardzo wydajny i \u0142atwy w u\u017cyciu. Wykonane ze stali nierdzewnej przeznaczonej do kontaktu z \u017cywno\u015bci\u0105, bezpieczne i trwa\u0142e. Dzi\u0119ki mocnemu silnikowi o mocy 2000 W, <strong>mo\u017cna zmieli\u0107 50kg<\/strong> jedzenia w tym samym czasie. Posiada r\u00f3wnie\u017c bezpieczne zabezpieczenie przed przeci\u0105\u017ceniem, aby zapobiec spaleniu silnika. Mo\u017ce szybko przygotowa\u0107 proszek z wszelkiego rodzaju suszonej \u017cywno\u015bci, ry\u017cu, kukurydzy, sezamu, soi, pokarmu dla ryb, pieprzu, lek\u00f3w itp., Odpowiedniego do wszystkich rodzaj\u00f3w materia\u0142\u00f3w.<\/p>\n<h6><strong>Gwarancja\u00a0<span style=\"color: #ff0000;\">DO<\/span><span style=\"color: #0000ff;\">R<\/span>C 2 LATA<\/strong><\/h6>\n<h6><span style=\"color: #008000;\">Wydajna szlifierka elektryczna o niskim zu\u017cyciu energii 2000W<\/span><\/h6>\n<h6><strong>wsparcie techniczne w cenie<\/strong><\/h6>","protected":false},"featured_media":2946,"comment_status":"open","ping_status":"closed","template":"","meta":{"wds_primary_product_brand":0,"wds_primary_product_cat":0},"product_brand":[],"product_cat":[30,68],"product_tag":[],"class_list":{"0":"post-2945","1":"product","2":"type-product","3":"status-publish","4":"has-post-thumbnail","6":"product_cat-maquinaria-apicola","7":"product_cat-trituradoras-picadoras-de-frutas-y-verduras","8":"product_shipping_class-express","10":"first","11":"instock","12":"sale","13":"taxable","14":"shipping-taxable","15":"purchasable","16":"product-type-simple"},"yoast_head":"<!-- This site is optimized with the Yoast SEO Premium plugin v24.9 (Yoast SEO v26.1) - https:\/\/yoast.com\/wordpress\/plugins\/seo\/ -->\n<title>Molino para granos el\u00e9ctrico 50 kg - distribuci\u00f3n ARC<\/title>\n<meta name=\"robots\" content=\"index, follow, max-snippet:-1, max-image-preview:large, max-video-preview:-1\" \/>\n<link rel=\"canonical\" href=\"https:\/\/www.distribucionarc.com\/it\/producto\/molino-para-granos-electrico-50-kg\/\" \/>\n<meta property=\"og:locale\" content=\"pl_PL\" \/>\n<meta property=\"og:type\" content=\"article\" \/>\n<meta property=\"og:title\" content=\"Molino para granos el\u00e9ctrico 50 kg\" \/>\n<meta property=\"og:description\" content=\"Molino para granos el\u00e9ctrico 50 kg ARC\u00a0Te ofrece un\u00a0molinillo el\u00e9ctrico de alta calidad. De tama\u00f1o peque\u00f1o, liviano, altamente eficiente y f\u00e1cil de usar. Hecho de material inoxidable de grado alimenticio, seguro y duradero. Con el potente motor de 2000 vatios, puede moler 50 kg de comida al mismo tiempo. Tambi\u00e9n cuenta con protecci\u00f3n segura contra sobrecargas para evitar que el motor se queme. Puede hacer polvo r\u00e1pidamente todo tipo de alimentos deshidratados, arroz, ma\u00edz, s\u00e9samo, soja, alimento para peces, pimienta, medicamentos, etc., adecuado para todo tipo de material. Garant\u00eda\u00a0ARC 2 A\u00d1OS Molinillo el\u00e9ctrico eficiente, bajo consumo 2000W soporte t\u00e9cnico incluido\" \/>\n<meta property=\"og:url\" content=\"https:\/\/www.distribucionarc.com\/it\/producto\/molino-para-granos-electrico-50-kg\/\" \/>\n<meta property=\"og:site_name\" content=\"distribuci\u00f3n ARC\" \/>\n<meta property=\"article:modified_time\" content=\"2023-04-25T16:32:49+00:00\" \/>\n<meta property=\"og:image\" content=\"https:\/\/distribucionarc.com\/wp-content\/uploads\/2020\/08\/Molino-para-granos-el\u00e9ctrico-50-kg-0.jpg\" \/>\n\t<meta property=\"og:image:width\" content=\"1600\" \/>\n\t<meta property=\"og:image:height\" content=\"1600\" \/>\n\t<meta property=\"og:image:type\" content=\"image\/jpeg\" \/>\n<meta name=\"twitter:card\" content=\"summary_large_image\" \/>\n<meta name=\"twitter:label1\" content=\"Szacowany czas czytania\" \/>\n\t<meta name=\"twitter:data1\" content=\"1 minuta\" \/>\n<script type=\"application\/ld+json\" class=\"yoast-schema-graph\">{\"@context\":\"https:\/\/schema.org\",\"@graph\":[{\"@type\":\"WebPage\",\"@id\":\"https:\/\/www.distribucionarc.com\/it\/producto\/molino-para-granos-electrico-50-kg\/\",\"url\":\"https:\/\/www.distribucionarc.com\/it\/producto\/molino-para-granos-electrico-50-kg\/\",\"name\":\"Molino para granos el\u00e9ctrico 50 kg - distribuci\u00f3n ARC\",\"isPartOf\":{\"@id\":\"https:\/\/www.distribucionarc.com\/tr\/#website\"},\"primaryImageOfPage\":{\"@id\":\"https:\/\/www.distribucionarc.com\/it\/producto\/molino-para-granos-electrico-50-kg\/#primaryimage\"},\"image\":{\"@id\":\"https:\/\/www.distribucionarc.com\/it\/producto\/molino-para-granos-electrico-50-kg\/#primaryimage\"},\"thumbnailUrl\":\"https:\/\/distribucionarc.com\/wp-content\/uploads\/2020\/08\/Molino-para-granos-el\u00e9ctrico-50-kg-0.jpg\",\"datePublished\":\"2020-08-27T10:10:59+00:00\",\"dateModified\":\"2023-04-25T16:32:49+00:00\",\"breadcrumb\":{\"@id\":\"https:\/\/www.distribucionarc.com\/it\/producto\/molino-para-granos-electrico-50-kg\/#breadcrumb\"},\"inLanguage\":\"pl-PL\",\"potentialAction\":[{\"@type\":\"ReadAction\",\"target\":[\"https:\/\/www.distribucionarc.com\/it\/producto\/molino-para-granos-electrico-50-kg\/\"]}]},{\"@type\":\"ImageObject\",\"inLanguage\":\"pl-PL\",\"@id\":\"https:\/\/www.distribucionarc.com\/it\/producto\/molino-para-granos-electrico-50-kg\/#primaryimage\",\"url\":\"https:\/\/distribucionarc.com\/wp-content\/uploads\/2020\/08\/Molino-para-granos-el\u00e9ctrico-50-kg-0.jpg\",\"contentUrl\":\"https:\/\/distribucionarc.com\/wp-content\/uploads\/2020\/08\/Molino-para-granos-el\u00e9ctrico-50-kg-0.jpg\",\"width\":1600,\"height\":1600,\"caption\":\"Molino para granos el\u00e9ctrico 50 kg\"},{\"@type\":\"BreadcrumbList\",\"@id\":\"https:\/\/www.distribucionarc.com\/it\/producto\/molino-para-granos-electrico-50-kg\/#breadcrumb\",\"itemListElement\":[{\"@type\":\"ListItem\",\"position\":1,\"name\":\"Portada\",\"item\":\"https:\/\/www.distribucionarc.com\/tr\/\"},{\"@type\":\"ListItem\",\"position\":2,\"name\":\"Produktai\",\"item\":\"https:\/\/distribucionarc.com\/lt\/parduotuve\/\"},{\"@type\":\"ListItem\",\"position\":3,\"name\":\"Molino para granos el\u00e9ctrico 50 kg\"}]},{\"@type\":\"WebSite\",\"@id\":\"https:\/\/www.distribucionarc.com\/tr\/#website\",\"url\":\"https:\/\/www.distribucionarc.com\/tr\/\",\"name\":\"distribuci\u00f3n ARC\",\"description\":\"Empresa especializada en la fabricaci\u00f3n y distribuci\u00f3n de maquinaria industrial, selladoras de latas, Maquinas de hacer pastillas, Maquinas de cortar carne...\",\"publisher\":{\"@id\":\"https:\/\/www.distribucionarc.com\/tr\/#organization\"},\"potentialAction\":[{\"@type\":\"SearchAction\",\"target\":{\"@type\":\"EntryPoint\",\"urlTemplate\":\"https:\/\/www.distribucionarc.com\/tr\/?s={search_term_string}\"},\"query-input\":{\"@type\":\"PropertyValueSpecification\",\"valueRequired\":true,\"valueName\":\"search_term_string\"}}],\"inLanguage\":\"pl-PL\"},{\"@type\":\"Organization\",\"@id\":\"https:\/\/www.distribucionarc.com\/tr\/#organization\",\"name\":\"Distribuci\u00f3n ARC\",\"url\":\"https:\/\/www.distribucionarc.com\/tr\/\",\"logo\":{\"@type\":\"ImageObject\",\"inLanguage\":\"pl-PL\",\"@id\":\"https:\/\/www.distribucionarc.com\/tr\/#\/schema\/logo\/image\/\",\"url\":\"https:\/\/distribucionarc.com\/wp-content\/uploads\/2024\/10\/distribucion-ARC-COLOR-SIN-FONDO-e1732295305345.png\",\"contentUrl\":\"https:\/\/distribucionarc.com\/wp-content\/uploads\/2024\/10\/distribucion-ARC-COLOR-SIN-FONDO-e1732295305345.png\",\"width\":1164,\"height\":558,\"caption\":\"Distribuci\u00f3n ARC\"},\"image\":{\"@id\":\"https:\/\/www.distribucionarc.com\/tr\/#\/schema\/logo\/image\/\"},\"description\":\"Empresa especializada en la fabricaci\u00f3n y distribuci\u00f3n de maquinaria industrial para los sectores alimentario y farmac\u00e9utico. Nos especializamos en: M\u00e1quinas de cortar carne Fabricaci\u00f3n de comprimidos Sistemas de transporte industrial L\u00edneas de embotellado Dosificadores Y mucho m\u00e1s... Ofrecemos soluciones innovadoras y personalizadas para optimizar los procesos productivos de tu empresa.\",\"email\":\"Admistracion@distribucionarc.com\",\"telephone\":\"+34 643496664\",\"legalName\":\"ARC TECH SOLUTIONS\",\"foundingDate\":\"2024-04-09\",\"vatID\":\"B55480172\",\"numberOfEmployees\":{\"@type\":\"QuantitativeValue\",\"minValue\":\"1\",\"maxValue\":\"10\"}}]}<\/script>\n<!-- \/ Yoast SEO Premium plugin. -->","yoast_head_json":{"title":"M\u0142ynek zbo\u017cowy elektryczny 50 kg - dystrybucja ARC","robots":{"index":"index","follow":"follow","max-snippet":"max-snippet:-1","max-image-preview":"max-image-preview:large","max-video-preview":"max-video-preview:-1"},"canonical":"https:\/\/www.distribucionarc.com\/it\/producto\/molino-para-granos-electrico-50-kg\/","og_locale":"pl_PL","og_type":"article","og_title":"Molino para granos el\u00e9ctrico 50 kg","og_description":"Molino para granos el\u00e9ctrico 50 kg ARC\u00a0Te ofrece un\u00a0molinillo el\u00e9ctrico de alta calidad. De tama\u00f1o peque\u00f1o, liviano, altamente eficiente y f\u00e1cil de usar. Hecho de material inoxidable de grado alimenticio, seguro y duradero. Con el potente motor de 2000 vatios, puede moler 50 kg de comida al mismo tiempo. Tambi\u00e9n cuenta con protecci\u00f3n segura contra sobrecargas para evitar que el motor se queme. Puede hacer polvo r\u00e1pidamente todo tipo de alimentos deshidratados, arroz, ma\u00edz, s\u00e9samo, soja, alimento para peces, pimienta, medicamentos, etc., adecuado para todo tipo de material. Garant\u00eda\u00a0ARC 2 A\u00d1OS Molinillo el\u00e9ctrico eficiente, bajo consumo 2000W soporte t\u00e9cnico incluido","og_url":"https:\/\/www.distribucionarc.com\/it\/producto\/molino-para-granos-electrico-50-kg\/","og_site_name":"distribuci\u00f3n ARC","article_modified_time":"2023-04-25T16:32:49+00:00","og_image":[{"width":1600,"height":1600,"url":"https:\/\/distribucionarc.com\/wp-content\/uploads\/2020\/08\/Molino-para-granos-el\u00e9ctrico-50-kg-0.jpg","type":"image\/jpeg"}],"twitter_card":"summary_large_image","twitter_misc":{"Szacowany czas czytania":"1 minuta"},"schema":{"@context":"https:\/\/schema.org","@graph":[{"@type":"WebPage","@id":"https:\/\/www.distribucionarc.com\/it\/producto\/molino-para-granos-electrico-50-kg\/","url":"https:\/\/www.distribucionarc.com\/it\/producto\/molino-para-granos-electrico-50-kg\/","name":"M\u0142ynek zbo\u017cowy elektryczny 50 kg - dystrybucja ARC","isPartOf":{"@id":"https:\/\/www.distribucionarc.com\/tr\/#website"},"primaryImageOfPage":{"@id":"https:\/\/www.distribucionarc.com\/it\/producto\/molino-para-granos-electrico-50-kg\/#primaryimage"},"image":{"@id":"https:\/\/www.distribucionarc.com\/it\/producto\/molino-para-granos-electrico-50-kg\/#primaryimage"},"thumbnailUrl":"https:\/\/distribucionarc.com\/wp-content\/uploads\/2020\/08\/Molino-para-granos-el\u00e9ctrico-50-kg-0.jpg","datePublished":"2020-08-27T10:10:59+00:00","dateModified":"2023-04-25T16:32:49+00:00","breadcrumb":{"@id":"https:\/\/www.distribucionarc.com\/it\/producto\/molino-para-granos-electrico-50-kg\/#breadcrumb"},"inLanguage":"pl-PL","potentialAction":[{"@type":"ReadAction","target":["https:\/\/www.distribucionarc.com\/it\/producto\/molino-para-granos-electrico-50-kg\/"]}]},{"@type":"ImageObject","inLanguage":"pl-PL","@id":"https:\/\/www.distribucionarc.com\/it\/producto\/molino-para-granos-electrico-50-kg\/#primaryimage","url":"https:\/\/distribucionarc.com\/wp-content\/uploads\/2020\/08\/Molino-para-granos-el\u00e9ctrico-50-kg-0.jpg","contentUrl":"https:\/\/distribucionarc.com\/wp-content\/uploads\/2020\/08\/Molino-para-granos-el\u00e9ctrico-50-kg-0.jpg","width":1600,"height":1600,"caption":"Molino para granos el\u00e9ctrico 50 kg"},{"@type":"BreadcrumbList","@id":"https:\/\/www.distribucionarc.com\/it\/producto\/molino-para-granos-electrico-50-kg\/#breadcrumb","itemListElement":[{"@type":"ListItem","position":1,"name":"Portada","item":"https:\/\/www.distribucionarc.com\/tr\/"},{"@type":"ListItem","position":2,"name":"Produktai","item":"https:\/\/distribucionarc.com\/lt\/parduotuve\/"},{"@type":"ListItem","position":3,"name":"Molino para granos el\u00e9ctrico 50 kg"}]},{"@type":"WebSite","@id":"https:\/\/www.distribucionarc.com\/tr\/#website","url":"https:\/\/www.distribucionarc.com\/tr\/","name":"Dystrybucja ARC","description":"Firma specjalizuj\u0105ca si\u0119 w produkcji i dystrybucji maszyn przemys\u0142owych, zgrzewarek do puszek, maszyn do produkcji tabletek, maszyn do ci\u0119cia mi\u0119sa...","publisher":{"@id":"https:\/\/www.distribucionarc.com\/tr\/#organization"},"potentialAction":[{"@type":"SearchAction","target":{"@type":"EntryPoint","urlTemplate":"https:\/\/www.distribucionarc.com\/tr\/?s={search_term_string}"},"query-input":{"@type":"PropertyValueSpecification","valueRequired":true,"valueName":"search_term_string"}}],"inLanguage":"pl-PL"},{"@type":"Organization","@id":"https:\/\/www.distribucionarc.com\/tr\/#organization","name":"Dystrybucja ARC","url":"https:\/\/www.distribucionarc.com\/tr\/","logo":{"@type":"ImageObject","inLanguage":"pl-PL","@id":"https:\/\/www.distribucionarc.com\/tr\/#\/schema\/logo\/image\/","url":"https:\/\/distribucionarc.com\/wp-content\/uploads\/2024\/10\/distribucion-ARC-COLOR-SIN-FONDO-e1732295305345.png","contentUrl":"https:\/\/distribucionarc.com\/wp-content\/uploads\/2024\/10\/distribucion-ARC-COLOR-SIN-FONDO-e1732295305345.png","width":1164,"height":558,"caption":"Distribuci\u00f3n ARC"},"image":{"@id":"https:\/\/www.distribucionarc.com\/tr\/#\/schema\/logo\/image\/"},"description":"Firma specjalizuj\u0105ca si\u0119 w produkcji i dystrybucji maszyn przemys\u0142owych dla sektora spo\u017cywczego i farmaceutycznego. Specjalizujemy si\u0119 w: Maszyny do krojenia mi\u0119sa Produkcja tabletek Przemys\u0142owe systemy transportowe Linie butelkuj\u0105ce Dozowniki I wiele wi\u0119cej.... Oferujemy innowacyjne i niestandardowe rozwi\u0105zania w celu optymalizacji proces\u00f3w produkcyjnych w Twojej firmie.","email":"Admistracion@distribucionarc.com","telephone":"+34 643496664","legalName":"ARC TECH SOLUTIONS","foundingDate":"2024-04-09","vatID":"B55480172","numberOfEmployees":{"@type":"QuantitativeValue","minValue":"1","maxValue":"10"}}]}},"_links":{"self":[{"href":"https:\/\/distribucionarc.com\/pl\/wp-json\/wp\/v2\/product\/2945","targetHints":{"allow":["GET"]}}],"collection":[{"href":"https:\/\/distribucionarc.com\/pl\/wp-json\/wp\/v2\/product"}],"about":[{"href":"https:\/\/distribucionarc.com\/pl\/wp-json\/wp\/v2\/types\/product"}],"replies":[{"embeddable":true,"href":"https:\/\/distribucionarc.com\/pl\/wp-json\/wp\/v2\/comments?post=2945"}],"version-history":[{"count":0,"href":"https:\/\/distribucionarc.com\/pl\/wp-json\/wp\/v2\/product\/2945\/revisions"}],"wp:featuredmedia":[{"embeddable":true,"href":"https:\/\/distribucionarc.com\/pl\/wp-json\/wp\/v2\/media\/2946"}],"wp:attachment":[{"href":"https:\/\/distribucionarc.com\/pl\/wp-json\/wp\/v2\/media?parent=2945"}],"wp:term":[{"taxonomy":"product_brand","embeddable":true,"href":"https:\/\/distribucionarc.com\/pl\/wp-json\/wp\/v2\/product_brand?post=2945"},{"taxonomy":"product_cat","embeddable":true,"href":"https:\/\/distribucionarc.com\/pl\/wp-json\/wp\/v2\/product_cat?post=2945"},{"taxonomy":"product_tag","embeddable":true,"href":"https:\/\/distribucionarc.com\/pl\/wp-json\/wp\/v2\/product_tag?post=2945"}],"curies":[{"name":"wp","href":"https:\/\/api.w.org\/{rel}","templated":true}]}}