{"id":3045,"date":"2020-09-21T10:02:38","date_gmt":"2020-09-21T10:02:38","guid":{"rendered":"https:\/\/distribucionarc.com\/?post_type=product&#038;p=3045"},"modified":"2020-10-01T13:43:29","modified_gmt":"2020-10-01T13:43:29","slug":"maszyna-do-robienia-lodu-w-platkach-40kg","status":"publish","type":"product","link":"https:\/\/distribucionarc.com\/pl\/producto\/maquina-para-hacer-hielo-en-escamas-40kg\/","title":{"rendered":"Maszyna do robienia lodu p\u0142atkowego o wadze 40kg"},"content":{"rendered":"<h2>Maszyna do robienia lodu p\u0142atkowego o wadze 40kg<\/h2>\n<p>Ta maszyna <strong>kostkarka do pokruszonego lodu <span style=\"color: #ff0000;\">DO<\/span><span style=\"color: #0000ff;\">R<\/span>C<\/strong> jest w stanie wyprodukowa\u0107 <strong>40 kg lodu<\/strong> czysty i zdrowy <strong>co 24 godziny<\/strong>. Dodatkowo posiada komor\u0119, w kt\u00f3rej zmie\u015bci si\u0119 10 kg lodu.<\/p>\n<p>Posiada obudow\u0119 ze stali nierdzewnej 304 z wewn\u0119trznym pojemnikiem ABS dopuszczonym do kontaktu z \u017cywno\u015bci\u0105. Aby zapewni\u0107 bezpieczny i czysty produkt. Smak nie ulega zafa\u0142szowaniu dzi\u0119ki jako\u015bci materia\u0142\u00f3w, z kt\u00f3rych jest wykonany.<\/p>\n<p>Ten<strong> maszyna do robienia lodu <span style=\"color: #ff0000;\">DO<\/span><span style=\"color: #0000ff;\">R<\/span>CMHE40<\/strong> Posiada wysokowydajn\u0105 spr\u0119\u017cark\u0119 bezfluorkow\u0105 z aprobat\u0105 ETL zgodn\u0105 z przepisami, co zapewnia du\u017c\u0105 oszcz\u0119dno\u015b\u0107 energii i tym samym przyczynia si\u0119 do ochrony \u015brodowiska.<\/p>\n<p>W obszarze sterowania znajduj\u0105 si\u0119 r\u00f3\u017cne kontrolki LED. \u017be poinformuj\u0105 Ci\u0119 o ka\u017cdej sytuacji, w kt\u00f3rej znajduje si\u0119 maszyna, takiej jak: niski poziom wody, pe\u0142na komora lodowa lub awaria systemu. Posiada \u0142atwy system otwierania i zamykania podnoszonej pokrywy, aby zapewni\u0107 wygod\u0119. Zawiera \u0142y\u017ck\u0119 do lodu zapewniaj\u0105c\u0105 \u0142atwy dost\u0119p do produkcji lodu.<\/p>\n<h6><strong>Gwarancja\u00a0<span style=\"color: #ff0000;\">DO<\/span><span style=\"color: #0000ff;\">R<\/span>C 2 LATA<\/strong><\/h6>\n<h6><span style=\"color: #008000;\"><strong>Wydajna wytwornica lodu p\u0142atkowego, niskie zu\u017cycie energii 350 W<\/strong><\/span><\/h6>\n<h6><strong>wsparcie techniczne w cenie<\/strong><\/h6>\n<p>&nbsp;<\/p>\n<table role=\"presentation\" width=\"100%\" cellspacing=\"0\" cellpadding=\"0\">\n<tbody>\n<tr>\n<td class=\"attrLabels\">Moc:<\/td>\n<td width=\"50.0%\">350 W<\/td>\n<\/tr>\n<tr>\n<td class=\"attrLabels\">Wolta\u017c:<\/td>\n<td width=\"50.0%\">220 V \u2013 240 V, 50 Hz<\/td>\n<td class=\"attrLabels\">Waga:<\/td>\n<td width=\"50.0%\">47,8 kg<\/td>\n<\/tr>\n<tr>\n<td class=\"attrLabels\">Kraj dystrybucji:<\/td>\n<td width=\"50.0%\">Hiszpania, Niemcy, USA<\/td>\n<td class=\"attrLabels\">Wysoko\u015b\u0107:<\/td>\n<td width=\"50.0%\">70,1 cm<\/td>\n<\/tr>\n<tr>\n<td class=\"attrLabels\">Marka:<\/td>\n<td width=\"50.0%\">\u0141UK<\/td>\n<td class=\"attrLabels\">D\u0142ugi:<\/td>\n<td width=\"50.0%\">39,8 cm<\/td>\n<\/tr>\n<tr>\n<td class=\"attrLabels\">Rodzaj produktu:<\/td>\n<td width=\"50.0%\">Maszyna do p\u0142atk\u00f3w lodowych<\/td>\n<td class=\"attrLabels\">Szeroki:<\/td>\n<td width=\"50.0%\">\u00a054,1 cm<\/td>\n<\/tr>\n<tr>\n<td class=\"attrLabels\">Numer producenta:<\/td>\n<td width=\"50.0%\">ARCMHE40<\/td>\n<td class=\"attrLabels\">Pr\u0119dko\u015b\u0107 robocza:<\/td>\n<td width=\"50.0%\">\u00a040 kg na 24 godziny<\/td>\n<\/tr>\n<tr>\n<td class=\"attrLabels\">Tworzywo:<\/td>\n<td width=\"50.0%\">stal nierdzewna, zoptymalizowany silnik, kompresor bez fluoru, o\u015bwietlenie LED<\/td>\n<td class=\"attrLabels\">Rodzaj lodu:<\/td>\n<td width=\"50.0%\">p\u0142atki, cz\u0105steczka<\/td>\n<\/tr>\n<tr>\n<td class=\"attrLabels\">Kolor:<\/td>\n<td width=\"50.0%\">Srebrny<\/td>\n<td class=\"attrLabels\">Sk\u0142adowanie:<\/td>\n<td width=\"50.0%\">10 kg<\/td>\n<\/tr>\n<tr>\n<td class=\"attrLabels\">Narz\u0119dzia instalacyjne:<\/td>\n<td width=\"50.0%\">Tak<\/td>\n<td class=\"attrLabels\">Gwarancja:<\/td>\n<td width=\"50.0%\">2 LATA<\/td>\n<\/tr>\n<\/tbody>\n<\/table>\n<p>&nbsp;<\/p>","protected":false},"excerpt":{"rendered":"<h3>Maszyna do robienia lodu p\u0142atkowego o wadze 40kg<\/h3>\n<p>Ten <strong>maszyna do robienia lodu<\/strong> Zosta\u0142 zaprojektowany tak, aby by\u0142 prosty i \u0142atwy w u\u017cyciu, a jego liczne diody LED poinformuj\u0105 Ci\u0119 o wszelkich niepowodzeniach. Posiada obudow\u0119 <strong>Stal nierdzewna 304 i ABS dopuszczony do kontaktu z \u017cywno\u015bci\u0105<\/strong> aby zapewni\u0107 bezpiecze\u0144stwo u\u017cytkowania i trwa\u0142o\u015b\u0107 p\u0142atkowniczki. Kruszarka ta wytwarza ma\u0142e cz\u0105stki czystego, zdrowego i nieregularnego lodu \u015bnie\u017cnego.<strong> Nie zmieniaj\u0105 smaku<\/strong> tego. Szeroko stosowane w szpitalach, zastosowaniach medycznych, przemy\u015ble spo\u017cywczym, przemy\u015ble chemicznym itp.<\/p>\n<h6><strong>Gwarancja\u00a0<span style=\"color: #ff0000;\">DO<\/span><span style=\"color: #0000ff;\">R<\/span>C 2 LATA<\/strong><\/h6>\n<h6><span style=\"color: #008000;\"><strong>Wydajna wytwornica lodu p\u0142atkowego, niskie zu\u017cycie energii 350 W<\/strong><\/span><\/h6>\n<h6><strong>wsparcie techniczne w cenie<\/strong><\/h6>\n<p>&nbsp;<\/p>","protected":false},"featured_media":3046,"comment_status":"open","ping_status":"closed","template":"","meta":{"wds_primary_product_brand":0,"wds_primary_product_cat":0},"product_brand":[],"product_cat":[59],"product_tag":[],"class_list":{"0":"post-3045","1":"product","2":"type-product","3":"status-publish","4":"has-post-thumbnail","6":"product_cat-hielo","7":"product_shipping_class-express","9":"first","10":"instock","11":"sale","12":"taxable","13":"shipping-taxable","14":"purchasable","15":"product-type-simple"},"yoast_head":"<!-- This site is optimized with the Yoast SEO Premium plugin v24.9 (Yoast SEO v26.1) - https:\/\/yoast.com\/wordpress\/plugins\/seo\/ -->\n<title>M\u00e1quina para hacer hielo en escamas 40kg - distribuci\u00f3n ARC<\/title>\n<meta name=\"robots\" content=\"index, follow, max-snippet:-1, max-image-preview:large, max-video-preview:-1\" \/>\n<link rel=\"canonical\" href=\"https:\/\/distribucionarc.com\/pl\/produkty\/maszyna-do-robienia-lodu-w-platkach-40kg\/\" \/>\n<meta property=\"og:locale\" content=\"pl_PL\" \/>\n<meta property=\"og:type\" content=\"article\" \/>\n<meta property=\"og:title\" content=\"M\u00e1quina para hacer hielo en escamas 40kg\" \/>\n<meta property=\"og:description\" content=\"M\u00e1quina para hacer hielo en escamas 40kg Esta m\u00e1quina fabricadora de hielo est\u00e1 dise\u00f1ada para ser simple y f\u00e1cil de utilizar, sus m\u00faltiples luces LED le informaran de cualquier contratiempo. Cuenta con una carcasa de acero inoxidable 304 y ABS de grado alimenticio para asegurar un uso seguro y la durabilidad de la fabricadora de escamas. Esta trituradora produce peque\u00f1as part\u00edculas de hielo de nieve irregular puro, saludable y no alteran el sabor de este.\u00a0 Ampliamente utilizada en hospitales, aplicaciones m\u00e9dicas, industrias alimentarias, industrias qu\u00edmicas, etc. Garant\u00eda\u00a0ARC 2 A\u00d1OS Maquina para hielo en escama eficiente, bajo consumo 350w soporte t\u00e9cnico\u00a0incluido &nbsp;\" \/>\n<meta property=\"og:url\" content=\"https:\/\/distribucionarc.com\/pl\/produkty\/maszyna-do-robienia-lodu-w-platkach-40kg\/\" \/>\n<meta property=\"og:site_name\" content=\"distribuci\u00f3n ARC\" \/>\n<meta property=\"article:modified_time\" content=\"2020-10-01T13:43:29+00:00\" \/>\n<meta property=\"og:image\" content=\"https:\/\/distribucionarc.com\/wp-content\/uploads\/2020\/09\/M\u00e1quina-para-hacer-hielo-en-escamas-40kg-0.jpg\" \/>\n\t<meta property=\"og:image:width\" content=\"1600\" \/>\n\t<meta property=\"og:image:height\" content=\"1600\" \/>\n\t<meta property=\"og:image:type\" content=\"image\/jpeg\" \/>\n<meta name=\"twitter:card\" content=\"summary_large_image\" \/>\n<meta name=\"twitter:label1\" content=\"Szacowany czas czytania\" \/>\n\t<meta name=\"twitter:data1\" content=\"1 minuta\" \/>\n<script type=\"application\/ld+json\" class=\"yoast-schema-graph\">{\"@context\":\"https:\/\/schema.org\",\"@graph\":[{\"@type\":\"WebPage\",\"@id\":\"https:\/\/distribucionarc.com\/sl\/producto\/maquina-para-hacer-hielo-en-escamas-40kg\/\",\"url\":\"https:\/\/distribucionarc.com\/sl\/producto\/maquina-para-hacer-hielo-en-escamas-40kg\/\",\"name\":\"M\u00e1quina para hacer hielo en escamas 40kg - distribuci\u00f3n ARC\",\"isPartOf\":{\"@id\":\"https:\/\/www.distribucionarc.com\/sl\/#website\"},\"primaryImageOfPage\":{\"@id\":\"https:\/\/distribucionarc.com\/sl\/producto\/maquina-para-hacer-hielo-en-escamas-40kg\/#primaryimage\"},\"image\":{\"@id\":\"https:\/\/distribucionarc.com\/sl\/producto\/maquina-para-hacer-hielo-en-escamas-40kg\/#primaryimage\"},\"thumbnailUrl\":\"https:\/\/distribucionarc.com\/wp-content\/uploads\/2020\/09\/M\u00e1quina-para-hacer-hielo-en-escamas-40kg-0.jpg\",\"datePublished\":\"2020-09-21T10:02:38+00:00\",\"dateModified\":\"2020-10-01T13:43:29+00:00\",\"breadcrumb\":{\"@id\":\"https:\/\/distribucionarc.com\/sl\/producto\/maquina-para-hacer-hielo-en-escamas-40kg\/#breadcrumb\"},\"inLanguage\":\"pl-PL\",\"potentialAction\":[{\"@type\":\"ReadAction\",\"target\":[\"https:\/\/distribucionarc.com\/sl\/producto\/maquina-para-hacer-hielo-en-escamas-40kg\/\"]}]},{\"@type\":\"ImageObject\",\"inLanguage\":\"pl-PL\",\"@id\":\"https:\/\/distribucionarc.com\/sl\/producto\/maquina-para-hacer-hielo-en-escamas-40kg\/#primaryimage\",\"url\":\"https:\/\/distribucionarc.com\/wp-content\/uploads\/2020\/09\/M\u00e1quina-para-hacer-hielo-en-escamas-40kg-0.jpg\",\"contentUrl\":\"https:\/\/distribucionarc.com\/wp-content\/uploads\/2020\/09\/M\u00e1quina-para-hacer-hielo-en-escamas-40kg-0.jpg\",\"width\":1600,\"height\":1600,\"caption\":\"M\u00e1quina para fabricar hielo en escamas 40kg\"},{\"@type\":\"BreadcrumbList\",\"@id\":\"https:\/\/distribucionarc.com\/sl\/producto\/maquina-para-hacer-hielo-en-escamas-40kg\/#breadcrumb\",\"itemListElement\":[{\"@type\":\"ListItem\",\"position\":1,\"name\":\"Portada\",\"item\":\"https:\/\/www.distribucionarc.com\/\"},{\"@type\":\"ListItem\",\"position\":2,\"name\":\"\u00dcr\u00fcnler\",\"item\":\"https:\/\/www.distribucionarc.com\/tr\/magaza\/\"},{\"@type\":\"ListItem\",\"position\":3,\"name\":\"M\u00e1quina para hacer hielo en escamas 40kg\"}]},{\"@type\":\"WebSite\",\"@id\":\"https:\/\/www.distribucionarc.com\/sl\/#website\",\"url\":\"https:\/\/www.distribucionarc.com\/sl\/\",\"name\":\"distribuci\u00f3n ARC\",\"description\":\"Empresa especializada en la fabricaci\u00f3n y distribuci\u00f3n de maquinaria industrial, selladoras de latas, Maquinas de hacer pastillas, Maquinas de cortar carne...\",\"publisher\":{\"@id\":\"https:\/\/www.distribucionarc.com\/sl\/#organization\"},\"potentialAction\":[{\"@type\":\"SearchAction\",\"target\":{\"@type\":\"EntryPoint\",\"urlTemplate\":\"https:\/\/www.distribucionarc.com\/sl\/?s={search_term_string}\"},\"query-input\":{\"@type\":\"PropertyValueSpecification\",\"valueRequired\":true,\"valueName\":\"search_term_string\"}}],\"inLanguage\":\"pl-PL\"},{\"@type\":\"Organization\",\"@id\":\"https:\/\/www.distribucionarc.com\/sl\/#organization\",\"name\":\"Distribuci\u00f3n ARC\",\"url\":\"https:\/\/www.distribucionarc.com\/sl\/\",\"logo\":{\"@type\":\"ImageObject\",\"inLanguage\":\"pl-PL\",\"@id\":\"https:\/\/www.distribucionarc.com\/sl\/#\/schema\/logo\/image\/\",\"url\":\"https:\/\/distribucionarc.com\/wp-content\/uploads\/2024\/10\/distribucion-ARC-COLOR-SIN-FONDO-e1732295305345.png\",\"contentUrl\":\"https:\/\/distribucionarc.com\/wp-content\/uploads\/2024\/10\/distribucion-ARC-COLOR-SIN-FONDO-e1732295305345.png\",\"width\":1164,\"height\":558,\"caption\":\"Distribuci\u00f3n ARC\"},\"image\":{\"@id\":\"https:\/\/www.distribucionarc.com\/sl\/#\/schema\/logo\/image\/\"},\"description\":\"Empresa especializada en la fabricaci\u00f3n y distribuci\u00f3n de maquinaria industrial para los sectores alimentario y farmac\u00e9utico. Nos especializamos en: M\u00e1quinas de cortar carne Fabricaci\u00f3n de comprimidos Sistemas de transporte industrial L\u00edneas de embotellado Dosificadores Y mucho m\u00e1s... Ofrecemos soluciones innovadoras y personalizadas para optimizar los procesos productivos de tu empresa.\",\"email\":\"Admistracion@distribucionarc.com\",\"telephone\":\"+34 643496664\",\"legalName\":\"ARC TECH SOLUTIONS\",\"foundingDate\":\"2024-04-09\",\"vatID\":\"B55480172\",\"numberOfEmployees\":{\"@type\":\"QuantitativeValue\",\"minValue\":\"1\",\"maxValue\":\"10\"}}]}<\/script>\n<!-- \/ Yoast SEO Premium plugin. -->","yoast_head_json":{"title":"Maszyna do produkcji lodu p\u0142atkowego 40kg - dystrybucja ARC","robots":{"index":"index","follow":"follow","max-snippet":"max-snippet:-1","max-image-preview":"max-image-preview:large","max-video-preview":"max-video-preview:-1"},"canonical":"https:\/\/distribucionarc.com\/pl\/produkty\/maszyna-do-robienia-lodu-w-platkach-40kg\/","og_locale":"pl_PL","og_type":"article","og_title":"M\u00e1quina para hacer hielo en escamas 40kg","og_description":"M\u00e1quina para hacer hielo en escamas 40kg Esta m\u00e1quina fabricadora de hielo est\u00e1 dise\u00f1ada para ser simple y f\u00e1cil de utilizar, sus m\u00faltiples luces LED le informaran de cualquier contratiempo. Cuenta con una carcasa de acero inoxidable 304 y ABS de grado alimenticio para asegurar un uso seguro y la durabilidad de la fabricadora de escamas. Esta trituradora produce peque\u00f1as part\u00edculas de hielo de nieve irregular puro, saludable y no alteran el sabor de este.\u00a0 Ampliamente utilizada en hospitales, aplicaciones m\u00e9dicas, industrias alimentarias, industrias qu\u00edmicas, etc. Garant\u00eda\u00a0ARC 2 A\u00d1OS Maquina para hielo en escama eficiente, bajo consumo 350w soporte t\u00e9cnico\u00a0incluido &nbsp;","og_url":"https:\/\/distribucionarc.com\/pl\/produkty\/maszyna-do-robienia-lodu-w-platkach-40kg\/","og_site_name":"distribuci\u00f3n ARC","article_modified_time":"2020-10-01T13:43:29+00:00","og_image":[{"width":1600,"height":1600,"url":"https:\/\/distribucionarc.com\/wp-content\/uploads\/2020\/09\/M\u00e1quina-para-hacer-hielo-en-escamas-40kg-0.jpg","type":"image\/jpeg"}],"twitter_card":"summary_large_image","twitter_misc":{"Szacowany czas czytania":"1 minuta"},"schema":{"@context":"https:\/\/schema.org","@graph":[{"@type":"WebPage","@id":"https:\/\/distribucionarc.com\/sl\/producto\/maquina-para-hacer-hielo-en-escamas-40kg\/","url":"https:\/\/distribucionarc.com\/sl\/producto\/maquina-para-hacer-hielo-en-escamas-40kg\/","name":"Maszyna do produkcji lodu p\u0142atkowego 40kg - dystrybucja ARC","isPartOf":{"@id":"https:\/\/www.distribucionarc.com\/sl\/#website"},"primaryImageOfPage":{"@id":"https:\/\/distribucionarc.com\/sl\/producto\/maquina-para-hacer-hielo-en-escamas-40kg\/#primaryimage"},"image":{"@id":"https:\/\/distribucionarc.com\/sl\/producto\/maquina-para-hacer-hielo-en-escamas-40kg\/#primaryimage"},"thumbnailUrl":"https:\/\/distribucionarc.com\/wp-content\/uploads\/2020\/09\/M\u00e1quina-para-hacer-hielo-en-escamas-40kg-0.jpg","datePublished":"2020-09-21T10:02:38+00:00","dateModified":"2020-10-01T13:43:29+00:00","breadcrumb":{"@id":"https:\/\/distribucionarc.com\/sl\/producto\/maquina-para-hacer-hielo-en-escamas-40kg\/#breadcrumb"},"inLanguage":"pl-PL","potentialAction":[{"@type":"ReadAction","target":["https:\/\/distribucionarc.com\/sl\/producto\/maquina-para-hacer-hielo-en-escamas-40kg\/"]}]},{"@type":"ImageObject","inLanguage":"pl-PL","@id":"https:\/\/distribucionarc.com\/sl\/producto\/maquina-para-hacer-hielo-en-escamas-40kg\/#primaryimage","url":"https:\/\/distribucionarc.com\/wp-content\/uploads\/2020\/09\/M\u00e1quina-para-hacer-hielo-en-escamas-40kg-0.jpg","contentUrl":"https:\/\/distribucionarc.com\/wp-content\/uploads\/2020\/09\/M\u00e1quina-para-hacer-hielo-en-escamas-40kg-0.jpg","width":1600,"height":1600,"caption":"M\u00e1quina para fabricar hielo en escamas 40kg"},{"@type":"BreadcrumbList","@id":"https:\/\/distribucionarc.com\/sl\/producto\/maquina-para-hacer-hielo-en-escamas-40kg\/#breadcrumb","itemListElement":[{"@type":"ListItem","position":1,"name":"Portada","item":"https:\/\/www.distribucionarc.com\/"},{"@type":"ListItem","position":2,"name":"\u00dcr\u00fcnler","item":"https:\/\/www.distribucionarc.com\/tr\/magaza\/"},{"@type":"ListItem","position":3,"name":"M\u00e1quina para hacer hielo en escamas 40kg"}]},{"@type":"WebSite","@id":"https:\/\/www.distribucionarc.com\/sl\/#website","url":"https:\/\/www.distribucionarc.com\/sl\/","name":"Dystrybucja ARC","description":"Firma specjalizuj\u0105ca si\u0119 w produkcji i dystrybucji maszyn przemys\u0142owych, zgrzewarek do puszek, maszyn do produkcji tabletek, maszyn do ci\u0119cia mi\u0119sa...","publisher":{"@id":"https:\/\/www.distribucionarc.com\/sl\/#organization"},"potentialAction":[{"@type":"SearchAction","target":{"@type":"EntryPoint","urlTemplate":"https:\/\/www.distribucionarc.com\/sl\/?s={search_term_string}"},"query-input":{"@type":"PropertyValueSpecification","valueRequired":true,"valueName":"search_term_string"}}],"inLanguage":"pl-PL"},{"@type":"Organization","@id":"https:\/\/www.distribucionarc.com\/sl\/#organization","name":"Dystrybucja ARC","url":"https:\/\/www.distribucionarc.com\/sl\/","logo":{"@type":"ImageObject","inLanguage":"pl-PL","@id":"https:\/\/www.distribucionarc.com\/sl\/#\/schema\/logo\/image\/","url":"https:\/\/distribucionarc.com\/wp-content\/uploads\/2024\/10\/distribucion-ARC-COLOR-SIN-FONDO-e1732295305345.png","contentUrl":"https:\/\/distribucionarc.com\/wp-content\/uploads\/2024\/10\/distribucion-ARC-COLOR-SIN-FONDO-e1732295305345.png","width":1164,"height":558,"caption":"Distribuci\u00f3n ARC"},"image":{"@id":"https:\/\/www.distribucionarc.com\/sl\/#\/schema\/logo\/image\/"},"description":"Firma specjalizuj\u0105ca si\u0119 w produkcji i dystrybucji maszyn przemys\u0142owych dla sektora spo\u017cywczego i farmaceutycznego. Specjalizujemy si\u0119 w: Maszyny do krojenia mi\u0119sa Produkcja tabletek Przemys\u0142owe systemy transportowe Linie butelkuj\u0105ce Dozowniki I wiele wi\u0119cej.... Oferujemy innowacyjne i niestandardowe rozwi\u0105zania w celu optymalizacji proces\u00f3w produkcyjnych w Twojej firmie.","email":"Admistracion@distribucionarc.com","telephone":"+34 643496664","legalName":"ARC TECH SOLUTIONS","foundingDate":"2024-04-09","vatID":"B55480172","numberOfEmployees":{"@type":"QuantitativeValue","minValue":"1","maxValue":"10"}}]}},"_links":{"self":[{"href":"https:\/\/distribucionarc.com\/pl\/wp-json\/wp\/v2\/product\/3045","targetHints":{"allow":["GET"]}}],"collection":[{"href":"https:\/\/distribucionarc.com\/pl\/wp-json\/wp\/v2\/product"}],"about":[{"href":"https:\/\/distribucionarc.com\/pl\/wp-json\/wp\/v2\/types\/product"}],"replies":[{"embeddable":true,"href":"https:\/\/distribucionarc.com\/pl\/wp-json\/wp\/v2\/comments?post=3045"}],"version-history":[{"count":0,"href":"https:\/\/distribucionarc.com\/pl\/wp-json\/wp\/v2\/product\/3045\/revisions"}],"wp:featuredmedia":[{"embeddable":true,"href":"https:\/\/distribucionarc.com\/pl\/wp-json\/wp\/v2\/media\/3046"}],"wp:attachment":[{"href":"https:\/\/distribucionarc.com\/pl\/wp-json\/wp\/v2\/media?parent=3045"}],"wp:term":[{"taxonomy":"product_brand","embeddable":true,"href":"https:\/\/distribucionarc.com\/pl\/wp-json\/wp\/v2\/product_brand?post=3045"},{"taxonomy":"product_cat","embeddable":true,"href":"https:\/\/distribucionarc.com\/pl\/wp-json\/wp\/v2\/product_cat?post=3045"},{"taxonomy":"product_tag","embeddable":true,"href":"https:\/\/distribucionarc.com\/pl\/wp-json\/wp\/v2\/product_tag?post=3045"}],"curies":[{"name":"wp","href":"https:\/\/api.w.org\/{rel}","templated":true}]}}