{"id":3083,"date":"2020-09-21T13:57:06","date_gmt":"2020-09-21T13:57:06","guid":{"rendered":"https:\/\/distribucionarc.com\/?post_type=product&#038;p=3083"},"modified":"2020-10-01T13:49:40","modified_gmt":"2020-10-01T13:49:40","slug":"podgrzewacz-do-naczyn-na-12-tac","status":"publish","type":"product","link":"https:\/\/distribucionarc.com\/pl\/producto\/calentador-de-platos-de-12-bandejas\/","title":{"rendered":"Podgrzewacz do naczy\u0144 na 12 tac"},"content":{"rendered":"<h3 class=\"product_title entry-title\"><strong>Podgrzewacz do naczy\u0144 na 12 tac<\/strong><\/h3>\n<p>Ten\u00a0<strong>podgrzewacz bemarowy do jedzenia<\/strong>\u00a0jest produkowany z najlepszych<strong>zerowa stal nierdzewna klasy spo\u017cywczej<\/strong>co daje pewno\u015b\u0107, \u017ce produkt jest trwa\u0142y i zgodny z przepisami sanitarnymi. Grubo\u015b\u0107 arkuszy dochodzi do 0,7 mm. Element grzejny w kszta\u0142cie litery U ze stali nierdzewnej 304 wykorzystuje ogrzewanie tr\u00f3jwymiarowe, z cyrkulacj\u0105 wysokiej temperatury i wi\u0119ksz\u0105 powierzchni\u0105 grzewcz\u0105, co zapewnia wi\u0119ksz\u0105 wydajno\u015b\u0107.<\/p>\n<p>Ten\u00a0<strong>podgrzewacz zupy\u00a0<span style=\"color: #ff0000;\">DO<\/span><span style=\"color: #0000ff;\">R<\/span>C<\/strong>\u00a0Specjalnie do bufet\u00f3w, posiada zdejmowan\u0105 os\u0142on\u0119 ze szk\u0142a hartowanego o grubo\u015bci 8 mm. Dzi\u0119ki szklanej os\u0142onie Twoi klienci mog\u0105 bezpo\u015brednio obserwowa\u0107 swoje potrawy, dbaj\u0105c jednocze\u015bnie o higien\u0119 \u017cywno\u015bci.<\/p>\n<p>Ten\u00a0<strong>taca, aby utrzyma\u0107 ciep\u0142o jedzenia <span style=\"color: #ff0000;\">DO<\/span><span style=\"color: #0000ff;\">R<\/span>CBBM12<\/strong>\u00a0Zawiera osiem wyjmowanych garnk\u00f3w o du\u017cej pojemno\u015bci, wykonanych ze stali nierdzewnej przeznaczonej do kontaktu z \u017cywno\u015bci\u0105. Wymiar ka\u017cdego\u00a0<strong>taca<\/strong>\u00a0jest z\u00a0<strong>Rozmiar uniwersalny 1\/3<\/strong> (32,5\u00d717,6\u00d715 cm), chocia\u017c staj\u0105 si\u0119 one o 15 cm g\u0142\u0119bsze ni\u017c inne, uzyskuj\u0105c dodatkow\u0105 pojemno\u015b\u0107 50%. Ka\u017cda tacka na \u017cywno\u015b\u0107 posiada pokryw\u0119 ze stali nierdzewnej, kt\u00f3ra zapobiega przedostawaniu si\u0119 kurzu do \u017cywno\u015bci.<\/p>\n<p>Za pomoc\u0105 pokr\u0119t\u0142a mo\u017cna \u0142atwo regulowa\u0107 temperatur\u0119 w zakresie od 30 \u2103 do 85 \u2103. Termometr pokazuje temperatur\u0119 w czasie rzeczywistym. Wyposa\u017cony jest w kranik spustowy, dzi\u0119ki kt\u00f3remu z \u0142atwo\u015bci\u0105 spu\u015bcisz nadmiar wody.<\/p>\n<h6><strong>Gwarancja\u00a0<span style=\"color: #ff0000;\">DO<\/span><span style=\"color: #0000ff;\">R<\/span>C 2 LATA<\/strong><\/h6>\n<h6><span style=\"color: #008000;\">Wydajny podgrzewacz do \u017cywno\u015bci, niskie zu\u017cycie energii 1850 W<\/span><\/h6>\n<h6><strong>wsparcie techniczne w cenie<\/strong><\/h6>\n<p>&nbsp;<\/p>\n<p>&nbsp;<\/p>\n<table role=\"presentation\" width=\"100%\" cellspacing=\"0\" cellpadding=\"0\">\n<tbody>\n<tr>\n<td class=\"attrLabels\">Marka:<\/td>\n<td width=\"50.0%\">\u0141UK<\/td>\n<\/tr>\n<tr>\n<td class=\"attrLabels\">Kraj dystrybucji:<\/td>\n<td width=\"50.0%\">Hiszpania, Niemcy, USA<\/td>\n<td class=\"attrLabels\">Waga:<\/td>\n<td width=\"50.0%\">34 kg<\/td>\n<\/tr>\n<tr>\n<td class=\"attrLabels\">Marka:<\/td>\n<td width=\"50.0%\">\u0141UK<\/td>\n<td class=\"attrLabels\">Wysoko\u015b\u0107:<\/td>\n<td width=\"50.0%\">40cm<\/td>\n<\/tr>\n<tr>\n<td class=\"attrLabels\">Kolor:<\/td>\n<td width=\"50.0%\">Srebrny<\/td>\n<td class=\"attrLabels\">D\u0142ugi:<\/td>\n<td width=\"50.0%\">149cm<\/td>\n<\/tr>\n<tr>\n<td class=\"attrLabels\">Rodzaj produktu:<\/td>\n<td width=\"50.0%\">Taca do podgrzewania jedzenia<\/td>\n<td class=\"attrLabels\">Szeroki:<\/td>\n<td width=\"50.0%\">57,9 cm<\/td>\n<\/tr>\n<tr>\n<td class=\"attrLabels\">Numer producenta:<\/td>\n<td width=\"50.0%\">ARCBBM12<\/td>\n<td class=\"attrLabels\">Moc:<\/td>\n<td width=\"50.0%\">1800 W<\/td>\n<\/tr>\n<tr>\n<td class=\"attrLabels\">Tworzywo:<\/td>\n<td width=\"50.0%\">stal nierdzewna, kontrola temperatury<\/td>\n<td class=\"attrLabels\">napi\u0119cie wej\u015bciowe<\/td>\n<td width=\"50.0%\">230 V \u2013 50 Hz<\/td>\n<\/tr>\n<tr>\n<td class=\"attrLabels\">Gwarancja:<\/td>\n<td width=\"50.0%\">\u00a0 2 lata<\/td>\n<td class=\"attrLabels\">Temperatura:<\/td>\n<td width=\"50.0%\">30\u00b0 \u2013 85\u00b0 C<\/td>\n<\/tr>\n<tr>\n<td class=\"attrLabels\">Narz\u0119dzia instalacyjne:<\/td>\n<td width=\"50.0%\">Tak<\/td>\n<td class=\"attrLabels\">Kontenery:<\/td>\n<td width=\"50.0%\">\u00a08 GN 1\/3 (32,5\u00d717,6\u00d715 cm)<\/td>\n<\/tr>\n<\/tbody>\n<\/table>","protected":false},"excerpt":{"rendered":"<h2 class=\"product_title entry-title\"><strong>Podgrzewacz do naczy\u0144 na 12 tac<\/strong><\/h2>\n<p>The<strong>\u00a0podgrzewacze p\u0142ytowe<span style=\"color: #ff0000;\">\u00a0DO<\/span><span style=\"color: #0000ff;\">R<\/span>C<\/strong> Utrzymuje wst\u0119pnie ugotowane jedzenie w idealnej temperaturze, dzi\u0119ki czemu zachowuje ca\u0142y smak i konsystencj\u0119 przez d\u0142ugi czas. Wykonane s\u0105 z najlepszej stali nierdzewnej przeznaczonej do kontaktu z \u017cywno\u015bci\u0105, \u0142atwe w czyszczeniu, higieniczne i nie zmieniaj\u0105 smaku produktu. Wystarczy nape\u0142ni\u0107 wskazany poziom wody i ustawi\u0107 12 tac na blacie, posiada hartowane szk\u0142o, aby zapewni\u0107 wi\u0119ksz\u0105 higien\u0119 i u\u0142atwi\u0107 widoczno\u015b\u0107 \u017cywno\u015bci. Za pomoc\u0105 pokr\u0119t\u0142a mo\u017cna regulowa\u0107 temperatur\u0119 w zakresie od 30 \u2103 do 85 \u2103, aby utrzyma\u0107 ciep\u0142o potrawy bez przywierania, przypalania i wysychania. Te <strong>grzejniki dwuko\u0142owe<\/strong>\u00a0Idealnie nadaj\u0105 si\u0119 do bufet\u00f3w, restauracji, bar\u00f3w, restauracji typu fast food, hoteli itp.<\/p>\n<h6><strong>Gwarancja\u00a0<span style=\"color: #ff0000;\">DO<\/span><span style=\"color: #0000ff;\">R<\/span>C 2 LATA<\/strong><\/h6>\n<h6><span style=\"color: #008000;\">Wydajny podgrzewacz do \u017cywno\u015bci, niskie zu\u017cycie energii 1800 W<\/span><\/h6>\n<p><strong>wsparcie techniczne w cenie<\/strong><\/p>","protected":false},"featured_media":3084,"comment_status":"open","ping_status":"closed","template":"","meta":{"wds_primary_product_brand":0,"wds_primary_product_cat":0},"product_brand":[],"product_cat":[41],"product_tag":[],"class_list":{"0":"post-3083","1":"product","2":"type-product","3":"status-publish","4":"has-post-thumbnail","6":"product_cat-expositor-de-alimentos","7":"product_shipping_class-hosteleria","9":"first","10":"instock","11":"sale","12":"taxable","13":"shipping-taxable","14":"purchasable","15":"product-type-simple"},"yoast_head":"<!-- This site is optimized with the Yoast SEO Premium plugin v24.9 (Yoast SEO v26.1) - https:\/\/yoast.com\/wordpress\/plugins\/seo\/ -->\n<title>Calentador de platos de 12 bandejas - distribuci\u00f3n ARC<\/title>\n<meta name=\"robots\" content=\"index, follow, max-snippet:-1, max-image-preview:large, max-video-preview:-1\" \/>\n<link rel=\"canonical\" href=\"https:\/\/distribucionarc.com\/pl\/produkty\/podgrzewacz-do-naczyn-na-12-tac\/\" \/>\n<meta property=\"og:locale\" content=\"pl_PL\" \/>\n<meta property=\"og:type\" content=\"article\" \/>\n<meta property=\"og:title\" content=\"Calentador de platos de 12 bandejas\" \/>\n<meta property=\"og:description\" content=\"Calentador de platos de 12 bandejas Los\u00a0calentadores de platos\u00a0ARC mantiene la comida precocinada a la temperatura perfecta para que conserven todo el sabor y textura durante largos periodos de tiempo. Est\u00e1n fabricados del mejor acero inoxidable para alimentos f\u00e1cil de limpiar, higi\u00e9nico y no alteran el sabor del producto. Tan solo llene el nivel de agua indicado y ajuste las 12 bandejas en el mostrador, cuenta con vidrio de cristal templado para asegurar mayor higiene y facilitar la visibilidad de los alimentos. Puede ajustar la temperatura entre 30\u2103 y 85\u2103 con el bot\u00f3n giratorio, para mantener la comida caliente sin que se pegue, queme o se seque. Estos calentadores de ba\u00f1o mar\u00eda\u00a0son ideales para buffets, restaurantes, bares, restaurantes de comida r\u00e1pida, hoteles, etc. Garant\u00eda\u00a0ARC 2 A\u00d1OS Calentador de alimentos eficiente, bajo consumo 1800w soporte t\u00e9cnico incluido\" \/>\n<meta property=\"og:url\" content=\"https:\/\/distribucionarc.com\/pl\/produkty\/podgrzewacz-do-naczyn-na-12-tac\/\" \/>\n<meta property=\"og:site_name\" content=\"distribuci\u00f3n ARC\" \/>\n<meta property=\"article:modified_time\" content=\"2020-10-01T13:49:40+00:00\" \/>\n<meta property=\"og:image\" content=\"https:\/\/distribucionarc.com\/wp-content\/uploads\/2020\/09\/Calentador-de-platos-de-12-bandejas-0.jpg\" \/>\n\t<meta property=\"og:image:width\" content=\"1600\" \/>\n\t<meta property=\"og:image:height\" content=\"1600\" \/>\n\t<meta property=\"og:image:type\" content=\"image\/jpeg\" \/>\n<meta name=\"twitter:card\" content=\"summary_large_image\" \/>\n<meta name=\"twitter:label1\" content=\"Szacowany czas czytania\" \/>\n\t<meta name=\"twitter:data1\" content=\"2 minuty\" \/>\n<script type=\"application\/ld+json\" class=\"yoast-schema-graph\">{\"@context\":\"https:\/\/schema.org\",\"@graph\":[{\"@type\":\"WebPage\",\"@id\":\"https:\/\/distribucionarc.com\/bg\/producto\/calentador-de-platos-de-12-bandejas\/\",\"url\":\"https:\/\/distribucionarc.com\/bg\/producto\/calentador-de-platos-de-12-bandejas\/\",\"name\":\"Calentador de platos de 12 bandejas - distribuci\u00f3n ARC\",\"isPartOf\":{\"@id\":\"https:\/\/distribucionarc.com\/de\/#website\"},\"primaryImageOfPage\":{\"@id\":\"https:\/\/distribucionarc.com\/bg\/producto\/calentador-de-platos-de-12-bandejas\/#primaryimage\"},\"image\":{\"@id\":\"https:\/\/distribucionarc.com\/bg\/producto\/calentador-de-platos-de-12-bandejas\/#primaryimage\"},\"thumbnailUrl\":\"https:\/\/distribucionarc.com\/wp-content\/uploads\/2020\/09\/Calentador-de-platos-de-12-bandejas-0.jpg\",\"datePublished\":\"2020-09-21T13:57:06+00:00\",\"dateModified\":\"2020-10-01T13:49:40+00:00\",\"breadcrumb\":{\"@id\":\"https:\/\/distribucionarc.com\/bg\/producto\/calentador-de-platos-de-12-bandejas\/#breadcrumb\"},\"inLanguage\":\"pl-PL\",\"potentialAction\":[{\"@type\":\"ReadAction\",\"target\":[\"https:\/\/distribucionarc.com\/bg\/producto\/calentador-de-platos-de-12-bandejas\/\"]}]},{\"@type\":\"ImageObject\",\"inLanguage\":\"pl-PL\",\"@id\":\"https:\/\/distribucionarc.com\/bg\/producto\/calentador-de-platos-de-12-bandejas\/#primaryimage\",\"url\":\"https:\/\/distribucionarc.com\/wp-content\/uploads\/2020\/09\/Calentador-de-platos-de-12-bandejas-0.jpg\",\"contentUrl\":\"https:\/\/distribucionarc.com\/wp-content\/uploads\/2020\/09\/Calentador-de-platos-de-12-bandejas-0.jpg\",\"width\":1600,\"height\":1600,\"caption\":\"Calentador de platos de 12 bandejas\"},{\"@type\":\"BreadcrumbList\",\"@id\":\"https:\/\/distribucionarc.com\/bg\/producto\/calentador-de-platos-de-12-bandejas\/#breadcrumb\",\"itemListElement\":[{\"@type\":\"ListItem\",\"position\":1,\"name\":\"Portada\",\"item\":\"https:\/\/distribucionarc.com\/pl\/\"},{\"@type\":\"ListItem\",\"position\":2,\"name\":\"Produkty\",\"item\":\"https:\/\/distribucionarc.com\/pl\/shop\/\"},{\"@type\":\"ListItem\",\"position\":3,\"name\":\"Calentador de platos de 12 bandejas\"}]},{\"@type\":\"WebSite\",\"@id\":\"https:\/\/distribucionarc.com\/de\/#website\",\"url\":\"https:\/\/distribucionarc.com\/de\/\",\"name\":\"distribuci\u00f3n ARC\",\"description\":\"Empresa especializada en la fabricaci\u00f3n y distribuci\u00f3n de maquinaria industrial, selladoras de latas, Maquinas de hacer pastillas, Maquinas de cortar carne...\",\"publisher\":{\"@id\":\"https:\/\/distribucionarc.com\/de\/#organization\"},\"potentialAction\":[{\"@type\":\"SearchAction\",\"target\":{\"@type\":\"EntryPoint\",\"urlTemplate\":\"https:\/\/distribucionarc.com\/de\/?s={search_term_string}\"},\"query-input\":{\"@type\":\"PropertyValueSpecification\",\"valueRequired\":true,\"valueName\":\"search_term_string\"}}],\"inLanguage\":\"pl-PL\"},{\"@type\":\"Organization\",\"@id\":\"https:\/\/distribucionarc.com\/de\/#organization\",\"name\":\"Distribuci\u00f3n ARC\",\"url\":\"https:\/\/distribucionarc.com\/de\/\",\"logo\":{\"@type\":\"ImageObject\",\"inLanguage\":\"pl-PL\",\"@id\":\"https:\/\/distribucionarc.com\/de\/#\/schema\/logo\/image\/\",\"url\":\"https:\/\/distribucionarc.com\/wp-content\/uploads\/2024\/10\/distribucion-ARC-COLOR-SIN-FONDO-e1732295305345.png\",\"contentUrl\":\"https:\/\/distribucionarc.com\/wp-content\/uploads\/2024\/10\/distribucion-ARC-COLOR-SIN-FONDO-e1732295305345.png\",\"width\":1164,\"height\":558,\"caption\":\"Distribuci\u00f3n ARC\"},\"image\":{\"@id\":\"https:\/\/distribucionarc.com\/de\/#\/schema\/logo\/image\/\"},\"description\":\"Empresa especializada en la fabricaci\u00f3n y distribuci\u00f3n de maquinaria industrial para los sectores alimentario y farmac\u00e9utico. Nos especializamos en: M\u00e1quinas de cortar carne Fabricaci\u00f3n de comprimidos Sistemas de transporte industrial L\u00edneas de embotellado Dosificadores Y mucho m\u00e1s... Ofrecemos soluciones innovadoras y personalizadas para optimizar los procesos productivos de tu empresa.\",\"email\":\"Admistracion@distribucionarc.com\",\"telephone\":\"+34 643496664\",\"legalName\":\"ARC TECH SOLUTIONS\",\"foundingDate\":\"2024-04-09\",\"vatID\":\"B55480172\",\"numberOfEmployees\":{\"@type\":\"QuantitativeValue\",\"minValue\":\"1\",\"maxValue\":\"10\"}}]}<\/script>\n<!-- \/ Yoast SEO Premium plugin. -->","yoast_head_json":{"title":"Podgrzewacz do naczy\u0144 na 12 tac - dystrybucja ARC","robots":{"index":"index","follow":"follow","max-snippet":"max-snippet:-1","max-image-preview":"max-image-preview:large","max-video-preview":"max-video-preview:-1"},"canonical":"https:\/\/distribucionarc.com\/pl\/produkty\/podgrzewacz-do-naczyn-na-12-tac\/","og_locale":"pl_PL","og_type":"article","og_title":"Calentador de platos de 12 bandejas","og_description":"Calentador de platos de 12 bandejas Los\u00a0calentadores de platos\u00a0ARC mantiene la comida precocinada a la temperatura perfecta para que conserven todo el sabor y textura durante largos periodos de tiempo. Est\u00e1n fabricados del mejor acero inoxidable para alimentos f\u00e1cil de limpiar, higi\u00e9nico y no alteran el sabor del producto. Tan solo llene el nivel de agua indicado y ajuste las 12 bandejas en el mostrador, cuenta con vidrio de cristal templado para asegurar mayor higiene y facilitar la visibilidad de los alimentos. Puede ajustar la temperatura entre 30\u2103 y 85\u2103 con el bot\u00f3n giratorio, para mantener la comida caliente sin que se pegue, queme o se seque. Estos calentadores de ba\u00f1o mar\u00eda\u00a0son ideales para buffets, restaurantes, bares, restaurantes de comida r\u00e1pida, hoteles, etc. Garant\u00eda\u00a0ARC 2 A\u00d1OS Calentador de alimentos eficiente, bajo consumo 1800w soporte t\u00e9cnico incluido","og_url":"https:\/\/distribucionarc.com\/pl\/produkty\/podgrzewacz-do-naczyn-na-12-tac\/","og_site_name":"distribuci\u00f3n ARC","article_modified_time":"2020-10-01T13:49:40+00:00","og_image":[{"width":1600,"height":1600,"url":"https:\/\/distribucionarc.com\/wp-content\/uploads\/2020\/09\/Calentador-de-platos-de-12-bandejas-0.jpg","type":"image\/jpeg"}],"twitter_card":"summary_large_image","twitter_misc":{"Szacowany czas czytania":"2 minuty"},"schema":{"@context":"https:\/\/schema.org","@graph":[{"@type":"WebPage","@id":"https:\/\/distribucionarc.com\/bg\/producto\/calentador-de-platos-de-12-bandejas\/","url":"https:\/\/distribucionarc.com\/bg\/producto\/calentador-de-platos-de-12-bandejas\/","name":"Podgrzewacz do naczy\u0144 na 12 tac - dystrybucja ARC","isPartOf":{"@id":"https:\/\/distribucionarc.com\/de\/#website"},"primaryImageOfPage":{"@id":"https:\/\/distribucionarc.com\/bg\/producto\/calentador-de-platos-de-12-bandejas\/#primaryimage"},"image":{"@id":"https:\/\/distribucionarc.com\/bg\/producto\/calentador-de-platos-de-12-bandejas\/#primaryimage"},"thumbnailUrl":"https:\/\/distribucionarc.com\/wp-content\/uploads\/2020\/09\/Calentador-de-platos-de-12-bandejas-0.jpg","datePublished":"2020-09-21T13:57:06+00:00","dateModified":"2020-10-01T13:49:40+00:00","breadcrumb":{"@id":"https:\/\/distribucionarc.com\/bg\/producto\/calentador-de-platos-de-12-bandejas\/#breadcrumb"},"inLanguage":"pl-PL","potentialAction":[{"@type":"ReadAction","target":["https:\/\/distribucionarc.com\/bg\/producto\/calentador-de-platos-de-12-bandejas\/"]}]},{"@type":"ImageObject","inLanguage":"pl-PL","@id":"https:\/\/distribucionarc.com\/bg\/producto\/calentador-de-platos-de-12-bandejas\/#primaryimage","url":"https:\/\/distribucionarc.com\/wp-content\/uploads\/2020\/09\/Calentador-de-platos-de-12-bandejas-0.jpg","contentUrl":"https:\/\/distribucionarc.com\/wp-content\/uploads\/2020\/09\/Calentador-de-platos-de-12-bandejas-0.jpg","width":1600,"height":1600,"caption":"Calentador de platos de 12 bandejas"},{"@type":"BreadcrumbList","@id":"https:\/\/distribucionarc.com\/bg\/producto\/calentador-de-platos-de-12-bandejas\/#breadcrumb","itemListElement":[{"@type":"ListItem","position":1,"name":"Portada","item":"https:\/\/distribucionarc.com\/pl\/"},{"@type":"ListItem","position":2,"name":"Produkty","item":"https:\/\/distribucionarc.com\/pl\/shop\/"},{"@type":"ListItem","position":3,"name":"Calentador de platos de 12 bandejas"}]},{"@type":"WebSite","@id":"https:\/\/distribucionarc.com\/de\/#website","url":"https:\/\/distribucionarc.com\/de\/","name":"Dystrybucja ARC","description":"Firma specjalizuj\u0105ca si\u0119 w produkcji i dystrybucji maszyn przemys\u0142owych, zgrzewarek do puszek, maszyn do produkcji tabletek, maszyn do ci\u0119cia mi\u0119sa...","publisher":{"@id":"https:\/\/distribucionarc.com\/de\/#organization"},"potentialAction":[{"@type":"SearchAction","target":{"@type":"EntryPoint","urlTemplate":"https:\/\/distribucionarc.com\/de\/?s={search_term_string}"},"query-input":{"@type":"PropertyValueSpecification","valueRequired":true,"valueName":"search_term_string"}}],"inLanguage":"pl-PL"},{"@type":"Organization","@id":"https:\/\/distribucionarc.com\/de\/#organization","name":"Dystrybucja ARC","url":"https:\/\/distribucionarc.com\/de\/","logo":{"@type":"ImageObject","inLanguage":"pl-PL","@id":"https:\/\/distribucionarc.com\/de\/#\/schema\/logo\/image\/","url":"https:\/\/distribucionarc.com\/wp-content\/uploads\/2024\/10\/distribucion-ARC-COLOR-SIN-FONDO-e1732295305345.png","contentUrl":"https:\/\/distribucionarc.com\/wp-content\/uploads\/2024\/10\/distribucion-ARC-COLOR-SIN-FONDO-e1732295305345.png","width":1164,"height":558,"caption":"Distribuci\u00f3n ARC"},"image":{"@id":"https:\/\/distribucionarc.com\/de\/#\/schema\/logo\/image\/"},"description":"Firma specjalizuj\u0105ca si\u0119 w produkcji i dystrybucji maszyn przemys\u0142owych dla sektora spo\u017cywczego i farmaceutycznego. Specjalizujemy si\u0119 w: Maszyny do krojenia mi\u0119sa Produkcja tabletek Przemys\u0142owe systemy transportowe Linie butelkuj\u0105ce Dozowniki I wiele wi\u0119cej.... Oferujemy innowacyjne i niestandardowe rozwi\u0105zania w celu optymalizacji proces\u00f3w produkcyjnych w Twojej firmie.","email":"Admistracion@distribucionarc.com","telephone":"+34 643496664","legalName":"ARC TECH SOLUTIONS","foundingDate":"2024-04-09","vatID":"B55480172","numberOfEmployees":{"@type":"QuantitativeValue","minValue":"1","maxValue":"10"}}]}},"_links":{"self":[{"href":"https:\/\/distribucionarc.com\/pl\/wp-json\/wp\/v2\/product\/3083","targetHints":{"allow":["GET"]}}],"collection":[{"href":"https:\/\/distribucionarc.com\/pl\/wp-json\/wp\/v2\/product"}],"about":[{"href":"https:\/\/distribucionarc.com\/pl\/wp-json\/wp\/v2\/types\/product"}],"replies":[{"embeddable":true,"href":"https:\/\/distribucionarc.com\/pl\/wp-json\/wp\/v2\/comments?post=3083"}],"version-history":[{"count":1,"href":"https:\/\/distribucionarc.com\/pl\/wp-json\/wp\/v2\/product\/3083\/revisions"}],"predecessor-version":[{"id":17250,"href":"https:\/\/distribucionarc.com\/pl\/wp-json\/wp\/v2\/product\/3083\/revisions\/17250"}],"wp:featuredmedia":[{"embeddable":true,"href":"https:\/\/distribucionarc.com\/pl\/wp-json\/wp\/v2\/media\/3084"}],"wp:attachment":[{"href":"https:\/\/distribucionarc.com\/pl\/wp-json\/wp\/v2\/media?parent=3083"}],"wp:term":[{"taxonomy":"product_brand","embeddable":true,"href":"https:\/\/distribucionarc.com\/pl\/wp-json\/wp\/v2\/product_brand?post=3083"},{"taxonomy":"product_cat","embeddable":true,"href":"https:\/\/distribucionarc.com\/pl\/wp-json\/wp\/v2\/product_cat?post=3083"},{"taxonomy":"product_tag","embeddable":true,"href":"https:\/\/distribucionarc.com\/pl\/wp-json\/wp\/v2\/product_tag?post=3083"}],"curies":[{"name":"wp","href":"https:\/\/api.w.org\/{rel}","templated":true}]}}