{"id":3120,"date":"2020-09-23T14:17:23","date_gmt":"2020-09-23T14:17:23","guid":{"rendered":"https:\/\/distribucionarc.com\/?post_type=product&#038;p=3120"},"modified":"2024-08-17T11:39:49","modified_gmt":"2024-08-17T11:39:49","slug":"maszyna-do-napelniania-kapsulek-pigulek-tabletek-400-otworow","status":"publish","type":"product","link":"https:\/\/distribucionarc.com\/pl\/producto\/maquina-llenadora-para-capsulas-pildoras-pastillas-400-agujeros\/","title":{"rendered":"Nape\u0142niarka do kapsu\u0142ek, pigu\u0142ek, tabletek 400 otwor\u00f3w"},"content":{"rendered":"<h3>Nape\u0142niarka do kapsu\u0142ek, pigu\u0142ek, tabletek 400 otwor\u00f3w<\/h3>\n<p>Robi to prostota dozowania i umiarkowana moc <strong>podsadzkarz <span style=\"color: #ff0000;\">DO<\/span><span style=\"color: #0000ff;\">R<\/span>C<\/strong> by\u0107 idealnym dla:<strong> Operacje enkapsulacji<\/strong> du\u017ca r\u00f3\u017cnorodno\u015b\u0107 i ma\u0142a obj\u0119to\u015b\u0107.<\/p>\n<p>Z tym <strong>enkapsulator <span style=\"color: #ff0000;\">DO<\/span><span style=\"color: #0000ff;\">R<\/span>CLLC400<\/strong>\u0142atwo jest zamieni\u0107 proszki w \u0142atwe do po\u0142kni\u0119cia kapsu\u0142ki. Nape\u0142nij swoje kapsu\u0142ki sproszkowanymi zio\u0142ami, suplementami diety, witaminami, olejkami lub w\u0142asnymi, niestandardowymi recepturami.<\/p>\n<p>Ten <strong>dozownik pigu\u0142ek<\/strong> Wykonany jest z twardego silikonu GMP, kt\u00f3ry spe\u0142nia wymogi bezpiecze\u0144stwa i higieny. Posiada 400 otwor\u00f3w hermetyzuj\u0105cych, z kt\u00f3rych mo\u017cna wykona\u0107 partie<strong> 400 tabletek<\/strong> w ci\u0105gu kilku minut, w zale\u017cno\u015bci od umiej\u0119tno\u015bci operatora.<\/p>\n<div style=\"width: 640px;\" class=\"wp-video\"><video class=\"wp-video-shortcode\" id=\"video-3120-1\" width=\"640\" height=\"352\" preload=\"metadata\" controls=\"controls\"><source type=\"video\/mp4\" src=\"https:\/\/distribucionarc.com\/wp-content\/uploads\/2020\/09\/Encapsuladora-de-pastillas-manual.mp4?_=1\" \/><a href=\"https:\/\/distribucionarc.com\/wp-content\/uploads\/2020\/09\/Encapsuladora-de-pastillas-manual.mp4\">https:\/\/distribucionarc.com\/wp-content\/uploads\/2020\/09\/Encapsuladora-de-pastillas-manual.mp4<\/a><\/video><\/div>\n<h6><strong>Gwarancja\u00a0<\/strong><span style=\"color: #0000ff;\"><span style=\"color: #ff0000;\"><strong>DO<\/strong><\/span><strong>R<\/strong><\/span><strong>C 2 LATA<\/strong><\/h6>\n<h6><strong>wsparcie techniczne w cenie<\/strong><\/h6>\n<p>&nbsp;<\/p>\n<table width=\"100%\">\n<tbody>\n<tr>\n<td>Facet:<\/td>\n<td width=\"50%\">Podr\u0119cznik<\/td>\n<td colspan=\"2\" width=\"327\"><\/td>\n<\/tr>\n<tr>\n<td>Kraj dystrybucji:<\/td>\n<td width=\"50%\">Hiszpania, Niemcy, USA<\/td>\n<td>Waga:<\/td>\n<td width=\"50%\">4,5 kg<\/td>\n<\/tr>\n<tr>\n<td>Marka:<\/td>\n<td width=\"50%\">\u0141UK<\/td>\n<td>Wysoko\u015b\u0107:<\/td>\n<td width=\"50%\">16cm<\/td>\n<\/tr>\n<tr>\n<td>Kolor:<\/td>\n<td width=\"50%\">Srebrny<\/td>\n<td>D\u0142ugi:<\/td>\n<td width=\"50%\">45cm<\/td>\n<\/tr>\n<tr>\n<td>Rodzaj produktu:<\/td>\n<td width=\"50%\">producent burger\u00f3w<\/td>\n<td>Szeroki:<\/td>\n<td width=\"50%\">31cm<\/td>\n<\/tr>\n<tr>\n<td>Numer producenta:<\/td>\n<td width=\"50%\">ARCLLC400<\/td>\n<td>Produkcja:<\/td>\n<td width=\"50%\">400 sztuk<\/td>\n<\/tr>\n<tr>\n<td>Tworzywo:<\/td>\n<td width=\"50%\">Twardy silikon GMP<\/td>\n<td>Podej\u015bcie produkcyjne:<\/td>\n<td width=\"50%\">3000 \u2013 4000 sztuk na godzin\u0119 w zale\u017cno\u015bci od umiej\u0119tno\u015bci pracownika<\/td>\n<\/tr>\n<tr>\n<td>Gwarancja:<\/td>\n<td width=\"50%\">2 lata<\/td>\n<td>Kwalifikowana stawka:<\/td>\n<td width=\"50%\">&gt;99%<\/td>\n<\/tr>\n<tr>\n<td>Narz\u0119dzia instalacyjne:<\/td>\n<td width=\"50%\">Tak<\/td>\n<td>Precyzja:<\/td>\n<td width=\"50%\">R 0,05 mm<\/td>\n<\/tr>\n<\/tbody>\n<\/table>","protected":false},"excerpt":{"rendered":"<h2>Nape\u0142niarka do kapsu\u0142ek, pigu\u0142ek, tabletek 400 otwor\u00f3w<\/h2>\n<p>Ten <strong>dozownik kapsu\u0142ek<\/strong> Wykonany jest z twardego silikonu GMP i posiada 400 otwor\u00f3w. To jest <strong>podsadzkarz<\/strong> najcz\u0119\u015bciej u\u017cywany tego typu w <strong>przemys\u0142 farmaceutyczny<\/strong>. Szybki i wydajny proces jest gwarantowany przez wiele udoskonale\u0144 wprowadzanych na przestrzeni lat w szerokim i zr\u00f3\u017cnicowanym zastosowaniu w przemy\u015ble. Dzi\u0119ki tej maszynie do kapsu\u0142ek \u0142atwo jest zamieni\u0107 proszki w \u0142atwe do po\u0142kni\u0119cia kapsu\u0142ki. Nape\u0142nij swoje kapsu\u0142ki sproszkowanymi zio\u0142ami, suplementami diety, witaminami, olejkami lub w\u0142asnymi, niestandardowymi recepturami<\/p>\n<h6><strong>Gwarancja\u00a0<\/strong><span style=\"color: #0000ff;\"><span style=\"color: #ff0000;\"><strong>DO<\/strong><\/span><strong>R<\/strong><\/span><strong>C 2 LATA<\/strong><\/h6>\n<h6><strong>wsparcie techniczne w cenie<\/strong><\/h6>","protected":false},"featured_media":3121,"comment_status":"open","ping_status":"closed","template":"","meta":{"wds_primary_product_brand":0,"wds_primary_product_cat":0},"product_brand":[],"product_cat":[29,84],"product_tag":[],"class_list":{"0":"post-3120","1":"product","2":"type-product","3":"status-publish","4":"has-post-thumbnail","6":"product_cat-maquinas-industria-quimica","7":"product_cat-maquinas-para-hacer-pastillas","8":"product_shipping_class-hosteleria","10":"first","11":"instock","12":"taxable","13":"shipping-taxable","14":"purchasable","15":"product-type-simple"},"yoast_head":"<!-- This site is optimized with the Yoast SEO Premium plugin v24.9 (Yoast SEO v26.1) - https:\/\/yoast.com\/wordpress\/plugins\/seo\/ -->\n<title>Maquina llenadora para c\u00e1psulas, p\u00edldoras, pastillas 400 agujeros - distribuci\u00f3n ARC<\/title>\n<meta name=\"robots\" content=\"index, follow, max-snippet:-1, max-image-preview:large, max-video-preview:-1\" \/>\n<link rel=\"canonical\" href=\"https:\/\/distribucionarc.com\/pl\/produkty\/maszyna-do-napelniania-kapsulek-pigulek-tabletek-400-otworow\/\" \/>\n<meta property=\"og:locale\" content=\"pl_PL\" \/>\n<meta property=\"og:type\" content=\"article\" \/>\n<meta property=\"og:title\" content=\"Maquina llenadora para c\u00e1psulas, p\u00edldoras, pastillas 400 agujeros\" \/>\n<meta property=\"og:description\" content=\"Maquina llenadora para c\u00e1psulas, p\u00edldoras, pastillas 400 agujeros Esta dosificadora de c\u00e1psulas est\u00e1 fabricada de silicona dura GMP cuenta con 400 orificios. Es la llenadora m\u00e1s utilizada de su tipo en la industria farmac\u00e9utica. El proceso es r\u00e1pido y eficiente est\u00e1n garantizado por las muchas mejoras realizadas a lo largo de los a\u00f1os en su amplia y variada aplicaci\u00f3n en la industria. Con esta m\u00e1quina de c\u00e1psulas, es f\u00e1cil convertir los polvos en c\u00e1psulas f\u00e1ciles de tragar. Llene sus c\u00e1psulas con hierbas en polvo, suplementos diet\u00e9ticos, vitaminas, aceites o sus propias f\u00f3rmulas personalizadas Garant\u00eda\u00a0ARC 2 A\u00d1OS soporte t\u00e9cnico\u00a0incluido\" \/>\n<meta property=\"og:url\" content=\"https:\/\/distribucionarc.com\/pl\/produkty\/maszyna-do-napelniania-kapsulek-pigulek-tabletek-400-otworow\/\" \/>\n<meta property=\"og:site_name\" content=\"distribuci\u00f3n ARC\" \/>\n<meta property=\"article:modified_time\" content=\"2024-08-17T11:39:49+00:00\" \/>\n<meta property=\"og:image\" content=\"https:\/\/distribucionarc.com\/wp-content\/uploads\/2020\/09\/M\u00e1quina-llenadora-para-c\u00e1psulas-p\u00edldoras-pastillas-400-agujeros-0.jpg\" \/>\n\t<meta property=\"og:image:width\" content=\"1600\" \/>\n\t<meta property=\"og:image:height\" content=\"1600\" \/>\n\t<meta property=\"og:image:type\" content=\"image\/jpeg\" \/>\n<meta name=\"twitter:card\" content=\"summary_large_image\" \/>\n<meta name=\"twitter:label1\" content=\"Szacowany czas czytania\" \/>\n\t<meta name=\"twitter:data1\" content=\"1 minuta\" \/>\n<script type=\"application\/ld+json\" class=\"yoast-schema-graph\">{\"@context\":\"https:\/\/schema.org\",\"@graph\":[{\"@type\":\"WebPage\",\"@id\":\"https:\/\/distribucionarc.com\/el\/producto\/maquina-llenadora-para-capsulas-pildoras-pastillas-400-agujeros\/\",\"url\":\"https:\/\/distribucionarc.com\/el\/producto\/maquina-llenadora-para-capsulas-pildoras-pastillas-400-agujeros\/\",\"name\":\"Maquina llenadora para c\u00e1psulas, p\u00edldoras, pastillas 400 agujeros - distribuci\u00f3n ARC\",\"isPartOf\":{\"@id\":\"https:\/\/distribucionarc.com\/ro\/#website\"},\"primaryImageOfPage\":{\"@id\":\"https:\/\/distribucionarc.com\/el\/producto\/maquina-llenadora-para-capsulas-pildoras-pastillas-400-agujeros\/#primaryimage\"},\"image\":{\"@id\":\"https:\/\/distribucionarc.com\/el\/producto\/maquina-llenadora-para-capsulas-pildoras-pastillas-400-agujeros\/#primaryimage\"},\"thumbnailUrl\":\"https:\/\/distribucionarc.com\/wp-content\/uploads\/2020\/09\/M\u00e1quina-llenadora-para-c\u00e1psulas-p\u00edldoras-pastillas-400-agujeros-0.jpg\",\"datePublished\":\"2020-09-23T14:17:23+00:00\",\"dateModified\":\"2024-08-17T11:39:49+00:00\",\"breadcrumb\":{\"@id\":\"https:\/\/distribucionarc.com\/el\/producto\/maquina-llenadora-para-capsulas-pildoras-pastillas-400-agujeros\/#breadcrumb\"},\"inLanguage\":\"pl-PL\",\"potentialAction\":[{\"@type\":\"ReadAction\",\"target\":[\"https:\/\/distribucionarc.com\/el\/producto\/maquina-llenadora-para-capsulas-pildoras-pastillas-400-agujeros\/\"]}]},{\"@type\":\"ImageObject\",\"inLanguage\":\"pl-PL\",\"@id\":\"https:\/\/distribucionarc.com\/el\/producto\/maquina-llenadora-para-capsulas-pildoras-pastillas-400-agujeros\/#primaryimage\",\"url\":\"https:\/\/distribucionarc.com\/wp-content\/uploads\/2020\/09\/M\u00e1quina-llenadora-para-c\u00e1psulas-p\u00edldoras-pastillas-400-agujeros-0.jpg\",\"contentUrl\":\"https:\/\/distribucionarc.com\/wp-content\/uploads\/2020\/09\/M\u00e1quina-llenadora-para-c\u00e1psulas-p\u00edldoras-pastillas-400-agujeros-0.jpg\",\"width\":1600,\"height\":1600,\"caption\":\"Maquina llenadora para c\u00e1psulas, p\u00edldoras, pastillas 400 agujeros\"},{\"@type\":\"BreadcrumbList\",\"@id\":\"https:\/\/distribucionarc.com\/el\/producto\/maquina-llenadora-para-capsulas-pildoras-pastillas-400-agujeros\/#breadcrumb\",\"itemListElement\":[{\"@type\":\"ListItem\",\"position\":1,\"name\":\"Portada\",\"item\":\"https:\/\/distribucionarc.com\/ar\/\"},{\"@type\":\"ListItem\",\"position\":2,\"name\":\"Proizvodi\",\"item\":\"https:\/\/www.distribucionarc.com\/hr\/ducan\/\"},{\"@type\":\"ListItem\",\"position\":3,\"name\":\"Maquina llenadora para c\u00e1psulas, p\u00edldoras, pastillas 400 agujeros\"}]},{\"@type\":\"WebSite\",\"@id\":\"https:\/\/distribucionarc.com\/ro\/#website\",\"url\":\"https:\/\/distribucionarc.com\/ro\/\",\"name\":\"distribuci\u00f3n ARC\",\"description\":\"Empresa especializada en la fabricaci\u00f3n y distribuci\u00f3n de maquinaria industrial, selladoras de latas, Maquinas de hacer pastillas, Maquinas de cortar carne...\",\"publisher\":{\"@id\":\"https:\/\/distribucionarc.com\/ro\/#organization\"},\"potentialAction\":[{\"@type\":\"SearchAction\",\"target\":{\"@type\":\"EntryPoint\",\"urlTemplate\":\"https:\/\/distribucionarc.com\/ro\/?s={search_term_string}\"},\"query-input\":{\"@type\":\"PropertyValueSpecification\",\"valueRequired\":true,\"valueName\":\"search_term_string\"}}],\"inLanguage\":\"pl-PL\"},{\"@type\":\"Organization\",\"@id\":\"https:\/\/distribucionarc.com\/ro\/#organization\",\"name\":\"Distribuci\u00f3n ARC\",\"url\":\"https:\/\/distribucionarc.com\/ro\/\",\"logo\":{\"@type\":\"ImageObject\",\"inLanguage\":\"pl-PL\",\"@id\":\"https:\/\/distribucionarc.com\/ro\/#\/schema\/logo\/image\/\",\"url\":\"https:\/\/distribucionarc.com\/wp-content\/uploads\/2024\/10\/distribucion-ARC-COLOR-SIN-FONDO-e1732295305345.png\",\"contentUrl\":\"https:\/\/distribucionarc.com\/wp-content\/uploads\/2024\/10\/distribucion-ARC-COLOR-SIN-FONDO-e1732295305345.png\",\"width\":1164,\"height\":558,\"caption\":\"Distribuci\u00f3n ARC\"},\"image\":{\"@id\":\"https:\/\/distribucionarc.com\/ro\/#\/schema\/logo\/image\/\"},\"description\":\"Empresa especializada en la fabricaci\u00f3n y distribuci\u00f3n de maquinaria industrial para los sectores alimentario y farmac\u00e9utico. Nos especializamos en: M\u00e1quinas de cortar carne Fabricaci\u00f3n de comprimidos Sistemas de transporte industrial L\u00edneas de embotellado Dosificadores Y mucho m\u00e1s... Ofrecemos soluciones innovadoras y personalizadas para optimizar los procesos productivos de tu empresa.\",\"email\":\"Admistracion@distribucionarc.com\",\"telephone\":\"+34 643496664\",\"legalName\":\"ARC TECH SOLUTIONS\",\"foundingDate\":\"2024-04-09\",\"vatID\":\"B55480172\",\"numberOfEmployees\":{\"@type\":\"QuantitativeValue\",\"minValue\":\"1\",\"maxValue\":\"10\"}}]}<\/script>\n<!-- \/ Yoast SEO Premium plugin. -->","yoast_head_json":{"title":"Nape\u0142niarka do kapsu\u0142ek, pigu\u0142ek, tabletek 400 otwor\u00f3w - dystrybucja ARC","robots":{"index":"index","follow":"follow","max-snippet":"max-snippet:-1","max-image-preview":"max-image-preview:large","max-video-preview":"max-video-preview:-1"},"canonical":"https:\/\/distribucionarc.com\/pl\/produkty\/maszyna-do-napelniania-kapsulek-pigulek-tabletek-400-otworow\/","og_locale":"pl_PL","og_type":"article","og_title":"Maquina llenadora para c\u00e1psulas, p\u00edldoras, pastillas 400 agujeros","og_description":"Maquina llenadora para c\u00e1psulas, p\u00edldoras, pastillas 400 agujeros Esta dosificadora de c\u00e1psulas est\u00e1 fabricada de silicona dura GMP cuenta con 400 orificios. Es la llenadora m\u00e1s utilizada de su tipo en la industria farmac\u00e9utica. El proceso es r\u00e1pido y eficiente est\u00e1n garantizado por las muchas mejoras realizadas a lo largo de los a\u00f1os en su amplia y variada aplicaci\u00f3n en la industria. Con esta m\u00e1quina de c\u00e1psulas, es f\u00e1cil convertir los polvos en c\u00e1psulas f\u00e1ciles de tragar. Llene sus c\u00e1psulas con hierbas en polvo, suplementos diet\u00e9ticos, vitaminas, aceites o sus propias f\u00f3rmulas personalizadas Garant\u00eda\u00a0ARC 2 A\u00d1OS soporte t\u00e9cnico\u00a0incluido","og_url":"https:\/\/distribucionarc.com\/pl\/produkty\/maszyna-do-napelniania-kapsulek-pigulek-tabletek-400-otworow\/","og_site_name":"distribuci\u00f3n ARC","article_modified_time":"2024-08-17T11:39:49+00:00","og_image":[{"width":1600,"height":1600,"url":"https:\/\/distribucionarc.com\/wp-content\/uploads\/2020\/09\/M\u00e1quina-llenadora-para-c\u00e1psulas-p\u00edldoras-pastillas-400-agujeros-0.jpg","type":"image\/jpeg"}],"twitter_card":"summary_large_image","twitter_misc":{"Szacowany czas czytania":"1 minuta"},"schema":{"@context":"https:\/\/schema.org","@graph":[{"@type":"WebPage","@id":"https:\/\/distribucionarc.com\/el\/producto\/maquina-llenadora-para-capsulas-pildoras-pastillas-400-agujeros\/","url":"https:\/\/distribucionarc.com\/el\/producto\/maquina-llenadora-para-capsulas-pildoras-pastillas-400-agujeros\/","name":"Nape\u0142niarka do kapsu\u0142ek, pigu\u0142ek, tabletek 400 otwor\u00f3w - dystrybucja ARC","isPartOf":{"@id":"https:\/\/distribucionarc.com\/ro\/#website"},"primaryImageOfPage":{"@id":"https:\/\/distribucionarc.com\/el\/producto\/maquina-llenadora-para-capsulas-pildoras-pastillas-400-agujeros\/#primaryimage"},"image":{"@id":"https:\/\/distribucionarc.com\/el\/producto\/maquina-llenadora-para-capsulas-pildoras-pastillas-400-agujeros\/#primaryimage"},"thumbnailUrl":"https:\/\/distribucionarc.com\/wp-content\/uploads\/2020\/09\/M\u00e1quina-llenadora-para-c\u00e1psulas-p\u00edldoras-pastillas-400-agujeros-0.jpg","datePublished":"2020-09-23T14:17:23+00:00","dateModified":"2024-08-17T11:39:49+00:00","breadcrumb":{"@id":"https:\/\/distribucionarc.com\/el\/producto\/maquina-llenadora-para-capsulas-pildoras-pastillas-400-agujeros\/#breadcrumb"},"inLanguage":"pl-PL","potentialAction":[{"@type":"ReadAction","target":["https:\/\/distribucionarc.com\/el\/producto\/maquina-llenadora-para-capsulas-pildoras-pastillas-400-agujeros\/"]}]},{"@type":"ImageObject","inLanguage":"pl-PL","@id":"https:\/\/distribucionarc.com\/el\/producto\/maquina-llenadora-para-capsulas-pildoras-pastillas-400-agujeros\/#primaryimage","url":"https:\/\/distribucionarc.com\/wp-content\/uploads\/2020\/09\/M\u00e1quina-llenadora-para-c\u00e1psulas-p\u00edldoras-pastillas-400-agujeros-0.jpg","contentUrl":"https:\/\/distribucionarc.com\/wp-content\/uploads\/2020\/09\/M\u00e1quina-llenadora-para-c\u00e1psulas-p\u00edldoras-pastillas-400-agujeros-0.jpg","width":1600,"height":1600,"caption":"Maquina llenadora para c\u00e1psulas, p\u00edldoras, pastillas 400 agujeros"},{"@type":"BreadcrumbList","@id":"https:\/\/distribucionarc.com\/el\/producto\/maquina-llenadora-para-capsulas-pildoras-pastillas-400-agujeros\/#breadcrumb","itemListElement":[{"@type":"ListItem","position":1,"name":"Portada","item":"https:\/\/distribucionarc.com\/ar\/"},{"@type":"ListItem","position":2,"name":"Proizvodi","item":"https:\/\/www.distribucionarc.com\/hr\/ducan\/"},{"@type":"ListItem","position":3,"name":"Maquina llenadora para c\u00e1psulas, p\u00edldoras, pastillas 400 agujeros"}]},{"@type":"WebSite","@id":"https:\/\/distribucionarc.com\/ro\/#website","url":"https:\/\/distribucionarc.com\/ro\/","name":"Dystrybucja ARC","description":"Firma specjalizuj\u0105ca si\u0119 w produkcji i dystrybucji maszyn przemys\u0142owych, zgrzewarek do puszek, maszyn do produkcji tabletek, maszyn do ci\u0119cia mi\u0119sa...","publisher":{"@id":"https:\/\/distribucionarc.com\/ro\/#organization"},"potentialAction":[{"@type":"SearchAction","target":{"@type":"EntryPoint","urlTemplate":"https:\/\/distribucionarc.com\/ro\/?s={search_term_string}"},"query-input":{"@type":"PropertyValueSpecification","valueRequired":true,"valueName":"search_term_string"}}],"inLanguage":"pl-PL"},{"@type":"Organization","@id":"https:\/\/distribucionarc.com\/ro\/#organization","name":"Dystrybucja ARC","url":"https:\/\/distribucionarc.com\/ro\/","logo":{"@type":"ImageObject","inLanguage":"pl-PL","@id":"https:\/\/distribucionarc.com\/ro\/#\/schema\/logo\/image\/","url":"https:\/\/distribucionarc.com\/wp-content\/uploads\/2024\/10\/distribucion-ARC-COLOR-SIN-FONDO-e1732295305345.png","contentUrl":"https:\/\/distribucionarc.com\/wp-content\/uploads\/2024\/10\/distribucion-ARC-COLOR-SIN-FONDO-e1732295305345.png","width":1164,"height":558,"caption":"Distribuci\u00f3n ARC"},"image":{"@id":"https:\/\/distribucionarc.com\/ro\/#\/schema\/logo\/image\/"},"description":"Firma specjalizuj\u0105ca si\u0119 w produkcji i dystrybucji maszyn przemys\u0142owych dla sektora spo\u017cywczego i farmaceutycznego. Specjalizujemy si\u0119 w: Maszyny do krojenia mi\u0119sa Produkcja tabletek Przemys\u0142owe systemy transportowe Linie butelkuj\u0105ce Dozowniki I wiele wi\u0119cej.... Oferujemy innowacyjne i niestandardowe rozwi\u0105zania w celu optymalizacji proces\u00f3w produkcyjnych w Twojej firmie.","email":"Admistracion@distribucionarc.com","telephone":"+34 643496664","legalName":"ARC TECH SOLUTIONS","foundingDate":"2024-04-09","vatID":"B55480172","numberOfEmployees":{"@type":"QuantitativeValue","minValue":"1","maxValue":"10"}}]}},"_links":{"self":[{"href":"https:\/\/distribucionarc.com\/pl\/wp-json\/wp\/v2\/product\/3120","targetHints":{"allow":["GET"]}}],"collection":[{"href":"https:\/\/distribucionarc.com\/pl\/wp-json\/wp\/v2\/product"}],"about":[{"href":"https:\/\/distribucionarc.com\/pl\/wp-json\/wp\/v2\/types\/product"}],"replies":[{"embeddable":true,"href":"https:\/\/distribucionarc.com\/pl\/wp-json\/wp\/v2\/comments?post=3120"}],"version-history":[{"count":0,"href":"https:\/\/distribucionarc.com\/pl\/wp-json\/wp\/v2\/product\/3120\/revisions"}],"wp:featuredmedia":[{"embeddable":true,"href":"https:\/\/distribucionarc.com\/pl\/wp-json\/wp\/v2\/media\/3121"}],"wp:attachment":[{"href":"https:\/\/distribucionarc.com\/pl\/wp-json\/wp\/v2\/media?parent=3120"}],"wp:term":[{"taxonomy":"product_brand","embeddable":true,"href":"https:\/\/distribucionarc.com\/pl\/wp-json\/wp\/v2\/product_brand?post=3120"},{"taxonomy":"product_cat","embeddable":true,"href":"https:\/\/distribucionarc.com\/pl\/wp-json\/wp\/v2\/product_cat?post=3120"},{"taxonomy":"product_tag","embeddable":true,"href":"https:\/\/distribucionarc.com\/pl\/wp-json\/wp\/v2\/product_tag?post=3120"}],"curies":[{"name":"wp","href":"https:\/\/api.w.org\/{rel}","templated":true}]}}