{"id":3415,"date":"2020-10-02T08:27:22","date_gmt":"2020-10-02T08:27:22","guid":{"rendered":"https:\/\/distribucionarc.com\/?post_type=product&#038;p=3415"},"modified":"2020-10-02T08:27:23","modified_gmt":"2020-10-02T08:27:23","slug":"elektryczna-gilotyna-do-papieru","status":"publish","type":"product","link":"https:\/\/distribucionarc.com\/pl\/producto\/cortadora-de-papel-electrica\/","title":{"rendered":"elektryczna przecinarka do papieru\u00a0"},"content":{"rendered":"<h2>elektryczna przecinarka do papieru<\/h2>\n<p>Ten<strong> elektryczna przecinarka do papieru <span style=\"color: #ff0000;\">DO<\/span><span style=\"color: #0000ff;\">R<\/span>C<\/strong> Jest kuty z wysokiej jako\u015bci blach stalowych i posiada cztery ko\u0142a, kt\u00f3re w razie potrzeby mo\u017cna szybko przesuwa\u0107 i blokowa\u0107 w dowolnej pozycji. Podajnik typu H mo\u017ce skutecznie rozwi\u0105za\u0107 problem ruchu papieru i niewsp\u00f3\u0142osiowo\u015bci. Za pomoc\u0105 linijki mo\u017cna regulowa\u0107 wielko\u015b\u0107 ci\u0119cia, aby zapewni\u0107 precyzyjne ci\u0119cie.<\/p>\n<p>Ten<strong> gilotyna papierowa <span style=\"color: #ff0000;\">DO<\/span><span style=\"color: #0000ff;\">R<\/span>CCPE400<\/strong> Posiada pozycjonowanie \u015bwiat\u0142a podczerwonego, dzi\u0119ki czemu ci\u0119cie papieru jest bardziej intuicyjne i precyzyjne. Ochrona fotoelektryczna, monitorowanie sto\u0142u operacyjnego w czasie rzeczywistym,<\/p>\n<p>On <strong>automatyczna obcinarka papieru<\/strong> Doskonale nadaje si\u0119 do ci\u0119cia twardych i mi\u0119kkich przedmiot\u00f3w, takich jak sk\u00f3ra, karty PCV, pude\u0142ka kartonowe, grube ksi\u0105\u017cki, folie plastikowe, szary karton itp. Dzi\u0119ki ostrym i wytrzyma\u0142ym no\u017com z wysokiej jako\u015bci stali zapewnia lepsze rezultaty ci\u0119cia.<\/p>\n<h6><strong>Gwarancja\u00a0<span style=\"color: #ff0000;\">DO<\/span><span style=\"color: #0000ff;\">R<\/span>C 2 LATA<\/strong><\/h6>\n<h6><span style=\"color: #008000;\">Wydajna gilotyna elektryczna o niskim zu\u017cyciu energii 150W<\/span><\/h6>\n<h6><strong>wsparcie techniczne w cenie<\/strong><\/h6>\n<p>&nbsp;<\/p>\n<table role=\"presentation\" width=\"100%\" cellspacing=\"0\" cellpadding=\"0\">\n<tbody>\n<tr>\n<td class=\"attrLabels\">Marka:<\/td>\n<td width=\"50.0%\">\u0141UK<\/td>\n<\/tr>\n<tr>\n<td class=\"attrLabels\">Kraj dystrybucji:<\/td>\n<td width=\"50.0%\">Hiszpania, Niemcy, USA<\/td>\n<td class=\"attrLabels\">Waga:<\/td>\n<td width=\"50.0%\">65 kg<\/td>\n<\/tr>\n<tr>\n<td class=\"attrLabels\">Marka:<\/td>\n<td width=\"50.0%\">\u0141UK<\/td>\n<td class=\"attrLabels\">Wysoko\u015b\u0107:<\/td>\n<td width=\"50.0%\">40cm<\/td>\n<\/tr>\n<tr>\n<td class=\"attrLabels\">Kolor:<\/td>\n<td width=\"50.0%\">Srebrny<\/td>\n<td class=\"attrLabels\">D\u0142ugi:<\/td>\n<td width=\"50.0%\">59cm<\/td>\n<\/tr>\n<tr>\n<td class=\"attrLabels\">Rodzaj produktu:<\/td>\n<td width=\"50.0%\">przecinarka do papieru<\/td>\n<td class=\"attrLabels\">Szeroki:<\/td>\n<td width=\"50.0%\">60cm<\/td>\n<\/tr>\n<tr>\n<td class=\"attrLabels\">Numer producenta:<\/td>\n<td width=\"50.0%\">ARCCPE400<\/td>\n<td class=\"attrLabels\">Moc:<\/td>\n<td width=\"50.0%\">150 W<\/td>\n<\/tr>\n<tr>\n<td class=\"attrLabels\">Tworzywo:<\/td>\n<td width=\"50.0%\">stal nierdzewna, \u015bwiat\u0142o podczerwone, ochrona fotoelektryczna<\/td>\n<td class=\"attrLabels\">Napi\u0119cie wej\u015bciowe:<\/td>\n<td width=\"50.0%\">220 V \u2013 50 Hz<\/td>\n<\/tr>\n<tr>\n<td class=\"attrLabels\">Gwarancja:<\/td>\n<td width=\"50.0%\">2 lata<\/td>\n<td class=\"attrLabels\">Maksymalny rozmiar ci\u0119cia:<\/td>\n<td width=\"50.0%\">\u00a0330mm<\/td>\n<\/tr>\n<tr>\n<td class=\"attrLabels\">Wydajno\u015b\u0107 ci\u0119cia:<\/td>\n<td width=\"50.0%\">400 sztuk<\/td>\n<td class=\"attrLabels\">Minimalny rozmiar ci\u0119cia:<\/td>\n<td width=\"50.0%\">50mm<\/td>\n<\/tr>\n<\/tbody>\n<\/table>","protected":false},"excerpt":{"rendered":"<h2>elektryczna przecinarka do papieru<\/h2>\n<p>Ten <strong>elektryczna gilotyna do papieru <span style=\"color: #ff0000;\">DO<\/span><span style=\"color: #0000ff;\">R<\/span>C<\/strong> Wykonany jest z wysokiej jako\u015bci blachy stalowej, kt\u00f3ra zapewnia wysok\u0105 wydajno\u015b\u0107 i trwa\u0142o\u015b\u0107. Posiada podajnik papieru typu H, zapewniaj\u0105cy precyzyjne ci\u0119cie: skutecznie rozwi\u0105zuje problem tradycyjnego papieru, dzi\u0119ki dociskowi spr\u0119\u017cyny mo\u017cna go \u0142atwo przesuwa\u0107 i kompensowa\u0107. Fotoelektryczna ochrona podczerwieni zapewnia pe\u0142n\u0105 ochron\u0119 \u015brodowiska pracy; Jest to idealny wyb\u00f3r do biur, szk\u00f3\u0142, sklep\u00f3w papierniczych, ko\u015bcio\u0142\u00f3w, firm i drukarni.<\/p>\n<h6><strong>Gwarancja\u00a0<span style=\"color: #ff0000;\">DO<\/span><span style=\"color: #0000ff;\">R<\/span>C 2 LATA<\/strong><\/h6>\n<h6><span style=\"color: #008000;\">Wydajna gilotyna elektryczna o niskim zu\u017cyciu energii 150W<\/span><\/h6>\n<h6><strong>wsparcie techniczne w cenie<\/strong><\/h6>","protected":false},"featured_media":3421,"comment_status":"open","ping_status":"closed","template":"","meta":{"wds_primary_product_brand":0,"wds_primary_product_cat":0},"product_brand":[],"product_cat":[69],"product_tag":[],"class_list":{"0":"post-3415","1":"product","2":"type-product","3":"status-publish","4":"has-post-thumbnail","6":"product_cat-maquinas-variadas","7":"product_shipping_class-express","9":"first","10":"instock","11":"sale","12":"taxable","13":"shipping-taxable","14":"purchasable","15":"product-type-simple"},"yoast_head":"<!-- This site is optimized with the Yoast SEO Premium plugin v24.9 (Yoast SEO v26.1) - https:\/\/yoast.com\/wordpress\/plugins\/seo\/ -->\n<title>Cortadora de papel el\u00e9ctrica\u00a0 - distribuci\u00f3n ARC<\/title>\n<meta name=\"robots\" content=\"index, follow, max-snippet:-1, max-image-preview:large, max-video-preview:-1\" \/>\n<link rel=\"canonical\" href=\"https:\/\/distribucionarc.com\/pl\/produkty\/elektryczna-gilotyna-do-papieru\/\" \/>\n<meta property=\"og:locale\" content=\"pl_PL\" \/>\n<meta property=\"og:type\" content=\"article\" \/>\n<meta property=\"og:title\" content=\"Cortadora de papel el\u00e9ctrica\u00a0\" \/>\n<meta property=\"og:description\" content=\"Cortadora de papel el\u00e9ctrica Esta guillotina de papel el\u00e9ctrico ARC est\u00e1 fabricada de una placa de acero de alta calidad que asegura alta eficiencia y durabilidad. Cuenta con alimentador de papel tipo H, para un corte preciso: resuelve eficazmente el problema del papel tradicional, con el prensado de resorte es f\u00e1cil de mover y compensar. Protecci\u00f3n fotoel\u00e9ctrica infrarroja, proporciona una protecci\u00f3n completa del entorno de trabajo; es una opci\u00f3n ideal para oficinas, escuelas, papeler\u00edas, iglesias, negocios e imprentas. Garant\u00eda\u00a0ARC 2 A\u00d1OS Guillotina el\u00e9ctrica eficiente, bajo consumo 150w soporte t\u00e9cnico incluido\" \/>\n<meta property=\"og:url\" content=\"https:\/\/distribucionarc.com\/pl\/produkty\/elektryczna-gilotyna-do-papieru\/\" \/>\n<meta property=\"og:site_name\" content=\"distribuci\u00f3n ARC\" \/>\n<meta property=\"article:modified_time\" content=\"2020-10-02T08:27:23+00:00\" \/>\n<meta property=\"og:image\" content=\"https:\/\/distribucionarc.com\/wp-content\/uploads\/2020\/10\/Cortadora-de-papel-el\u00e9ctrica-0.jpg\" \/>\n\t<meta property=\"og:image:width\" content=\"1600\" \/>\n\t<meta property=\"og:image:height\" content=\"1600\" \/>\n\t<meta property=\"og:image:type\" content=\"image\/jpeg\" \/>\n<meta name=\"twitter:card\" content=\"summary_large_image\" \/>\n<meta name=\"twitter:label1\" content=\"Szacowany czas czytania\" \/>\n\t<meta name=\"twitter:data1\" content=\"1 minuta\" \/>\n<script type=\"application\/ld+json\" class=\"yoast-schema-graph\">{\"@context\":\"https:\/\/schema.org\",\"@graph\":[{\"@type\":\"WebPage\",\"@id\":\"https:\/\/distribucionarc.com\/tr\/producto\/cortadora-de-papel-electrica\/\",\"url\":\"https:\/\/distribucionarc.com\/tr\/producto\/cortadora-de-papel-electrica\/\",\"name\":\"Cortadora de papel el\u00e9ctrica\u00a0 - distribuci\u00f3n ARC\",\"isPartOf\":{\"@id\":\"https:\/\/distribucionarc.com\/ro\/#website\"},\"primaryImageOfPage\":{\"@id\":\"https:\/\/distribucionarc.com\/tr\/producto\/cortadora-de-papel-electrica\/#primaryimage\"},\"image\":{\"@id\":\"https:\/\/distribucionarc.com\/tr\/producto\/cortadora-de-papel-electrica\/#primaryimage\"},\"thumbnailUrl\":\"https:\/\/distribucionarc.com\/wp-content\/uploads\/2020\/10\/Cortadora-de-papel-el\u00e9ctrica-0.jpg\",\"datePublished\":\"2020-10-02T08:27:22+00:00\",\"dateModified\":\"2020-10-02T08:27:23+00:00\",\"breadcrumb\":{\"@id\":\"https:\/\/distribucionarc.com\/tr\/producto\/cortadora-de-papel-electrica\/#breadcrumb\"},\"inLanguage\":\"pl-PL\",\"potentialAction\":[{\"@type\":\"ReadAction\",\"target\":[\"https:\/\/distribucionarc.com\/tr\/producto\/cortadora-de-papel-electrica\/\"]}]},{\"@type\":\"ImageObject\",\"inLanguage\":\"pl-PL\",\"@id\":\"https:\/\/distribucionarc.com\/tr\/producto\/cortadora-de-papel-electrica\/#primaryimage\",\"url\":\"https:\/\/distribucionarc.com\/wp-content\/uploads\/2020\/10\/Cortadora-de-papel-el\u00e9ctrica-0.jpg\",\"contentUrl\":\"https:\/\/distribucionarc.com\/wp-content\/uploads\/2020\/10\/Cortadora-de-papel-el\u00e9ctrica-0.jpg\",\"width\":1600,\"height\":1600,\"caption\":\"Cortadora de papel el\u00e9ctrica\u00a0\"},{\"@type\":\"BreadcrumbList\",\"@id\":\"https:\/\/distribucionarc.com\/tr\/producto\/cortadora-de-papel-electrica\/#breadcrumb\",\"itemListElement\":[{\"@type\":\"ListItem\",\"position\":1,\"name\":\"Portada\",\"item\":\"https:\/\/distribucionarc.com\/ar\/\"},{\"@type\":\"ListItem\",\"position\":2,\"name\":\"Proizvodi\",\"item\":\"https:\/\/www.distribucionarc.com\/hr\/ducan\/\"},{\"@type\":\"ListItem\",\"position\":3,\"name\":\"Cortadora de papel el\u00e9ctrica\u00a0\"}]},{\"@type\":\"WebSite\",\"@id\":\"https:\/\/distribucionarc.com\/ro\/#website\",\"url\":\"https:\/\/distribucionarc.com\/ro\/\",\"name\":\"distribuci\u00f3n ARC\",\"description\":\"Empresa especializada en la fabricaci\u00f3n y distribuci\u00f3n de maquinaria industrial, selladoras de latas, Maquinas de hacer pastillas, Maquinas de cortar carne...\",\"publisher\":{\"@id\":\"https:\/\/distribucionarc.com\/ro\/#organization\"},\"potentialAction\":[{\"@type\":\"SearchAction\",\"target\":{\"@type\":\"EntryPoint\",\"urlTemplate\":\"https:\/\/distribucionarc.com\/ro\/?s={search_term_string}\"},\"query-input\":{\"@type\":\"PropertyValueSpecification\",\"valueRequired\":true,\"valueName\":\"search_term_string\"}}],\"inLanguage\":\"pl-PL\"},{\"@type\":\"Organization\",\"@id\":\"https:\/\/distribucionarc.com\/ro\/#organization\",\"name\":\"Distribuci\u00f3n ARC\",\"url\":\"https:\/\/distribucionarc.com\/ro\/\",\"logo\":{\"@type\":\"ImageObject\",\"inLanguage\":\"pl-PL\",\"@id\":\"https:\/\/distribucionarc.com\/ro\/#\/schema\/logo\/image\/\",\"url\":\"https:\/\/distribucionarc.com\/wp-content\/uploads\/2024\/10\/distribucion-ARC-COLOR-SIN-FONDO-e1732295305345.png\",\"contentUrl\":\"https:\/\/distribucionarc.com\/wp-content\/uploads\/2024\/10\/distribucion-ARC-COLOR-SIN-FONDO-e1732295305345.png\",\"width\":1164,\"height\":558,\"caption\":\"Distribuci\u00f3n ARC\"},\"image\":{\"@id\":\"https:\/\/distribucionarc.com\/ro\/#\/schema\/logo\/image\/\"},\"description\":\"Empresa especializada en la fabricaci\u00f3n y distribuci\u00f3n de maquinaria industrial para los sectores alimentario y farmac\u00e9utico. Nos especializamos en: M\u00e1quinas de cortar carne Fabricaci\u00f3n de comprimidos Sistemas de transporte industrial L\u00edneas de embotellado Dosificadores Y mucho m\u00e1s... Ofrecemos soluciones innovadoras y personalizadas para optimizar los procesos productivos de tu empresa.\",\"email\":\"Admistracion@distribucionarc.com\",\"telephone\":\"+34 643496664\",\"legalName\":\"ARC TECH SOLUTIONS\",\"foundingDate\":\"2024-04-09\",\"vatID\":\"B55480172\",\"numberOfEmployees\":{\"@type\":\"QuantitativeValue\",\"minValue\":\"1\",\"maxValue\":\"10\"}}]}<\/script>\n<!-- \/ Yoast SEO Premium plugin. -->","yoast_head_json":{"title":"Elektryczna przecinarka do papieru - dystrybucja ARC","robots":{"index":"index","follow":"follow","max-snippet":"max-snippet:-1","max-image-preview":"max-image-preview:large","max-video-preview":"max-video-preview:-1"},"canonical":"https:\/\/distribucionarc.com\/pl\/produkty\/elektryczna-gilotyna-do-papieru\/","og_locale":"pl_PL","og_type":"article","og_title":"Cortadora de papel el\u00e9ctrica\u00a0","og_description":"Cortadora de papel el\u00e9ctrica Esta guillotina de papel el\u00e9ctrico ARC est\u00e1 fabricada de una placa de acero de alta calidad que asegura alta eficiencia y durabilidad. Cuenta con alimentador de papel tipo H, para un corte preciso: resuelve eficazmente el problema del papel tradicional, con el prensado de resorte es f\u00e1cil de mover y compensar. Protecci\u00f3n fotoel\u00e9ctrica infrarroja, proporciona una protecci\u00f3n completa del entorno de trabajo; es una opci\u00f3n ideal para oficinas, escuelas, papeler\u00edas, iglesias, negocios e imprentas. Garant\u00eda\u00a0ARC 2 A\u00d1OS Guillotina el\u00e9ctrica eficiente, bajo consumo 150w soporte t\u00e9cnico incluido","og_url":"https:\/\/distribucionarc.com\/pl\/produkty\/elektryczna-gilotyna-do-papieru\/","og_site_name":"distribuci\u00f3n ARC","article_modified_time":"2020-10-02T08:27:23+00:00","og_image":[{"width":1600,"height":1600,"url":"https:\/\/distribucionarc.com\/wp-content\/uploads\/2020\/10\/Cortadora-de-papel-el\u00e9ctrica-0.jpg","type":"image\/jpeg"}],"twitter_card":"summary_large_image","twitter_misc":{"Szacowany czas czytania":"1 minuta"},"schema":{"@context":"https:\/\/schema.org","@graph":[{"@type":"WebPage","@id":"https:\/\/distribucionarc.com\/tr\/producto\/cortadora-de-papel-electrica\/","url":"https:\/\/distribucionarc.com\/tr\/producto\/cortadora-de-papel-electrica\/","name":"Elektryczna przecinarka do papieru - dystrybucja ARC","isPartOf":{"@id":"https:\/\/distribucionarc.com\/ro\/#website"},"primaryImageOfPage":{"@id":"https:\/\/distribucionarc.com\/tr\/producto\/cortadora-de-papel-electrica\/#primaryimage"},"image":{"@id":"https:\/\/distribucionarc.com\/tr\/producto\/cortadora-de-papel-electrica\/#primaryimage"},"thumbnailUrl":"https:\/\/distribucionarc.com\/wp-content\/uploads\/2020\/10\/Cortadora-de-papel-el\u00e9ctrica-0.jpg","datePublished":"2020-10-02T08:27:22+00:00","dateModified":"2020-10-02T08:27:23+00:00","breadcrumb":{"@id":"https:\/\/distribucionarc.com\/tr\/producto\/cortadora-de-papel-electrica\/#breadcrumb"},"inLanguage":"pl-PL","potentialAction":[{"@type":"ReadAction","target":["https:\/\/distribucionarc.com\/tr\/producto\/cortadora-de-papel-electrica\/"]}]},{"@type":"ImageObject","inLanguage":"pl-PL","@id":"https:\/\/distribucionarc.com\/tr\/producto\/cortadora-de-papel-electrica\/#primaryimage","url":"https:\/\/distribucionarc.com\/wp-content\/uploads\/2020\/10\/Cortadora-de-papel-el\u00e9ctrica-0.jpg","contentUrl":"https:\/\/distribucionarc.com\/wp-content\/uploads\/2020\/10\/Cortadora-de-papel-el\u00e9ctrica-0.jpg","width":1600,"height":1600,"caption":"Cortadora de papel el\u00e9ctrica\u00a0"},{"@type":"BreadcrumbList","@id":"https:\/\/distribucionarc.com\/tr\/producto\/cortadora-de-papel-electrica\/#breadcrumb","itemListElement":[{"@type":"ListItem","position":1,"name":"Portada","item":"https:\/\/distribucionarc.com\/ar\/"},{"@type":"ListItem","position":2,"name":"Proizvodi","item":"https:\/\/www.distribucionarc.com\/hr\/ducan\/"},{"@type":"ListItem","position":3,"name":"Cortadora de papel el\u00e9ctrica\u00a0"}]},{"@type":"WebSite","@id":"https:\/\/distribucionarc.com\/ro\/#website","url":"https:\/\/distribucionarc.com\/ro\/","name":"Dystrybucja ARC","description":"Firma specjalizuj\u0105ca si\u0119 w produkcji i dystrybucji maszyn przemys\u0142owych, zgrzewarek do puszek, maszyn do produkcji tabletek, maszyn do ci\u0119cia mi\u0119sa...","publisher":{"@id":"https:\/\/distribucionarc.com\/ro\/#organization"},"potentialAction":[{"@type":"SearchAction","target":{"@type":"EntryPoint","urlTemplate":"https:\/\/distribucionarc.com\/ro\/?s={search_term_string}"},"query-input":{"@type":"PropertyValueSpecification","valueRequired":true,"valueName":"search_term_string"}}],"inLanguage":"pl-PL"},{"@type":"Organization","@id":"https:\/\/distribucionarc.com\/ro\/#organization","name":"Dystrybucja ARC","url":"https:\/\/distribucionarc.com\/ro\/","logo":{"@type":"ImageObject","inLanguage":"pl-PL","@id":"https:\/\/distribucionarc.com\/ro\/#\/schema\/logo\/image\/","url":"https:\/\/distribucionarc.com\/wp-content\/uploads\/2024\/10\/distribucion-ARC-COLOR-SIN-FONDO-e1732295305345.png","contentUrl":"https:\/\/distribucionarc.com\/wp-content\/uploads\/2024\/10\/distribucion-ARC-COLOR-SIN-FONDO-e1732295305345.png","width":1164,"height":558,"caption":"Distribuci\u00f3n ARC"},"image":{"@id":"https:\/\/distribucionarc.com\/ro\/#\/schema\/logo\/image\/"},"description":"Firma specjalizuj\u0105ca si\u0119 w produkcji i dystrybucji maszyn przemys\u0142owych dla sektora spo\u017cywczego i farmaceutycznego. Specjalizujemy si\u0119 w: Maszyny do krojenia mi\u0119sa Produkcja tabletek Przemys\u0142owe systemy transportowe Linie butelkuj\u0105ce Dozowniki I wiele wi\u0119cej.... Oferujemy innowacyjne i niestandardowe rozwi\u0105zania w celu optymalizacji proces\u00f3w produkcyjnych w Twojej firmie.","email":"Admistracion@distribucionarc.com","telephone":"+34 643496664","legalName":"ARC TECH SOLUTIONS","foundingDate":"2024-04-09","vatID":"B55480172","numberOfEmployees":{"@type":"QuantitativeValue","minValue":"1","maxValue":"10"}}]}},"_links":{"self":[{"href":"https:\/\/distribucionarc.com\/pl\/wp-json\/wp\/v2\/product\/3415","targetHints":{"allow":["GET"]}}],"collection":[{"href":"https:\/\/distribucionarc.com\/pl\/wp-json\/wp\/v2\/product"}],"about":[{"href":"https:\/\/distribucionarc.com\/pl\/wp-json\/wp\/v2\/types\/product"}],"replies":[{"embeddable":true,"href":"https:\/\/distribucionarc.com\/pl\/wp-json\/wp\/v2\/comments?post=3415"}],"version-history":[{"count":0,"href":"https:\/\/distribucionarc.com\/pl\/wp-json\/wp\/v2\/product\/3415\/revisions"}],"wp:featuredmedia":[{"embeddable":true,"href":"https:\/\/distribucionarc.com\/pl\/wp-json\/wp\/v2\/media\/3421"}],"wp:attachment":[{"href":"https:\/\/distribucionarc.com\/pl\/wp-json\/wp\/v2\/media?parent=3415"}],"wp:term":[{"taxonomy":"product_brand","embeddable":true,"href":"https:\/\/distribucionarc.com\/pl\/wp-json\/wp\/v2\/product_brand?post=3415"},{"taxonomy":"product_cat","embeddable":true,"href":"https:\/\/distribucionarc.com\/pl\/wp-json\/wp\/v2\/product_cat?post=3415"},{"taxonomy":"product_tag","embeddable":true,"href":"https:\/\/distribucionarc.com\/pl\/wp-json\/wp\/v2\/product_tag?post=3415"}],"curies":[{"name":"wp","href":"https:\/\/api.w.org\/{rel}","templated":true}]}}