{"id":3443,"date":"2020-10-02T14:44:31","date_gmt":"2020-10-02T14:44:31","guid":{"rendered":"https:\/\/distribucionarc.com\/?post_type=product&#038;p=3443"},"modified":"2020-10-03T10:37:08","modified_gmt":"2020-10-03T10:37:08","slug":"airless-agregat-do-malowania","status":"publish","type":"product","link":"https:\/\/distribucionarc.com\/pl\/producto\/pulverizador-de-pintura-sin-aire\/","title":{"rendered":"Bezpowietrzny agregat do natryskiwania farby"},"content":{"rendered":"<h3>Bezpowietrzny agregat do natryskiwania farby<\/h3>\n<p>Ten<strong> pistolet do malowania \u015bcian <span style=\"color: #0000ff;\"><span style=\"color: #ff0000;\">DO<\/span>R<\/span>C<\/strong> Wykonany z wysokiej jako\u015bci stali nierdzewnej, jest odporny na rdz\u0119 i trwa\u0142y. Wszystkie elementy zosta\u0142y wykonane tak, aby s\u0142u\u017cy\u0142y przez d\u0142ugi czas.  Odpinana konstrukcja zapewnia szybkie i \u0142atwe czyszczenie po spryskaniu. Dzi\u0119ki funkcji automatycznego zatrzymania ten pistolet do malowania \u015bcian jest r\u00f3wnie\u017c \u0142atwy w obs\u0142udze.<\/p>\n<p>Wyposa\u017cony w super mocny silnik bezszczotkowy o mocy 1650 W <strong>bezpowietrzny pistolet do malowania <span style=\"color: #ff0000;\">DO<\/span><span style=\"color: #0000ff;\">R<\/span>CPPA18<\/strong> zapewnia wysok\u0105 trwa\u0142o\u015b\u0107. Znacznie zwi\u0119ksz wydajno\u015b\u0107 swojej pracy i zaoszcz\u0119d\u017a sw\u00f3j cenny czas. Pow\u0142oka o wy\u017cszej wydajno\u015bci ni\u017c 80% (natrysk powietrzny 30%) pozwala zaoszcz\u0119dzi\u0107 surowiec.<\/p>\n<p>Nasz <strong>pistolet do malowania \u015bcian<\/strong> Ma maksymaln\u0105 \u0142adowno\u015b\u0107, a agregat natryskowy airless nadaje si\u0119 do malowania materia\u0142\u00f3w, w tym farb wodnych i olejnych do wn\u0119trz i na zewn\u0105trz. Wysokie ci\u015bnienie, wysoka przenikalno\u015b\u0107, zwi\u0119kszaj\u0105 mechaniczn\u0105 pow\u0142ok\u0119 zgryzow\u0105 korpusu \u015bciany, lepiej rozwi\u0105zuj\u0105 pow\u0142ok\u0119 p\u0119cherzyk\u00f3w, p\u0119kni\u0119\u0107 i innych problem\u00f3w.<\/p>\n<h6><strong>Gwarancja\u00a0<span style=\"color: #ff0000;\">DO<\/span><span style=\"color: #0000ff;\">R<\/span>C 2 LATA<\/strong><\/h6>\n<h6><span style=\"color: #008000;\"><strong>Wydajny bezpowietrzny pistolet \u015bcienny o niskim zu\u017cyciu energii 1650 W<\/strong><\/span><\/h6>\n<h6><strong>wsparcie techniczne w cenie.<\/strong><\/h6>\n<p>&nbsp;<\/p>\n<table role=\"presentation\" width=\"100%\" cellspacing=\"0\" cellpadding=\"0\">\n<tbody>\n<tr>\n<td class=\"attrLabels\">Marka:<\/td>\n<td width=\"50.0%\">\u0141UK<\/td>\n<\/tr>\n<tr>\n<td class=\"attrLabels\">Kraj dystrybucji:<\/td>\n<td width=\"50.0%\">Hiszpania, Niemcy, USA<\/td>\n<td class=\"attrLabels\">Waga:<\/td>\n<td width=\"50.0%\">18 kg<\/td>\n<\/tr>\n<tr>\n<td class=\"attrLabels\">Rodzaj produktu:<\/td>\n<td width=\"50.0%\">Natrysk bezpowietrzny<\/td>\n<td class=\"attrLabels\">Wysoko\u015b\u0107:<\/td>\n<td width=\"50.0%\">42,5 cm<\/td>\n<\/tr>\n<tr>\n<td class=\"attrLabels\">Kolor:<\/td>\n<td width=\"50.0%\">czerwony, czarny<\/td>\n<td class=\"attrLabels\">D\u0142ugi:<\/td>\n<td width=\"50.0%\">40,8 cm<\/td>\n<\/tr>\n<tr>\n<td class=\"attrLabels\">Numer producenta:<\/td>\n<td width=\"50.0%\">ARCPPA18<\/td>\n<td class=\"attrLabels\">Szeroki:<\/td>\n<td width=\"50.0%\">12&quot;<\/td>\n<\/tr>\n<tr>\n<td class=\"attrLabels\">Gwarancja:<\/td>\n<td width=\"50.0%\">2 lata<\/td>\n<td class=\"attrLabels\">Ci\u015bnienie pistoletu:<\/td>\n<td width=\"50.0%\">2800 psi<\/td>\n<\/tr>\n<tr>\n<td class=\"attrLabels\">Tworzywo:<\/td>\n<td width=\"50.0%\">stal nierdzewna, wydajny silnik<\/td>\n<td class=\"attrLabels\">Odleg\u0142o\u015b\u0107 natryskiwania:<\/td>\n<td width=\"50.0%\">35cm<\/td>\n<\/tr>\n<tr>\n<td class=\"attrLabels\">\u00a0Moc:<\/td>\n<td width=\"50.0%\">1650 W<\/td>\n<td class=\"attrLabels\">Szeroko\u015b\u0107 natrysku:<\/td>\n<td width=\"50.0%\">30cm<\/td>\n<\/tr>\n<tr>\n<td class=\"attrLabels\">Napi\u0119cie wej\u015bciowe:<\/td>\n<td width=\"50.0%\">220 V \u2013 50 Hz<\/td>\n<td class=\"attrLabels\">Przep\u0142yw:<\/td>\n<td width=\"50.0%\">2,3 l na minut\u0119<\/td>\n<\/tr>\n<\/tbody>\n<\/table>\n<p>&nbsp;<\/p>","protected":false},"excerpt":{"rendered":"<h2>Bezpowietrzny agregat do natryskiwania farby<\/h2>\n<p>Ten <strong>pistolet do malowania<\/strong> \u015bciana <strong>duszny<span style=\"color: #ff0000;\"> DO<\/span><span style=\"color: #0000ff;\">R<\/span>C<\/strong> Jest produkowany w technologii o wysokiej wydajno\u015bci. Posiada supermocny silnik bezszczotkowy o mocy 1650 W, wyj\u0105tkowo cichy i zapewniaj\u0105cy d\u0142ug\u0105 \u017cywotno\u015b\u0107. Pier\u015bcie\u0144 uszczelniaj\u0105cy ze sk\u00f3ry bydl\u0119cej, odporny na zu\u017cycie.  Odpinana konstrukcja zapewnia szybkie i \u0142atwe czyszczenie po spryskaniu. Dzi\u0119ki pojemnikowi o pojemno\u015bci 1000 ml nie trzeba cz\u0119sto dodawa\u0107 farby.<\/p>\n<h6><strong>Gwarancja\u00a0<span style=\"color: #ff0000;\">DO<\/span><span style=\"color: #0000ff;\">R<\/span>C 2 LATA<\/strong><\/h6>\n<h6><span style=\"color: #008000;\"><strong>Wydajny bezpowietrzny pistolet \u015bcienny o niskim zu\u017cyciu energii 1650 W<\/strong><\/span><\/h6>\n<h6><strong>wsparcie techniczne w cenie.<\/strong><\/h6>\n<p>&nbsp;<\/p>\n<p>&nbsp;<\/p>","protected":false},"featured_media":3449,"comment_status":"open","ping_status":"closed","template":"","meta":{"wds_primary_product_brand":0,"wds_primary_product_cat":0},"product_brand":[],"product_cat":[71,69],"product_tag":[],"class_list":{"0":"post-3443","1":"product","2":"type-product","3":"status-publish","4":"has-post-thumbnail","6":"product_cat-maquinas-para-pintar","7":"product_cat-maquinas-variadas","8":"product_shipping_class-hosteleria","10":"first","11":"instock","12":"sale","13":"taxable","14":"shipping-taxable","15":"purchasable","16":"product-type-simple"},"yoast_head":"<!-- This site is optimized with the Yoast SEO Premium plugin v24.9 (Yoast SEO v26.1) - https:\/\/yoast.com\/wordpress\/plugins\/seo\/ -->\n<title>Pulverizador de pintura sin aire - distribuci\u00f3n ARC<\/title>\n<meta name=\"robots\" content=\"index, follow, max-snippet:-1, max-image-preview:large, max-video-preview:-1\" \/>\n<link rel=\"canonical\" href=\"https:\/\/www.distribucionarc.com\/pl\/producto\/pulverizador-de-pintura-sin-aire\/\" \/>\n<meta property=\"og:locale\" content=\"pl_PL\" \/>\n<meta property=\"og:type\" content=\"article\" \/>\n<meta property=\"og:title\" content=\"Pulverizador de pintura sin aire\" \/>\n<meta property=\"og:description\" content=\"Pulverizador de pintura sin aire Esta pistola de pintura de pared sin aire ARC est\u00e1 fabricada con tecnolog\u00eda de alta eficiencia. Cuenta con un motor sin escobillas de 1650 W superpotente, ultra silencioso y le asegura una larga vida \u00fatil. Anillo de sello de piel de vaca, resistente al desgaste. \u00a0El dise\u00f1o desmontable ofrece una limpieza r\u00e1pida y sencilla despu\u00e9s de la pulverizaci\u00f3n. Con el recipiente de 1000 ml, no es necesario agregar la pintura con frecuencia. Garant\u00eda\u00a0ARC 2 A\u00d1OS Pistola de pared sin aire eficiente, bajo consumo 1650w soporte t\u00e9cnico incluido. &nbsp;  &nbsp;\" \/>\n<meta property=\"og:url\" content=\"https:\/\/www.distribucionarc.com\/pl\/producto\/pulverizador-de-pintura-sin-aire\/\" \/>\n<meta property=\"og:site_name\" content=\"distribuci\u00f3n ARC\" \/>\n<meta property=\"article:modified_time\" content=\"2020-10-03T10:37:08+00:00\" \/>\n<meta property=\"og:image\" content=\"https:\/\/www.distribucionarc.com\/wp-content\/uploads\/2020\/10\/Pulverizador-de-pintura-sin-aire-0.jpg\" \/>\n\t<meta property=\"og:image:width\" content=\"1001\" \/>\n\t<meta property=\"og:image:height\" content=\"1001\" \/>\n\t<meta property=\"og:image:type\" content=\"image\/jpeg\" \/>\n<meta name=\"twitter:card\" content=\"summary_large_image\" \/>\n<meta name=\"twitter:label1\" content=\"Szacowany czas czytania\" \/>\n\t<meta name=\"twitter:data1\" content=\"1 minuta\" \/>\n<script type=\"application\/ld+json\" class=\"yoast-schema-graph\">{\"@context\":\"https:\/\/schema.org\",\"@graph\":[{\"@type\":\"WebPage\",\"@id\":\"https:\/\/www.distribucionarc.com\/pl\/producto\/pulverizador-de-pintura-sin-aire\/\",\"url\":\"https:\/\/www.distribucionarc.com\/pl\/producto\/pulverizador-de-pintura-sin-aire\/\",\"name\":\"Pulverizador de pintura sin aire - distribuci\u00f3n ARC\",\"isPartOf\":{\"@id\":\"https:\/\/www.distribucionarc.com\/sl\/#website\"},\"primaryImageOfPage\":{\"@id\":\"https:\/\/www.distribucionarc.com\/pl\/producto\/pulverizador-de-pintura-sin-aire\/#primaryimage\"},\"image\":{\"@id\":\"https:\/\/www.distribucionarc.com\/pl\/producto\/pulverizador-de-pintura-sin-aire\/#primaryimage\"},\"thumbnailUrl\":\"https:\/\/distribucionarc.com\/wp-content\/uploads\/2020\/10\/Pulverizador-de-pintura-sin-aire-0.jpg\",\"datePublished\":\"2020-10-02T14:44:31+00:00\",\"dateModified\":\"2020-10-03T10:37:08+00:00\",\"breadcrumb\":{\"@id\":\"https:\/\/www.distribucionarc.com\/pl\/producto\/pulverizador-de-pintura-sin-aire\/#breadcrumb\"},\"inLanguage\":\"pl-PL\",\"potentialAction\":[{\"@type\":\"ReadAction\",\"target\":[\"https:\/\/www.distribucionarc.com\/pl\/producto\/pulverizador-de-pintura-sin-aire\/\"]}]},{\"@type\":\"ImageObject\",\"inLanguage\":\"pl-PL\",\"@id\":\"https:\/\/www.distribucionarc.com\/pl\/producto\/pulverizador-de-pintura-sin-aire\/#primaryimage\",\"url\":\"https:\/\/distribucionarc.com\/wp-content\/uploads\/2020\/10\/Pulverizador-de-pintura-sin-aire-0.jpg\",\"contentUrl\":\"https:\/\/distribucionarc.com\/wp-content\/uploads\/2020\/10\/Pulverizador-de-pintura-sin-aire-0.jpg\",\"width\":1001,\"height\":1001,\"caption\":\"Pulverizador de pintura sin aire\"},{\"@type\":\"BreadcrumbList\",\"@id\":\"https:\/\/www.distribucionarc.com\/pl\/producto\/pulverizador-de-pintura-sin-aire\/#breadcrumb\",\"itemListElement\":[{\"@type\":\"ListItem\",\"position\":1,\"name\":\"Portada\",\"item\":\"https:\/\/www.distribucionarc.com\/\"},{\"@type\":\"ListItem\",\"position\":2,\"name\":\"\u00dcr\u00fcnler\",\"item\":\"https:\/\/www.distribucionarc.com\/tr\/magaza\/\"},{\"@type\":\"ListItem\",\"position\":3,\"name\":\"Pulverizador de pintura sin aire\"}]},{\"@type\":\"WebSite\",\"@id\":\"https:\/\/www.distribucionarc.com\/sl\/#website\",\"url\":\"https:\/\/www.distribucionarc.com\/sl\/\",\"name\":\"distribuci\u00f3n ARC\",\"description\":\"Empresa especializada en la fabricaci\u00f3n y distribuci\u00f3n de maquinaria industrial, selladoras de latas, Maquinas de hacer pastillas, Maquinas de cortar carne...\",\"publisher\":{\"@id\":\"https:\/\/www.distribucionarc.com\/sl\/#organization\"},\"potentialAction\":[{\"@type\":\"SearchAction\",\"target\":{\"@type\":\"EntryPoint\",\"urlTemplate\":\"https:\/\/www.distribucionarc.com\/sl\/?s={search_term_string}\"},\"query-input\":{\"@type\":\"PropertyValueSpecification\",\"valueRequired\":true,\"valueName\":\"search_term_string\"}}],\"inLanguage\":\"pl-PL\"},{\"@type\":\"Organization\",\"@id\":\"https:\/\/www.distribucionarc.com\/sl\/#organization\",\"name\":\"Distribuci\u00f3n ARC\",\"url\":\"https:\/\/www.distribucionarc.com\/sl\/\",\"logo\":{\"@type\":\"ImageObject\",\"inLanguage\":\"pl-PL\",\"@id\":\"https:\/\/www.distribucionarc.com\/sl\/#\/schema\/logo\/image\/\",\"url\":\"https:\/\/distribucionarc.com\/wp-content\/uploads\/2024\/10\/distribucion-ARC-COLOR-SIN-FONDO-e1732295305345.png\",\"contentUrl\":\"https:\/\/distribucionarc.com\/wp-content\/uploads\/2024\/10\/distribucion-ARC-COLOR-SIN-FONDO-e1732295305345.png\",\"width\":1164,\"height\":558,\"caption\":\"Distribuci\u00f3n ARC\"},\"image\":{\"@id\":\"https:\/\/www.distribucionarc.com\/sl\/#\/schema\/logo\/image\/\"},\"description\":\"Empresa especializada en la fabricaci\u00f3n y distribuci\u00f3n de maquinaria industrial para los sectores alimentario y farmac\u00e9utico. Nos especializamos en: M\u00e1quinas de cortar carne Fabricaci\u00f3n de comprimidos Sistemas de transporte industrial L\u00edneas de embotellado Dosificadores Y mucho m\u00e1s... Ofrecemos soluciones innovadoras y personalizadas para optimizar los procesos productivos de tu empresa.\",\"email\":\"Admistracion@distribucionarc.com\",\"telephone\":\"+34 643496664\",\"legalName\":\"ARC TECH SOLUTIONS\",\"foundingDate\":\"2024-04-09\",\"vatID\":\"B55480172\",\"numberOfEmployees\":{\"@type\":\"QuantitativeValue\",\"minValue\":\"1\",\"maxValue\":\"10\"}}]}<\/script>\n<!-- \/ Yoast SEO Premium plugin. -->","yoast_head_json":{"title":"Bezpowietrzny agregat malarski - dystrybucja ARC","robots":{"index":"index","follow":"follow","max-snippet":"max-snippet:-1","max-image-preview":"max-image-preview:large","max-video-preview":"max-video-preview:-1"},"canonical":"https:\/\/www.distribucionarc.com\/pl\/producto\/pulverizador-de-pintura-sin-aire\/","og_locale":"pl_PL","og_type":"article","og_title":"Pulverizador de pintura sin aire","og_description":"Pulverizador de pintura sin aire Esta pistola de pintura de pared sin aire ARC est\u00e1 fabricada con tecnolog\u00eda de alta eficiencia. Cuenta con un motor sin escobillas de 1650 W superpotente, ultra silencioso y le asegura una larga vida \u00fatil. Anillo de sello de piel de vaca, resistente al desgaste. \u00a0El dise\u00f1o desmontable ofrece una limpieza r\u00e1pida y sencilla despu\u00e9s de la pulverizaci\u00f3n. Con el recipiente de 1000 ml, no es necesario agregar la pintura con frecuencia. Garant\u00eda\u00a0ARC 2 A\u00d1OS Pistola de pared sin aire eficiente, bajo consumo 1650w soporte t\u00e9cnico incluido. &nbsp;  &nbsp;","og_url":"https:\/\/www.distribucionarc.com\/pl\/producto\/pulverizador-de-pintura-sin-aire\/","og_site_name":"distribuci\u00f3n ARC","article_modified_time":"2020-10-03T10:37:08+00:00","og_image":[{"width":1001,"height":1001,"url":"https:\/\/www.distribucionarc.com\/wp-content\/uploads\/2020\/10\/Pulverizador-de-pintura-sin-aire-0.jpg","type":"image\/jpeg"}],"twitter_card":"summary_large_image","twitter_misc":{"Szacowany czas czytania":"1 minuta"},"schema":{"@context":"https:\/\/schema.org","@graph":[{"@type":"WebPage","@id":"https:\/\/www.distribucionarc.com\/pl\/producto\/pulverizador-de-pintura-sin-aire\/","url":"https:\/\/www.distribucionarc.com\/pl\/producto\/pulverizador-de-pintura-sin-aire\/","name":"Bezpowietrzny agregat malarski - dystrybucja ARC","isPartOf":{"@id":"https:\/\/www.distribucionarc.com\/sl\/#website"},"primaryImageOfPage":{"@id":"https:\/\/www.distribucionarc.com\/pl\/producto\/pulverizador-de-pintura-sin-aire\/#primaryimage"},"image":{"@id":"https:\/\/www.distribucionarc.com\/pl\/producto\/pulverizador-de-pintura-sin-aire\/#primaryimage"},"thumbnailUrl":"https:\/\/distribucionarc.com\/wp-content\/uploads\/2020\/10\/Pulverizador-de-pintura-sin-aire-0.jpg","datePublished":"2020-10-02T14:44:31+00:00","dateModified":"2020-10-03T10:37:08+00:00","breadcrumb":{"@id":"https:\/\/www.distribucionarc.com\/pl\/producto\/pulverizador-de-pintura-sin-aire\/#breadcrumb"},"inLanguage":"pl-PL","potentialAction":[{"@type":"ReadAction","target":["https:\/\/www.distribucionarc.com\/pl\/producto\/pulverizador-de-pintura-sin-aire\/"]}]},{"@type":"ImageObject","inLanguage":"pl-PL","@id":"https:\/\/www.distribucionarc.com\/pl\/producto\/pulverizador-de-pintura-sin-aire\/#primaryimage","url":"https:\/\/distribucionarc.com\/wp-content\/uploads\/2020\/10\/Pulverizador-de-pintura-sin-aire-0.jpg","contentUrl":"https:\/\/distribucionarc.com\/wp-content\/uploads\/2020\/10\/Pulverizador-de-pintura-sin-aire-0.jpg","width":1001,"height":1001,"caption":"Pulverizador de pintura sin aire"},{"@type":"BreadcrumbList","@id":"https:\/\/www.distribucionarc.com\/pl\/producto\/pulverizador-de-pintura-sin-aire\/#breadcrumb","itemListElement":[{"@type":"ListItem","position":1,"name":"Portada","item":"https:\/\/www.distribucionarc.com\/"},{"@type":"ListItem","position":2,"name":"\u00dcr\u00fcnler","item":"https:\/\/www.distribucionarc.com\/tr\/magaza\/"},{"@type":"ListItem","position":3,"name":"Pulverizador de pintura sin aire"}]},{"@type":"WebSite","@id":"https:\/\/www.distribucionarc.com\/sl\/#website","url":"https:\/\/www.distribucionarc.com\/sl\/","name":"Dystrybucja ARC","description":"Firma specjalizuj\u0105ca si\u0119 w produkcji i dystrybucji maszyn przemys\u0142owych, zgrzewarek do puszek, maszyn do produkcji tabletek, maszyn do ci\u0119cia mi\u0119sa...","publisher":{"@id":"https:\/\/www.distribucionarc.com\/sl\/#organization"},"potentialAction":[{"@type":"SearchAction","target":{"@type":"EntryPoint","urlTemplate":"https:\/\/www.distribucionarc.com\/sl\/?s={search_term_string}"},"query-input":{"@type":"PropertyValueSpecification","valueRequired":true,"valueName":"search_term_string"}}],"inLanguage":"pl-PL"},{"@type":"Organization","@id":"https:\/\/www.distribucionarc.com\/sl\/#organization","name":"Dystrybucja ARC","url":"https:\/\/www.distribucionarc.com\/sl\/","logo":{"@type":"ImageObject","inLanguage":"pl-PL","@id":"https:\/\/www.distribucionarc.com\/sl\/#\/schema\/logo\/image\/","url":"https:\/\/distribucionarc.com\/wp-content\/uploads\/2024\/10\/distribucion-ARC-COLOR-SIN-FONDO-e1732295305345.png","contentUrl":"https:\/\/distribucionarc.com\/wp-content\/uploads\/2024\/10\/distribucion-ARC-COLOR-SIN-FONDO-e1732295305345.png","width":1164,"height":558,"caption":"Distribuci\u00f3n ARC"},"image":{"@id":"https:\/\/www.distribucionarc.com\/sl\/#\/schema\/logo\/image\/"},"description":"Firma specjalizuj\u0105ca si\u0119 w produkcji i dystrybucji maszyn przemys\u0142owych dla sektora spo\u017cywczego i farmaceutycznego. Specjalizujemy si\u0119 w: Maszyny do krojenia mi\u0119sa Produkcja tabletek Przemys\u0142owe systemy transportowe Linie butelkuj\u0105ce Dozowniki I wiele wi\u0119cej.... Oferujemy innowacyjne i niestandardowe rozwi\u0105zania w celu optymalizacji proces\u00f3w produkcyjnych w Twojej firmie.","email":"Admistracion@distribucionarc.com","telephone":"+34 643496664","legalName":"ARC TECH SOLUTIONS","foundingDate":"2024-04-09","vatID":"B55480172","numberOfEmployees":{"@type":"QuantitativeValue","minValue":"1","maxValue":"10"}}]}},"_links":{"self":[{"href":"https:\/\/distribucionarc.com\/pl\/wp-json\/wp\/v2\/product\/3443","targetHints":{"allow":["GET"]}}],"collection":[{"href":"https:\/\/distribucionarc.com\/pl\/wp-json\/wp\/v2\/product"}],"about":[{"href":"https:\/\/distribucionarc.com\/pl\/wp-json\/wp\/v2\/types\/product"}],"replies":[{"embeddable":true,"href":"https:\/\/distribucionarc.com\/pl\/wp-json\/wp\/v2\/comments?post=3443"}],"version-history":[{"count":0,"href":"https:\/\/distribucionarc.com\/pl\/wp-json\/wp\/v2\/product\/3443\/revisions"}],"wp:featuredmedia":[{"embeddable":true,"href":"https:\/\/distribucionarc.com\/pl\/wp-json\/wp\/v2\/media\/3449"}],"wp:attachment":[{"href":"https:\/\/distribucionarc.com\/pl\/wp-json\/wp\/v2\/media?parent=3443"}],"wp:term":[{"taxonomy":"product_brand","embeddable":true,"href":"https:\/\/distribucionarc.com\/pl\/wp-json\/wp\/v2\/product_brand?post=3443"},{"taxonomy":"product_cat","embeddable":true,"href":"https:\/\/distribucionarc.com\/pl\/wp-json\/wp\/v2\/product_cat?post=3443"},{"taxonomy":"product_tag","embeddable":true,"href":"https:\/\/distribucionarc.com\/pl\/wp-json\/wp\/v2\/product_tag?post=3443"}],"curies":[{"name":"wp","href":"https:\/\/api.w.org\/{rel}","templated":true}]}}