{"id":3592,"date":"2020-10-05T11:45:53","date_gmt":"2020-10-05T11:45:53","guid":{"rendered":"https:\/\/distribucionarc.com\/?post_type=product&#038;p=3592"},"modified":"2020-10-05T11:46:57","modified_gmt":"2020-10-05T11:46:57","slug":"polautomatyczna-zaklejarka-puszek-53mm","status":"publish","type":"product","link":"https:\/\/distribucionarc.com\/pl\/producto\/selladora-de-latas-semiautomatica-53mm\/","title":{"rendered":"P\u00f3\u0142automatyczna zgrzewarka do puszek 53mm"},"content":{"rendered":"<h3>P\u00f3\u0142automatyczna zgrzewarka do puszek 53mm<\/h3>\n<p>Ten\u00a0<strong>mo\u017ce kapowa\u0107\u00a0<span style=\"color: #ff0000;\">DO<\/span><span style=\"color: #0000ff;\">R<\/span>C<\/strong>\u00a0Wykonany jest z najwy\u017cszej jako\u015bci stali w\u0119glowej, kt\u00f3ra gwarantuje trwa\u0142o\u015b\u0107. Powierzchnia skorupy jest pokryta malowanym proszkowo tworzywem sztucznym, kt\u00f3re jest \u015bcierne, odporne na rdz\u0119 i korozj\u0119.<\/p>\n<p>Sterowanie zakr\u0119caniem odbywa si\u0119 r\u0119cznie. Uchwyt mo\u017cna regulowa\u0107 za pomoc\u0105 wa\u0142ka regulacji wysoko\u015bci, dopasowuj\u0105c go do puszek o r\u00f3\u017cnych wysoko\u015bciach, zakres wysoko\u015bci wynosi 11,5\u2013603 mm. \u015arednica 53 mm.<\/p>\n<p>The\u00a0<strong>kliper<\/strong>\u00a0z\u00a0<strong><span style=\"color: #ff0000;\">DO<\/span><span style=\"color: #0000ff;\">R<\/span>CSLA53<\/strong>\u00a0Posiada dwa tryby zgrzewania, jeden, w kt\u00f3rym zgrzewanie jest automatyczne, i drugi, w kt\u00f3rym mo\u017cna kontrolowa\u0107 proces zgrzewania za pomoc\u0105 prze\u0142\u0105cznika punktowego<\/p>\n<p>Silnik z podw\u00f3jnym rdzeniem miedzianym w znacznym stopniu przyczynia si\u0119 do\u00a0<strong>bardzo wydajna praca<\/strong>\u00a0maszyny zamykaj\u0105cej puszki. Silniki o du\u017cej mocy poprawiaj\u0105 wydajno\u015b\u0107.<\/p>\n<p>Ten\u00a0<strong>automatyczna zgrzewarka do puszek<\/strong>\u00a0dla niego\u00a0<strong>profesjonalna konserwacja<\/strong>\u00a0Doskonale nadaje si\u0119 do wszystkich typ\u00f3w puszek papierowych, \u017celaznych, blaszanych i plastikowych, do zamykania wieczek blaszanych, aluminiowych oraz puszek pop.<\/p>\n<h6><strong>Gwarancja\u00a0<span style=\"color: #ff0000;\">DO<\/span><span style=\"color: #0000ff;\">R<\/span>C 2 LATA<\/strong><\/h6>\n<h6><span style=\"color: #008000;\">\u00a0Wydajna automatyczna zgrzewarka do puszek, niskie zu\u017cycie energii 330W<\/span><\/h6>\n<h6><strong>wsparcie techniczne w cenie<\/strong><\/h6>\n<p>&nbsp;<\/p>\n<table role=\"presentation\" width=\"100%\" cellspacing=\"0\" cellpadding=\"0\">\n<tbody>\n<tr>\n<td class=\"attrLabels\">Marka:<\/td>\n<td width=\"50.0%\">\u0141UK<\/td>\n<\/tr>\n<tr>\n<td class=\"attrLabels\">Kraj dystrybucji:<\/td>\n<td width=\"50.0%\">Hiszpania, Niemcy, USA<\/td>\n<td class=\"attrLabels\">Waga:<\/td>\n<td width=\"50.0%\">31 kg<\/td>\n<\/tr>\n<tr>\n<td class=\"attrLabels\">Marka:<\/td>\n<td width=\"50.0%\">\u0141UK<\/td>\n<td class=\"attrLabels\">Wysoko\u015b\u0107:<\/td>\n<td width=\"50.0%\">76,5 cm<\/td>\n<\/tr>\n<tr>\n<td class=\"attrLabels\">Kolor:<\/td>\n<td width=\"50.0%\">Srebrny<\/td>\n<td class=\"attrLabels\">D\u0142ugi:<\/td>\n<td width=\"50.0%\">35cm<\/td>\n<\/tr>\n<tr>\n<td class=\"attrLabels\">Rodzaj produktu:<\/td>\n<td width=\"50.0%\">P\u00f3\u0142automatyczna zgrzewarka do puszek<\/td>\n<td class=\"attrLabels\">Szeroki:<\/td>\n<td width=\"50.0%\">45cm<\/td>\n<\/tr>\n<tr>\n<td class=\"attrLabels\">Numer producenta:<\/td>\n<td width=\"50.0%\">ARCSLA53<\/td>\n<td class=\"attrLabels\">Moc:<\/td>\n<td width=\"50.0%\">330 W<\/td>\n<\/tr>\n<tr>\n<td class=\"attrLabels\">Tworzywo:<\/td>\n<td width=\"50.0%\">stal w\u0119glowa, silnik miedziany<\/td>\n<td class=\"attrLabels\">napi\u0119cie wej\u015bciowe<\/td>\n<td width=\"50.0%\">220 V \u2013 60 Hz<\/td>\n<\/tr>\n<tr>\n<td class=\"attrLabels\">Gwarancja:<\/td>\n<td width=\"50.0%\">\u00a0 2 lata<\/td>\n<td class=\"attrLabels\">Szybko\u015b\u0107 pakowania:<\/td>\n<td width=\"50.0%\">20 \u2013 40 sztuk na minut\u0119<\/td>\n<\/tr>\n<tr>\n<td class=\"attrLabels\">Narz\u0119dzia instalacyjne:<\/td>\n<td width=\"50.0%\">Tak<\/td>\n<td class=\"attrLabels\">\u00a0Zakres wysoko\u015bci puszki:<\/td>\n<td width=\"50.0%\">11,5 \u2013 605 mm<\/td>\n<\/tr>\n<\/tbody>\n<\/table>","protected":false},"excerpt":{"rendered":"<h2>P\u00f3\u0142automatyczna zgrzewarka do puszek 53mm<\/h2>\n<p>The\u00a0<strong>elektryczna zgrzewarka do puszek<\/strong>\u00a0z<span style=\"color: #ff0000;\">\u00a0<\/span><strong><span style=\"color: #ff0000;\">DO<\/span><span style=\"color: #0000ff;\">R<\/span>C<\/strong>\u00a0Nadaje si\u0119 do wszystkich rodzaj\u00f3w\u00a0<strong>\u017celazne puszki<\/strong>,\u00a0<strong>plastikowy<\/strong>,\u00a0<strong>cyna<\/strong>\u00a0I\u00a0<strong>papier<\/strong>, zwi\u0119ksz swoj\u0105 produkcj\u0119 przy minimalnym wysi\u0142ku, znacznie poprawiaj\u0105c wydajno\u015b\u0107 pracy. z\u00a0<strong>najlepsza jako\u015b\u0107<\/strong>\u00a0I\u00a0<strong>\u0142atwy w obs\u0142udze<\/strong>. Jest to idealny sprz\u0119t dla bran\u017cy spo\u017cywczej, napoj\u00f3w, herbacianej i innych niezb\u0119dnych ga\u0142\u0119zi przemys\u0142u.<\/p>\n<h6><strong>Gwarancja\u00a0<span style=\"color: #ff0000;\">DO<\/span><span style=\"color: #0000ff;\">R<\/span>C 2 LATA<\/strong><\/h6>\n<h6><span style=\"color: #008000;\">\u00a0Wydajna automatyczna zgrzewarka do puszek, niskie zu\u017cycie energii 330W<\/span><\/h6>\n<h6><strong>wsparcie techniczne w cenie<\/strong><\/h6>","protected":false},"featured_media":3594,"comment_status":"open","ping_status":"closed","template":"","meta":{"wds_primary_product_brand":0,"wds_primary_product_cat":0},"product_brand":[],"product_cat":[62],"product_tag":[],"class_list":{"0":"post-3592","1":"product","2":"type-product","3":"status-publish","4":"has-post-thumbnail","6":"product_cat-selladoras-de-latas","7":"product_shipping_class-express","9":"first","10":"instock","11":"sale","12":"taxable","13":"shipping-taxable","14":"purchasable","15":"product-type-simple"},"yoast_head":"<!-- This site is optimized with the Yoast SEO Premium plugin v24.9 (Yoast SEO v26.1) - https:\/\/yoast.com\/wordpress\/plugins\/seo\/ -->\n<title>Selladora de latas semiautom\u00e1tica 53mm - distribuci\u00f3n ARC<\/title>\n<meta name=\"robots\" content=\"index, follow, max-snippet:-1, max-image-preview:large, max-video-preview:-1\" \/>\n<link rel=\"canonical\" href=\"https:\/\/www.distribucionarc.com\/tr\/producto\/selladora-de-latas-semiautomatica-53mm\/\" \/>\n<meta property=\"og:locale\" content=\"pl_PL\" \/>\n<meta property=\"og:type\" content=\"article\" \/>\n<meta property=\"og:title\" content=\"Selladora de latas semiautom\u00e1tica 53mm\" \/>\n<meta property=\"og:description\" content=\"Selladora de latas semiautom\u00e1tica 53mm La\u00a0cerradora de latas el\u00e9ctrica\u00a0de\u00a0ARC\u00a0es adecuada para todo tipo de\u00a0latas de hierro,\u00a0pl\u00e1stico,\u00a0esta\u00f1o\u00a0y\u00a0papel, aumente su producci\u00f3n con el m\u00ednimo esfuerzo, mejorando en gran medida la eficiencia del trabajo. De la\u00a0mejor calidad\u00a0y\u00a0sencilla de accionar. Es el equipo ideal para las industrias de\u00a0alimentos,\u00a0bebidas, t\u00e9 y otras industrias esenciales. Garant\u00eda\u00a0ARC 2 A\u00d1OS \u00a0Selladora para latas autom\u00e1tica eficiente, bajo consumo 330w soporte t\u00e9cnico incluido\" \/>\n<meta property=\"og:url\" content=\"https:\/\/www.distribucionarc.com\/tr\/producto\/selladora-de-latas-semiautomatica-53mm\/\" \/>\n<meta property=\"og:site_name\" content=\"distribuci\u00f3n ARC\" \/>\n<meta property=\"article:modified_time\" content=\"2020-10-05T11:46:57+00:00\" \/>\n<meta property=\"og:image\" content=\"https:\/\/distribucionarc.com\/wp-content\/uploads\/2020\/10\/Selladora-de-latas-semi-autom\u00e1tica-53mm-0.jpg\" \/>\n\t<meta property=\"og:image:width\" content=\"1133\" \/>\n\t<meta property=\"og:image:height\" content=\"1600\" \/>\n\t<meta property=\"og:image:type\" content=\"image\/jpeg\" \/>\n<meta name=\"twitter:card\" content=\"summary_large_image\" \/>\n<meta name=\"twitter:label1\" content=\"Szacowany czas czytania\" \/>\n\t<meta name=\"twitter:data1\" content=\"1 minuta\" \/>\n<script type=\"application\/ld+json\" class=\"yoast-schema-graph\">{\"@context\":\"https:\/\/schema.org\",\"@graph\":[{\"@type\":\"WebPage\",\"@id\":\"https:\/\/www.distribucionarc.com\/tr\/producto\/selladora-de-latas-semiautomatica-53mm\/\",\"url\":\"https:\/\/www.distribucionarc.com\/tr\/producto\/selladora-de-latas-semiautomatica-53mm\/\",\"name\":\"Selladora de latas semiautom\u00e1tica 53mm - distribuci\u00f3n ARC\",\"isPartOf\":{\"@id\":\"https:\/\/distribucionarc.com\/ro\/#website\"},\"primaryImageOfPage\":{\"@id\":\"https:\/\/www.distribucionarc.com\/tr\/producto\/selladora-de-latas-semiautomatica-53mm\/#primaryimage\"},\"image\":{\"@id\":\"https:\/\/www.distribucionarc.com\/tr\/producto\/selladora-de-latas-semiautomatica-53mm\/#primaryimage\"},\"thumbnailUrl\":\"https:\/\/distribucionarc.com\/wp-content\/uploads\/2020\/10\/Selladora-de-latas-semi-autom\u00e1tica-53mm-0.jpg\",\"datePublished\":\"2020-10-05T11:45:53+00:00\",\"dateModified\":\"2020-10-05T11:46:57+00:00\",\"breadcrumb\":{\"@id\":\"https:\/\/www.distribucionarc.com\/tr\/producto\/selladora-de-latas-semiautomatica-53mm\/#breadcrumb\"},\"inLanguage\":\"pl-PL\",\"potentialAction\":[{\"@type\":\"ReadAction\",\"target\":[\"https:\/\/www.distribucionarc.com\/tr\/producto\/selladora-de-latas-semiautomatica-53mm\/\"]}]},{\"@type\":\"ImageObject\",\"inLanguage\":\"pl-PL\",\"@id\":\"https:\/\/www.distribucionarc.com\/tr\/producto\/selladora-de-latas-semiautomatica-53mm\/#primaryimage\",\"url\":\"https:\/\/distribucionarc.com\/wp-content\/uploads\/2020\/10\/Selladora-de-latas-semi-autom\u00e1tica-53mm-0.jpg\",\"contentUrl\":\"https:\/\/distribucionarc.com\/wp-content\/uploads\/2020\/10\/Selladora-de-latas-semi-autom\u00e1tica-53mm-0.jpg\",\"width\":1133,\"height\":1600,\"caption\":\"Selladora de latas semiautom\u00e1tica 53mm\"},{\"@type\":\"BreadcrumbList\",\"@id\":\"https:\/\/www.distribucionarc.com\/tr\/producto\/selladora-de-latas-semiautomatica-53mm\/#breadcrumb\",\"itemListElement\":[{\"@type\":\"ListItem\",\"position\":1,\"name\":\"Portada\",\"item\":\"https:\/\/distribucionarc.com\/ar\/\"},{\"@type\":\"ListItem\",\"position\":2,\"name\":\"Proizvodi\",\"item\":\"https:\/\/www.distribucionarc.com\/hr\/ducan\/\"},{\"@type\":\"ListItem\",\"position\":3,\"name\":\"Selladora de latas semiautom\u00e1tica 53mm\"}]},{\"@type\":\"WebSite\",\"@id\":\"https:\/\/distribucionarc.com\/ro\/#website\",\"url\":\"https:\/\/distribucionarc.com\/ro\/\",\"name\":\"distribuci\u00f3n ARC\",\"description\":\"Empresa especializada en la fabricaci\u00f3n y distribuci\u00f3n de maquinaria industrial, selladoras de latas, Maquinas de hacer pastillas, Maquinas de cortar carne...\",\"publisher\":{\"@id\":\"https:\/\/distribucionarc.com\/ro\/#organization\"},\"potentialAction\":[{\"@type\":\"SearchAction\",\"target\":{\"@type\":\"EntryPoint\",\"urlTemplate\":\"https:\/\/distribucionarc.com\/ro\/?s={search_term_string}\"},\"query-input\":{\"@type\":\"PropertyValueSpecification\",\"valueRequired\":true,\"valueName\":\"search_term_string\"}}],\"inLanguage\":\"pl-PL\"},{\"@type\":\"Organization\",\"@id\":\"https:\/\/distribucionarc.com\/ro\/#organization\",\"name\":\"Distribuci\u00f3n ARC\",\"url\":\"https:\/\/distribucionarc.com\/ro\/\",\"logo\":{\"@type\":\"ImageObject\",\"inLanguage\":\"pl-PL\",\"@id\":\"https:\/\/distribucionarc.com\/ro\/#\/schema\/logo\/image\/\",\"url\":\"https:\/\/distribucionarc.com\/wp-content\/uploads\/2024\/10\/distribucion-ARC-COLOR-SIN-FONDO-e1732295305345.png\",\"contentUrl\":\"https:\/\/distribucionarc.com\/wp-content\/uploads\/2024\/10\/distribucion-ARC-COLOR-SIN-FONDO-e1732295305345.png\",\"width\":1164,\"height\":558,\"caption\":\"Distribuci\u00f3n ARC\"},\"image\":{\"@id\":\"https:\/\/distribucionarc.com\/ro\/#\/schema\/logo\/image\/\"},\"description\":\"Empresa especializada en la fabricaci\u00f3n y distribuci\u00f3n de maquinaria industrial para los sectores alimentario y farmac\u00e9utico. Nos especializamos en: M\u00e1quinas de cortar carne Fabricaci\u00f3n de comprimidos Sistemas de transporte industrial L\u00edneas de embotellado Dosificadores Y mucho m\u00e1s... Ofrecemos soluciones innovadoras y personalizadas para optimizar los procesos productivos de tu empresa.\",\"email\":\"Admistracion@distribucionarc.com\",\"telephone\":\"+34 643496664\",\"legalName\":\"ARC TECH SOLUTIONS\",\"foundingDate\":\"2024-04-09\",\"vatID\":\"B55480172\",\"numberOfEmployees\":{\"@type\":\"QuantitativeValue\",\"minValue\":\"1\",\"maxValue\":\"10\"}}]}<\/script>\n<!-- \/ Yoast SEO Premium plugin. -->","yoast_head_json":{"title":"P\u00f3\u0142automatyczna zgrzewarka do puszek 53mm - dystrybucja ARC","robots":{"index":"index","follow":"follow","max-snippet":"max-snippet:-1","max-image-preview":"max-image-preview:large","max-video-preview":"max-video-preview:-1"},"canonical":"https:\/\/www.distribucionarc.com\/tr\/producto\/selladora-de-latas-semiautomatica-53mm\/","og_locale":"pl_PL","og_type":"article","og_title":"Selladora de latas semiautom\u00e1tica 53mm","og_description":"Selladora de latas semiautom\u00e1tica 53mm La\u00a0cerradora de latas el\u00e9ctrica\u00a0de\u00a0ARC\u00a0es adecuada para todo tipo de\u00a0latas de hierro,\u00a0pl\u00e1stico,\u00a0esta\u00f1o\u00a0y\u00a0papel, aumente su producci\u00f3n con el m\u00ednimo esfuerzo, mejorando en gran medida la eficiencia del trabajo. De la\u00a0mejor calidad\u00a0y\u00a0sencilla de accionar. Es el equipo ideal para las industrias de\u00a0alimentos,\u00a0bebidas, t\u00e9 y otras industrias esenciales. Garant\u00eda\u00a0ARC 2 A\u00d1OS \u00a0Selladora para latas autom\u00e1tica eficiente, bajo consumo 330w soporte t\u00e9cnico incluido","og_url":"https:\/\/www.distribucionarc.com\/tr\/producto\/selladora-de-latas-semiautomatica-53mm\/","og_site_name":"distribuci\u00f3n ARC","article_modified_time":"2020-10-05T11:46:57+00:00","og_image":[{"width":1133,"height":1600,"url":"https:\/\/distribucionarc.com\/wp-content\/uploads\/2020\/10\/Selladora-de-latas-semi-autom\u00e1tica-53mm-0.jpg","type":"image\/jpeg"}],"twitter_card":"summary_large_image","twitter_misc":{"Szacowany czas czytania":"1 minuta"},"schema":{"@context":"https:\/\/schema.org","@graph":[{"@type":"WebPage","@id":"https:\/\/www.distribucionarc.com\/tr\/producto\/selladora-de-latas-semiautomatica-53mm\/","url":"https:\/\/www.distribucionarc.com\/tr\/producto\/selladora-de-latas-semiautomatica-53mm\/","name":"P\u00f3\u0142automatyczna zgrzewarka do puszek 53mm - dystrybucja ARC","isPartOf":{"@id":"https:\/\/distribucionarc.com\/ro\/#website"},"primaryImageOfPage":{"@id":"https:\/\/www.distribucionarc.com\/tr\/producto\/selladora-de-latas-semiautomatica-53mm\/#primaryimage"},"image":{"@id":"https:\/\/www.distribucionarc.com\/tr\/producto\/selladora-de-latas-semiautomatica-53mm\/#primaryimage"},"thumbnailUrl":"https:\/\/distribucionarc.com\/wp-content\/uploads\/2020\/10\/Selladora-de-latas-semi-autom\u00e1tica-53mm-0.jpg","datePublished":"2020-10-05T11:45:53+00:00","dateModified":"2020-10-05T11:46:57+00:00","breadcrumb":{"@id":"https:\/\/www.distribucionarc.com\/tr\/producto\/selladora-de-latas-semiautomatica-53mm\/#breadcrumb"},"inLanguage":"pl-PL","potentialAction":[{"@type":"ReadAction","target":["https:\/\/www.distribucionarc.com\/tr\/producto\/selladora-de-latas-semiautomatica-53mm\/"]}]},{"@type":"ImageObject","inLanguage":"pl-PL","@id":"https:\/\/www.distribucionarc.com\/tr\/producto\/selladora-de-latas-semiautomatica-53mm\/#primaryimage","url":"https:\/\/distribucionarc.com\/wp-content\/uploads\/2020\/10\/Selladora-de-latas-semi-autom\u00e1tica-53mm-0.jpg","contentUrl":"https:\/\/distribucionarc.com\/wp-content\/uploads\/2020\/10\/Selladora-de-latas-semi-autom\u00e1tica-53mm-0.jpg","width":1133,"height":1600,"caption":"Selladora de latas semiautom\u00e1tica 53mm"},{"@type":"BreadcrumbList","@id":"https:\/\/www.distribucionarc.com\/tr\/producto\/selladora-de-latas-semiautomatica-53mm\/#breadcrumb","itemListElement":[{"@type":"ListItem","position":1,"name":"Portada","item":"https:\/\/distribucionarc.com\/ar\/"},{"@type":"ListItem","position":2,"name":"Proizvodi","item":"https:\/\/www.distribucionarc.com\/hr\/ducan\/"},{"@type":"ListItem","position":3,"name":"Selladora de latas semiautom\u00e1tica 53mm"}]},{"@type":"WebSite","@id":"https:\/\/distribucionarc.com\/ro\/#website","url":"https:\/\/distribucionarc.com\/ro\/","name":"Dystrybucja ARC","description":"Firma specjalizuj\u0105ca si\u0119 w produkcji i dystrybucji maszyn przemys\u0142owych, zgrzewarek do puszek, maszyn do produkcji tabletek, maszyn do ci\u0119cia mi\u0119sa...","publisher":{"@id":"https:\/\/distribucionarc.com\/ro\/#organization"},"potentialAction":[{"@type":"SearchAction","target":{"@type":"EntryPoint","urlTemplate":"https:\/\/distribucionarc.com\/ro\/?s={search_term_string}"},"query-input":{"@type":"PropertyValueSpecification","valueRequired":true,"valueName":"search_term_string"}}],"inLanguage":"pl-PL"},{"@type":"Organization","@id":"https:\/\/distribucionarc.com\/ro\/#organization","name":"Dystrybucja ARC","url":"https:\/\/distribucionarc.com\/ro\/","logo":{"@type":"ImageObject","inLanguage":"pl-PL","@id":"https:\/\/distribucionarc.com\/ro\/#\/schema\/logo\/image\/","url":"https:\/\/distribucionarc.com\/wp-content\/uploads\/2024\/10\/distribucion-ARC-COLOR-SIN-FONDO-e1732295305345.png","contentUrl":"https:\/\/distribucionarc.com\/wp-content\/uploads\/2024\/10\/distribucion-ARC-COLOR-SIN-FONDO-e1732295305345.png","width":1164,"height":558,"caption":"Distribuci\u00f3n ARC"},"image":{"@id":"https:\/\/distribucionarc.com\/ro\/#\/schema\/logo\/image\/"},"description":"Firma specjalizuj\u0105ca si\u0119 w produkcji i dystrybucji maszyn przemys\u0142owych dla sektora spo\u017cywczego i farmaceutycznego. Specjalizujemy si\u0119 w: Maszyny do krojenia mi\u0119sa Produkcja tabletek Przemys\u0142owe systemy transportowe Linie butelkuj\u0105ce Dozowniki I wiele wi\u0119cej.... Oferujemy innowacyjne i niestandardowe rozwi\u0105zania w celu optymalizacji proces\u00f3w produkcyjnych w Twojej firmie.","email":"Admistracion@distribucionarc.com","telephone":"+34 643496664","legalName":"ARC TECH SOLUTIONS","foundingDate":"2024-04-09","vatID":"B55480172","numberOfEmployees":{"@type":"QuantitativeValue","minValue":"1","maxValue":"10"}}]}},"_links":{"self":[{"href":"https:\/\/distribucionarc.com\/pl\/wp-json\/wp\/v2\/product\/3592","targetHints":{"allow":["GET"]}}],"collection":[{"href":"https:\/\/distribucionarc.com\/pl\/wp-json\/wp\/v2\/product"}],"about":[{"href":"https:\/\/distribucionarc.com\/pl\/wp-json\/wp\/v2\/types\/product"}],"replies":[{"embeddable":true,"href":"https:\/\/distribucionarc.com\/pl\/wp-json\/wp\/v2\/comments?post=3592"}],"version-history":[{"count":0,"href":"https:\/\/distribucionarc.com\/pl\/wp-json\/wp\/v2\/product\/3592\/revisions"}],"wp:featuredmedia":[{"embeddable":true,"href":"https:\/\/distribucionarc.com\/pl\/wp-json\/wp\/v2\/media\/3594"}],"wp:attachment":[{"href":"https:\/\/distribucionarc.com\/pl\/wp-json\/wp\/v2\/media?parent=3592"}],"wp:term":[{"taxonomy":"product_brand","embeddable":true,"href":"https:\/\/distribucionarc.com\/pl\/wp-json\/wp\/v2\/product_brand?post=3592"},{"taxonomy":"product_cat","embeddable":true,"href":"https:\/\/distribucionarc.com\/pl\/wp-json\/wp\/v2\/product_cat?post=3592"},{"taxonomy":"product_tag","embeddable":true,"href":"https:\/\/distribucionarc.com\/pl\/wp-json\/wp\/v2\/product_tag?post=3592"}],"curies":[{"name":"wp","href":"https:\/\/api.w.org\/{rel}","templated":true}]}}