{"id":3656,"date":"2020-10-06T08:43:12","date_gmt":"2020-10-06T08:43:12","guid":{"rendered":"https:\/\/distribucionarc.com\/?post_type=product&#038;p=3656"},"modified":"2023-11-13T10:16:14","modified_gmt":"2023-11-13T10:16:14","slug":"przewijarka-etykiet","status":"publish","type":"product","link":"https:\/\/distribucionarc.com\/pl\/producto\/maquina-para-rebobinar-etiquetas\/","title":{"rendered":"Przewijarka etykiet"},"content":{"rendered":"<h3>Przewijarka etykiet<\/h3>\n<p>The <strong>maszyna do nawijania etykiet <span style=\"color: #ff0000;\">DO<\/span><span style=\"color: #0000ff;\">R<\/span>C<\/strong> Zosta\u0142 zaprojektowany z r\u0119cznym pokr\u0119t\u0142em regulacji pr\u0119dko\u015bci. Obr\u00f3\u0107 w prawo, aby zwi\u0119kszy\u0107 pr\u0119dko\u015b\u0107 i w lewo, aby zmniejszy\u0107 pr\u0119dko\u015b\u0107. Pasek przewijania zapewnia schludny wygl\u0105d etykiety i zapobiega nieprawid\u0142owemu u\u0142o\u017ceniu. Prosty w u\u017cyciu dzi\u0119ki prze\u0142\u0105cznikowi jednoprzyciskowemu zapewniaj\u0105cemu bezpieczn\u0105 obs\u0142ug\u0119.<\/p>\n<p>Ten <strong>przewijarka elektryczna <span style=\"color: #ff0000;\">DO<\/span><span style=\"color: #0000ff;\">R<\/span>CRE01<\/strong> Wykonany jest ze stali nierdzewnej i wzmocnionego aluminium. Aby zapewni\u0107 Pa\u0144stwu stabilne i trwa\u0142e urz\u0105dzenie. Zakres rozmiar\u00f3w rolek etykiet to: szeroko\u015b\u0107 rolki 115mm; maksymalna \u015brednica zewn\u0119trzna toczenia 218 mm.<\/p>\n<p>The <strong>automatyczne przewijarki etykiet<\/strong> Mo\u017cna je stosowa\u0107 w drukarkach r\u00f3\u017cnych marek. Nadaj\u0105 si\u0119 dla wielu bran\u017c, kt\u00f3re wymagaj\u0105 przewijania du\u017cych ilo\u015bci etykiet, takich jak bran\u017ca logistyczna, spo\u017cywcza, farmaceutyczna czy elektryczna.<\/p>\n<h6><strong>Gwarancja\u00a0<span style=\"color: #ff0000;\">DO<\/span><span style=\"color: #0000ff;\">R<\/span>C 2 LATA<\/strong><\/h6>\n<h6><span style=\"color: #008000;\">Wydajna nawijarka elektryczna, niskie zu\u017cycie energii 20W<\/span><\/h6>\n<h6><strong>wsparcie techniczne w cenie<\/strong><\/h6>\n<p>&nbsp;<\/p>\n<table role=\"presentation\" width=\"100%\" cellspacing=\"0\" cellpadding=\"0\">\n<tbody>\n<tr>\n<td class=\"attrLabels\">Marka:<\/td>\n<td width=\"50.0%\">\u0141UK<\/td>\n<\/tr>\n<tr>\n<td class=\"attrLabels\">Kraj dystrybucji:<\/td>\n<td width=\"50.0%\">Hiszpania, Niemcy, USA<\/td>\n<td class=\"attrLabels\">Waga:<\/td>\n<td width=\"50.0%\">3,5 kg<\/td>\n<\/tr>\n<tr>\n<td class=\"attrLabels\">Gwarancja:<\/td>\n<td width=\"50.0%\">2 lata<\/td>\n<td class=\"attrLabels\">Wysoko\u015b\u0107:<\/td>\n<td width=\"50.0%\">24,1 cm<\/td>\n<\/tr>\n<tr>\n<td class=\"attrLabels\">Kolor:<\/td>\n<td width=\"50.0%\">Srebrny<\/td>\n<td class=\"attrLabels\">D\u0142ugi:<\/td>\n<td width=\"50.0%\">20,3 cm<\/td>\n<\/tr>\n<tr>\n<td class=\"attrLabels\">Rodzaj produktu:<\/td>\n<td width=\"50.0%\">Przewijarka etykiet<\/td>\n<td class=\"attrLabels\">Szeroki:<\/td>\n<td width=\"50.0%\">24,1 cm<\/td>\n<\/tr>\n<tr>\n<td class=\"attrLabels\">Numer producenta:<\/td>\n<td width=\"50.0%\">\u0141UK01<\/td>\n<td class=\"attrLabels\">Moc:<\/td>\n<td width=\"50.0%\">20 W<\/td>\n<\/tr>\n<tr>\n<td class=\"attrLabels\">Tworzywo:<\/td>\n<td width=\"50.0%\">stal nierdzewna, wzmocnione aluminium, sterowanie automatyczne<\/td>\n<td class=\"attrLabels\">napi\u0119cie wej\u015bciowe<\/td>\n<td width=\"50.0%\">220 V \u2013 60 Hz<\/td>\n<\/tr>\n<tr>\n<td class=\"attrLabels\">Narz\u0119dzia instalacyjne:<\/td>\n<td width=\"50.0%\">Tak<\/td>\n<td class=\"attrLabels\">Pr\u0119dko\u015b\u0107:<\/td>\n<td width=\"50.0%\">Regulacja w zakresie 0 \u2013 50 obr.\/min<\/td>\n<\/tr>\n<tr>\n<td class=\"attrLabels\">Dzia\u0142anie:<\/td>\n<td width=\"50.0%\">Elektryczny\/r\u0119czny<\/td>\n<td class=\"attrLabels\">Pojemno\u015b\u0107 zliczania:<\/td>\n<td width=\"50.0%\">\u00a09999 obrot\u00f3w<\/td>\n<\/tr>\n<\/tbody>\n<\/table>","protected":false},"excerpt":{"rendered":"<h2>Przewijarka etykiet<\/h2>\n<p>On<strong> automatyczne przewijanie etykiet <span style=\"color: #ff0000;\">DO<\/span><span style=\"color: #0000ff;\">R<\/span>C<\/strong> Jest to odpowiednia maszyna dla bran\u017c, kt\u00f3re wykonuj\u0105 w\u0142asne etykiety, partie, kody kreskowe itp.; Skonfiguruj urz\u0105dzenie i aktywuj je jednym naci\u015bni\u0119ciem przycisku, aby zam\u00f3wi\u0107 je w ci\u0105gu kilku minut.  U\u017cycie tego<strong> przewijarka etykiet<\/strong> Oszcz\u0119dzi to twoj\u0105 prac\u0119 i zmniejszy intensywno\u015b\u0107 pracy pracownik\u00f3w. Jest to rodzaj praktycznego urz\u0105dzenia nadaj\u0105cego si\u0119 do przetwarzania wsadowego i drukowania etykiet.<\/p>\n<h6><strong>Gwarancja\u00a0<span style=\"color: #ff0000;\">DO<\/span><span style=\"color: #0000ff;\">R<\/span>C 2 LATA<\/strong><\/h6>\n<h6><span style=\"color: #008000;\">Wydajna nawijarka elektryczna, niskie zu\u017cycie energii 20W<\/span><\/h6>\n<h6><strong>wsparcie techniczne w cenie<\/strong><\/h6>","protected":false},"featured_media":3657,"comment_status":"open","ping_status":"closed","template":"","meta":{"wds_primary_product_brand":0,"wds_primary_product_cat":0},"product_brand":[],"product_cat":[44,69],"product_tag":[],"class_list":{"0":"post-3656","1":"product","2":"type-product","3":"status-publish","4":"has-post-thumbnail","6":"product_cat-etiquetadoras-de-botellas","7":"product_cat-maquinas-variadas","8":"product_shipping_class-hosteleria","10":"first","11":"instock","12":"taxable","13":"shipping-taxable","14":"purchasable","15":"product-type-simple"},"yoast_head":"<!-- This site is optimized with the Yoast SEO Premium plugin v24.9 (Yoast SEO v26.1) - https:\/\/yoast.com\/wordpress\/plugins\/seo\/ -->\n<title>M\u00e1quina para rebobinar etiquetas - distribuci\u00f3n ARC<\/title>\n<meta name=\"robots\" content=\"index, follow, max-snippet:-1, max-image-preview:large, max-video-preview:-1\" \/>\n<link rel=\"canonical\" href=\"https:\/\/distribucionarc.com\/pl\/produkty\/przewijarka-etykiet\/\" \/>\n<meta property=\"og:locale\" content=\"pl_PL\" \/>\n<meta property=\"og:type\" content=\"article\" \/>\n<meta property=\"og:title\" content=\"M\u00e1quina para rebobinar etiquetas\" \/>\n<meta property=\"og:description\" content=\"M\u00e1quina para rebobinar etiquetas El rebobinado autom\u00e1tico de etiquetas ARC es la m\u00e1quina adecuada para las industrias que elaboren sus propias etiquetas, lotes, c\u00f3digos de barras, etc; configure el dispositivo y acci\u00f3nelo pulsando un bot\u00f3n para ordenar las en unos minutos. \u00a0El uso de esta rebobinadora de etiquetas le ahorrar\u00e1 mano de obra y reducir\u00e1 la intensidad laboral de los trabajadores. Es un tipo de dispositivo pr\u00e1ctico adecuado para el procesamiento por lotes y la impresi\u00f3n de etiquetas. Garant\u00eda\u00a0ARC 2 A\u00d1OS Rebobinadora el\u00e9ctrica eficiente, bajo consumo 20w soporte t\u00e9cnico incluido\" \/>\n<meta property=\"og:url\" content=\"https:\/\/distribucionarc.com\/pl\/produkty\/przewijarka-etykiet\/\" \/>\n<meta property=\"og:site_name\" content=\"distribuci\u00f3n ARC\" \/>\n<meta property=\"article:modified_time\" content=\"2023-11-13T10:16:14+00:00\" \/>\n<meta property=\"og:image\" content=\"https:\/\/distribucionarc.com\/wp-content\/uploads\/2020\/10\/M\u00e1quina-para-rebobinar-etiquetas-0.jpg\" \/>\n\t<meta property=\"og:image:width\" content=\"1600\" \/>\n\t<meta property=\"og:image:height\" content=\"1600\" \/>\n\t<meta property=\"og:image:type\" content=\"image\/jpeg\" \/>\n<meta name=\"twitter:card\" content=\"summary_large_image\" \/>\n<meta name=\"twitter:label1\" content=\"Szacowany czas czytania\" \/>\n\t<meta name=\"twitter:data1\" content=\"1 minuta\" \/>\n<script type=\"application\/ld+json\" class=\"yoast-schema-graph\">{\"@context\":\"https:\/\/schema.org\",\"@graph\":[{\"@type\":\"WebPage\",\"@id\":\"https:\/\/distribucionarc.com\/en\/producto\/maquina-para-rebobinar-etiquetas\/\",\"url\":\"https:\/\/distribucionarc.com\/en\/producto\/maquina-para-rebobinar-etiquetas\/\",\"name\":\"M\u00e1quina para rebobinar etiquetas - distribuci\u00f3n ARC\",\"isPartOf\":{\"@id\":\"https:\/\/distribucionarc.com\/de\/#website\"},\"primaryImageOfPage\":{\"@id\":\"https:\/\/distribucionarc.com\/en\/producto\/maquina-para-rebobinar-etiquetas\/#primaryimage\"},\"image\":{\"@id\":\"https:\/\/distribucionarc.com\/en\/producto\/maquina-para-rebobinar-etiquetas\/#primaryimage\"},\"thumbnailUrl\":\"https:\/\/distribucionarc.com\/wp-content\/uploads\/2020\/10\/M\u00e1quina-para-rebobinar-etiquetas-0.jpg\",\"datePublished\":\"2020-10-06T08:43:12+00:00\",\"dateModified\":\"2023-11-13T10:16:14+00:00\",\"breadcrumb\":{\"@id\":\"https:\/\/distribucionarc.com\/en\/producto\/maquina-para-rebobinar-etiquetas\/#breadcrumb\"},\"inLanguage\":\"pl-PL\",\"potentialAction\":[{\"@type\":\"ReadAction\",\"target\":[\"https:\/\/distribucionarc.com\/en\/producto\/maquina-para-rebobinar-etiquetas\/\"]}]},{\"@type\":\"ImageObject\",\"inLanguage\":\"pl-PL\",\"@id\":\"https:\/\/distribucionarc.com\/en\/producto\/maquina-para-rebobinar-etiquetas\/#primaryimage\",\"url\":\"https:\/\/distribucionarc.com\/wp-content\/uploads\/2020\/10\/M\u00e1quina-para-rebobinar-etiquetas-0.jpg\",\"contentUrl\":\"https:\/\/distribucionarc.com\/wp-content\/uploads\/2020\/10\/M\u00e1quina-para-rebobinar-etiquetas-0.jpg\",\"width\":1600,\"height\":1600,\"caption\":\"M\u00e1quina para rebobinar etiquetas\"},{\"@type\":\"BreadcrumbList\",\"@id\":\"https:\/\/distribucionarc.com\/en\/producto\/maquina-para-rebobinar-etiquetas\/#breadcrumb\",\"itemListElement\":[{\"@type\":\"ListItem\",\"position\":1,\"name\":\"Portada\",\"item\":\"https:\/\/distribucionarc.com\/pl\/\"},{\"@type\":\"ListItem\",\"position\":2,\"name\":\"Produkty\",\"item\":\"https:\/\/distribucionarc.com\/pl\/shop\/\"},{\"@type\":\"ListItem\",\"position\":3,\"name\":\"M\u00e1quina para rebobinar etiquetas\"}]},{\"@type\":\"WebSite\",\"@id\":\"https:\/\/distribucionarc.com\/de\/#website\",\"url\":\"https:\/\/distribucionarc.com\/de\/\",\"name\":\"distribuci\u00f3n ARC\",\"description\":\"Empresa especializada en la fabricaci\u00f3n y distribuci\u00f3n de maquinaria industrial, selladoras de latas, Maquinas de hacer pastillas, Maquinas de cortar carne...\",\"publisher\":{\"@id\":\"https:\/\/distribucionarc.com\/de\/#organization\"},\"potentialAction\":[{\"@type\":\"SearchAction\",\"target\":{\"@type\":\"EntryPoint\",\"urlTemplate\":\"https:\/\/distribucionarc.com\/de\/?s={search_term_string}\"},\"query-input\":{\"@type\":\"PropertyValueSpecification\",\"valueRequired\":true,\"valueName\":\"search_term_string\"}}],\"inLanguage\":\"pl-PL\"},{\"@type\":\"Organization\",\"@id\":\"https:\/\/distribucionarc.com\/de\/#organization\",\"name\":\"Distribuci\u00f3n ARC\",\"url\":\"https:\/\/distribucionarc.com\/de\/\",\"logo\":{\"@type\":\"ImageObject\",\"inLanguage\":\"pl-PL\",\"@id\":\"https:\/\/distribucionarc.com\/de\/#\/schema\/logo\/image\/\",\"url\":\"https:\/\/distribucionarc.com\/wp-content\/uploads\/2024\/10\/distribucion-ARC-COLOR-SIN-FONDO-e1732295305345.png\",\"contentUrl\":\"https:\/\/distribucionarc.com\/wp-content\/uploads\/2024\/10\/distribucion-ARC-COLOR-SIN-FONDO-e1732295305345.png\",\"width\":1164,\"height\":558,\"caption\":\"Distribuci\u00f3n ARC\"},\"image\":{\"@id\":\"https:\/\/distribucionarc.com\/de\/#\/schema\/logo\/image\/\"},\"description\":\"Empresa especializada en la fabricaci\u00f3n y distribuci\u00f3n de maquinaria industrial para los sectores alimentario y farmac\u00e9utico. Nos especializamos en: M\u00e1quinas de cortar carne Fabricaci\u00f3n de comprimidos Sistemas de transporte industrial L\u00edneas de embotellado Dosificadores Y mucho m\u00e1s... Ofrecemos soluciones innovadoras y personalizadas para optimizar los procesos productivos de tu empresa.\",\"email\":\"Admistracion@distribucionarc.com\",\"telephone\":\"+34 643496664\",\"legalName\":\"ARC TECH SOLUTIONS\",\"foundingDate\":\"2024-04-09\",\"vatID\":\"B55480172\",\"numberOfEmployees\":{\"@type\":\"QuantitativeValue\",\"minValue\":\"1\",\"maxValue\":\"10\"}}]}<\/script>\n<!-- \/ Yoast SEO Premium plugin. -->","yoast_head_json":{"title":"Przewijarka etykiet - dystrybucja ARC","robots":{"index":"index","follow":"follow","max-snippet":"max-snippet:-1","max-image-preview":"max-image-preview:large","max-video-preview":"max-video-preview:-1"},"canonical":"https:\/\/distribucionarc.com\/pl\/produkty\/przewijarka-etykiet\/","og_locale":"pl_PL","og_type":"article","og_title":"M\u00e1quina para rebobinar etiquetas","og_description":"M\u00e1quina para rebobinar etiquetas El rebobinado autom\u00e1tico de etiquetas ARC es la m\u00e1quina adecuada para las industrias que elaboren sus propias etiquetas, lotes, c\u00f3digos de barras, etc; configure el dispositivo y acci\u00f3nelo pulsando un bot\u00f3n para ordenar las en unos minutos. \u00a0El uso de esta rebobinadora de etiquetas le ahorrar\u00e1 mano de obra y reducir\u00e1 la intensidad laboral de los trabajadores. Es un tipo de dispositivo pr\u00e1ctico adecuado para el procesamiento por lotes y la impresi\u00f3n de etiquetas. Garant\u00eda\u00a0ARC 2 A\u00d1OS Rebobinadora el\u00e9ctrica eficiente, bajo consumo 20w soporte t\u00e9cnico incluido","og_url":"https:\/\/distribucionarc.com\/pl\/produkty\/przewijarka-etykiet\/","og_site_name":"distribuci\u00f3n ARC","article_modified_time":"2023-11-13T10:16:14+00:00","og_image":[{"width":1600,"height":1600,"url":"https:\/\/distribucionarc.com\/wp-content\/uploads\/2020\/10\/M\u00e1quina-para-rebobinar-etiquetas-0.jpg","type":"image\/jpeg"}],"twitter_card":"summary_large_image","twitter_misc":{"Szacowany czas czytania":"1 minuta"},"schema":{"@context":"https:\/\/schema.org","@graph":[{"@type":"WebPage","@id":"https:\/\/distribucionarc.com\/en\/producto\/maquina-para-rebobinar-etiquetas\/","url":"https:\/\/distribucionarc.com\/en\/producto\/maquina-para-rebobinar-etiquetas\/","name":"Przewijarka etykiet - dystrybucja ARC","isPartOf":{"@id":"https:\/\/distribucionarc.com\/de\/#website"},"primaryImageOfPage":{"@id":"https:\/\/distribucionarc.com\/en\/producto\/maquina-para-rebobinar-etiquetas\/#primaryimage"},"image":{"@id":"https:\/\/distribucionarc.com\/en\/producto\/maquina-para-rebobinar-etiquetas\/#primaryimage"},"thumbnailUrl":"https:\/\/distribucionarc.com\/wp-content\/uploads\/2020\/10\/M\u00e1quina-para-rebobinar-etiquetas-0.jpg","datePublished":"2020-10-06T08:43:12+00:00","dateModified":"2023-11-13T10:16:14+00:00","breadcrumb":{"@id":"https:\/\/distribucionarc.com\/en\/producto\/maquina-para-rebobinar-etiquetas\/#breadcrumb"},"inLanguage":"pl-PL","potentialAction":[{"@type":"ReadAction","target":["https:\/\/distribucionarc.com\/en\/producto\/maquina-para-rebobinar-etiquetas\/"]}]},{"@type":"ImageObject","inLanguage":"pl-PL","@id":"https:\/\/distribucionarc.com\/en\/producto\/maquina-para-rebobinar-etiquetas\/#primaryimage","url":"https:\/\/distribucionarc.com\/wp-content\/uploads\/2020\/10\/M\u00e1quina-para-rebobinar-etiquetas-0.jpg","contentUrl":"https:\/\/distribucionarc.com\/wp-content\/uploads\/2020\/10\/M\u00e1quina-para-rebobinar-etiquetas-0.jpg","width":1600,"height":1600,"caption":"M\u00e1quina para rebobinar etiquetas"},{"@type":"BreadcrumbList","@id":"https:\/\/distribucionarc.com\/en\/producto\/maquina-para-rebobinar-etiquetas\/#breadcrumb","itemListElement":[{"@type":"ListItem","position":1,"name":"Portada","item":"https:\/\/distribucionarc.com\/pl\/"},{"@type":"ListItem","position":2,"name":"Produkty","item":"https:\/\/distribucionarc.com\/pl\/shop\/"},{"@type":"ListItem","position":3,"name":"M\u00e1quina para rebobinar etiquetas"}]},{"@type":"WebSite","@id":"https:\/\/distribucionarc.com\/de\/#website","url":"https:\/\/distribucionarc.com\/de\/","name":"Dystrybucja ARC","description":"Firma specjalizuj\u0105ca si\u0119 w produkcji i dystrybucji maszyn przemys\u0142owych, zgrzewarek do puszek, maszyn do produkcji tabletek, maszyn do ci\u0119cia mi\u0119sa...","publisher":{"@id":"https:\/\/distribucionarc.com\/de\/#organization"},"potentialAction":[{"@type":"SearchAction","target":{"@type":"EntryPoint","urlTemplate":"https:\/\/distribucionarc.com\/de\/?s={search_term_string}"},"query-input":{"@type":"PropertyValueSpecification","valueRequired":true,"valueName":"search_term_string"}}],"inLanguage":"pl-PL"},{"@type":"Organization","@id":"https:\/\/distribucionarc.com\/de\/#organization","name":"Dystrybucja ARC","url":"https:\/\/distribucionarc.com\/de\/","logo":{"@type":"ImageObject","inLanguage":"pl-PL","@id":"https:\/\/distribucionarc.com\/de\/#\/schema\/logo\/image\/","url":"https:\/\/distribucionarc.com\/wp-content\/uploads\/2024\/10\/distribucion-ARC-COLOR-SIN-FONDO-e1732295305345.png","contentUrl":"https:\/\/distribucionarc.com\/wp-content\/uploads\/2024\/10\/distribucion-ARC-COLOR-SIN-FONDO-e1732295305345.png","width":1164,"height":558,"caption":"Distribuci\u00f3n ARC"},"image":{"@id":"https:\/\/distribucionarc.com\/de\/#\/schema\/logo\/image\/"},"description":"Firma specjalizuj\u0105ca si\u0119 w produkcji i dystrybucji maszyn przemys\u0142owych dla sektora spo\u017cywczego i farmaceutycznego. Specjalizujemy si\u0119 w: Maszyny do krojenia mi\u0119sa Produkcja tabletek Przemys\u0142owe systemy transportowe Linie butelkuj\u0105ce Dozowniki I wiele wi\u0119cej.... Oferujemy innowacyjne i niestandardowe rozwi\u0105zania w celu optymalizacji proces\u00f3w produkcyjnych w Twojej firmie.","email":"Admistracion@distribucionarc.com","telephone":"+34 643496664","legalName":"ARC TECH SOLUTIONS","foundingDate":"2024-04-09","vatID":"B55480172","numberOfEmployees":{"@type":"QuantitativeValue","minValue":"1","maxValue":"10"}}]}},"_links":{"self":[{"href":"https:\/\/distribucionarc.com\/pl\/wp-json\/wp\/v2\/product\/3656","targetHints":{"allow":["GET"]}}],"collection":[{"href":"https:\/\/distribucionarc.com\/pl\/wp-json\/wp\/v2\/product"}],"about":[{"href":"https:\/\/distribucionarc.com\/pl\/wp-json\/wp\/v2\/types\/product"}],"replies":[{"embeddable":true,"href":"https:\/\/distribucionarc.com\/pl\/wp-json\/wp\/v2\/comments?post=3656"}],"version-history":[{"count":0,"href":"https:\/\/distribucionarc.com\/pl\/wp-json\/wp\/v2\/product\/3656\/revisions"}],"wp:featuredmedia":[{"embeddable":true,"href":"https:\/\/distribucionarc.com\/pl\/wp-json\/wp\/v2\/media\/3657"}],"wp:attachment":[{"href":"https:\/\/distribucionarc.com\/pl\/wp-json\/wp\/v2\/media?parent=3656"}],"wp:term":[{"taxonomy":"product_brand","embeddable":true,"href":"https:\/\/distribucionarc.com\/pl\/wp-json\/wp\/v2\/product_brand?post=3656"},{"taxonomy":"product_cat","embeddable":true,"href":"https:\/\/distribucionarc.com\/pl\/wp-json\/wp\/v2\/product_cat?post=3656"},{"taxonomy":"product_tag","embeddable":true,"href":"https:\/\/distribucionarc.com\/pl\/wp-json\/wp\/v2\/product_tag?post=3656"}],"curies":[{"name":"wp","href":"https:\/\/api.w.org\/{rel}","templated":true}]}}