{"id":3692,"date":"2020-10-06T14:38:36","date_gmt":"2020-10-06T14:38:36","guid":{"rendered":"https:\/\/distribucionarc.com\/?post_type=product&#038;p=3692"},"modified":"2023-07-26T16:52:46","modified_gmt":"2023-07-26T16:52:46","slug":"dwukomorowa-maszyna-do-pakowania-prozniowego","status":"publish","type":"product","link":"https:\/\/distribucionarc.com\/pl\/producto\/maquina-de-envasado-al-vacio-doble-camara\/","title":{"rendered":"Dwukomorowa maszyna do pakowania pr\u00f3\u017cniowego"},"content":{"rendered":"<h3>Dwukomorowa maszyna do pakowania pr\u00f3\u017cniowego<\/h3>\n<p>G\u0142\u00f3wne materia\u0142y <strong>maszyna do pakowania pr\u00f3\u017cniowego <span style=\"color: #ff0000;\">DO<\/span><span style=\"color: #0000ff;\">R<\/span>C<\/strong> Wykonane s\u0105 ze stali nierdzewnej 304; regulacyjne maj\u0105ce na celu spe\u0142nienie wymog\u00f3w higieny \u017cywno\u015bci. Ca\u0142a maszyna wykorzystuje p\u0142ask\u0105 komor\u0119 pr\u00f3\u017cniow\u0105, aby u\u0142atwi\u0107 czyszczenie materia\u0142\u00f3w spadaj\u0105cych w trakcie procesu pakowania, takich jak t\u0142uszcze, oleje i \u015blady. Maszyna jest wyposa\u017cona w ko\u0142a o du\u017cej wytrzyma\u0142o\u015bci i hamulce, kt\u00f3re u\u0142atwiaj\u0105 jej przemieszczanie.<\/p>\n<p>The <strong>maszyna do pakowania pr\u00f3\u017cniowego <span style=\"color: #ff0000;\">DO<\/span><span style=\"color: #0000ff;\">R<\/span>C6002S<\/strong> Wyposa\u017cony jest w pomp\u0119 pr\u00f3\u017cniow\u0105 o du\u017cej mocy, co umo\u017cliwia szybki i wydajny proces. Proces ten jest kontrolowany przez mikrokomputer, kt\u00f3ry dostosowuje si\u0119 do potrzeb pakowania, zapewniaj\u0105c du\u017c\u0105 precyzj\u0119. Uszczelka w kszta\u0142cie litery V wykonana jest z materia\u0142\u00f3w o du\u017cej g\u0119sto\u015bci, co zapewnia skuteczne uszczelnienie, odporno\u015b\u0107 na ci\u015bnienie i zu\u017cycie podczas codziennej pracy.<\/p>\n<p>Bardzo \u0142atwy w u\u017cyciu dzi\u0119ki dynamicznej konstrukcji wywa\u017caj\u0105cej, kt\u00f3ra umo\u017cliwia naciskanie si\u0142\u0105 palca, zmniejszaj\u0105c intensywno\u015b\u0107 pracy. Posiada system awaryjnego zatrzymania, kt\u00f3ry mo\u017ce zosta\u0107 uruchomiony, gdy u\u017cytkownik uzna to za konieczne. Posiada funkcj\u0119 ch\u0142odzenia powietrza wylotowego<\/p>\n<h6><strong>Gwarancja\u00a0<span style=\"color: #ff0000;\">DO<\/span><span style=\"color: #0000ff;\">R<\/span>C 2 LATA<\/strong><\/h6>\n<h6><span style=\"color: #008000;\">Wydajna pakowarka pr\u00f3\u017cniowa, niskie zu\u017cycie 2000 W<\/span><\/h6>\n<h6><strong>wsparcie techniczne w cenie<\/strong><\/h6>\n<p>&nbsp;<\/p>\n<table role=\"presentation\" width=\"100%\" cellspacing=\"0\" cellpadding=\"0\">\n<tbody>\n<tr>\n<td class=\"attrLabels\">Marka:<\/td>\n<td width=\"50.0%\">\u0141UK<\/td>\n<\/tr>\n<tr>\n<td class=\"attrLabels\">Kraj dystrybucji:<\/td>\n<td width=\"50.0%\">Hiszpania, Niemcy, USA<\/td>\n<td class=\"attrLabels\">Waga:<\/td>\n<td width=\"50.0%\">320kg<\/td>\n<\/tr>\n<tr>\n<td class=\"attrLabels\">Numer producenta:<\/td>\n<td width=\"50.0%\">ARC6002<\/td>\n<td class=\"attrLabels\">Wymiary maszyny:<\/td>\n<td width=\"50.0%\">Wymiary: 151 x 68,5 x 96 cm<\/td>\n<\/tr>\n<tr>\n<td class=\"attrLabels\">Kolor:<\/td>\n<td width=\"50.0%\">Srebrny<\/td>\n<td class=\"attrLabels\">Rozmiar komory pr\u00f3\u017cniowej:<\/td>\n<td width=\"50.0%\">Wymiary 72x55x16 cm<\/td>\n<\/tr>\n<tr>\n<td class=\"attrLabels\">Rodzaj produktu:<\/td>\n<td width=\"50.0%\">Przemys\u0142owa maszyna do pakowania pr\u00f3\u017cniowego<\/td>\n<td class=\"attrLabels\">Skuteczne zgrzewanie:<\/td>\n<td width=\"50.0%\">Wymiary: 60x55x16 cm<\/td>\n<\/tr>\n<tr>\n<td class=\"attrLabels\">Tworzywo:<\/td>\n<td width=\"50.0%\">Stal nierdzewna 304<\/td>\n<td class=\"attrLabels\">Odleg\u0142o\u015b\u0107 mi\u0119dzy liniami uszczelnienia:<\/td>\n<td width=\"50.0%\">43cm<\/td>\n<\/tr>\n<tr>\n<td class=\"attrLabels\">Narz\u0119dzia instalacyjne:<\/td>\n<td width=\"50.0%\">Tak<\/td>\n<td class=\"attrLabels\">Pompa pr\u00f3\u017cniowa:<\/td>\n<td width=\"50.0%\">20x2m3\/godz<\/td>\n<\/tr>\n<tr>\n<td class=\"attrLabels\">Moc:<\/td>\n<td width=\"50.0%\">2000 W<\/td>\n<td class=\"attrLabels\">Cykl pracy:<\/td>\n<td width=\"50.0%\">4-5 razy\/min<\/td>\n<\/tr>\n<tr>\n<td class=\"attrLabels\">Napi\u0119cie wej\u015bciowe:<\/td>\n<td width=\"50.0%\">380 V \u2013 50 Hz<\/td>\n<td class=\"attrLabels\">Gwarancja:<\/td>\n<td width=\"50.0%\">\u0141UK 2 LATA<\/td>\n<\/tr>\n<\/tbody>\n<\/table>\n<p>&nbsp;<\/p>","protected":false},"excerpt":{"rendered":"<h2>Dwukomorowa maszyna do pakowania pr\u00f3\u017cniowego<\/h2>\n<p>Ten <strong>przemys\u0142owa maszyna do pakowania pr\u00f3\u017cniowego <span style=\"color: #ff0000;\">DO<\/span><span style=\"color: #0000ff;\">R<\/span>C<\/strong> Zastosowano system sterowania mikrokomputerowego, aby u\u0142atwi\u0107 i zwi\u0119kszy\u0107 dok\u0142adno\u015b\u0107 ustawiania parametr\u00f3w zgrzewania; Mo\u017cesz ustawi\u0107 czas odkurzania, zgrzewania i pakowania wed\u0142ug swoich potrzeb. Dostosowuj\u0105c si\u0119 do potrzeb produktu lub materia\u0142u opakowaniowego, <strong>maszyna pakuj\u0105ca<\/strong> Nadaje si\u0119 do stosowania w r\u00f3\u017cnych ga\u0142\u0119ziach przemys\u0142u: spo\u017cywczym, farmaceutycznym, mechanicznym, elektrycznym, itp.<\/p>\n<h6><strong>Gwarancja\u00a0<span style=\"color: #ff0000;\">DO<\/span><span style=\"color: #0000ff;\">R<\/span>C 2 LATA<\/strong><\/h6>\n<h6><span style=\"color: #008000;\">Wydajna pakowarka pr\u00f3\u017cniowa, niskie zu\u017cycie 2000 W<\/span><\/h6>\n<h6><strong>wsparcie techniczne w cenie<\/strong><\/h6>\n<p>&nbsp;<\/p>","protected":false},"featured_media":3701,"comment_status":"open","ping_status":"closed","template":"","meta":{"wds_primary_product_brand":0,"wds_primary_product_cat":0},"product_brand":[],"product_cat":[49,27],"product_tag":[],"class_list":{"0":"post-3692","1":"product","2":"type-product","3":"status-publish","4":"has-post-thumbnail","6":"product_cat-envasadoras-al-vacio","7":"product_cat-selladoras-de-bolsas","8":"product_shipping_class-express","10":"first","11":"instock","12":"taxable","13":"shipping-taxable","14":"purchasable","15":"product-type-simple"},"yoast_head":"<!-- This site is optimized with the Yoast SEO Premium plugin v24.9 (Yoast SEO v26.1) - https:\/\/yoast.com\/wordpress\/plugins\/seo\/ -->\n<title>M\u00e1quina de envasado al vac\u00edo doble c\u00e1mara - distribuci\u00f3n ARC<\/title>\n<meta name=\"robots\" content=\"index, follow, max-snippet:-1, max-image-preview:large, max-video-preview:-1\" \/>\n<link rel=\"canonical\" href=\"https:\/\/www.distribucionarc.com\/bg\/producto\/maquina-de-envasado-al-vacio-doble-camara\/\" \/>\n<meta property=\"og:locale\" content=\"pl_PL\" \/>\n<meta property=\"og:type\" content=\"article\" \/>\n<meta property=\"og:title\" content=\"M\u00e1quina de envasado al vac\u00edo doble c\u00e1mara\" \/>\n<meta property=\"og:description\" content=\"M\u00e1quina de envasado al vac\u00edo doble c\u00e1mara Esta envasadora al vac\u00edo industrial ARC adopta un sistema de control por microordenador para que la configuraci\u00f3n de los par\u00e1metros de sellado sea m\u00e1s f\u00e1cil y precisa; puede establecer el tiempo de aspirado, tiempo de sellado y tiempo de embalaje de acuerdo con sus necesidades. Logrando adaptarse a las necesidades del producto o material de embalaje, esta m\u00e1quina de envasado es adecuada para diferentes industrias: alimentaria, farmac\u00e9utica, mec\u00e1nica, el\u00e9ctrica etc. Garant\u00eda\u00a0ARC 2 A\u00d1OS Envasadora al vac\u00edo eficiente, bajo consumo 2000 w soporte t\u00e9cnico incluido &nbsp;\" \/>\n<meta property=\"og:url\" content=\"https:\/\/www.distribucionarc.com\/bg\/producto\/maquina-de-envasado-al-vacio-doble-camara\/\" \/>\n<meta property=\"og:site_name\" content=\"distribuci\u00f3n ARC\" \/>\n<meta property=\"article:modified_time\" content=\"2023-07-26T16:52:46+00:00\" \/>\n<meta property=\"og:image\" content=\"https:\/\/distribucionarc.com\/wp-content\/uploads\/2020\/10\/M\u00e1quina-de-envasado-al-vac\u00edo-doble-c\u00e1mara-0-1.jpg\" \/>\n\t<meta property=\"og:image:width\" content=\"800\" \/>\n\t<meta property=\"og:image:height\" content=\"800\" \/>\n\t<meta property=\"og:image:type\" content=\"image\/jpeg\" \/>\n<meta name=\"twitter:card\" content=\"summary_large_image\" \/>\n<meta name=\"twitter:label1\" content=\"Szacowany czas czytania\" \/>\n\t<meta name=\"twitter:data1\" content=\"2 minuty\" \/>\n<script type=\"application\/ld+json\" class=\"yoast-schema-graph\">{\"@context\":\"https:\/\/schema.org\",\"@graph\":[{\"@type\":\"WebPage\",\"@id\":\"https:\/\/www.distribucionarc.com\/bg\/producto\/maquina-de-envasado-al-vacio-doble-camara\/\",\"url\":\"https:\/\/www.distribucionarc.com\/bg\/producto\/maquina-de-envasado-al-vacio-doble-camara\/\",\"name\":\"M\u00e1quina de envasado al vac\u00edo doble c\u00e1mara - distribuci\u00f3n ARC\",\"isPartOf\":{\"@id\":\"https:\/\/www.distribucionarc.com\/sl\/#website\"},\"primaryImageOfPage\":{\"@id\":\"https:\/\/www.distribucionarc.com\/bg\/producto\/maquina-de-envasado-al-vacio-doble-camara\/#primaryimage\"},\"image\":{\"@id\":\"https:\/\/www.distribucionarc.com\/bg\/producto\/maquina-de-envasado-al-vacio-doble-camara\/#primaryimage\"},\"thumbnailUrl\":\"https:\/\/distribucionarc.com\/wp-content\/uploads\/2020\/10\/M\u00e1quina-de-envasado-al-vac\u00edo-doble-c\u00e1mara-0-1.jpg\",\"datePublished\":\"2020-10-06T14:38:36+00:00\",\"dateModified\":\"2023-07-26T16:52:46+00:00\",\"breadcrumb\":{\"@id\":\"https:\/\/www.distribucionarc.com\/bg\/producto\/maquina-de-envasado-al-vacio-doble-camara\/#breadcrumb\"},\"inLanguage\":\"pl-PL\",\"potentialAction\":[{\"@type\":\"ReadAction\",\"target\":[\"https:\/\/www.distribucionarc.com\/bg\/producto\/maquina-de-envasado-al-vacio-doble-camara\/\"]}]},{\"@type\":\"ImageObject\",\"inLanguage\":\"pl-PL\",\"@id\":\"https:\/\/www.distribucionarc.com\/bg\/producto\/maquina-de-envasado-al-vacio-doble-camara\/#primaryimage\",\"url\":\"https:\/\/distribucionarc.com\/wp-content\/uploads\/2020\/10\/M\u00e1quina-de-envasado-al-vac\u00edo-doble-c\u00e1mara-0-1.jpg\",\"contentUrl\":\"https:\/\/distribucionarc.com\/wp-content\/uploads\/2020\/10\/M\u00e1quina-de-envasado-al-vac\u00edo-doble-c\u00e1mara-0-1.jpg\",\"width\":800,\"height\":800,\"caption\":\"M\u00e1quina de envasado al vac\u00edo doble c\u00e1mara\"},{\"@type\":\"BreadcrumbList\",\"@id\":\"https:\/\/www.distribucionarc.com\/bg\/producto\/maquina-de-envasado-al-vacio-doble-camara\/#breadcrumb\",\"itemListElement\":[{\"@type\":\"ListItem\",\"position\":1,\"name\":\"Portada\",\"item\":\"https:\/\/www.distribucionarc.com\/\"},{\"@type\":\"ListItem\",\"position\":2,\"name\":\"\u00dcr\u00fcnler\",\"item\":\"https:\/\/www.distribucionarc.com\/tr\/magaza\/\"},{\"@type\":\"ListItem\",\"position\":3,\"name\":\"M\u00e1quina de envasado al vac\u00edo doble c\u00e1mara\"}]},{\"@type\":\"WebSite\",\"@id\":\"https:\/\/www.distribucionarc.com\/sl\/#website\",\"url\":\"https:\/\/www.distribucionarc.com\/sl\/\",\"name\":\"distribuci\u00f3n ARC\",\"description\":\"Empresa especializada en la fabricaci\u00f3n y distribuci\u00f3n de maquinaria industrial, selladoras de latas, Maquinas de hacer pastillas, Maquinas de cortar carne...\",\"publisher\":{\"@id\":\"https:\/\/www.distribucionarc.com\/sl\/#organization\"},\"potentialAction\":[{\"@type\":\"SearchAction\",\"target\":{\"@type\":\"EntryPoint\",\"urlTemplate\":\"https:\/\/www.distribucionarc.com\/sl\/?s={search_term_string}\"},\"query-input\":{\"@type\":\"PropertyValueSpecification\",\"valueRequired\":true,\"valueName\":\"search_term_string\"}}],\"inLanguage\":\"pl-PL\"},{\"@type\":\"Organization\",\"@id\":\"https:\/\/www.distribucionarc.com\/sl\/#organization\",\"name\":\"Distribuci\u00f3n ARC\",\"url\":\"https:\/\/www.distribucionarc.com\/sl\/\",\"logo\":{\"@type\":\"ImageObject\",\"inLanguage\":\"pl-PL\",\"@id\":\"https:\/\/www.distribucionarc.com\/sl\/#\/schema\/logo\/image\/\",\"url\":\"https:\/\/distribucionarc.com\/wp-content\/uploads\/2024\/10\/distribucion-ARC-COLOR-SIN-FONDO-e1732295305345.png\",\"contentUrl\":\"https:\/\/distribucionarc.com\/wp-content\/uploads\/2024\/10\/distribucion-ARC-COLOR-SIN-FONDO-e1732295305345.png\",\"width\":1164,\"height\":558,\"caption\":\"Distribuci\u00f3n ARC\"},\"image\":{\"@id\":\"https:\/\/www.distribucionarc.com\/sl\/#\/schema\/logo\/image\/\"},\"description\":\"Empresa especializada en la fabricaci\u00f3n y distribuci\u00f3n de maquinaria industrial para los sectores alimentario y farmac\u00e9utico. Nos especializamos en: M\u00e1quinas de cortar carne Fabricaci\u00f3n de comprimidos Sistemas de transporte industrial L\u00edneas de embotellado Dosificadores Y mucho m\u00e1s... Ofrecemos soluciones innovadoras y personalizadas para optimizar los procesos productivos de tu empresa.\",\"email\":\"Admistracion@distribucionarc.com\",\"telephone\":\"+34 643496664\",\"legalName\":\"ARC TECH SOLUTIONS\",\"foundingDate\":\"2024-04-09\",\"vatID\":\"B55480172\",\"numberOfEmployees\":{\"@type\":\"QuantitativeValue\",\"minValue\":\"1\",\"maxValue\":\"10\"}}]}<\/script>\n<!-- \/ Yoast SEO Premium plugin. -->","yoast_head_json":{"title":"Maszyna do pakowania pr\u00f3\u017cniowego dwukomorowego - dystrybucja ARC","robots":{"index":"index","follow":"follow","max-snippet":"max-snippet:-1","max-image-preview":"max-image-preview:large","max-video-preview":"max-video-preview:-1"},"canonical":"https:\/\/www.distribucionarc.com\/bg\/producto\/maquina-de-envasado-al-vacio-doble-camara\/","og_locale":"pl_PL","og_type":"article","og_title":"M\u00e1quina de envasado al vac\u00edo doble c\u00e1mara","og_description":"M\u00e1quina de envasado al vac\u00edo doble c\u00e1mara Esta envasadora al vac\u00edo industrial ARC adopta un sistema de control por microordenador para que la configuraci\u00f3n de los par\u00e1metros de sellado sea m\u00e1s f\u00e1cil y precisa; puede establecer el tiempo de aspirado, tiempo de sellado y tiempo de embalaje de acuerdo con sus necesidades. Logrando adaptarse a las necesidades del producto o material de embalaje, esta m\u00e1quina de envasado es adecuada para diferentes industrias: alimentaria, farmac\u00e9utica, mec\u00e1nica, el\u00e9ctrica etc. Garant\u00eda\u00a0ARC 2 A\u00d1OS Envasadora al vac\u00edo eficiente, bajo consumo 2000 w soporte t\u00e9cnico incluido &nbsp;","og_url":"https:\/\/www.distribucionarc.com\/bg\/producto\/maquina-de-envasado-al-vacio-doble-camara\/","og_site_name":"distribuci\u00f3n ARC","article_modified_time":"2023-07-26T16:52:46+00:00","og_image":[{"width":800,"height":800,"url":"https:\/\/distribucionarc.com\/wp-content\/uploads\/2020\/10\/M\u00e1quina-de-envasado-al-vac\u00edo-doble-c\u00e1mara-0-1.jpg","type":"image\/jpeg"}],"twitter_card":"summary_large_image","twitter_misc":{"Szacowany czas czytania":"2 minuty"},"schema":{"@context":"https:\/\/schema.org","@graph":[{"@type":"WebPage","@id":"https:\/\/www.distribucionarc.com\/bg\/producto\/maquina-de-envasado-al-vacio-doble-camara\/","url":"https:\/\/www.distribucionarc.com\/bg\/producto\/maquina-de-envasado-al-vacio-doble-camara\/","name":"Maszyna do pakowania pr\u00f3\u017cniowego dwukomorowego - dystrybucja ARC","isPartOf":{"@id":"https:\/\/www.distribucionarc.com\/sl\/#website"},"primaryImageOfPage":{"@id":"https:\/\/www.distribucionarc.com\/bg\/producto\/maquina-de-envasado-al-vacio-doble-camara\/#primaryimage"},"image":{"@id":"https:\/\/www.distribucionarc.com\/bg\/producto\/maquina-de-envasado-al-vacio-doble-camara\/#primaryimage"},"thumbnailUrl":"https:\/\/distribucionarc.com\/wp-content\/uploads\/2020\/10\/M\u00e1quina-de-envasado-al-vac\u00edo-doble-c\u00e1mara-0-1.jpg","datePublished":"2020-10-06T14:38:36+00:00","dateModified":"2023-07-26T16:52:46+00:00","breadcrumb":{"@id":"https:\/\/www.distribucionarc.com\/bg\/producto\/maquina-de-envasado-al-vacio-doble-camara\/#breadcrumb"},"inLanguage":"pl-PL","potentialAction":[{"@type":"ReadAction","target":["https:\/\/www.distribucionarc.com\/bg\/producto\/maquina-de-envasado-al-vacio-doble-camara\/"]}]},{"@type":"ImageObject","inLanguage":"pl-PL","@id":"https:\/\/www.distribucionarc.com\/bg\/producto\/maquina-de-envasado-al-vacio-doble-camara\/#primaryimage","url":"https:\/\/distribucionarc.com\/wp-content\/uploads\/2020\/10\/M\u00e1quina-de-envasado-al-vac\u00edo-doble-c\u00e1mara-0-1.jpg","contentUrl":"https:\/\/distribucionarc.com\/wp-content\/uploads\/2020\/10\/M\u00e1quina-de-envasado-al-vac\u00edo-doble-c\u00e1mara-0-1.jpg","width":800,"height":800,"caption":"M\u00e1quina de envasado al vac\u00edo doble c\u00e1mara"},{"@type":"BreadcrumbList","@id":"https:\/\/www.distribucionarc.com\/bg\/producto\/maquina-de-envasado-al-vacio-doble-camara\/#breadcrumb","itemListElement":[{"@type":"ListItem","position":1,"name":"Portada","item":"https:\/\/www.distribucionarc.com\/"},{"@type":"ListItem","position":2,"name":"\u00dcr\u00fcnler","item":"https:\/\/www.distribucionarc.com\/tr\/magaza\/"},{"@type":"ListItem","position":3,"name":"M\u00e1quina de envasado al vac\u00edo doble c\u00e1mara"}]},{"@type":"WebSite","@id":"https:\/\/www.distribucionarc.com\/sl\/#website","url":"https:\/\/www.distribucionarc.com\/sl\/","name":"Dystrybucja ARC","description":"Firma specjalizuj\u0105ca si\u0119 w produkcji i dystrybucji maszyn przemys\u0142owych, zgrzewarek do puszek, maszyn do produkcji tabletek, maszyn do ci\u0119cia mi\u0119sa...","publisher":{"@id":"https:\/\/www.distribucionarc.com\/sl\/#organization"},"potentialAction":[{"@type":"SearchAction","target":{"@type":"EntryPoint","urlTemplate":"https:\/\/www.distribucionarc.com\/sl\/?s={search_term_string}"},"query-input":{"@type":"PropertyValueSpecification","valueRequired":true,"valueName":"search_term_string"}}],"inLanguage":"pl-PL"},{"@type":"Organization","@id":"https:\/\/www.distribucionarc.com\/sl\/#organization","name":"Dystrybucja ARC","url":"https:\/\/www.distribucionarc.com\/sl\/","logo":{"@type":"ImageObject","inLanguage":"pl-PL","@id":"https:\/\/www.distribucionarc.com\/sl\/#\/schema\/logo\/image\/","url":"https:\/\/distribucionarc.com\/wp-content\/uploads\/2024\/10\/distribucion-ARC-COLOR-SIN-FONDO-e1732295305345.png","contentUrl":"https:\/\/distribucionarc.com\/wp-content\/uploads\/2024\/10\/distribucion-ARC-COLOR-SIN-FONDO-e1732295305345.png","width":1164,"height":558,"caption":"Distribuci\u00f3n ARC"},"image":{"@id":"https:\/\/www.distribucionarc.com\/sl\/#\/schema\/logo\/image\/"},"description":"Firma specjalizuj\u0105ca si\u0119 w produkcji i dystrybucji maszyn przemys\u0142owych dla sektora spo\u017cywczego i farmaceutycznego. Specjalizujemy si\u0119 w: Maszyny do krojenia mi\u0119sa Produkcja tabletek Przemys\u0142owe systemy transportowe Linie butelkuj\u0105ce Dozowniki I wiele wi\u0119cej.... Oferujemy innowacyjne i niestandardowe rozwi\u0105zania w celu optymalizacji proces\u00f3w produkcyjnych w Twojej firmie.","email":"Admistracion@distribucionarc.com","telephone":"+34 643496664","legalName":"ARC TECH SOLUTIONS","foundingDate":"2024-04-09","vatID":"B55480172","numberOfEmployees":{"@type":"QuantitativeValue","minValue":"1","maxValue":"10"}}]}},"_links":{"self":[{"href":"https:\/\/distribucionarc.com\/pl\/wp-json\/wp\/v2\/product\/3692","targetHints":{"allow":["GET"]}}],"collection":[{"href":"https:\/\/distribucionarc.com\/pl\/wp-json\/wp\/v2\/product"}],"about":[{"href":"https:\/\/distribucionarc.com\/pl\/wp-json\/wp\/v2\/types\/product"}],"replies":[{"embeddable":true,"href":"https:\/\/distribucionarc.com\/pl\/wp-json\/wp\/v2\/comments?post=3692"}],"version-history":[{"count":0,"href":"https:\/\/distribucionarc.com\/pl\/wp-json\/wp\/v2\/product\/3692\/revisions"}],"wp:featuredmedia":[{"embeddable":true,"href":"https:\/\/distribucionarc.com\/pl\/wp-json\/wp\/v2\/media\/3701"}],"wp:attachment":[{"href":"https:\/\/distribucionarc.com\/pl\/wp-json\/wp\/v2\/media?parent=3692"}],"wp:term":[{"taxonomy":"product_brand","embeddable":true,"href":"https:\/\/distribucionarc.com\/pl\/wp-json\/wp\/v2\/product_brand?post=3692"},{"taxonomy":"product_cat","embeddable":true,"href":"https:\/\/distribucionarc.com\/pl\/wp-json\/wp\/v2\/product_cat?post=3692"},{"taxonomy":"product_tag","embeddable":true,"href":"https:\/\/distribucionarc.com\/pl\/wp-json\/wp\/v2\/product_tag?post=3692"}],"curies":[{"name":"wp","href":"https:\/\/api.w.org\/{rel}","templated":true}]}}