{"id":371,"date":"2020-04-18T13:03:20","date_gmt":"2020-04-18T13:03:20","guid":{"rendered":"https:\/\/distribucionarc.com\/?post_type=product&#038;p=371"},"modified":"2025-05-08T22:12:23","modified_gmt":"2025-05-08T20:12:23","slug":"podwojny-tlok-pneumatyczny-dozownik-cieczy-poprzez-ssanie-dozujace-1000ml-%f0%9f%a7%b4","status":"publish","type":"product","link":"https:\/\/distribucionarc.com\/pl\/producto\/llenadora-de-liquidos-doble-piston-neumatico-por-succion-embotelladora-dosificadora-1000ml-%f0%9f%a7%b4\/","title":{"rendered":"Nape\u0142niacz p\u0142ynny, odsysanie pneumatyczne z podw\u00f3jnym t\u0142okiem, butelkowanie, dozowanie 1000 ml?"},"content":{"rendered":"<h2>\ud83e\uddf4 P\u00f3\u0142automatyczna dwut\u0142okowa maszyna do nape\u0142niania p\u0142yn\u00f3w i p\u00f3\u0142p\u0142yn\u00f3w<\/h2>\n<p>The <strong>p\u00f3\u0142automatyczna dwut\u0142okowa maszyna do nape\u0142niania<\/strong> Jest to uniwersalne i precyzyjne rozwi\u0105zanie do pakowania produkt\u00f3w p\u0142ynnych i p\u00f3\u0142p\u0142ynnych o niskiej lepko\u015bci. Dzi\u0119ki pneumatycznemu systemowi t\u0142okowemu i zaworom obrotowym umo\u017cliwia r\u00f3wnomierne i wydajne nape\u0142nianie, dostosowane do potrzeb ma\u0142ych i \u015brednich linii produkcyjnych.<\/p>\n<p>Wykonana ze stali nierdzewnej maszyna idealnie nadaje si\u0119 do miejsc, w kt\u00f3rych higiena i trwa\u0142o\u015b\u0107 maj\u0105 kluczowe znaczenie. Jego konstrukcja pozwala na \u0142atwy demonta\u017c, dzi\u0119ki czemu czyszczenie i codzienna konserwacja staj\u0105 si\u0119 \u0142atwiejsze \ud83e\uddfc.<\/p>\n<p>Do najcz\u0119\u015bciej przetwarzanych produkt\u00f3w zaliczaj\u0105 si\u0119:<\/p>\n<ul>\n<li>\ud83e\uddf4 <strong>\u017bel hydroalkoholowy<\/strong>, balsamy i olejki eteryczne<\/li>\n<li>\ud83c\udf6f <strong>Mi\u00f3d p\u0142ynny<\/strong>, syropy, sosy p\u0142ynne, winegrety<\/li>\n<li>\ud83d\udc8a <strong>Syropy doustne<\/strong>, roztwory farmaceutyczne i toniki<\/li>\n<li>\ud83e\uddea <strong>Alkohol izopropylowy<\/strong>, p\u0142yny czyszcz\u0105ce, detergenty<\/li>\n<li>\ud83e\udd64 <strong>Soki<\/strong>, koncentraty p\u0142ynne, napoje izotoniczne<\/li>\n<\/ul>\n<p>Maszyna ta umo\u017cliwia regulacj\u0119 obj\u0119to\u015bci i pr\u0119dko\u015bci nape\u0142niania za pomoc\u0105 <strong>dok\u0142adno\u015b\u0107 \u00b11%<\/strong>, dostosowuj\u0105c si\u0119 do szerokiej gamy opakowa\u0144. Regulowana g\u0142owica i opcje obs\u0142ugi <strong>p\u00f3\u0142automatyczny lub automatyczny<\/strong> Oferuj\u0105 elastyczno\u015b\u0107 w ka\u017cdym typie proces\u00f3w.<\/p>\n<p>Kr\u00f3tko m\u00f3wi\u0105c, jest to niezawodne narz\u0119dzie pozwalaj\u0105ce zwi\u0119kszy\u0107 wydajno\u015b\u0107, zminimalizowa\u0107 ilo\u015b\u0107 odpad\u00f3w i zapewni\u0107 sp\u00f3jne rezultaty za ka\u017cdym razem. \u2714\ufe0f<\/p>\n<h3>Dane techniczne<\/h3>\n<table>\n<thead>\n<tr>\n<th>Funkcja<\/th>\n<th>Szczeg\u00f3\u0142<\/th>\n<\/tr>\n<\/thead>\n<tbody>\n<tr>\n<td>Typ maszyny<\/td>\n<td>P\u00f3\u0142automatyczna maszyna do nape\u0142niania dwut\u0142okowego<\/td>\n<\/tr>\n<tr>\n<td>Rodzaj produkt\u00f3w<\/td>\n<td>Ciecze i p\u00f3\u0142ciecze o niskiej lepko\u015bci<\/td>\n<\/tr>\n<tr>\n<td>Aplikacje<\/td>\n<td>Kosmetyki, \u017bywno\u015b\u0107, Chemikalia, Farmaceutyki, Napoje<\/td>\n<\/tr>\n<tr>\n<td>Produkty kompatybilne<\/td>\n<td>\u017bel hydroalkoholowy, mi\u00f3d, syropy, sosy, kremy, oleje, \u015brodki dezynfekuj\u0105ce<\/td>\n<\/tr>\n<tr>\n<td>System nape\u0142niania<\/td>\n<td>T\u0142ok pneumatyczny z zaworem obrotowym<\/td>\n<\/tr>\n<tr>\n<td>Dok\u0142adno\u015b\u0107 wype\u0142niania<\/td>\n<td>\u00b11%<\/td>\n<\/tr>\n<tr>\n<td>Zakres nape\u0142niania<\/td>\n<td>90 ml \u2013 1000 ml<\/td>\n<\/tr>\n<tr>\n<td>Ci\u015bnienie robocze<\/td>\n<td>0,4 \u2013 0,9 MPa<\/td>\n<\/tr>\n<tr>\n<td>Pr\u0119dko\u015b\u0107 produkcji<\/td>\n<td>Do 40 butelek na minut\u0119<\/td>\n<\/tr>\n<tr>\n<td>Zasilacz<\/td>\n<td>220 V<\/td>\n<\/tr>\n<tr>\n<td>Liczba g\u0142\u00f3w<\/td>\n<td>1<\/td>\n<\/tr>\n<tr>\n<td>Wymiary<\/td>\n<td>Wymiary: 1000 \u00d7 350 \u00d7 355 mm<\/td>\n<\/tr>\n<tr>\n<td>Waga<\/td>\n<td>40 kg<\/td>\n<\/tr>\n<tr>\n<td>Materia\u0142 produkcyjny<\/td>\n<td>Stal nierdzewna<\/td>\n<\/tr>\n<tr>\n<td>Tryby dzia\u0142ania<\/td>\n<td>P\u00f3\u0142automatyczny \/ Automatyczny<\/td>\n<\/tr>\n<tr>\n<td>Czyszczenie i konserwacja<\/td>\n<td>\u0141atwy demonta\u017c i czyszczenie<\/td>\n<\/tr>\n<\/tbody>\n<\/table>","protected":false},"excerpt":{"rendered":"<p>Pneumatyczne urz\u0105dzenie rozlewnicze 90ML \u27a1\ufe0f1000ML maszyna nape\u0142niaj\u0105ca do szamponu, olejku, wody, perfum<\/p>\n<p>P\u00f3\u0142automatyczny nape\u0142niacz do butelek<\/p>\n<p>PNEUMATYCZNA NAPE\u0141NIACZ P\u0141YNU DO SZAMPON\u00d3W, OLEJK\u00d3W, \u017bEL\u00d3W WODNYCH PERFUMY<\/p>\n<p>90ML \u27a1\ufe0f 1000ML<\/p>\n<p>Mo\u017cna dozowa\u0107 r\u00f3\u017cnego rodzaju p\u0142yny, takie jak szampon, olejek, woda, perfumy i chemikalia w \u017celu. Mo\u017cna dozowa\u0107 r\u00f3\u017cne ilo\u015bci produktu pocz\u0105wszy od 90ML \u27a1\ufe0f1000ML.<\/p>","protected":false},"featured_media":378,"comment_status":"open","ping_status":"closed","template":"","meta":{"wds_primary_product_brand":0,"wds_primary_product_cat":0},"product_brand":[],"product_cat":[18,19,321,21],"product_tag":[],"class_list":{"0":"post-371","1":"product","2":"type-product","3":"status-publish","4":"has-post-thumbnail","6":"product_cat-dosificadoras","7":"product_cat-dosificadoras-de-liquidos","8":"product_cat-llenadoras-de-piston","9":"product_cat-maquinas-llenadoras","11":"first","12":"instock","13":"taxable","14":"shipping-taxable","15":"purchasable","16":"product-type-simple"},"yoast_head":"<!-- This site is optimized with the Yoast SEO Premium plugin v24.9 (Yoast SEO v26.1) - https:\/\/yoast.com\/wordpress\/plugins\/seo\/ -->\n<title>Llenadora de l\u00edquidos, Doble Pist\u00f3n Neum\u00e1tico por Succi\u00f3n, Embotelladora, Dosificadora 1000 ml ? - distribuci\u00f3n ARC<\/title>\n<meta name=\"robots\" content=\"index, follow, max-snippet:-1, max-image-preview:large, max-video-preview:-1\" \/>\n<link rel=\"canonical\" href=\"https:\/\/distribucionarc.com\/pl\/produkty\/podwojny-tlok-pneumatyczny-dozownik-cieczy-poprzez-ssanie-dozujace-1000ml-\ud83e\uddf4\/\" \/>\n<meta property=\"og:locale\" content=\"pl_PL\" \/>\n<meta property=\"og:type\" content=\"article\" \/>\n<meta property=\"og:title\" content=\"Llenadora de l\u00edquidos, Doble Pist\u00f3n Neum\u00e1tico por Succi\u00f3n, Embotelladora, Dosificadora 1000 ml ?\" \/>\n<meta property=\"og:description\" content=\"Dispositivo de embotellado neum\u00e1tico 90ML \u27a1\ufe0f 1000ML m\u00e1quina de rellenar para el champ\u00fa, aceite, agua, perfume  Llenadora de botellas semiautom\u00e1tica  MAQUINA DE LLENADO DE L\u00cdQUIDO NEUMATICA PARA CHAMPU, ACEITE, PERFUME DE AGUA GEL  90ML \u27a1\ufe0f 1000ML  Usted puede dosificar diversa clase de l\u00edquidos como champ\u00fa, aceite, agua, perfume y gel el productos qu\u00edmicos. Puede dosificar diferentes cantidades de producto que van desde los 90ML \u27a1\ufe0f1000ML.\" \/>\n<meta property=\"og:url\" content=\"https:\/\/distribucionarc.com\/pl\/produkty\/podwojny-tlok-pneumatyczny-dozownik-cieczy-poprzez-ssanie-dozujace-1000ml-\ud83e\uddf4\/\" \/>\n<meta property=\"og:site_name\" content=\"distribuci\u00f3n ARC\" \/>\n<meta property=\"article:modified_time\" content=\"2025-05-08T20:12:23+00:00\" \/>\n<meta property=\"og:image\" content=\"https:\/\/distribucionarc.com\/wp-content\/uploads\/2020\/04\/llenadora_de_liquidos_doble_piston_neumatico_por_succi\u00f3n_embotelladora_dosificadora_1000ml_0.jpeg\" \/>\n\t<meta property=\"og:image:width\" content=\"960\" \/>\n\t<meta property=\"og:image:height\" content=\"960\" \/>\n\t<meta property=\"og:image:type\" content=\"image\/jpeg\" \/>\n<meta name=\"twitter:card\" content=\"summary_large_image\" \/>\n<meta name=\"twitter:label1\" content=\"Szacowany czas czytania\" \/>\n\t<meta name=\"twitter:data1\" content=\"2 minuty\" \/>\n<script type=\"application\/ld+json\" class=\"yoast-schema-graph\">{\"@context\":\"https:\/\/schema.org\",\"@graph\":[{\"@type\":\"WebPage\",\"@id\":\"https:\/\/distribucionarc.com\/en\/producto\/llenadora-de-liquidos-doble-piston-neumatico-por-succion-embotelladora-dosificadora-1000ml-%f0%9f%a7%b4\/\",\"url\":\"https:\/\/distribucionarc.com\/en\/producto\/llenadora-de-liquidos-doble-piston-neumatico-por-succion-embotelladora-dosificadora-1000ml-%f0%9f%a7%b4\/\",\"name\":\"Llenadora de l\u00edquidos, Doble Pist\u00f3n Neum\u00e1tico por Succi\u00f3n, Embotelladora, Dosificadora 1000 ml ? - distribuci\u00f3n ARC\",\"isPartOf\":{\"@id\":\"https:\/\/www.distribucionarc.com\/sl\/#website\"},\"primaryImageOfPage\":{\"@id\":\"https:\/\/distribucionarc.com\/en\/producto\/llenadora-de-liquidos-doble-piston-neumatico-por-succion-embotelladora-dosificadora-1000ml-%f0%9f%a7%b4\/#primaryimage\"},\"image\":{\"@id\":\"https:\/\/distribucionarc.com\/en\/producto\/llenadora-de-liquidos-doble-piston-neumatico-por-succion-embotelladora-dosificadora-1000ml-%f0%9f%a7%b4\/#primaryimage\"},\"thumbnailUrl\":\"https:\/\/distribucionarc.com\/wp-content\/uploads\/2020\/04\/llenadora_de_liquidos_doble_piston_neumatico_por_succi\u00f3n_embotelladora_dosificadora_1000ml_0.jpeg\",\"datePublished\":\"2020-04-18T13:03:20+00:00\",\"dateModified\":\"2025-05-08T20:12:23+00:00\",\"breadcrumb\":{\"@id\":\"https:\/\/distribucionarc.com\/en\/producto\/llenadora-de-liquidos-doble-piston-neumatico-por-succion-embotelladora-dosificadora-1000ml-%f0%9f%a7%b4\/#breadcrumb\"},\"inLanguage\":\"pl-PL\",\"potentialAction\":[{\"@type\":\"ReadAction\",\"target\":[\"https:\/\/distribucionarc.com\/en\/producto\/llenadora-de-liquidos-doble-piston-neumatico-por-succion-embotelladora-dosificadora-1000ml-%f0%9f%a7%b4\/\"]}]},{\"@type\":\"ImageObject\",\"inLanguage\":\"pl-PL\",\"@id\":\"https:\/\/distribucionarc.com\/en\/producto\/llenadora-de-liquidos-doble-piston-neumatico-por-succion-embotelladora-dosificadora-1000ml-%f0%9f%a7%b4\/#primaryimage\",\"url\":\"https:\/\/distribucionarc.com\/wp-content\/uploads\/2020\/04\/llenadora_de_liquidos_doble_piston_neumatico_por_succi\u00f3n_embotelladora_dosificadora_1000ml_0.jpeg\",\"contentUrl\":\"https:\/\/distribucionarc.com\/wp-content\/uploads\/2020\/04\/llenadora_de_liquidos_doble_piston_neumatico_por_succi\u00f3n_embotelladora_dosificadora_1000ml_0.jpeg\",\"width\":960,\"height\":960},{\"@type\":\"BreadcrumbList\",\"@id\":\"https:\/\/distribucionarc.com\/en\/producto\/llenadora-de-liquidos-doble-piston-neumatico-por-succion-embotelladora-dosificadora-1000ml-%f0%9f%a7%b4\/#breadcrumb\",\"itemListElement\":[{\"@type\":\"ListItem\",\"position\":1,\"name\":\"Portada\",\"item\":\"https:\/\/www.distribucionarc.com\/\"},{\"@type\":\"ListItem\",\"position\":2,\"name\":\"\u00dcr\u00fcnler\",\"item\":\"https:\/\/www.distribucionarc.com\/tr\/magaza\/\"},{\"@type\":\"ListItem\",\"position\":3,\"name\":\"Llenadora de l\u00edquidos, Doble Pist\u00f3n Neum\u00e1tico por Succi\u00f3n, Embotelladora, Dosificadora 1000 ml ?\"}]},{\"@type\":\"WebSite\",\"@id\":\"https:\/\/www.distribucionarc.com\/sl\/#website\",\"url\":\"https:\/\/www.distribucionarc.com\/sl\/\",\"name\":\"distribuci\u00f3n ARC\",\"description\":\"Empresa especializada en la fabricaci\u00f3n y distribuci\u00f3n de maquinaria industrial, selladoras de latas, Maquinas de hacer pastillas, Maquinas de cortar carne...\",\"publisher\":{\"@id\":\"https:\/\/www.distribucionarc.com\/sl\/#organization\"},\"potentialAction\":[{\"@type\":\"SearchAction\",\"target\":{\"@type\":\"EntryPoint\",\"urlTemplate\":\"https:\/\/www.distribucionarc.com\/sl\/?s={search_term_string}\"},\"query-input\":{\"@type\":\"PropertyValueSpecification\",\"valueRequired\":true,\"valueName\":\"search_term_string\"}}],\"inLanguage\":\"pl-PL\"},{\"@type\":\"Organization\",\"@id\":\"https:\/\/www.distribucionarc.com\/sl\/#organization\",\"name\":\"Distribuci\u00f3n ARC\",\"url\":\"https:\/\/www.distribucionarc.com\/sl\/\",\"logo\":{\"@type\":\"ImageObject\",\"inLanguage\":\"pl-PL\",\"@id\":\"https:\/\/www.distribucionarc.com\/sl\/#\/schema\/logo\/image\/\",\"url\":\"https:\/\/distribucionarc.com\/wp-content\/uploads\/2024\/10\/distribucion-ARC-COLOR-SIN-FONDO-e1732295305345.png\",\"contentUrl\":\"https:\/\/distribucionarc.com\/wp-content\/uploads\/2024\/10\/distribucion-ARC-COLOR-SIN-FONDO-e1732295305345.png\",\"width\":1164,\"height\":558,\"caption\":\"Distribuci\u00f3n ARC\"},\"image\":{\"@id\":\"https:\/\/www.distribucionarc.com\/sl\/#\/schema\/logo\/image\/\"},\"description\":\"Empresa especializada en la fabricaci\u00f3n y distribuci\u00f3n de maquinaria industrial para los sectores alimentario y farmac\u00e9utico. Nos especializamos en: M\u00e1quinas de cortar carne Fabricaci\u00f3n de comprimidos Sistemas de transporte industrial L\u00edneas de embotellado Dosificadores Y mucho m\u00e1s... Ofrecemos soluciones innovadoras y personalizadas para optimizar los procesos productivos de tu empresa.\",\"email\":\"Admistracion@distribucionarc.com\",\"telephone\":\"+34 643496664\",\"legalName\":\"ARC TECH SOLUTIONS\",\"foundingDate\":\"2024-04-09\",\"vatID\":\"B55480172\",\"numberOfEmployees\":{\"@type\":\"QuantitativeValue\",\"minValue\":\"1\",\"maxValue\":\"10\"}}]}<\/script>\n<!-- \/ Yoast SEO Premium plugin. -->","yoast_head_json":{"title":"Nape\u0142niacz p\u0142ynny, odsysanie pneumatyczne z podw\u00f3jnym t\u0142okiem, butelkowanie, dozowanie 1000 ml? - Dystrybucja ARC","robots":{"index":"index","follow":"follow","max-snippet":"max-snippet:-1","max-image-preview":"max-image-preview:large","max-video-preview":"max-video-preview:-1"},"canonical":"https:\/\/distribucionarc.com\/pl\/produkty\/podwojny-tlok-pneumatyczny-dozownik-cieczy-poprzez-ssanie-dozujace-1000ml-\ud83e\uddf4\/","og_locale":"pl_PL","og_type":"article","og_title":"Llenadora de l\u00edquidos, Doble Pist\u00f3n Neum\u00e1tico por Succi\u00f3n, Embotelladora, Dosificadora 1000 ml ?","og_description":"Dispositivo de embotellado neum\u00e1tico 90ML \u27a1\ufe0f 1000ML m\u00e1quina de rellenar para el champ\u00fa, aceite, agua, perfume  Llenadora de botellas semiautom\u00e1tica  MAQUINA DE LLENADO DE L\u00cdQUIDO NEUMATICA PARA CHAMPU, ACEITE, PERFUME DE AGUA GEL  90ML \u27a1\ufe0f 1000ML  Usted puede dosificar diversa clase de l\u00edquidos como champ\u00fa, aceite, agua, perfume y gel el productos qu\u00edmicos. Puede dosificar diferentes cantidades de producto que van desde los 90ML \u27a1\ufe0f1000ML.","og_url":"https:\/\/distribucionarc.com\/pl\/produkty\/podwojny-tlok-pneumatyczny-dozownik-cieczy-poprzez-ssanie-dozujace-1000ml-\ud83e\uddf4\/","og_site_name":"distribuci\u00f3n ARC","article_modified_time":"2025-05-08T20:12:23+00:00","og_image":[{"width":960,"height":960,"url":"https:\/\/distribucionarc.com\/wp-content\/uploads\/2020\/04\/llenadora_de_liquidos_doble_piston_neumatico_por_succi\u00f3n_embotelladora_dosificadora_1000ml_0.jpeg","type":"image\/jpeg"}],"twitter_card":"summary_large_image","twitter_misc":{"Szacowany czas czytania":"2 minuty"},"schema":{"@context":"https:\/\/schema.org","@graph":[{"@type":"WebPage","@id":"https:\/\/distribucionarc.com\/en\/producto\/llenadora-de-liquidos-doble-piston-neumatico-por-succion-embotelladora-dosificadora-1000ml-%f0%9f%a7%b4\/","url":"https:\/\/distribucionarc.com\/en\/producto\/llenadora-de-liquidos-doble-piston-neumatico-por-succion-embotelladora-dosificadora-1000ml-%f0%9f%a7%b4\/","name":"Nape\u0142niacz p\u0142ynny, odsysanie pneumatyczne z podw\u00f3jnym t\u0142okiem, butelkowanie, dozowanie 1000 ml? - Dystrybucja ARC","isPartOf":{"@id":"https:\/\/www.distribucionarc.com\/sl\/#website"},"primaryImageOfPage":{"@id":"https:\/\/distribucionarc.com\/en\/producto\/llenadora-de-liquidos-doble-piston-neumatico-por-succion-embotelladora-dosificadora-1000ml-%f0%9f%a7%b4\/#primaryimage"},"image":{"@id":"https:\/\/distribucionarc.com\/en\/producto\/llenadora-de-liquidos-doble-piston-neumatico-por-succion-embotelladora-dosificadora-1000ml-%f0%9f%a7%b4\/#primaryimage"},"thumbnailUrl":"https:\/\/distribucionarc.com\/wp-content\/uploads\/2020\/04\/llenadora_de_liquidos_doble_piston_neumatico_por_succi\u00f3n_embotelladora_dosificadora_1000ml_0.jpeg","datePublished":"2020-04-18T13:03:20+00:00","dateModified":"2025-05-08T20:12:23+00:00","breadcrumb":{"@id":"https:\/\/distribucionarc.com\/en\/producto\/llenadora-de-liquidos-doble-piston-neumatico-por-succion-embotelladora-dosificadora-1000ml-%f0%9f%a7%b4\/#breadcrumb"},"inLanguage":"pl-PL","potentialAction":[{"@type":"ReadAction","target":["https:\/\/distribucionarc.com\/en\/producto\/llenadora-de-liquidos-doble-piston-neumatico-por-succion-embotelladora-dosificadora-1000ml-%f0%9f%a7%b4\/"]}]},{"@type":"ImageObject","inLanguage":"pl-PL","@id":"https:\/\/distribucionarc.com\/en\/producto\/llenadora-de-liquidos-doble-piston-neumatico-por-succion-embotelladora-dosificadora-1000ml-%f0%9f%a7%b4\/#primaryimage","url":"https:\/\/distribucionarc.com\/wp-content\/uploads\/2020\/04\/llenadora_de_liquidos_doble_piston_neumatico_por_succi\u00f3n_embotelladora_dosificadora_1000ml_0.jpeg","contentUrl":"https:\/\/distribucionarc.com\/wp-content\/uploads\/2020\/04\/llenadora_de_liquidos_doble_piston_neumatico_por_succi\u00f3n_embotelladora_dosificadora_1000ml_0.jpeg","width":960,"height":960},{"@type":"BreadcrumbList","@id":"https:\/\/distribucionarc.com\/en\/producto\/llenadora-de-liquidos-doble-piston-neumatico-por-succion-embotelladora-dosificadora-1000ml-%f0%9f%a7%b4\/#breadcrumb","itemListElement":[{"@type":"ListItem","position":1,"name":"Portada","item":"https:\/\/www.distribucionarc.com\/"},{"@type":"ListItem","position":2,"name":"\u00dcr\u00fcnler","item":"https:\/\/www.distribucionarc.com\/tr\/magaza\/"},{"@type":"ListItem","position":3,"name":"Llenadora de l\u00edquidos, Doble Pist\u00f3n Neum\u00e1tico por Succi\u00f3n, Embotelladora, Dosificadora 1000 ml ?"}]},{"@type":"WebSite","@id":"https:\/\/www.distribucionarc.com\/sl\/#website","url":"https:\/\/www.distribucionarc.com\/sl\/","name":"Dystrybucja ARC","description":"Firma specjalizuj\u0105ca si\u0119 w produkcji i dystrybucji maszyn przemys\u0142owych, zgrzewarek do puszek, maszyn do produkcji tabletek, maszyn do ci\u0119cia mi\u0119sa...","publisher":{"@id":"https:\/\/www.distribucionarc.com\/sl\/#organization"},"potentialAction":[{"@type":"SearchAction","target":{"@type":"EntryPoint","urlTemplate":"https:\/\/www.distribucionarc.com\/sl\/?s={search_term_string}"},"query-input":{"@type":"PropertyValueSpecification","valueRequired":true,"valueName":"search_term_string"}}],"inLanguage":"pl-PL"},{"@type":"Organization","@id":"https:\/\/www.distribucionarc.com\/sl\/#organization","name":"Dystrybucja ARC","url":"https:\/\/www.distribucionarc.com\/sl\/","logo":{"@type":"ImageObject","inLanguage":"pl-PL","@id":"https:\/\/www.distribucionarc.com\/sl\/#\/schema\/logo\/image\/","url":"https:\/\/distribucionarc.com\/wp-content\/uploads\/2024\/10\/distribucion-ARC-COLOR-SIN-FONDO-e1732295305345.png","contentUrl":"https:\/\/distribucionarc.com\/wp-content\/uploads\/2024\/10\/distribucion-ARC-COLOR-SIN-FONDO-e1732295305345.png","width":1164,"height":558,"caption":"Distribuci\u00f3n ARC"},"image":{"@id":"https:\/\/www.distribucionarc.com\/sl\/#\/schema\/logo\/image\/"},"description":"Firma specjalizuj\u0105ca si\u0119 w produkcji i dystrybucji maszyn przemys\u0142owych dla sektora spo\u017cywczego i farmaceutycznego. Specjalizujemy si\u0119 w: Maszyny do krojenia mi\u0119sa Produkcja tabletek Przemys\u0142owe systemy transportowe Linie butelkuj\u0105ce Dozowniki I wiele wi\u0119cej.... Oferujemy innowacyjne i niestandardowe rozwi\u0105zania w celu optymalizacji proces\u00f3w produkcyjnych w Twojej firmie.","email":"Admistracion@distribucionarc.com","telephone":"+34 643496664","legalName":"ARC TECH SOLUTIONS","foundingDate":"2024-04-09","vatID":"B55480172","numberOfEmployees":{"@type":"QuantitativeValue","minValue":"1","maxValue":"10"}}]}},"_links":{"self":[{"href":"https:\/\/distribucionarc.com\/pl\/wp-json\/wp\/v2\/product\/371","targetHints":{"allow":["GET"]}}],"collection":[{"href":"https:\/\/distribucionarc.com\/pl\/wp-json\/wp\/v2\/product"}],"about":[{"href":"https:\/\/distribucionarc.com\/pl\/wp-json\/wp\/v2\/types\/product"}],"replies":[{"embeddable":true,"href":"https:\/\/distribucionarc.com\/pl\/wp-json\/wp\/v2\/comments?post=371"}],"version-history":[{"count":3,"href":"https:\/\/distribucionarc.com\/pl\/wp-json\/wp\/v2\/product\/371\/revisions"}],"predecessor-version":[{"id":17465,"href":"https:\/\/distribucionarc.com\/pl\/wp-json\/wp\/v2\/product\/371\/revisions\/17465"}],"wp:featuredmedia":[{"embeddable":true,"href":"https:\/\/distribucionarc.com\/pl\/wp-json\/wp\/v2\/media\/378"}],"wp:attachment":[{"href":"https:\/\/distribucionarc.com\/pl\/wp-json\/wp\/v2\/media?parent=371"}],"wp:term":[{"taxonomy":"product_brand","embeddable":true,"href":"https:\/\/distribucionarc.com\/pl\/wp-json\/wp\/v2\/product_brand?post=371"},{"taxonomy":"product_cat","embeddable":true,"href":"https:\/\/distribucionarc.com\/pl\/wp-json\/wp\/v2\/product_cat?post=371"},{"taxonomy":"product_tag","embeddable":true,"href":"https:\/\/distribucionarc.com\/pl\/wp-json\/wp\/v2\/product_tag?post=371"}],"curies":[{"name":"wp","href":"https:\/\/api.w.org\/{rel}","templated":true}]}}