{"id":3751,"date":"2020-10-07T13:01:49","date_gmt":"2020-10-07T13:01:49","guid":{"rendered":"https:\/\/distribucionarc.com\/?post_type=product&#038;p=3751"},"modified":"2023-12-05T11:26:40","modified_gmt":"2023-12-05T11:26:40","slug":"maszyna-do-nawijania-przedzy","status":"publish","type":"product","link":"https:\/\/distribucionarc.com\/pl\/producto\/maquina-bobinadora-de-hilo\/","title":{"rendered":"maszyna do zwijania kabli"},"content":{"rendered":"<h3>maszyna do zwijania kabli<\/h3>\n<p>Ten<strong> maszyna do nawijania nici <span style=\"color: #ff0000;\">DO<\/span><span style=\"color: #0000ff;\">R<\/span>C<\/strong> Jest on w pe\u0142ni automatyczny i wyposa\u017cony w wysoce precyzyjny, zsynchronizowany, najnowocze\u015bniejszy inteligentny system, kt\u00f3ry kontroluje wszystkie awarie w trakcie procesu. Ta inteligentna funkcja informuje o przekroczeniu pr\u0119dko\u015bci w trakcie procesu, kalibruje pr\u0119dko\u015b\u0107 nawijania i przeprowadza proces autokontroli. Funkcja suwmiarki pozwala na \u0142atwy pomiar szeroko\u015bci nawijania<\/p>\n<p>Silnik<strong> automatyczny nawijacz <span style=\"color: #ff0000;\">DO<\/span><span style=\"color: #0000ff;\">R<\/span>CMBH10<\/strong> Jest sterowany przez komputer, kt\u00f3ry kontroluje pr\u0119dko\u015b\u0107; co pozwala na kontrolowanie pr\u0119dko\u015bci w trakcie procesu, przy jednoczesnej synchronizacji z oscylatorem strunowym.<\/p>\n<p>Mo\u017cna ustawi\u0107 wszystkie dane, takie jak: punkt pocz\u0105tkowy, rozmiar drutu, szeroko\u015b\u0107 kompensacji uzwojenia, pr\u0119dko\u015b\u0107 pocz\u0105tkowa uzwojenia, powolne zatrzymywanie, pr\u0119dko\u015b\u0107 nawijania, powolna pr\u0119dko\u015b\u0107 obrotowa, kierunek kompensacji uzwojenia, kierunek nawijania, zatrzymanie bipolarne, automatyczne ponowne uruchomienie i uruchomienie. Posiada pojemno\u015b\u0107 pami\u0119ci 999 parametr\u00f3w.<\/p>\n<h6><strong>Gwarancja\u00a0<span style=\"color: #ff0000;\">DO<\/span><span style=\"color: #0000ff;\">R<\/span>C 2 LATA<\/strong><\/h6>\n<h6><span style=\"color: #008000;\">Wydajna przewijarka nici, niskie zu\u017cycie 350 W<\/span><\/h6>\n<h6><strong>wsparcie techniczne w cenie<\/strong><\/h6>\n<p>&nbsp;<\/p>\n<p>&nbsp;<\/p>\n<table role=\"presentation\" width=\"100%\" cellspacing=\"0\" cellpadding=\"0\">\n<tbody>\n<tr>\n<td class=\"attrLabels\">Marka:<\/td>\n<td width=\"50.0%\">\u0141UK<\/td>\n<\/tr>\n<tr>\n<td class=\"attrLabels\">Kraj dystrybucji:<\/td>\n<td width=\"50.0%\">Hiszpania, Niemcy, USA<\/td>\n<td class=\"attrLabels\">Wymiary maszyny:<\/td>\n<td width=\"50.0%\">Wymiary: 47x48x39 cm<\/td>\n<\/tr>\n<tr>\n<td class=\"attrLabels\">Gwarancja:<\/td>\n<td width=\"50.0%\">2 lata<\/td>\n<td class=\"attrLabels\">Moc:<\/td>\n<td width=\"50.0%\">350 W<\/td>\n<\/tr>\n<tr>\n<td class=\"attrLabels\">Kolor:<\/td>\n<td width=\"50.0%\">Srebrny<\/td>\n<td class=\"attrLabels\">Napi\u0119cie wej\u015bciowe:<\/td>\n<td width=\"50.0%\">220 V \u2013 60 Hz<\/td>\n<\/tr>\n<tr>\n<td class=\"attrLabels\">Rodzaj produktu:<\/td>\n<td width=\"50.0%\">Elektryczna nawijarka nici<\/td>\n<td class=\"attrLabels\">Maksymalna szeroko\u015b\u0107 nawijania:<\/td>\n<td width=\"50.0%\">110 mm<\/td>\n<\/tr>\n<tr>\n<td class=\"attrLabels\">Numer producenta:<\/td>\n<td width=\"50.0%\">ARCMBH10<\/td>\n<td class=\"attrLabels\">Rozmiar przewodu:<\/td>\n<td width=\"50.0%\">0,03\u20131,2 mm<\/td>\n<\/tr>\n<tr>\n<td class=\"attrLabels\">Tworzywo:<\/td>\n<td width=\"50.0%\">Wzmocniona stal, wydajny silnik, inteligentny komputer<\/td>\n<td class=\"attrLabels\">Maksymalna pr\u0119dko\u015b\u0107 skr\u0119tu:<\/td>\n<td width=\"50.0%\">6000 obrot\u00f3w na minut\u0119<\/td>\n<\/tr>\n<tr>\n<td class=\"attrLabels\">Narz\u0119dzia instalacyjne:<\/td>\n<td width=\"50.0%\">Tak<\/td>\n<td class=\"attrLabels\">Rozdzielczo\u015b\u0107 liczenia:<\/td>\n<td width=\"50.0%\">0,1 okr\u0119g\u00f3w<\/td>\n<\/tr>\n<tr>\n<td class=\"attrLabels\">Waga:<\/td>\n<td width=\"50.0%\">29 kg<\/td>\n<td class=\"attrLabels\">Grupy, kt\u00f3re mo\u017cna przechowywa\u0107:<\/td>\n<td width=\"50.0%\">999 kr\u0119tych wspomnie\u0144<\/td>\n<\/tr>\n<\/tbody>\n<\/table>","protected":false},"excerpt":{"rendered":"<h2>maszyna do zwijania kabli<\/h2>\n<p>Ten<strong> nawijarka nici <span style=\"color: #ff0000;\">DO<\/span><span style=\"color: #0000ff;\">R<\/span>C automatyczne<\/strong> Sterowany komputerowo, wykorzystuje najnowocze\u015bniejsze, wysoce precyzyjne i p\u0142ynnie zsynchronizowane systemy nawijania; gdy podczas procesu nawijania przy nadmiernej pr\u0119dko\u015bci dochodzi do rozbie\u017cno\u015bci. Posiada superinteligentny system z funkcjami autokontroli, wykrywania b\u0142\u0119d\u00f3w sprz\u0119tu, monitorowania przekroczenia pr\u0119dko\u015bci i kalibracji pr\u0119dko\u015bci. Mo\u017cesz skonfigurowa\u0107 parametry pr\u0119dko\u015bci, kt\u00f3re najlepiej odpowiadaj\u0105 Twoim potrzebom. Ten <strong>maszyna do nawijania nici<\/strong> Nadaje si\u0119 do cienkich metali, takich jak mied\u017a, stal, aluminium, drut, a nawet gruby nylon.<\/p>\n<h6><strong>Gwarancja\u00a0<span style=\"color: #ff0000;\">DO<\/span><span style=\"color: #0000ff;\">R<\/span>C 2 LATA<\/strong><\/h6>\n<h6><span style=\"color: #008000;\">Wydajna przewijarka nici, niskie zu\u017cycie 350 W<\/span><\/h6>\n<h6><strong>wsparcie techniczne w cenie<\/strong><\/h6>","protected":false},"featured_media":3757,"comment_status":"open","ping_status":"closed","template":"","meta":{"wds_primary_product_brand":0,"wds_primary_product_cat":0},"product_brand":[],"product_cat":[69],"product_tag":[],"class_list":{"0":"post-3751","1":"product","2":"type-product","3":"status-publish","4":"has-post-thumbnail","6":"product_cat-maquinas-variadas","7":"product_shipping_class-hosteleria","9":"first","10":"instock","11":"taxable","12":"shipping-taxable","13":"purchasable","14":"product-type-simple"},"yoast_head":"<!-- This site is optimized with the Yoast SEO Premium plugin v24.9 (Yoast SEO v26.1) - https:\/\/yoast.com\/wordpress\/plugins\/seo\/ -->\n<title>M\u00e1quina bobinadora de cable - distribuci\u00f3n ARC<\/title>\n<meta name=\"robots\" content=\"index, follow, max-snippet:-1, max-image-preview:large, max-video-preview:-1\" \/>\n<link rel=\"canonical\" href=\"https:\/\/www.distribucionarc.com\/en\/producto\/maquina-bobinadora-de-hilo\/\" \/>\n<meta property=\"og:locale\" content=\"pl_PL\" \/>\n<meta property=\"og:type\" content=\"article\" \/>\n<meta property=\"og:title\" content=\"M\u00e1quina bobinadora de cable\" \/>\n<meta property=\"og:description\" content=\"M\u00e1quina bobinadora de cable Esta bobinadora de hilo ARC autom\u00e1tica controlada por ordenador, adopta los \u00faltimos sistemas de bobinado sincronizado de alta precisi\u00f3n y sin problemas; cuando aparecen desalineaciones en el proceso de bobinado a una velocidad excesiva. Cuenta con un sistema super inteligente con funciones de autocomprobaci\u00f3n, errores del equipo, seguimiento de velocidad excesiva y calibraci\u00f3n de la velocidad. Puede configurar los par\u00e1metros de velocidad que m\u00e1s se adapten a su necesidad. Esta maquina para bobinar hilo est\u00e1 adaptada para metales finos como cobre, acero, aluminio, alambre o incluso nylon grueso. Garant\u00eda\u00a0ARC 2 A\u00d1OS Rebobinadora de hilo eficiente, bajo consumo 350w soporte t\u00e9cnico incluido\" \/>\n<meta property=\"og:url\" content=\"https:\/\/www.distribucionarc.com\/en\/producto\/maquina-bobinadora-de-hilo\/\" \/>\n<meta property=\"og:site_name\" content=\"distribuci\u00f3n ARC\" \/>\n<meta property=\"article:modified_time\" content=\"2023-12-05T11:26:40+00:00\" \/>\n<meta property=\"og:image\" content=\"https:\/\/distribucionarc.com\/wp-content\/uploads\/2020\/10\/M\u00e1quina-bobinadora-de-hilo-2.jpg\" \/>\n\t<meta property=\"og:image:width\" content=\"1000\" \/>\n\t<meta property=\"og:image:height\" content=\"1000\" \/>\n\t<meta property=\"og:image:type\" content=\"image\/jpeg\" \/>\n<meta name=\"twitter:card\" content=\"summary_large_image\" \/>\n<meta name=\"twitter:label1\" content=\"Szacowany czas czytania\" \/>\n\t<meta name=\"twitter:data1\" content=\"1 minuta\" \/>\n<script type=\"application\/ld+json\" class=\"yoast-schema-graph\">{\"@context\":\"https:\/\/schema.org\",\"@graph\":[{\"@type\":\"WebPage\",\"@id\":\"https:\/\/www.distribucionarc.com\/en\/producto\/maquina-bobinadora-de-hilo\/\",\"url\":\"https:\/\/www.distribucionarc.com\/en\/producto\/maquina-bobinadora-de-hilo\/\",\"name\":\"M\u00e1quina bobinadora de cable - distribuci\u00f3n ARC\",\"isPartOf\":{\"@id\":\"https:\/\/distribucionarc.com\/de\/#website\"},\"primaryImageOfPage\":{\"@id\":\"https:\/\/www.distribucionarc.com\/en\/producto\/maquina-bobinadora-de-hilo\/#primaryimage\"},\"image\":{\"@id\":\"https:\/\/www.distribucionarc.com\/en\/producto\/maquina-bobinadora-de-hilo\/#primaryimage\"},\"thumbnailUrl\":\"https:\/\/distribucionarc.com\/wp-content\/uploads\/2020\/10\/M\u00e1quina-bobinadora-de-hilo-2.jpg\",\"datePublished\":\"2020-10-07T13:01:49+00:00\",\"dateModified\":\"2023-12-05T11:26:40+00:00\",\"breadcrumb\":{\"@id\":\"https:\/\/www.distribucionarc.com\/en\/producto\/maquina-bobinadora-de-hilo\/#breadcrumb\"},\"inLanguage\":\"pl-PL\",\"potentialAction\":[{\"@type\":\"ReadAction\",\"target\":[\"https:\/\/www.distribucionarc.com\/en\/producto\/maquina-bobinadora-de-hilo\/\"]}]},{\"@type\":\"ImageObject\",\"inLanguage\":\"pl-PL\",\"@id\":\"https:\/\/www.distribucionarc.com\/en\/producto\/maquina-bobinadora-de-hilo\/#primaryimage\",\"url\":\"https:\/\/distribucionarc.com\/wp-content\/uploads\/2020\/10\/M\u00e1quina-bobinadora-de-hilo-2.jpg\",\"contentUrl\":\"https:\/\/distribucionarc.com\/wp-content\/uploads\/2020\/10\/M\u00e1quina-bobinadora-de-hilo-2.jpg\",\"width\":1000,\"height\":1000,\"caption\":\"M\u00e1quina bobinadora de hilo\"},{\"@type\":\"BreadcrumbList\",\"@id\":\"https:\/\/www.distribucionarc.com\/en\/producto\/maquina-bobinadora-de-hilo\/#breadcrumb\",\"itemListElement\":[{\"@type\":\"ListItem\",\"position\":1,\"name\":\"Portada\",\"item\":\"https:\/\/distribucionarc.com\/pl\/\"},{\"@type\":\"ListItem\",\"position\":2,\"name\":\"Produkty\",\"item\":\"https:\/\/distribucionarc.com\/pl\/shop\/\"},{\"@type\":\"ListItem\",\"position\":3,\"name\":\"M\u00e1quina bobinadora de cable\"}]},{\"@type\":\"WebSite\",\"@id\":\"https:\/\/distribucionarc.com\/de\/#website\",\"url\":\"https:\/\/distribucionarc.com\/de\/\",\"name\":\"distribuci\u00f3n ARC\",\"description\":\"Empresa especializada en la fabricaci\u00f3n y distribuci\u00f3n de maquinaria industrial, selladoras de latas, Maquinas de hacer pastillas, Maquinas de cortar carne...\",\"publisher\":{\"@id\":\"https:\/\/distribucionarc.com\/de\/#organization\"},\"potentialAction\":[{\"@type\":\"SearchAction\",\"target\":{\"@type\":\"EntryPoint\",\"urlTemplate\":\"https:\/\/distribucionarc.com\/de\/?s={search_term_string}\"},\"query-input\":{\"@type\":\"PropertyValueSpecification\",\"valueRequired\":true,\"valueName\":\"search_term_string\"}}],\"inLanguage\":\"pl-PL\"},{\"@type\":\"Organization\",\"@id\":\"https:\/\/distribucionarc.com\/de\/#organization\",\"name\":\"Distribuci\u00f3n ARC\",\"url\":\"https:\/\/distribucionarc.com\/de\/\",\"logo\":{\"@type\":\"ImageObject\",\"inLanguage\":\"pl-PL\",\"@id\":\"https:\/\/distribucionarc.com\/de\/#\/schema\/logo\/image\/\",\"url\":\"https:\/\/distribucionarc.com\/wp-content\/uploads\/2024\/10\/distribucion-ARC-COLOR-SIN-FONDO-e1732295305345.png\",\"contentUrl\":\"https:\/\/distribucionarc.com\/wp-content\/uploads\/2024\/10\/distribucion-ARC-COLOR-SIN-FONDO-e1732295305345.png\",\"width\":1164,\"height\":558,\"caption\":\"Distribuci\u00f3n ARC\"},\"image\":{\"@id\":\"https:\/\/distribucionarc.com\/de\/#\/schema\/logo\/image\/\"},\"description\":\"Empresa especializada en la fabricaci\u00f3n y distribuci\u00f3n de maquinaria industrial para los sectores alimentario y farmac\u00e9utico. Nos especializamos en: M\u00e1quinas de cortar carne Fabricaci\u00f3n de comprimidos Sistemas de transporte industrial L\u00edneas de embotellado Dosificadores Y mucho m\u00e1s... Ofrecemos soluciones innovadoras y personalizadas para optimizar los procesos productivos de tu empresa.\",\"email\":\"Admistracion@distribucionarc.com\",\"telephone\":\"+34 643496664\",\"legalName\":\"ARC TECH SOLUTIONS\",\"foundingDate\":\"2024-04-09\",\"vatID\":\"B55480172\",\"numberOfEmployees\":{\"@type\":\"QuantitativeValue\",\"minValue\":\"1\",\"maxValue\":\"10\"}}]}<\/script>\n<!-- \/ Yoast SEO Premium plugin. -->","yoast_head_json":{"title":"Maszyna do nawijania kabli - dystrybucja ARC","robots":{"index":"index","follow":"follow","max-snippet":"max-snippet:-1","max-image-preview":"max-image-preview:large","max-video-preview":"max-video-preview:-1"},"canonical":"https:\/\/www.distribucionarc.com\/en\/producto\/maquina-bobinadora-de-hilo\/","og_locale":"pl_PL","og_type":"article","og_title":"M\u00e1quina bobinadora de cable","og_description":"M\u00e1quina bobinadora de cable Esta bobinadora de hilo ARC autom\u00e1tica controlada por ordenador, adopta los \u00faltimos sistemas de bobinado sincronizado de alta precisi\u00f3n y sin problemas; cuando aparecen desalineaciones en el proceso de bobinado a una velocidad excesiva. Cuenta con un sistema super inteligente con funciones de autocomprobaci\u00f3n, errores del equipo, seguimiento de velocidad excesiva y calibraci\u00f3n de la velocidad. Puede configurar los par\u00e1metros de velocidad que m\u00e1s se adapten a su necesidad. Esta maquina para bobinar hilo est\u00e1 adaptada para metales finos como cobre, acero, aluminio, alambre o incluso nylon grueso. Garant\u00eda\u00a0ARC 2 A\u00d1OS Rebobinadora de hilo eficiente, bajo consumo 350w soporte t\u00e9cnico incluido","og_url":"https:\/\/www.distribucionarc.com\/en\/producto\/maquina-bobinadora-de-hilo\/","og_site_name":"distribuci\u00f3n ARC","article_modified_time":"2023-12-05T11:26:40+00:00","og_image":[{"width":1000,"height":1000,"url":"https:\/\/distribucionarc.com\/wp-content\/uploads\/2020\/10\/M\u00e1quina-bobinadora-de-hilo-2.jpg","type":"image\/jpeg"}],"twitter_card":"summary_large_image","twitter_misc":{"Szacowany czas czytania":"1 minuta"},"schema":{"@context":"https:\/\/schema.org","@graph":[{"@type":"WebPage","@id":"https:\/\/www.distribucionarc.com\/en\/producto\/maquina-bobinadora-de-hilo\/","url":"https:\/\/www.distribucionarc.com\/en\/producto\/maquina-bobinadora-de-hilo\/","name":"Maszyna do nawijania kabli - dystrybucja ARC","isPartOf":{"@id":"https:\/\/distribucionarc.com\/de\/#website"},"primaryImageOfPage":{"@id":"https:\/\/www.distribucionarc.com\/en\/producto\/maquina-bobinadora-de-hilo\/#primaryimage"},"image":{"@id":"https:\/\/www.distribucionarc.com\/en\/producto\/maquina-bobinadora-de-hilo\/#primaryimage"},"thumbnailUrl":"https:\/\/distribucionarc.com\/wp-content\/uploads\/2020\/10\/M\u00e1quina-bobinadora-de-hilo-2.jpg","datePublished":"2020-10-07T13:01:49+00:00","dateModified":"2023-12-05T11:26:40+00:00","breadcrumb":{"@id":"https:\/\/www.distribucionarc.com\/en\/producto\/maquina-bobinadora-de-hilo\/#breadcrumb"},"inLanguage":"pl-PL","potentialAction":[{"@type":"ReadAction","target":["https:\/\/www.distribucionarc.com\/en\/producto\/maquina-bobinadora-de-hilo\/"]}]},{"@type":"ImageObject","inLanguage":"pl-PL","@id":"https:\/\/www.distribucionarc.com\/en\/producto\/maquina-bobinadora-de-hilo\/#primaryimage","url":"https:\/\/distribucionarc.com\/wp-content\/uploads\/2020\/10\/M\u00e1quina-bobinadora-de-hilo-2.jpg","contentUrl":"https:\/\/distribucionarc.com\/wp-content\/uploads\/2020\/10\/M\u00e1quina-bobinadora-de-hilo-2.jpg","width":1000,"height":1000,"caption":"M\u00e1quina bobinadora de hilo"},{"@type":"BreadcrumbList","@id":"https:\/\/www.distribucionarc.com\/en\/producto\/maquina-bobinadora-de-hilo\/#breadcrumb","itemListElement":[{"@type":"ListItem","position":1,"name":"Portada","item":"https:\/\/distribucionarc.com\/pl\/"},{"@type":"ListItem","position":2,"name":"Produkty","item":"https:\/\/distribucionarc.com\/pl\/shop\/"},{"@type":"ListItem","position":3,"name":"M\u00e1quina bobinadora de cable"}]},{"@type":"WebSite","@id":"https:\/\/distribucionarc.com\/de\/#website","url":"https:\/\/distribucionarc.com\/de\/","name":"Dystrybucja ARC","description":"Firma specjalizuj\u0105ca si\u0119 w produkcji i dystrybucji maszyn przemys\u0142owych, zgrzewarek do puszek, maszyn do produkcji tabletek, maszyn do ci\u0119cia mi\u0119sa...","publisher":{"@id":"https:\/\/distribucionarc.com\/de\/#organization"},"potentialAction":[{"@type":"SearchAction","target":{"@type":"EntryPoint","urlTemplate":"https:\/\/distribucionarc.com\/de\/?s={search_term_string}"},"query-input":{"@type":"PropertyValueSpecification","valueRequired":true,"valueName":"search_term_string"}}],"inLanguage":"pl-PL"},{"@type":"Organization","@id":"https:\/\/distribucionarc.com\/de\/#organization","name":"Dystrybucja ARC","url":"https:\/\/distribucionarc.com\/de\/","logo":{"@type":"ImageObject","inLanguage":"pl-PL","@id":"https:\/\/distribucionarc.com\/de\/#\/schema\/logo\/image\/","url":"https:\/\/distribucionarc.com\/wp-content\/uploads\/2024\/10\/distribucion-ARC-COLOR-SIN-FONDO-e1732295305345.png","contentUrl":"https:\/\/distribucionarc.com\/wp-content\/uploads\/2024\/10\/distribucion-ARC-COLOR-SIN-FONDO-e1732295305345.png","width":1164,"height":558,"caption":"Distribuci\u00f3n ARC"},"image":{"@id":"https:\/\/distribucionarc.com\/de\/#\/schema\/logo\/image\/"},"description":"Firma specjalizuj\u0105ca si\u0119 w produkcji i dystrybucji maszyn przemys\u0142owych dla sektora spo\u017cywczego i farmaceutycznego. Specjalizujemy si\u0119 w: Maszyny do krojenia mi\u0119sa Produkcja tabletek Przemys\u0142owe systemy transportowe Linie butelkuj\u0105ce Dozowniki I wiele wi\u0119cej.... Oferujemy innowacyjne i niestandardowe rozwi\u0105zania w celu optymalizacji proces\u00f3w produkcyjnych w Twojej firmie.","email":"Admistracion@distribucionarc.com","telephone":"+34 643496664","legalName":"ARC TECH SOLUTIONS","foundingDate":"2024-04-09","vatID":"B55480172","numberOfEmployees":{"@type":"QuantitativeValue","minValue":"1","maxValue":"10"}}]}},"_links":{"self":[{"href":"https:\/\/distribucionarc.com\/pl\/wp-json\/wp\/v2\/product\/3751","targetHints":{"allow":["GET"]}}],"collection":[{"href":"https:\/\/distribucionarc.com\/pl\/wp-json\/wp\/v2\/product"}],"about":[{"href":"https:\/\/distribucionarc.com\/pl\/wp-json\/wp\/v2\/types\/product"}],"replies":[{"embeddable":true,"href":"https:\/\/distribucionarc.com\/pl\/wp-json\/wp\/v2\/comments?post=3751"}],"version-history":[{"count":0,"href":"https:\/\/distribucionarc.com\/pl\/wp-json\/wp\/v2\/product\/3751\/revisions"}],"wp:featuredmedia":[{"embeddable":true,"href":"https:\/\/distribucionarc.com\/pl\/wp-json\/wp\/v2\/media\/3757"}],"wp:attachment":[{"href":"https:\/\/distribucionarc.com\/pl\/wp-json\/wp\/v2\/media?parent=3751"}],"wp:term":[{"taxonomy":"product_brand","embeddable":true,"href":"https:\/\/distribucionarc.com\/pl\/wp-json\/wp\/v2\/product_brand?post=3751"},{"taxonomy":"product_cat","embeddable":true,"href":"https:\/\/distribucionarc.com\/pl\/wp-json\/wp\/v2\/product_cat?post=3751"},{"taxonomy":"product_tag","embeddable":true,"href":"https:\/\/distribucionarc.com\/pl\/wp-json\/wp\/v2\/product_tag?post=3751"}],"curies":[{"name":"wp","href":"https:\/\/api.w.org\/{rel}","templated":true}]}}