{"id":3821,"date":"2020-10-09T14:05:43","date_gmt":"2020-10-09T14:05:43","guid":{"rendered":"https:\/\/distribucionarc.com\/?post_type=product&#038;p=3821"},"modified":"2020-10-09T14:05:44","modified_gmt":"2020-10-09T14:05:44","slug":"cisnieniowy-zbiornik-na-farbe-30l","status":"publish","type":"product","link":"https:\/\/distribucionarc.com\/pl\/producto\/tanque-de-pintura-a-presion-30l\/","title":{"rendered":"Zbiornik ci\u015bnieniowy na farb\u0119 o pojemno\u015bci 30 litr\u00f3w"},"content":{"rendered":"<h3>30L r\u0119czny zbiornik do mieszania farby pod ci\u015bnieniem<\/h3>\n<p>Projekt <strong>zbiornik na farb\u0119 <span style=\"color: #ff0000;\">DO<\/span><span style=\"color: #0000ff;\">R<\/span>C<\/strong> Mocne uszczelnienie wykonane jest ze wzmocnionej i pogrubionej stali nierdzewnej; Dzi\u0119ki precyzyjnej obr\u00f3bce, odporno\u015bci na korozj\u0119, dzia\u0142anie kwas\u00f3w i zasad. Zbiornik ci\u015bnieniowy o pojemno\u015bci 30 l wyposa\u017cony jest w sie\u0107 izolacyjn\u0105 s\u0142u\u017c\u0105c\u0105 do izolowania zanieczyszcze\u0144; Mieszad\u0142o miesza farb\u0119, zapobiegaj\u0105c nier\u00f3wnomiernemu wytr\u0105caniu si\u0119 osadu<\/p>\n<p>Otw\u00f3r wlotowy z wysokiej jako\u015bci uszczelnieniem i bardzo g\u0119stym wsadem mo\u017cna otworzy\u0107 po opr\u00f3\u017cnieniu zaworu ci\u015bnieniowego. Wyposa\u017cony w manometr i regulator ci\u015bnienia p\u0142ynu, zapewniaj\u0105cy idealne dopasowanie, manometr dok\u0142adnie wskazuje ci\u015bnienie w beczce. Zaw\u00f3r regulacyjny reguluje wp\u0142yw manometru.<\/p>\n<p>On<strong> zbiornik ci\u015bnieniowy na farb\u0119 <span style=\"color: #ff0000;\">DO<\/span><span style=\"color: #0000ff;\">R<\/span>CTPP30<\/strong> Nadaje si\u0119 do stosowania w przemy\u015ble malarskim lub wsz\u0119dzie tam, gdzie wymagane jest natryskiwanie du\u017cej ilo\u015bci farby. Posiada zaw\u00f3r bezpiecze\u0144stwa, kt\u00f3ry bezpiecznie i niezawodnie uwalnia gaz w przypadku, gdy ci\u015bnienie powietrza przekroczy bezpieczne ci\u015bnienie powietrza.<\/p>\n<h6><strong>Gwarancja\u00a0<span style=\"color: #ff0000;\">DO<\/span><span style=\"color: #0000ff;\">R<\/span>C 2 LATA<\/strong><\/h6>\n<h6><strong>wsparcie techniczne w cenie<\/strong><\/h6>\n<p>&nbsp;<\/p>\n<table width=\"100%\">\n<tbody>\n<tr>\n<td>Kraj dystrybucji:<\/td>\n<td width=\"33%\">Hiszpania, Niemcy, USA<\/td>\n<td width=\"15%\">Waga:<\/td>\n<td width=\"32%\">30kg<\/td>\n<\/tr>\n<tr>\n<td>Marka:<\/td>\n<td width=\"33%\">\u0141UK<\/td>\n<td width=\"15%\">Wysoko\u015b\u0107:<\/td>\n<td width=\"32%\">83,2 cm<\/td>\n<\/tr>\n<tr>\n<td>Kolor:<\/td>\n<td width=\"33%\">Czarny<\/td>\n<td width=\"15%\">D\u0142ugi:<\/td>\n<td width=\"32%\">31cm<\/td>\n<\/tr>\n<tr>\n<td>Rodzaj produktu:<\/td>\n<td width=\"33%\">Zbiornik na farb\u0119 ci\u015bnieniow\u0105<\/td>\n<td width=\"15%\">Szeroki:<\/td>\n<td width=\"32%\">31cm<\/td>\n<\/tr>\n<tr>\n<td>Numer producenta:<\/td>\n<td width=\"33%\">ARCTPP30<\/td>\n<td width=\"15%\">Maksymalne ci\u015bnienie:<\/td>\n<td width=\"32%\">6,2 bara<\/td>\n<\/tr>\n<tr>\n<td>Tworzywo:<\/td>\n<td width=\"33%\">stal nierdzewna<\/td>\n<td width=\"15%\">Zaw\u00f3r bezpiecze\u0144stwa<\/td>\n<td width=\"32%\">4 bary dla bezpiecze\u0144stwa<\/td>\n<\/tr>\n<tr>\n<td>Gwarancja:<\/td>\n<td width=\"33%\">2 LATA<\/td>\n<td width=\"15%\">Wydajno\u015b\u0107 p\u0142ynu:<\/td>\n<td width=\"32%\">\u00a09,5 mm<\/td>\n<\/tr>\n<tr>\n<td>Narz\u0119dzia instalacyjne:<\/td>\n<td width=\"33%\">Tak<\/td>\n<td width=\"15%\">Optymalne ci\u015bnienie robocze:<\/td>\n<td width=\"32%\">1,4 \u2013 2,1 bara<\/td>\n<\/tr>\n<tr>\n<td>Pojemno\u015b\u0107 zbiornika:<\/td>\n<td width=\"33%\">30L<\/td>\n<td width=\"15%\">Naczynie ci\u015bnieniowe:<\/td>\n<td width=\"32%\">6,35 mm<\/td>\n<\/tr>\n<tr>\n<td>Wymiary pow\u0142oki:<\/td>\n<td width=\"33%\">30x33cm<\/td>\n<td width=\"15%\">\u015arednica g\u0142\u0119boko\u015bci \u0142y\u017cki:<\/td>\n<td width=\"32%\">Wymiary: 31,2 x 38,1 cm<\/td>\n<\/tr>\n<\/tbody>\n<\/table>\n<p>&nbsp;<\/p>","protected":false},"excerpt":{"rendered":"<h2>30L r\u0119czny zbiornik do mieszania farby pod ci\u015bnieniem<\/h2>\n<p>Ten <strong>Zbiornik ci\u015bnieniowy na farb\u0119 ARC<\/strong> Do produkcji sprayu zastosowano materia\u0142y najwy\u017cszej jako\u015bci, odporne na korozj\u0119, kwasy, substancje o w\u0142a\u015bciwo\u015bciach zasadowych itp. Mieszad\u0142o do farb wyposa\u017cone jest w regulator ci\u015bnienia cieczy, kt\u00f3rego warto\u015b\u0107 mo\u017cna ustawi\u0107 precyzyjnie. Wyjmowany zbiornik ze stali nierdzewnej i uchwyt zapewniaj\u0105 p\u0142ynn\u0105 obs\u0142ug\u0119. Ta maszyna malarska nadaje si\u0119 do stosowania w przemy\u015ble motoryzacyjnym, do nak\u0142adania farb olejnych, lateksowych, lakier\u00f3w, podk\u0142ad\u00f3w, pow\u0142ok do drewna, klej\u00f3w i innych pow\u0142ok.<\/p>\n<h6><strong>Gwarancja\u00a0<span style=\"color: #ff0000;\">DO<\/span><span style=\"color: #0000ff;\">R<\/span>C 2 LATA<\/strong><\/h6>\n<h6><strong>wsparcie techniczne w cenie<\/strong><\/h6>","protected":false},"featured_media":3829,"comment_status":"open","ping_status":"closed","template":"","meta":{"wds_primary_product_brand":0,"wds_primary_product_cat":0},"product_brand":[],"product_cat":[71,69],"product_tag":[],"class_list":{"0":"post-3821","1":"product","2":"type-product","3":"status-publish","4":"has-post-thumbnail","6":"product_cat-maquinas-para-pintar","7":"product_cat-maquinas-variadas","8":"product_shipping_class-express","10":"first","11":"instock","12":"sale","13":"taxable","14":"shipping-taxable","15":"purchasable","16":"product-type-simple"},"yoast_head":"<!-- This site is optimized with the Yoast SEO Premium plugin v24.9 (Yoast SEO v26.1) - https:\/\/yoast.com\/wordpress\/plugins\/seo\/ -->\n<title>Tanque de pintura a presi\u00f3n 30L - distribuci\u00f3n ARC<\/title>\n<meta name=\"robots\" content=\"index, follow, max-snippet:-1, max-image-preview:large, max-video-preview:-1\" \/>\n<link rel=\"canonical\" href=\"https:\/\/distribucionarc.com\/pl\/produkty\/cisnieniowy-zbiornik-na-farbe-30l\/\" \/>\n<meta property=\"og:locale\" content=\"pl_PL\" \/>\n<meta property=\"og:type\" content=\"article\" \/>\n<meta property=\"og:title\" content=\"Tanque de pintura a presi\u00f3n 30L\" \/>\n<meta property=\"og:description\" content=\"Tanque agitador de pintura a presi\u00f3n manual\u00a0 30L Este Tanque de presi\u00f3n para pintura ARC en aerosol adopta materiales de primera calidad, resistentes a la corrosi\u00f3n, \u00e1cidos, sustancias con propiedades alcalinas, etc. El agitador de pintura est\u00e1 equipado con un regulador de presi\u00f3n de fluido, que se puede configurar con precisi\u00f3n. Dise\u00f1o de dep\u00f3sito y mango de acero inoxidable extra\u00edble para un funcionamiento suave. Esta m\u00e1quina para pintar es la adecuada para la industria automotriz, pinturas con base de aceite, l\u00e1tex, barniz, imprimaci\u00f3n, revestimiento de madera, adhesivo y dem\u00e1s revestimientos. Garant\u00eda\u00a0ARC 2 A\u00d1OS soporte t\u00e9cnico incluido\" \/>\n<meta property=\"og:url\" content=\"https:\/\/distribucionarc.com\/pl\/produkty\/cisnieniowy-zbiornik-na-farbe-30l\/\" \/>\n<meta property=\"og:site_name\" content=\"distribuci\u00f3n ARC\" \/>\n<meta property=\"article:modified_time\" content=\"2020-10-09T14:05:44+00:00\" \/>\n<meta property=\"og:image\" content=\"https:\/\/distribucionarc.com\/wp-content\/uploads\/2020\/10\/Tanque-de-pintura-a-presi\u00f3n-30L-0.jpg\" \/>\n\t<meta property=\"og:image:width\" content=\"1600\" \/>\n\t<meta property=\"og:image:height\" content=\"1600\" \/>\n\t<meta property=\"og:image:type\" content=\"image\/jpeg\" \/>\n<meta name=\"twitter:card\" content=\"summary_large_image\" \/>\n<meta name=\"twitter:label1\" content=\"Szacowany czas czytania\" \/>\n\t<meta name=\"twitter:data1\" content=\"1 minuta\" \/>\n<script type=\"application\/ld+json\" class=\"yoast-schema-graph\">{\"@context\":\"https:\/\/schema.org\",\"@graph\":[{\"@type\":\"WebPage\",\"@id\":\"https:\/\/distribucionarc.com\/en\/producto\/tanque-de-pintura-a-presion-30l\/\",\"url\":\"https:\/\/distribucionarc.com\/en\/producto\/tanque-de-pintura-a-presion-30l\/\",\"name\":\"Tanque de pintura a presi\u00f3n 30L - distribuci\u00f3n ARC\",\"isPartOf\":{\"@id\":\"https:\/\/www.distribucionarc.com\/sl\/#website\"},\"primaryImageOfPage\":{\"@id\":\"https:\/\/distribucionarc.com\/en\/producto\/tanque-de-pintura-a-presion-30l\/#primaryimage\"},\"image\":{\"@id\":\"https:\/\/distribucionarc.com\/en\/producto\/tanque-de-pintura-a-presion-30l\/#primaryimage\"},\"thumbnailUrl\":\"https:\/\/distribucionarc.com\/wp-content\/uploads\/2020\/10\/Tanque-de-pintura-a-presi\u00f3n-30L-0.jpg\",\"datePublished\":\"2020-10-09T14:05:43+00:00\",\"dateModified\":\"2020-10-09T14:05:44+00:00\",\"breadcrumb\":{\"@id\":\"https:\/\/distribucionarc.com\/en\/producto\/tanque-de-pintura-a-presion-30l\/#breadcrumb\"},\"inLanguage\":\"pl-PL\",\"potentialAction\":[{\"@type\":\"ReadAction\",\"target\":[\"https:\/\/distribucionarc.com\/en\/producto\/tanque-de-pintura-a-presion-30l\/\"]}]},{\"@type\":\"ImageObject\",\"inLanguage\":\"pl-PL\",\"@id\":\"https:\/\/distribucionarc.com\/en\/producto\/tanque-de-pintura-a-presion-30l\/#primaryimage\",\"url\":\"https:\/\/distribucionarc.com\/wp-content\/uploads\/2020\/10\/Tanque-de-pintura-a-presi\u00f3n-30L-0.jpg\",\"contentUrl\":\"https:\/\/distribucionarc.com\/wp-content\/uploads\/2020\/10\/Tanque-de-pintura-a-presi\u00f3n-30L-0.jpg\",\"width\":1600,\"height\":1600,\"caption\":\"Tanque de pintura a presi\u00f3n 30L\"},{\"@type\":\"BreadcrumbList\",\"@id\":\"https:\/\/distribucionarc.com\/en\/producto\/tanque-de-pintura-a-presion-30l\/#breadcrumb\",\"itemListElement\":[{\"@type\":\"ListItem\",\"position\":1,\"name\":\"Portada\",\"item\":\"https:\/\/www.distribucionarc.com\/\"},{\"@type\":\"ListItem\",\"position\":2,\"name\":\"\u00dcr\u00fcnler\",\"item\":\"https:\/\/www.distribucionarc.com\/tr\/magaza\/\"},{\"@type\":\"ListItem\",\"position\":3,\"name\":\"Tanque de pintura a presi\u00f3n 30L\"}]},{\"@type\":\"WebSite\",\"@id\":\"https:\/\/www.distribucionarc.com\/sl\/#website\",\"url\":\"https:\/\/www.distribucionarc.com\/sl\/\",\"name\":\"distribuci\u00f3n ARC\",\"description\":\"Empresa especializada en la fabricaci\u00f3n y distribuci\u00f3n de maquinaria industrial, selladoras de latas, Maquinas de hacer pastillas, Maquinas de cortar carne...\",\"publisher\":{\"@id\":\"https:\/\/www.distribucionarc.com\/sl\/#organization\"},\"potentialAction\":[{\"@type\":\"SearchAction\",\"target\":{\"@type\":\"EntryPoint\",\"urlTemplate\":\"https:\/\/www.distribucionarc.com\/sl\/?s={search_term_string}\"},\"query-input\":{\"@type\":\"PropertyValueSpecification\",\"valueRequired\":true,\"valueName\":\"search_term_string\"}}],\"inLanguage\":\"pl-PL\"},{\"@type\":\"Organization\",\"@id\":\"https:\/\/www.distribucionarc.com\/sl\/#organization\",\"name\":\"Distribuci\u00f3n ARC\",\"url\":\"https:\/\/www.distribucionarc.com\/sl\/\",\"logo\":{\"@type\":\"ImageObject\",\"inLanguage\":\"pl-PL\",\"@id\":\"https:\/\/www.distribucionarc.com\/sl\/#\/schema\/logo\/image\/\",\"url\":\"https:\/\/distribucionarc.com\/wp-content\/uploads\/2024\/10\/distribucion-ARC-COLOR-SIN-FONDO-e1732295305345.png\",\"contentUrl\":\"https:\/\/distribucionarc.com\/wp-content\/uploads\/2024\/10\/distribucion-ARC-COLOR-SIN-FONDO-e1732295305345.png\",\"width\":1164,\"height\":558,\"caption\":\"Distribuci\u00f3n ARC\"},\"image\":{\"@id\":\"https:\/\/www.distribucionarc.com\/sl\/#\/schema\/logo\/image\/\"},\"description\":\"Empresa especializada en la fabricaci\u00f3n y distribuci\u00f3n de maquinaria industrial para los sectores alimentario y farmac\u00e9utico. Nos especializamos en: M\u00e1quinas de cortar carne Fabricaci\u00f3n de comprimidos Sistemas de transporte industrial L\u00edneas de embotellado Dosificadores Y mucho m\u00e1s... Ofrecemos soluciones innovadoras y personalizadas para optimizar los procesos productivos de tu empresa.\",\"email\":\"Admistracion@distribucionarc.com\",\"telephone\":\"+34 643496664\",\"legalName\":\"ARC TECH SOLUTIONS\",\"foundingDate\":\"2024-04-09\",\"vatID\":\"B55480172\",\"numberOfEmployees\":{\"@type\":\"QuantitativeValue\",\"minValue\":\"1\",\"maxValue\":\"10\"}}]}<\/script>\n<!-- \/ Yoast SEO Premium plugin. -->","yoast_head_json":{"title":"Zbiornik na farb\u0119 ci\u015bnieniow\u0105 30L - dystrybucja ARC","robots":{"index":"index","follow":"follow","max-snippet":"max-snippet:-1","max-image-preview":"max-image-preview:large","max-video-preview":"max-video-preview:-1"},"canonical":"https:\/\/distribucionarc.com\/pl\/produkty\/cisnieniowy-zbiornik-na-farbe-30l\/","og_locale":"pl_PL","og_type":"article","og_title":"Tanque de pintura a presi\u00f3n 30L","og_description":"Tanque agitador de pintura a presi\u00f3n manual\u00a0 30L Este Tanque de presi\u00f3n para pintura ARC en aerosol adopta materiales de primera calidad, resistentes a la corrosi\u00f3n, \u00e1cidos, sustancias con propiedades alcalinas, etc. El agitador de pintura est\u00e1 equipado con un regulador de presi\u00f3n de fluido, que se puede configurar con precisi\u00f3n. Dise\u00f1o de dep\u00f3sito y mango de acero inoxidable extra\u00edble para un funcionamiento suave. Esta m\u00e1quina para pintar es la adecuada para la industria automotriz, pinturas con base de aceite, l\u00e1tex, barniz, imprimaci\u00f3n, revestimiento de madera, adhesivo y dem\u00e1s revestimientos. Garant\u00eda\u00a0ARC 2 A\u00d1OS soporte t\u00e9cnico incluido","og_url":"https:\/\/distribucionarc.com\/pl\/produkty\/cisnieniowy-zbiornik-na-farbe-30l\/","og_site_name":"distribuci\u00f3n ARC","article_modified_time":"2020-10-09T14:05:44+00:00","og_image":[{"width":1600,"height":1600,"url":"https:\/\/distribucionarc.com\/wp-content\/uploads\/2020\/10\/Tanque-de-pintura-a-presi\u00f3n-30L-0.jpg","type":"image\/jpeg"}],"twitter_card":"summary_large_image","twitter_misc":{"Szacowany czas czytania":"1 minuta"},"schema":{"@context":"https:\/\/schema.org","@graph":[{"@type":"WebPage","@id":"https:\/\/distribucionarc.com\/en\/producto\/tanque-de-pintura-a-presion-30l\/","url":"https:\/\/distribucionarc.com\/en\/producto\/tanque-de-pintura-a-presion-30l\/","name":"Zbiornik na farb\u0119 ci\u015bnieniow\u0105 30L - dystrybucja ARC","isPartOf":{"@id":"https:\/\/www.distribucionarc.com\/sl\/#website"},"primaryImageOfPage":{"@id":"https:\/\/distribucionarc.com\/en\/producto\/tanque-de-pintura-a-presion-30l\/#primaryimage"},"image":{"@id":"https:\/\/distribucionarc.com\/en\/producto\/tanque-de-pintura-a-presion-30l\/#primaryimage"},"thumbnailUrl":"https:\/\/distribucionarc.com\/wp-content\/uploads\/2020\/10\/Tanque-de-pintura-a-presi\u00f3n-30L-0.jpg","datePublished":"2020-10-09T14:05:43+00:00","dateModified":"2020-10-09T14:05:44+00:00","breadcrumb":{"@id":"https:\/\/distribucionarc.com\/en\/producto\/tanque-de-pintura-a-presion-30l\/#breadcrumb"},"inLanguage":"pl-PL","potentialAction":[{"@type":"ReadAction","target":["https:\/\/distribucionarc.com\/en\/producto\/tanque-de-pintura-a-presion-30l\/"]}]},{"@type":"ImageObject","inLanguage":"pl-PL","@id":"https:\/\/distribucionarc.com\/en\/producto\/tanque-de-pintura-a-presion-30l\/#primaryimage","url":"https:\/\/distribucionarc.com\/wp-content\/uploads\/2020\/10\/Tanque-de-pintura-a-presi\u00f3n-30L-0.jpg","contentUrl":"https:\/\/distribucionarc.com\/wp-content\/uploads\/2020\/10\/Tanque-de-pintura-a-presi\u00f3n-30L-0.jpg","width":1600,"height":1600,"caption":"Tanque de pintura a presi\u00f3n 30L"},{"@type":"BreadcrumbList","@id":"https:\/\/distribucionarc.com\/en\/producto\/tanque-de-pintura-a-presion-30l\/#breadcrumb","itemListElement":[{"@type":"ListItem","position":1,"name":"Portada","item":"https:\/\/www.distribucionarc.com\/"},{"@type":"ListItem","position":2,"name":"\u00dcr\u00fcnler","item":"https:\/\/www.distribucionarc.com\/tr\/magaza\/"},{"@type":"ListItem","position":3,"name":"Tanque de pintura a presi\u00f3n 30L"}]},{"@type":"WebSite","@id":"https:\/\/www.distribucionarc.com\/sl\/#website","url":"https:\/\/www.distribucionarc.com\/sl\/","name":"Dystrybucja ARC","description":"Firma specjalizuj\u0105ca si\u0119 w produkcji i dystrybucji maszyn przemys\u0142owych, zgrzewarek do puszek, maszyn do produkcji tabletek, maszyn do ci\u0119cia mi\u0119sa...","publisher":{"@id":"https:\/\/www.distribucionarc.com\/sl\/#organization"},"potentialAction":[{"@type":"SearchAction","target":{"@type":"EntryPoint","urlTemplate":"https:\/\/www.distribucionarc.com\/sl\/?s={search_term_string}"},"query-input":{"@type":"PropertyValueSpecification","valueRequired":true,"valueName":"search_term_string"}}],"inLanguage":"pl-PL"},{"@type":"Organization","@id":"https:\/\/www.distribucionarc.com\/sl\/#organization","name":"Dystrybucja ARC","url":"https:\/\/www.distribucionarc.com\/sl\/","logo":{"@type":"ImageObject","inLanguage":"pl-PL","@id":"https:\/\/www.distribucionarc.com\/sl\/#\/schema\/logo\/image\/","url":"https:\/\/distribucionarc.com\/wp-content\/uploads\/2024\/10\/distribucion-ARC-COLOR-SIN-FONDO-e1732295305345.png","contentUrl":"https:\/\/distribucionarc.com\/wp-content\/uploads\/2024\/10\/distribucion-ARC-COLOR-SIN-FONDO-e1732295305345.png","width":1164,"height":558,"caption":"Distribuci\u00f3n ARC"},"image":{"@id":"https:\/\/www.distribucionarc.com\/sl\/#\/schema\/logo\/image\/"},"description":"Firma specjalizuj\u0105ca si\u0119 w produkcji i dystrybucji maszyn przemys\u0142owych dla sektora spo\u017cywczego i farmaceutycznego. Specjalizujemy si\u0119 w: Maszyny do krojenia mi\u0119sa Produkcja tabletek Przemys\u0142owe systemy transportowe Linie butelkuj\u0105ce Dozowniki I wiele wi\u0119cej.... Oferujemy innowacyjne i niestandardowe rozwi\u0105zania w celu optymalizacji proces\u00f3w produkcyjnych w Twojej firmie.","email":"Admistracion@distribucionarc.com","telephone":"+34 643496664","legalName":"ARC TECH SOLUTIONS","foundingDate":"2024-04-09","vatID":"B55480172","numberOfEmployees":{"@type":"QuantitativeValue","minValue":"1","maxValue":"10"}}]}},"_links":{"self":[{"href":"https:\/\/distribucionarc.com\/pl\/wp-json\/wp\/v2\/product\/3821","targetHints":{"allow":["GET"]}}],"collection":[{"href":"https:\/\/distribucionarc.com\/pl\/wp-json\/wp\/v2\/product"}],"about":[{"href":"https:\/\/distribucionarc.com\/pl\/wp-json\/wp\/v2\/types\/product"}],"replies":[{"embeddable":true,"href":"https:\/\/distribucionarc.com\/pl\/wp-json\/wp\/v2\/comments?post=3821"}],"version-history":[{"count":0,"href":"https:\/\/distribucionarc.com\/pl\/wp-json\/wp\/v2\/product\/3821\/revisions"}],"wp:featuredmedia":[{"embeddable":true,"href":"https:\/\/distribucionarc.com\/pl\/wp-json\/wp\/v2\/media\/3829"}],"wp:attachment":[{"href":"https:\/\/distribucionarc.com\/pl\/wp-json\/wp\/v2\/media?parent=3821"}],"wp:term":[{"taxonomy":"product_brand","embeddable":true,"href":"https:\/\/distribucionarc.com\/pl\/wp-json\/wp\/v2\/product_brand?post=3821"},{"taxonomy":"product_cat","embeddable":true,"href":"https:\/\/distribucionarc.com\/pl\/wp-json\/wp\/v2\/product_cat?post=3821"},{"taxonomy":"product_tag","embeddable":true,"href":"https:\/\/distribucionarc.com\/pl\/wp-json\/wp\/v2\/product_tag?post=3821"}],"curies":[{"name":"wp","href":"https:\/\/api.w.org\/{rel}","templated":true}]}}