{"id":3846,"date":"2020-10-10T09:01:48","date_gmt":"2020-10-10T09:01:48","guid":{"rendered":"https:\/\/distribucionarc.com\/?post_type=product&#038;p=3846"},"modified":"2020-10-10T09:01:49","modified_gmt":"2020-10-10T09:01:49","slug":"dozownik-ekspres-do-kawy-azot","status":"publish","type":"product","link":"https:\/\/distribucionarc.com\/pl\/producto\/dispensador-cafetera-nitrogeno\/","title":{"rendered":"Dozownik azotowego ekspresu do kawy"},"content":{"rendered":"<h3>Dozownik azotowego ekspresu do kawy<\/h3>\n<p>Struktura <strong>azotowy ekspres do kawy <span style=\"color: #ff0000;\">DO<\/span><span style=\"color: #0000ff;\">R<\/span>C<\/strong> Wykorzystuje zag\u0119szczon\u0105 stal nierdzewn\u0105 304 do kontaktu z \u017cywno\u015bci\u0105 o grubo\u015bci 0,8 mm. Wytrzyma\u0142e, higieniczne, \u0142atwe w czyszczeniu i trwa\u0142e na co dzie\u0144. Posiada dwie puste szczeliny po obu stronach<strong> ekspres do kawy nitro<\/strong>Aby u\u0142atwi\u0107 transport, kompaktowa i ma\u0142a konstrukcja pozwala na przechowywanie go w lod\u00f3wkach lub stojakach na butelki, co zmniejsza wykorzystanie przestrzeni. Kran jest wbudowany w pokryw\u0119, co u\u0142atwia wymian\u0119 i u\u0142atwia korzystanie z r\u00f3\u017cnych p\u0142yn\u00f3w, takich jak kawa, piwo, napoje gazowane itp.<\/p>\n<p>On <strong>dozownik zimnego <span style=\"color: #ff0000;\">DO<\/span><span style=\"color: #0000ff;\">R<\/span>CDCN2<\/strong> Posiada du\u017c\u0105 pojemno\u015b\u0107 nape\u0142niania wynosz\u0105c\u0105 2L. U\u0142atwienie przechowywania du\u017cych ilo\u015bci kawy zawieraj\u0105cej azot oraz r\u00f3\u017cnego rodzaju napoj\u00f3w. Warzenie na zimno Nitro mo\u017cna uzyska\u0107 po prostu \u015bciskaj\u0105c wk\u0142ad azotowy, a nast\u0119pnie lekko naciskaj\u0105c kran.<\/p>\n<h6><strong>Gwarancja\u00a0<span style=\"color: #ff0000;\">DO<\/span><span style=\"color: #0000ff;\">R<\/span>C 2 LATA<\/strong><\/h6>\n<h6><strong>wsparcie techniczne w cenie<\/strong><\/h6>\n<p>&nbsp;<\/p>\n<table width=\"100%\">\n<tbody>\n<tr>\n<td>Marka:<\/td>\n<td width=\"32%\">\u0141UK<\/td>\n<td>Waga:<\/td>\n<td width=\"30%\">1,4 kg<\/td>\n<\/tr>\n<tr>\n<td>Kraj dystrybucji:<\/td>\n<td width=\"32%\">Hiszpania, Niemcy, USA<\/td>\n<td>Wysoko\u015b\u0107:<\/td>\n<td width=\"30%\">19,5cm<\/td>\n<\/tr>\n<tr>\n<td>Kolor:<\/td>\n<td width=\"32%\">Srebrny<\/td>\n<td>D\u0142ugi:<\/td>\n<td width=\"30%\">13,4cm<\/td>\n<\/tr>\n<tr>\n<td>Rodzaj produktu:<\/td>\n<td width=\"32%\">Dozownik kawy nitro<\/td>\n<td>Szeroki:<\/td>\n<td width=\"30%\">33,4 cm<\/td>\n<\/tr>\n<tr>\n<td>Numer producenta:<\/td>\n<td width=\"32%\">ARCDCN2<\/td>\n<td>Umiej\u0119tno\u015b\u0107:<\/td>\n<td width=\"30%\">2L<\/td>\n<\/tr>\n<tr>\n<td>Tworzywo:<\/td>\n<td width=\"32%\">Stal nierdzewna SUS 304<\/td>\n<td>\u015arednica zbiornika:<\/td>\n<td width=\"30%\">13,4cm<\/td>\n<\/tr>\n<tr>\n<td>Grubo\u015b\u0107 stali:<\/td>\n<td width=\"32%\">0,8 mm<\/td>\n<td>\u00a0Gwarancja:<\/td>\n<td width=\"30%\">2 LATA<\/td>\n<\/tr>\n<\/tbody>\n<\/table>","protected":false},"excerpt":{"rendered":"<h2>Dozownik azotowego ekspresu do kawy<\/h2>\n<p>Nasz<strong> dozownik kawy <span style=\"color: #ff0000;\">DO<\/span><span style=\"color: #0000ff;\">R<\/span>C<\/strong> Wykonany jest ze stali nierdzewnej 304 przeznaczonej do kontaktu z \u017cywno\u015bci\u0105, co u\u0142atwia czyszczenie i spe\u0142nia wymagania sanitarne. Dozownik ten pozwala na przygotowanie smacznej kawy azotowej, a ponadto sprawdza si\u0119 jako dozownik do piwa, napoj\u00f3w bezalkoholowych, napoj\u00f3w gazowanych itp. Jego niewielkie rozmiary sprawiaj\u0105, \u017ce jest przeno\u015bny i \u0142atwy do przechowywania w lod\u00f3wkach. Z pustymi szczelinami po obu stronach dla \u0142atwego przenoszenia.<\/p>\n<h6><strong>Gwarancja\u00a0<span style=\"color: #ff0000;\">DO<\/span><span style=\"color: #0000ff;\">R<\/span>C 2 LATA<\/strong><\/h6>\n<h6><strong>wsparcie techniczne w cenie<\/strong><\/h6>","protected":false},"featured_media":3856,"comment_status":"open","ping_status":"closed","template":"","meta":{"wds_primary_product_brand":0,"wds_primary_product_cat":0},"product_brand":[],"product_cat":[57],"product_tag":[],"class_list":{"0":"post-3846","1":"product","2":"type-product","3":"status-publish","4":"has-post-thumbnail","6":"product_cat-dosificadores-dispensadores","7":"product_shipping_class-hosteleria","9":"first","10":"instock","11":"sale","12":"taxable","13":"shipping-taxable","14":"purchasable","15":"product-type-simple"},"yoast_head":"<!-- This site is optimized with the Yoast SEO Premium plugin v24.9 (Yoast SEO v26.1) - https:\/\/yoast.com\/wordpress\/plugins\/seo\/ -->\n<title>Dispensador cafetera nitr\u00f3geno - distribuci\u00f3n ARC<\/title>\n<meta name=\"robots\" content=\"index, follow, max-snippet:-1, max-image-preview:large, max-video-preview:-1\" \/>\n<link rel=\"canonical\" href=\"https:\/\/www.distribucionarc.com\/ro\/producto\/dispensador-cafetera-nitrogeno\/\" \/>\n<meta property=\"og:locale\" content=\"pl_PL\" \/>\n<meta property=\"og:type\" content=\"article\" \/>\n<meta property=\"og:title\" content=\"Dispensador cafetera nitr\u00f3geno\" \/>\n<meta property=\"og:description\" content=\"Dispensador cafetera nitr\u00f3geno Nuestro dispensador cafetera ARC est\u00e1 hecha de acero inoxidable 304 de grado alimenticio para mayor facilidad de limpieza a su vez que cumple con los requisitos sanitarios. Este dispensador le permite realizar un sabroso caf\u00e9 nitrogenado, adem\u00e1s de ser \u00fatil como dispensador de cerveza, refrescos, bebidas gaseosas, etc. Su peque\u00f1o tama\u00f1o lo hace port\u00e1til y f\u00e1cil de guardar en sus neveras. Con ranuras huecas en ambos lados para facilitar su transporte. Garant\u00eda\u00a0ARC 2 A\u00d1OS soporte t\u00e9cnico incluido\" \/>\n<meta property=\"og:url\" content=\"https:\/\/www.distribucionarc.com\/ro\/producto\/dispensador-cafetera-nitrogeno\/\" \/>\n<meta property=\"og:site_name\" content=\"distribuci\u00f3n ARC\" \/>\n<meta property=\"article:modified_time\" content=\"2020-10-10T09:01:49+00:00\" \/>\n<meta property=\"og:image\" content=\"https:\/\/distribucionarc.com\/wp-content\/uploads\/2020\/10\/Dispensador-cafetera-nitr\u00f3geno-0.jpg\" \/>\n\t<meta property=\"og:image:width\" content=\"1600\" \/>\n\t<meta property=\"og:image:height\" content=\"1600\" \/>\n\t<meta property=\"og:image:type\" content=\"image\/jpeg\" \/>\n<meta name=\"twitter:card\" content=\"summary_large_image\" \/>\n<meta name=\"twitter:label1\" content=\"Szacowany czas czytania\" \/>\n\t<meta name=\"twitter:data1\" content=\"1 minuta\" \/>\n<script type=\"application\/ld+json\" class=\"yoast-schema-graph\">{\"@context\":\"https:\/\/schema.org\",\"@graph\":[{\"@type\":\"WebPage\",\"@id\":\"https:\/\/www.distribucionarc.com\/ro\/producto\/dispensador-cafetera-nitrogeno\/\",\"url\":\"https:\/\/www.distribucionarc.com\/ro\/producto\/dispensador-cafetera-nitrogeno\/\",\"name\":\"Dispensador cafetera nitr\u00f3geno - distribuci\u00f3n ARC\",\"isPartOf\":{\"@id\":\"https:\/\/www.distribucionarc.com\/sl\/#website\"},\"primaryImageOfPage\":{\"@id\":\"https:\/\/www.distribucionarc.com\/ro\/producto\/dispensador-cafetera-nitrogeno\/#primaryimage\"},\"image\":{\"@id\":\"https:\/\/www.distribucionarc.com\/ro\/producto\/dispensador-cafetera-nitrogeno\/#primaryimage\"},\"thumbnailUrl\":\"https:\/\/distribucionarc.com\/wp-content\/uploads\/2020\/10\/Dispensador-cafetera-nitr\u00f3geno-0.jpg\",\"datePublished\":\"2020-10-10T09:01:48+00:00\",\"dateModified\":\"2020-10-10T09:01:49+00:00\",\"breadcrumb\":{\"@id\":\"https:\/\/www.distribucionarc.com\/ro\/producto\/dispensador-cafetera-nitrogeno\/#breadcrumb\"},\"inLanguage\":\"pl-PL\",\"potentialAction\":[{\"@type\":\"ReadAction\",\"target\":[\"https:\/\/www.distribucionarc.com\/ro\/producto\/dispensador-cafetera-nitrogeno\/\"]}]},{\"@type\":\"ImageObject\",\"inLanguage\":\"pl-PL\",\"@id\":\"https:\/\/www.distribucionarc.com\/ro\/producto\/dispensador-cafetera-nitrogeno\/#primaryimage\",\"url\":\"https:\/\/distribucionarc.com\/wp-content\/uploads\/2020\/10\/Dispensador-cafetera-nitr\u00f3geno-0.jpg\",\"contentUrl\":\"https:\/\/distribucionarc.com\/wp-content\/uploads\/2020\/10\/Dispensador-cafetera-nitr\u00f3geno-0.jpg\",\"width\":1600,\"height\":1600,\"caption\":\"Dispensador cafetera nitr\u00f3geno 5L\"},{\"@type\":\"BreadcrumbList\",\"@id\":\"https:\/\/www.distribucionarc.com\/ro\/producto\/dispensador-cafetera-nitrogeno\/#breadcrumb\",\"itemListElement\":[{\"@type\":\"ListItem\",\"position\":1,\"name\":\"Portada\",\"item\":\"https:\/\/www.distribucionarc.com\/\"},{\"@type\":\"ListItem\",\"position\":2,\"name\":\"\u00dcr\u00fcnler\",\"item\":\"https:\/\/www.distribucionarc.com\/tr\/magaza\/\"},{\"@type\":\"ListItem\",\"position\":3,\"name\":\"Dispensador cafetera nitr\u00f3geno\"}]},{\"@type\":\"WebSite\",\"@id\":\"https:\/\/www.distribucionarc.com\/sl\/#website\",\"url\":\"https:\/\/www.distribucionarc.com\/sl\/\",\"name\":\"distribuci\u00f3n ARC\",\"description\":\"Empresa especializada en la fabricaci\u00f3n y distribuci\u00f3n de maquinaria industrial, selladoras de latas, Maquinas de hacer pastillas, Maquinas de cortar carne...\",\"publisher\":{\"@id\":\"https:\/\/www.distribucionarc.com\/sl\/#organization\"},\"potentialAction\":[{\"@type\":\"SearchAction\",\"target\":{\"@type\":\"EntryPoint\",\"urlTemplate\":\"https:\/\/www.distribucionarc.com\/sl\/?s={search_term_string}\"},\"query-input\":{\"@type\":\"PropertyValueSpecification\",\"valueRequired\":true,\"valueName\":\"search_term_string\"}}],\"inLanguage\":\"pl-PL\"},{\"@type\":\"Organization\",\"@id\":\"https:\/\/www.distribucionarc.com\/sl\/#organization\",\"name\":\"Distribuci\u00f3n ARC\",\"url\":\"https:\/\/www.distribucionarc.com\/sl\/\",\"logo\":{\"@type\":\"ImageObject\",\"inLanguage\":\"pl-PL\",\"@id\":\"https:\/\/www.distribucionarc.com\/sl\/#\/schema\/logo\/image\/\",\"url\":\"https:\/\/distribucionarc.com\/wp-content\/uploads\/2024\/10\/distribucion-ARC-COLOR-SIN-FONDO-e1732295305345.png\",\"contentUrl\":\"https:\/\/distribucionarc.com\/wp-content\/uploads\/2024\/10\/distribucion-ARC-COLOR-SIN-FONDO-e1732295305345.png\",\"width\":1164,\"height\":558,\"caption\":\"Distribuci\u00f3n ARC\"},\"image\":{\"@id\":\"https:\/\/www.distribucionarc.com\/sl\/#\/schema\/logo\/image\/\"},\"description\":\"Empresa especializada en la fabricaci\u00f3n y distribuci\u00f3n de maquinaria industrial para los sectores alimentario y farmac\u00e9utico. Nos especializamos en: M\u00e1quinas de cortar carne Fabricaci\u00f3n de comprimidos Sistemas de transporte industrial L\u00edneas de embotellado Dosificadores Y mucho m\u00e1s... Ofrecemos soluciones innovadoras y personalizadas para optimizar los procesos productivos de tu empresa.\",\"email\":\"Admistracion@distribucionarc.com\",\"telephone\":\"+34 643496664\",\"legalName\":\"ARC TECH SOLUTIONS\",\"foundingDate\":\"2024-04-09\",\"vatID\":\"B55480172\",\"numberOfEmployees\":{\"@type\":\"QuantitativeValue\",\"minValue\":\"1\",\"maxValue\":\"10\"}}]}<\/script>\n<!-- \/ Yoast SEO Premium plugin. -->","yoast_head_json":{"title":"Dozownik azotu do ekspresu do kawy - dystrybucja ARC","robots":{"index":"index","follow":"follow","max-snippet":"max-snippet:-1","max-image-preview":"max-image-preview:large","max-video-preview":"max-video-preview:-1"},"canonical":"https:\/\/www.distribucionarc.com\/ro\/producto\/dispensador-cafetera-nitrogeno\/","og_locale":"pl_PL","og_type":"article","og_title":"Dispensador cafetera nitr\u00f3geno","og_description":"Dispensador cafetera nitr\u00f3geno Nuestro dispensador cafetera ARC est\u00e1 hecha de acero inoxidable 304 de grado alimenticio para mayor facilidad de limpieza a su vez que cumple con los requisitos sanitarios. Este dispensador le permite realizar un sabroso caf\u00e9 nitrogenado, adem\u00e1s de ser \u00fatil como dispensador de cerveza, refrescos, bebidas gaseosas, etc. Su peque\u00f1o tama\u00f1o lo hace port\u00e1til y f\u00e1cil de guardar en sus neveras. Con ranuras huecas en ambos lados para facilitar su transporte. Garant\u00eda\u00a0ARC 2 A\u00d1OS soporte t\u00e9cnico incluido","og_url":"https:\/\/www.distribucionarc.com\/ro\/producto\/dispensador-cafetera-nitrogeno\/","og_site_name":"distribuci\u00f3n ARC","article_modified_time":"2020-10-10T09:01:49+00:00","og_image":[{"width":1600,"height":1600,"url":"https:\/\/distribucionarc.com\/wp-content\/uploads\/2020\/10\/Dispensador-cafetera-nitr\u00f3geno-0.jpg","type":"image\/jpeg"}],"twitter_card":"summary_large_image","twitter_misc":{"Szacowany czas czytania":"1 minuta"},"schema":{"@context":"https:\/\/schema.org","@graph":[{"@type":"WebPage","@id":"https:\/\/www.distribucionarc.com\/ro\/producto\/dispensador-cafetera-nitrogeno\/","url":"https:\/\/www.distribucionarc.com\/ro\/producto\/dispensador-cafetera-nitrogeno\/","name":"Dozownik azotu do ekspresu do kawy - dystrybucja ARC","isPartOf":{"@id":"https:\/\/www.distribucionarc.com\/sl\/#website"},"primaryImageOfPage":{"@id":"https:\/\/www.distribucionarc.com\/ro\/producto\/dispensador-cafetera-nitrogeno\/#primaryimage"},"image":{"@id":"https:\/\/www.distribucionarc.com\/ro\/producto\/dispensador-cafetera-nitrogeno\/#primaryimage"},"thumbnailUrl":"https:\/\/distribucionarc.com\/wp-content\/uploads\/2020\/10\/Dispensador-cafetera-nitr\u00f3geno-0.jpg","datePublished":"2020-10-10T09:01:48+00:00","dateModified":"2020-10-10T09:01:49+00:00","breadcrumb":{"@id":"https:\/\/www.distribucionarc.com\/ro\/producto\/dispensador-cafetera-nitrogeno\/#breadcrumb"},"inLanguage":"pl-PL","potentialAction":[{"@type":"ReadAction","target":["https:\/\/www.distribucionarc.com\/ro\/producto\/dispensador-cafetera-nitrogeno\/"]}]},{"@type":"ImageObject","inLanguage":"pl-PL","@id":"https:\/\/www.distribucionarc.com\/ro\/producto\/dispensador-cafetera-nitrogeno\/#primaryimage","url":"https:\/\/distribucionarc.com\/wp-content\/uploads\/2020\/10\/Dispensador-cafetera-nitr\u00f3geno-0.jpg","contentUrl":"https:\/\/distribucionarc.com\/wp-content\/uploads\/2020\/10\/Dispensador-cafetera-nitr\u00f3geno-0.jpg","width":1600,"height":1600,"caption":"Dispensador cafetera nitr\u00f3geno 5L"},{"@type":"BreadcrumbList","@id":"https:\/\/www.distribucionarc.com\/ro\/producto\/dispensador-cafetera-nitrogeno\/#breadcrumb","itemListElement":[{"@type":"ListItem","position":1,"name":"Portada","item":"https:\/\/www.distribucionarc.com\/"},{"@type":"ListItem","position":2,"name":"\u00dcr\u00fcnler","item":"https:\/\/www.distribucionarc.com\/tr\/magaza\/"},{"@type":"ListItem","position":3,"name":"Dispensador cafetera nitr\u00f3geno"}]},{"@type":"WebSite","@id":"https:\/\/www.distribucionarc.com\/sl\/#website","url":"https:\/\/www.distribucionarc.com\/sl\/","name":"Dystrybucja ARC","description":"Firma specjalizuj\u0105ca si\u0119 w produkcji i dystrybucji maszyn przemys\u0142owych, zgrzewarek do puszek, maszyn do produkcji tabletek, maszyn do ci\u0119cia mi\u0119sa...","publisher":{"@id":"https:\/\/www.distribucionarc.com\/sl\/#organization"},"potentialAction":[{"@type":"SearchAction","target":{"@type":"EntryPoint","urlTemplate":"https:\/\/www.distribucionarc.com\/sl\/?s={search_term_string}"},"query-input":{"@type":"PropertyValueSpecification","valueRequired":true,"valueName":"search_term_string"}}],"inLanguage":"pl-PL"},{"@type":"Organization","@id":"https:\/\/www.distribucionarc.com\/sl\/#organization","name":"Dystrybucja ARC","url":"https:\/\/www.distribucionarc.com\/sl\/","logo":{"@type":"ImageObject","inLanguage":"pl-PL","@id":"https:\/\/www.distribucionarc.com\/sl\/#\/schema\/logo\/image\/","url":"https:\/\/distribucionarc.com\/wp-content\/uploads\/2024\/10\/distribucion-ARC-COLOR-SIN-FONDO-e1732295305345.png","contentUrl":"https:\/\/distribucionarc.com\/wp-content\/uploads\/2024\/10\/distribucion-ARC-COLOR-SIN-FONDO-e1732295305345.png","width":1164,"height":558,"caption":"Distribuci\u00f3n ARC"},"image":{"@id":"https:\/\/www.distribucionarc.com\/sl\/#\/schema\/logo\/image\/"},"description":"Firma specjalizuj\u0105ca si\u0119 w produkcji i dystrybucji maszyn przemys\u0142owych dla sektora spo\u017cywczego i farmaceutycznego. Specjalizujemy si\u0119 w: Maszyny do krojenia mi\u0119sa Produkcja tabletek Przemys\u0142owe systemy transportowe Linie butelkuj\u0105ce Dozowniki I wiele wi\u0119cej.... Oferujemy innowacyjne i niestandardowe rozwi\u0105zania w celu optymalizacji proces\u00f3w produkcyjnych w Twojej firmie.","email":"Admistracion@distribucionarc.com","telephone":"+34 643496664","legalName":"ARC TECH SOLUTIONS","foundingDate":"2024-04-09","vatID":"B55480172","numberOfEmployees":{"@type":"QuantitativeValue","minValue":"1","maxValue":"10"}}]}},"_links":{"self":[{"href":"https:\/\/distribucionarc.com\/pl\/wp-json\/wp\/v2\/product\/3846","targetHints":{"allow":["GET"]}}],"collection":[{"href":"https:\/\/distribucionarc.com\/pl\/wp-json\/wp\/v2\/product"}],"about":[{"href":"https:\/\/distribucionarc.com\/pl\/wp-json\/wp\/v2\/types\/product"}],"replies":[{"embeddable":true,"href":"https:\/\/distribucionarc.com\/pl\/wp-json\/wp\/v2\/comments?post=3846"}],"version-history":[{"count":0,"href":"https:\/\/distribucionarc.com\/pl\/wp-json\/wp\/v2\/product\/3846\/revisions"}],"wp:featuredmedia":[{"embeddable":true,"href":"https:\/\/distribucionarc.com\/pl\/wp-json\/wp\/v2\/media\/3856"}],"wp:attachment":[{"href":"https:\/\/distribucionarc.com\/pl\/wp-json\/wp\/v2\/media?parent=3846"}],"wp:term":[{"taxonomy":"product_brand","embeddable":true,"href":"https:\/\/distribucionarc.com\/pl\/wp-json\/wp\/v2\/product_brand?post=3846"},{"taxonomy":"product_cat","embeddable":true,"href":"https:\/\/distribucionarc.com\/pl\/wp-json\/wp\/v2\/product_cat?post=3846"},{"taxonomy":"product_tag","embeddable":true,"href":"https:\/\/distribucionarc.com\/pl\/wp-json\/wp\/v2\/product_tag?post=3846"}],"curies":[{"name":"wp","href":"https:\/\/api.w.org\/{rel}","templated":true}]}}