{"id":3998,"date":"2020-10-15T09:04:26","date_gmt":"2020-10-15T09:04:26","guid":{"rendered":"https:\/\/distribucionarc.com\/?post_type=product&#038;p=3998"},"modified":"2023-02-15T18:45:27","modified_gmt":"2023-02-15T18:45:27","slug":"plyta-grzejna-z-mieszadlem-magnetycznym","status":"publish","type":"product","link":"https:\/\/distribucionarc.com\/pl\/producto\/agitador-magnetico-placa-caliente\/","title":{"rendered":"Mieszad\u0142o magnetyczne z p\u0142yt\u0105 grzejn\u0105"},"content":{"rendered":"<h2>Mieszad\u0142o magnetyczne z p\u0142yt\u0105 grzejn\u0105<\/h2>\n<p>Ten <strong>mieszad\u0142o do gor\u0105cej p\u0142yty <span style=\"color: #ff0000;\">DO<\/span><span style=\"color: #0000ff;\">R<\/span>C<\/strong> Urz\u0105dzenie charakteryzuje si\u0119 wysok\u0105 wydajno\u015bci\u0105, r\u00f3\u017cnymi pr\u0119dko\u015bciami i regulowan\u0105 temperatur\u0105, co czyni je idealnym rozwi\u0105zaniem dla laboratori\u00f3w medycznych, chemicznych i organicznych. Stabilna praca, niezawodna wydajno\u015b\u0107 i prosta obs\u0142uga sprawi\u0105, \u017ce ka\u017cdy proces stanie si\u0119 szybszy i bardziej wydajny.<\/p>\n<p>Posiada cyfrowy wy\u015bwietlacz pokazuj\u0105cy wybran\u0105 temperatur\u0119 i pr\u0119dko\u015b\u0107. Ten <strong>Mieszad\u0142o z gor\u0105c\u0105 p\u0142yt\u0105 <span style=\"color: #ff0000;\">DO<\/span><span style=\"color: #0000ff;\">R<\/span>OB\u00d3Z852<\/strong>\u00a0Posiada cichy silnik, mieszad\u0142o wykonane jest z PTFE, materia\u0142u o wysokim magnetyzmie, odpornego na zu\u017cycie, ciep\u0142o i korozj\u0119. Je\u017celi kolba lub pojemnik nie znajduje si\u0119 w dok\u0142adnej pozycji, <strong>mieszad\u0142o magnetyczne<\/strong> nie b\u0119dzie operacyjny.<\/p>\n<h6><strong>Gwarancja\u00a0<span style=\"color: #ff0000;\">DO<\/span><span style=\"color: #0000ff;\">R<\/span>C<\/strong><strong>\u00a02 LATA<\/strong><\/h6>\n<h6><span style=\"color: #008000;\">Wydajne mieszad\u0142o magnetyczne, niskie zu\u017cycie 300 + 20 W (maksymalna praca)<\/span><\/h6>\n<h6><strong>wsparcie techniczne w cenie<\/strong><\/h6>\n<p>&nbsp;<\/p>\n<p>&nbsp;<\/p>\n<table role=\"presentation\" width=\"100%\" cellspacing=\"0\" cellpadding=\"0\">\n<tbody>\n<tr>\n<td class=\"attrLabels\">Gwarancja:<\/td>\n<td width=\"50.0%\">\u00a02 LATA<\/td>\n<\/tr>\n<tr>\n<td class=\"attrLabels\">Kraj dystrybucji:<\/td>\n<td width=\"50.0%\">Hiszpania, Niemcy, USA<\/td>\n<td class=\"attrLabels\">Waga:<\/td>\n<td width=\"50.0%\">2,5kg<\/td>\n<\/tr>\n<tr>\n<td class=\"attrLabels\">Marka:<\/td>\n<td width=\"50.0%\">\u0141UK<\/td>\n<td class=\"attrLabels\">Wysoko\u015b\u0107:<\/td>\n<td width=\"50.0%\">50cm<\/td>\n<\/tr>\n<tr>\n<td class=\"attrLabels\">Kolor:<\/td>\n<td width=\"50.0%\">Srebrny<\/td>\n<td class=\"attrLabels\">D\u0142ugi:<\/td>\n<td width=\"50.0%\">25cm<\/td>\n<\/tr>\n<tr>\n<td class=\"attrLabels\">Rodzaj produktu:<\/td>\n<td width=\"50.0%\">Mieszad\u0142o magnetyczne<\/td>\n<td class=\"attrLabels\">Szeroki:<\/td>\n<td width=\"50.0%\">18cm<\/td>\n<\/tr>\n<tr>\n<td class=\"attrLabels\">Numer producenta:<\/td>\n<td width=\"50.0%\">ARCAMP852<\/td>\n<td class=\"attrLabels\">\u015arednica orbity:<\/td>\n<td width=\"50.0%\">22 mm<\/td>\n<\/tr>\n<tr>\n<td class=\"attrLabels\">Tworzywo:<\/td>\n<td width=\"50.0%\">Stal nierdzewna, w pe\u0142ni automatyczna<\/td>\n<td class=\"attrLabels\">\u015arednica powierzchni roboczej:<\/td>\n<td width=\"50.0%\">130 mm<\/td>\n<\/tr>\n<tr>\n<td class=\"attrLabels\">Napi\u0119cie wej\u015bciowe:<\/td>\n<td width=\"50.0%\">110 V\/220 V 20\/60 Hz<\/td>\n<td class=\"attrLabels\">Pr\u0119dko\u015b\u0107:<\/td>\n<td width=\"50.0%\">0 \u2013 2400 obr.\/min (regulacja pr\u0119dko\u015bci skokowej, 0\u201399 stopni)<\/td>\n<\/tr>\n<tr>\n<td class=\"attrLabels\">Moc:<\/td>\n<td width=\"50.0%\">Mieszad\u0142o 20W<\/p>\n<p>P\u0142yta grzewcza 300W<\/td>\n<td class=\"attrLabels\">Kontrola temperatury:<\/td>\n<td width=\"50.0%\">Temperatura otoczenia -100\u2103<\/td>\n<\/tr>\n<\/tbody>\n<\/table>","protected":false},"excerpt":{"rendered":"<h2>Mieszad\u0142o magnetyczne z p\u0142yt\u0105 grzejn\u0105<\/h2>\n<p>On<strong> mieszad\u0142o magnetyczne <span style=\"color: #ff0000;\">DO<\/span><span style=\"color: #0000ff;\">R<\/span>C<\/strong> Posiada cyfrowy wy\u015bwietlacz pozwalaj\u0105cy na kontrol\u0119 pr\u0119dko\u015bci mieszania oraz \u017c\u0105danej temperatury. Wysokiej jako\u015bci silnik generuje bardzo ma\u0142o ha\u0142asu. P\u0142yta grzewcza jest ca\u0142kowicie zamkni\u0119ta, co umo\u017cliwia precyzyjne podgrzewanie. Mieszad\u0142o wykonane jest z wysokiej jako\u015bci PTFE i materia\u0142u magnetycznego, odpornego na ciep\u0142o, charakteryzuje si\u0119 wysokim magnetyzmem, jest odporne na zu\u017cycie i korozj\u0119. Jest to idealne urz\u0105dzenie do potrz\u0105sania zamkni\u0119tym pojemnikiem; Mieszad\u0142o umo\u017cliwia precyzyjn\u0105 i prost\u0105 regulacj\u0119 oraz wy\u015bwietlanie temperatury.<\/p>\n<h6><strong>Gwarancja\u00a0<span style=\"color: #ff0000;\">DO<\/span><span style=\"color: #0000ff;\">R<\/span>C<\/strong><strong>\u00a02 LATA<\/strong><\/h6>\n<h6><span style=\"color: #008000;\">Wydajne mieszad\u0142o magnetyczne, niskie zu\u017cycie 300 + 20 W (maksymalna praca)<\/span><\/h6>\n<h6><strong>wsparcie techniczne w cenie<\/strong><\/h6>","protected":false},"featured_media":4006,"comment_status":"open","ping_status":"closed","template":"","meta":{"wds_primary_product_brand":0,"wds_primary_product_cat":0},"product_brand":[],"product_cat":[29],"product_tag":[],"class_list":{"0":"post-3998","1":"product","2":"type-product","3":"status-publish","4":"has-post-thumbnail","6":"product_cat-maquinas-industria-quimica","7":"product_shipping_class-hosteleria","9":"first","10":"instock","11":"taxable","12":"shipping-taxable","13":"purchasable","14":"product-type-simple"},"yoast_head":"<!-- This site is optimized with the Yoast SEO Premium plugin v24.9 (Yoast SEO v26.1) - https:\/\/yoast.com\/wordpress\/plugins\/seo\/ -->\n<title>Agitador magn\u00e9tico placa caliente - distribuci\u00f3n ARC<\/title>\n<meta name=\"robots\" content=\"index, follow, max-snippet:-1, max-image-preview:large, max-video-preview:-1\" \/>\n<link rel=\"canonical\" href=\"https:\/\/www.distribucionarc.com\/sk\/producto\/agitador-magnetico-placa-caliente\/\" \/>\n<meta property=\"og:locale\" content=\"pl_PL\" \/>\n<meta property=\"og:type\" content=\"article\" \/>\n<meta property=\"og:title\" content=\"Agitador magn\u00e9tico placa caliente\" \/>\n<meta property=\"og:description\" content=\"Agitador magn\u00e9tico placa caliente El agitador magn\u00e9tico ARC cuenta con una pantalla digital para controlar la velocidad de agitaci\u00f3n al igual que la temperatura deseada. El motor de alta calidad produce muy poco ruido. La placa de calentamiento es totalmente cerrada para un calentamiento preciso. La barra de agitaci\u00f3n est\u00e1 hecha de PTFE y material magn\u00e9tico de alta calidad, resistente al calor, cuenta con un alto magnetismo, resistente al desgaste y la corrosi\u00f3n. Es una m\u00e1quina perfecta para agitar un recipiente cerrado; El agitador puede ajustar y mostrar la temperatura siendo bastante preciso y directo. Garant\u00eda\u00a0ARC\u00a02 A\u00d1OS Agitador magn\u00e9tico eficiente, bajo consumo 300 + 20w (m\u00e1ximo funcionamiento) soporte t\u00e9cnico incluido\" \/>\n<meta property=\"og:url\" content=\"https:\/\/www.distribucionarc.com\/sk\/producto\/agitador-magnetico-placa-caliente\/\" \/>\n<meta property=\"og:site_name\" content=\"distribuci\u00f3n ARC\" \/>\n<meta property=\"article:modified_time\" content=\"2023-02-15T18:45:27+00:00\" \/>\n<meta property=\"og:image\" content=\"https:\/\/distribucionarc.com\/wp-content\/uploads\/2020\/10\/Agitador-magn\u00e9tico-placa-caliente-0.jpg\" \/>\n\t<meta property=\"og:image:width\" content=\"1001\" \/>\n\t<meta property=\"og:image:height\" content=\"1001\" \/>\n\t<meta property=\"og:image:type\" content=\"image\/jpeg\" \/>\n<meta name=\"twitter:card\" content=\"summary_large_image\" \/>\n<meta name=\"twitter:label1\" content=\"Szacowany czas czytania\" \/>\n\t<meta name=\"twitter:data1\" content=\"1 minuta\" \/>\n<script type=\"application\/ld+json\" class=\"yoast-schema-graph\">{\"@context\":\"https:\/\/schema.org\",\"@graph\":[{\"@type\":\"WebPage\",\"@id\":\"https:\/\/www.distribucionarc.com\/sk\/producto\/agitador-magnetico-placa-caliente\/\",\"url\":\"https:\/\/www.distribucionarc.com\/sk\/producto\/agitador-magnetico-placa-caliente\/\",\"name\":\"Agitador magn\u00e9tico placa caliente - distribuci\u00f3n ARC\",\"isPartOf\":{\"@id\":\"https:\/\/www.distribucionarc.com\/de\/#website\"},\"primaryImageOfPage\":{\"@id\":\"https:\/\/www.distribucionarc.com\/sk\/producto\/agitador-magnetico-placa-caliente\/#primaryimage\"},\"image\":{\"@id\":\"https:\/\/www.distribucionarc.com\/sk\/producto\/agitador-magnetico-placa-caliente\/#primaryimage\"},\"thumbnailUrl\":\"https:\/\/distribucionarc.com\/wp-content\/uploads\/2020\/10\/Agitador-magn\u00e9tico-placa-caliente-0.jpg\",\"datePublished\":\"2020-10-15T09:04:26+00:00\",\"dateModified\":\"2023-02-15T18:45:27+00:00\",\"breadcrumb\":{\"@id\":\"https:\/\/www.distribucionarc.com\/sk\/producto\/agitador-magnetico-placa-caliente\/#breadcrumb\"},\"inLanguage\":\"pl-PL\",\"potentialAction\":[{\"@type\":\"ReadAction\",\"target\":[\"https:\/\/www.distribucionarc.com\/sk\/producto\/agitador-magnetico-placa-caliente\/\"]}]},{\"@type\":\"ImageObject\",\"inLanguage\":\"pl-PL\",\"@id\":\"https:\/\/www.distribucionarc.com\/sk\/producto\/agitador-magnetico-placa-caliente\/#primaryimage\",\"url\":\"https:\/\/distribucionarc.com\/wp-content\/uploads\/2020\/10\/Agitador-magn\u00e9tico-placa-caliente-0.jpg\",\"contentUrl\":\"https:\/\/distribucionarc.com\/wp-content\/uploads\/2020\/10\/Agitador-magn\u00e9tico-placa-caliente-0.jpg\",\"width\":1001,\"height\":1001,\"caption\":\"Agitador magn\u00e9tico placa caliente\"},{\"@type\":\"BreadcrumbList\",\"@id\":\"https:\/\/www.distribucionarc.com\/sk\/producto\/agitador-magnetico-placa-caliente\/#breadcrumb\",\"itemListElement\":[{\"@type\":\"ListItem\",\"position\":1,\"name\":\"Portada\",\"item\":\"https:\/\/www.distribucionarc.com\/en\/\"},{\"@type\":\"ListItem\",\"position\":2,\"name\":\"Products\",\"item\":\"https:\/\/www.distribucionarc.com\/en\/shop\/\"},{\"@type\":\"ListItem\",\"position\":3,\"name\":\"Agitador magn\u00e9tico placa caliente\"}]},{\"@type\":\"WebSite\",\"@id\":\"https:\/\/www.distribucionarc.com\/de\/#website\",\"url\":\"https:\/\/www.distribucionarc.com\/de\/\",\"name\":\"distribuci\u00f3n ARC\",\"description\":\"Empresa especializada en la fabricaci\u00f3n y distribuci\u00f3n de maquinaria industrial, selladoras de latas, Maquinas de hacer pastillas, Maquinas de cortar carne...\",\"publisher\":{\"@id\":\"https:\/\/www.distribucionarc.com\/de\/#organization\"},\"potentialAction\":[{\"@type\":\"SearchAction\",\"target\":{\"@type\":\"EntryPoint\",\"urlTemplate\":\"https:\/\/www.distribucionarc.com\/de\/?s={search_term_string}\"},\"query-input\":{\"@type\":\"PropertyValueSpecification\",\"valueRequired\":true,\"valueName\":\"search_term_string\"}}],\"inLanguage\":\"pl-PL\"},{\"@type\":\"Organization\",\"@id\":\"https:\/\/www.distribucionarc.com\/de\/#organization\",\"name\":\"Distribuci\u00f3n ARC\",\"url\":\"https:\/\/www.distribucionarc.com\/de\/\",\"logo\":{\"@type\":\"ImageObject\",\"inLanguage\":\"pl-PL\",\"@id\":\"https:\/\/www.distribucionarc.com\/de\/#\/schema\/logo\/image\/\",\"url\":\"https:\/\/distribucionarc.com\/wp-content\/uploads\/2024\/10\/distribucion-ARC-COLOR-SIN-FONDO-e1732295305345.png\",\"contentUrl\":\"https:\/\/distribucionarc.com\/wp-content\/uploads\/2024\/10\/distribucion-ARC-COLOR-SIN-FONDO-e1732295305345.png\",\"width\":1164,\"height\":558,\"caption\":\"Distribuci\u00f3n ARC\"},\"image\":{\"@id\":\"https:\/\/www.distribucionarc.com\/de\/#\/schema\/logo\/image\/\"},\"description\":\"Empresa especializada en la fabricaci\u00f3n y distribuci\u00f3n de maquinaria industrial para los sectores alimentario y farmac\u00e9utico. Nos especializamos en: M\u00e1quinas de cortar carne Fabricaci\u00f3n de comprimidos Sistemas de transporte industrial L\u00edneas de embotellado Dosificadores Y mucho m\u00e1s... Ofrecemos soluciones innovadoras y personalizadas para optimizar los procesos productivos de tu empresa.\",\"email\":\"Admistracion@distribucionarc.com\",\"telephone\":\"+34 643496664\",\"legalName\":\"ARC TECH SOLUTIONS\",\"foundingDate\":\"2024-04-09\",\"vatID\":\"B55480172\",\"numberOfEmployees\":{\"@type\":\"QuantitativeValue\",\"minValue\":\"1\",\"maxValue\":\"10\"}}]}<\/script>\n<!-- \/ Yoast SEO Premium plugin. -->","yoast_head_json":{"title":"Mieszad\u0142o magnetyczne z gor\u0105c\u0105 p\u0142yt\u0105 - dystrybucja ARC","robots":{"index":"index","follow":"follow","max-snippet":"max-snippet:-1","max-image-preview":"max-image-preview:large","max-video-preview":"max-video-preview:-1"},"canonical":"https:\/\/www.distribucionarc.com\/sk\/producto\/agitador-magnetico-placa-caliente\/","og_locale":"pl_PL","og_type":"article","og_title":"Agitador magn\u00e9tico placa caliente","og_description":"Agitador magn\u00e9tico placa caliente El agitador magn\u00e9tico ARC cuenta con una pantalla digital para controlar la velocidad de agitaci\u00f3n al igual que la temperatura deseada. El motor de alta calidad produce muy poco ruido. La placa de calentamiento es totalmente cerrada para un calentamiento preciso. La barra de agitaci\u00f3n est\u00e1 hecha de PTFE y material magn\u00e9tico de alta calidad, resistente al calor, cuenta con un alto magnetismo, resistente al desgaste y la corrosi\u00f3n. Es una m\u00e1quina perfecta para agitar un recipiente cerrado; El agitador puede ajustar y mostrar la temperatura siendo bastante preciso y directo. Garant\u00eda\u00a0ARC\u00a02 A\u00d1OS Agitador magn\u00e9tico eficiente, bajo consumo 300 + 20w (m\u00e1ximo funcionamiento) soporte t\u00e9cnico incluido","og_url":"https:\/\/www.distribucionarc.com\/sk\/producto\/agitador-magnetico-placa-caliente\/","og_site_name":"distribuci\u00f3n ARC","article_modified_time":"2023-02-15T18:45:27+00:00","og_image":[{"width":1001,"height":1001,"url":"https:\/\/distribucionarc.com\/wp-content\/uploads\/2020\/10\/Agitador-magn\u00e9tico-placa-caliente-0.jpg","type":"image\/jpeg"}],"twitter_card":"summary_large_image","twitter_misc":{"Szacowany czas czytania":"1 minuta"},"schema":{"@context":"https:\/\/schema.org","@graph":[{"@type":"WebPage","@id":"https:\/\/www.distribucionarc.com\/sk\/producto\/agitador-magnetico-placa-caliente\/","url":"https:\/\/www.distribucionarc.com\/sk\/producto\/agitador-magnetico-placa-caliente\/","name":"Mieszad\u0142o magnetyczne z gor\u0105c\u0105 p\u0142yt\u0105 - dystrybucja ARC","isPartOf":{"@id":"https:\/\/www.distribucionarc.com\/de\/#website"},"primaryImageOfPage":{"@id":"https:\/\/www.distribucionarc.com\/sk\/producto\/agitador-magnetico-placa-caliente\/#primaryimage"},"image":{"@id":"https:\/\/www.distribucionarc.com\/sk\/producto\/agitador-magnetico-placa-caliente\/#primaryimage"},"thumbnailUrl":"https:\/\/distribucionarc.com\/wp-content\/uploads\/2020\/10\/Agitador-magn\u00e9tico-placa-caliente-0.jpg","datePublished":"2020-10-15T09:04:26+00:00","dateModified":"2023-02-15T18:45:27+00:00","breadcrumb":{"@id":"https:\/\/www.distribucionarc.com\/sk\/producto\/agitador-magnetico-placa-caliente\/#breadcrumb"},"inLanguage":"pl-PL","potentialAction":[{"@type":"ReadAction","target":["https:\/\/www.distribucionarc.com\/sk\/producto\/agitador-magnetico-placa-caliente\/"]}]},{"@type":"ImageObject","inLanguage":"pl-PL","@id":"https:\/\/www.distribucionarc.com\/sk\/producto\/agitador-magnetico-placa-caliente\/#primaryimage","url":"https:\/\/distribucionarc.com\/wp-content\/uploads\/2020\/10\/Agitador-magn\u00e9tico-placa-caliente-0.jpg","contentUrl":"https:\/\/distribucionarc.com\/wp-content\/uploads\/2020\/10\/Agitador-magn\u00e9tico-placa-caliente-0.jpg","width":1001,"height":1001,"caption":"Agitador magn\u00e9tico placa caliente"},{"@type":"BreadcrumbList","@id":"https:\/\/www.distribucionarc.com\/sk\/producto\/agitador-magnetico-placa-caliente\/#breadcrumb","itemListElement":[{"@type":"ListItem","position":1,"name":"Portada","item":"https:\/\/www.distribucionarc.com\/en\/"},{"@type":"ListItem","position":2,"name":"Products","item":"https:\/\/www.distribucionarc.com\/en\/shop\/"},{"@type":"ListItem","position":3,"name":"Agitador magn\u00e9tico placa caliente"}]},{"@type":"WebSite","@id":"https:\/\/www.distribucionarc.com\/de\/#website","url":"https:\/\/www.distribucionarc.com\/de\/","name":"Dystrybucja ARC","description":"Firma specjalizuj\u0105ca si\u0119 w produkcji i dystrybucji maszyn przemys\u0142owych, zgrzewarek do puszek, maszyn do produkcji tabletek, maszyn do ci\u0119cia mi\u0119sa...","publisher":{"@id":"https:\/\/www.distribucionarc.com\/de\/#organization"},"potentialAction":[{"@type":"SearchAction","target":{"@type":"EntryPoint","urlTemplate":"https:\/\/www.distribucionarc.com\/de\/?s={search_term_string}"},"query-input":{"@type":"PropertyValueSpecification","valueRequired":true,"valueName":"search_term_string"}}],"inLanguage":"pl-PL"},{"@type":"Organization","@id":"https:\/\/www.distribucionarc.com\/de\/#organization","name":"Dystrybucja ARC","url":"https:\/\/www.distribucionarc.com\/de\/","logo":{"@type":"ImageObject","inLanguage":"pl-PL","@id":"https:\/\/www.distribucionarc.com\/de\/#\/schema\/logo\/image\/","url":"https:\/\/distribucionarc.com\/wp-content\/uploads\/2024\/10\/distribucion-ARC-COLOR-SIN-FONDO-e1732295305345.png","contentUrl":"https:\/\/distribucionarc.com\/wp-content\/uploads\/2024\/10\/distribucion-ARC-COLOR-SIN-FONDO-e1732295305345.png","width":1164,"height":558,"caption":"Distribuci\u00f3n ARC"},"image":{"@id":"https:\/\/www.distribucionarc.com\/de\/#\/schema\/logo\/image\/"},"description":"Firma specjalizuj\u0105ca si\u0119 w produkcji i dystrybucji maszyn przemys\u0142owych dla sektora spo\u017cywczego i farmaceutycznego. Specjalizujemy si\u0119 w: Maszyny do krojenia mi\u0119sa Produkcja tabletek Przemys\u0142owe systemy transportowe Linie butelkuj\u0105ce Dozowniki I wiele wi\u0119cej.... Oferujemy innowacyjne i niestandardowe rozwi\u0105zania w celu optymalizacji proces\u00f3w produkcyjnych w Twojej firmie.","email":"Admistracion@distribucionarc.com","telephone":"+34 643496664","legalName":"ARC TECH SOLUTIONS","foundingDate":"2024-04-09","vatID":"B55480172","numberOfEmployees":{"@type":"QuantitativeValue","minValue":"1","maxValue":"10"}}]}},"_links":{"self":[{"href":"https:\/\/distribucionarc.com\/pl\/wp-json\/wp\/v2\/product\/3998","targetHints":{"allow":["GET"]}}],"collection":[{"href":"https:\/\/distribucionarc.com\/pl\/wp-json\/wp\/v2\/product"}],"about":[{"href":"https:\/\/distribucionarc.com\/pl\/wp-json\/wp\/v2\/types\/product"}],"replies":[{"embeddable":true,"href":"https:\/\/distribucionarc.com\/pl\/wp-json\/wp\/v2\/comments?post=3998"}],"version-history":[{"count":0,"href":"https:\/\/distribucionarc.com\/pl\/wp-json\/wp\/v2\/product\/3998\/revisions"}],"wp:featuredmedia":[{"embeddable":true,"href":"https:\/\/distribucionarc.com\/pl\/wp-json\/wp\/v2\/media\/4006"}],"wp:attachment":[{"href":"https:\/\/distribucionarc.com\/pl\/wp-json\/wp\/v2\/media?parent=3998"}],"wp:term":[{"taxonomy":"product_brand","embeddable":true,"href":"https:\/\/distribucionarc.com\/pl\/wp-json\/wp\/v2\/product_brand?post=3998"},{"taxonomy":"product_cat","embeddable":true,"href":"https:\/\/distribucionarc.com\/pl\/wp-json\/wp\/v2\/product_cat?post=3998"},{"taxonomy":"product_tag","embeddable":true,"href":"https:\/\/distribucionarc.com\/pl\/wp-json\/wp\/v2\/product_tag?post=3998"}],"curies":[{"name":"wp","href":"https:\/\/api.w.org\/{rel}","templated":true}]}}