{"id":4012,"date":"2020-10-15T10:29:55","date_gmt":"2020-10-15T10:29:55","guid":{"rendered":"https:\/\/distribucionarc.com\/?post_type=product&#038;p=4012"},"modified":"2020-10-15T10:29:56","modified_gmt":"2020-10-15T10:29:56","slug":"pompa-odsrodkowa-do-zywnosci","status":"publish","type":"product","link":"https:\/\/distribucionarc.com\/pl\/producto\/bomba-centrifuga-para-alimentacion\/","title":{"rendered":"Od\u015brodkowa pompa zasilaj\u0105ca\u00a0\u00a0"},"content":{"rendered":"<h2>Od\u015brodkowa pompa zasilaj\u0105ca<\/h2>\n<p>Ten <strong>pompa od\u015brodkowa <span style=\"color: #ff0000;\">DO<\/span><span style=\"color: #0000ff;\">R<\/span>C<\/strong> Wykonany jest ze stali nierdzewnej 304, nadaje si\u0119 do przemys\u0142u spo\u017cywczego. S\u0105 wytrzyma\u0142e i odporne na rdz\u0119. Wytrzymuje dzia\u0142anie cieczy o temperaturze do 80\u00baC. Du\u017ca moc tej maszyny pozwala na przepompowanie a\u017c 3 ton cieczy na godzin\u0119.<\/p>\n<p>Ta maszyna nie mo\u017ce dzia\u0142a\u0107 bez p\u0142yn\u00f3w. Zaleca si\u0119 odczeka\u0107, a\u017c g\u0142owica pompy zostanie nape\u0142niona p\u0142ynem przed jej pod\u0142\u0105czeniem. Dzi\u0119ki temu <b>urz\u0105dzenie nap\u0119dowe od\u015brodkowe <span style=\"color: #ff0000;\">DO<\/span><span style=\"color: #0000ff;\">R<\/span>CBIC3T<\/b> Urz\u0105dzenie mo\u017ce produkowa\u0107, filtrowa\u0107, czy\u015bci\u0107, sterylizowa\u0107 i nape\u0142nia\u0107 produkty spo\u017cywcze takie jak woda, mleko zwierz\u0119ce lub ro\u015blinne, soki itp. Jest r\u00f3wnie\u017c szeroko stosowany w przemy\u015ble kosmetycznym.<\/p>\n<h6><strong>Gwarancja\u00a0<span style=\"color: #ff0000;\">DO<\/span><span style=\"color: #0000ff;\">R<\/span>C<\/strong><strong>\u00a02 LATA<\/strong><\/h6>\n<h6><span style=\"color: #008000;\">Wydajna pompa od\u015brodkowa, niskie zu\u017cycie 650 W<\/span><\/h6>\n<h6><strong>wsparcie techniczne w cenie<\/strong><\/h6>\n<p>&nbsp;<\/p>\n<p>&nbsp;<\/p>\n<table role=\"presentation\" width=\"100%\" cellspacing=\"0\" cellpadding=\"0\">\n<tbody>\n<tr>\n<td class=\"attrLabels\">Marka:<\/td>\n<td width=\"50.0%\">\u0141UK<\/td>\n<\/tr>\n<tr>\n<td class=\"attrLabels\">Kraj dystrybucji:<\/td>\n<td width=\"50.0%\">Hiszpania, Niemcy, USA<\/td>\n<td class=\"attrLabels\">Wymiary maszyny:<\/td>\n<td width=\"50.0%\">40 x 28 x 30 cm (d\u0142. x szer. x wys.)<\/td>\n<\/tr>\n<tr>\n<td class=\"attrLabels\">Gwarancja:<\/td>\n<td width=\"50.0%\">2 lata<\/td>\n<td class=\"attrLabels\">Moc:<\/td>\n<td width=\"50.0%\">650 W<\/td>\n<\/tr>\n<tr>\n<td class=\"attrLabels\">Kolor:<\/td>\n<td width=\"50.0%\">Srebrny<\/td>\n<td class=\"attrLabels\">Wolta\u017c:<\/td>\n<td width=\"50.0%\">220 V \u2013 50 Hz 60 Hz<\/td>\n<\/tr>\n<tr>\n<td class=\"attrLabels\">Rodzaj produktu:<\/td>\n<td width=\"50.0%\">Pompa od\u015brodkowa<\/td>\n<td class=\"attrLabels\">Ilo\u015b\u0107 przep\u0142ywu:<\/td>\n<td width=\"50.0%\">3T\/godz.<\/td>\n<\/tr>\n<tr>\n<td class=\"attrLabels\">Numer producenta:<\/td>\n<td width=\"50.0%\">ARCBIC3T<\/td>\n<td class=\"attrLabels\">Temperatura cieczy:<\/td>\n<td width=\"50.0%\">0 \u2013 80 \u00baC<\/td>\n<\/tr>\n<tr>\n<td class=\"attrLabels\">Tworzywo:<\/td>\n<td width=\"50.0%\">Stal nierdzewna 304<\/td>\n<td class=\"attrLabels\">\u015arednica wlotu:<\/td>\n<td width=\"50.0%\">38 mm<\/td>\n<\/tr>\n<tr>\n<td class=\"attrLabels\">Narz\u0119dzia instalacyjne:<\/td>\n<td width=\"50.0%\">Tak<\/td>\n<td class=\"attrLabels\">\u015arednica wylotu:<\/td>\n<td width=\"50.0%\">32mm<\/td>\n<\/tr>\n<tr>\n<td class=\"attrLabels\">Waga:<\/td>\n<td width=\"50.0%\">26,4 kg<\/td>\n<td class=\"attrLabels\">Rodzaje p\u0142yn\u00f3w:<\/td>\n<td width=\"50.0%\">niekorozyjny<\/td>\n<\/tr>\n<\/tbody>\n<\/table>\n<p>&nbsp;<\/p>","protected":false},"excerpt":{"rendered":"<h2>Od\u015brodkowa pompa zasilaj\u0105ca<\/h2>\n<p>Ten <strong>pompa od\u015brodkowa <span style=\"color: #ff0000;\">DO<\/span><span style=\"color: #0000ff;\">R<\/span>C<\/strong> Wykonany jest ze stali nierdzewnej specjalnie na potrzeby przemys\u0142u spo\u017cywczego. Przeznaczone jest do przetwarzania, filtrowania, czyszczenia, nape\u0142niania i sterylizacji produkt\u00f3w mlecznych, napoj\u00f3w, \u017cywno\u015bci, kosmetyk\u00f3w, dodatk\u00f3w do \u017cywno\u015bci, wysokowarto\u015bciowych chemikali\u00f3w itp. Pompa ta wykorzystuje si\u0142\u0119 od\u015brodkow\u0105 do nadania pr\u0119dko\u015bci, obracaj\u0105cy si\u0119 wirnik zwi\u0119ksza pr\u0119dko\u015b\u0107 i przepycha p\u0142yn przez zaw\u00f3r wylotowy.<\/p>\n<h6><strong>Gwarancja\u00a0<span style=\"color: #ff0000;\">DO<\/span><span style=\"color: #0000ff;\">R<\/span>C<\/strong><strong>\u00a02 LATA<\/strong><\/h6>\n<h6><span style=\"color: #008000;\">Wydajna pompa od\u015brodkowa, niskie zu\u017cycie 650 W<\/span><\/h6>\n<h6><strong>wsparcie techniczne w cenie<\/strong><\/h6>","protected":false},"featured_media":4020,"comment_status":"open","ping_status":"closed","template":"","meta":{"wds_primary_product_brand":0,"wds_primary_product_cat":0},"product_brand":[],"product_cat":[18,19],"product_tag":[],"class_list":{"0":"post-4012","1":"product","2":"type-product","3":"status-publish","4":"has-post-thumbnail","6":"product_cat-dosificadoras","7":"product_cat-dosificadoras-de-liquidos","8":"product_shipping_class-express","10":"first","11":"instock","12":"sale","13":"taxable","14":"shipping-taxable","15":"purchasable","16":"product-type-simple"},"yoast_head":"<!-- This site is optimized with the Yoast SEO Premium plugin v24.9 (Yoast SEO v26.1) - https:\/\/yoast.com\/wordpress\/plugins\/seo\/ -->\n<title>Bomba centr\u00edfuga para alimentaci\u00f3n\u00a0\u00a0 - distribuci\u00f3n ARC<\/title>\n<meta name=\"robots\" content=\"index, follow, max-snippet:-1, max-image-preview:large, max-video-preview:-1\" \/>\n<link rel=\"canonical\" href=\"https:\/\/distribucionarc.com\/pl\/produkty\/pompa-odsrodkowa-do-zywnosci\/\" \/>\n<meta property=\"og:locale\" content=\"pl_PL\" \/>\n<meta property=\"og:type\" content=\"article\" \/>\n<meta property=\"og:title\" content=\"Bomba centr\u00edfuga para alimentaci\u00f3n\u00a0\u00a0\" \/>\n<meta property=\"og:description\" content=\"Bomba centr\u00edfuga para alimentaci\u00f3n Esta bomba centrifuga ARC est\u00e1 fabricada de acero inoxidable espec\u00edfico para la industria alimentaria. Est\u00e1 dise\u00f1ada para la elaboraci\u00f3n, filtraci\u00f3n, limpieza, llenado y esterilizaci\u00f3n de productos l\u00e1cteos, bebidas, alimentos, cosm\u00e9ticos, aditivos alimentarios, productos qu\u00edmicos finos, etc. Esta bomba aplica fuerza centr\u00edfuga para producir velocidad, utiliza un impulsor giratorio para aumentar la velocidad y empujar el fluido a trav\u00e9s de la v\u00e1lvula de salida. Garant\u00eda\u00a0ARC\u00a02 A\u00d1OS Bomba centr\u00edfuga eficiente, bajo consumo 650w soporte t\u00e9cnico incluido\" \/>\n<meta property=\"og:url\" content=\"https:\/\/distribucionarc.com\/pl\/produkty\/pompa-odsrodkowa-do-zywnosci\/\" \/>\n<meta property=\"og:site_name\" content=\"distribuci\u00f3n ARC\" \/>\n<meta property=\"article:modified_time\" content=\"2020-10-15T10:29:56+00:00\" \/>\n<meta property=\"og:image\" content=\"https:\/\/distribucionarc.com\/wp-content\/uploads\/2020\/10\/Bomba-centr\u00edfuga-para-alimentaci\u00f3n-0.jpg\" \/>\n\t<meta property=\"og:image:width\" content=\"1001\" \/>\n\t<meta property=\"og:image:height\" content=\"1001\" \/>\n\t<meta property=\"og:image:type\" content=\"image\/jpeg\" \/>\n<meta name=\"twitter:card\" content=\"summary_large_image\" \/>\n<meta name=\"twitter:label1\" content=\"Szacowany czas czytania\" \/>\n\t<meta name=\"twitter:data1\" content=\"1 minuta\" \/>\n<script type=\"application\/ld+json\" class=\"yoast-schema-graph\">{\"@context\":\"https:\/\/schema.org\",\"@graph\":[{\"@type\":\"WebPage\",\"@id\":\"https:\/\/distribucionarc.com\/producto\/bomba-centrifuga-para-alimentacion\/\",\"url\":\"https:\/\/distribucionarc.com\/producto\/bomba-centrifuga-para-alimentacion\/\",\"name\":\"Bomba centr\u00edfuga para alimentaci\u00f3n\u00a0\u00a0 - distribuci\u00f3n ARC\",\"isPartOf\":{\"@id\":\"https:\/\/www.distribucionarc.com\/de\/#website\"},\"primaryImageOfPage\":{\"@id\":\"https:\/\/distribucionarc.com\/producto\/bomba-centrifuga-para-alimentacion\/#primaryimage\"},\"image\":{\"@id\":\"https:\/\/distribucionarc.com\/producto\/bomba-centrifuga-para-alimentacion\/#primaryimage\"},\"thumbnailUrl\":\"https:\/\/distribucionarc.com\/wp-content\/uploads\/2020\/10\/Bomba-centr\u00edfuga-para-alimentaci\u00f3n-0.jpg\",\"datePublished\":\"2020-10-15T10:29:55+00:00\",\"dateModified\":\"2020-10-15T10:29:56+00:00\",\"breadcrumb\":{\"@id\":\"https:\/\/distribucionarc.com\/producto\/bomba-centrifuga-para-alimentacion\/#breadcrumb\"},\"inLanguage\":\"pl-PL\",\"potentialAction\":[{\"@type\":\"ReadAction\",\"target\":[\"https:\/\/distribucionarc.com\/producto\/bomba-centrifuga-para-alimentacion\/\"]}]},{\"@type\":\"ImageObject\",\"inLanguage\":\"pl-PL\",\"@id\":\"https:\/\/distribucionarc.com\/producto\/bomba-centrifuga-para-alimentacion\/#primaryimage\",\"url\":\"https:\/\/distribucionarc.com\/wp-content\/uploads\/2020\/10\/Bomba-centr\u00edfuga-para-alimentaci\u00f3n-0.jpg\",\"contentUrl\":\"https:\/\/distribucionarc.com\/wp-content\/uploads\/2020\/10\/Bomba-centr\u00edfuga-para-alimentaci\u00f3n-0.jpg\",\"width\":1001,\"height\":1001,\"caption\":\"Bomba centr\u00edfuga para alimentaci\u00f3n\u00a0\u00a0\"},{\"@type\":\"BreadcrumbList\",\"@id\":\"https:\/\/distribucionarc.com\/producto\/bomba-centrifuga-para-alimentacion\/#breadcrumb\",\"itemListElement\":[{\"@type\":\"ListItem\",\"position\":1,\"name\":\"Portada\",\"item\":\"https:\/\/www.distribucionarc.com\/en\/\"},{\"@type\":\"ListItem\",\"position\":2,\"name\":\"Products\",\"item\":\"https:\/\/www.distribucionarc.com\/en\/shop\/\"},{\"@type\":\"ListItem\",\"position\":3,\"name\":\"Bomba centr\u00edfuga para alimentaci\u00f3n\u00a0\u00a0\"}]},{\"@type\":\"WebSite\",\"@id\":\"https:\/\/www.distribucionarc.com\/de\/#website\",\"url\":\"https:\/\/www.distribucionarc.com\/de\/\",\"name\":\"distribuci\u00f3n ARC\",\"description\":\"Empresa especializada en la fabricaci\u00f3n y distribuci\u00f3n de maquinaria industrial, selladoras de latas, Maquinas de hacer pastillas, Maquinas de cortar carne...\",\"publisher\":{\"@id\":\"https:\/\/www.distribucionarc.com\/de\/#organization\"},\"potentialAction\":[{\"@type\":\"SearchAction\",\"target\":{\"@type\":\"EntryPoint\",\"urlTemplate\":\"https:\/\/www.distribucionarc.com\/de\/?s={search_term_string}\"},\"query-input\":{\"@type\":\"PropertyValueSpecification\",\"valueRequired\":true,\"valueName\":\"search_term_string\"}}],\"inLanguage\":\"pl-PL\"},{\"@type\":\"Organization\",\"@id\":\"https:\/\/www.distribucionarc.com\/de\/#organization\",\"name\":\"Distribuci\u00f3n ARC\",\"url\":\"https:\/\/www.distribucionarc.com\/de\/\",\"logo\":{\"@type\":\"ImageObject\",\"inLanguage\":\"pl-PL\",\"@id\":\"https:\/\/www.distribucionarc.com\/de\/#\/schema\/logo\/image\/\",\"url\":\"https:\/\/distribucionarc.com\/wp-content\/uploads\/2024\/10\/distribucion-ARC-COLOR-SIN-FONDO-e1732295305345.png\",\"contentUrl\":\"https:\/\/distribucionarc.com\/wp-content\/uploads\/2024\/10\/distribucion-ARC-COLOR-SIN-FONDO-e1732295305345.png\",\"width\":1164,\"height\":558,\"caption\":\"Distribuci\u00f3n ARC\"},\"image\":{\"@id\":\"https:\/\/www.distribucionarc.com\/de\/#\/schema\/logo\/image\/\"},\"description\":\"Empresa especializada en la fabricaci\u00f3n y distribuci\u00f3n de maquinaria industrial para los sectores alimentario y farmac\u00e9utico. Nos especializamos en: M\u00e1quinas de cortar carne Fabricaci\u00f3n de comprimidos Sistemas de transporte industrial L\u00edneas de embotellado Dosificadores Y mucho m\u00e1s... Ofrecemos soluciones innovadoras y personalizadas para optimizar los procesos productivos de tu empresa.\",\"email\":\"Admistracion@distribucionarc.com\",\"telephone\":\"+34 643496664\",\"legalName\":\"ARC TECH SOLUTIONS\",\"foundingDate\":\"2024-04-09\",\"vatID\":\"B55480172\",\"numberOfEmployees\":{\"@type\":\"QuantitativeValue\",\"minValue\":\"1\",\"maxValue\":\"10\"}}]}<\/script>\n<!-- \/ Yoast SEO Premium plugin. -->","yoast_head_json":{"title":"Pompa od\u015brodkowa do zasilania - dystrybucji ARC","robots":{"index":"index","follow":"follow","max-snippet":"max-snippet:-1","max-image-preview":"max-image-preview:large","max-video-preview":"max-video-preview:-1"},"canonical":"https:\/\/distribucionarc.com\/pl\/produkty\/pompa-odsrodkowa-do-zywnosci\/","og_locale":"pl_PL","og_type":"article","og_title":"Bomba centr\u00edfuga para alimentaci\u00f3n\u00a0\u00a0","og_description":"Bomba centr\u00edfuga para alimentaci\u00f3n Esta bomba centrifuga ARC est\u00e1 fabricada de acero inoxidable espec\u00edfico para la industria alimentaria. Est\u00e1 dise\u00f1ada para la elaboraci\u00f3n, filtraci\u00f3n, limpieza, llenado y esterilizaci\u00f3n de productos l\u00e1cteos, bebidas, alimentos, cosm\u00e9ticos, aditivos alimentarios, productos qu\u00edmicos finos, etc. Esta bomba aplica fuerza centr\u00edfuga para producir velocidad, utiliza un impulsor giratorio para aumentar la velocidad y empujar el fluido a trav\u00e9s de la v\u00e1lvula de salida. Garant\u00eda\u00a0ARC\u00a02 A\u00d1OS Bomba centr\u00edfuga eficiente, bajo consumo 650w soporte t\u00e9cnico incluido","og_url":"https:\/\/distribucionarc.com\/pl\/produkty\/pompa-odsrodkowa-do-zywnosci\/","og_site_name":"distribuci\u00f3n ARC","article_modified_time":"2020-10-15T10:29:56+00:00","og_image":[{"width":1001,"height":1001,"url":"https:\/\/distribucionarc.com\/wp-content\/uploads\/2020\/10\/Bomba-centr\u00edfuga-para-alimentaci\u00f3n-0.jpg","type":"image\/jpeg"}],"twitter_card":"summary_large_image","twitter_misc":{"Szacowany czas czytania":"1 minuta"},"schema":{"@context":"https:\/\/schema.org","@graph":[{"@type":"WebPage","@id":"https:\/\/distribucionarc.com\/producto\/bomba-centrifuga-para-alimentacion\/","url":"https:\/\/distribucionarc.com\/producto\/bomba-centrifuga-para-alimentacion\/","name":"Pompa od\u015brodkowa do zasilania - dystrybucji ARC","isPartOf":{"@id":"https:\/\/www.distribucionarc.com\/de\/#website"},"primaryImageOfPage":{"@id":"https:\/\/distribucionarc.com\/producto\/bomba-centrifuga-para-alimentacion\/#primaryimage"},"image":{"@id":"https:\/\/distribucionarc.com\/producto\/bomba-centrifuga-para-alimentacion\/#primaryimage"},"thumbnailUrl":"https:\/\/distribucionarc.com\/wp-content\/uploads\/2020\/10\/Bomba-centr\u00edfuga-para-alimentaci\u00f3n-0.jpg","datePublished":"2020-10-15T10:29:55+00:00","dateModified":"2020-10-15T10:29:56+00:00","breadcrumb":{"@id":"https:\/\/distribucionarc.com\/producto\/bomba-centrifuga-para-alimentacion\/#breadcrumb"},"inLanguage":"pl-PL","potentialAction":[{"@type":"ReadAction","target":["https:\/\/distribucionarc.com\/producto\/bomba-centrifuga-para-alimentacion\/"]}]},{"@type":"ImageObject","inLanguage":"pl-PL","@id":"https:\/\/distribucionarc.com\/producto\/bomba-centrifuga-para-alimentacion\/#primaryimage","url":"https:\/\/distribucionarc.com\/wp-content\/uploads\/2020\/10\/Bomba-centr\u00edfuga-para-alimentaci\u00f3n-0.jpg","contentUrl":"https:\/\/distribucionarc.com\/wp-content\/uploads\/2020\/10\/Bomba-centr\u00edfuga-para-alimentaci\u00f3n-0.jpg","width":1001,"height":1001,"caption":"Bomba centr\u00edfuga para alimentaci\u00f3n\u00a0\u00a0"},{"@type":"BreadcrumbList","@id":"https:\/\/distribucionarc.com\/producto\/bomba-centrifuga-para-alimentacion\/#breadcrumb","itemListElement":[{"@type":"ListItem","position":1,"name":"Portada","item":"https:\/\/www.distribucionarc.com\/en\/"},{"@type":"ListItem","position":2,"name":"Products","item":"https:\/\/www.distribucionarc.com\/en\/shop\/"},{"@type":"ListItem","position":3,"name":"Bomba centr\u00edfuga para alimentaci\u00f3n\u00a0\u00a0"}]},{"@type":"WebSite","@id":"https:\/\/www.distribucionarc.com\/de\/#website","url":"https:\/\/www.distribucionarc.com\/de\/","name":"Dystrybucja ARC","description":"Firma specjalizuj\u0105ca si\u0119 w produkcji i dystrybucji maszyn przemys\u0142owych, zgrzewarek do puszek, maszyn do produkcji tabletek, maszyn do ci\u0119cia mi\u0119sa...","publisher":{"@id":"https:\/\/www.distribucionarc.com\/de\/#organization"},"potentialAction":[{"@type":"SearchAction","target":{"@type":"EntryPoint","urlTemplate":"https:\/\/www.distribucionarc.com\/de\/?s={search_term_string}"},"query-input":{"@type":"PropertyValueSpecification","valueRequired":true,"valueName":"search_term_string"}}],"inLanguage":"pl-PL"},{"@type":"Organization","@id":"https:\/\/www.distribucionarc.com\/de\/#organization","name":"Dystrybucja ARC","url":"https:\/\/www.distribucionarc.com\/de\/","logo":{"@type":"ImageObject","inLanguage":"pl-PL","@id":"https:\/\/www.distribucionarc.com\/de\/#\/schema\/logo\/image\/","url":"https:\/\/distribucionarc.com\/wp-content\/uploads\/2024\/10\/distribucion-ARC-COLOR-SIN-FONDO-e1732295305345.png","contentUrl":"https:\/\/distribucionarc.com\/wp-content\/uploads\/2024\/10\/distribucion-ARC-COLOR-SIN-FONDO-e1732295305345.png","width":1164,"height":558,"caption":"Distribuci\u00f3n ARC"},"image":{"@id":"https:\/\/www.distribucionarc.com\/de\/#\/schema\/logo\/image\/"},"description":"Firma specjalizuj\u0105ca si\u0119 w produkcji i dystrybucji maszyn przemys\u0142owych dla sektora spo\u017cywczego i farmaceutycznego. Specjalizujemy si\u0119 w: Maszyny do krojenia mi\u0119sa Produkcja tabletek Przemys\u0142owe systemy transportowe Linie butelkuj\u0105ce Dozowniki I wiele wi\u0119cej.... Oferujemy innowacyjne i niestandardowe rozwi\u0105zania w celu optymalizacji proces\u00f3w produkcyjnych w Twojej firmie.","email":"Admistracion@distribucionarc.com","telephone":"+34 643496664","legalName":"ARC TECH SOLUTIONS","foundingDate":"2024-04-09","vatID":"B55480172","numberOfEmployees":{"@type":"QuantitativeValue","minValue":"1","maxValue":"10"}}]}},"_links":{"self":[{"href":"https:\/\/distribucionarc.com\/pl\/wp-json\/wp\/v2\/product\/4012","targetHints":{"allow":["GET"]}}],"collection":[{"href":"https:\/\/distribucionarc.com\/pl\/wp-json\/wp\/v2\/product"}],"about":[{"href":"https:\/\/distribucionarc.com\/pl\/wp-json\/wp\/v2\/types\/product"}],"replies":[{"embeddable":true,"href":"https:\/\/distribucionarc.com\/pl\/wp-json\/wp\/v2\/comments?post=4012"}],"version-history":[{"count":0,"href":"https:\/\/distribucionarc.com\/pl\/wp-json\/wp\/v2\/product\/4012\/revisions"}],"wp:featuredmedia":[{"embeddable":true,"href":"https:\/\/distribucionarc.com\/pl\/wp-json\/wp\/v2\/media\/4020"}],"wp:attachment":[{"href":"https:\/\/distribucionarc.com\/pl\/wp-json\/wp\/v2\/media?parent=4012"}],"wp:term":[{"taxonomy":"product_brand","embeddable":true,"href":"https:\/\/distribucionarc.com\/pl\/wp-json\/wp\/v2\/product_brand?post=4012"},{"taxonomy":"product_cat","embeddable":true,"href":"https:\/\/distribucionarc.com\/pl\/wp-json\/wp\/v2\/product_cat?post=4012"},{"taxonomy":"product_tag","embeddable":true,"href":"https:\/\/distribucionarc.com\/pl\/wp-json\/wp\/v2\/product_tag?post=4012"}],"curies":[{"name":"wp","href":"https:\/\/api.w.org\/{rel}","templated":true}]}}