{"id":4039,"date":"2020-10-15T15:01:23","date_gmt":"2020-10-15T15:01:23","guid":{"rendered":"https:\/\/distribucionarc.com\/?post_type=product&#038;p=4039"},"modified":"2020-10-15T15:01:45","modified_gmt":"2020-10-15T15:01:45","slug":"reczny-przecinak-do-klod","status":"publish","type":"product","link":"https:\/\/distribucionarc.com\/pl\/producto\/cortador-de-troncos-manual\/","title":{"rendered":"r\u0119czna \u0142uparka do drewna"},"content":{"rendered":"<h3>r\u0119czna \u0142uparka do drewna<\/h3>\n<p>On<strong>\u00a0przecinarka do k\u0142\u00f3d\u00a0<span style=\"color: #ff0000;\">DO<\/span><span style=\"color: #0000ff;\">R<\/span>C<\/strong> Dzia\u0142a poprzez t\u0142ok pneumatyczny, kt\u00f3ry jest obs\u0142ugiwany za pomoc\u0105 d\u017awigni zdolnych wywiera\u0107 nacisk od 5 do 10 ton, dzi\u0119ki czemu mo\u017cna go obs\u0142ugiwa\u0107 jedn\u0105 r\u0119k\u0105 lub obiema, w zale\u017cno\u015bci od potrzeb ci\u015bnieniowych. Za pomoc\u0105 lewej korby mo\u017ce wywiera\u0107 nacisk 10 ton, aby przeprowadzi\u0107 proces jedn\u0105 r\u0119k\u0105.<\/p>\n<p>Ta r\u0119czna roz\u0142upywarka do drewna <strong><span style=\"color: #ff0000;\">DO<\/span><span style=\"color: #0000ff;\">R<\/span>KAT10<\/strong> Posiada ostrza Duocut, kt\u00f3re u\u0142atwiaj\u0105 ci\u0119cie i gwarantuj\u0105 precyzyjne ci\u0119cie. G\u00f3rne ostrza mo\u017cna regulowa\u0107 w zale\u017cno\u015bci od wielko\u015bci pnia. Proces ten mo\u017cna wykonywa\u0107 w poziomie lub w pionie, zale\u017cnie od potrzeb ci\u0119cia. Maszyna wykonana jest ze wzmocnionej stali, co zapobiega jej wyginaniu i jest odporna na korozj\u0119 oraz codzienn\u0105 eksploatacj\u0119.<\/p>\n<h6><strong>Gwarancja\u00a0<span style=\"color: #ff0000;\">DO<\/span><span style=\"color: #0000ff;\">R<\/span>C 2 LATA<\/strong><\/h6>\n<h6><span style=\"color: #008000;\">R\u0119czna roz\u0142upywarka do drewna\u00a0<\/span><\/h6>\n<h6><strong>wsparcie techniczne w cenie<\/strong><\/h6>\n<p>&nbsp;<\/p>\n<table role=\"presentation\" width=\"100%\" cellspacing=\"0\" cellpadding=\"0\">\n<tbody>\n<tr>\n<td class=\"attrLabels\">Marka:<\/td>\n<td width=\"50.0%\">\u0141UK<\/td>\n<\/tr>\n<tr>\n<td class=\"attrLabels\">Kraj dystrybucji:<\/td>\n<td width=\"50.0%\">Hiszpania, Niemcy, USA<\/td>\n<td class=\"attrLabels\">Waga:<\/td>\n<td width=\"50.0%\">36 kg<\/td>\n<\/tr>\n<tr>\n<td class=\"attrLabels\">Gwarancja:<\/td>\n<td width=\"50.0%\">2 LATA<\/td>\n<td class=\"attrLabels\">Wysoko\u015b\u0107:<\/td>\n<td width=\"50.0%\">45cm<\/td>\n<\/tr>\n<tr>\n<td class=\"attrLabels\">Kolor:<\/td>\n<td width=\"50.0%\">Pomara\u0144czowy<\/td>\n<td class=\"attrLabels\">D\u0142ugi:<\/td>\n<td width=\"50.0%\">100cm<\/td>\n<\/tr>\n<tr>\n<td class=\"attrLabels\">Rodzaj produktu:<\/td>\n<td width=\"50.0%\">R\u0119czna roz\u0142upywarka do drewna<\/td>\n<td class=\"attrLabels\">Szeroki:<\/td>\n<td width=\"50.0%\">30cm<\/td>\n<\/tr>\n<tr>\n<td class=\"attrLabels\">Numer producenta:<\/td>\n<td width=\"50.0%\">ARCATM10<\/td>\n<td class=\"attrLabels\">Praca w pionie:<\/td>\n<td width=\"50.0%\">45 x 30 x 100 (d\u0142. x szer. x wys.)<\/td>\n<\/tr>\n<tr>\n<td class=\"attrLabels\">Tworzywo:<\/td>\n<td width=\"50.0%\">Stal wzmocniona<\/td>\n<td class=\"attrLabels\">napi\u0119cie wej\u015bciowe<\/td>\n<td width=\"50.0%\">220 V \u2013 50\/60 Hz<\/td>\n<\/tr>\n<tr>\n<td class=\"attrLabels\">Narz\u0119dzia instalacyjne:<\/td>\n<td width=\"50.0%\">Tak<\/td>\n<td class=\"attrLabels\">D\u0142ugo\u015b\u0107 pni:<\/td>\n<td width=\"50.0%\">510mm do 600mm<\/td>\n<\/tr>\n<tr>\n<td class=\"attrLabels\">Dzia\u0142anie:<\/td>\n<td width=\"50.0%\">Manualny z t\u0142okiem hydraulicznym 10 ton<\/td>\n<td class=\"attrLabels\">Szeroki:<\/td>\n<td width=\"50.0%\">300 mm<\/td>\n<\/tr>\n<\/tbody>\n<\/table>\n<p>&nbsp;<\/p>","protected":false},"excerpt":{"rendered":"<h2>r\u0119czna \u0142uparka do drewna<\/h2>\n<p>On\u00a0<strong>przecinarka do k\u0142\u00f3d\u00a0<span style=\"color: #ff0000;\">DO<\/span><span style=\"color: #0000ff;\">R<\/span>C<\/strong> To idealna maszyna do roz\u0142upywania zielonego lub suchego drewna na kr\u00f3tkie kawa\u0142ki k\u0142\u00f3d. Ta maszyna ma dwa uchwyty, z kt\u00f3rych ka\u017cdy wywiera nacisk 5 ton. U\u017cywaj\u0105c tylko lewego uchwytu, mo\u017cesz \u0142atwo i szybko wywiera\u0107 nacisk 10 ton. Dzi\u0119ki pneumatycznemu systemowi ta roz\u0142uparka do drewna umo\u017cliwia \u0142atwe i szybkie ci\u0119cie kawa\u0142k\u00f3w.<\/p>\n<h6><strong>Gwarancja\u00a0<span style=\"color: #ff0000;\">DO<\/span><span style=\"color: #0000ff;\">R<\/span>C 2 LATA<\/strong><\/h6>\n<h6><span style=\"color: #008000;\">R\u0119czna roz\u0142upywarka do drewna\u00a0<\/span><\/h6>\n<h6><strong>wsparcie techniczne w cenie<\/strong><\/h6>","protected":false},"featured_media":4040,"comment_status":"open","ping_status":"closed","template":"","meta":{"wds_primary_product_brand":0,"wds_primary_product_cat":0},"product_brand":[],"product_cat":[72,69],"product_tag":[],"class_list":{"0":"post-4039","1":"product","2":"type-product","3":"status-publish","4":"has-post-thumbnail","6":"product_cat-maquinaria-para-cortar-troncos","7":"product_cat-maquinas-variadas","8":"product_shipping_class-hosteleria","10":"first","11":"instock","12":"sale","13":"taxable","14":"shipping-taxable","15":"purchasable","16":"product-type-simple"},"yoast_head":"<!-- This site is optimized with the Yoast SEO Premium plugin v24.9 (Yoast SEO v26.1) - https:\/\/yoast.com\/wordpress\/plugins\/seo\/ -->\n<title>Cortador de troncos manual - distribuci\u00f3n ARC<\/title>\n<meta name=\"robots\" content=\"index, follow, max-snippet:-1, max-image-preview:large, max-video-preview:-1\" \/>\n<link rel=\"canonical\" href=\"https:\/\/distribucionarc.com\/pl\/produkty\/reczny-przecinak-do-klod\/\" \/>\n<meta property=\"og:locale\" content=\"pl_PL\" \/>\n<meta property=\"og:type\" content=\"article\" \/>\n<meta property=\"og:title\" content=\"Cortador de troncos manual\" \/>\n<meta property=\"og:description\" content=\"Cortador de troncos manual El\u00a0cortador de troncos\u00a0ARC es la m\u00e1quina perfecta para partir su madera verde o seca, en troncos de cortos trozos, esta m\u00e1quina\u00a0 dispone de dos mangos que ejercen 5 toneladas de presi\u00f3n cada uno,\u00a0 utilizando solo izquierdo puede ejercer 10 toneladas de presi\u00f3n de forma sencilla y r\u00e1pida. Este partidor de troncos es capaz de cortar trozos de forma sencilla y r\u00e1pida\u00a0 gracias al sistema neum\u00e1tico. Garant\u00eda\u00a0ARC 2 A\u00d1OS Partidora de troncos manual\u00a0 soporte t\u00e9cnico incluido\" \/>\n<meta property=\"og:url\" content=\"https:\/\/distribucionarc.com\/pl\/produkty\/reczny-przecinak-do-klod\/\" \/>\n<meta property=\"og:site_name\" content=\"distribuci\u00f3n ARC\" \/>\n<meta property=\"article:modified_time\" content=\"2020-10-15T15:01:45+00:00\" \/>\n<meta property=\"og:image\" content=\"https:\/\/distribucionarc.com\/wp-content\/uploads\/2020\/10\/Cortador-de-troncos-manual-0.jpg\" \/>\n\t<meta property=\"og:image:width\" content=\"1080\" \/>\n\t<meta property=\"og:image:height\" content=\"1080\" \/>\n\t<meta property=\"og:image:type\" content=\"image\/jpeg\" \/>\n<meta name=\"twitter:card\" content=\"summary_large_image\" \/>\n<meta name=\"twitter:label1\" content=\"Szacowany czas czytania\" \/>\n\t<meta name=\"twitter:data1\" content=\"1 minuta\" \/>\n<script type=\"application\/ld+json\" class=\"yoast-schema-graph\">{\"@context\":\"https:\/\/schema.org\",\"@graph\":[{\"@type\":\"WebPage\",\"@id\":\"https:\/\/distribucionarc.com\/pl\/producto\/cortador-de-troncos-manual\/\",\"url\":\"https:\/\/distribucionarc.com\/pl\/producto\/cortador-de-troncos-manual\/\",\"name\":\"Cortador de troncos manual - distribuci\u00f3n ARC\",\"isPartOf\":{\"@id\":\"https:\/\/distribucionarc.com\/bg\/#website\"},\"primaryImageOfPage\":{\"@id\":\"https:\/\/distribucionarc.com\/pl\/producto\/cortador-de-troncos-manual\/#primaryimage\"},\"image\":{\"@id\":\"https:\/\/distribucionarc.com\/pl\/producto\/cortador-de-troncos-manual\/#primaryimage\"},\"thumbnailUrl\":\"https:\/\/distribucionarc.com\/wp-content\/uploads\/2020\/10\/Cortador-de-troncos-manual-0.jpg\",\"datePublished\":\"2020-10-15T15:01:23+00:00\",\"dateModified\":\"2020-10-15T15:01:45+00:00\",\"breadcrumb\":{\"@id\":\"https:\/\/distribucionarc.com\/pl\/producto\/cortador-de-troncos-manual\/#breadcrumb\"},\"inLanguage\":\"pl-PL\",\"potentialAction\":[{\"@type\":\"ReadAction\",\"target\":[\"https:\/\/distribucionarc.com\/pl\/producto\/cortador-de-troncos-manual\/\"]}]},{\"@type\":\"ImageObject\",\"inLanguage\":\"pl-PL\",\"@id\":\"https:\/\/distribucionarc.com\/pl\/producto\/cortador-de-troncos-manual\/#primaryimage\",\"url\":\"https:\/\/distribucionarc.com\/wp-content\/uploads\/2020\/10\/Cortador-de-troncos-manual-0.jpg\",\"contentUrl\":\"https:\/\/distribucionarc.com\/wp-content\/uploads\/2020\/10\/Cortador-de-troncos-manual-0.jpg\",\"width\":1080,\"height\":1080,\"caption\":\"Cortador de troncos manual\"},{\"@type\":\"BreadcrumbList\",\"@id\":\"https:\/\/distribucionarc.com\/pl\/producto\/cortador-de-troncos-manual\/#breadcrumb\",\"itemListElement\":[{\"@type\":\"ListItem\",\"position\":1,\"name\":\"Portada\",\"item\":\"https:\/\/distribucionarc.com\/nb\/\"},{\"@type\":\"ListItem\",\"position\":2,\"name\":\"Products\",\"item\":\"https:\/\/www.distribucionarc.com\/en\/shop\/\"},{\"@type\":\"ListItem\",\"position\":3,\"name\":\"Cortador de troncos manual\"}]},{\"@type\":\"WebSite\",\"@id\":\"https:\/\/distribucionarc.com\/bg\/#website\",\"url\":\"https:\/\/distribucionarc.com\/bg\/\",\"name\":\"distribuci\u00f3n ARC\",\"description\":\"Empresa especializada en la fabricaci\u00f3n y distribuci\u00f3n de maquinaria industrial, selladoras de latas, Maquinas de hacer pastillas, Maquinas de cortar carne...\",\"publisher\":{\"@id\":\"https:\/\/distribucionarc.com\/bg\/#organization\"},\"potentialAction\":[{\"@type\":\"SearchAction\",\"target\":{\"@type\":\"EntryPoint\",\"urlTemplate\":\"https:\/\/distribucionarc.com\/bg\/?s={search_term_string}\"},\"query-input\":{\"@type\":\"PropertyValueSpecification\",\"valueRequired\":true,\"valueName\":\"search_term_string\"}}],\"inLanguage\":\"pl-PL\"},{\"@type\":\"Organization\",\"@id\":\"https:\/\/distribucionarc.com\/bg\/#organization\",\"name\":\"Distribuci\u00f3n ARC\",\"url\":\"https:\/\/distribucionarc.com\/bg\/\",\"logo\":{\"@type\":\"ImageObject\",\"inLanguage\":\"pl-PL\",\"@id\":\"https:\/\/distribucionarc.com\/bg\/#\/schema\/logo\/image\/\",\"url\":\"https:\/\/distribucionarc.com\/wp-content\/uploads\/2024\/10\/distribucion-ARC-COLOR-SIN-FONDO-e1732295305345.png\",\"contentUrl\":\"https:\/\/distribucionarc.com\/wp-content\/uploads\/2024\/10\/distribucion-ARC-COLOR-SIN-FONDO-e1732295305345.png\",\"width\":1164,\"height\":558,\"caption\":\"Distribuci\u00f3n ARC\"},\"image\":{\"@id\":\"https:\/\/distribucionarc.com\/bg\/#\/schema\/logo\/image\/\"},\"description\":\"Empresa especializada en la fabricaci\u00f3n y distribuci\u00f3n de maquinaria industrial para los sectores alimentario y farmac\u00e9utico. Nos especializamos en: M\u00e1quinas de cortar carne Fabricaci\u00f3n de comprimidos Sistemas de transporte industrial L\u00edneas de embotellado Dosificadores Y mucho m\u00e1s... Ofrecemos soluciones innovadoras y personalizadas para optimizar los procesos productivos de tu empresa.\",\"email\":\"Admistracion@distribucionarc.com\",\"telephone\":\"+34 643496664\",\"legalName\":\"ARC TECH SOLUTIONS\",\"foundingDate\":\"2024-04-09\",\"vatID\":\"B55480172\",\"numberOfEmployees\":{\"@type\":\"QuantitativeValue\",\"minValue\":\"1\",\"maxValue\":\"10\"}}]}<\/script>\n<!-- \/ Yoast SEO Premium plugin. -->","yoast_head_json":{"title":"R\u0119czna \u0142uparka do drewna - dystrybucja ARC","robots":{"index":"index","follow":"follow","max-snippet":"max-snippet:-1","max-image-preview":"max-image-preview:large","max-video-preview":"max-video-preview:-1"},"canonical":"https:\/\/distribucionarc.com\/pl\/produkty\/reczny-przecinak-do-klod\/","og_locale":"pl_PL","og_type":"article","og_title":"Cortador de troncos manual","og_description":"Cortador de troncos manual El\u00a0cortador de troncos\u00a0ARC es la m\u00e1quina perfecta para partir su madera verde o seca, en troncos de cortos trozos, esta m\u00e1quina\u00a0 dispone de dos mangos que ejercen 5 toneladas de presi\u00f3n cada uno,\u00a0 utilizando solo izquierdo puede ejercer 10 toneladas de presi\u00f3n de forma sencilla y r\u00e1pida. Este partidor de troncos es capaz de cortar trozos de forma sencilla y r\u00e1pida\u00a0 gracias al sistema neum\u00e1tico. Garant\u00eda\u00a0ARC 2 A\u00d1OS Partidora de troncos manual\u00a0 soporte t\u00e9cnico incluido","og_url":"https:\/\/distribucionarc.com\/pl\/produkty\/reczny-przecinak-do-klod\/","og_site_name":"distribuci\u00f3n ARC","article_modified_time":"2020-10-15T15:01:45+00:00","og_image":[{"width":1080,"height":1080,"url":"https:\/\/distribucionarc.com\/wp-content\/uploads\/2020\/10\/Cortador-de-troncos-manual-0.jpg","type":"image\/jpeg"}],"twitter_card":"summary_large_image","twitter_misc":{"Szacowany czas czytania":"1 minuta"},"schema":{"@context":"https:\/\/schema.org","@graph":[{"@type":"WebPage","@id":"https:\/\/distribucionarc.com\/pl\/producto\/cortador-de-troncos-manual\/","url":"https:\/\/distribucionarc.com\/pl\/producto\/cortador-de-troncos-manual\/","name":"R\u0119czna \u0142uparka do drewna - dystrybucja ARC","isPartOf":{"@id":"https:\/\/distribucionarc.com\/bg\/#website"},"primaryImageOfPage":{"@id":"https:\/\/distribucionarc.com\/pl\/producto\/cortador-de-troncos-manual\/#primaryimage"},"image":{"@id":"https:\/\/distribucionarc.com\/pl\/producto\/cortador-de-troncos-manual\/#primaryimage"},"thumbnailUrl":"https:\/\/distribucionarc.com\/wp-content\/uploads\/2020\/10\/Cortador-de-troncos-manual-0.jpg","datePublished":"2020-10-15T15:01:23+00:00","dateModified":"2020-10-15T15:01:45+00:00","breadcrumb":{"@id":"https:\/\/distribucionarc.com\/pl\/producto\/cortador-de-troncos-manual\/#breadcrumb"},"inLanguage":"pl-PL","potentialAction":[{"@type":"ReadAction","target":["https:\/\/distribucionarc.com\/pl\/producto\/cortador-de-troncos-manual\/"]}]},{"@type":"ImageObject","inLanguage":"pl-PL","@id":"https:\/\/distribucionarc.com\/pl\/producto\/cortador-de-troncos-manual\/#primaryimage","url":"https:\/\/distribucionarc.com\/wp-content\/uploads\/2020\/10\/Cortador-de-troncos-manual-0.jpg","contentUrl":"https:\/\/distribucionarc.com\/wp-content\/uploads\/2020\/10\/Cortador-de-troncos-manual-0.jpg","width":1080,"height":1080,"caption":"Cortador de troncos manual"},{"@type":"BreadcrumbList","@id":"https:\/\/distribucionarc.com\/pl\/producto\/cortador-de-troncos-manual\/#breadcrumb","itemListElement":[{"@type":"ListItem","position":1,"name":"Portada","item":"https:\/\/distribucionarc.com\/nb\/"},{"@type":"ListItem","position":2,"name":"Products","item":"https:\/\/www.distribucionarc.com\/en\/shop\/"},{"@type":"ListItem","position":3,"name":"Cortador de troncos manual"}]},{"@type":"WebSite","@id":"https:\/\/distribucionarc.com\/bg\/#website","url":"https:\/\/distribucionarc.com\/bg\/","name":"Dystrybucja ARC","description":"Firma specjalizuj\u0105ca si\u0119 w produkcji i dystrybucji maszyn przemys\u0142owych, zgrzewarek do puszek, maszyn do produkcji tabletek, maszyn do ci\u0119cia mi\u0119sa...","publisher":{"@id":"https:\/\/distribucionarc.com\/bg\/#organization"},"potentialAction":[{"@type":"SearchAction","target":{"@type":"EntryPoint","urlTemplate":"https:\/\/distribucionarc.com\/bg\/?s={search_term_string}"},"query-input":{"@type":"PropertyValueSpecification","valueRequired":true,"valueName":"search_term_string"}}],"inLanguage":"pl-PL"},{"@type":"Organization","@id":"https:\/\/distribucionarc.com\/bg\/#organization","name":"Dystrybucja ARC","url":"https:\/\/distribucionarc.com\/bg\/","logo":{"@type":"ImageObject","inLanguage":"pl-PL","@id":"https:\/\/distribucionarc.com\/bg\/#\/schema\/logo\/image\/","url":"https:\/\/distribucionarc.com\/wp-content\/uploads\/2024\/10\/distribucion-ARC-COLOR-SIN-FONDO-e1732295305345.png","contentUrl":"https:\/\/distribucionarc.com\/wp-content\/uploads\/2024\/10\/distribucion-ARC-COLOR-SIN-FONDO-e1732295305345.png","width":1164,"height":558,"caption":"Distribuci\u00f3n ARC"},"image":{"@id":"https:\/\/distribucionarc.com\/bg\/#\/schema\/logo\/image\/"},"description":"Firma specjalizuj\u0105ca si\u0119 w produkcji i dystrybucji maszyn przemys\u0142owych dla sektora spo\u017cywczego i farmaceutycznego. Specjalizujemy si\u0119 w: Maszyny do krojenia mi\u0119sa Produkcja tabletek Przemys\u0142owe systemy transportowe Linie butelkuj\u0105ce Dozowniki I wiele wi\u0119cej.... Oferujemy innowacyjne i niestandardowe rozwi\u0105zania w celu optymalizacji proces\u00f3w produkcyjnych w Twojej firmie.","email":"Admistracion@distribucionarc.com","telephone":"+34 643496664","legalName":"ARC TECH SOLUTIONS","foundingDate":"2024-04-09","vatID":"B55480172","numberOfEmployees":{"@type":"QuantitativeValue","minValue":"1","maxValue":"10"}}]}},"_links":{"self":[{"href":"https:\/\/distribucionarc.com\/pl\/wp-json\/wp\/v2\/product\/4039","targetHints":{"allow":["GET"]}}],"collection":[{"href":"https:\/\/distribucionarc.com\/pl\/wp-json\/wp\/v2\/product"}],"about":[{"href":"https:\/\/distribucionarc.com\/pl\/wp-json\/wp\/v2\/types\/product"}],"replies":[{"embeddable":true,"href":"https:\/\/distribucionarc.com\/pl\/wp-json\/wp\/v2\/comments?post=4039"}],"version-history":[{"count":0,"href":"https:\/\/distribucionarc.com\/pl\/wp-json\/wp\/v2\/product\/4039\/revisions"}],"wp:featuredmedia":[{"embeddable":true,"href":"https:\/\/distribucionarc.com\/pl\/wp-json\/wp\/v2\/media\/4040"}],"wp:attachment":[{"href":"https:\/\/distribucionarc.com\/pl\/wp-json\/wp\/v2\/media?parent=4039"}],"wp:term":[{"taxonomy":"product_brand","embeddable":true,"href":"https:\/\/distribucionarc.com\/pl\/wp-json\/wp\/v2\/product_brand?post=4039"},{"taxonomy":"product_cat","embeddable":true,"href":"https:\/\/distribucionarc.com\/pl\/wp-json\/wp\/v2\/product_cat?post=4039"},{"taxonomy":"product_tag","embeddable":true,"href":"https:\/\/distribucionarc.com\/pl\/wp-json\/wp\/v2\/product_tag?post=4039"}],"curies":[{"name":"wp","href":"https:\/\/api.w.org\/{rel}","templated":true}]}}