{"id":4057,"date":"2020-10-28T16:17:57","date_gmt":"2020-10-28T16:17:57","guid":{"rendered":"https:\/\/distribucionarc.com\/?post_type=product&#038;p=4057"},"modified":"2021-01-26T09:21:13","modified_gmt":"2021-01-26T09:21:13","slug":"gofrownica-babelki-gofry-babelki","status":"publish","type":"product","link":"https:\/\/distribucionarc.com\/pl\/producto\/gofrera-burbujas-waffle-bubble\/","title":{"rendered":"Urz\u0105dzenie do robienia wafli b\u0105belkowych Wafel b\u0105belkowy"},"content":{"rendered":"<h3>Urz\u0105dzenie do robienia wafli b\u0105belkowych Wafel b\u0105belkowy<\/h3>\n<p>The\u00a0<strong>Profesjonalna gofrownica\u00a0<\/strong>\u00a0z\u00a0<strong><span style=\"color: #ff0000;\">DO<\/span><span style=\"color: #0000ff;\">R<\/span>C<\/strong>, przyjmuje konstrukcj\u0119 podw\u00f3jnej g\u0142owicy, dzi\u0119ki czemu proces gotowania\u00a0<strong>gofry<\/strong> by\u0107 bardziej wydajnym i dochodowym. Wystarczaj\u0105ca moc 1250 W dla ka\u017cdej formy gwarantuje ci\u0105g\u0142e podgrzewanie w zakresie 360 stopni i lepsze wra\u017cenia kulinarne. Przyczyniaj\u0105 si\u0119 tak\u017ce do dalszego <span style=\"color: #008000;\">R<strong>wydajna wydajno\u015b\u0107 energetyczna<\/strong><\/span>.<\/p>\n<p>G\u0142owic\u0119 mo\u017cna kontrolowa\u0107 niezale\u017cnie za pomoc\u0105 drewnianych pokr\u0119te\u0142, co zapobiega ich nagrzewaniu. Zakres temperatur wynosi od 50 do 300\u00baC. Stan pracy urz\u0105dzenia sygnalizuje dioda LED. Ten <strong>Profesjonalna gofrownica <span style=\"color: #ff0000;\">DO<\/span><span style=\"color: #0000ff;\">R<\/span>CMGEB75<\/strong>\u00a0Posiada precyzyjny timer maksymalnie do 5 minut, z wyra\u017anym i melodyjnym alarmem, gdy gofry b\u0119d\u0105 gotowe.<\/p>\n<p>Ka\u017cdy szef\u00a0\u00a0<strong>Maszyna do gofr\u00f3w<\/strong>\u00a0Przyjmuje dwie formy (g\u00f3rn\u0105 i doln\u0105). Razem tworz\u0105 pyszne gofry. Obie formy zapewniaj\u0105 r\u00f3wnomierne ogrzewanie. Powierzchnia do gotowania pokryta teflonem jest nieprzywieraj\u0105ca i u\u0142atwia czyszczenie urz\u0105dzenia.\u00a0<strong>gofry<\/strong>. Gruby, stalowy uchwyt z litego drewna zapewnia \u0142atwy chwyt i bezproblemow\u0105 obs\u0142ug\u0119. Zastosowanie dobrego materia\u0142u odprowadzaj\u0105cego ciep\u0142o gwarantuje, \u017ce temperatura nie b\u0119dzie zbyt wysoka. Chroni u\u017cytkownika przed oparzeniami.<\/p>\n<p>Z\u00a0<strong>Profesjonalna gofrownica<\/strong>\u00a0z\u00a0<strong><span style=\"color: #ff0000;\">DO<\/span><span style=\"color: #0000ff;\">R<\/span>C<\/strong>\u00a0dostaniesz troch\u0119\u00a0<strong>Gofry<\/strong> <strong>okr\u0105g\u0142e i z puszystymi b\u0105belkami,<\/strong> mi\u0119kkie wn\u0119trze i chrupi\u0105ca powierzchnia z nieko\u0144cz\u0105cym si\u0119 posmakiem. Czekolad\u0119, s\u0142odycze i inne dekoracje mo\u017cna dowolnie dodawa\u0107, aby doda\u0107 smaku.<\/p>\n<p>&nbsp;<\/p>\n<h6><strong>Gwarancja\u00a0<span style=\"color: #ff0000;\">DO<\/span><span style=\"color: #0000ff;\">R<\/span>C 2 LATA<\/strong><\/h6>\n<h6><span style=\"color: #008000;\">Profesjonalna gofrownica, niskie zu\u017cycie energii 1250 W<\/span><\/h6>\n<h6><strong>wsparcie techniczne w cenie.<\/strong><\/h6>\n<p>&nbsp;<\/p>\n<table role=\"presentation\" width=\"100%\" cellspacing=\"0\" cellpadding=\"0\">\n<tbody>\n<tr>\n<td class=\"attrLabels\">Temperatura:<\/td>\n<td width=\"50.0%\">30-300\u00baC<\/td>\n<\/tr>\n<tr>\n<td class=\"attrLabels\">Kraj dystrybucji:<\/td>\n<td width=\"50.0%\">Hiszpania, Niemcy, USA<\/td>\n<td class=\"attrLabels\">Waga:<\/td>\n<td width=\"50.0%\">6 kg<\/td>\n<\/tr>\n<tr>\n<td class=\"attrLabels\">Marka:<\/td>\n<td width=\"50.0%\">\u0141UK<\/td>\n<td class=\"attrLabels\">Wysoko\u015b\u0107:<\/td>\n<td width=\"50.0%\">50cm<\/td>\n<\/tr>\n<tr>\n<td class=\"attrLabels\">Kolor:<\/td>\n<td width=\"50.0%\">Srebrny<\/td>\n<td class=\"attrLabels\">D\u0142ugi:<\/td>\n<td width=\"50.0%\">22cm<\/td>\n<\/tr>\n<tr>\n<td class=\"attrLabels\">Rodzaj produktu:<\/td>\n<td width=\"50.0%\">Profesjonalna gofrownica<\/td>\n<td class=\"attrLabels\">Szeroki:<\/td>\n<td width=\"50.0%\">37cm<\/td>\n<\/tr>\n<tr>\n<td class=\"attrLabels\">Numer producenta:<\/td>\n<td width=\"50.0%\">Udost\u0119pnij<\/td>\n<td class=\"attrLabels\">Moc:<\/td>\n<td width=\"50.0%\">950 W<\/td>\n<\/tr>\n<tr>\n<td class=\"attrLabels\">Tworzywo:<\/td>\n<td width=\"50.0%\">stal nierdzewna, p\u0142yta teflonowa, kontrola temperatury<\/td>\n<td class=\"attrLabels\">napi\u0119cie wej\u015bciowe<\/td>\n<td width=\"50.0%\">220 V \u2013 60 Hz<\/td>\n<\/tr>\n<tr>\n<td class=\"attrLabels\">Rozmiar wafla:<\/td>\n<td width=\"50.0%\">\u00a0\u015arednica 20 cm (p\u0119cherzyki 30 mm)<\/td>\n<td class=\"attrLabels\">Gwarancja:<\/td>\n<td width=\"50.0%\">2 LATA<\/td>\n<\/tr>\n<tr>\n<td class=\"attrLabels\">Narz\u0119dzia instalacyjne:<\/td>\n<td width=\"50.0%\">Tak<\/td>\n<td class=\"attrLabels\">Produkcja:<\/td>\n<td width=\"50.0%\">1 sztuki na minut\u0119<\/td>\n<\/tr>\n<\/tbody>\n<\/table>\n<p>&nbsp;<\/p>\n<p>&nbsp;<\/p>\n<p>&nbsp;<\/p>","protected":false},"excerpt":{"rendered":"<h2>Urz\u0105dzenie do robienia wafli b\u0105belkowych Wafel b\u0105belkowy<\/h2>\n<p>Nasz\u00a0<strong>Maszyna do robienia gofr\u00f3w b\u0105belkowych<\/strong>\u00a0z\u00a0<strong><span style=\"color: #ff0000;\">\u00a0DO<\/span><span style=\"color: #0000ff;\">R<\/span>C<\/strong>\u00a0jest najlepsz\u0105 opcj\u0105\u00a0<strong>gofry<\/strong>,\u00a0<strong>gofry, wafle<\/strong>, <strong>ro\u017cki do lod\u00f3w\u00a0<\/strong> poniewa\u017c jest wielofunkcyjny. Idealnie nadaje si\u0119 dla profesjonalist\u00f3w i ma\u0142ych firm.<\/p>\n<p>The\u00a0<strong>Gofrownica elektryczna<\/strong>\u00a0z\u00a0<strong><span style=\"color: #ff0000;\">DO<\/span><span style=\"color: #0000ff;\">R<\/span>C<\/strong>\u00a0Wykonany jest ze stali nierdzewnej, kt\u00f3ra jest odporna na zarysowania i trwa\u0142a. \u017beliwna p\u0142yta zapewnia specjaln\u0105 technologi\u0119 zapobiegaj\u0105c\u0105 przywieraniu.\u00a0<strong>Maszyna do gofr\u00f3w <span style=\"color: #ff0000;\">DO<\/span><span style=\"color: #0000ff;\">R<\/span>CMGEB75<\/strong>\u00a0jest \u0142atwy w u\u017cyciu. The\u00a0<strong>maszyna do robienia puszystych gofr\u00f3w<\/strong> Szybko si\u0119 nagrzewa dzi\u0119ki mocy 1250 W, co czyni go jeszcze bardziej <span style=\"color: #008000;\"><strong>efektywne pod wzgl\u0119dem zu\u017cycia energii elektrycznej<\/strong><\/span>. Posiada tack\u0119 ociekow\u0105 pod p\u0142yt\u0105, co u\u0142atwia czyszczenie.<\/p>\n<h6><strong>Gwarancja\u00a0<span style=\"color: #ff0000;\">DO<\/span><span style=\"color: #0000ff;\">R<\/span>C 2 LATA<\/strong><\/h6>\n<h6><span style=\"color: #008000;\">Profesjonalna gofrownica, niskie zu\u017cycie energii 1250 W<\/span><\/h6>\n<h6><strong>wsparcie techniczne w cenie.<\/strong><\/h6>\n<p>&nbsp;<\/p>\n<p>&nbsp;<\/p>","protected":false},"featured_media":4064,"comment_status":"open","ping_status":"closed","template":"","meta":{"wds_primary_product_brand":0,"wds_primary_product_cat":0},"product_brand":[],"product_cat":[51],"product_tag":[],"class_list":{"0":"post-4057","1":"product","2":"type-product","3":"status-publish","4":"has-post-thumbnail","6":"product_cat-gofreras-profesionales","7":"product_shipping_class-hosteleria","9":"first","10":"instock","11":"sale","12":"taxable","13":"shipping-taxable","14":"purchasable","15":"product-type-simple"},"yoast_head":"<!-- This site is optimized with the Yoast SEO Premium plugin v24.9 (Yoast SEO v26.1) - https:\/\/yoast.com\/wordpress\/plugins\/seo\/ -->\n<title>Gofrera burbujas Waffle bubble - distribuci\u00f3n ARC<\/title>\n<meta name=\"robots\" content=\"index, follow, max-snippet:-1, max-image-preview:large, max-video-preview:-1\" \/>\n<link rel=\"canonical\" href=\"https:\/\/distribucionarc.com\/pl\/produkty\/gofrownica-babelki-gofry-babelki\/\" \/>\n<meta property=\"og:locale\" content=\"pl_PL\" \/>\n<meta property=\"og:type\" content=\"article\" \/>\n<meta property=\"og:title\" content=\"Gofrera burbujas Waffle bubble\" \/>\n<meta property=\"og:description\" content=\"Gofrera burbujas Waffle bubble Nuestra\u00a0Gofrera Bubble\u00a0de\u00a0\u00a0ARC\u00a0es la mejor opci\u00f3n para hacer\u00a0gofres,\u00a0waffles, barquillos, conos de helado\u00a0 porque es multifuncional. Es ideal para profesionales y peque\u00f1os comercios .  La\u00a0Maquina de waffles el\u00e9ctrica\u00a0de\u00a0ARC\u00a0est\u00e1 hecha de acero inoxidable, que es resistente a los ara\u00f1azos y duradero. La placa de hierro fundido le proporciona una tecnolog\u00eda especial antiadherente.\u00a0La m\u00e1quina de gofres ARCMGEB75\u00a0es f\u00e1cil de usar. La\u00a0m\u00e1quina para hacer Waffles Esponjosos se calienta r\u00e1pidamente gracias a su potencia de 1250 vatios que la vuelven a su vez m\u00e1s eficiente por su consumo el\u00e9ctrico. Tiene una bandeja de goteo debajo de la placa para facilitar la limpieza. Garant\u00eda\u00a0ARC 2 A\u00d1OS Gofrera profesional , bajo consumo 1250w soporte t\u00e9cnico incluido. &nbsp;  &nbsp;\" \/>\n<meta property=\"og:url\" content=\"https:\/\/distribucionarc.com\/pl\/produkty\/gofrownica-babelki-gofry-babelki\/\" \/>\n<meta property=\"og:site_name\" content=\"distribuci\u00f3n ARC\" \/>\n<meta property=\"article:modified_time\" content=\"2021-01-26T09:21:13+00:00\" \/>\n<meta property=\"og:image\" content=\"https:\/\/distribucionarc.com\/wp-content\/uploads\/2020\/10\/Gofrera-burbujas-Waffle-bubble-0.jpg\" \/>\n\t<meta property=\"og:image:width\" content=\"1600\" \/>\n\t<meta property=\"og:image:height\" content=\"1600\" \/>\n\t<meta property=\"og:image:type\" content=\"image\/jpeg\" \/>\n<meta name=\"twitter:card\" content=\"summary_large_image\" \/>\n<meta name=\"twitter:label1\" content=\"Szacowany czas czytania\" \/>\n\t<meta name=\"twitter:data1\" content=\"2 minuty\" \/>\n<script type=\"application\/ld+json\" class=\"yoast-schema-graph\">{\"@context\":\"https:\/\/schema.org\",\"@graph\":[{\"@type\":\"WebPage\",\"@id\":\"https:\/\/distribucionarc.com\/nb\/producto\/gofrera-burbujas-waffle-bubble\/\",\"url\":\"https:\/\/distribucionarc.com\/nb\/producto\/gofrera-burbujas-waffle-bubble\/\",\"name\":\"Gofrera burbujas Waffle bubble - distribuci\u00f3n ARC\",\"isPartOf\":{\"@id\":\"https:\/\/distribucionarc.com\/bg\/#website\"},\"primaryImageOfPage\":{\"@id\":\"https:\/\/distribucionarc.com\/nb\/producto\/gofrera-burbujas-waffle-bubble\/#primaryimage\"},\"image\":{\"@id\":\"https:\/\/distribucionarc.com\/nb\/producto\/gofrera-burbujas-waffle-bubble\/#primaryimage\"},\"thumbnailUrl\":\"https:\/\/distribucionarc.com\/wp-content\/uploads\/2020\/10\/Gofrera-burbujas-Waffle-bubble-0.jpg\",\"datePublished\":\"2020-10-28T16:17:57+00:00\",\"dateModified\":\"2021-01-26T09:21:13+00:00\",\"breadcrumb\":{\"@id\":\"https:\/\/distribucionarc.com\/nb\/producto\/gofrera-burbujas-waffle-bubble\/#breadcrumb\"},\"inLanguage\":\"pl-PL\",\"potentialAction\":[{\"@type\":\"ReadAction\",\"target\":[\"https:\/\/distribucionarc.com\/nb\/producto\/gofrera-burbujas-waffle-bubble\/\"]}]},{\"@type\":\"ImageObject\",\"inLanguage\":\"pl-PL\",\"@id\":\"https:\/\/distribucionarc.com\/nb\/producto\/gofrera-burbujas-waffle-bubble\/#primaryimage\",\"url\":\"https:\/\/distribucionarc.com\/wp-content\/uploads\/2020\/10\/Gofrera-burbujas-Waffle-bubble-0.jpg\",\"contentUrl\":\"https:\/\/distribucionarc.com\/wp-content\/uploads\/2020\/10\/Gofrera-burbujas-Waffle-bubble-0.jpg\",\"width\":1600,\"height\":1600,\"caption\":\"Gofrera burbujas Waffle bubble\"},{\"@type\":\"BreadcrumbList\",\"@id\":\"https:\/\/distribucionarc.com\/nb\/producto\/gofrera-burbujas-waffle-bubble\/#breadcrumb\",\"itemListElement\":[{\"@type\":\"ListItem\",\"position\":1,\"name\":\"Portada\",\"item\":\"https:\/\/distribucionarc.com\/nb\/\"},{\"@type\":\"ListItem\",\"position\":2,\"name\":\"Products\",\"item\":\"https:\/\/www.distribucionarc.com\/en\/shop\/\"},{\"@type\":\"ListItem\",\"position\":3,\"name\":\"Gofrera burbujas Waffle bubble\"}]},{\"@type\":\"WebSite\",\"@id\":\"https:\/\/distribucionarc.com\/bg\/#website\",\"url\":\"https:\/\/distribucionarc.com\/bg\/\",\"name\":\"distribuci\u00f3n ARC\",\"description\":\"Empresa especializada en la fabricaci\u00f3n y distribuci\u00f3n de maquinaria industrial, selladoras de latas, Maquinas de hacer pastillas, Maquinas de cortar carne...\",\"publisher\":{\"@id\":\"https:\/\/distribucionarc.com\/bg\/#organization\"},\"potentialAction\":[{\"@type\":\"SearchAction\",\"target\":{\"@type\":\"EntryPoint\",\"urlTemplate\":\"https:\/\/distribucionarc.com\/bg\/?s={search_term_string}\"},\"query-input\":{\"@type\":\"PropertyValueSpecification\",\"valueRequired\":true,\"valueName\":\"search_term_string\"}}],\"inLanguage\":\"pl-PL\"},{\"@type\":\"Organization\",\"@id\":\"https:\/\/distribucionarc.com\/bg\/#organization\",\"name\":\"Distribuci\u00f3n ARC\",\"url\":\"https:\/\/distribucionarc.com\/bg\/\",\"logo\":{\"@type\":\"ImageObject\",\"inLanguage\":\"pl-PL\",\"@id\":\"https:\/\/distribucionarc.com\/bg\/#\/schema\/logo\/image\/\",\"url\":\"https:\/\/distribucionarc.com\/wp-content\/uploads\/2024\/10\/distribucion-ARC-COLOR-SIN-FONDO-e1732295305345.png\",\"contentUrl\":\"https:\/\/distribucionarc.com\/wp-content\/uploads\/2024\/10\/distribucion-ARC-COLOR-SIN-FONDO-e1732295305345.png\",\"width\":1164,\"height\":558,\"caption\":\"Distribuci\u00f3n ARC\"},\"image\":{\"@id\":\"https:\/\/distribucionarc.com\/bg\/#\/schema\/logo\/image\/\"},\"description\":\"Empresa especializada en la fabricaci\u00f3n y distribuci\u00f3n de maquinaria industrial para los sectores alimentario y farmac\u00e9utico. Nos especializamos en: M\u00e1quinas de cortar carne Fabricaci\u00f3n de comprimidos Sistemas de transporte industrial L\u00edneas de embotellado Dosificadores Y mucho m\u00e1s... Ofrecemos soluciones innovadoras y personalizadas para optimizar los procesos productivos de tu empresa.\",\"email\":\"Admistracion@distribucionarc.com\",\"telephone\":\"+34 643496664\",\"legalName\":\"ARC TECH SOLUTIONS\",\"foundingDate\":\"2024-04-09\",\"vatID\":\"B55480172\",\"numberOfEmployees\":{\"@type\":\"QuantitativeValue\",\"minValue\":\"1\",\"maxValue\":\"10\"}}]}<\/script>\n<!-- \/ Yoast SEO Premium plugin. -->","yoast_head_json":{"title":"Maszyna do robienia gofr\u00f3w b\u0105belkowych Waffle bubble - dystrybucja ARC","robots":{"index":"index","follow":"follow","max-snippet":"max-snippet:-1","max-image-preview":"max-image-preview:large","max-video-preview":"max-video-preview:-1"},"canonical":"https:\/\/distribucionarc.com\/pl\/produkty\/gofrownica-babelki-gofry-babelki\/","og_locale":"pl_PL","og_type":"article","og_title":"Gofrera burbujas Waffle bubble","og_description":"Gofrera burbujas Waffle bubble Nuestra\u00a0Gofrera Bubble\u00a0de\u00a0\u00a0ARC\u00a0es la mejor opci\u00f3n para hacer\u00a0gofres,\u00a0waffles, barquillos, conos de helado\u00a0 porque es multifuncional. Es ideal para profesionales y peque\u00f1os comercios .  La\u00a0Maquina de waffles el\u00e9ctrica\u00a0de\u00a0ARC\u00a0est\u00e1 hecha de acero inoxidable, que es resistente a los ara\u00f1azos y duradero. La placa de hierro fundido le proporciona una tecnolog\u00eda especial antiadherente.\u00a0La m\u00e1quina de gofres ARCMGEB75\u00a0es f\u00e1cil de usar. La\u00a0m\u00e1quina para hacer Waffles Esponjosos se calienta r\u00e1pidamente gracias a su potencia de 1250 vatios que la vuelven a su vez m\u00e1s eficiente por su consumo el\u00e9ctrico. Tiene una bandeja de goteo debajo de la placa para facilitar la limpieza. Garant\u00eda\u00a0ARC 2 A\u00d1OS Gofrera profesional , bajo consumo 1250w soporte t\u00e9cnico incluido. &nbsp;  &nbsp;","og_url":"https:\/\/distribucionarc.com\/pl\/produkty\/gofrownica-babelki-gofry-babelki\/","og_site_name":"distribuci\u00f3n ARC","article_modified_time":"2021-01-26T09:21:13+00:00","og_image":[{"width":1600,"height":1600,"url":"https:\/\/distribucionarc.com\/wp-content\/uploads\/2020\/10\/Gofrera-burbujas-Waffle-bubble-0.jpg","type":"image\/jpeg"}],"twitter_card":"summary_large_image","twitter_misc":{"Szacowany czas czytania":"2 minuty"},"schema":{"@context":"https:\/\/schema.org","@graph":[{"@type":"WebPage","@id":"https:\/\/distribucionarc.com\/nb\/producto\/gofrera-burbujas-waffle-bubble\/","url":"https:\/\/distribucionarc.com\/nb\/producto\/gofrera-burbujas-waffle-bubble\/","name":"Maszyna do robienia gofr\u00f3w b\u0105belkowych Waffle bubble - dystrybucja ARC","isPartOf":{"@id":"https:\/\/distribucionarc.com\/bg\/#website"},"primaryImageOfPage":{"@id":"https:\/\/distribucionarc.com\/nb\/producto\/gofrera-burbujas-waffle-bubble\/#primaryimage"},"image":{"@id":"https:\/\/distribucionarc.com\/nb\/producto\/gofrera-burbujas-waffle-bubble\/#primaryimage"},"thumbnailUrl":"https:\/\/distribucionarc.com\/wp-content\/uploads\/2020\/10\/Gofrera-burbujas-Waffle-bubble-0.jpg","datePublished":"2020-10-28T16:17:57+00:00","dateModified":"2021-01-26T09:21:13+00:00","breadcrumb":{"@id":"https:\/\/distribucionarc.com\/nb\/producto\/gofrera-burbujas-waffle-bubble\/#breadcrumb"},"inLanguage":"pl-PL","potentialAction":[{"@type":"ReadAction","target":["https:\/\/distribucionarc.com\/nb\/producto\/gofrera-burbujas-waffle-bubble\/"]}]},{"@type":"ImageObject","inLanguage":"pl-PL","@id":"https:\/\/distribucionarc.com\/nb\/producto\/gofrera-burbujas-waffle-bubble\/#primaryimage","url":"https:\/\/distribucionarc.com\/wp-content\/uploads\/2020\/10\/Gofrera-burbujas-Waffle-bubble-0.jpg","contentUrl":"https:\/\/distribucionarc.com\/wp-content\/uploads\/2020\/10\/Gofrera-burbujas-Waffle-bubble-0.jpg","width":1600,"height":1600,"caption":"Gofrera burbujas Waffle bubble"},{"@type":"BreadcrumbList","@id":"https:\/\/distribucionarc.com\/nb\/producto\/gofrera-burbujas-waffle-bubble\/#breadcrumb","itemListElement":[{"@type":"ListItem","position":1,"name":"Portada","item":"https:\/\/distribucionarc.com\/nb\/"},{"@type":"ListItem","position":2,"name":"Products","item":"https:\/\/www.distribucionarc.com\/en\/shop\/"},{"@type":"ListItem","position":3,"name":"Gofrera burbujas Waffle bubble"}]},{"@type":"WebSite","@id":"https:\/\/distribucionarc.com\/bg\/#website","url":"https:\/\/distribucionarc.com\/bg\/","name":"Dystrybucja ARC","description":"Firma specjalizuj\u0105ca si\u0119 w produkcji i dystrybucji maszyn przemys\u0142owych, zgrzewarek do puszek, maszyn do produkcji tabletek, maszyn do ci\u0119cia mi\u0119sa...","publisher":{"@id":"https:\/\/distribucionarc.com\/bg\/#organization"},"potentialAction":[{"@type":"SearchAction","target":{"@type":"EntryPoint","urlTemplate":"https:\/\/distribucionarc.com\/bg\/?s={search_term_string}"},"query-input":{"@type":"PropertyValueSpecification","valueRequired":true,"valueName":"search_term_string"}}],"inLanguage":"pl-PL"},{"@type":"Organization","@id":"https:\/\/distribucionarc.com\/bg\/#organization","name":"Dystrybucja ARC","url":"https:\/\/distribucionarc.com\/bg\/","logo":{"@type":"ImageObject","inLanguage":"pl-PL","@id":"https:\/\/distribucionarc.com\/bg\/#\/schema\/logo\/image\/","url":"https:\/\/distribucionarc.com\/wp-content\/uploads\/2024\/10\/distribucion-ARC-COLOR-SIN-FONDO-e1732295305345.png","contentUrl":"https:\/\/distribucionarc.com\/wp-content\/uploads\/2024\/10\/distribucion-ARC-COLOR-SIN-FONDO-e1732295305345.png","width":1164,"height":558,"caption":"Distribuci\u00f3n ARC"},"image":{"@id":"https:\/\/distribucionarc.com\/bg\/#\/schema\/logo\/image\/"},"description":"Firma specjalizuj\u0105ca si\u0119 w produkcji i dystrybucji maszyn przemys\u0142owych dla sektora spo\u017cywczego i farmaceutycznego. Specjalizujemy si\u0119 w: Maszyny do krojenia mi\u0119sa Produkcja tabletek Przemys\u0142owe systemy transportowe Linie butelkuj\u0105ce Dozowniki I wiele wi\u0119cej.... Oferujemy innowacyjne i niestandardowe rozwi\u0105zania w celu optymalizacji proces\u00f3w produkcyjnych w Twojej firmie.","email":"Admistracion@distribucionarc.com","telephone":"+34 643496664","legalName":"ARC TECH SOLUTIONS","foundingDate":"2024-04-09","vatID":"B55480172","numberOfEmployees":{"@type":"QuantitativeValue","minValue":"1","maxValue":"10"}}]}},"_links":{"self":[{"href":"https:\/\/distribucionarc.com\/pl\/wp-json\/wp\/v2\/product\/4057","targetHints":{"allow":["GET"]}}],"collection":[{"href":"https:\/\/distribucionarc.com\/pl\/wp-json\/wp\/v2\/product"}],"about":[{"href":"https:\/\/distribucionarc.com\/pl\/wp-json\/wp\/v2\/types\/product"}],"replies":[{"embeddable":true,"href":"https:\/\/distribucionarc.com\/pl\/wp-json\/wp\/v2\/comments?post=4057"}],"version-history":[{"count":0,"href":"https:\/\/distribucionarc.com\/pl\/wp-json\/wp\/v2\/product\/4057\/revisions"}],"wp:featuredmedia":[{"embeddable":true,"href":"https:\/\/distribucionarc.com\/pl\/wp-json\/wp\/v2\/media\/4064"}],"wp:attachment":[{"href":"https:\/\/distribucionarc.com\/pl\/wp-json\/wp\/v2\/media?parent=4057"}],"wp:term":[{"taxonomy":"product_brand","embeddable":true,"href":"https:\/\/distribucionarc.com\/pl\/wp-json\/wp\/v2\/product_brand?post=4057"},{"taxonomy":"product_cat","embeddable":true,"href":"https:\/\/distribucionarc.com\/pl\/wp-json\/wp\/v2\/product_cat?post=4057"},{"taxonomy":"product_tag","embeddable":true,"href":"https:\/\/distribucionarc.com\/pl\/wp-json\/wp\/v2\/product_tag?post=4057"}],"curies":[{"name":"wp","href":"https:\/\/api.w.org\/{rel}","templated":true}]}}