{"id":4167,"date":"2020-12-20T18:40:47","date_gmt":"2020-12-20T18:40:47","guid":{"rendered":"https:\/\/distribucionarc.com\/?post_type=product&#038;p=4167"},"modified":"2020-12-20T18:40:47","modified_gmt":"2020-12-20T18:40:47","slug":"wozek-elektryczny-do-wchodzenia-po-schodach-2","status":"publish","type":"product","link":"https:\/\/distribucionarc.com\/pl\/producto\/silla-ruedas-electrica-para-subir-escaleras-2\/","title":{"rendered":"Elektryczny w\u00f3zek inwalidzki do wchodzenia po schodach"},"content":{"rendered":"<h3 class=\"product_title entry-title\">Elektryczny w\u00f3zek inwalidzki do wchodzenia po schodach<\/h3>\n<p>Z tym\u00a0<strong>elektryczny w\u00f3zek inwalidzki\u00a0<span style=\"color: #ff0000;\">DO<\/span><span style=\"color: #0000ff;\">R<\/span>C<\/strong>\u00a0mo\u017ce transportowa\u0107 pacjent\u00f3w przez ciasne przestrzenie oraz w g\u00f3r\u0119 i w d\u00f3\u0142 po schodach, bezpiecznie i wydajnie, dzi\u0119ki\u00a0<strong>mocny silnik o mocy 120 W<\/strong>\u00a0mo\u017ce sprawi\u0107, \u017ce transport b\u0119dzie bezpieczniejszy zar\u00f3wno dla u\u017cytkownika w\u00f3zka, jak i osoby odpowiedzialnej za transport. Wyposa\u017cony w solidn\u0105 aluminiow\u0105 ram\u0119, jest wystarczaj\u0105co mocny, aby utrzyma\u0107 do\u00a0<strong>160 kg<\/strong>. Pas bezpiecze\u0144stwa cia\u0142a i inne ergonomiczne konstrukcje zapewniaj\u0105 wygod\u0119 i bezpiecze\u0144stwo u\u017cytkownik\u00f3w. Uchwyty o r\u00f3\u017cnych funkcjach pozwalaj\u0105 na manewrowanie tym\u00a0<strong>krzes\u0142o schodowe<\/strong>\u00a0\u0142atwo.<\/p>\n<h6><strong>Gwarancja\u00a0<\/strong><span style=\"color: #ff0000;\"><strong>DO<\/strong><\/span><span style=\"color: #0000ff;\"><strong>R<\/strong><\/span><strong>C 2 LATA<\/strong><\/h6>\n<h6><span style=\"color: #008000;\">Wydajny elektryczny w\u00f3zek inwalidzki, pob\u00f3r pr\u0105du 100W<\/span><\/h6>\n<h6><strong>wsparcie techniczne w cenie<\/strong><\/h6>\n<p>&nbsp;<\/p>\n<table width=\"100%\">\n<tbody>\n<tr>\n<td>Facet:<\/td>\n<td width=\"50%\">Elektryczny\/r\u0119czny<\/td>\n<td colspan=\"2\" width=\"327\"><\/td>\n<\/tr>\n<tr>\n<td>Kraj dystrybucji:<\/td>\n<td width=\"50%\">Hiszpania, Niemcy, USA<\/td>\n<td>Waga:<\/td>\n<td width=\"50%\">30 kg<\/td>\n<\/tr>\n<tr>\n<td>Marka:<\/td>\n<td width=\"50%\">\u0141UK<\/td>\n<td>Wysoko\u015b\u0107:<\/td>\n<td width=\"50%\">115cm<\/td>\n<\/tr>\n<tr>\n<td>Kolor:<\/td>\n<td width=\"50%\">Zielony, czarny<\/td>\n<td>D\u0142ugi:<\/td>\n<td width=\"50%\">65cm<\/td>\n<\/tr>\n<tr>\n<td>Rodzaj produktu:<\/td>\n<td width=\"50%\">w\u00f3zek inwalidzki po schodach<\/td>\n<td>Szeroki:<\/td>\n<td width=\"50%\">50cm<\/td>\n<\/tr>\n<tr>\n<td>Numer producenta:<\/td>\n<td width=\"50%\">ARCSRE3<\/td>\n<td>Typ wspinacza:<\/td>\n<td width=\"50%\">wzmocnione tory<\/td>\n<\/tr>\n<tr>\n<td>Tworzywo:<\/td>\n<td width=\"50%\">\u00a0stop aluminium, pogrubiona guma, wydajny silnik<\/td>\n<td>Maksymalna wysoko\u015b\u0107:<\/td>\n<td width=\"50%\">162cm<\/td>\n<\/tr>\n<tr>\n<td>Gwarancja:<\/td>\n<td width=\"50%\">2 LATA<\/td>\n<td>Materia\u0142 siedziska:<\/td>\n<td width=\"50%\">Wy\u015bcie\u0142ana pianka<\/td>\n<\/tr>\n<tr>\n<td>Narz\u0119dzia instalacyjne:<\/td>\n<td width=\"50%\">Tak<\/td>\n<td>Materia\u0142 ko\u0142a:<\/td>\n<td width=\"50%\">guma<\/td>\n<\/tr>\n<\/tbody>\n<\/table>","protected":false},"excerpt":{"rendered":"<h2 class=\"product_title entry-title\">Elektryczny w\u00f3zek inwalidzki do wchodzenia po schodach<\/h2>\n<p><!--more--><\/p>\n<p><!--more--><\/p>\n<p>Siedzisko i oparcie\u00a0<strong>w\u00f3zek inwalidzki\u00a0<span style=\"color: #ff0000;\">DO<\/span><span style=\"color: #0000ff;\">R<\/span>C<\/strong>\u00a0S\u0105 puszyste, mi\u0119kkie i wygodne, a tak\u017ce \u0142atwe w sterylizacji i czyszczeniu. Bezpiecze\u0144stwo u\u017cytkownik\u00f3w podczas wchodzenia i schodzenia po schodach zapewniaj\u0105 dwa pasy. Sk\u0142adany pod\u0142okietnik i podn\u00f3\u017cek s\u0105 ergonomiczne.  Obs\u0142uguje du\u017cy ud\u017awig do 160 kg<\/p>\n<p>Gumowe g\u0105sienice pogrubi\u0142y si\u0119 i wyd\u0142u\u017cy\u0142y. Otwieraj\u0105 si\u0119 i zamykaj\u0105 po prostu poprzez lekkie naci\u015bni\u0119cie. Zosta\u0142y zaprojektowane tak, aby przeciwdzia\u0142a\u0107 grawitacji i powolnemu opadaniu z tarciem; Wykonuj\u0105 one ruch cierny nap\u0119dzany silnikiem o mocy 120 W, co zapewnia minimalny wysi\u0142ek i wi\u0119ksze bezpiecze\u0144stwo. Posiada bateri\u0119 litow\u0105 24 V, kt\u00f3ra umo\u017cliwia poruszanie si\u0119 po 15 pi\u0119trach 15 razy z maksymaln\u0105 wydajno\u015bci\u0105, zapewniaj\u0105c\u00a0<strong>Czas trwania 2-3 godziny<\/strong>. Ko\u0142a wykonane s\u0105 z gumy, odpornej na zarysowania i trwa\u0142ej.<\/p>\n<p>Ty\u0142\u00a0<strong>krzes\u0142o ewakuacyjne <span style=\"color: #ff0000;\">DO<\/span><span style=\"color: #0000ff;\">R<\/span>CSRE3<\/strong>\u00a0Zosta\u0142 zaprojektowany z dwoma sk\u0142adanymi uchwytami, kt\u00f3re blokuj\u0105 si\u0119 w odpowiedniej pozycji, zapewniaj\u0105c operatorowi antypo\u015blizgowe uchwyty, co zapewnia bezpieczn\u0105 obs\u0142ug\u0119 i \u0142atwe sterowanie. Przednie uchwyty mo\u017cna schowa\u0107 po naci\u015bni\u0119ciu czerwonego przycisku s\u0142u\u017c\u0105cego do podnoszenia krzese\u0142ka.<\/p>\n<h6><strong>Gwarancja\u00a0<\/strong><span style=\"color: #ff0000;\"><strong>DO<\/strong><\/span><span style=\"color: #0000ff;\"><strong>R<\/strong><\/span><strong>C 2 LATA<\/strong><\/h6>\n<h6><span style=\"color: #008000;\">Wydajny elektryczny w\u00f3zek inwalidzki, pob\u00f3r pr\u0105du 100W<\/span><\/h6>\n<h6><strong>wsparcie techniczne w cenie<\/strong><\/h6>\n<p>&nbsp;<\/p>","protected":false},"featured_media":4177,"comment_status":"open","ping_status":"closed","template":"","meta":{"wds_primary_product_brand":0,"wds_primary_product_cat":0},"product_brand":[],"product_cat":[69],"product_tag":[],"class_list":{"0":"post-4167","1":"product","2":"type-product","3":"status-publish","4":"has-post-thumbnail","6":"product_cat-maquinas-variadas","7":"product_shipping_class-express","9":"first","10":"instock","11":"sale","12":"taxable","13":"shipping-taxable","14":"purchasable","15":"product-type-simple"},"yoast_head":"<!-- This site is optimized with the Yoast SEO Premium plugin v24.9 (Yoast SEO v26.1) - https:\/\/yoast.com\/wordpress\/plugins\/seo\/ -->\n<title>Silla ruedas el\u00e9ctrica para subir escaleras - distribuci\u00f3n ARC<\/title>\n<meta name=\"robots\" content=\"index, follow, max-snippet:-1, max-image-preview:large, max-video-preview:-1\" \/>\n<link rel=\"canonical\" href=\"https:\/\/distribucionarc.com\/pl\/produkty\/wozek-elektryczny-do-wchodzenia-po-schodach-2\/\" \/>\n<meta property=\"og:locale\" content=\"pl_PL\" \/>\n<meta property=\"og:type\" content=\"article\" \/>\n<meta property=\"og:title\" content=\"Silla ruedas el\u00e9ctrica para subir escaleras\" \/>\n<meta property=\"og:description\" content=\"Silla ruedas el\u00e9ctrica para subir escaleras     El asiento y el respaldo de la\u00a0silla de ruedas\u00a0ARC\u00a0son esponjosos, suaves y c\u00f3modos tambi\u00e9n f\u00e1ciles de esterilizar y limpiar. Dos cinturones garantizan la seguridad de los usuarios cuando suben \/ bajan escaleras. El reposabrazos y el reposapi\u00e9s plegables son ergon\u00f3micos. \u00a0Soporta gran capacidad de hasta 160 kg  Las orugas de goma engrosadas y alargadas. Se abren y cierran sencillamente con una prensa ligera. Est\u00e1n dise\u00f1adas para contrarrestar la gravedad y ralentizar el descenso con fricci\u00f3n; estas realizan el movimiento de fricci\u00f3n impulsadas por un motor de 120W para un m\u00ednimo esfuerzo y mayor seguridad. Dispone una una bater\u00eda de litio 24V capaz de subir y bajar 15 pisos 15 veces a m\u00e1ximo rendimiento aportandole de\u00a02-3 H duraci\u00f3n. Las ruedas est\u00e1n hechas de goma, son resistentes a los ara\u00f1azos y duraderas.  La parte posterior de la\u00a0silla de evacuaci\u00f3n ARCSRE3\u00a0est\u00e1 dise\u00f1ada con dos manijas plegadas que se bloquean en su posici\u00f3n, lo que permite a los operadores agarres antideslizantes para un manejo seguro y una direcci\u00f3n f\u00e1cil. Las manijas delanteras son retr\u00e1ctiles presionando el bot\u00f3n rojo, usado para levantar la silla. Garant\u00eda\u00a0ARC 2 A\u00d1OS Silla de ruedas el\u00e9ctrica eficiente,\u00a0 consumo el\u00e9ctrico 100W soporte t\u00e9cnico\u00a0incluido &nbsp;\" \/>\n<meta property=\"og:url\" content=\"https:\/\/distribucionarc.com\/pl\/produkty\/wozek-elektryczny-do-wchodzenia-po-schodach-2\/\" \/>\n<meta property=\"og:site_name\" content=\"distribuci\u00f3n ARC\" \/>\n<meta property=\"og:image\" content=\"https:\/\/distribucionarc.com\/wp-content\/uploads\/2020\/12\/Silla-electrica-ARC-1.jpg\" \/>\n\t<meta property=\"og:image:width\" content=\"1001\" \/>\n\t<meta property=\"og:image:height\" content=\"1001\" \/>\n\t<meta property=\"og:image:type\" content=\"image\/jpeg\" \/>\n<meta name=\"twitter:card\" content=\"summary_large_image\" \/>\n<meta name=\"twitter:label1\" content=\"Szacowany czas czytania\" \/>\n\t<meta name=\"twitter:data1\" content=\"1 minuta\" \/>\n<script type=\"application\/ld+json\" class=\"yoast-schema-graph\">{\"@context\":\"https:\/\/schema.org\",\"@graph\":[{\"@type\":\"WebPage\",\"@id\":\"https:\/\/distribucionarc.com\/en\/producto\/silla-ruedas-electrica-para-subir-escaleras-2\/\",\"url\":\"https:\/\/distribucionarc.com\/en\/producto\/silla-ruedas-electrica-para-subir-escaleras-2\/\",\"name\":\"Silla ruedas el\u00e9ctrica para subir escaleras - distribuci\u00f3n ARC\",\"isPartOf\":{\"@id\":\"https:\/\/www.distribucionarc.com\/sl\/#website\"},\"primaryImageOfPage\":{\"@id\":\"https:\/\/distribucionarc.com\/en\/producto\/silla-ruedas-electrica-para-subir-escaleras-2\/#primaryimage\"},\"image\":{\"@id\":\"https:\/\/distribucionarc.com\/en\/producto\/silla-ruedas-electrica-para-subir-escaleras-2\/#primaryimage\"},\"thumbnailUrl\":\"https:\/\/distribucionarc.com\/wp-content\/uploads\/2020\/12\/Silla-electrica-ARC-1.jpg\",\"datePublished\":\"2020-12-20T18:40:47+00:00\",\"breadcrumb\":{\"@id\":\"https:\/\/distribucionarc.com\/en\/producto\/silla-ruedas-electrica-para-subir-escaleras-2\/#breadcrumb\"},\"inLanguage\":\"pl-PL\",\"potentialAction\":[{\"@type\":\"ReadAction\",\"target\":[\"https:\/\/distribucionarc.com\/en\/producto\/silla-ruedas-electrica-para-subir-escaleras-2\/\"]}]},{\"@type\":\"ImageObject\",\"inLanguage\":\"pl-PL\",\"@id\":\"https:\/\/distribucionarc.com\/en\/producto\/silla-ruedas-electrica-para-subir-escaleras-2\/#primaryimage\",\"url\":\"https:\/\/distribucionarc.com\/wp-content\/uploads\/2020\/12\/Silla-electrica-ARC-1.jpg\",\"contentUrl\":\"https:\/\/distribucionarc.com\/wp-content\/uploads\/2020\/12\/Silla-electrica-ARC-1.jpg\",\"width\":1001,\"height\":1001},{\"@type\":\"BreadcrumbList\",\"@id\":\"https:\/\/distribucionarc.com\/en\/producto\/silla-ruedas-electrica-para-subir-escaleras-2\/#breadcrumb\",\"itemListElement\":[{\"@type\":\"ListItem\",\"position\":1,\"name\":\"Portada\",\"item\":\"https:\/\/www.distribucionarc.com\/\"},{\"@type\":\"ListItem\",\"position\":2,\"name\":\"\u00dcr\u00fcnler\",\"item\":\"https:\/\/www.distribucionarc.com\/tr\/magaza\/\"},{\"@type\":\"ListItem\",\"position\":3,\"name\":\"Silla ruedas el\u00e9ctrica para subir escaleras\"}]},{\"@type\":\"WebSite\",\"@id\":\"https:\/\/www.distribucionarc.com\/sl\/#website\",\"url\":\"https:\/\/www.distribucionarc.com\/sl\/\",\"name\":\"distribuci\u00f3n ARC\",\"description\":\"Empresa especializada en la fabricaci\u00f3n y distribuci\u00f3n de maquinaria industrial, selladoras de latas, Maquinas de hacer pastillas, Maquinas de cortar carne...\",\"publisher\":{\"@id\":\"https:\/\/www.distribucionarc.com\/sl\/#organization\"},\"potentialAction\":[{\"@type\":\"SearchAction\",\"target\":{\"@type\":\"EntryPoint\",\"urlTemplate\":\"https:\/\/www.distribucionarc.com\/sl\/?s={search_term_string}\"},\"query-input\":{\"@type\":\"PropertyValueSpecification\",\"valueRequired\":true,\"valueName\":\"search_term_string\"}}],\"inLanguage\":\"pl-PL\"},{\"@type\":\"Organization\",\"@id\":\"https:\/\/www.distribucionarc.com\/sl\/#organization\",\"name\":\"Distribuci\u00f3n ARC\",\"url\":\"https:\/\/www.distribucionarc.com\/sl\/\",\"logo\":{\"@type\":\"ImageObject\",\"inLanguage\":\"pl-PL\",\"@id\":\"https:\/\/www.distribucionarc.com\/sl\/#\/schema\/logo\/image\/\",\"url\":\"https:\/\/distribucionarc.com\/wp-content\/uploads\/2024\/10\/distribucion-ARC-COLOR-SIN-FONDO-e1732295305345.png\",\"contentUrl\":\"https:\/\/distribucionarc.com\/wp-content\/uploads\/2024\/10\/distribucion-ARC-COLOR-SIN-FONDO-e1732295305345.png\",\"width\":1164,\"height\":558,\"caption\":\"Distribuci\u00f3n ARC\"},\"image\":{\"@id\":\"https:\/\/www.distribucionarc.com\/sl\/#\/schema\/logo\/image\/\"},\"description\":\"Empresa especializada en la fabricaci\u00f3n y distribuci\u00f3n de maquinaria industrial para los sectores alimentario y farmac\u00e9utico. Nos especializamos en: M\u00e1quinas de cortar carne Fabricaci\u00f3n de comprimidos Sistemas de transporte industrial L\u00edneas de embotellado Dosificadores Y mucho m\u00e1s... Ofrecemos soluciones innovadoras y personalizadas para optimizar los procesos productivos de tu empresa.\",\"email\":\"Admistracion@distribucionarc.com\",\"telephone\":\"+34 643496664\",\"legalName\":\"ARC TECH SOLUTIONS\",\"foundingDate\":\"2024-04-09\",\"vatID\":\"B55480172\",\"numberOfEmployees\":{\"@type\":\"QuantitativeValue\",\"minValue\":\"1\",\"maxValue\":\"10\"}}]}<\/script>\n<!-- \/ Yoast SEO Premium plugin. -->","yoast_head_json":{"title":"W\u00f3zek elektryczny do wchodzenia po schodach - dystrybucja ARC","robots":{"index":"index","follow":"follow","max-snippet":"max-snippet:-1","max-image-preview":"max-image-preview:large","max-video-preview":"max-video-preview:-1"},"canonical":"https:\/\/distribucionarc.com\/pl\/produkty\/wozek-elektryczny-do-wchodzenia-po-schodach-2\/","og_locale":"pl_PL","og_type":"article","og_title":"Silla ruedas el\u00e9ctrica para subir escaleras","og_description":"Silla ruedas el\u00e9ctrica para subir escaleras     El asiento y el respaldo de la\u00a0silla de ruedas\u00a0ARC\u00a0son esponjosos, suaves y c\u00f3modos tambi\u00e9n f\u00e1ciles de esterilizar y limpiar. Dos cinturones garantizan la seguridad de los usuarios cuando suben \/ bajan escaleras. El reposabrazos y el reposapi\u00e9s plegables son ergon\u00f3micos. \u00a0Soporta gran capacidad de hasta 160 kg  Las orugas de goma engrosadas y alargadas. Se abren y cierran sencillamente con una prensa ligera. Est\u00e1n dise\u00f1adas para contrarrestar la gravedad y ralentizar el descenso con fricci\u00f3n; estas realizan el movimiento de fricci\u00f3n impulsadas por un motor de 120W para un m\u00ednimo esfuerzo y mayor seguridad. Dispone una una bater\u00eda de litio 24V capaz de subir y bajar 15 pisos 15 veces a m\u00e1ximo rendimiento aportandole de\u00a02-3 H duraci\u00f3n. Las ruedas est\u00e1n hechas de goma, son resistentes a los ara\u00f1azos y duraderas.  La parte posterior de la\u00a0silla de evacuaci\u00f3n ARCSRE3\u00a0est\u00e1 dise\u00f1ada con dos manijas plegadas que se bloquean en su posici\u00f3n, lo que permite a los operadores agarres antideslizantes para un manejo seguro y una direcci\u00f3n f\u00e1cil. Las manijas delanteras son retr\u00e1ctiles presionando el bot\u00f3n rojo, usado para levantar la silla. Garant\u00eda\u00a0ARC 2 A\u00d1OS Silla de ruedas el\u00e9ctrica eficiente,\u00a0 consumo el\u00e9ctrico 100W soporte t\u00e9cnico\u00a0incluido &nbsp;","og_url":"https:\/\/distribucionarc.com\/pl\/produkty\/wozek-elektryczny-do-wchodzenia-po-schodach-2\/","og_site_name":"distribuci\u00f3n ARC","og_image":[{"width":1001,"height":1001,"url":"https:\/\/distribucionarc.com\/wp-content\/uploads\/2020\/12\/Silla-electrica-ARC-1.jpg","type":"image\/jpeg"}],"twitter_card":"summary_large_image","twitter_misc":{"Szacowany czas czytania":"1 minuta"},"schema":{"@context":"https:\/\/schema.org","@graph":[{"@type":"WebPage","@id":"https:\/\/distribucionarc.com\/en\/producto\/silla-ruedas-electrica-para-subir-escaleras-2\/","url":"https:\/\/distribucionarc.com\/en\/producto\/silla-ruedas-electrica-para-subir-escaleras-2\/","name":"W\u00f3zek elektryczny do wchodzenia po schodach - dystrybucja ARC","isPartOf":{"@id":"https:\/\/www.distribucionarc.com\/sl\/#website"},"primaryImageOfPage":{"@id":"https:\/\/distribucionarc.com\/en\/producto\/silla-ruedas-electrica-para-subir-escaleras-2\/#primaryimage"},"image":{"@id":"https:\/\/distribucionarc.com\/en\/producto\/silla-ruedas-electrica-para-subir-escaleras-2\/#primaryimage"},"thumbnailUrl":"https:\/\/distribucionarc.com\/wp-content\/uploads\/2020\/12\/Silla-electrica-ARC-1.jpg","datePublished":"2020-12-20T18:40:47+00:00","breadcrumb":{"@id":"https:\/\/distribucionarc.com\/en\/producto\/silla-ruedas-electrica-para-subir-escaleras-2\/#breadcrumb"},"inLanguage":"pl-PL","potentialAction":[{"@type":"ReadAction","target":["https:\/\/distribucionarc.com\/en\/producto\/silla-ruedas-electrica-para-subir-escaleras-2\/"]}]},{"@type":"ImageObject","inLanguage":"pl-PL","@id":"https:\/\/distribucionarc.com\/en\/producto\/silla-ruedas-electrica-para-subir-escaleras-2\/#primaryimage","url":"https:\/\/distribucionarc.com\/wp-content\/uploads\/2020\/12\/Silla-electrica-ARC-1.jpg","contentUrl":"https:\/\/distribucionarc.com\/wp-content\/uploads\/2020\/12\/Silla-electrica-ARC-1.jpg","width":1001,"height":1001},{"@type":"BreadcrumbList","@id":"https:\/\/distribucionarc.com\/en\/producto\/silla-ruedas-electrica-para-subir-escaleras-2\/#breadcrumb","itemListElement":[{"@type":"ListItem","position":1,"name":"Portada","item":"https:\/\/www.distribucionarc.com\/"},{"@type":"ListItem","position":2,"name":"\u00dcr\u00fcnler","item":"https:\/\/www.distribucionarc.com\/tr\/magaza\/"},{"@type":"ListItem","position":3,"name":"Silla ruedas el\u00e9ctrica para subir escaleras"}]},{"@type":"WebSite","@id":"https:\/\/www.distribucionarc.com\/sl\/#website","url":"https:\/\/www.distribucionarc.com\/sl\/","name":"Dystrybucja ARC","description":"Firma specjalizuj\u0105ca si\u0119 w produkcji i dystrybucji maszyn przemys\u0142owych, zgrzewarek do puszek, maszyn do produkcji tabletek, maszyn do ci\u0119cia mi\u0119sa...","publisher":{"@id":"https:\/\/www.distribucionarc.com\/sl\/#organization"},"potentialAction":[{"@type":"SearchAction","target":{"@type":"EntryPoint","urlTemplate":"https:\/\/www.distribucionarc.com\/sl\/?s={search_term_string}"},"query-input":{"@type":"PropertyValueSpecification","valueRequired":true,"valueName":"search_term_string"}}],"inLanguage":"pl-PL"},{"@type":"Organization","@id":"https:\/\/www.distribucionarc.com\/sl\/#organization","name":"Dystrybucja ARC","url":"https:\/\/www.distribucionarc.com\/sl\/","logo":{"@type":"ImageObject","inLanguage":"pl-PL","@id":"https:\/\/www.distribucionarc.com\/sl\/#\/schema\/logo\/image\/","url":"https:\/\/distribucionarc.com\/wp-content\/uploads\/2024\/10\/distribucion-ARC-COLOR-SIN-FONDO-e1732295305345.png","contentUrl":"https:\/\/distribucionarc.com\/wp-content\/uploads\/2024\/10\/distribucion-ARC-COLOR-SIN-FONDO-e1732295305345.png","width":1164,"height":558,"caption":"Distribuci\u00f3n ARC"},"image":{"@id":"https:\/\/www.distribucionarc.com\/sl\/#\/schema\/logo\/image\/"},"description":"Firma specjalizuj\u0105ca si\u0119 w produkcji i dystrybucji maszyn przemys\u0142owych dla sektora spo\u017cywczego i farmaceutycznego. Specjalizujemy si\u0119 w: Maszyny do krojenia mi\u0119sa Produkcja tabletek Przemys\u0142owe systemy transportowe Linie butelkuj\u0105ce Dozowniki I wiele wi\u0119cej.... Oferujemy innowacyjne i niestandardowe rozwi\u0105zania w celu optymalizacji proces\u00f3w produkcyjnych w Twojej firmie.","email":"Admistracion@distribucionarc.com","telephone":"+34 643496664","legalName":"ARC TECH SOLUTIONS","foundingDate":"2024-04-09","vatID":"B55480172","numberOfEmployees":{"@type":"QuantitativeValue","minValue":"1","maxValue":"10"}}]}},"_links":{"self":[{"href":"https:\/\/distribucionarc.com\/pl\/wp-json\/wp\/v2\/product\/4167","targetHints":{"allow":["GET"]}}],"collection":[{"href":"https:\/\/distribucionarc.com\/pl\/wp-json\/wp\/v2\/product"}],"about":[{"href":"https:\/\/distribucionarc.com\/pl\/wp-json\/wp\/v2\/types\/product"}],"replies":[{"embeddable":true,"href":"https:\/\/distribucionarc.com\/pl\/wp-json\/wp\/v2\/comments?post=4167"}],"version-history":[{"count":0,"href":"https:\/\/distribucionarc.com\/pl\/wp-json\/wp\/v2\/product\/4167\/revisions"}],"wp:featuredmedia":[{"embeddable":true,"href":"https:\/\/distribucionarc.com\/pl\/wp-json\/wp\/v2\/media\/4177"}],"wp:attachment":[{"href":"https:\/\/distribucionarc.com\/pl\/wp-json\/wp\/v2\/media?parent=4167"}],"wp:term":[{"taxonomy":"product_brand","embeddable":true,"href":"https:\/\/distribucionarc.com\/pl\/wp-json\/wp\/v2\/product_brand?post=4167"},{"taxonomy":"product_cat","embeddable":true,"href":"https:\/\/distribucionarc.com\/pl\/wp-json\/wp\/v2\/product_cat?post=4167"},{"taxonomy":"product_tag","embeddable":true,"href":"https:\/\/distribucionarc.com\/pl\/wp-json\/wp\/v2\/product_tag?post=4167"}],"curies":[{"name":"wp","href":"https:\/\/api.w.org\/{rel}","templated":true}]}}