{"id":4250,"date":"2021-01-26T11:00:28","date_gmt":"2021-01-26T11:00:28","guid":{"rendered":"https:\/\/distribucionarc.com\/?post_type=product&#038;p=4250"},"modified":"2021-01-26T11:00:28","modified_gmt":"2021-01-26T11:00:28","slug":"lampa-oszczedzajaca-cieplo-do-zywnosci","status":"publish","type":"product","link":"https:\/\/distribucionarc.com\/pl\/producto\/lampara-conservadora-de-calor-para-alimentos\/","title":{"rendered":"Lampa podtrzymuj\u0105ca ciep\u0142o \u017cywno\u015bci"},"content":{"rendered":"<h2>Lampa podtrzymuj\u0105ca ciep\u0142o \u017cywno\u015bci<\/h2>\n<p>Nasz <strong>lampa grzewcza komercyjna <span style=\"color: #ff0000;\">DO<\/span><span style=\"color: #0000ff;\">R<\/span>KLCA60<\/strong> Wykonany jest z niezwykle wytrzyma\u0142ej stali nierdzewnej, z szczotkowanym wyko\u0144czeniem i w ca\u0142o\u015bci spawany, co zapewnia du\u017c\u0105 trwa\u0142o\u015b\u0107. Dost\u0119p jest z trzech stron. Ten <strong>lampa gor\u0105ca do jedzenia <\/strong>Wyposa\u017cony jest w perforowany p\u0142aski ociekacz i tack\u0119 ociekow\u0105 s\u0142u\u017c\u0105c\u0105 do ods\u0105czenia nadmiaru oleju ze sma\u017conych potraw; mo\u017cna je wyj\u0105\u0107, co umo\u017cliwia szybkie i \u0142atwe czyszczenie. Ten <strong>podstawa do podgrzewacza z sma\u017conego kurczaka<\/strong> Posiada tack\u0119 ze stali nierdzewnej do r\u00f3\u017cnorodnych potraw; o wymiarach 525 x 325 x 65 mm. Opr\u00f3cz,. Wszystkie cz\u0119\u015bci s\u0105 demontowalne, co u\u0142atwia czyszczenie.<\/p>\n<p>\u017bywio\u0142y<strong> grzejniki na podczerwie\u0144<\/strong> Maj\u0105 kszta\u0142t litery U i biegn\u0105 wzd\u0142u\u017c ca\u0142ej g\u00f3rnej cz\u0119\u015bci <strong>lampa grzewcza<span style=\"color: #ff0000;\"> DO<\/span><span style=\"color: #0000ff;\">R<\/span>KLCA60<\/strong>Dzi\u0119ki temu ciep\u0142o rozchodzi si\u0119 r\u00f3wnomierniej, a co za tym idzie, szybciej si\u0119 nagrzewa i jest bardziej wydajne.<\/p>\n<p>Ten<strong> Tacka do frytek<\/strong> Urz\u0105dzenie posiada \u017car\u00f3wk\u0119 termostabiln\u0105 emituj\u0105c\u0105 ciep\u0142e \u015bwiat\u0142o, zamocowan\u0105 na g\u00f3rze, kt\u00f3ra o\u015bwietla przestrze\u0144 przeznaczon\u0105 na \u017cywno\u015b\u0107, dzi\u0119ki czemu mo\u017cna j\u0105 wyra\u017anie zobaczy\u0107, a sma\u017cone potrawy zyskuj\u0105 atrakcyjne kolory. Ten <strong>lampa grzewcza do patelni<\/strong> Doskonale nadaje si\u0119 do utrzymywania frytek, kr\u0105\u017ck\u00f3w cebulowych, sma\u017conego kurczaka, pizzy, paluszk\u00f3w serowych i innych potraw w odpowiedniej temperaturze w zakresie od 30\u2103 do 85\u2103. Pomaga zachowa\u0107 ciep\u0142o, smak i chrupko\u015b\u0107 potraw.<\/p>\n<h6>Gwarancja<strong>\u00a0<span style=\"color: #ff0000;\">DO<\/span><span style=\"color: #0000ff;\">R<\/span>C 2 LATA<\/strong><\/h6>\n<h6><span style=\"color: #008000;\">Lampa do konserwacji \u017cywno\u015bci, wydajna, niskie zu\u017cycie 800 W<\/span><\/h6>\n<h6>wsparcie techniczne w cenie<\/h6>\n<p>&nbsp;<\/p>\n<p>&nbsp;<\/p>\n<table role=\"presentation\" width=\"100%\" cellspacing=\"0\" cellpadding=\"0\">\n<tbody>\n<tr>\n<td class=\"attrLabels\">Marka:<\/td>\n<td width=\"50.0%\">\u0141UK<\/td>\n<\/tr>\n<tr>\n<td class=\"attrLabels\">Gwarancja:<\/td>\n<td width=\"50.0%\">2 lata<\/td>\n<td class=\"attrLabels\">Waga:<\/td>\n<td width=\"50.0%\">6 kg<\/td>\n<\/tr>\n<tr>\n<td class=\"attrLabels\">Kraj dystrybucji:<\/td>\n<td width=\"50.0%\">Hiszpania, Niemcy, USA<\/td>\n<td class=\"attrLabels\">Wysoko\u015b\u0107:<\/td>\n<td width=\"50.0%\">60,5 cm<\/td>\n<\/tr>\n<tr>\n<td class=\"attrLabels\">Kolor:<\/td>\n<td width=\"50.0%\">Srebrny<\/td>\n<td class=\"attrLabels\">D\u0142ugi:<\/td>\n<td width=\"50.0%\">55cm<\/td>\n<\/tr>\n<tr>\n<td class=\"attrLabels\">Rodzaj produktu:<\/td>\n<td width=\"50.0%\">Podgrzewana tacka na jedzenie<\/td>\n<td class=\"attrLabels\">Szeroki:<\/td>\n<td width=\"50.0%\">\u00a034,2 cm<\/td>\n<\/tr>\n<tr>\n<td class=\"attrLabels\">Numer producenta:<\/td>\n<td width=\"50.0%\">ARCLCA60<\/td>\n<td class=\"attrLabels\">Podgrzewana tacka:<\/td>\n<td width=\"50.0%\">Wymiary: 52,5 x 32,5 x 6,5 cm<\/td>\n<\/tr>\n<tr>\n<td class=\"attrLabels\">Tworzywo:<\/td>\n<td width=\"50.0%\">Stal nierdzewna, lampa podczerwona, grzejnik podczerwieni w kszta\u0142cie litery U, tacka ociekowa<\/td>\n<td class=\"attrLabels\">Zakres temperatur:<\/td>\n<td width=\"50.0%\">Temperatura od 30\u00baC do 85\u00baC<\/td>\n<\/tr>\n<tr>\n<td class=\"attrLabels\">Moc:<\/td>\n<td width=\"50.0%\">800 W<\/td>\n<td class=\"attrLabels\">Narz\u0119dzia:<\/td>\n<td width=\"50.0%\">Tak<\/td>\n<\/tr>\n<tr>\n<td class=\"attrLabels\">Wolta\u017c:<\/td>\n<td width=\"50.0%\">220 V, 50 Hz do 60 Hz<\/td>\n<td class=\"attrLabels\"><\/td>\n<td width=\"50.0%\"><\/td>\n<\/tr>\n<\/tbody>\n<\/table>","protected":false},"excerpt":{"rendered":"<h2>Lampa podtrzymuj\u0105ca ciep\u0142o \u017cywno\u015bci<\/h2>\n<p>Nasz <strong>lampa podczerwona do ziemniak\u00f3w <span style=\"color: #ff0000;\">DO<\/span><span style=\"color: #0000ff;\">R<\/span>C<\/strong> Wykonany jest z wytrzyma\u0142ej stali nierdzewnej, kt\u00f3ra zapewnia doskona\u0142\u0105 trwa\u0142o\u015b\u0107 i higien\u0119. Ten <strong>konserwator ciep\u0142a do sma\u017conych potraw<\/strong> pomaga w \u0142atwym dost\u0119pie do jedzenia z trzech stron. Podstaw\u0105 tego <strong>Grzejnik na podczerwie\u0144<\/strong> <strong><span style=\"color: #ff0000;\">DO<\/span><span style=\"color: #0000ff;\">R<\/span>KLCA60<\/strong> W zestawie znajduje si\u0119 wyjmowana tacka na \u017cywno\u015b\u0107 z perforowan\u0105 tack\u0105 ociekow\u0105 do ods\u0105czania nadmiaru t\u0142uszczu. \u017bywio\u0142y<strong> grzejniki na podczerwie\u0144<\/strong> Patelnie w kszta\u0142cie litery U dostarczaj\u0105 ciep\u0142o, dzi\u0119ki czemu sma\u017cone potrawy pozostaj\u0105 ciep\u0142e i chrupi\u0105ce. Ten <strong>lampa do podtrzymywania ciep\u0142a<\/strong> Doskonale nadaje si\u0119 do przechowywania frytek, kr\u0105\u017ck\u00f3w cebulowych, sma\u017conego kurczaka itp. Ze wszystkim, co ma w sobie smak i konsystencj\u0119.<\/p>\n<h6>Gwarancja<strong>\u00a0<span style=\"color: #ff0000;\">DO<\/span><span style=\"color: #0000ff;\">R<\/span>C 2 LATA<\/strong><\/h6>\n<h6><span style=\"color: #008000;\">Lampa do konserwacji \u017cywno\u015bci, wydajna, niskie zu\u017cycie 800 W<\/span><\/h6>\n<h6>wsparcie techniczne w cenie.<\/h6>","protected":false},"featured_media":4251,"comment_status":"open","ping_status":"closed","template":"","meta":{"wds_primary_product_brand":0,"wds_primary_product_cat":0},"product_brand":[],"product_cat":[41],"product_tag":[],"class_list":{"0":"post-4250","1":"product","2":"type-product","3":"status-publish","4":"has-post-thumbnail","6":"product_cat-expositor-de-alimentos","7":"product_shipping_class-hosteleria","9":"first","10":"instock","11":"sale","12":"taxable","13":"shipping-taxable","14":"purchasable","15":"product-type-simple"},"yoast_head":"<!-- This site is optimized with the Yoast SEO Premium plugin v24.9 (Yoast SEO v26.1) - https:\/\/yoast.com\/wordpress\/plugins\/seo\/ -->\n<title>L\u00e1mpara conservadora de calor para alimentos - distribuci\u00f3n ARC<\/title>\n<meta name=\"robots\" content=\"index, follow, max-snippet:-1, max-image-preview:large, max-video-preview:-1\" \/>\n<link rel=\"canonical\" href=\"https:\/\/distribucionarc.com\/pl\/produkty\/lampa-oszczedzajaca-cieplo-do-zywnosci\/\" \/>\n<meta property=\"og:locale\" content=\"pl_PL\" \/>\n<meta property=\"og:type\" content=\"article\" \/>\n<meta property=\"og:title\" content=\"L\u00e1mpara conservadora de calor para alimentos\" \/>\n<meta property=\"og:description\" content=\"L\u00e1mpara conservadora de calor para alimentos Nuestra l\u00e1mpara infrarroja para patatas ARC est\u00e1 construida en acero inoxidable de alta resistencia con una excelente durabilidad e higiene. Este conservador de calor para fritos le ayuda a realizar un f\u00e1cil acceso a la comida desde los tres lados. La base de esta Calentador de infrarrojos ARCLCA60 viene con una bandeja de comida desmontable con una tabla de drenaje perforada para el drenaje del exceso de grasa. Los elementos calefactores infrarrojos en forma de U entregan el calor para mantener los alimentos fritos calientes y crujientes. Esta l\u00e1mpara conservadora de calor es perfecto para conservar las patatas fritas, aros de cebolla, pollo frito, etc. Con todo su sabor y textura. Garant\u00eda\u00a0ARC 2 A\u00d1OS L\u00e1mpara conservadora de alimentos, eficiente bajo consumo 800w soporte t\u00e9cnico\u00a0incluido.\" \/>\n<meta property=\"og:url\" content=\"https:\/\/distribucionarc.com\/pl\/produkty\/lampa-oszczedzajaca-cieplo-do-zywnosci\/\" \/>\n<meta property=\"og:site_name\" content=\"distribuci\u00f3n ARC\" \/>\n<meta property=\"og:image\" content=\"https:\/\/distribucionarc.com\/wp-content\/uploads\/2021\/01\/Lampara-conservadora-de-calor-para-alimentos-0.jpg\" \/>\n\t<meta property=\"og:image:width\" content=\"1469\" \/>\n\t<meta property=\"og:image:height\" content=\"1500\" \/>\n\t<meta property=\"og:image:type\" content=\"image\/jpeg\" \/>\n<meta name=\"twitter:card\" content=\"summary_large_image\" \/>\n<meta name=\"twitter:label1\" content=\"Szacowany czas czytania\" \/>\n\t<meta name=\"twitter:data1\" content=\"2 minuty\" \/>\n<script type=\"application\/ld+json\" class=\"yoast-schema-graph\">{\"@context\":\"https:\/\/schema.org\",\"@graph\":[{\"@type\":\"WebPage\",\"@id\":\"https:\/\/distribucionarc.com\/nb\/producto\/lampara-conservadora-de-calor-para-alimentos\/\",\"url\":\"https:\/\/distribucionarc.com\/nb\/producto\/lampara-conservadora-de-calor-para-alimentos\/\",\"name\":\"L\u00e1mpara conservadora de calor para alimentos - distribuci\u00f3n ARC\",\"isPartOf\":{\"@id\":\"https:\/\/distribucionarc.com\/ro\/#website\"},\"primaryImageOfPage\":{\"@id\":\"https:\/\/distribucionarc.com\/nb\/producto\/lampara-conservadora-de-calor-para-alimentos\/#primaryimage\"},\"image\":{\"@id\":\"https:\/\/distribucionarc.com\/nb\/producto\/lampara-conservadora-de-calor-para-alimentos\/#primaryimage\"},\"thumbnailUrl\":\"https:\/\/distribucionarc.com\/wp-content\/uploads\/2021\/01\/Lampara-conservadora-de-calor-para-alimentos-0.jpg\",\"datePublished\":\"2021-01-26T11:00:28+00:00\",\"breadcrumb\":{\"@id\":\"https:\/\/distribucionarc.com\/nb\/producto\/lampara-conservadora-de-calor-para-alimentos\/#breadcrumb\"},\"inLanguage\":\"pl-PL\",\"potentialAction\":[{\"@type\":\"ReadAction\",\"target\":[\"https:\/\/distribucionarc.com\/nb\/producto\/lampara-conservadora-de-calor-para-alimentos\/\"]}]},{\"@type\":\"ImageObject\",\"inLanguage\":\"pl-PL\",\"@id\":\"https:\/\/distribucionarc.com\/nb\/producto\/lampara-conservadora-de-calor-para-alimentos\/#primaryimage\",\"url\":\"https:\/\/distribucionarc.com\/wp-content\/uploads\/2021\/01\/Lampara-conservadora-de-calor-para-alimentos-0.jpg\",\"contentUrl\":\"https:\/\/distribucionarc.com\/wp-content\/uploads\/2021\/01\/Lampara-conservadora-de-calor-para-alimentos-0.jpg\",\"width\":1469,\"height\":1500,\"caption\":\"L\u00e1mpara conservadora de calor para alimentos\"},{\"@type\":\"BreadcrumbList\",\"@id\":\"https:\/\/distribucionarc.com\/nb\/producto\/lampara-conservadora-de-calor-para-alimentos\/#breadcrumb\",\"itemListElement\":[{\"@type\":\"ListItem\",\"position\":1,\"name\":\"Portada\",\"item\":\"https:\/\/distribucionarc.com\/ar\/\"},{\"@type\":\"ListItem\",\"position\":2,\"name\":\"Proizvodi\",\"item\":\"https:\/\/www.distribucionarc.com\/hr\/ducan\/\"},{\"@type\":\"ListItem\",\"position\":3,\"name\":\"L\u00e1mpara conservadora de calor para alimentos\"}]},{\"@type\":\"WebSite\",\"@id\":\"https:\/\/distribucionarc.com\/ro\/#website\",\"url\":\"https:\/\/distribucionarc.com\/ro\/\",\"name\":\"distribuci\u00f3n ARC\",\"description\":\"Empresa especializada en la fabricaci\u00f3n y distribuci\u00f3n de maquinaria industrial, selladoras de latas, Maquinas de hacer pastillas, Maquinas de cortar carne...\",\"publisher\":{\"@id\":\"https:\/\/distribucionarc.com\/ro\/#organization\"},\"potentialAction\":[{\"@type\":\"SearchAction\",\"target\":{\"@type\":\"EntryPoint\",\"urlTemplate\":\"https:\/\/distribucionarc.com\/ro\/?s={search_term_string}\"},\"query-input\":{\"@type\":\"PropertyValueSpecification\",\"valueRequired\":true,\"valueName\":\"search_term_string\"}}],\"inLanguage\":\"pl-PL\"},{\"@type\":\"Organization\",\"@id\":\"https:\/\/distribucionarc.com\/ro\/#organization\",\"name\":\"Distribuci\u00f3n ARC\",\"url\":\"https:\/\/distribucionarc.com\/ro\/\",\"logo\":{\"@type\":\"ImageObject\",\"inLanguage\":\"pl-PL\",\"@id\":\"https:\/\/distribucionarc.com\/ro\/#\/schema\/logo\/image\/\",\"url\":\"https:\/\/distribucionarc.com\/wp-content\/uploads\/2024\/10\/distribucion-ARC-COLOR-SIN-FONDO-e1732295305345.png\",\"contentUrl\":\"https:\/\/distribucionarc.com\/wp-content\/uploads\/2024\/10\/distribucion-ARC-COLOR-SIN-FONDO-e1732295305345.png\",\"width\":1164,\"height\":558,\"caption\":\"Distribuci\u00f3n ARC\"},\"image\":{\"@id\":\"https:\/\/distribucionarc.com\/ro\/#\/schema\/logo\/image\/\"},\"description\":\"Empresa especializada en la fabricaci\u00f3n y distribuci\u00f3n de maquinaria industrial para los sectores alimentario y farmac\u00e9utico. Nos especializamos en: M\u00e1quinas de cortar carne Fabricaci\u00f3n de comprimidos Sistemas de transporte industrial L\u00edneas de embotellado Dosificadores Y mucho m\u00e1s... Ofrecemos soluciones innovadoras y personalizadas para optimizar los procesos productivos de tu empresa.\",\"email\":\"Admistracion@distribucionarc.com\",\"telephone\":\"+34 643496664\",\"legalName\":\"ARC TECH SOLUTIONS\",\"foundingDate\":\"2024-04-09\",\"vatID\":\"B55480172\",\"numberOfEmployees\":{\"@type\":\"QuantitativeValue\",\"minValue\":\"1\",\"maxValue\":\"10\"}}]}<\/script>\n<!-- \/ Yoast SEO Premium plugin. -->","yoast_head_json":{"title":"Lampa do konserwacji \u017cywno\u015bci - dystrybucja ARC","robots":{"index":"index","follow":"follow","max-snippet":"max-snippet:-1","max-image-preview":"max-image-preview:large","max-video-preview":"max-video-preview:-1"},"canonical":"https:\/\/distribucionarc.com\/pl\/produkty\/lampa-oszczedzajaca-cieplo-do-zywnosci\/","og_locale":"pl_PL","og_type":"article","og_title":"L\u00e1mpara conservadora de calor para alimentos","og_description":"L\u00e1mpara conservadora de calor para alimentos Nuestra l\u00e1mpara infrarroja para patatas ARC est\u00e1 construida en acero inoxidable de alta resistencia con una excelente durabilidad e higiene. Este conservador de calor para fritos le ayuda a realizar un f\u00e1cil acceso a la comida desde los tres lados. La base de esta Calentador de infrarrojos ARCLCA60 viene con una bandeja de comida desmontable con una tabla de drenaje perforada para el drenaje del exceso de grasa. Los elementos calefactores infrarrojos en forma de U entregan el calor para mantener los alimentos fritos calientes y crujientes. Esta l\u00e1mpara conservadora de calor es perfecto para conservar las patatas fritas, aros de cebolla, pollo frito, etc. Con todo su sabor y textura. Garant\u00eda\u00a0ARC 2 A\u00d1OS L\u00e1mpara conservadora de alimentos, eficiente bajo consumo 800w soporte t\u00e9cnico\u00a0incluido.","og_url":"https:\/\/distribucionarc.com\/pl\/produkty\/lampa-oszczedzajaca-cieplo-do-zywnosci\/","og_site_name":"distribuci\u00f3n ARC","og_image":[{"width":1469,"height":1500,"url":"https:\/\/distribucionarc.com\/wp-content\/uploads\/2021\/01\/Lampara-conservadora-de-calor-para-alimentos-0.jpg","type":"image\/jpeg"}],"twitter_card":"summary_large_image","twitter_misc":{"Szacowany czas czytania":"2 minuty"},"schema":{"@context":"https:\/\/schema.org","@graph":[{"@type":"WebPage","@id":"https:\/\/distribucionarc.com\/nb\/producto\/lampara-conservadora-de-calor-para-alimentos\/","url":"https:\/\/distribucionarc.com\/nb\/producto\/lampara-conservadora-de-calor-para-alimentos\/","name":"Lampa do konserwacji \u017cywno\u015bci - dystrybucja ARC","isPartOf":{"@id":"https:\/\/distribucionarc.com\/ro\/#website"},"primaryImageOfPage":{"@id":"https:\/\/distribucionarc.com\/nb\/producto\/lampara-conservadora-de-calor-para-alimentos\/#primaryimage"},"image":{"@id":"https:\/\/distribucionarc.com\/nb\/producto\/lampara-conservadora-de-calor-para-alimentos\/#primaryimage"},"thumbnailUrl":"https:\/\/distribucionarc.com\/wp-content\/uploads\/2021\/01\/Lampara-conservadora-de-calor-para-alimentos-0.jpg","datePublished":"2021-01-26T11:00:28+00:00","breadcrumb":{"@id":"https:\/\/distribucionarc.com\/nb\/producto\/lampara-conservadora-de-calor-para-alimentos\/#breadcrumb"},"inLanguage":"pl-PL","potentialAction":[{"@type":"ReadAction","target":["https:\/\/distribucionarc.com\/nb\/producto\/lampara-conservadora-de-calor-para-alimentos\/"]}]},{"@type":"ImageObject","inLanguage":"pl-PL","@id":"https:\/\/distribucionarc.com\/nb\/producto\/lampara-conservadora-de-calor-para-alimentos\/#primaryimage","url":"https:\/\/distribucionarc.com\/wp-content\/uploads\/2021\/01\/Lampara-conservadora-de-calor-para-alimentos-0.jpg","contentUrl":"https:\/\/distribucionarc.com\/wp-content\/uploads\/2021\/01\/Lampara-conservadora-de-calor-para-alimentos-0.jpg","width":1469,"height":1500,"caption":"L\u00e1mpara conservadora de calor para alimentos"},{"@type":"BreadcrumbList","@id":"https:\/\/distribucionarc.com\/nb\/producto\/lampara-conservadora-de-calor-para-alimentos\/#breadcrumb","itemListElement":[{"@type":"ListItem","position":1,"name":"Portada","item":"https:\/\/distribucionarc.com\/ar\/"},{"@type":"ListItem","position":2,"name":"Proizvodi","item":"https:\/\/www.distribucionarc.com\/hr\/ducan\/"},{"@type":"ListItem","position":3,"name":"L\u00e1mpara conservadora de calor para alimentos"}]},{"@type":"WebSite","@id":"https:\/\/distribucionarc.com\/ro\/#website","url":"https:\/\/distribucionarc.com\/ro\/","name":"Dystrybucja ARC","description":"Firma specjalizuj\u0105ca si\u0119 w produkcji i dystrybucji maszyn przemys\u0142owych, zgrzewarek do puszek, maszyn do produkcji tabletek, maszyn do ci\u0119cia mi\u0119sa...","publisher":{"@id":"https:\/\/distribucionarc.com\/ro\/#organization"},"potentialAction":[{"@type":"SearchAction","target":{"@type":"EntryPoint","urlTemplate":"https:\/\/distribucionarc.com\/ro\/?s={search_term_string}"},"query-input":{"@type":"PropertyValueSpecification","valueRequired":true,"valueName":"search_term_string"}}],"inLanguage":"pl-PL"},{"@type":"Organization","@id":"https:\/\/distribucionarc.com\/ro\/#organization","name":"Dystrybucja ARC","url":"https:\/\/distribucionarc.com\/ro\/","logo":{"@type":"ImageObject","inLanguage":"pl-PL","@id":"https:\/\/distribucionarc.com\/ro\/#\/schema\/logo\/image\/","url":"https:\/\/distribucionarc.com\/wp-content\/uploads\/2024\/10\/distribucion-ARC-COLOR-SIN-FONDO-e1732295305345.png","contentUrl":"https:\/\/distribucionarc.com\/wp-content\/uploads\/2024\/10\/distribucion-ARC-COLOR-SIN-FONDO-e1732295305345.png","width":1164,"height":558,"caption":"Distribuci\u00f3n ARC"},"image":{"@id":"https:\/\/distribucionarc.com\/ro\/#\/schema\/logo\/image\/"},"description":"Firma specjalizuj\u0105ca si\u0119 w produkcji i dystrybucji maszyn przemys\u0142owych dla sektora spo\u017cywczego i farmaceutycznego. Specjalizujemy si\u0119 w: Maszyny do krojenia mi\u0119sa Produkcja tabletek Przemys\u0142owe systemy transportowe Linie butelkuj\u0105ce Dozowniki I wiele wi\u0119cej.... Oferujemy innowacyjne i niestandardowe rozwi\u0105zania w celu optymalizacji proces\u00f3w produkcyjnych w Twojej firmie.","email":"Admistracion@distribucionarc.com","telephone":"+34 643496664","legalName":"ARC TECH SOLUTIONS","foundingDate":"2024-04-09","vatID":"B55480172","numberOfEmployees":{"@type":"QuantitativeValue","minValue":"1","maxValue":"10"}}]}},"_links":{"self":[{"href":"https:\/\/distribucionarc.com\/pl\/wp-json\/wp\/v2\/product\/4250","targetHints":{"allow":["GET"]}}],"collection":[{"href":"https:\/\/distribucionarc.com\/pl\/wp-json\/wp\/v2\/product"}],"about":[{"href":"https:\/\/distribucionarc.com\/pl\/wp-json\/wp\/v2\/types\/product"}],"replies":[{"embeddable":true,"href":"https:\/\/distribucionarc.com\/pl\/wp-json\/wp\/v2\/comments?post=4250"}],"version-history":[{"count":0,"href":"https:\/\/distribucionarc.com\/pl\/wp-json\/wp\/v2\/product\/4250\/revisions"}],"wp:featuredmedia":[{"embeddable":true,"href":"https:\/\/distribucionarc.com\/pl\/wp-json\/wp\/v2\/media\/4251"}],"wp:attachment":[{"href":"https:\/\/distribucionarc.com\/pl\/wp-json\/wp\/v2\/media?parent=4250"}],"wp:term":[{"taxonomy":"product_brand","embeddable":true,"href":"https:\/\/distribucionarc.com\/pl\/wp-json\/wp\/v2\/product_brand?post=4250"},{"taxonomy":"product_cat","embeddable":true,"href":"https:\/\/distribucionarc.com\/pl\/wp-json\/wp\/v2\/product_cat?post=4250"},{"taxonomy":"product_tag","embeddable":true,"href":"https:\/\/distribucionarc.com\/pl\/wp-json\/wp\/v2\/product_tag?post=4250"}],"curies":[{"name":"wp","href":"https:\/\/api.w.org\/{rel}","templated":true}]}}