{"id":4288,"date":"2021-01-27T14:37:58","date_gmt":"2021-01-27T14:37:58","guid":{"rendered":"https:\/\/distribucionarc.com\/?post_type=product&#038;p=4288"},"modified":"2023-02-24T13:39:13","modified_gmt":"2023-02-24T13:39:13","slug":"termodruk-loter","status":"publish","type":"product","link":"https:\/\/distribucionarc.com\/pl\/producto\/loteadora-de-impresion-termica\/","title":{"rendered":"Maszyna do druku termicznego\u00a0"},"content":{"rendered":"<h3>Maszyna do druku termicznego<\/h3>\n<p>Uk\u0142ad i uk\u0142ad klawiatury tego<strong> termiczna drukarka wsadowa<\/strong> S\u0105 \u0142atwe w obs\u0142udze, a prosta i intuicyjna obs\u0142uga znacznie u\u0142atwia ten proces. The <strong>maszyna drukarska <span style=\"color: #ff0000;\">DO<\/span><span style=\"color: #0000ff;\">R<\/span>CLIT100<\/strong> Posiada prosty panel sterowania, na kt\u00f3rym mo\u017cna dostosowa\u0107 temperatur\u0119 i pr\u0119dko\u015b\u0107 w zale\u017cno\u015bci od potrzeb. Nadaje si\u0119 do ta\u015bm nisko-, \u015brednio- i wysokotemperaturowych.<\/p>\n<p>Ta\u015bma barwi\u0105ca do t\u0142oczenia na gor\u0105co jest wyposa\u017cona w wysokiej jako\u015bci silnik klasy premium, kt\u00f3ry zapewnia stabiln\u0105 wydajno\u015b\u0107 i niezawodne dzia\u0142anie, aby zapewni\u0107 trwa\u0142o\u015b\u0107 <strong>maszyna do dozowania termicznego<\/strong>. Pe\u0142na miedziana g\u0142owica drukuj\u0105ca tego <strong>znacznik kodu<\/strong> Mo\u017cna go zdemontowa\u0107, aby u\u0142atwi\u0107 zmian\u0119 znak\u00f3w i kodu dla wygodniejszej pracy. Regulowany kod znakowy poprawia wydajno\u015b\u0107 pracy i wyra\u017aniejszy efekt drukowania.<\/p>\n<p>The <strong>termiczna drukarka ta\u015bmowa<\/strong> oferuje dwie metody kodowania: automatyczn\u0105 i peda\u0142ow\u0105 dla \u0142atwego codziennego u\u017cytku. Je\u015bli nie jest u\u017cywane kodowanie ci\u0105g\u0142e, ustaw prze\u0142\u0105cznik w pozycji pauzy. Do wydrukowania kodu mo\u017cna u\u017cy\u0107 peda\u0142u no\u017cnego. Odleg\u0142o\u015b\u0107 mi\u0119dzy paskami mo\u017cna regulowa\u0107 za pomoc\u0105 nakr\u0119tki, aby zapobiec zu\u017cyciu pas\u00f3w. Obr\u00f3\u0107 ta\u015bm\u0119 w g\u00f3r\u0119, aby zmniejszy\u0107 odst\u0119p, i obr\u00f3\u0107 j\u0105 w d\u00f3\u0142, aby zwi\u0119kszy\u0107 odst\u0119p. Dzi\u0119ki temu <strong>maszyna drukarska<\/strong> Mo\u017cesz dostosowa\u0107 najbardziej odpowiednie miejsce, aby zapewni\u0107 lepsze wra\u017cenie.<\/p>\n<p>The<strong> maszyna do drukowania wst\u0105\u017cek <span style=\"color: #ff0000;\">DO<\/span><span style=\"color: #0000ff;\">R<\/span>CLIT100<\/strong> Jest szeroko stosowany w drukowaniu \u017cywno\u015bci, napoj\u00f3w, produkt\u00f3w farmaceutycznych, wodnych, produkt\u00f3w naturalnych, kosmetyk\u00f3w, komponent\u00f3w elektronicznych, sprz\u0119tu komputerowego, przemys\u0142u chemicznego i innych.<\/p>\n<hr \/>\n<ul>\n<li>Typ: Maszyna do drukowania na gor\u0105co wst\u0119gow\u0105<\/li>\n<li>Tryb kodowania: p\u00f3\u0142automatyczny<\/li>\n<li>Pr\u0119dko\u015b\u0107 drukowania: 10 ~ 100 razy\/min, p\u0142ynna regulacja pr\u0119dko\u015bci<\/li>\n<li>Obszar wydruku: pojedyncza linia: maks. 4 x 35 ok. 15 sztuk tego typu<\/li>\n<li>Linia podw\u00f3jna: maks. 8 x 35 ok. 30 szt. typu<\/li>\n<li>Linia potr\u00f3jna: maks. 12 x 35 ok. 45 sztuk typ\u00f3w<\/li>\n<li>Rodzaj druku: cyfry, litery<\/li>\n<li>Ta\u015bma t\u0142oczona na gor\u0105co: standardowa szeroko\u015b\u0107 35mm, d\u0142ugo\u015b\u0107 100mm, \u015brednica rolki 25,4mm<\/li>\n<li>Silnik redukcyjny silnika: 15W, 220V; Pr\u0119dko\u015b\u0107 140 obr.\/min<\/li>\n<li>Temperatura pracy: 0 ~ 200\u00b0C.<\/li>\n<li>Rozmiar produktu: 25,3 x 22,09 x 32 cm (d\u0142. x szer. x wys.)<\/li>\n<\/ul>\n<h6><\/h6>\n<h6><strong>Gwarancja\u00a0<span style=\"color: #ff0000;\">DO<\/span><span style=\"color: #0000ff;\">R<\/span>C 2 LATA<\/strong><\/h6>\n<h6><span style=\"color: #008000;\">Wydajna maszyna poligraficzna, pob\u00f3r mocy 175 W<\/span><\/h6>\n<h6><strong>wsparcie techniczne w cenie<\/strong><\/h6>\n<p>&nbsp;<\/p>\n<p>&nbsp;<\/p>","protected":false},"excerpt":{"rendered":"<h2>Maszyna do druku termicznego<\/h2>\n<p>Jak si\u0119 masz <strong>drukarka etykiet<\/strong> p\u00f3\u0142automatyczny <strong><span style=\"color: #ff0000;\">DO<\/span><span style=\"color: #0000ff;\">R<\/span>C<\/strong> b\u0119dzie dozowa\u0107 Twoje produkty z du\u017c\u0105 szybko\u015bci\u0105, preferuj\u0105c proces liniowy, <strong>elektryczna maszyna do stemplowania<\/strong> wykorzystuje ta\u015bm\u0119 do t\u0142oczenia na gor\u0105co zamiast p\u0142ynnego atramentu; uzyskuj\u0105c w ten spos\u00f3b wyra\u017any nadruk, kt\u00f3ry jest \u0142atwy do suszenia, czyszczenia i higieny. Ten <strong>stempel termiczny<\/strong> Dzia\u0142a w specyficzny spos\u00f3b zmieniania ruchomych s\u0142\u00f3w lub drukowania liczb. The <strong>maszyna drukarska <span style=\"color: #ff0000;\">DO<\/span><span style=\"color: #0000ff;\">R<\/span>C<\/strong> Jest szeroko stosowany w drukowaniu \u017cywno\u015bci, napoj\u00f3w, lek\u00f3w, produkt\u00f3w wodnych, produkt\u00f3w naturalnych, kosmetyk\u00f3w, komponent\u00f3w elektronicznych, sprz\u0119tu, chemikali\u00f3w i innych ga\u0142\u0119zi przemys\u0142u.<\/p>\n<h6><strong>Gwarancja\u00a0<span style=\"color: #ff0000;\">DO<\/span><span style=\"color: #0000ff;\">R<\/span>C 2 LATA<\/strong><\/h6>\n<h6><span style=\"color: #008000;\">Wydajna maszyna poligraficzna, pob\u00f3r mocy 175 W<\/span><\/h6>\n<h6><strong>wsparcie techniczne w cenie<\/strong><\/h6>","protected":false},"featured_media":4289,"comment_status":"open","ping_status":"closed","template":"","meta":{"wds_primary_product_brand":0,"wds_primary_product_cat":0},"product_brand":[],"product_cat":[44],"product_tag":[],"class_list":{"0":"post-4288","1":"product","2":"type-product","3":"status-publish","4":"has-post-thumbnail","6":"product_cat-etiquetadoras-de-botellas","8":"first","9":"instock","10":"taxable","11":"shipping-taxable","12":"purchasable","13":"product-type-simple"},"yoast_head":"<!-- This site is optimized with the Yoast SEO Premium plugin v24.9 (Yoast SEO v26.1) - https:\/\/yoast.com\/wordpress\/plugins\/seo\/ -->\n<title>Loteadora de impresi\u00f3n t\u00e9rmica\u00a0 - distribuci\u00f3n ARC<\/title>\n<meta name=\"robots\" content=\"index, follow, max-snippet:-1, max-image-preview:large, max-video-preview:-1\" \/>\n<link rel=\"canonical\" href=\"https:\/\/www.distribucionarc.com\/ro\/producto\/loteadora-de-impresion-termica\/\" \/>\n<meta property=\"og:locale\" content=\"pl_PL\" \/>\n<meta property=\"og:type\" content=\"article\" \/>\n<meta property=\"og:title\" content=\"Loteadora de impresi\u00f3n t\u00e9rmica\u00a0\" \/>\n<meta property=\"og:description\" content=\"Loteadora de impresi\u00f3n t\u00e9rmica Como esta etiquetadora de impresi\u00f3n semiautom\u00e1tica ARC realizar\u00e1 el loteado de sus productos a una gran velocidad favoreciendo el proceso lineal, la m\u00e1quina de estampaci\u00f3n el\u00e9ctrica utiliza cinta de estampaci\u00f3n en caliente en lugar de tinta l\u00edquida; logrando as\u00ed una impresi\u00f3n clara y f\u00e1cil de secar, limpiar e higi\u00e9nica. Esta estampadora t\u00e9rmica funciona mediante la forma espec\u00edfica de cambiar palabras en movimiento o n\u00fameros de impresi\u00f3n. La loteadora de impresi\u00f3n ARC es ampliamente utilizada en la impresi\u00f3n de alimentos, bebidas, medicamentos, productos acu\u00e1ticos, productos naturales, cosm\u00e9ticos, componentes electr\u00f3nicos, hardware, productos qu\u00edmicos y otras industrias. Garant\u00eda\u00a0ARC 2 A\u00d1OS Loteadora de impresi\u00f3n eficiente, consumo de 175 W soporte t\u00e9cnico incluido\" \/>\n<meta property=\"og:url\" content=\"https:\/\/www.distribucionarc.com\/ro\/producto\/loteadora-de-impresion-termica\/\" \/>\n<meta property=\"og:site_name\" content=\"distribuci\u00f3n ARC\" \/>\n<meta property=\"article:modified_time\" content=\"2023-02-24T13:39:13+00:00\" \/>\n<meta property=\"og:image\" content=\"https:\/\/www.distribucionarc.com\/wp-content\/uploads\/2021\/01\/Loteadora-de-impresion-termica-0-.jpg\" \/>\n\t<meta property=\"og:image:width\" content=\"1600\" \/>\n\t<meta property=\"og:image:height\" content=\"1600\" \/>\n\t<meta property=\"og:image:type\" content=\"image\/jpeg\" \/>\n<meta name=\"twitter:card\" content=\"summary_large_image\" \/>\n<meta name=\"twitter:label1\" content=\"Szacowany czas czytania\" \/>\n\t<meta name=\"twitter:data1\" content=\"2 minuty\" \/>\n<script type=\"application\/ld+json\" class=\"yoast-schema-graph\">{\"@context\":\"https:\/\/schema.org\",\"@graph\":[{\"@type\":\"WebPage\",\"@id\":\"https:\/\/www.distribucionarc.com\/ro\/producto\/loteadora-de-impresion-termica\/\",\"url\":\"https:\/\/www.distribucionarc.com\/ro\/producto\/loteadora-de-impresion-termica\/\",\"name\":\"Loteadora de impresi\u00f3n t\u00e9rmica\u00a0 - distribuci\u00f3n ARC\",\"isPartOf\":{\"@id\":\"https:\/\/www.distribucionarc.com\/sl\/#website\"},\"primaryImageOfPage\":{\"@id\":\"https:\/\/www.distribucionarc.com\/ro\/producto\/loteadora-de-impresion-termica\/#primaryimage\"},\"image\":{\"@id\":\"https:\/\/www.distribucionarc.com\/ro\/producto\/loteadora-de-impresion-termica\/#primaryimage\"},\"thumbnailUrl\":\"https:\/\/distribucionarc.com\/wp-content\/uploads\/2021\/01\/Loteadora-de-impresion-termica-0-.jpg\",\"datePublished\":\"2021-01-27T14:37:58+00:00\",\"dateModified\":\"2023-02-24T13:39:13+00:00\",\"breadcrumb\":{\"@id\":\"https:\/\/www.distribucionarc.com\/ro\/producto\/loteadora-de-impresion-termica\/#breadcrumb\"},\"inLanguage\":\"pl-PL\",\"potentialAction\":[{\"@type\":\"ReadAction\",\"target\":[\"https:\/\/www.distribucionarc.com\/ro\/producto\/loteadora-de-impresion-termica\/\"]}]},{\"@type\":\"ImageObject\",\"inLanguage\":\"pl-PL\",\"@id\":\"https:\/\/www.distribucionarc.com\/ro\/producto\/loteadora-de-impresion-termica\/#primaryimage\",\"url\":\"https:\/\/distribucionarc.com\/wp-content\/uploads\/2021\/01\/Loteadora-de-impresion-termica-0-.jpg\",\"contentUrl\":\"https:\/\/distribucionarc.com\/wp-content\/uploads\/2021\/01\/Loteadora-de-impresion-termica-0-.jpg\",\"width\":1600,\"height\":1600,\"caption\":\"Loteadora de impresi\u00f3n t\u00e9rmica\u00a0\"},{\"@type\":\"BreadcrumbList\",\"@id\":\"https:\/\/www.distribucionarc.com\/ro\/producto\/loteadora-de-impresion-termica\/#breadcrumb\",\"itemListElement\":[{\"@type\":\"ListItem\",\"position\":1,\"name\":\"Portada\",\"item\":\"https:\/\/www.distribucionarc.com\/\"},{\"@type\":\"ListItem\",\"position\":2,\"name\":\"\u00dcr\u00fcnler\",\"item\":\"https:\/\/www.distribucionarc.com\/tr\/magaza\/\"},{\"@type\":\"ListItem\",\"position\":3,\"name\":\"Loteadora de impresi\u00f3n t\u00e9rmica\u00a0\"}]},{\"@type\":\"WebSite\",\"@id\":\"https:\/\/www.distribucionarc.com\/sl\/#website\",\"url\":\"https:\/\/www.distribucionarc.com\/sl\/\",\"name\":\"distribuci\u00f3n ARC\",\"description\":\"Empresa especializada en la fabricaci\u00f3n y distribuci\u00f3n de maquinaria industrial, selladoras de latas, Maquinas de hacer pastillas, Maquinas de cortar carne...\",\"publisher\":{\"@id\":\"https:\/\/www.distribucionarc.com\/sl\/#organization\"},\"potentialAction\":[{\"@type\":\"SearchAction\",\"target\":{\"@type\":\"EntryPoint\",\"urlTemplate\":\"https:\/\/www.distribucionarc.com\/sl\/?s={search_term_string}\"},\"query-input\":{\"@type\":\"PropertyValueSpecification\",\"valueRequired\":true,\"valueName\":\"search_term_string\"}}],\"inLanguage\":\"pl-PL\"},{\"@type\":\"Organization\",\"@id\":\"https:\/\/www.distribucionarc.com\/sl\/#organization\",\"name\":\"Distribuci\u00f3n ARC\",\"url\":\"https:\/\/www.distribucionarc.com\/sl\/\",\"logo\":{\"@type\":\"ImageObject\",\"inLanguage\":\"pl-PL\",\"@id\":\"https:\/\/www.distribucionarc.com\/sl\/#\/schema\/logo\/image\/\",\"url\":\"https:\/\/distribucionarc.com\/wp-content\/uploads\/2024\/10\/distribucion-ARC-COLOR-SIN-FONDO-e1732295305345.png\",\"contentUrl\":\"https:\/\/distribucionarc.com\/wp-content\/uploads\/2024\/10\/distribucion-ARC-COLOR-SIN-FONDO-e1732295305345.png\",\"width\":1164,\"height\":558,\"caption\":\"Distribuci\u00f3n ARC\"},\"image\":{\"@id\":\"https:\/\/www.distribucionarc.com\/sl\/#\/schema\/logo\/image\/\"},\"description\":\"Empresa especializada en la fabricaci\u00f3n y distribuci\u00f3n de maquinaria industrial para los sectores alimentario y farmac\u00e9utico. Nos especializamos en: M\u00e1quinas de cortar carne Fabricaci\u00f3n de comprimidos Sistemas de transporte industrial L\u00edneas de embotellado Dosificadores Y mucho m\u00e1s... Ofrecemos soluciones innovadoras y personalizadas para optimizar los procesos productivos de tu empresa.\",\"email\":\"Admistracion@distribucionarc.com\",\"telephone\":\"+34 643496664\",\"legalName\":\"ARC TECH SOLUTIONS\",\"foundingDate\":\"2024-04-09\",\"vatID\":\"B55480172\",\"numberOfEmployees\":{\"@type\":\"QuantitativeValue\",\"minValue\":\"1\",\"maxValue\":\"10\"}}]}<\/script>\n<!-- \/ Yoast SEO Premium plugin. -->","yoast_head_json":{"title":"Loter termodrukowy - dystrybucja ARC","robots":{"index":"index","follow":"follow","max-snippet":"max-snippet:-1","max-image-preview":"max-image-preview:large","max-video-preview":"max-video-preview:-1"},"canonical":"https:\/\/www.distribucionarc.com\/ro\/producto\/loteadora-de-impresion-termica\/","og_locale":"pl_PL","og_type":"article","og_title":"Loteadora de impresi\u00f3n t\u00e9rmica\u00a0","og_description":"Loteadora de impresi\u00f3n t\u00e9rmica Como esta etiquetadora de impresi\u00f3n semiautom\u00e1tica ARC realizar\u00e1 el loteado de sus productos a una gran velocidad favoreciendo el proceso lineal, la m\u00e1quina de estampaci\u00f3n el\u00e9ctrica utiliza cinta de estampaci\u00f3n en caliente en lugar de tinta l\u00edquida; logrando as\u00ed una impresi\u00f3n clara y f\u00e1cil de secar, limpiar e higi\u00e9nica. Esta estampadora t\u00e9rmica funciona mediante la forma espec\u00edfica de cambiar palabras en movimiento o n\u00fameros de impresi\u00f3n. La loteadora de impresi\u00f3n ARC es ampliamente utilizada en la impresi\u00f3n de alimentos, bebidas, medicamentos, productos acu\u00e1ticos, productos naturales, cosm\u00e9ticos, componentes electr\u00f3nicos, hardware, productos qu\u00edmicos y otras industrias. Garant\u00eda\u00a0ARC 2 A\u00d1OS Loteadora de impresi\u00f3n eficiente, consumo de 175 W soporte t\u00e9cnico incluido","og_url":"https:\/\/www.distribucionarc.com\/ro\/producto\/loteadora-de-impresion-termica\/","og_site_name":"distribuci\u00f3n ARC","article_modified_time":"2023-02-24T13:39:13+00:00","og_image":[{"width":1600,"height":1600,"url":"https:\/\/www.distribucionarc.com\/wp-content\/uploads\/2021\/01\/Loteadora-de-impresion-termica-0-.jpg","type":"image\/jpeg"}],"twitter_card":"summary_large_image","twitter_misc":{"Szacowany czas czytania":"2 minuty"},"schema":{"@context":"https:\/\/schema.org","@graph":[{"@type":"WebPage","@id":"https:\/\/www.distribucionarc.com\/ro\/producto\/loteadora-de-impresion-termica\/","url":"https:\/\/www.distribucionarc.com\/ro\/producto\/loteadora-de-impresion-termica\/","name":"Loter termodrukowy - dystrybucja ARC","isPartOf":{"@id":"https:\/\/www.distribucionarc.com\/sl\/#website"},"primaryImageOfPage":{"@id":"https:\/\/www.distribucionarc.com\/ro\/producto\/loteadora-de-impresion-termica\/#primaryimage"},"image":{"@id":"https:\/\/www.distribucionarc.com\/ro\/producto\/loteadora-de-impresion-termica\/#primaryimage"},"thumbnailUrl":"https:\/\/distribucionarc.com\/wp-content\/uploads\/2021\/01\/Loteadora-de-impresion-termica-0-.jpg","datePublished":"2021-01-27T14:37:58+00:00","dateModified":"2023-02-24T13:39:13+00:00","breadcrumb":{"@id":"https:\/\/www.distribucionarc.com\/ro\/producto\/loteadora-de-impresion-termica\/#breadcrumb"},"inLanguage":"pl-PL","potentialAction":[{"@type":"ReadAction","target":["https:\/\/www.distribucionarc.com\/ro\/producto\/loteadora-de-impresion-termica\/"]}]},{"@type":"ImageObject","inLanguage":"pl-PL","@id":"https:\/\/www.distribucionarc.com\/ro\/producto\/loteadora-de-impresion-termica\/#primaryimage","url":"https:\/\/distribucionarc.com\/wp-content\/uploads\/2021\/01\/Loteadora-de-impresion-termica-0-.jpg","contentUrl":"https:\/\/distribucionarc.com\/wp-content\/uploads\/2021\/01\/Loteadora-de-impresion-termica-0-.jpg","width":1600,"height":1600,"caption":"Loteadora de impresi\u00f3n t\u00e9rmica\u00a0"},{"@type":"BreadcrumbList","@id":"https:\/\/www.distribucionarc.com\/ro\/producto\/loteadora-de-impresion-termica\/#breadcrumb","itemListElement":[{"@type":"ListItem","position":1,"name":"Portada","item":"https:\/\/www.distribucionarc.com\/"},{"@type":"ListItem","position":2,"name":"\u00dcr\u00fcnler","item":"https:\/\/www.distribucionarc.com\/tr\/magaza\/"},{"@type":"ListItem","position":3,"name":"Loteadora de impresi\u00f3n t\u00e9rmica\u00a0"}]},{"@type":"WebSite","@id":"https:\/\/www.distribucionarc.com\/sl\/#website","url":"https:\/\/www.distribucionarc.com\/sl\/","name":"Dystrybucja ARC","description":"Firma specjalizuj\u0105ca si\u0119 w produkcji i dystrybucji maszyn przemys\u0142owych, zgrzewarek do puszek, maszyn do produkcji tabletek, maszyn do ci\u0119cia mi\u0119sa...","publisher":{"@id":"https:\/\/www.distribucionarc.com\/sl\/#organization"},"potentialAction":[{"@type":"SearchAction","target":{"@type":"EntryPoint","urlTemplate":"https:\/\/www.distribucionarc.com\/sl\/?s={search_term_string}"},"query-input":{"@type":"PropertyValueSpecification","valueRequired":true,"valueName":"search_term_string"}}],"inLanguage":"pl-PL"},{"@type":"Organization","@id":"https:\/\/www.distribucionarc.com\/sl\/#organization","name":"Dystrybucja ARC","url":"https:\/\/www.distribucionarc.com\/sl\/","logo":{"@type":"ImageObject","inLanguage":"pl-PL","@id":"https:\/\/www.distribucionarc.com\/sl\/#\/schema\/logo\/image\/","url":"https:\/\/distribucionarc.com\/wp-content\/uploads\/2024\/10\/distribucion-ARC-COLOR-SIN-FONDO-e1732295305345.png","contentUrl":"https:\/\/distribucionarc.com\/wp-content\/uploads\/2024\/10\/distribucion-ARC-COLOR-SIN-FONDO-e1732295305345.png","width":1164,"height":558,"caption":"Distribuci\u00f3n ARC"},"image":{"@id":"https:\/\/www.distribucionarc.com\/sl\/#\/schema\/logo\/image\/"},"description":"Firma specjalizuj\u0105ca si\u0119 w produkcji i dystrybucji maszyn przemys\u0142owych dla sektora spo\u017cywczego i farmaceutycznego. Specjalizujemy si\u0119 w: Maszyny do krojenia mi\u0119sa Produkcja tabletek Przemys\u0142owe systemy transportowe Linie butelkuj\u0105ce Dozowniki I wiele wi\u0119cej.... Oferujemy innowacyjne i niestandardowe rozwi\u0105zania w celu optymalizacji proces\u00f3w produkcyjnych w Twojej firmie.","email":"Admistracion@distribucionarc.com","telephone":"+34 643496664","legalName":"ARC TECH SOLUTIONS","foundingDate":"2024-04-09","vatID":"B55480172","numberOfEmployees":{"@type":"QuantitativeValue","minValue":"1","maxValue":"10"}}]}},"_links":{"self":[{"href":"https:\/\/distribucionarc.com\/pl\/wp-json\/wp\/v2\/product\/4288","targetHints":{"allow":["GET"]}}],"collection":[{"href":"https:\/\/distribucionarc.com\/pl\/wp-json\/wp\/v2\/product"}],"about":[{"href":"https:\/\/distribucionarc.com\/pl\/wp-json\/wp\/v2\/types\/product"}],"replies":[{"embeddable":true,"href":"https:\/\/distribucionarc.com\/pl\/wp-json\/wp\/v2\/comments?post=4288"}],"version-history":[{"count":0,"href":"https:\/\/distribucionarc.com\/pl\/wp-json\/wp\/v2\/product\/4288\/revisions"}],"wp:featuredmedia":[{"embeddable":true,"href":"https:\/\/distribucionarc.com\/pl\/wp-json\/wp\/v2\/media\/4289"}],"wp:attachment":[{"href":"https:\/\/distribucionarc.com\/pl\/wp-json\/wp\/v2\/media?parent=4288"}],"wp:term":[{"taxonomy":"product_brand","embeddable":true,"href":"https:\/\/distribucionarc.com\/pl\/wp-json\/wp\/v2\/product_brand?post=4288"},{"taxonomy":"product_cat","embeddable":true,"href":"https:\/\/distribucionarc.com\/pl\/wp-json\/wp\/v2\/product_cat?post=4288"},{"taxonomy":"product_tag","embeddable":true,"href":"https:\/\/distribucionarc.com\/pl\/wp-json\/wp\/v2\/product_tag?post=4288"}],"curies":[{"name":"wp","href":"https:\/\/api.w.org\/{rel}","templated":true}]}}