{"id":4303,"date":"2021-01-28T11:21:17","date_gmt":"2021-01-28T11:21:17","guid":{"rendered":"https:\/\/distribucionarc.com\/?post_type=product&#038;p=4303"},"modified":"2021-01-28T11:21:18","modified_gmt":"2021-01-28T11:21:18","slug":"toster-grill-z-przenosnikiem-pasowym","status":"publish","type":"product","link":"https:\/\/distribucionarc.com\/pl\/producto\/tostador-grill-con-cinta-transportadora\/","title":{"rendered":"Toster grillowy z przeno\u015bnikiem ta\u015bmowym"},"content":{"rendered":"<h3>Toster grillowy z przeno\u015bnikiem ta\u015bmowym<\/h3>\n<p>Ten<strong> toster ta\u015bmowy<\/strong> z <strong><span style=\"color: #ff0000;\">DO<\/span><span style=\"color: #0000ff;\">R<\/span>C<\/strong> Urz\u0105dzenie to nadaje si\u0119 praktycznie do ka\u017cdej kuchni komercyjnej, jest szybkie, wydajne i \u0142atwe w obs\u0142udze. Urz\u0105dzenie pozwala na przygotowanie do 300 kromek chleba na godzin\u0119. Ten <strong>Toster grillowy<\/strong> Posiada siedem regulowanych pr\u0119dko\u015bci i trzy tryby opiekania, kt\u00f3re pozwalaj\u0105 kontrolowa\u0107 kolor i \u015bwie\u017co\u015b\u0107 pieczywa. Pozw\u00f3l, aby nieodparty aromat ciep\u0142ych, z\u0142ocistych tost\u00f3w skusi\u0142 Twoich klient\u00f3w. Ten <strong>Opiekacz<\/strong> Idealnie nadaje si\u0119 do kawiarni, bufet\u00f3w i bar\u00f3w kawowych. Nie pozw\u00f3l swoim klientom czeka\u0107!<\/p>\n<p>On <strong>grill z ta\u015bm\u0105 <span style=\"color: #ff0000;\">DO<\/span><span style=\"color: #0000ff;\">R<\/span>CTPC300<\/strong> \u00a0Wykonany jest z materia\u0142u bezpiecznego dla \u017cywno\u015bci, wzmocnionego na d\u0142ugi czas u\u017cytkowania i odpornego na korozj\u0119. Z tym <strong>toster przemys\u0142owy<\/strong> Dzi\u0119ki wyjmowanym cz\u0119\u015bciom gotowanie, konserwacja i czyszczenie b\u0119d\u0105 \u0142atwe.<\/p>\n<p>Nasz <strong>pas do tostera <span style=\"color: #ff0000;\">DO<\/span><span style=\"color: #0000ff;\">R<\/span>C<\/strong> pozwala na przygotowanie do 300 kromek chleba na godzin\u0119. Mo\u017cna regulowa\u0107 pr\u0119dko\u015b\u0107 ta\u015bmy, aby kontrolowa\u0107 stopie\u0144 opiekania pieczywa. Do wyboru jest 7 r\u00f3\u017cnych tekstur pieczywa. On <strong>grill z ta\u015bm\u0105<\/strong> Jest przystosowany do 3 r\u00f3\u017cnych tryb\u00f3w opiekania, dzi\u0119ki czemu chleb b\u0119dzie idealnie chrupi\u0105cy.<\/p>\n<p>Posiada otwory wentylacyjne zapewniaj\u0105ce skuteczne odprowadzanie ciep\u0142a. Z tym <strong>Toster grillowy <span style=\"color: #ff0000;\">DO<\/span><span style=\"color: #0000ff;\">R<\/span>CTPC300<\/strong> W zestawie znajduje si\u0119 wyjmowana tacka na okruchy, kt\u00f3r\u0105 mo\u017cna \u0142atwo wyczy\u015bci\u0107. Ten <strong>Piec do pieczenia<\/strong> Wyposa\u017cony jest w siatk\u0119 \u0142a\u0144cuchow\u0105 przeznaczon\u0105 do kontaktu z \u017cywno\u015bci\u0105, kt\u00f3ra umo\u017cliwia szybkie i p\u0142ynne dozowanie pieczywa. Cztery antypo\u015blizgowe n\u00f3\u017cki zapewniaj\u0105 stabilno\u015b\u0107 sto\u0142u. <strong>piec z ta\u015bm\u0105<\/strong>. Urz\u0105dzenie umo\u017cliwia dozowanie pieczywa z przedniego lub tylnego zasobnika. U\u017cytkownicy mog\u0105 prze\u0142\u0105cza\u0107 si\u0119 mi\u0119dzy tymi trybami w zale\u017cno\u015bci od potrzeb.<\/p>\n<h6><strong>Gwarancja\u00a0<span style=\"color: #ff0000;\">DO<\/span><span style=\"color: #0000ff;\">R<\/span>C 2 LATA<\/strong><\/h6>\n<h6>\u00a0<span style=\"color: #008000;\">Wydajny toster ta\u015bmowy, niskie zu\u017cycie 1800 W<\/span><\/h6>\n<h6><strong>wsparcie techniczne w cenie<\/strong><\/h6>\n<p>&nbsp;<\/p>\n<table role=\"presentation\" width=\"100%\" cellspacing=\"0\" cellpadding=\"0\">\n<tbody>\n<tr>\n<td class=\"attrLabels\">Marka:<\/td>\n<td width=\"50.0%\">\u0141UK<\/td>\n<\/tr>\n<tr>\n<td class=\"attrLabels\">Gwarancja:<\/td>\n<td width=\"50.0%\">2 lata<\/td>\n<td class=\"attrLabels\">Waga:<\/td>\n<td width=\"50.0%\">16kg<\/td>\n<\/tr>\n<tr>\n<td class=\"attrLabels\">Kraj dystrybucji:<\/td>\n<td width=\"50.0%\">Hiszpania, Niemcy, USA<\/td>\n<td class=\"attrLabels\">Wysoko\u015b\u0107:<\/td>\n<td width=\"50.0%\">38,7 cm<\/td>\n<\/tr>\n<tr>\n<td class=\"attrLabels\">Kolor:<\/td>\n<td width=\"50.0%\">Srebrny<\/td>\n<td class=\"attrLabels\">D\u0142ugi:<\/td>\n<td width=\"50.0%\">36,8 cm<\/td>\n<\/tr>\n<tr>\n<td class=\"attrLabels\">Rodzaj produktu:<\/td>\n<td width=\"50.0%\">Toster z paskiem<\/td>\n<td class=\"attrLabels\">Szeroki:<\/td>\n<td width=\"50.0%\">\u00a041,8 cm<\/td>\n<\/tr>\n<tr>\n<td class=\"attrLabels\">Numer producenta:<\/td>\n<td width=\"50.0%\">ARCTPC300<\/td>\n<td class=\"attrLabels\">Produkcja:<\/td>\n<td width=\"50.0%\">300 sztuk na godzin\u0119<\/td>\n<\/tr>\n<tr>\n<td class=\"attrLabels\">Tworzywo:<\/td>\n<td width=\"50.0%\">Stal nierdzewna, ta\u015bmoci\u0105g, grzejnik na podczerwie\u0144, tacka na okruchy<\/td>\n<td class=\"attrLabels\">Zakres temperatur:<\/td>\n<td width=\"50.0%\">30\u00baC \u2013 250\u00baC<\/td>\n<\/tr>\n<tr>\n<td class=\"attrLabels\">Moc:<\/td>\n<td width=\"50.0%\">1800 W<\/td>\n<td class=\"attrLabels\">Regulacja:<\/td>\n<td width=\"50.0%\">7 temperatur do r\u00f3\u017cnego pieczenia<\/td>\n<\/tr>\n<tr>\n<td class=\"attrLabels\">Wolta\u017c:<\/td>\n<td width=\"50.0%\">220 V, 50 Hz do 60 Hz<\/td>\n<td class=\"attrLabels\">Narz\u0119dzia instalacyjne:<\/td>\n<td width=\"50.0%\">Tak<\/td>\n<\/tr>\n<\/tbody>\n<\/table>\n<p>&nbsp;<\/p>","protected":false},"excerpt":{"rendered":"<h2>Toster grillowy z przeno\u015bnikiem ta\u015bmowym<\/h2>\n<p>Ten <strong>toster ta\u015bmowy<\/strong> z <strong><span style=\"color: #ff0000;\">DO<\/span><span style=\"color: #0000ff;\">R<\/span>C<\/strong> Urz\u0105dzenie to nadaje si\u0119 praktycznie do ka\u017cdej kuchni komercyjnej, jest szybkie, wydajne i \u0142atwe w obs\u0142udze. Urz\u0105dzenie pozwala na przygotowanie do 300 kromek chleba na godzin\u0119. Ten <strong>Toster grillowy<\/strong> Posiada siedem regulowanych pr\u0119dko\u015bci i trzy tryby opiekania, kt\u00f3re pozwalaj\u0105 kontrolowa\u0107 kolor i \u015bwie\u017co\u015b\u0107 pieczywa. Pozw\u00f3l, aby nieodparty aromat ciep\u0142ych, z\u0142ocistych tost\u00f3w skusi\u0142 Twoich klient\u00f3w. Ten <strong>Opiekacz<\/strong> Idealnie nadaje si\u0119 do kawiarni, bufet\u00f3w i bar\u00f3w kawowych. Nie pozw\u00f3l swoim klientom czeka\u0107!<\/p>\n<h6><strong>Gwarancja\u00a0<span style=\"color: #ff0000;\">DO<\/span><span style=\"color: #0000ff;\">R<\/span>C 2 LATA<\/strong><\/h6>\n<h6>\u00a0<span style=\"color: #008000;\">Wydajny toster ta\u015bmowy, niskie zu\u017cycie 1800 W<\/span><\/h6>\n<h6><strong>wsparcie techniczne w cenie<\/strong><\/h6>","protected":false},"featured_media":4305,"comment_status":"open","ping_status":"closed","template":"","meta":{"wds_primary_product_brand":0,"wds_primary_product_cat":0},"product_brand":[],"product_cat":[40,53],"product_tag":[],"class_list":{"0":"post-4303","1":"product","2":"type-product","3":"status-publish","4":"has-post-thumbnail","6":"product_cat-hornos","7":"product_cat-panaderia-y-pasteleria-industrial","8":"product_shipping_class-hosteleria","10":"first","11":"instock","12":"sale","13":"taxable","14":"shipping-taxable","15":"purchasable","16":"product-type-simple"},"yoast_head":"<!-- This site is optimized with the Yoast SEO Premium plugin v24.9 (Yoast SEO v26.1) - https:\/\/yoast.com\/wordpress\/plugins\/seo\/ -->\n<title>Tostador grill con cinta transportadora - distribuci\u00f3n ARC<\/title>\n<meta name=\"robots\" content=\"index, follow, max-snippet:-1, max-image-preview:large, max-video-preview:-1\" \/>\n<link rel=\"canonical\" href=\"https:\/\/distribucionarc.com\/pl\/produkty\/toster-grill-z-przenosnikiem-pasowym\/\" \/>\n<meta property=\"og:locale\" content=\"pl_PL\" \/>\n<meta property=\"og:type\" content=\"article\" \/>\n<meta property=\"og:title\" content=\"Tostador grill con cinta transportadora\" \/>\n<meta property=\"og:description\" content=\"Tostador grill con cinta transportadora Esta tostadora con cinta transportadora de ARC es adecuada para pr\u00e1cticamente todas las cocinas comerciales r\u00e1pida, eficiente y f\u00e1cil de usar. Puede preparar hasta 300 rebanadas de pan por hora. Este Grill tostador dispone de siete velocidades ajustables y tres modos de tostado para controlar el color y la frescura del pan. Deje que el aroma irresistible del pan tostado c\u00e1lido y dorado tiente a sus clientes. Esta Tostadora de pan es ideal para caf\u00e9s, buf\u00e9s y cafeter\u00edas. \u00a1Evite que sus clientes esperen! Garant\u00eda\u00a0ARC 2 A\u00d1OS \u00a0Tostadora con cinta eficiente, bajo consumo 1800w soporte t\u00e9cnico incluido\" \/>\n<meta property=\"og:url\" content=\"https:\/\/distribucionarc.com\/pl\/produkty\/toster-grill-z-przenosnikiem-pasowym\/\" \/>\n<meta property=\"og:site_name\" content=\"distribuci\u00f3n ARC\" \/>\n<meta property=\"article:modified_time\" content=\"2021-01-28T11:21:18+00:00\" \/>\n<meta property=\"og:image\" content=\"https:\/\/distribucionarc.com\/wp-content\/uploads\/2021\/01\/Tostador-grill-con-cinta-transportadora-0.jpg\" \/>\n\t<meta property=\"og:image:width\" content=\"1600\" \/>\n\t<meta property=\"og:image:height\" content=\"1600\" \/>\n\t<meta property=\"og:image:type\" content=\"image\/jpeg\" \/>\n<meta name=\"twitter:card\" content=\"summary_large_image\" \/>\n<meta name=\"twitter:label1\" content=\"Szacowany czas czytania\" \/>\n\t<meta name=\"twitter:data1\" content=\"2 minuty\" \/>\n<script type=\"application\/ld+json\" class=\"yoast-schema-graph\">{\"@context\":\"https:\/\/schema.org\",\"@graph\":[{\"@type\":\"WebPage\",\"@id\":\"https:\/\/distribucionarc.com\/it\/producto\/tostador-grill-con-cinta-transportadora\/\",\"url\":\"https:\/\/distribucionarc.com\/it\/producto\/tostador-grill-con-cinta-transportadora\/\",\"name\":\"Tostador grill con cinta transportadora - distribuci\u00f3n ARC\",\"isPartOf\":{\"@id\":\"https:\/\/www.distribucionarc.com\/de\/#website\"},\"primaryImageOfPage\":{\"@id\":\"https:\/\/distribucionarc.com\/it\/producto\/tostador-grill-con-cinta-transportadora\/#primaryimage\"},\"image\":{\"@id\":\"https:\/\/distribucionarc.com\/it\/producto\/tostador-grill-con-cinta-transportadora\/#primaryimage\"},\"thumbnailUrl\":\"https:\/\/distribucionarc.com\/wp-content\/uploads\/2021\/01\/Tostador-grill-con-cinta-transportadora-0.jpg\",\"datePublished\":\"2021-01-28T11:21:17+00:00\",\"dateModified\":\"2021-01-28T11:21:18+00:00\",\"breadcrumb\":{\"@id\":\"https:\/\/distribucionarc.com\/it\/producto\/tostador-grill-con-cinta-transportadora\/#breadcrumb\"},\"inLanguage\":\"pl-PL\",\"potentialAction\":[{\"@type\":\"ReadAction\",\"target\":[\"https:\/\/distribucionarc.com\/it\/producto\/tostador-grill-con-cinta-transportadora\/\"]}]},{\"@type\":\"ImageObject\",\"inLanguage\":\"pl-PL\",\"@id\":\"https:\/\/distribucionarc.com\/it\/producto\/tostador-grill-con-cinta-transportadora\/#primaryimage\",\"url\":\"https:\/\/distribucionarc.com\/wp-content\/uploads\/2021\/01\/Tostador-grill-con-cinta-transportadora-0.jpg\",\"contentUrl\":\"https:\/\/distribucionarc.com\/wp-content\/uploads\/2021\/01\/Tostador-grill-con-cinta-transportadora-0.jpg\",\"width\":1600,\"height\":1600,\"caption\":\"Tostador grill con cinta transportadora\"},{\"@type\":\"BreadcrumbList\",\"@id\":\"https:\/\/distribucionarc.com\/it\/producto\/tostador-grill-con-cinta-transportadora\/#breadcrumb\",\"itemListElement\":[{\"@type\":\"ListItem\",\"position\":1,\"name\":\"Portada\",\"item\":\"https:\/\/www.distribucionarc.com\/en\/\"},{\"@type\":\"ListItem\",\"position\":2,\"name\":\"Products\",\"item\":\"https:\/\/www.distribucionarc.com\/en\/shop\/\"},{\"@type\":\"ListItem\",\"position\":3,\"name\":\"Tostador grill con cinta transportadora\"}]},{\"@type\":\"WebSite\",\"@id\":\"https:\/\/www.distribucionarc.com\/de\/#website\",\"url\":\"https:\/\/www.distribucionarc.com\/de\/\",\"name\":\"distribuci\u00f3n ARC\",\"description\":\"Empresa especializada en la fabricaci\u00f3n y distribuci\u00f3n de maquinaria industrial, selladoras de latas, Maquinas de hacer pastillas, Maquinas de cortar carne...\",\"publisher\":{\"@id\":\"https:\/\/www.distribucionarc.com\/de\/#organization\"},\"potentialAction\":[{\"@type\":\"SearchAction\",\"target\":{\"@type\":\"EntryPoint\",\"urlTemplate\":\"https:\/\/www.distribucionarc.com\/de\/?s={search_term_string}\"},\"query-input\":{\"@type\":\"PropertyValueSpecification\",\"valueRequired\":true,\"valueName\":\"search_term_string\"}}],\"inLanguage\":\"pl-PL\"},{\"@type\":\"Organization\",\"@id\":\"https:\/\/www.distribucionarc.com\/de\/#organization\",\"name\":\"Distribuci\u00f3n ARC\",\"url\":\"https:\/\/www.distribucionarc.com\/de\/\",\"logo\":{\"@type\":\"ImageObject\",\"inLanguage\":\"pl-PL\",\"@id\":\"https:\/\/www.distribucionarc.com\/de\/#\/schema\/logo\/image\/\",\"url\":\"https:\/\/distribucionarc.com\/wp-content\/uploads\/2024\/10\/distribucion-ARC-COLOR-SIN-FONDO-e1732295305345.png\",\"contentUrl\":\"https:\/\/distribucionarc.com\/wp-content\/uploads\/2024\/10\/distribucion-ARC-COLOR-SIN-FONDO-e1732295305345.png\",\"width\":1164,\"height\":558,\"caption\":\"Distribuci\u00f3n ARC\"},\"image\":{\"@id\":\"https:\/\/www.distribucionarc.com\/de\/#\/schema\/logo\/image\/\"},\"description\":\"Empresa especializada en la fabricaci\u00f3n y distribuci\u00f3n de maquinaria industrial para los sectores alimentario y farmac\u00e9utico. Nos especializamos en: M\u00e1quinas de cortar carne Fabricaci\u00f3n de comprimidos Sistemas de transporte industrial L\u00edneas de embotellado Dosificadores Y mucho m\u00e1s... Ofrecemos soluciones innovadoras y personalizadas para optimizar los procesos productivos de tu empresa.\",\"email\":\"Admistracion@distribucionarc.com\",\"telephone\":\"+34 643496664\",\"legalName\":\"ARC TECH SOLUTIONS\",\"foundingDate\":\"2024-04-09\",\"vatID\":\"B55480172\",\"numberOfEmployees\":{\"@type\":\"QuantitativeValue\",\"minValue\":\"1\",\"maxValue\":\"10\"}}]}<\/script>\n<!-- \/ Yoast SEO Premium plugin. -->","yoast_head_json":{"title":"Toster grillowy z ta\u015bmoci\u0105giem - dystrybucja ARC","robots":{"index":"index","follow":"follow","max-snippet":"max-snippet:-1","max-image-preview":"max-image-preview:large","max-video-preview":"max-video-preview:-1"},"canonical":"https:\/\/distribucionarc.com\/pl\/produkty\/toster-grill-z-przenosnikiem-pasowym\/","og_locale":"pl_PL","og_type":"article","og_title":"Tostador grill con cinta transportadora","og_description":"Tostador grill con cinta transportadora Esta tostadora con cinta transportadora de ARC es adecuada para pr\u00e1cticamente todas las cocinas comerciales r\u00e1pida, eficiente y f\u00e1cil de usar. Puede preparar hasta 300 rebanadas de pan por hora. Este Grill tostador dispone de siete velocidades ajustables y tres modos de tostado para controlar el color y la frescura del pan. Deje que el aroma irresistible del pan tostado c\u00e1lido y dorado tiente a sus clientes. Esta Tostadora de pan es ideal para caf\u00e9s, buf\u00e9s y cafeter\u00edas. \u00a1Evite que sus clientes esperen! Garant\u00eda\u00a0ARC 2 A\u00d1OS \u00a0Tostadora con cinta eficiente, bajo consumo 1800w soporte t\u00e9cnico incluido","og_url":"https:\/\/distribucionarc.com\/pl\/produkty\/toster-grill-z-przenosnikiem-pasowym\/","og_site_name":"distribuci\u00f3n ARC","article_modified_time":"2021-01-28T11:21:18+00:00","og_image":[{"width":1600,"height":1600,"url":"https:\/\/distribucionarc.com\/wp-content\/uploads\/2021\/01\/Tostador-grill-con-cinta-transportadora-0.jpg","type":"image\/jpeg"}],"twitter_card":"summary_large_image","twitter_misc":{"Szacowany czas czytania":"2 minuty"},"schema":{"@context":"https:\/\/schema.org","@graph":[{"@type":"WebPage","@id":"https:\/\/distribucionarc.com\/it\/producto\/tostador-grill-con-cinta-transportadora\/","url":"https:\/\/distribucionarc.com\/it\/producto\/tostador-grill-con-cinta-transportadora\/","name":"Toster grillowy z ta\u015bmoci\u0105giem - dystrybucja ARC","isPartOf":{"@id":"https:\/\/www.distribucionarc.com\/de\/#website"},"primaryImageOfPage":{"@id":"https:\/\/distribucionarc.com\/it\/producto\/tostador-grill-con-cinta-transportadora\/#primaryimage"},"image":{"@id":"https:\/\/distribucionarc.com\/it\/producto\/tostador-grill-con-cinta-transportadora\/#primaryimage"},"thumbnailUrl":"https:\/\/distribucionarc.com\/wp-content\/uploads\/2021\/01\/Tostador-grill-con-cinta-transportadora-0.jpg","datePublished":"2021-01-28T11:21:17+00:00","dateModified":"2021-01-28T11:21:18+00:00","breadcrumb":{"@id":"https:\/\/distribucionarc.com\/it\/producto\/tostador-grill-con-cinta-transportadora\/#breadcrumb"},"inLanguage":"pl-PL","potentialAction":[{"@type":"ReadAction","target":["https:\/\/distribucionarc.com\/it\/producto\/tostador-grill-con-cinta-transportadora\/"]}]},{"@type":"ImageObject","inLanguage":"pl-PL","@id":"https:\/\/distribucionarc.com\/it\/producto\/tostador-grill-con-cinta-transportadora\/#primaryimage","url":"https:\/\/distribucionarc.com\/wp-content\/uploads\/2021\/01\/Tostador-grill-con-cinta-transportadora-0.jpg","contentUrl":"https:\/\/distribucionarc.com\/wp-content\/uploads\/2021\/01\/Tostador-grill-con-cinta-transportadora-0.jpg","width":1600,"height":1600,"caption":"Tostador grill con cinta transportadora"},{"@type":"BreadcrumbList","@id":"https:\/\/distribucionarc.com\/it\/producto\/tostador-grill-con-cinta-transportadora\/#breadcrumb","itemListElement":[{"@type":"ListItem","position":1,"name":"Portada","item":"https:\/\/www.distribucionarc.com\/en\/"},{"@type":"ListItem","position":2,"name":"Products","item":"https:\/\/www.distribucionarc.com\/en\/shop\/"},{"@type":"ListItem","position":3,"name":"Tostador grill con cinta transportadora"}]},{"@type":"WebSite","@id":"https:\/\/www.distribucionarc.com\/de\/#website","url":"https:\/\/www.distribucionarc.com\/de\/","name":"Dystrybucja ARC","description":"Firma specjalizuj\u0105ca si\u0119 w produkcji i dystrybucji maszyn przemys\u0142owych, zgrzewarek do puszek, maszyn do produkcji tabletek, maszyn do ci\u0119cia mi\u0119sa...","publisher":{"@id":"https:\/\/www.distribucionarc.com\/de\/#organization"},"potentialAction":[{"@type":"SearchAction","target":{"@type":"EntryPoint","urlTemplate":"https:\/\/www.distribucionarc.com\/de\/?s={search_term_string}"},"query-input":{"@type":"PropertyValueSpecification","valueRequired":true,"valueName":"search_term_string"}}],"inLanguage":"pl-PL"},{"@type":"Organization","@id":"https:\/\/www.distribucionarc.com\/de\/#organization","name":"Dystrybucja ARC","url":"https:\/\/www.distribucionarc.com\/de\/","logo":{"@type":"ImageObject","inLanguage":"pl-PL","@id":"https:\/\/www.distribucionarc.com\/de\/#\/schema\/logo\/image\/","url":"https:\/\/distribucionarc.com\/wp-content\/uploads\/2024\/10\/distribucion-ARC-COLOR-SIN-FONDO-e1732295305345.png","contentUrl":"https:\/\/distribucionarc.com\/wp-content\/uploads\/2024\/10\/distribucion-ARC-COLOR-SIN-FONDO-e1732295305345.png","width":1164,"height":558,"caption":"Distribuci\u00f3n ARC"},"image":{"@id":"https:\/\/www.distribucionarc.com\/de\/#\/schema\/logo\/image\/"},"description":"Firma specjalizuj\u0105ca si\u0119 w produkcji i dystrybucji maszyn przemys\u0142owych dla sektora spo\u017cywczego i farmaceutycznego. Specjalizujemy si\u0119 w: Maszyny do krojenia mi\u0119sa Produkcja tabletek Przemys\u0142owe systemy transportowe Linie butelkuj\u0105ce Dozowniki I wiele wi\u0119cej.... Oferujemy innowacyjne i niestandardowe rozwi\u0105zania w celu optymalizacji proces\u00f3w produkcyjnych w Twojej firmie.","email":"Admistracion@distribucionarc.com","telephone":"+34 643496664","legalName":"ARC TECH SOLUTIONS","foundingDate":"2024-04-09","vatID":"B55480172","numberOfEmployees":{"@type":"QuantitativeValue","minValue":"1","maxValue":"10"}}]}},"_links":{"self":[{"href":"https:\/\/distribucionarc.com\/pl\/wp-json\/wp\/v2\/product\/4303","targetHints":{"allow":["GET"]}}],"collection":[{"href":"https:\/\/distribucionarc.com\/pl\/wp-json\/wp\/v2\/product"}],"about":[{"href":"https:\/\/distribucionarc.com\/pl\/wp-json\/wp\/v2\/types\/product"}],"replies":[{"embeddable":true,"href":"https:\/\/distribucionarc.com\/pl\/wp-json\/wp\/v2\/comments?post=4303"}],"version-history":[{"count":0,"href":"https:\/\/distribucionarc.com\/pl\/wp-json\/wp\/v2\/product\/4303\/revisions"}],"wp:featuredmedia":[{"embeddable":true,"href":"https:\/\/distribucionarc.com\/pl\/wp-json\/wp\/v2\/media\/4305"}],"wp:attachment":[{"href":"https:\/\/distribucionarc.com\/pl\/wp-json\/wp\/v2\/media?parent=4303"}],"wp:term":[{"taxonomy":"product_brand","embeddable":true,"href":"https:\/\/distribucionarc.com\/pl\/wp-json\/wp\/v2\/product_brand?post=4303"},{"taxonomy":"product_cat","embeddable":true,"href":"https:\/\/distribucionarc.com\/pl\/wp-json\/wp\/v2\/product_cat?post=4303"},{"taxonomy":"product_tag","embeddable":true,"href":"https:\/\/distribucionarc.com\/pl\/wp-json\/wp\/v2\/product_tag?post=4303"}],"curies":[{"name":"wp","href":"https:\/\/api.w.org\/{rel}","templated":true}]}}