{"id":4345,"date":"2021-01-29T10:05:10","date_gmt":"2021-01-29T10:05:10","guid":{"rendered":"https:\/\/distribucionarc.com\/?post_type=product&#038;p=4345"},"modified":"2021-01-29T10:05:10","modified_gmt":"2021-01-29T10:05:10","slug":"pompka-do-kukurydzy-zboz-pszenicy-ryzu","status":"publish","type":"product","link":"https:\/\/distribucionarc.com\/pl\/producto\/inflador-para-maiz-cereales-trigo-arroz\/","title":{"rendered":"Inflator do kukurydzy, zb\u00f3\u017c, pszenicy, ry\u017cu"},"content":{"rendered":"<h3>Inflator do kukurydzy, zb\u00f3\u017c, pszenicy, ry\u017cu<\/h3>\n<p>Z tym <strong>puder przek\u0105skowy <span style=\"color: #ff0000;\">DO<\/span><span style=\"color: #0000ff;\">R<\/span>C<\/strong> Mo\u017cesz przygotowa\u0107 r\u00f3\u017cne p\u0142atki zbo\u017cowe lub przek\u0105ski. Dzi\u0119ki Twojemu <strong>gor\u0105ca inflacja<\/strong> Mo\u017ce poprawi\u0107 smak ciast zrobionych z ry\u017cu, pszenicy, kukurydzy itp. Z tym <strong>wyt\u0142aczarka zbo\u017cowa <span style=\"color: #ff0000;\">DO<\/span><span style=\"color: #0000ff;\">R<\/span>CIC35<\/strong> Mo\u017cesz \u0142\u0105czy\u0107 r\u00f3\u017cne smaki, aby spersonalizowa\u0107 sw\u00f3j produkt. Wymaga silnika wysokopr\u0119\u017cnego o mocy 6 KM lub silnika elektrycznego o mocy 3,5 kW.<\/p>\n<p>Ten <strong>inflator przek\u0105sek<\/strong> Zawiera 7 foremek do robienia r\u00f3\u017cnych p\u0142atk\u00f3w \u015bniadaniowych lub przek\u0105sek. Dzi\u0119ki systemowi ogrzewania tego <strong>wyt\u0142aczarka przek\u0105sek <span style=\"color: #ff0000;\">DO<\/span><span style=\"color: #0000ff;\">R<\/span>C<\/strong> Mo\u017cesz ulepszy\u0107 sw\u00f3j produkt, tworz\u0105c unikalne przek\u0105ski lub p\u0142atki zbo\u017cowe z w\u0142asn\u0105 to\u017csamo\u015bci\u0105.<\/p>\n<h6><\/h6>\n<h6><strong>Gwarancja\u00a0<span style=\"color: #ff0000;\">DO<\/span><span style=\"color: #0000ff;\">R<\/span>C 2 LATA<\/strong><\/h6>\n<h6><span style=\"color: #008000;\">Wydajny inflator zbo\u017cowy, niskie zu\u017cycie energii 3,5 kW<\/span><\/h6>\n<h6><strong>wsparcie techniczne w cenie<\/strong><\/h6>\n<hr \/>\n<p>Wymagana moc: silnik 4-5,5 kW lub olej nap\u0119dowy o mocy 6 KM<\/p>\n<p>Wymagana pr\u0119dko\u015b\u0107 silnika: 1400r\/m<\/p>\n<p>Pr\u0119dko\u015b\u0107 maszyny: 440-500r\/m<\/p>\n<p>\u015arednica motocykli: 90-100mm<\/p>\n<p>Wydajno\u015b\u0107: ok. 20 kg\/h<\/p>\n<p>Surowiec: m\u0105ka pszenna, ry\u017c i kukurydza.<\/p>\n<p>7 kszta\u0142t\u00f3w, 1 lejek, 2 pary \u015brub, 2 ko\u0142a z\u0119bate, 1 ko\u0142o, 1 n\u00f3\u017c<\/p>\n<p>&nbsp;<\/p>\n<table role=\"presentation\" width=\"100%\" cellspacing=\"0\" cellpadding=\"0\">\n<tbody>\n<tr>\n<td class=\"attrLabels\">Marka:<\/td>\n<td width=\"50.0%\">\u0141UK<\/td>\n<\/tr>\n<tr>\n<td class=\"attrLabels\">Gwarancja:<\/td>\n<td width=\"50.0%\">2 lata<\/td>\n<td class=\"attrLabels\">Wysoko\u015b\u0107:<\/td>\n<td width=\"50.0%\">72cm<\/td>\n<\/tr>\n<tr>\n<td class=\"attrLabels\">Kraj dystrybucji:<\/td>\n<td width=\"50.0%\">Hiszpania, Niemcy, USA<\/td>\n<td class=\"attrLabels\">D\u0142ugi:<\/td>\n<td width=\"50.0%\">85cm<\/td>\n<\/tr>\n<tr>\n<td class=\"attrLabels\">Kolor:<\/td>\n<td width=\"50.0%\">zielony<\/td>\n<td class=\"attrLabels\">Szeroki:<\/td>\n<td width=\"50.0%\">45cm<\/td>\n<\/tr>\n<tr>\n<td class=\"attrLabels\">Rodzaj produktu:<\/td>\n<td width=\"50.0%\">puder przek\u0105skowy<\/td>\n<td class=\"attrLabels\">Pojemno\u015b\u0107 zbiornika:<\/td>\n<td width=\"50.0%\">20 kg<\/td>\n<\/tr>\n<tr>\n<td class=\"attrLabels\">Numer producenta:<\/td>\n<td width=\"50.0%\">ARCIC35<\/td>\n<td class=\"attrLabels\">Moc elektryczna:<\/td>\n<td width=\"50.0%\">3500 W<\/td>\n<\/tr>\n<tr>\n<td class=\"attrLabels\">Tworzywo:<\/td>\n<td width=\"50.0%\">Stal nierdzewna spo\u017cywcza 304<\/td>\n<td class=\"attrLabels\">Moc silnika:<\/td>\n<td width=\"50.0%\">Diesel 6 KM<\/td>\n<\/tr>\n<tr>\n<td class=\"attrLabels\">Dzia\u0142anie:<\/td>\n<td width=\"50.0%\">Silnik energetyczny lub wysokopr\u0119\u017cny<\/td>\n<td class=\"attrLabels\">Rodzaj inflacji:<\/td>\n<td width=\"50.0%\">gor\u0105ca wyt\u0142aczarka<\/td>\n<\/tr>\n<tr>\n<td class=\"attrLabels\">Waga:<\/td>\n<td width=\"50.0%\">15 kg<\/td>\n<td class=\"attrLabels\">\u015arednica cewki:<\/td>\n<td width=\"50.0%\">90 \u2013 100 mm<\/td>\n<\/tr>\n<\/tbody>\n<\/table>\n<p>&nbsp;<\/p>\n<p>&nbsp;<\/p>\n<p>&nbsp;<\/p>","protected":false},"excerpt":{"rendered":"<h2>Inflator do kukurydzy, zb\u00f3\u017c, pszenicy, ry\u017cu<\/h2>\n<p>Ten <strong>inflator zb\u00f3\u017c<span style=\"color: #ff0000;\"> DO<\/span><span style=\"color: #0000ff;\">R<\/span>C<\/strong> Ma zalety ze wzgl\u0119du na niewielkie rozmiary, lekko\u015b\u0107, jako\u015b\u0107 konstrukcji i \u0142atw\u0105 obs\u0142ug\u0119. Z tym<strong> wyt\u0142aczarka<\/strong> <strong>ry\u017c<\/strong> Mo\u017cesz u\u017cywa\u0107 r\u00f3\u017cnych produkt\u00f3w, takich jak ry\u017c, ciasto kukurydziane, jako surowc\u00f3w i dodawa\u0107 r\u00f3\u017cne smaki, aby wyprodukowa\u0107 r\u00f3\u017cne p\u0142atki zbo\u017cowe lub przek\u0105ski. Ten <strong>inflator przemys\u0142owy <\/strong>Zawiera grza\u0142k\u0119, kt\u00f3ra zbiera oryginalny produkt i zwi\u0119ksza jego smak nawet 90-krotnie. The <strong>wyt\u0142aczarka do kukurydzy <span style=\"color: #ff0000;\">DO<\/span><span style=\"color: #0000ff;\">R<\/span>C<\/strong> Za pomoc\u0105 r\u00f3\u017cnych foremek mo\u017cna tworzy\u0107 r\u00f3\u017cne kszta\u0142ty, aby przygotowa\u0107 pikantne, s\u0142odkie i s\u0142one przek\u0105ski.<\/p>\n<h6><strong>Gwarancja\u00a0<span style=\"color: #ff0000;\">DO<\/span><span style=\"color: #0000ff;\">R<\/span>C 2 LATA<\/strong><\/h6>\n<h6><span style=\"color: #008000;\">Wydajny inflator zbo\u017cowy, niskie zu\u017cycie energii 3,5 kW<\/span><\/h6>\n<h6><strong>wsparcie techniczne w cenie<\/strong><\/h6>","protected":false},"featured_media":4348,"comment_status":"open","ping_status":"closed","template":"","meta":{"wds_primary_product_brand":0,"wds_primary_product_cat":0},"product_brand":[],"product_cat":[266],"product_tag":[],"class_list":{"0":"post-4345","1":"product","2":"type-product","3":"status-publish","4":"has-post-thumbnail","6":"product_cat-accessories","7":"product_shipping_class-express","9":"first","10":"instock","11":"sale","12":"taxable","13":"shipping-taxable","14":"purchasable","15":"product-type-simple"},"yoast_head":"<!-- This site is optimized with the Yoast SEO Premium plugin v24.9 (Yoast SEO v26.1) - https:\/\/yoast.com\/wordpress\/plugins\/seo\/ -->\n<title>Inflador para ma\u00edz, cereales, trigo, arroz - distribuci\u00f3n ARC<\/title>\n<meta name=\"robots\" content=\"index, follow, max-snippet:-1, max-image-preview:large, max-video-preview:-1\" \/>\n<link rel=\"canonical\" href=\"https:\/\/distribucionarc.com\/pl\/produkty\/pompka-do-kukurydzy-zboz-pszenicy-ryzu\/\" \/>\n<meta property=\"og:locale\" content=\"pl_PL\" \/>\n<meta property=\"og:type\" content=\"article\" \/>\n<meta property=\"og:title\" content=\"Inflador para ma\u00edz, cereales, trigo, arroz\" \/>\n<meta property=\"og:description\" content=\"Inflador para ma\u00edz, cereales, trigo, arroz Esta infladora de cereales ARC tiene ventajas debido a su reducido tama\u00f1o, peso ligero, estructura de calidad, a su vez que el funcionamiento es sencillo. Con este extrusora de arroz puede utilizar diferentes productos como arroz, masa de ma\u00edz como materia prima y agregar varios sabores para producir diferentes cereales o aperitivos. Este inflador industrial incorpora un calentador para recoger el producto original e incrementar el sabor hasta 90 veces. La extrusora de ma\u00edz ARC puede hacer diferentes formas con la variedad de moldes que incorpora, para elaborar aperitivos picantes, dulces, salados. Garant\u00eda\u00a0ARC 2 A\u00d1OS Infladora para cereales eficiente, bajo consumo\u00a0 3,5 kW soporte t\u00e9cnico incluido\" \/>\n<meta property=\"og:url\" content=\"https:\/\/distribucionarc.com\/pl\/produkty\/pompka-do-kukurydzy-zboz-pszenicy-ryzu\/\" \/>\n<meta property=\"og:site_name\" content=\"distribuci\u00f3n ARC\" \/>\n<meta property=\"og:image\" content=\"https:\/\/distribucionarc.com\/wp-content\/uploads\/2021\/01\/Inflador-para-maiz-cereales-trigo-arroz-0.jpg\" \/>\n\t<meta property=\"og:image:width\" content=\"1000\" \/>\n\t<meta property=\"og:image:height\" content=\"1000\" \/>\n\t<meta property=\"og:image:type\" content=\"image\/jpeg\" \/>\n<meta name=\"twitter:card\" content=\"summary_large_image\" \/>\n<meta name=\"twitter:label1\" content=\"Szacowany czas czytania\" \/>\n\t<meta name=\"twitter:data1\" content=\"1 minuta\" \/>\n<script type=\"application\/ld+json\" class=\"yoast-schema-graph\">{\"@context\":\"https:\/\/schema.org\",\"@graph\":[{\"@type\":\"WebPage\",\"@id\":\"https:\/\/distribucionarc.com\/it\/producto\/inflador-para-maiz-cereales-trigo-arroz\/\",\"url\":\"https:\/\/distribucionarc.com\/it\/producto\/inflador-para-maiz-cereales-trigo-arroz\/\",\"name\":\"Inflador para ma\u00edz, cereales, trigo, arroz - distribuci\u00f3n ARC\",\"isPartOf\":{\"@id\":\"https:\/\/www.distribucionarc.com\/sl\/#website\"},\"primaryImageOfPage\":{\"@id\":\"https:\/\/distribucionarc.com\/it\/producto\/inflador-para-maiz-cereales-trigo-arroz\/#primaryimage\"},\"image\":{\"@id\":\"https:\/\/distribucionarc.com\/it\/producto\/inflador-para-maiz-cereales-trigo-arroz\/#primaryimage\"},\"thumbnailUrl\":\"https:\/\/distribucionarc.com\/wp-content\/uploads\/2021\/01\/Inflador-para-maiz-cereales-trigo-arroz-0.jpg\",\"datePublished\":\"2021-01-29T10:05:10+00:00\",\"breadcrumb\":{\"@id\":\"https:\/\/distribucionarc.com\/it\/producto\/inflador-para-maiz-cereales-trigo-arroz\/#breadcrumb\"},\"inLanguage\":\"pl-PL\",\"potentialAction\":[{\"@type\":\"ReadAction\",\"target\":[\"https:\/\/distribucionarc.com\/it\/producto\/inflador-para-maiz-cereales-trigo-arroz\/\"]}]},{\"@type\":\"ImageObject\",\"inLanguage\":\"pl-PL\",\"@id\":\"https:\/\/distribucionarc.com\/it\/producto\/inflador-para-maiz-cereales-trigo-arroz\/#primaryimage\",\"url\":\"https:\/\/distribucionarc.com\/wp-content\/uploads\/2021\/01\/Inflador-para-maiz-cereales-trigo-arroz-0.jpg\",\"contentUrl\":\"https:\/\/distribucionarc.com\/wp-content\/uploads\/2021\/01\/Inflador-para-maiz-cereales-trigo-arroz-0.jpg\",\"width\":1000,\"height\":1000,\"caption\":\"Inflador para ma\u00edz, cereales, trigo, arroz\"},{\"@type\":\"BreadcrumbList\",\"@id\":\"https:\/\/distribucionarc.com\/it\/producto\/inflador-para-maiz-cereales-trigo-arroz\/#breadcrumb\",\"itemListElement\":[{\"@type\":\"ListItem\",\"position\":1,\"name\":\"Portada\",\"item\":\"https:\/\/www.distribucionarc.com\/\"},{\"@type\":\"ListItem\",\"position\":2,\"name\":\"\u00dcr\u00fcnler\",\"item\":\"https:\/\/www.distribucionarc.com\/tr\/magaza\/\"},{\"@type\":\"ListItem\",\"position\":3,\"name\":\"Inflador para ma\u00edz, cereales, trigo, arroz\"}]},{\"@type\":\"WebSite\",\"@id\":\"https:\/\/www.distribucionarc.com\/sl\/#website\",\"url\":\"https:\/\/www.distribucionarc.com\/sl\/\",\"name\":\"distribuci\u00f3n ARC\",\"description\":\"Empresa especializada en la fabricaci\u00f3n y distribuci\u00f3n de maquinaria industrial, selladoras de latas, Maquinas de hacer pastillas, Maquinas de cortar carne...\",\"publisher\":{\"@id\":\"https:\/\/www.distribucionarc.com\/sl\/#organization\"},\"potentialAction\":[{\"@type\":\"SearchAction\",\"target\":{\"@type\":\"EntryPoint\",\"urlTemplate\":\"https:\/\/www.distribucionarc.com\/sl\/?s={search_term_string}\"},\"query-input\":{\"@type\":\"PropertyValueSpecification\",\"valueRequired\":true,\"valueName\":\"search_term_string\"}}],\"inLanguage\":\"pl-PL\"},{\"@type\":\"Organization\",\"@id\":\"https:\/\/www.distribucionarc.com\/sl\/#organization\",\"name\":\"Distribuci\u00f3n ARC\",\"url\":\"https:\/\/www.distribucionarc.com\/sl\/\",\"logo\":{\"@type\":\"ImageObject\",\"inLanguage\":\"pl-PL\",\"@id\":\"https:\/\/www.distribucionarc.com\/sl\/#\/schema\/logo\/image\/\",\"url\":\"https:\/\/distribucionarc.com\/wp-content\/uploads\/2024\/10\/distribucion-ARC-COLOR-SIN-FONDO-e1732295305345.png\",\"contentUrl\":\"https:\/\/distribucionarc.com\/wp-content\/uploads\/2024\/10\/distribucion-ARC-COLOR-SIN-FONDO-e1732295305345.png\",\"width\":1164,\"height\":558,\"caption\":\"Distribuci\u00f3n ARC\"},\"image\":{\"@id\":\"https:\/\/www.distribucionarc.com\/sl\/#\/schema\/logo\/image\/\"},\"description\":\"Empresa especializada en la fabricaci\u00f3n y distribuci\u00f3n de maquinaria industrial para los sectores alimentario y farmac\u00e9utico. Nos especializamos en: M\u00e1quinas de cortar carne Fabricaci\u00f3n de comprimidos Sistemas de transporte industrial L\u00edneas de embotellado Dosificadores Y mucho m\u00e1s... Ofrecemos soluciones innovadoras y personalizadas para optimizar los procesos productivos de tu empresa.\",\"email\":\"Admistracion@distribucionarc.com\",\"telephone\":\"+34 643496664\",\"legalName\":\"ARC TECH SOLUTIONS\",\"foundingDate\":\"2024-04-09\",\"vatID\":\"B55480172\",\"numberOfEmployees\":{\"@type\":\"QuantitativeValue\",\"minValue\":\"1\",\"maxValue\":\"10\"}}]}<\/script>\n<!-- \/ Yoast SEO Premium plugin. -->","yoast_head_json":{"title":"Inflator do kukurydzy, zb\u00f3\u017c, pszenicy, ry\u017cu - dystrybucja ARC","robots":{"index":"index","follow":"follow","max-snippet":"max-snippet:-1","max-image-preview":"max-image-preview:large","max-video-preview":"max-video-preview:-1"},"canonical":"https:\/\/distribucionarc.com\/pl\/produkty\/pompka-do-kukurydzy-zboz-pszenicy-ryzu\/","og_locale":"pl_PL","og_type":"article","og_title":"Inflador para ma\u00edz, cereales, trigo, arroz","og_description":"Inflador para ma\u00edz, cereales, trigo, arroz Esta infladora de cereales ARC tiene ventajas debido a su reducido tama\u00f1o, peso ligero, estructura de calidad, a su vez que el funcionamiento es sencillo. Con este extrusora de arroz puede utilizar diferentes productos como arroz, masa de ma\u00edz como materia prima y agregar varios sabores para producir diferentes cereales o aperitivos. Este inflador industrial incorpora un calentador para recoger el producto original e incrementar el sabor hasta 90 veces. La extrusora de ma\u00edz ARC puede hacer diferentes formas con la variedad de moldes que incorpora, para elaborar aperitivos picantes, dulces, salados. Garant\u00eda\u00a0ARC 2 A\u00d1OS Infladora para cereales eficiente, bajo consumo\u00a0 3,5 kW soporte t\u00e9cnico incluido","og_url":"https:\/\/distribucionarc.com\/pl\/produkty\/pompka-do-kukurydzy-zboz-pszenicy-ryzu\/","og_site_name":"distribuci\u00f3n ARC","og_image":[{"width":1000,"height":1000,"url":"https:\/\/distribucionarc.com\/wp-content\/uploads\/2021\/01\/Inflador-para-maiz-cereales-trigo-arroz-0.jpg","type":"image\/jpeg"}],"twitter_card":"summary_large_image","twitter_misc":{"Szacowany czas czytania":"1 minuta"},"schema":{"@context":"https:\/\/schema.org","@graph":[{"@type":"WebPage","@id":"https:\/\/distribucionarc.com\/it\/producto\/inflador-para-maiz-cereales-trigo-arroz\/","url":"https:\/\/distribucionarc.com\/it\/producto\/inflador-para-maiz-cereales-trigo-arroz\/","name":"Inflator do kukurydzy, zb\u00f3\u017c, pszenicy, ry\u017cu - dystrybucja ARC","isPartOf":{"@id":"https:\/\/www.distribucionarc.com\/sl\/#website"},"primaryImageOfPage":{"@id":"https:\/\/distribucionarc.com\/it\/producto\/inflador-para-maiz-cereales-trigo-arroz\/#primaryimage"},"image":{"@id":"https:\/\/distribucionarc.com\/it\/producto\/inflador-para-maiz-cereales-trigo-arroz\/#primaryimage"},"thumbnailUrl":"https:\/\/distribucionarc.com\/wp-content\/uploads\/2021\/01\/Inflador-para-maiz-cereales-trigo-arroz-0.jpg","datePublished":"2021-01-29T10:05:10+00:00","breadcrumb":{"@id":"https:\/\/distribucionarc.com\/it\/producto\/inflador-para-maiz-cereales-trigo-arroz\/#breadcrumb"},"inLanguage":"pl-PL","potentialAction":[{"@type":"ReadAction","target":["https:\/\/distribucionarc.com\/it\/producto\/inflador-para-maiz-cereales-trigo-arroz\/"]}]},{"@type":"ImageObject","inLanguage":"pl-PL","@id":"https:\/\/distribucionarc.com\/it\/producto\/inflador-para-maiz-cereales-trigo-arroz\/#primaryimage","url":"https:\/\/distribucionarc.com\/wp-content\/uploads\/2021\/01\/Inflador-para-maiz-cereales-trigo-arroz-0.jpg","contentUrl":"https:\/\/distribucionarc.com\/wp-content\/uploads\/2021\/01\/Inflador-para-maiz-cereales-trigo-arroz-0.jpg","width":1000,"height":1000,"caption":"Inflador para ma\u00edz, cereales, trigo, arroz"},{"@type":"BreadcrumbList","@id":"https:\/\/distribucionarc.com\/it\/producto\/inflador-para-maiz-cereales-trigo-arroz\/#breadcrumb","itemListElement":[{"@type":"ListItem","position":1,"name":"Portada","item":"https:\/\/www.distribucionarc.com\/"},{"@type":"ListItem","position":2,"name":"\u00dcr\u00fcnler","item":"https:\/\/www.distribucionarc.com\/tr\/magaza\/"},{"@type":"ListItem","position":3,"name":"Inflador para ma\u00edz, cereales, trigo, arroz"}]},{"@type":"WebSite","@id":"https:\/\/www.distribucionarc.com\/sl\/#website","url":"https:\/\/www.distribucionarc.com\/sl\/","name":"Dystrybucja ARC","description":"Firma specjalizuj\u0105ca si\u0119 w produkcji i dystrybucji maszyn przemys\u0142owych, zgrzewarek do puszek, maszyn do produkcji tabletek, maszyn do ci\u0119cia mi\u0119sa...","publisher":{"@id":"https:\/\/www.distribucionarc.com\/sl\/#organization"},"potentialAction":[{"@type":"SearchAction","target":{"@type":"EntryPoint","urlTemplate":"https:\/\/www.distribucionarc.com\/sl\/?s={search_term_string}"},"query-input":{"@type":"PropertyValueSpecification","valueRequired":true,"valueName":"search_term_string"}}],"inLanguage":"pl-PL"},{"@type":"Organization","@id":"https:\/\/www.distribucionarc.com\/sl\/#organization","name":"Dystrybucja ARC","url":"https:\/\/www.distribucionarc.com\/sl\/","logo":{"@type":"ImageObject","inLanguage":"pl-PL","@id":"https:\/\/www.distribucionarc.com\/sl\/#\/schema\/logo\/image\/","url":"https:\/\/distribucionarc.com\/wp-content\/uploads\/2024\/10\/distribucion-ARC-COLOR-SIN-FONDO-e1732295305345.png","contentUrl":"https:\/\/distribucionarc.com\/wp-content\/uploads\/2024\/10\/distribucion-ARC-COLOR-SIN-FONDO-e1732295305345.png","width":1164,"height":558,"caption":"Distribuci\u00f3n ARC"},"image":{"@id":"https:\/\/www.distribucionarc.com\/sl\/#\/schema\/logo\/image\/"},"description":"Firma specjalizuj\u0105ca si\u0119 w produkcji i dystrybucji maszyn przemys\u0142owych dla sektora spo\u017cywczego i farmaceutycznego. Specjalizujemy si\u0119 w: Maszyny do krojenia mi\u0119sa Produkcja tabletek Przemys\u0142owe systemy transportowe Linie butelkuj\u0105ce Dozowniki I wiele wi\u0119cej.... Oferujemy innowacyjne i niestandardowe rozwi\u0105zania w celu optymalizacji proces\u00f3w produkcyjnych w Twojej firmie.","email":"Admistracion@distribucionarc.com","telephone":"+34 643496664","legalName":"ARC TECH SOLUTIONS","foundingDate":"2024-04-09","vatID":"B55480172","numberOfEmployees":{"@type":"QuantitativeValue","minValue":"1","maxValue":"10"}}]}},"_links":{"self":[{"href":"https:\/\/distribucionarc.com\/pl\/wp-json\/wp\/v2\/product\/4345","targetHints":{"allow":["GET"]}}],"collection":[{"href":"https:\/\/distribucionarc.com\/pl\/wp-json\/wp\/v2\/product"}],"about":[{"href":"https:\/\/distribucionarc.com\/pl\/wp-json\/wp\/v2\/types\/product"}],"replies":[{"embeddable":true,"href":"https:\/\/distribucionarc.com\/pl\/wp-json\/wp\/v2\/comments?post=4345"}],"version-history":[{"count":0,"href":"https:\/\/distribucionarc.com\/pl\/wp-json\/wp\/v2\/product\/4345\/revisions"}],"wp:featuredmedia":[{"embeddable":true,"href":"https:\/\/distribucionarc.com\/pl\/wp-json\/wp\/v2\/media\/4348"}],"wp:attachment":[{"href":"https:\/\/distribucionarc.com\/pl\/wp-json\/wp\/v2\/media?parent=4345"}],"wp:term":[{"taxonomy":"product_brand","embeddable":true,"href":"https:\/\/distribucionarc.com\/pl\/wp-json\/wp\/v2\/product_brand?post=4345"},{"taxonomy":"product_cat","embeddable":true,"href":"https:\/\/distribucionarc.com\/pl\/wp-json\/wp\/v2\/product_cat?post=4345"},{"taxonomy":"product_tag","embeddable":true,"href":"https:\/\/distribucionarc.com\/pl\/wp-json\/wp\/v2\/product_tag?post=4345"}],"curies":[{"name":"wp","href":"https:\/\/api.w.org\/{rel}","templated":true}]}}