{"id":450,"date":"2020-04-18T22:50:14","date_gmt":"2020-04-18T22:50:14","guid":{"rendered":"https:\/\/distribucionarc.com\/?post_type=product&#038;p=450"},"modified":"2020-11-17T07:04:34","modified_gmt":"2020-11-17T07:04:34","slug":"maszyna-pakujaca-maszyna-dozujaca-wypelniacz-workow-do-soczewicy-w-proszku-rosliny-straczkowe%f0%9f%a5%9c","status":"publish","type":"product","link":"https:\/\/distribucionarc.com\/pl\/producto\/empacadora-empaquetadora-llenadora-de-bolsas-dosificadora-para-polvo-lentejas-legumbres%f0%9f%a5%9c\/","title":{"rendered":"Prasa do bel, maszyna pakuj\u0105ca, nape\u0142niacz work\u00f3w, dozownik proszku, soczewicy, ro\u015blin str\u0105czkowych?"},"content":{"rendered":"<h3 class=\"LC20lb DKV0Md\">Maszyna pakuj\u0105ca, prasa, maszyna pakuj\u0105ca, nape\u0142niacz work\u00f3w, dozownik proszku, soczewicy i ro\u015blin str\u0105czkowych?<\/h3>\n<p>&nbsp;<\/p>\n<p>Maszyna pakuj\u0105ca 2g\u2796200g<\/p>\n<p>Dzi\u0119ki naszej maszynie pakuj\u0105cej mo\u017cesz mie\u0107 skuteczne i wysokiej jako\u015bci rozwi\u0105zanie do 5000 torebek dziennie. Ta maszyna jest idealna, ma najwi\u0119kszy rozmiar, w kt\u00f3rym mo\u017cna zrezygnowa\u0107 z obranych orzeszk\u00f3w ziemnych. Daje nam to szereg mo\u017cliwo\u015bci dozowania dowolnego rodzaju ro\u015blin str\u0105czkowych i innych rodzaj produktu.<\/p>\n<p>System pakowania jest prosty, jest to system wibracyjny, stawia produkt na g\u00f3rze, mo\u017cesz zaprogramowa\u0107 maszyn\u0119 na trzech poziomach mi\u0119kki\/\u015bredni\/szybki, niekt\u00f3re produkty dzia\u0142aj\u0105 lepiej z poziomem lub innym, musisz wybra\u0107 ten, kt\u00f3ry pasuje Tw\u00f3j produkt. Lej samowy\u0142adowczy zacznie wibrowa\u0107, dzi\u0119ki czemu produkt spadnie do drugiego leja, kt\u00f3ry zwa\u017cy produkt po osi\u0105gni\u0119ciu ustalonego poziomu nape\u0142nienia. Zatrzyma si\u0119, a gdy worek si\u0119 zbli\u017cy, czujnik wykryje go i otworzy drzwi automatycznie lub r\u0119cznie peda\u0142.<\/p>\n<ul>\n<li>P\u00f3\u0142automatyczna maszyna zaprojektowana przez doskona\u0142ych in\u017cynier\u00f3w, kt\u00f3rzy dok\u0142adnie badaj\u0105 zastosowanie sterowania mikrokomputerowego za pomoc\u0105 technologii optycznej, wysokiej precyzji, szybko\u015bci i dobrej jako\u015bci, aby rozwi\u0105za\u0107 \u017cmudny tradycyjny proces pakowania.<\/li>\n<li>Komponenty nadaj\u0105 si\u0119 do: \u017cywno\u015bci, nasion, owoc\u00f3w, chemikali\u00f3w w postaci zb\u00f3\u017c i farmaceutyk\u00f3w, nielepkich mikro i ma\u0142ych materia\u0142\u00f3w sta\u0142ych.<\/li>\n<li>Zalecane materia\u0142y: M\u0105ka, mleko w proszku, proszki chemiczne, proszki jadalne, kawa w proszku, nasiona, fasola, ry\u017c, granulki, zio\u0142a, ziarna, s\u00f3l, cukier, przyprawy, zwi\u0105zki chemiczne, komponenty elektroniczne, komponenty sprz\u0119towe itp.<\/li>\n<\/ul>\n<p>Wyko\u0144czenia ze stali nierdzewnej 304<\/p>\n<p>Nasza maszyna pakuj\u0105ca jest zaprojektowana modu\u0142owo, w przypadku jakiejkolwiek awarii konieczna b\u0119dzie jedynie wymiana modu\u0142u. Na nasze maszyny udzielamy 2-letniej gwarancji, kt\u00f3ra przed sprzeda\u017c\u0105 przechodzi rygorystyczn\u0105 kontrol\u0119 jako\u015bci.<\/p>\n<ul>\n<li>Mikrokomputer z samokontrol\u0105 zu\u017cycia energii, dzi\u0119ki czemu dozowanie jest znacznie bardziej precyzyjne i dok\u0142adne.<\/li>\n<li>Proces dozowania jest szybki i w pe\u0142ni zautomatyzowany.<\/li>\n<li>Wszystkie cz\u0119\u015bci kontaktowe wykonane s\u0105 ze stali nierdzewnej, dzi\u0119ki czemu \u017caden materia\u0142 nie jest zanieczyszczony.<\/li>\n<li>Konstrukcja z podw\u00f3jnym amortyzatorem, dzi\u0119ki kt\u00f3rej maszyna dzia\u0142a p\u0142ynnie i ma niski poziom ha\u0142asu.<\/li>\n<li>Jest niewielki i lekki.<\/li>\n<li>Zu\u017cywa minimaln\u0105 ilo\u015b\u0107 energii.<\/li>\n<li>Podawanie uko\u015bne, kt\u00f3re nie \u015bciska ani nie uszkadza materia\u0142\u00f3w.<\/li>\n<li>Pokazuje wag\u0119 i ilo\u015b\u0107 paczek.<\/li>\n<li>Regulowana pr\u0119dko\u015b\u0107 nape\u0142niania.<\/li>\n<li>Mo\u017cesz ustawi\u0107 alarm nadmiernej wagi.<\/li>\n<li>Pojemno\u015b\u0107: 2\u2796 200g na pobranie.<\/li>\n<li>\u015arednia pr\u0119dko\u015b\u0107: do 15 pobra\u0144 na minut\u0119.<\/li>\n<li>Wymiary zbiornika: \u015brednica 20 cm x wysoko\u015b\u0107 16 cm.<\/li>\n<li>Napi\u0119cie wej\u015bciowe: 220 V\/110 V<\/li>\n<\/ul>\n<p>Gwarancja jako\u015bci: 2 lata<\/p>\n<p>Certyfikat CE<\/p>\n<p>Tutaj zostawiamy film z pracy maszyny<\/p>\n<p><iframe loading=\"lazy\" src=\"https:\/\/www.youtube.com\/embed\/hWMSdtFaN28\" width=\"560\" height=\"315\" frameborder=\"0\" allowfullscreen=\"allowfullscreen\"><\/iframe><\/p>","protected":false},"excerpt":{"rendered":"<p>Maszyna pakuj\u0105ca 2g\u2796200g<\/p>\n<p>Jako\u015b\u0107 z 2\ufe0f\u20e3 letni\u0105 gwarancj\u0105<\/p>\n<p>Wsparcie techniczne w przypadku awarii<\/p>\n<p>Dzi\u0119ki naszej maszynie pakuj\u0105cej mo\u017cesz mie\u0107 skuteczne i wysokiej jako\u015bci rozwi\u0105zanie do 5000 torebek dziennie. Ta maszyna jest idealna. Najwi\u0119kszy rozmiar, jaki mo\u017ce dozowa\u0107, to obrane orzeszki ziemne. Daje nam to szereg mo\u017cliwo\u015bci dozowania dowolnego rodzaju ro\u015blin str\u0105czkowych i innych rodzaj produktu.<\/p>","protected":false},"featured_media":458,"comment_status":"open","ping_status":"closed","template":"","meta":{"wds_primary_product_brand":0,"wds_primary_product_cat":0},"product_brand":[],"product_cat":[22,21],"product_tag":[],"class_list":{"0":"post-450","1":"product","2":"type-product","3":"status-publish","4":"has-post-thumbnail","6":"product_cat-llenadora-de-bolsas-granos-y-polvo","7":"product_cat-maquinas-llenadoras","9":"first","10":"instock","11":"sale","12":"taxable","13":"shipping-taxable","14":"purchasable","15":"product-type-simple"},"yoast_head":"<!-- This site is optimized with the Yoast SEO Premium plugin v24.9 (Yoast SEO v26.1) - https:\/\/yoast.com\/wordpress\/plugins\/seo\/ -->\n<title>Empacadora, Empaquetadora, Llenadora de Bolsas, Dosificadora para Polvo, Lentejas, Legumbres? - distribuci\u00f3n ARC<\/title>\n<meta name=\"robots\" content=\"index, follow, max-snippet:-1, max-image-preview:large, max-video-preview:-1\" \/>\n<link rel=\"canonical\" href=\"https:\/\/www.distribucionarc.com\/en\/producto\/empacadora-empaquetadora-llenadora-de-bolsas-dosificadora-para-polvo-lentejas-legumbres\ud83e\udd5c\/\" \/>\n<meta property=\"og:locale\" content=\"pl_PL\" \/>\n<meta property=\"og:type\" content=\"article\" \/>\n<meta property=\"og:title\" content=\"Empacadora, Empaquetadora, Llenadora de Bolsas, Dosificadora para Polvo, Lentejas, Legumbres?\" \/>\n<meta property=\"og:description\" content=\"Empaquetadora 2g\u2796200g  Calidad con 2\ufe0f\u20e3 a\u00f1os de garant\u00eda  Soporte t\u00e9cnico en caso de aver\u00eda  Con nuestra m\u00e1quina empaquetadora podr\u00e1 tener un soluci\u00f3n eficaz y de calidad hasta\u00a0 5000 bolsas diarias Esta m\u00e1quina es perfecta el tama\u00f1o mas grande que puede dosificar son cacahuetes pelados\u00a0 esto nos da un abanico de posibilidades para dosificar cualquier tipo de legumbre u otro tipo de productos.\" \/>\n<meta property=\"og:url\" content=\"https:\/\/www.distribucionarc.com\/en\/producto\/empacadora-empaquetadora-llenadora-de-bolsas-dosificadora-para-polvo-lentejas-legumbres\ud83e\udd5c\/\" \/>\n<meta property=\"og:site_name\" content=\"distribuci\u00f3n ARC\" \/>\n<meta property=\"article:modified_time\" content=\"2020-11-17T07:04:34+00:00\" \/>\n<meta property=\"og:image\" content=\"https:\/\/www.distribucionarc.com\/wp-content\/uploads\/2020\/04\/empaquetadora_llenadora_de_bolsas_dosificadora_para_polvo_0.jpg\" \/>\n\t<meta property=\"og:image:width\" content=\"1600\" \/>\n\t<meta property=\"og:image:height\" content=\"1600\" \/>\n\t<meta property=\"og:image:type\" content=\"image\/jpeg\" \/>\n<meta name=\"twitter:card\" content=\"summary_large_image\" \/>\n<meta name=\"twitter:label1\" content=\"Szacowany czas czytania\" \/>\n\t<meta name=\"twitter:data1\" content=\"2 minuty\" \/>\n<script type=\"application\/ld+json\" class=\"yoast-schema-graph\">{\"@context\":\"https:\/\/schema.org\",\"@graph\":[{\"@type\":\"WebPage\",\"@id\":\"https:\/\/www.distribucionarc.com\/en\/producto\/empacadora-empaquetadora-llenadora-de-bolsas-dosificadora-para-polvo-lentejas-legumbres%f0%9f%a5%9c\/\",\"url\":\"https:\/\/www.distribucionarc.com\/en\/producto\/empacadora-empaquetadora-llenadora-de-bolsas-dosificadora-para-polvo-lentejas-legumbres%f0%9f%a5%9c\/\",\"name\":\"Empacadora, Empaquetadora, Llenadora de Bolsas, Dosificadora para Polvo, Lentejas, Legumbres? - distribuci\u00f3n ARC\",\"isPartOf\":{\"@id\":\"https:\/\/www.distribucionarc.com\/sl\/#website\"},\"primaryImageOfPage\":{\"@id\":\"https:\/\/www.distribucionarc.com\/en\/producto\/empacadora-empaquetadora-llenadora-de-bolsas-dosificadora-para-polvo-lentejas-legumbres%f0%9f%a5%9c\/#primaryimage\"},\"image\":{\"@id\":\"https:\/\/www.distribucionarc.com\/en\/producto\/empacadora-empaquetadora-llenadora-de-bolsas-dosificadora-para-polvo-lentejas-legumbres%f0%9f%a5%9c\/#primaryimage\"},\"thumbnailUrl\":\"https:\/\/distribucionarc.com\/wp-content\/uploads\/2020\/04\/empaquetadora_llenadora_de_bolsas_dosificadora_para_polvo_0.jpg\",\"datePublished\":\"2020-04-18T22:50:14+00:00\",\"dateModified\":\"2020-11-17T07:04:34+00:00\",\"breadcrumb\":{\"@id\":\"https:\/\/www.distribucionarc.com\/en\/producto\/empacadora-empaquetadora-llenadora-de-bolsas-dosificadora-para-polvo-lentejas-legumbres%f0%9f%a5%9c\/#breadcrumb\"},\"inLanguage\":\"pl-PL\",\"potentialAction\":[{\"@type\":\"ReadAction\",\"target\":[\"https:\/\/www.distribucionarc.com\/en\/producto\/empacadora-empaquetadora-llenadora-de-bolsas-dosificadora-para-polvo-lentejas-legumbres%f0%9f%a5%9c\/\"]}]},{\"@type\":\"ImageObject\",\"inLanguage\":\"pl-PL\",\"@id\":\"https:\/\/www.distribucionarc.com\/en\/producto\/empacadora-empaquetadora-llenadora-de-bolsas-dosificadora-para-polvo-lentejas-legumbres%f0%9f%a5%9c\/#primaryimage\",\"url\":\"https:\/\/distribucionarc.com\/wp-content\/uploads\/2020\/04\/empaquetadora_llenadora_de_bolsas_dosificadora_para_polvo_0.jpg\",\"contentUrl\":\"https:\/\/distribucionarc.com\/wp-content\/uploads\/2020\/04\/empaquetadora_llenadora_de_bolsas_dosificadora_para_polvo_0.jpg\",\"width\":1600,\"height\":1600},{\"@type\":\"BreadcrumbList\",\"@id\":\"https:\/\/www.distribucionarc.com\/en\/producto\/empacadora-empaquetadora-llenadora-de-bolsas-dosificadora-para-polvo-lentejas-legumbres%f0%9f%a5%9c\/#breadcrumb\",\"itemListElement\":[{\"@type\":\"ListItem\",\"position\":1,\"name\":\"Portada\",\"item\":\"https:\/\/www.distribucionarc.com\/\"},{\"@type\":\"ListItem\",\"position\":2,\"name\":\"\u00dcr\u00fcnler\",\"item\":\"https:\/\/www.distribucionarc.com\/tr\/magaza\/\"},{\"@type\":\"ListItem\",\"position\":3,\"name\":\"Empacadora, Empaquetadora, Llenadora de Bolsas, Dosificadora para Polvo, Lentejas, Legumbres?\"}]},{\"@type\":\"WebSite\",\"@id\":\"https:\/\/www.distribucionarc.com\/sl\/#website\",\"url\":\"https:\/\/www.distribucionarc.com\/sl\/\",\"name\":\"distribuci\u00f3n ARC\",\"description\":\"Empresa especializada en la fabricaci\u00f3n y distribuci\u00f3n de maquinaria industrial, selladoras de latas, Maquinas de hacer pastillas, Maquinas de cortar carne...\",\"publisher\":{\"@id\":\"https:\/\/www.distribucionarc.com\/sl\/#organization\"},\"potentialAction\":[{\"@type\":\"SearchAction\",\"target\":{\"@type\":\"EntryPoint\",\"urlTemplate\":\"https:\/\/www.distribucionarc.com\/sl\/?s={search_term_string}\"},\"query-input\":{\"@type\":\"PropertyValueSpecification\",\"valueRequired\":true,\"valueName\":\"search_term_string\"}}],\"inLanguage\":\"pl-PL\"},{\"@type\":\"Organization\",\"@id\":\"https:\/\/www.distribucionarc.com\/sl\/#organization\",\"name\":\"Distribuci\u00f3n ARC\",\"url\":\"https:\/\/www.distribucionarc.com\/sl\/\",\"logo\":{\"@type\":\"ImageObject\",\"inLanguage\":\"pl-PL\",\"@id\":\"https:\/\/www.distribucionarc.com\/sl\/#\/schema\/logo\/image\/\",\"url\":\"https:\/\/distribucionarc.com\/wp-content\/uploads\/2024\/10\/distribucion-ARC-COLOR-SIN-FONDO-e1732295305345.png\",\"contentUrl\":\"https:\/\/distribucionarc.com\/wp-content\/uploads\/2024\/10\/distribucion-ARC-COLOR-SIN-FONDO-e1732295305345.png\",\"width\":1164,\"height\":558,\"caption\":\"Distribuci\u00f3n ARC\"},\"image\":{\"@id\":\"https:\/\/www.distribucionarc.com\/sl\/#\/schema\/logo\/image\/\"},\"description\":\"Empresa especializada en la fabricaci\u00f3n y distribuci\u00f3n de maquinaria industrial para los sectores alimentario y farmac\u00e9utico. Nos especializamos en: M\u00e1quinas de cortar carne Fabricaci\u00f3n de comprimidos Sistemas de transporte industrial L\u00edneas de embotellado Dosificadores Y mucho m\u00e1s... Ofrecemos soluciones innovadoras y personalizadas para optimizar los procesos productivos de tu empresa.\",\"email\":\"Admistracion@distribucionarc.com\",\"telephone\":\"+34 643496664\",\"legalName\":\"ARC TECH SOLUTIONS\",\"foundingDate\":\"2024-04-09\",\"vatID\":\"B55480172\",\"numberOfEmployees\":{\"@type\":\"QuantitativeValue\",\"minValue\":\"1\",\"maxValue\":\"10\"}}]}<\/script>\n<!-- \/ Yoast SEO Premium plugin. -->","yoast_head_json":{"title":"Prasa do bel, maszyna pakuj\u0105ca, nape\u0142niacz work\u00f3w, dozownik proszku, soczewicy, ro\u015blin str\u0105czkowych? - Dystrybucja ARC","robots":{"index":"index","follow":"follow","max-snippet":"max-snippet:-1","max-image-preview":"max-image-preview:large","max-video-preview":"max-video-preview:-1"},"canonical":"https:\/\/www.distribucionarc.com\/en\/producto\/empacadora-empaquetadora-llenadora-de-bolsas-dosificadora-para-polvo-lentejas-legumbres\ud83e\udd5c\/","og_locale":"pl_PL","og_type":"article","og_title":"Empacadora, Empaquetadora, Llenadora de Bolsas, Dosificadora para Polvo, Lentejas, Legumbres?","og_description":"Empaquetadora 2g\u2796200g  Calidad con 2\ufe0f\u20e3 a\u00f1os de garant\u00eda  Soporte t\u00e9cnico en caso de aver\u00eda  Con nuestra m\u00e1quina empaquetadora podr\u00e1 tener un soluci\u00f3n eficaz y de calidad hasta\u00a0 5000 bolsas diarias Esta m\u00e1quina es perfecta el tama\u00f1o mas grande que puede dosificar son cacahuetes pelados\u00a0 esto nos da un abanico de posibilidades para dosificar cualquier tipo de legumbre u otro tipo de productos.","og_url":"https:\/\/www.distribucionarc.com\/en\/producto\/empacadora-empaquetadora-llenadora-de-bolsas-dosificadora-para-polvo-lentejas-legumbres\ud83e\udd5c\/","og_site_name":"distribuci\u00f3n ARC","article_modified_time":"2020-11-17T07:04:34+00:00","og_image":[{"width":1600,"height":1600,"url":"https:\/\/www.distribucionarc.com\/wp-content\/uploads\/2020\/04\/empaquetadora_llenadora_de_bolsas_dosificadora_para_polvo_0.jpg","type":"image\/jpeg"}],"twitter_card":"summary_large_image","twitter_misc":{"Szacowany czas czytania":"2 minuty"},"schema":{"@context":"https:\/\/schema.org","@graph":[{"@type":"WebPage","@id":"https:\/\/www.distribucionarc.com\/en\/producto\/empacadora-empaquetadora-llenadora-de-bolsas-dosificadora-para-polvo-lentejas-legumbres%f0%9f%a5%9c\/","url":"https:\/\/www.distribucionarc.com\/en\/producto\/empacadora-empaquetadora-llenadora-de-bolsas-dosificadora-para-polvo-lentejas-legumbres%f0%9f%a5%9c\/","name":"Prasa do bel, maszyna pakuj\u0105ca, nape\u0142niacz work\u00f3w, dozownik proszku, soczewicy, ro\u015blin str\u0105czkowych? - Dystrybucja ARC","isPartOf":{"@id":"https:\/\/www.distribucionarc.com\/sl\/#website"},"primaryImageOfPage":{"@id":"https:\/\/www.distribucionarc.com\/en\/producto\/empacadora-empaquetadora-llenadora-de-bolsas-dosificadora-para-polvo-lentejas-legumbres%f0%9f%a5%9c\/#primaryimage"},"image":{"@id":"https:\/\/www.distribucionarc.com\/en\/producto\/empacadora-empaquetadora-llenadora-de-bolsas-dosificadora-para-polvo-lentejas-legumbres%f0%9f%a5%9c\/#primaryimage"},"thumbnailUrl":"https:\/\/distribucionarc.com\/wp-content\/uploads\/2020\/04\/empaquetadora_llenadora_de_bolsas_dosificadora_para_polvo_0.jpg","datePublished":"2020-04-18T22:50:14+00:00","dateModified":"2020-11-17T07:04:34+00:00","breadcrumb":{"@id":"https:\/\/www.distribucionarc.com\/en\/producto\/empacadora-empaquetadora-llenadora-de-bolsas-dosificadora-para-polvo-lentejas-legumbres%f0%9f%a5%9c\/#breadcrumb"},"inLanguage":"pl-PL","potentialAction":[{"@type":"ReadAction","target":["https:\/\/www.distribucionarc.com\/en\/producto\/empacadora-empaquetadora-llenadora-de-bolsas-dosificadora-para-polvo-lentejas-legumbres%f0%9f%a5%9c\/"]}]},{"@type":"ImageObject","inLanguage":"pl-PL","@id":"https:\/\/www.distribucionarc.com\/en\/producto\/empacadora-empaquetadora-llenadora-de-bolsas-dosificadora-para-polvo-lentejas-legumbres%f0%9f%a5%9c\/#primaryimage","url":"https:\/\/distribucionarc.com\/wp-content\/uploads\/2020\/04\/empaquetadora_llenadora_de_bolsas_dosificadora_para_polvo_0.jpg","contentUrl":"https:\/\/distribucionarc.com\/wp-content\/uploads\/2020\/04\/empaquetadora_llenadora_de_bolsas_dosificadora_para_polvo_0.jpg","width":1600,"height":1600},{"@type":"BreadcrumbList","@id":"https:\/\/www.distribucionarc.com\/en\/producto\/empacadora-empaquetadora-llenadora-de-bolsas-dosificadora-para-polvo-lentejas-legumbres%f0%9f%a5%9c\/#breadcrumb","itemListElement":[{"@type":"ListItem","position":1,"name":"Portada","item":"https:\/\/www.distribucionarc.com\/"},{"@type":"ListItem","position":2,"name":"\u00dcr\u00fcnler","item":"https:\/\/www.distribucionarc.com\/tr\/magaza\/"},{"@type":"ListItem","position":3,"name":"Empacadora, Empaquetadora, Llenadora de Bolsas, Dosificadora para Polvo, Lentejas, Legumbres?"}]},{"@type":"WebSite","@id":"https:\/\/www.distribucionarc.com\/sl\/#website","url":"https:\/\/www.distribucionarc.com\/sl\/","name":"Dystrybucja ARC","description":"Firma specjalizuj\u0105ca si\u0119 w produkcji i dystrybucji maszyn przemys\u0142owych, zgrzewarek do puszek, maszyn do produkcji tabletek, maszyn do ci\u0119cia mi\u0119sa...","publisher":{"@id":"https:\/\/www.distribucionarc.com\/sl\/#organization"},"potentialAction":[{"@type":"SearchAction","target":{"@type":"EntryPoint","urlTemplate":"https:\/\/www.distribucionarc.com\/sl\/?s={search_term_string}"},"query-input":{"@type":"PropertyValueSpecification","valueRequired":true,"valueName":"search_term_string"}}],"inLanguage":"pl-PL"},{"@type":"Organization","@id":"https:\/\/www.distribucionarc.com\/sl\/#organization","name":"Dystrybucja ARC","url":"https:\/\/www.distribucionarc.com\/sl\/","logo":{"@type":"ImageObject","inLanguage":"pl-PL","@id":"https:\/\/www.distribucionarc.com\/sl\/#\/schema\/logo\/image\/","url":"https:\/\/distribucionarc.com\/wp-content\/uploads\/2024\/10\/distribucion-ARC-COLOR-SIN-FONDO-e1732295305345.png","contentUrl":"https:\/\/distribucionarc.com\/wp-content\/uploads\/2024\/10\/distribucion-ARC-COLOR-SIN-FONDO-e1732295305345.png","width":1164,"height":558,"caption":"Distribuci\u00f3n ARC"},"image":{"@id":"https:\/\/www.distribucionarc.com\/sl\/#\/schema\/logo\/image\/"},"description":"Firma specjalizuj\u0105ca si\u0119 w produkcji i dystrybucji maszyn przemys\u0142owych dla sektora spo\u017cywczego i farmaceutycznego. Specjalizujemy si\u0119 w: Maszyny do krojenia mi\u0119sa Produkcja tabletek Przemys\u0142owe systemy transportowe Linie butelkuj\u0105ce Dozowniki I wiele wi\u0119cej.... Oferujemy innowacyjne i niestandardowe rozwi\u0105zania w celu optymalizacji proces\u00f3w produkcyjnych w Twojej firmie.","email":"Admistracion@distribucionarc.com","telephone":"+34 643496664","legalName":"ARC TECH SOLUTIONS","foundingDate":"2024-04-09","vatID":"B55480172","numberOfEmployees":{"@type":"QuantitativeValue","minValue":"1","maxValue":"10"}}]}},"_links":{"self":[{"href":"https:\/\/distribucionarc.com\/pl\/wp-json\/wp\/v2\/product\/450","targetHints":{"allow":["GET"]}}],"collection":[{"href":"https:\/\/distribucionarc.com\/pl\/wp-json\/wp\/v2\/product"}],"about":[{"href":"https:\/\/distribucionarc.com\/pl\/wp-json\/wp\/v2\/types\/product"}],"replies":[{"embeddable":true,"href":"https:\/\/distribucionarc.com\/pl\/wp-json\/wp\/v2\/comments?post=450"}],"version-history":[{"count":0,"href":"https:\/\/distribucionarc.com\/pl\/wp-json\/wp\/v2\/product\/450\/revisions"}],"wp:featuredmedia":[{"embeddable":true,"href":"https:\/\/distribucionarc.com\/pl\/wp-json\/wp\/v2\/media\/458"}],"wp:attachment":[{"href":"https:\/\/distribucionarc.com\/pl\/wp-json\/wp\/v2\/media?parent=450"}],"wp:term":[{"taxonomy":"product_brand","embeddable":true,"href":"https:\/\/distribucionarc.com\/pl\/wp-json\/wp\/v2\/product_brand?post=450"},{"taxonomy":"product_cat","embeddable":true,"href":"https:\/\/distribucionarc.com\/pl\/wp-json\/wp\/v2\/product_cat?post=450"},{"taxonomy":"product_tag","embeddable":true,"href":"https:\/\/distribucionarc.com\/pl\/wp-json\/wp\/v2\/product_tag?post=450"}],"curies":[{"name":"wp","href":"https:\/\/api.w.org\/{rel}","templated":true}]}}