{"id":472,"date":"2020-04-19T14:01:14","date_gmt":"2020-04-19T14:01:14","guid":{"rendered":"https:\/\/distribucionarc.com\/?post_type=product&#038;p=472"},"modified":"2023-03-31T07:43:15","modified_gmt":"2023-03-31T07:43:15","slug":"elektryczna-maszyna-do-etykietowania-butelek-5%ef%b8%8f%e2%83%a30%ef%b8%8f%e2%83%a3-etykiet-na-minute-%f0%9f%a7%b4","status":"publish","type":"product","link":"https:\/\/distribucionarc.com\/pl\/producto\/maquina-etiquetadora-de-botellas-electrica-5%ef%b8%8f%e2%83%a30%ef%b8%8f%e2%83%a3-etiquetas-por-minuto-%f0%9f%a7%b4\/","title":{"rendered":"Elektryczna maszyna do etykietowania butelek 5\ufe0f\u20e30\ufe0f\u20e3 Etykiet na minut\u0119?"},"content":{"rendered":"<h2>Elektryczna maszyna do etykietowania butelek 5\ufe0f\u20e30\ufe0f\u20e3 Etykiet na minut\u0119?<strong>\u00a0<\/strong><\/h2>\n<p>&nbsp;<\/p>\n<p>P\u00f3\u0142automatyczna maszyna odpowiednia do r\u00f3\u017cnych rozmiar\u00f3w etykiet samoprzylepnych, a tak\u017ce do wszystkich typ\u00f3w butelek okr\u0105g\u0142ych. Posiada r\u00f3wnie\u017c wysok\u0105 precyzj\u0119 i du\u017c\u0105 pr\u0119dko\u015b\u0107 do automatycznego dozowania i etykietowania. Mo\u017cna go stosowa\u0107 na butelkach PET, butelkach plastikowych, butelkach szklanych, butelkach metalowych itp.<\/p>\n<ul class=\"_1V4Ij\" data-hook=\"collapse-info-section\">\n<li class=\"_2knBS undefined\" data-hook=\"collapse-info-item\">\n<div class=\"rah-static rah-static--height-auto\" aria-hidden=\"false\">\n<div>\n<div class=\"_1yvxJ cell\">\n<div class=\"WncCi\" data-hook=\"info-section-description\">\n<ul>\n<li>Wygodne do etykietowania okr\u0105g\u0142ych butelek o r\u00f3\u017cnych rozmiarach.<\/li>\n<li>Mo\u017cliwo\u015b\u0107 dostosowania etykietowania do potrzeb obrabianego przedmiotu.<\/li>\n<li>Wydajno\u015b\u0107 etykietowania jest bardzo wysoka.<\/li>\n<li>Wystarczy r\u0119cznie ustawi\u0107 butelk\u0119 w \u017c\u0105danym po\u0142o\u017ceniu i nacisn\u0105\u0107.<\/li>\n<li>Doskona\u0142e oznakowanie, bez fa\u0142d, zmarszczek i p\u0119cherzy, podnosz\u0105ce konkurencyjno\u015b\u0107 produktu.<\/li>\n<li>Czujniki i komponenty elektroniczne s\u0105 sterowane przez sterownik PLC, dzi\u0119ki czemu dzia\u0142anie jest bardziej stabilne.<\/li>\n<li>Konserwacja i naprawy s\u0105 tanie.<\/li>\n<li>Jest bardzo \u0142atwy w u\u017cyciu.<\/li>\n<\/ul>\n<\/div>\n<\/div>\n<\/div>\n<\/div>\n<\/li>\n<li class=\"_2knBS\" data-hook=\"collapse-info-item\">\n<h3 class=\"s8gg2 _2UIKs\" data-hook=\"info-section-title\">Okular:<\/h3>\n<\/li>\n<li>Napi\u0119cie: 220 V<\/li>\n<li>Moc silnika: 120W<\/li>\n<li>\u015arednice butelek od: 15 do 120mm.<\/li>\n<li>Maksymalna \u015brednica zewn\u0119trzna cewki: 275mm.<\/li>\n<li>\u015arednica wewn\u0119trzna rolki: 75mm.<\/li>\n<li>Minimalny rozmiar etykiety: 26 mm (szeroko\u015b\u0107) x 25 mm (d\u0142ugo\u015b\u0107)<\/li>\n<li>Maksymalny rozmiar etykiety: 150 mm (szeroko\u015b\u0107) x 180 mm (d\u0142ugo\u015b\u0107)<\/li>\n<li>Szybko\u015b\u0107 etykietowania: 20 do 40 butelek\/min.<\/li>\n<li>Dok\u0142adno\u015b\u0107: +\/- 0,5 mm.<\/li>\n<\/ul>\n<h3>W tym filmie mo\u017cna zobaczy\u0107 monta\u017c maszyny do etykietowania butelek. Czy mo\u017cemy zobaczy\u0107 go tak\u017ce w dzia\u0142aniu?<\/h3>\n<p><iframe loading=\"lazy\" src=\"https:\/\/www.youtube.com\/embed\/_gJQm-YM1Cc\" width=\"560\" height=\"315\" frameborder=\"0\" allowfullscreen=\"allowfullscreen\"><\/iframe><\/p>","protected":false},"excerpt":{"rendered":"<p>maszyna do etykietowania butelek<\/p>\n<p>Za pomoc\u0105 tej maszyny mo\u017cemy etykietowa\u0107 r\u00f3\u017cne rodzaje butelek, mog\u0105 to by\u0107 butelki aluminiowe, szklane lub plastikowe.<\/p>\n<p>Rozmiar butelki (d\u0142ugo\u015b\u0107) maksymalnie 15 mm\u2796120 mm<\/p>\n<p>Wszystkie nasze maszyny obj\u0119te s\u0105 2\ufe0f\u20e3 letni\u0105 gwarancj\u0105.<\/p>\n<p>Wsparcie techniczne w przypadku awarii.<\/p>","protected":false},"featured_media":483,"comment_status":"open","ping_status":"closed","template":"","meta":{"wds_primary_product_brand":0,"wds_primary_product_cat":0},"product_brand":[],"product_cat":[44],"product_tag":[],"class_list":{"0":"post-472","1":"product","2":"type-product","3":"status-publish","4":"has-post-thumbnail","6":"product_cat-etiquetadoras-de-botellas","8":"first","9":"instock","10":"taxable","11":"shipping-taxable","12":"purchasable","13":"product-type-simple"},"yoast_head":"<!-- This site is optimized with the Yoast SEO Premium plugin v24.9 (Yoast SEO v26.1) - https:\/\/yoast.com\/wordpress\/plugins\/seo\/ -->\n<title>M\u00e1quina Etiquetadora de Botellas El\u00e9ctrica 5\ufe0f\u20e30\ufe0f\u20e3 Etiquetas por Minuto ? - distribuci\u00f3n ARC<\/title>\n<meta name=\"robots\" content=\"index, follow, max-snippet:-1, max-image-preview:large, max-video-preview:-1\" \/>\n<link rel=\"canonical\" href=\"https:\/\/distribucionarc.com\/pl\/produkty\/elektryczna-maszyna-do-etykietowania-butelek-5\ufe0f\u20e30\ufe0f\u20e3-etykiet-na-minute-\ud83e\uddf4\/\" \/>\n<meta property=\"og:locale\" content=\"pl_PL\" \/>\n<meta property=\"og:type\" content=\"article\" \/>\n<meta property=\"og:title\" content=\"M\u00e1quina Etiquetadora de Botellas El\u00e9ctrica 5\ufe0f\u20e30\ufe0f\u20e3 Etiquetas por Minuto ?\" \/>\n<meta property=\"og:description\" content=\"M\u00e1quina etiquetadora de botellas  Con \u00e9sta m\u00e1quina podemos etiquetar diferentes tipos de botellas pueden ser de aluminio,cristal o pl\u00e1stico.  Tama\u00f1o de la botella (largo) maximo 15mm\u2796120mm  Toda nuestra maquinaria tiene garant\u00eda de 2\ufe0f\u20e3 a\u00f1os.  Soporte t\u00e9cnico en caso de aver\u00eda.\" \/>\n<meta property=\"og:url\" content=\"https:\/\/distribucionarc.com\/pl\/produkty\/elektryczna-maszyna-do-etykietowania-butelek-5\ufe0f\u20e30\ufe0f\u20e3-etykiet-na-minute-\ud83e\uddf4\/\" \/>\n<meta property=\"og:site_name\" content=\"distribuci\u00f3n ARC\" \/>\n<meta property=\"article:modified_time\" content=\"2023-03-31T07:43:15+00:00\" \/>\n<meta property=\"og:image\" content=\"https:\/\/distribucionarc.com\/wp-content\/uploads\/2020\/04\/etiquetadora_de_botellas_plastico_cristal_aluminio_0.jpg\" \/>\n\t<meta property=\"og:image:width\" content=\"1001\" \/>\n\t<meta property=\"og:image:height\" content=\"1001\" \/>\n\t<meta property=\"og:image:type\" content=\"image\/jpeg\" \/>\n<meta name=\"twitter:card\" content=\"summary_large_image\" \/>\n<meta name=\"twitter:label1\" content=\"Szacowany czas czytania\" \/>\n\t<meta name=\"twitter:data1\" content=\"1 minuta\" \/>\n<script type=\"application\/ld+json\" class=\"yoast-schema-graph\">{\"@context\":\"https:\/\/schema.org\",\"@graph\":[{\"@type\":\"WebPage\",\"@id\":\"https:\/\/distribucionarc.com\/producto\/maquina-etiquetadora-de-botellas-electrica-5%ef%b8%8f%e2%83%a30%ef%b8%8f%e2%83%a3-etiquetas-por-minuto-%f0%9f%a7%b4\/\",\"url\":\"https:\/\/distribucionarc.com\/producto\/maquina-etiquetadora-de-botellas-electrica-5%ef%b8%8f%e2%83%a30%ef%b8%8f%e2%83%a3-etiquetas-por-minuto-%f0%9f%a7%b4\/\",\"name\":\"M\u00e1quina Etiquetadora de Botellas El\u00e9ctrica 5\ufe0f\u20e30\ufe0f\u20e3 Etiquetas por Minuto ? - distribuci\u00f3n ARC\",\"isPartOf\":{\"@id\":\"https:\/\/www.distribucionarc.com\/sl\/#website\"},\"primaryImageOfPage\":{\"@id\":\"https:\/\/distribucionarc.com\/producto\/maquina-etiquetadora-de-botellas-electrica-5%ef%b8%8f%e2%83%a30%ef%b8%8f%e2%83%a3-etiquetas-por-minuto-%f0%9f%a7%b4\/#primaryimage\"},\"image\":{\"@id\":\"https:\/\/distribucionarc.com\/producto\/maquina-etiquetadora-de-botellas-electrica-5%ef%b8%8f%e2%83%a30%ef%b8%8f%e2%83%a3-etiquetas-por-minuto-%f0%9f%a7%b4\/#primaryimage\"},\"thumbnailUrl\":\"https:\/\/distribucionarc.com\/wp-content\/uploads\/2020\/04\/etiquetadora_de_botellas_plastico_cristal_aluminio_0.jpg\",\"datePublished\":\"2020-04-19T14:01:14+00:00\",\"dateModified\":\"2023-03-31T07:43:15+00:00\",\"breadcrumb\":{\"@id\":\"https:\/\/distribucionarc.com\/producto\/maquina-etiquetadora-de-botellas-electrica-5%ef%b8%8f%e2%83%a30%ef%b8%8f%e2%83%a3-etiquetas-por-minuto-%f0%9f%a7%b4\/#breadcrumb\"},\"inLanguage\":\"pl-PL\",\"potentialAction\":[{\"@type\":\"ReadAction\",\"target\":[\"https:\/\/distribucionarc.com\/producto\/maquina-etiquetadora-de-botellas-electrica-5%ef%b8%8f%e2%83%a30%ef%b8%8f%e2%83%a3-etiquetas-por-minuto-%f0%9f%a7%b4\/\"]}]},{\"@type\":\"ImageObject\",\"inLanguage\":\"pl-PL\",\"@id\":\"https:\/\/distribucionarc.com\/producto\/maquina-etiquetadora-de-botellas-electrica-5%ef%b8%8f%e2%83%a30%ef%b8%8f%e2%83%a3-etiquetas-por-minuto-%f0%9f%a7%b4\/#primaryimage\",\"url\":\"https:\/\/distribucionarc.com\/wp-content\/uploads\/2020\/04\/etiquetadora_de_botellas_plastico_cristal_aluminio_0.jpg\",\"contentUrl\":\"https:\/\/distribucionarc.com\/wp-content\/uploads\/2020\/04\/etiquetadora_de_botellas_plastico_cristal_aluminio_0.jpg\",\"width\":1001,\"height\":1001},{\"@type\":\"BreadcrumbList\",\"@id\":\"https:\/\/distribucionarc.com\/producto\/maquina-etiquetadora-de-botellas-electrica-5%ef%b8%8f%e2%83%a30%ef%b8%8f%e2%83%a3-etiquetas-por-minuto-%f0%9f%a7%b4\/#breadcrumb\",\"itemListElement\":[{\"@type\":\"ListItem\",\"position\":1,\"name\":\"Portada\",\"item\":\"https:\/\/www.distribucionarc.com\/\"},{\"@type\":\"ListItem\",\"position\":2,\"name\":\"\u00dcr\u00fcnler\",\"item\":\"https:\/\/www.distribucionarc.com\/tr\/magaza\/\"},{\"@type\":\"ListItem\",\"position\":3,\"name\":\"M\u00e1quina Etiquetadora de Botellas El\u00e9ctrica 5\ufe0f\u20e30\ufe0f\u20e3 Etiquetas por Minuto ?\"}]},{\"@type\":\"WebSite\",\"@id\":\"https:\/\/www.distribucionarc.com\/sl\/#website\",\"url\":\"https:\/\/www.distribucionarc.com\/sl\/\",\"name\":\"distribuci\u00f3n ARC\",\"description\":\"Empresa especializada en la fabricaci\u00f3n y distribuci\u00f3n de maquinaria industrial, selladoras de latas, Maquinas de hacer pastillas, Maquinas de cortar carne...\",\"publisher\":{\"@id\":\"https:\/\/www.distribucionarc.com\/sl\/#organization\"},\"potentialAction\":[{\"@type\":\"SearchAction\",\"target\":{\"@type\":\"EntryPoint\",\"urlTemplate\":\"https:\/\/www.distribucionarc.com\/sl\/?s={search_term_string}\"},\"query-input\":{\"@type\":\"PropertyValueSpecification\",\"valueRequired\":true,\"valueName\":\"search_term_string\"}}],\"inLanguage\":\"pl-PL\"},{\"@type\":\"Organization\",\"@id\":\"https:\/\/www.distribucionarc.com\/sl\/#organization\",\"name\":\"Distribuci\u00f3n ARC\",\"url\":\"https:\/\/www.distribucionarc.com\/sl\/\",\"logo\":{\"@type\":\"ImageObject\",\"inLanguage\":\"pl-PL\",\"@id\":\"https:\/\/www.distribucionarc.com\/sl\/#\/schema\/logo\/image\/\",\"url\":\"https:\/\/distribucionarc.com\/wp-content\/uploads\/2024\/10\/distribucion-ARC-COLOR-SIN-FONDO-e1732295305345.png\",\"contentUrl\":\"https:\/\/distribucionarc.com\/wp-content\/uploads\/2024\/10\/distribucion-ARC-COLOR-SIN-FONDO-e1732295305345.png\",\"width\":1164,\"height\":558,\"caption\":\"Distribuci\u00f3n ARC\"},\"image\":{\"@id\":\"https:\/\/www.distribucionarc.com\/sl\/#\/schema\/logo\/image\/\"},\"description\":\"Empresa especializada en la fabricaci\u00f3n y distribuci\u00f3n de maquinaria industrial para los sectores alimentario y farmac\u00e9utico. Nos especializamos en: M\u00e1quinas de cortar carne Fabricaci\u00f3n de comprimidos Sistemas de transporte industrial L\u00edneas de embotellado Dosificadores Y mucho m\u00e1s... Ofrecemos soluciones innovadoras y personalizadas para optimizar los procesos productivos de tu empresa.\",\"email\":\"Admistracion@distribucionarc.com\",\"telephone\":\"+34 643496664\",\"legalName\":\"ARC TECH SOLUTIONS\",\"foundingDate\":\"2024-04-09\",\"vatID\":\"B55480172\",\"numberOfEmployees\":{\"@type\":\"QuantitativeValue\",\"minValue\":\"1\",\"maxValue\":\"10\"}}]}<\/script>\n<!-- \/ Yoast SEO Premium plugin. -->","yoast_head_json":{"title":"Elektryczna maszyna do etykietowania butelek 5\ufe0f\u20e30\ufe0f\u20e3 Etykiet na minut\u0119? - Dystrybucja ARC","robots":{"index":"index","follow":"follow","max-snippet":"max-snippet:-1","max-image-preview":"max-image-preview:large","max-video-preview":"max-video-preview:-1"},"canonical":"https:\/\/distribucionarc.com\/pl\/produkty\/elektryczna-maszyna-do-etykietowania-butelek-5\ufe0f\u20e30\ufe0f\u20e3-etykiet-na-minute-\ud83e\uddf4\/","og_locale":"pl_PL","og_type":"article","og_title":"M\u00e1quina Etiquetadora de Botellas El\u00e9ctrica 5\ufe0f\u20e30\ufe0f\u20e3 Etiquetas por Minuto ?","og_description":"M\u00e1quina etiquetadora de botellas  Con \u00e9sta m\u00e1quina podemos etiquetar diferentes tipos de botellas pueden ser de aluminio,cristal o pl\u00e1stico.  Tama\u00f1o de la botella (largo) maximo 15mm\u2796120mm  Toda nuestra maquinaria tiene garant\u00eda de 2\ufe0f\u20e3 a\u00f1os.  Soporte t\u00e9cnico en caso de aver\u00eda.","og_url":"https:\/\/distribucionarc.com\/pl\/produkty\/elektryczna-maszyna-do-etykietowania-butelek-5\ufe0f\u20e30\ufe0f\u20e3-etykiet-na-minute-\ud83e\uddf4\/","og_site_name":"distribuci\u00f3n ARC","article_modified_time":"2023-03-31T07:43:15+00:00","og_image":[{"width":1001,"height":1001,"url":"https:\/\/distribucionarc.com\/wp-content\/uploads\/2020\/04\/etiquetadora_de_botellas_plastico_cristal_aluminio_0.jpg","type":"image\/jpeg"}],"twitter_card":"summary_large_image","twitter_misc":{"Szacowany czas czytania":"1 minuta"},"schema":{"@context":"https:\/\/schema.org","@graph":[{"@type":"WebPage","@id":"https:\/\/distribucionarc.com\/producto\/maquina-etiquetadora-de-botellas-electrica-5%ef%b8%8f%e2%83%a30%ef%b8%8f%e2%83%a3-etiquetas-por-minuto-%f0%9f%a7%b4\/","url":"https:\/\/distribucionarc.com\/producto\/maquina-etiquetadora-de-botellas-electrica-5%ef%b8%8f%e2%83%a30%ef%b8%8f%e2%83%a3-etiquetas-por-minuto-%f0%9f%a7%b4\/","name":"Elektryczna maszyna do etykietowania butelek 5\ufe0f\u20e30\ufe0f\u20e3 Etykiet na minut\u0119? - Dystrybucja ARC","isPartOf":{"@id":"https:\/\/www.distribucionarc.com\/sl\/#website"},"primaryImageOfPage":{"@id":"https:\/\/distribucionarc.com\/producto\/maquina-etiquetadora-de-botellas-electrica-5%ef%b8%8f%e2%83%a30%ef%b8%8f%e2%83%a3-etiquetas-por-minuto-%f0%9f%a7%b4\/#primaryimage"},"image":{"@id":"https:\/\/distribucionarc.com\/producto\/maquina-etiquetadora-de-botellas-electrica-5%ef%b8%8f%e2%83%a30%ef%b8%8f%e2%83%a3-etiquetas-por-minuto-%f0%9f%a7%b4\/#primaryimage"},"thumbnailUrl":"https:\/\/distribucionarc.com\/wp-content\/uploads\/2020\/04\/etiquetadora_de_botellas_plastico_cristal_aluminio_0.jpg","datePublished":"2020-04-19T14:01:14+00:00","dateModified":"2023-03-31T07:43:15+00:00","breadcrumb":{"@id":"https:\/\/distribucionarc.com\/producto\/maquina-etiquetadora-de-botellas-electrica-5%ef%b8%8f%e2%83%a30%ef%b8%8f%e2%83%a3-etiquetas-por-minuto-%f0%9f%a7%b4\/#breadcrumb"},"inLanguage":"pl-PL","potentialAction":[{"@type":"ReadAction","target":["https:\/\/distribucionarc.com\/producto\/maquina-etiquetadora-de-botellas-electrica-5%ef%b8%8f%e2%83%a30%ef%b8%8f%e2%83%a3-etiquetas-por-minuto-%f0%9f%a7%b4\/"]}]},{"@type":"ImageObject","inLanguage":"pl-PL","@id":"https:\/\/distribucionarc.com\/producto\/maquina-etiquetadora-de-botellas-electrica-5%ef%b8%8f%e2%83%a30%ef%b8%8f%e2%83%a3-etiquetas-por-minuto-%f0%9f%a7%b4\/#primaryimage","url":"https:\/\/distribucionarc.com\/wp-content\/uploads\/2020\/04\/etiquetadora_de_botellas_plastico_cristal_aluminio_0.jpg","contentUrl":"https:\/\/distribucionarc.com\/wp-content\/uploads\/2020\/04\/etiquetadora_de_botellas_plastico_cristal_aluminio_0.jpg","width":1001,"height":1001},{"@type":"BreadcrumbList","@id":"https:\/\/distribucionarc.com\/producto\/maquina-etiquetadora-de-botellas-electrica-5%ef%b8%8f%e2%83%a30%ef%b8%8f%e2%83%a3-etiquetas-por-minuto-%f0%9f%a7%b4\/#breadcrumb","itemListElement":[{"@type":"ListItem","position":1,"name":"Portada","item":"https:\/\/www.distribucionarc.com\/"},{"@type":"ListItem","position":2,"name":"\u00dcr\u00fcnler","item":"https:\/\/www.distribucionarc.com\/tr\/magaza\/"},{"@type":"ListItem","position":3,"name":"M\u00e1quina Etiquetadora de Botellas El\u00e9ctrica 5\ufe0f\u20e30\ufe0f\u20e3 Etiquetas por Minuto ?"}]},{"@type":"WebSite","@id":"https:\/\/www.distribucionarc.com\/sl\/#website","url":"https:\/\/www.distribucionarc.com\/sl\/","name":"Dystrybucja ARC","description":"Firma specjalizuj\u0105ca si\u0119 w produkcji i dystrybucji maszyn przemys\u0142owych, zgrzewarek do puszek, maszyn do produkcji tabletek, maszyn do ci\u0119cia mi\u0119sa...","publisher":{"@id":"https:\/\/www.distribucionarc.com\/sl\/#organization"},"potentialAction":[{"@type":"SearchAction","target":{"@type":"EntryPoint","urlTemplate":"https:\/\/www.distribucionarc.com\/sl\/?s={search_term_string}"},"query-input":{"@type":"PropertyValueSpecification","valueRequired":true,"valueName":"search_term_string"}}],"inLanguage":"pl-PL"},{"@type":"Organization","@id":"https:\/\/www.distribucionarc.com\/sl\/#organization","name":"Dystrybucja ARC","url":"https:\/\/www.distribucionarc.com\/sl\/","logo":{"@type":"ImageObject","inLanguage":"pl-PL","@id":"https:\/\/www.distribucionarc.com\/sl\/#\/schema\/logo\/image\/","url":"https:\/\/distribucionarc.com\/wp-content\/uploads\/2024\/10\/distribucion-ARC-COLOR-SIN-FONDO-e1732295305345.png","contentUrl":"https:\/\/distribucionarc.com\/wp-content\/uploads\/2024\/10\/distribucion-ARC-COLOR-SIN-FONDO-e1732295305345.png","width":1164,"height":558,"caption":"Distribuci\u00f3n ARC"},"image":{"@id":"https:\/\/www.distribucionarc.com\/sl\/#\/schema\/logo\/image\/"},"description":"Firma specjalizuj\u0105ca si\u0119 w produkcji i dystrybucji maszyn przemys\u0142owych dla sektora spo\u017cywczego i farmaceutycznego. Specjalizujemy si\u0119 w: Maszyny do krojenia mi\u0119sa Produkcja tabletek Przemys\u0142owe systemy transportowe Linie butelkuj\u0105ce Dozowniki I wiele wi\u0119cej.... Oferujemy innowacyjne i niestandardowe rozwi\u0105zania w celu optymalizacji proces\u00f3w produkcyjnych w Twojej firmie.","email":"Admistracion@distribucionarc.com","telephone":"+34 643496664","legalName":"ARC TECH SOLUTIONS","foundingDate":"2024-04-09","vatID":"B55480172","numberOfEmployees":{"@type":"QuantitativeValue","minValue":"1","maxValue":"10"}}]}},"_links":{"self":[{"href":"https:\/\/distribucionarc.com\/pl\/wp-json\/wp\/v2\/product\/472","targetHints":{"allow":["GET"]}}],"collection":[{"href":"https:\/\/distribucionarc.com\/pl\/wp-json\/wp\/v2\/product"}],"about":[{"href":"https:\/\/distribucionarc.com\/pl\/wp-json\/wp\/v2\/types\/product"}],"replies":[{"embeddable":true,"href":"https:\/\/distribucionarc.com\/pl\/wp-json\/wp\/v2\/comments?post=472"}],"version-history":[{"count":0,"href":"https:\/\/distribucionarc.com\/pl\/wp-json\/wp\/v2\/product\/472\/revisions"}],"wp:featuredmedia":[{"embeddable":true,"href":"https:\/\/distribucionarc.com\/pl\/wp-json\/wp\/v2\/media\/483"}],"wp:attachment":[{"href":"https:\/\/distribucionarc.com\/pl\/wp-json\/wp\/v2\/media?parent=472"}],"wp:term":[{"taxonomy":"product_brand","embeddable":true,"href":"https:\/\/distribucionarc.com\/pl\/wp-json\/wp\/v2\/product_brand?post=472"},{"taxonomy":"product_cat","embeddable":true,"href":"https:\/\/distribucionarc.com\/pl\/wp-json\/wp\/v2\/product_cat?post=472"},{"taxonomy":"product_tag","embeddable":true,"href":"https:\/\/distribucionarc.com\/pl\/wp-json\/wp\/v2\/product_tag?post=472"}],"curies":[{"name":"wp","href":"https:\/\/api.w.org\/{rel}","templated":true}]}}