{"id":4877,"date":"2022-10-23T21:25:08","date_gmt":"2022-10-23T21:25:08","guid":{"rendered":"https:\/\/distribucionarc.com\/?post_type=product&#038;p=4877"},"modified":"2023-03-30T15:26:19","modified_gmt":"2023-03-30T15:26:19","slug":"zgrzewarka-indukcyjna-do-folii-aluminiowej","status":"publish","type":"product","link":"https:\/\/distribucionarc.com\/pl\/producto\/selladora-induccion-para-foil-de-aluminio\/","title":{"rendered":"zgrzewarka indukcyjna do folii aluminiowej"},"content":{"rendered":"<h2>Szybkobie\u017cna zgrzewarka indukcyjna do folii aluminiowej<\/h2>\n<p>&nbsp;<\/p>\n<p>Maszyna, kt\u00f3ra wyd\u0142u\u017ca \u017cywotno\u015b\u0107 Twoich produkt\u00f3w, zmniejsza procent zwrot\u00f3w oraz sprawia, \u017ce produkty s\u0105 \u015bwie\u017csze, suchsze i bezpieczniejsze.<\/p>\n<p>&nbsp;<\/p>\n<p><img loading=\"lazy\" decoding=\"async\" class=\"wp-image-4885 aligncenter\" src=\"https:\/\/distribucionarc.com\/wp-content\/uploads\/2022\/10\/selladora-induccion-para-foil-de-aluminio-300x300.jpg\" alt=\"\" width=\"335\" height=\"335\" srcset=\"https:\/\/distribucionarc.com\/wp-content\/uploads\/2022\/10\/selladora-induccion-para-foil-de-aluminio-300x300.jpg 300w, https:\/\/distribucionarc.com\/wp-content\/uploads\/2022\/10\/selladora-induccion-para-foil-de-aluminio-430x430.jpg 430w, https:\/\/distribucionarc.com\/wp-content\/uploads\/2022\/10\/selladora-induccion-para-foil-de-aluminio-150x150.jpg 150w, https:\/\/distribucionarc.com\/wp-content\/uploads\/2022\/10\/selladora-induccion-para-foil-de-aluminio-600x600.jpg 600w, https:\/\/distribucionarc.com\/wp-content\/uploads\/2022\/10\/selladora-induccion-para-foil-de-aluminio-12x12.jpg 12w, https:\/\/distribucionarc.com\/wp-content\/uploads\/2022\/10\/selladora-induccion-para-foil-de-aluminio-320x320.jpg 320w, https:\/\/distribucionarc.com\/wp-content\/uploads\/2022\/10\/selladora-induccion-para-foil-de-aluminio-100x100.jpg 100w, https:\/\/distribucionarc.com\/wp-content\/uploads\/2022\/10\/selladora-induccion-para-foil-de-aluminio.jpg 640w\" sizes=\"auto, (max-width: 335px) 100vw, 335px\" \/><\/p>\n<p>&nbsp;<\/p>\n<p><strong>Zgrzewarka do nakr\u0119tek aluminiowych<\/strong> Kolejny krok w linii produkcyjnej ARC lider dystrybucji maszyn przemys\u0142owych<\/p>\n<p>&nbsp;<\/p>\n<p><img loading=\"lazy\" decoding=\"async\" class=\"wp-image-4884 aligncenter\" src=\"https:\/\/distribucionarc.com\/wp-content\/uploads\/2022\/10\/selladora-de-tapones-300x300.jpg\" alt=\"\" width=\"335\" height=\"335\" srcset=\"https:\/\/distribucionarc.com\/wp-content\/uploads\/2022\/10\/selladora-de-tapones-300x300.jpg 300w, https:\/\/distribucionarc.com\/wp-content\/uploads\/2022\/10\/selladora-de-tapones-430x430.jpg 430w, https:\/\/distribucionarc.com\/wp-content\/uploads\/2022\/10\/selladora-de-tapones-150x150.jpg 150w, https:\/\/distribucionarc.com\/wp-content\/uploads\/2022\/10\/selladora-de-tapones-700x700.jpg 700w, https:\/\/distribucionarc.com\/wp-content\/uploads\/2022\/10\/selladora-de-tapones-768x768.jpg 768w, https:\/\/distribucionarc.com\/wp-content\/uploads\/2022\/10\/selladora-de-tapones-12x12.jpg 12w, https:\/\/distribucionarc.com\/wp-content\/uploads\/2022\/10\/selladora-de-tapones-320x320.jpg 320w, https:\/\/distribucionarc.com\/wp-content\/uploads\/2022\/10\/selladora-de-tapones-600x600.jpg 600w, https:\/\/distribucionarc.com\/wp-content\/uploads\/2022\/10\/selladora-de-tapones-100x100.jpg 100w, https:\/\/distribucionarc.com\/wp-content\/uploads\/2022\/10\/selladora-de-tapones.jpg 1000w\" sizes=\"auto, (max-width: 335px) 100vw, 335px\" \/><\/p>\n<p>&nbsp;<\/p>\n<p>&nbsp;<\/p>\n<p>Maszyna <strong>zgrzewanie indukcyjne <\/strong>Ci\u0105g\u0142y proces wykorzystuje zasad\u0119 elektromagnetyczn\u0105, wytwarzaj\u0105c natychmiastowe wysokie ciep\u0142o, kt\u00f3re mo\u017ce stopi\u0107 i uszczelni\u0107 <strong>folia aluminiowa <\/strong>na ok\u0142adce <strong>butelka<\/strong>.<\/p>\n<p>&nbsp;<\/p>\n<p><img loading=\"lazy\" decoding=\"async\" class=\"wp-image-4878 aligncenter\" src=\"https:\/\/distribucionarc.com\/wp-content\/uploads\/2022\/10\/sellado-por-induccion-300x289.jpg\" alt=\"\" width=\"334\" height=\"322\" srcset=\"https:\/\/distribucionarc.com\/wp-content\/uploads\/2022\/10\/sellado-por-induccion-300x289.jpg 300w, https:\/\/distribucionarc.com\/wp-content\/uploads\/2022\/10\/sellado-por-induccion-430x414.jpg 430w, https:\/\/distribucionarc.com\/wp-content\/uploads\/2022\/10\/sellado-por-induccion-150x144.jpg 150w, https:\/\/distribucionarc.com\/wp-content\/uploads\/2022\/10\/sellado-por-induccion-700x673.jpg 700w, https:\/\/distribucionarc.com\/wp-content\/uploads\/2022\/10\/sellado-por-induccion-768x739.jpg 768w, https:\/\/distribucionarc.com\/wp-content\/uploads\/2022\/10\/sellado-por-induccion-12x12.jpg 12w, https:\/\/distribucionarc.com\/wp-content\/uploads\/2022\/10\/sellado-por-induccion-600x577.jpg 600w, https:\/\/distribucionarc.com\/wp-content\/uploads\/2022\/10\/sellado-por-induccion.jpg 835w\" sizes=\"auto, (max-width: 334px) 100vw, 334px\" \/><\/p>\n<p><center><iframe loading=\"lazy\" title=\"Odtwarzacz wideo YouTube\" src=\"https:\/\/www.youtube.com\/embed\/NkiiKp9Yi7M\" width=\"560\" height=\"315\" frameborder=\"0\" allowfullscreen=\"allowfullscreen\"><\/iframe><\/center>&nbsp;<\/p>\n<p>&nbsp;<\/p>\n<p>Rodzaje butelek, kt\u00f3re mo\u017cna zamyka\u0107<\/p>\n<ul>\n<li>Szk\u0142o<\/li>\n<li>Plastikowy\u2026<\/li>\n<li>Butelka aluminiowa (to urz\u0105dzenie nie jest odpowiednie, kliknij tutaj, je\u015bli chcesz zobaczy\u0107 zgrzewark\u0119 do butelek metalowych)<\/li>\n<\/ul>\n<p>&nbsp;<\/p>\n<p>Dane techniczne:<\/p>\n<p>&nbsp;<\/p>\n<table width=\"435\">\n<tbody>\n<tr>\n<td>Model<\/td>\n<td width=\"277\">AR131800<\/td>\n<\/tr>\n<tr>\n<td>Wolta\u017c<\/td>\n<td width=\"277\">220 V\/50 Hz 110 V\/60 Hz<\/td>\n<\/tr>\n<tr>\n<td>Energia<\/td>\n<td width=\"277\">1800 W<\/td>\n<\/tr>\n<tr>\n<td>\u015arednica uszczelnienia<\/td>\n<td width=\"277\">15-180 mm<\/td>\n<\/tr>\n<tr>\n<td>Wysoko\u015b\u0107 butelki<\/td>\n<td width=\"277\">50-320 mm<\/td>\n<\/tr>\n<tr>\n<td>D\u0142ugo\u015b\u0107 ta\u015bmy<\/td>\n<td width=\"277\">1000 mm<\/td>\n<\/tr>\n<tr>\n<td>Szeroko\u015b\u0107 ta\u015bmy<\/td>\n<td width=\"277\">200 mm<\/td>\n<\/tr>\n<tr>\n<td>Maksymalny ci\u0119\u017car \u0142adunku na pasie<\/td>\n<td width=\"277\">15kg<\/td>\n<\/tr>\n<tr>\n<td>Dzia\u0142anie<\/td>\n<td width=\"277\">Elektryczny<\/td>\n<\/tr>\n<tr>\n<td>Metoda ch\u0142odzenia<\/td>\n<td width=\"277\">wentylacja<\/td>\n<\/tr>\n<tr>\n<td>maksymalny pr\u0105d<\/td>\n<td width=\"277\">8,5 A<\/td>\n<\/tr>\n<tr>\n<td>Butelka odpowiednia<\/td>\n<td width=\"277\">Butelka plastikowa\/S\u0142oik szklany<\/td>\n<\/tr>\n<tr>\n<td>Zdolno\u015b\u0107 produkcyjna<\/td>\n<td width=\"277\">\u2264110 butelek\/min<\/td>\n<\/tr>\n<tr>\n<td>Dzienna zdolno\u015b\u0107 produkcyjna<\/td>\n<td width=\"277\">\u226430000 butelek<\/td>\n<\/tr>\n<tr>\n<td>Rozmiar maszyny<\/td>\n<td width=\"277\">1002mm*402mm*938mm<\/td>\n<\/tr>\n<tr>\n<td>Waga netto<\/td>\n<td width=\"277\">49 KG<\/td>\n<\/tr>\n<\/tbody>\n<\/table>\n<p>&nbsp;<\/p>\n<div style=\"width: 626px;\" class=\"wp-video\"><video class=\"wp-video-shortcode\" id=\"video-4877-1\" width=\"626\" height=\"360\" preload=\"metadata\" controls=\"controls\"><source type=\"video\/mp4\" src=\"https:\/\/distribucionarc.com\/wp-content\/uploads\/2022\/10\/selladora-de-tapones-lamina-de-aluminio.mp4?_=1\" \/><a href=\"https:\/\/distribucionarc.com\/wp-content\/uploads\/2022\/10\/selladora-de-tapones-lamina-de-aluminio.mp4\">https:\/\/distribucionarc.com\/wp-content\/uploads\/2022\/10\/selladora-de-tapones-lamina-de-aluminio.mp4<\/a><\/video><\/div>\n<p>&nbsp;<\/p>\n<p><strong>Zgrzewarka indukcyjna termiczna do linii produkcyjnej<\/strong> Maszyna ta nie zawiera pasa i mo\u017cna j\u0105 bardzo \u0142atwo doda\u0107 do ju\u017c dzia\u0142aj\u0105cej linii.<\/p>\n<p>&nbsp;<\/p>\n<p style=\"text-align: center;\">(kliknij na zdj\u0119cie aby uzyska\u0107 wi\u0119cej informacji)<\/p>\n<p><img loading=\"lazy\" decoding=\"async\" class=\"wp-image-4881 aligncenter\" src=\"https:\/\/distribucionarc.com\/wp-content\/uploads\/2022\/10\/Selladora-de-induccion-termica-para-linea-de-produccion-300x283.jpg\" alt=\"\" width=\"338\" height=\"319\" srcset=\"https:\/\/distribucionarc.com\/wp-content\/uploads\/2022\/10\/Selladora-de-induccion-termica-para-linea-de-produccion-300x283.jpg 300w, https:\/\/distribucionarc.com\/wp-content\/uploads\/2022\/10\/Selladora-de-induccion-termica-para-linea-de-produccion-430x406.jpg 430w, https:\/\/distribucionarc.com\/wp-content\/uploads\/2022\/10\/Selladora-de-induccion-termica-para-linea-de-produccion-150x142.jpg 150w, https:\/\/distribucionarc.com\/wp-content\/uploads\/2022\/10\/Selladora-de-induccion-termica-para-linea-de-produccion-700x661.jpg 700w, https:\/\/distribucionarc.com\/wp-content\/uploads\/2022\/10\/Selladora-de-induccion-termica-para-linea-de-produccion-768x725.jpg 768w, https:\/\/distribucionarc.com\/wp-content\/uploads\/2022\/10\/Selladora-de-induccion-termica-para-linea-de-produccion-13x12.jpg 13w, https:\/\/distribucionarc.com\/wp-content\/uploads\/2022\/10\/Selladora-de-induccion-termica-para-linea-de-produccion-600x567.jpg 600w, https:\/\/distribucionarc.com\/wp-content\/uploads\/2022\/10\/Selladora-de-induccion-termica-para-linea-de-produccion.jpg 883w\" sizes=\"auto, (max-width: 338px) 100vw, 338px\" \/><\/p>\n<p>&nbsp;<\/p>\n<p>&nbsp;<\/p>\n<p>Polecamy r\u00f3wnie\u017c <strong>r\u0119czna zgrzewarka indukcyjna<\/strong> je\u015bli interesuj\u0105 Ci\u0119 ma\u0142e produkcje, kliknij na zdj\u0119cie i dowiedz si\u0119 wi\u0119cej.<\/p>\n<p>&nbsp;<\/p>\n<p><a href=\"https:\/\/distribucionarc.com\/pl\/produkty\/termo-indukcyjna-zgrzewarka-maszynowa-zgrzewarka-nakretek\/\"><img loading=\"lazy\" decoding=\"async\" class=\"wp-image-4880 aligncenter\" src=\"https:\/\/distribucionarc.com\/wp-content\/uploads\/2022\/10\/selladora-de-induccion-manual-300x300.jpg\" alt=\"\" width=\"338\" height=\"338\" srcset=\"https:\/\/distribucionarc.com\/wp-content\/uploads\/2022\/10\/selladora-de-induccion-manual-300x300.jpg 300w, https:\/\/distribucionarc.com\/wp-content\/uploads\/2022\/10\/selladora-de-induccion-manual-430x430.jpg 430w, https:\/\/distribucionarc.com\/wp-content\/uploads\/2022\/10\/selladora-de-induccion-manual-150x150.jpg 150w, https:\/\/distribucionarc.com\/wp-content\/uploads\/2022\/10\/selladora-de-induccion-manual-700x700.jpg 700w, https:\/\/distribucionarc.com\/wp-content\/uploads\/2022\/10\/selladora-de-induccion-manual-768x768.jpg 768w, https:\/\/distribucionarc.com\/wp-content\/uploads\/2022\/10\/selladora-de-induccion-manual-12x12.jpg 12w, https:\/\/distribucionarc.com\/wp-content\/uploads\/2022\/10\/selladora-de-induccion-manual-320x320.jpg 320w, https:\/\/distribucionarc.com\/wp-content\/uploads\/2022\/10\/selladora-de-induccion-manual-600x600.jpg 600w, https:\/\/distribucionarc.com\/wp-content\/uploads\/2022\/10\/selladora-de-induccion-manual-100x100.jpg 100w, https:\/\/distribucionarc.com\/wp-content\/uploads\/2022\/10\/selladora-de-induccion-manual.jpg 800w\" sizes=\"auto, (max-width: 338px) 100vw, 338px\" \/><\/a><\/p>\n<p>&nbsp;<\/p>\n<p>&nbsp;<\/p>\n<p>ARC Distribution 2 lata w\u0142asnej produkcji, podzespo\u0142y wysokiej jako\u015bci.<\/p>\n<p>#Hiszpania #Peru #Meksyk #Paragwaj #Boliwia #argentina #ecuador #Kolumbia #chile #Stany Zjednoczone<\/p>","protected":false},"excerpt":{"rendered":"<p><iframe loading=\"lazy\" title=\"Odtwarzacz wideo YouTube\" src=\"https:\/\/www.youtube.com\/embed\/bTnwgS5ph8c\" width=\"560\" height=\"315\" frameborder=\"0\" allowfullscreen=\"allowfullscreen\"><\/iframe><\/p>","protected":false},"featured_media":4885,"comment_status":"open","ping_status":"closed","template":"","meta":{"wds_primary_product_brand":0,"wds_primary_product_cat":0},"product_brand":[],"product_cat":[45,28],"product_tag":[],"class_list":{"0":"post-4877","1":"product","2":"type-product","3":"status-publish","4":"has-post-thumbnail","6":"product_cat-selladoras-de-induccion","7":"product_cat-tapadoras","8":"product_shipping_class-express","10":"first","11":"instock","12":"taxable","13":"shipping-taxable","14":"purchasable","15":"product-type-simple"},"yoast_head":"<!-- This site is optimized with the Yoast SEO Premium plugin v24.9 (Yoast SEO v26.1) - https:\/\/yoast.com\/wordpress\/plugins\/seo\/ -->\n<title>selladora induccion para foil de aluminio - distribuci\u00f3n ARC<\/title>\n<meta name=\"robots\" content=\"index, follow, max-snippet:-1, max-image-preview:large, max-video-preview:-1\" \/>\n<link rel=\"canonical\" href=\"https:\/\/distribucionarc.com\/pl\/produkty\/zgrzewarka-indukcyjna-do-folii-aluminiowej\/\" \/>\n<meta property=\"og:locale\" content=\"pl_PL\" \/>\n<meta property=\"og:type\" content=\"article\" \/>\n<meta property=\"og:title\" content=\"selladora induccion para foil de aluminio\" \/>\n<meta property=\"og:url\" content=\"https:\/\/distribucionarc.com\/pl\/produkty\/zgrzewarka-indukcyjna-do-folii-aluminiowej\/\" \/>\n<meta property=\"og:site_name\" content=\"distribuci\u00f3n ARC\" \/>\n<meta property=\"article:modified_time\" content=\"2023-03-30T15:26:19+00:00\" \/>\n<meta property=\"og:image\" content=\"https:\/\/distribucionarc.com\/wp-content\/uploads\/2022\/10\/selladora-induccion-para-foil-de-aluminio.jpg\" \/>\n\t<meta property=\"og:image:width\" content=\"640\" \/>\n\t<meta property=\"og:image:height\" content=\"640\" \/>\n\t<meta property=\"og:image:type\" content=\"image\/jpeg\" \/>\n<meta name=\"twitter:card\" content=\"summary_large_image\" \/>\n<meta name=\"twitter:label1\" content=\"Szacowany czas czytania\" \/>\n\t<meta name=\"twitter:data1\" content=\"2 minuty\" \/>\n<script type=\"application\/ld+json\" class=\"yoast-schema-graph\">{\"@context\":\"https:\/\/schema.org\",\"@graph\":[{\"@type\":\"WebPage\",\"@id\":\"https:\/\/distribucionarc.com\/en\/producto\/selladora-induccion-para-foil-de-aluminio\/\",\"url\":\"https:\/\/distribucionarc.com\/en\/producto\/selladora-induccion-para-foil-de-aluminio\/\",\"name\":\"selladora induccion para foil de aluminio - distribuci\u00f3n ARC\",\"isPartOf\":{\"@id\":\"https:\/\/distribucionarc.com\/ro\/#website\"},\"primaryImageOfPage\":{\"@id\":\"https:\/\/distribucionarc.com\/en\/producto\/selladora-induccion-para-foil-de-aluminio\/#primaryimage\"},\"image\":{\"@id\":\"https:\/\/distribucionarc.com\/en\/producto\/selladora-induccion-para-foil-de-aluminio\/#primaryimage\"},\"thumbnailUrl\":\"https:\/\/distribucionarc.com\/wp-content\/uploads\/2022\/10\/selladora-induccion-para-foil-de-aluminio.jpg\",\"datePublished\":\"2022-10-23T21:25:08+00:00\",\"dateModified\":\"2023-03-30T15:26:19+00:00\",\"breadcrumb\":{\"@id\":\"https:\/\/distribucionarc.com\/en\/producto\/selladora-induccion-para-foil-de-aluminio\/#breadcrumb\"},\"inLanguage\":\"pl-PL\",\"potentialAction\":[{\"@type\":\"ReadAction\",\"target\":[\"https:\/\/distribucionarc.com\/en\/producto\/selladora-induccion-para-foil-de-aluminio\/\"]}]},{\"@type\":\"ImageObject\",\"inLanguage\":\"pl-PL\",\"@id\":\"https:\/\/distribucionarc.com\/en\/producto\/selladora-induccion-para-foil-de-aluminio\/#primaryimage\",\"url\":\"https:\/\/distribucionarc.com\/wp-content\/uploads\/2022\/10\/selladora-induccion-para-foil-de-aluminio.jpg\",\"contentUrl\":\"https:\/\/distribucionarc.com\/wp-content\/uploads\/2022\/10\/selladora-induccion-para-foil-de-aluminio.jpg\",\"width\":640,\"height\":640},{\"@type\":\"BreadcrumbList\",\"@id\":\"https:\/\/distribucionarc.com\/en\/producto\/selladora-induccion-para-foil-de-aluminio\/#breadcrumb\",\"itemListElement\":[{\"@type\":\"ListItem\",\"position\":1,\"name\":\"Portada\",\"item\":\"https:\/\/distribucionarc.com\/ar\/\"},{\"@type\":\"ListItem\",\"position\":2,\"name\":\"Proizvodi\",\"item\":\"https:\/\/www.distribucionarc.com\/hr\/ducan\/\"},{\"@type\":\"ListItem\",\"position\":3,\"name\":\"selladora induccion para foil de aluminio\"}]},{\"@type\":\"WebSite\",\"@id\":\"https:\/\/distribucionarc.com\/ro\/#website\",\"url\":\"https:\/\/distribucionarc.com\/ro\/\",\"name\":\"distribuci\u00f3n ARC\",\"description\":\"Empresa especializada en la fabricaci\u00f3n y distribuci\u00f3n de maquinaria industrial, selladoras de latas, Maquinas de hacer pastillas, Maquinas de cortar carne...\",\"publisher\":{\"@id\":\"https:\/\/distribucionarc.com\/ro\/#organization\"},\"potentialAction\":[{\"@type\":\"SearchAction\",\"target\":{\"@type\":\"EntryPoint\",\"urlTemplate\":\"https:\/\/distribucionarc.com\/ro\/?s={search_term_string}\"},\"query-input\":{\"@type\":\"PropertyValueSpecification\",\"valueRequired\":true,\"valueName\":\"search_term_string\"}}],\"inLanguage\":\"pl-PL\"},{\"@type\":\"Organization\",\"@id\":\"https:\/\/distribucionarc.com\/ro\/#organization\",\"name\":\"Distribuci\u00f3n ARC\",\"url\":\"https:\/\/distribucionarc.com\/ro\/\",\"logo\":{\"@type\":\"ImageObject\",\"inLanguage\":\"pl-PL\",\"@id\":\"https:\/\/distribucionarc.com\/ro\/#\/schema\/logo\/image\/\",\"url\":\"https:\/\/distribucionarc.com\/wp-content\/uploads\/2024\/10\/distribucion-ARC-COLOR-SIN-FONDO-e1732295305345.png\",\"contentUrl\":\"https:\/\/distribucionarc.com\/wp-content\/uploads\/2024\/10\/distribucion-ARC-COLOR-SIN-FONDO-e1732295305345.png\",\"width\":1164,\"height\":558,\"caption\":\"Distribuci\u00f3n ARC\"},\"image\":{\"@id\":\"https:\/\/distribucionarc.com\/ro\/#\/schema\/logo\/image\/\"},\"description\":\"Empresa especializada en la fabricaci\u00f3n y distribuci\u00f3n de maquinaria industrial para los sectores alimentario y farmac\u00e9utico. Nos especializamos en: M\u00e1quinas de cortar carne Fabricaci\u00f3n de comprimidos Sistemas de transporte industrial L\u00edneas de embotellado Dosificadores Y mucho m\u00e1s... Ofrecemos soluciones innovadoras y personalizadas para optimizar los procesos productivos de tu empresa.\",\"email\":\"Admistracion@distribucionarc.com\",\"telephone\":\"+34 643496664\",\"legalName\":\"ARC TECH SOLUTIONS\",\"foundingDate\":\"2024-04-09\",\"vatID\":\"B55480172\",\"numberOfEmployees\":{\"@type\":\"QuantitativeValue\",\"minValue\":\"1\",\"maxValue\":\"10\"}}]}<\/script>\n<!-- \/ Yoast SEO Premium plugin. -->","yoast_head_json":{"title":"Zgrzewarka indukcyjna do folii aluminiowej - dystrybucja ARC","robots":{"index":"index","follow":"follow","max-snippet":"max-snippet:-1","max-image-preview":"max-image-preview:large","max-video-preview":"max-video-preview:-1"},"canonical":"https:\/\/distribucionarc.com\/pl\/produkty\/zgrzewarka-indukcyjna-do-folii-aluminiowej\/","og_locale":"pl_PL","og_type":"article","og_title":"selladora induccion para foil de aluminio","og_url":"https:\/\/distribucionarc.com\/pl\/produkty\/zgrzewarka-indukcyjna-do-folii-aluminiowej\/","og_site_name":"distribuci\u00f3n ARC","article_modified_time":"2023-03-30T15:26:19+00:00","og_image":[{"width":640,"height":640,"url":"https:\/\/distribucionarc.com\/wp-content\/uploads\/2022\/10\/selladora-induccion-para-foil-de-aluminio.jpg","type":"image\/jpeg"}],"twitter_card":"summary_large_image","twitter_misc":{"Szacowany czas czytania":"2 minuty"},"schema":{"@context":"https:\/\/schema.org","@graph":[{"@type":"WebPage","@id":"https:\/\/distribucionarc.com\/en\/producto\/selladora-induccion-para-foil-de-aluminio\/","url":"https:\/\/distribucionarc.com\/en\/producto\/selladora-induccion-para-foil-de-aluminio\/","name":"Zgrzewarka indukcyjna do folii aluminiowej - dystrybucja ARC","isPartOf":{"@id":"https:\/\/distribucionarc.com\/ro\/#website"},"primaryImageOfPage":{"@id":"https:\/\/distribucionarc.com\/en\/producto\/selladora-induccion-para-foil-de-aluminio\/#primaryimage"},"image":{"@id":"https:\/\/distribucionarc.com\/en\/producto\/selladora-induccion-para-foil-de-aluminio\/#primaryimage"},"thumbnailUrl":"https:\/\/distribucionarc.com\/wp-content\/uploads\/2022\/10\/selladora-induccion-para-foil-de-aluminio.jpg","datePublished":"2022-10-23T21:25:08+00:00","dateModified":"2023-03-30T15:26:19+00:00","breadcrumb":{"@id":"https:\/\/distribucionarc.com\/en\/producto\/selladora-induccion-para-foil-de-aluminio\/#breadcrumb"},"inLanguage":"pl-PL","potentialAction":[{"@type":"ReadAction","target":["https:\/\/distribucionarc.com\/en\/producto\/selladora-induccion-para-foil-de-aluminio\/"]}]},{"@type":"ImageObject","inLanguage":"pl-PL","@id":"https:\/\/distribucionarc.com\/en\/producto\/selladora-induccion-para-foil-de-aluminio\/#primaryimage","url":"https:\/\/distribucionarc.com\/wp-content\/uploads\/2022\/10\/selladora-induccion-para-foil-de-aluminio.jpg","contentUrl":"https:\/\/distribucionarc.com\/wp-content\/uploads\/2022\/10\/selladora-induccion-para-foil-de-aluminio.jpg","width":640,"height":640},{"@type":"BreadcrumbList","@id":"https:\/\/distribucionarc.com\/en\/producto\/selladora-induccion-para-foil-de-aluminio\/#breadcrumb","itemListElement":[{"@type":"ListItem","position":1,"name":"Portada","item":"https:\/\/distribucionarc.com\/ar\/"},{"@type":"ListItem","position":2,"name":"Proizvodi","item":"https:\/\/www.distribucionarc.com\/hr\/ducan\/"},{"@type":"ListItem","position":3,"name":"selladora induccion para foil de aluminio"}]},{"@type":"WebSite","@id":"https:\/\/distribucionarc.com\/ro\/#website","url":"https:\/\/distribucionarc.com\/ro\/","name":"Dystrybucja ARC","description":"Firma specjalizuj\u0105ca si\u0119 w produkcji i dystrybucji maszyn przemys\u0142owych, zgrzewarek do puszek, maszyn do produkcji tabletek, maszyn do ci\u0119cia mi\u0119sa...","publisher":{"@id":"https:\/\/distribucionarc.com\/ro\/#organization"},"potentialAction":[{"@type":"SearchAction","target":{"@type":"EntryPoint","urlTemplate":"https:\/\/distribucionarc.com\/ro\/?s={search_term_string}"},"query-input":{"@type":"PropertyValueSpecification","valueRequired":true,"valueName":"search_term_string"}}],"inLanguage":"pl-PL"},{"@type":"Organization","@id":"https:\/\/distribucionarc.com\/ro\/#organization","name":"Dystrybucja ARC","url":"https:\/\/distribucionarc.com\/ro\/","logo":{"@type":"ImageObject","inLanguage":"pl-PL","@id":"https:\/\/distribucionarc.com\/ro\/#\/schema\/logo\/image\/","url":"https:\/\/distribucionarc.com\/wp-content\/uploads\/2024\/10\/distribucion-ARC-COLOR-SIN-FONDO-e1732295305345.png","contentUrl":"https:\/\/distribucionarc.com\/wp-content\/uploads\/2024\/10\/distribucion-ARC-COLOR-SIN-FONDO-e1732295305345.png","width":1164,"height":558,"caption":"Distribuci\u00f3n ARC"},"image":{"@id":"https:\/\/distribucionarc.com\/ro\/#\/schema\/logo\/image\/"},"description":"Firma specjalizuj\u0105ca si\u0119 w produkcji i dystrybucji maszyn przemys\u0142owych dla sektora spo\u017cywczego i farmaceutycznego. Specjalizujemy si\u0119 w: Maszyny do krojenia mi\u0119sa Produkcja tabletek Przemys\u0142owe systemy transportowe Linie butelkuj\u0105ce Dozowniki I wiele wi\u0119cej.... Oferujemy innowacyjne i niestandardowe rozwi\u0105zania w celu optymalizacji proces\u00f3w produkcyjnych w Twojej firmie.","email":"Admistracion@distribucionarc.com","telephone":"+34 643496664","legalName":"ARC TECH SOLUTIONS","foundingDate":"2024-04-09","vatID":"B55480172","numberOfEmployees":{"@type":"QuantitativeValue","minValue":"1","maxValue":"10"}}]}},"_links":{"self":[{"href":"https:\/\/distribucionarc.com\/pl\/wp-json\/wp\/v2\/product\/4877","targetHints":{"allow":["GET"]}}],"collection":[{"href":"https:\/\/distribucionarc.com\/pl\/wp-json\/wp\/v2\/product"}],"about":[{"href":"https:\/\/distribucionarc.com\/pl\/wp-json\/wp\/v2\/types\/product"}],"replies":[{"embeddable":true,"href":"https:\/\/distribucionarc.com\/pl\/wp-json\/wp\/v2\/comments?post=4877"}],"version-history":[{"count":0,"href":"https:\/\/distribucionarc.com\/pl\/wp-json\/wp\/v2\/product\/4877\/revisions"}],"wp:featuredmedia":[{"embeddable":true,"href":"https:\/\/distribucionarc.com\/pl\/wp-json\/wp\/v2\/media\/4885"}],"wp:attachment":[{"href":"https:\/\/distribucionarc.com\/pl\/wp-json\/wp\/v2\/media?parent=4877"}],"wp:term":[{"taxonomy":"product_brand","embeddable":true,"href":"https:\/\/distribucionarc.com\/pl\/wp-json\/wp\/v2\/product_brand?post=4877"},{"taxonomy":"product_cat","embeddable":true,"href":"https:\/\/distribucionarc.com\/pl\/wp-json\/wp\/v2\/product_cat?post=4877"},{"taxonomy":"product_tag","embeddable":true,"href":"https:\/\/distribucionarc.com\/pl\/wp-json\/wp\/v2\/product_tag?post=4877"}],"curies":[{"name":"wp","href":"https:\/\/api.w.org\/{rel}","templated":true}]}}