{"id":5393,"date":"2023-03-31T09:36:10","date_gmt":"2023-03-31T09:36:10","guid":{"rendered":"https:\/\/distribucionarc.com\/?post_type=product&#038;p=5393"},"modified":"2023-03-31T12:11:29","modified_gmt":"2023-03-31T12:11:29","slug":"polautomatyczna-maszyna-do-etykietowania-butelek-sloikow-piwa-wina-oleju","status":"publish","type":"product","link":"https:\/\/distribucionarc.com\/pl\/producto\/maquina-etiquetadora-de-botellas-tarros-semi-automatica-cerveza-vino-aceite\/","title":{"rendered":"P\u00f3\u0142automatyczna maszyna do etykietowania butelek, s\u0142oik\u00f3w do piwa, wina, oliwy"},"content":{"rendered":"<p>Dane techniczne P\u00f3\u0142automatyczna maszyna do etykietowania butelek, Pet<\/p>\n<table style=\"height: 1306px;\" width=\"829\">\n<tbody>\n<tr>\n<td><span style=\"font-weight: 400;\">Parametr<\/span><\/td>\n<td><span style=\"font-weight: 400;\">Dane<\/span><\/td>\n<\/tr>\n<tr>\n<td><span style=\"font-weight: 400;\">Specyfikacja etykiety<\/span><\/td>\n<td><span style=\"font-weight: 400;\">Naklejka samoprzylepna, przezroczysta lub nieprzezroczysta<\/span><\/td>\n<\/tr>\n<tr>\n<td><span style=\"font-weight: 400;\">Tolerancja etykietowania<\/span><\/td>\n<td><span style=\"font-weight: 400;\">\u00b10,5 mm<\/span><\/td>\n<\/tr>\n<tr>\n<td><span style=\"font-weight: 400;\">Wydajno\u015b\u0107 (jednostki\/min)<\/span><\/td>\n<td><span style=\"font-weight: 400;\">15 ~ 30<\/span><\/td>\n<\/tr>\n<tr>\n<td><span style=\"font-weight: 400;\">Rozmiar butelki (mm)<\/span><\/td>\n<td><span style=\"font-weight: 400;\">\u00d815 ~ \u00d8155 Regulowane<\/span><\/td>\n<\/tr>\n<tr>\n<td><span style=\"font-weight: 400;\">Rozmiar etykiety (mm)<\/span><\/td>\n<td><span style=\"font-weight: 400;\">L: 20-400; Szer.(wys.): 20-220<\/span><\/td>\n<\/tr>\n<tr>\n<td><span style=\"font-weight: 400;\">Rozmiar maszyny (d\u0142.*szer.*wys.)<\/span><\/td>\n<td><span style=\"font-weight: 400;\">\u2248920*470*560 (mm)<\/span><\/td>\n<\/tr>\n<tr>\n<td><span style=\"font-weight: 400;\">Rozmiar opakowania (d\u0142.*szer.*wys.)<\/span><\/td>\n<td><span style=\"font-weight: 400;\">\u2248 1020*660*740 (mm)<\/span><\/td>\n<\/tr>\n<tr>\n<td><span style=\"font-weight: 400;\">Wolta\u017c<\/span><\/td>\n<td><span style=\"font-weight: 400;\">220V\/110V 50(60)HZ;<\/span><\/td>\n<\/tr>\n<tr>\n<td><span style=\"font-weight: 400;\">Moc<\/span><\/td>\n<td><span style=\"font-weight: 400;\">120 W<\/span><\/td>\n<\/tr>\n<tr>\n<td><span style=\"font-weight: 400;\">NW (KG)<\/span><\/td>\n<td><span style=\"font-weight: 400;\">\u2248 45,0<\/span><\/td>\n<\/tr>\n<tr>\n<td><span style=\"font-weight: 400;\">GW (KG)<\/span><\/td>\n<td><span style=\"font-weight: 400;\">\u2248 67,5<\/span><\/td>\n<\/tr>\n<tr>\n<td><span style=\"font-weight: 400;\">Rolka z etykietami<\/span><\/td>\n<td><span style=\"font-weight: 400;\">ID: \u00d876mm;OD:\u2264300mm<\/span><\/td>\n<\/tr>\n<tr>\n<td><span style=\"font-weight: 400;\">Dop\u0142yw powietrza<\/span><\/td>\n<td><span style=\"font-weight: 400;\">0,4 ~ 0,6 MPa<\/span><\/td>\n<\/tr>\n<tr>\n<td><span style=\"font-weight: 400;\">Podstawowa aplikacja<\/span><\/td>\n<td><span style=\"font-weight: 400;\">* Do wszystkich typ\u00f3w <\/span><b>etykietowanie obiekt\u00f3w cylindrycznych<\/b><span style=\"font-weight: 400;\"> i sto\u017ckowe, takie jak ksylitol, <\/span><b>butelki kosmetyczne<\/b><span style=\"font-weight: 400;\">, <\/span><b>butelki wina<\/b><span style=\"font-weight: 400;\">.<\/span><\/p>\n<p><span style=\"font-weight: 400;\">* Mo\u017cna owin\u0105\u0107 jedn\u0105 etykiet\u0119 wok\u00f3\u0142 etykietowania, dwie etykiety z przodu i z ty\u0142u oraz etykiet\u0119 orientacyjn\u0105.<\/span><\/p>\n<p><span style=\"font-weight: 400;\">* Mo\u017cna doda\u0107 drukark\u0119 dat, aby podczas etykietowania drukowa\u0107 dat\u0119 produkcji, parti\u0119 i dat\u0119 wa\u017cno\u015bci.<\/span><\/p>\n<p><span style=\"font-weight: 400;\">* Szeroko stosowane w przemy\u015ble spo\u017cywczym, kosmetycznym, chemicznym, farmaceutycznym i innych.<\/span><\/p>\n<p><span style=\"font-weight: 400;\">*Obs\u0142uguje personalizacj\u0119. W magazynie.<\/span><\/td>\n<\/tr>\n<\/tbody>\n<\/table>\n<p>&nbsp;<\/p>","protected":false},"excerpt":{"rendered":"<p><span style=\"font-weight: 400;\">The <strong>maszyna do etykietowania butelek<\/strong> i p\u00f3\u0142automatyczne s\u0142oiki s\u0105 niezb\u0119dnym narz\u0119dziem w produkcji i pakowaniu p\u0142ynnych produkt\u00f3w spo\u017cywczych i napoj\u00f3w takich jak piwo, wino czy olej. Ta maszyna jest odpowiedzialna za <strong>pojemniki z etykietami<\/strong> szybko i efektywnie, zwi\u0119kszaj\u0105c produktywno\u015b\u0107 i redukuj\u0105c koszty pracy.<\/span><\/p>\n<p><span style=\"font-weight: 400;\">Maszyna <strong>p\u00f3\u0142automatyczna maszyna do etykietowania<\/strong> Jest \u0142atwy w u\u017cyciu i zaprojektowany tak, aby pasowa\u0142 do r\u00f3\u017cnych rozmiar\u00f3w i kszta\u0142t\u00f3w butelek i s\u0142oik\u00f3w.<\/span><\/p>\n<div style=\"width: 520px;\" class=\"wp-video\"><video class=\"wp-video-shortcode\" id=\"video-5393-1\" width=\"520\" height=\"560\" preload=\"metadata\" controls=\"controls\"><source type=\"video\/mp4\" src=\"https:\/\/distribucionarc.com\/wp-content\/uploads\/2023\/03\/etiquetadoras-manuales.mp4?_=1\" \/><a href=\"https:\/\/distribucionarc.com\/wp-content\/uploads\/2023\/03\/etiquetadoras-manuales.mp4\">https:\/\/distribucionarc.com\/wp-content\/uploads\/2023\/03\/etiquetadoras-manuales.mp4<\/a><\/video><\/div>","protected":false},"featured_media":5398,"comment_status":"open","ping_status":"closed","template":"","meta":{"wds_primary_product_brand":0,"wds_primary_product_cat":0},"product_brand":[],"product_cat":[44],"product_tag":[],"class_list":{"0":"post-5393","1":"product","2":"type-product","3":"status-publish","4":"has-post-thumbnail","6":"product_cat-etiquetadoras-de-botellas","7":"product_shipping_class-express","9":"first","10":"instock","11":"sale","12":"taxable","13":"shipping-taxable","14":"purchasable","15":"product-type-simple"},"yoast_head":"<!-- This site is optimized with the Yoast SEO Premium plugin v24.9 (Yoast SEO v26.1) - https:\/\/yoast.com\/wordpress\/plugins\/seo\/ -->\n<title>Maquina Etiquetadora de botellas, tarros semi automatica cerveza, vino, aceite - distribuci\u00f3n ARC<\/title>\n<meta name=\"robots\" content=\"index, follow, max-snippet:-1, max-image-preview:large, max-video-preview:-1\" \/>\n<link rel=\"canonical\" href=\"https:\/\/distribucionarc.com\/pl\/produkty\/polautomatyczna-maszyna-do-etykietowania-butelek-sloikow-piwa-wina-oleju\/\" \/>\n<meta property=\"og:locale\" content=\"pl_PL\" \/>\n<meta property=\"og:type\" content=\"article\" \/>\n<meta property=\"og:title\" content=\"Maquina Etiquetadora de botellas, tarros semi automatica cerveza, vino, aceite\" \/>\n<meta property=\"og:description\" content=\"La m\u00e1quina etiquetadora de botellas y tarros semi-autom\u00e1tica es una herramienta esencial en la producci\u00f3n y envasado de bebidas y alimentos l\u00edquidos como cerveza, vino y aceite. Esta m\u00e1quina se encarga de etiquetar los envases de manera r\u00e1pida y eficiente, lo que aumenta la productividad y reduce los costos de mano de obra.  La m\u00e1quina etiquetadora semi-autom\u00e1tica es f\u00e1cil de usar y est\u00e1 dise\u00f1ada para adaptarse a diferentes tama\u00f1os y formas de botellas y tarros.\" \/>\n<meta property=\"og:url\" content=\"https:\/\/distribucionarc.com\/pl\/produkty\/polautomatyczna-maszyna-do-etykietowania-butelek-sloikow-piwa-wina-oleju\/\" \/>\n<meta property=\"og:site_name\" content=\"distribuci\u00f3n ARC\" \/>\n<meta property=\"article:modified_time\" content=\"2023-03-31T12:11:29+00:00\" \/>\n<meta property=\"og:image\" content=\"https:\/\/distribucionarc.com\/wp-content\/uploads\/2023\/03\/etiquetadora-de-botellas.jpg\" \/>\n\t<meta property=\"og:image:width\" content=\"480\" \/>\n\t<meta property=\"og:image:height\" content=\"480\" \/>\n\t<meta property=\"og:image:type\" content=\"image\/jpeg\" \/>\n<meta name=\"twitter:card\" content=\"summary_large_image\" \/>\n<meta name=\"twitter:label1\" content=\"Szacowany czas czytania\" \/>\n\t<meta name=\"twitter:data1\" content=\"1 minuta\" \/>\n<script type=\"application\/ld+json\" class=\"yoast-schema-graph\">{\"@context\":\"https:\/\/schema.org\",\"@graph\":[{\"@type\":\"WebPage\",\"@id\":\"https:\/\/distribucionarc.com\/de\/producto\/maquina-etiquetadora-de-botellas-tarros-semi-automatica-cerveza-vino-aceite\/\",\"url\":\"https:\/\/distribucionarc.com\/de\/producto\/maquina-etiquetadora-de-botellas-tarros-semi-automatica-cerveza-vino-aceite\/\",\"name\":\"Maquina Etiquetadora de botellas, tarros semi automatica cerveza, vino, aceite - distribuci\u00f3n ARC\",\"isPartOf\":{\"@id\":\"https:\/\/www.distribucionarc.com\/sl\/#website\"},\"primaryImageOfPage\":{\"@id\":\"https:\/\/distribucionarc.com\/de\/producto\/maquina-etiquetadora-de-botellas-tarros-semi-automatica-cerveza-vino-aceite\/#primaryimage\"},\"image\":{\"@id\":\"https:\/\/distribucionarc.com\/de\/producto\/maquina-etiquetadora-de-botellas-tarros-semi-automatica-cerveza-vino-aceite\/#primaryimage\"},\"thumbnailUrl\":\"https:\/\/distribucionarc.com\/wp-content\/uploads\/2023\/03\/etiquetadora-de-botellas.jpg\",\"datePublished\":\"2023-03-31T09:36:10+00:00\",\"dateModified\":\"2023-03-31T12:11:29+00:00\",\"breadcrumb\":{\"@id\":\"https:\/\/distribucionarc.com\/de\/producto\/maquina-etiquetadora-de-botellas-tarros-semi-automatica-cerveza-vino-aceite\/#breadcrumb\"},\"inLanguage\":\"pl-PL\",\"potentialAction\":[{\"@type\":\"ReadAction\",\"target\":[\"https:\/\/distribucionarc.com\/de\/producto\/maquina-etiquetadora-de-botellas-tarros-semi-automatica-cerveza-vino-aceite\/\"]}]},{\"@type\":\"ImageObject\",\"inLanguage\":\"pl-PL\",\"@id\":\"https:\/\/distribucionarc.com\/de\/producto\/maquina-etiquetadora-de-botellas-tarros-semi-automatica-cerveza-vino-aceite\/#primaryimage\",\"url\":\"https:\/\/distribucionarc.com\/wp-content\/uploads\/2023\/03\/etiquetadora-de-botellas.jpg\",\"contentUrl\":\"https:\/\/distribucionarc.com\/wp-content\/uploads\/2023\/03\/etiquetadora-de-botellas.jpg\",\"width\":480,\"height\":480},{\"@type\":\"BreadcrumbList\",\"@id\":\"https:\/\/distribucionarc.com\/de\/producto\/maquina-etiquetadora-de-botellas-tarros-semi-automatica-cerveza-vino-aceite\/#breadcrumb\",\"itemListElement\":[{\"@type\":\"ListItem\",\"position\":1,\"name\":\"Portada\",\"item\":\"https:\/\/www.distribucionarc.com\/\"},{\"@type\":\"ListItem\",\"position\":2,\"name\":\"\u00dcr\u00fcnler\",\"item\":\"https:\/\/www.distribucionarc.com\/tr\/magaza\/\"},{\"@type\":\"ListItem\",\"position\":3,\"name\":\"Maquina Etiquetadora de botellas, tarros semi automatica cerveza, vino, aceite\"}]},{\"@type\":\"WebSite\",\"@id\":\"https:\/\/www.distribucionarc.com\/sl\/#website\",\"url\":\"https:\/\/www.distribucionarc.com\/sl\/\",\"name\":\"distribuci\u00f3n ARC\",\"description\":\"Empresa especializada en la fabricaci\u00f3n y distribuci\u00f3n de maquinaria industrial, selladoras de latas, Maquinas de hacer pastillas, Maquinas de cortar carne...\",\"publisher\":{\"@id\":\"https:\/\/www.distribucionarc.com\/sl\/#organization\"},\"potentialAction\":[{\"@type\":\"SearchAction\",\"target\":{\"@type\":\"EntryPoint\",\"urlTemplate\":\"https:\/\/www.distribucionarc.com\/sl\/?s={search_term_string}\"},\"query-input\":{\"@type\":\"PropertyValueSpecification\",\"valueRequired\":true,\"valueName\":\"search_term_string\"}}],\"inLanguage\":\"pl-PL\"},{\"@type\":\"Organization\",\"@id\":\"https:\/\/www.distribucionarc.com\/sl\/#organization\",\"name\":\"Distribuci\u00f3n ARC\",\"url\":\"https:\/\/www.distribucionarc.com\/sl\/\",\"logo\":{\"@type\":\"ImageObject\",\"inLanguage\":\"pl-PL\",\"@id\":\"https:\/\/www.distribucionarc.com\/sl\/#\/schema\/logo\/image\/\",\"url\":\"https:\/\/distribucionarc.com\/wp-content\/uploads\/2024\/10\/distribucion-ARC-COLOR-SIN-FONDO-e1732295305345.png\",\"contentUrl\":\"https:\/\/distribucionarc.com\/wp-content\/uploads\/2024\/10\/distribucion-ARC-COLOR-SIN-FONDO-e1732295305345.png\",\"width\":1164,\"height\":558,\"caption\":\"Distribuci\u00f3n ARC\"},\"image\":{\"@id\":\"https:\/\/www.distribucionarc.com\/sl\/#\/schema\/logo\/image\/\"},\"description\":\"Empresa especializada en la fabricaci\u00f3n y distribuci\u00f3n de maquinaria industrial para los sectores alimentario y farmac\u00e9utico. Nos especializamos en: M\u00e1quinas de cortar carne Fabricaci\u00f3n de comprimidos Sistemas de transporte industrial L\u00edneas de embotellado Dosificadores Y mucho m\u00e1s... Ofrecemos soluciones innovadoras y personalizadas para optimizar los procesos productivos de tu empresa.\",\"email\":\"Admistracion@distribucionarc.com\",\"telephone\":\"+34 643496664\",\"legalName\":\"ARC TECH SOLUTIONS\",\"foundingDate\":\"2024-04-09\",\"vatID\":\"B55480172\",\"numberOfEmployees\":{\"@type\":\"QuantitativeValue\",\"minValue\":\"1\",\"maxValue\":\"10\"}}]}<\/script>\n<!-- \/ Yoast SEO Premium plugin. -->","yoast_head_json":{"title":"P\u00f3\u0142automatyczna etykieciarka do butelek, s\u0142oik\u00f3w do piwa, wina, oliwy - dystrybucja ARC","robots":{"index":"index","follow":"follow","max-snippet":"max-snippet:-1","max-image-preview":"max-image-preview:large","max-video-preview":"max-video-preview:-1"},"canonical":"https:\/\/distribucionarc.com\/pl\/produkty\/polautomatyczna-maszyna-do-etykietowania-butelek-sloikow-piwa-wina-oleju\/","og_locale":"pl_PL","og_type":"article","og_title":"Maquina Etiquetadora de botellas, tarros semi automatica cerveza, vino, aceite","og_description":"La m\u00e1quina etiquetadora de botellas y tarros semi-autom\u00e1tica es una herramienta esencial en la producci\u00f3n y envasado de bebidas y alimentos l\u00edquidos como cerveza, vino y aceite. Esta m\u00e1quina se encarga de etiquetar los envases de manera r\u00e1pida y eficiente, lo que aumenta la productividad y reduce los costos de mano de obra.  La m\u00e1quina etiquetadora semi-autom\u00e1tica es f\u00e1cil de usar y est\u00e1 dise\u00f1ada para adaptarse a diferentes tama\u00f1os y formas de botellas y tarros.","og_url":"https:\/\/distribucionarc.com\/pl\/produkty\/polautomatyczna-maszyna-do-etykietowania-butelek-sloikow-piwa-wina-oleju\/","og_site_name":"distribuci\u00f3n ARC","article_modified_time":"2023-03-31T12:11:29+00:00","og_image":[{"width":480,"height":480,"url":"https:\/\/distribucionarc.com\/wp-content\/uploads\/2023\/03\/etiquetadora-de-botellas.jpg","type":"image\/jpeg"}],"twitter_card":"summary_large_image","twitter_misc":{"Szacowany czas czytania":"1 minuta"},"schema":{"@context":"https:\/\/schema.org","@graph":[{"@type":"WebPage","@id":"https:\/\/distribucionarc.com\/de\/producto\/maquina-etiquetadora-de-botellas-tarros-semi-automatica-cerveza-vino-aceite\/","url":"https:\/\/distribucionarc.com\/de\/producto\/maquina-etiquetadora-de-botellas-tarros-semi-automatica-cerveza-vino-aceite\/","name":"P\u00f3\u0142automatyczna etykieciarka do butelek, s\u0142oik\u00f3w do piwa, wina, oliwy - dystrybucja ARC","isPartOf":{"@id":"https:\/\/www.distribucionarc.com\/sl\/#website"},"primaryImageOfPage":{"@id":"https:\/\/distribucionarc.com\/de\/producto\/maquina-etiquetadora-de-botellas-tarros-semi-automatica-cerveza-vino-aceite\/#primaryimage"},"image":{"@id":"https:\/\/distribucionarc.com\/de\/producto\/maquina-etiquetadora-de-botellas-tarros-semi-automatica-cerveza-vino-aceite\/#primaryimage"},"thumbnailUrl":"https:\/\/distribucionarc.com\/wp-content\/uploads\/2023\/03\/etiquetadora-de-botellas.jpg","datePublished":"2023-03-31T09:36:10+00:00","dateModified":"2023-03-31T12:11:29+00:00","breadcrumb":{"@id":"https:\/\/distribucionarc.com\/de\/producto\/maquina-etiquetadora-de-botellas-tarros-semi-automatica-cerveza-vino-aceite\/#breadcrumb"},"inLanguage":"pl-PL","potentialAction":[{"@type":"ReadAction","target":["https:\/\/distribucionarc.com\/de\/producto\/maquina-etiquetadora-de-botellas-tarros-semi-automatica-cerveza-vino-aceite\/"]}]},{"@type":"ImageObject","inLanguage":"pl-PL","@id":"https:\/\/distribucionarc.com\/de\/producto\/maquina-etiquetadora-de-botellas-tarros-semi-automatica-cerveza-vino-aceite\/#primaryimage","url":"https:\/\/distribucionarc.com\/wp-content\/uploads\/2023\/03\/etiquetadora-de-botellas.jpg","contentUrl":"https:\/\/distribucionarc.com\/wp-content\/uploads\/2023\/03\/etiquetadora-de-botellas.jpg","width":480,"height":480},{"@type":"BreadcrumbList","@id":"https:\/\/distribucionarc.com\/de\/producto\/maquina-etiquetadora-de-botellas-tarros-semi-automatica-cerveza-vino-aceite\/#breadcrumb","itemListElement":[{"@type":"ListItem","position":1,"name":"Portada","item":"https:\/\/www.distribucionarc.com\/"},{"@type":"ListItem","position":2,"name":"\u00dcr\u00fcnler","item":"https:\/\/www.distribucionarc.com\/tr\/magaza\/"},{"@type":"ListItem","position":3,"name":"Maquina Etiquetadora de botellas, tarros semi automatica cerveza, vino, aceite"}]},{"@type":"WebSite","@id":"https:\/\/www.distribucionarc.com\/sl\/#website","url":"https:\/\/www.distribucionarc.com\/sl\/","name":"Dystrybucja ARC","description":"Firma specjalizuj\u0105ca si\u0119 w produkcji i dystrybucji maszyn przemys\u0142owych, zgrzewarek do puszek, maszyn do produkcji tabletek, maszyn do ci\u0119cia mi\u0119sa...","publisher":{"@id":"https:\/\/www.distribucionarc.com\/sl\/#organization"},"potentialAction":[{"@type":"SearchAction","target":{"@type":"EntryPoint","urlTemplate":"https:\/\/www.distribucionarc.com\/sl\/?s={search_term_string}"},"query-input":{"@type":"PropertyValueSpecification","valueRequired":true,"valueName":"search_term_string"}}],"inLanguage":"pl-PL"},{"@type":"Organization","@id":"https:\/\/www.distribucionarc.com\/sl\/#organization","name":"Dystrybucja ARC","url":"https:\/\/www.distribucionarc.com\/sl\/","logo":{"@type":"ImageObject","inLanguage":"pl-PL","@id":"https:\/\/www.distribucionarc.com\/sl\/#\/schema\/logo\/image\/","url":"https:\/\/distribucionarc.com\/wp-content\/uploads\/2024\/10\/distribucion-ARC-COLOR-SIN-FONDO-e1732295305345.png","contentUrl":"https:\/\/distribucionarc.com\/wp-content\/uploads\/2024\/10\/distribucion-ARC-COLOR-SIN-FONDO-e1732295305345.png","width":1164,"height":558,"caption":"Distribuci\u00f3n ARC"},"image":{"@id":"https:\/\/www.distribucionarc.com\/sl\/#\/schema\/logo\/image\/"},"description":"Firma specjalizuj\u0105ca si\u0119 w produkcji i dystrybucji maszyn przemys\u0142owych dla sektora spo\u017cywczego i farmaceutycznego. Specjalizujemy si\u0119 w: Maszyny do krojenia mi\u0119sa Produkcja tabletek Przemys\u0142owe systemy transportowe Linie butelkuj\u0105ce Dozowniki I wiele wi\u0119cej.... Oferujemy innowacyjne i niestandardowe rozwi\u0105zania w celu optymalizacji proces\u00f3w produkcyjnych w Twojej firmie.","email":"Admistracion@distribucionarc.com","telephone":"+34 643496664","legalName":"ARC TECH SOLUTIONS","foundingDate":"2024-04-09","vatID":"B55480172","numberOfEmployees":{"@type":"QuantitativeValue","minValue":"1","maxValue":"10"}}]}},"_links":{"self":[{"href":"https:\/\/distribucionarc.com\/pl\/wp-json\/wp\/v2\/product\/5393","targetHints":{"allow":["GET"]}}],"collection":[{"href":"https:\/\/distribucionarc.com\/pl\/wp-json\/wp\/v2\/product"}],"about":[{"href":"https:\/\/distribucionarc.com\/pl\/wp-json\/wp\/v2\/types\/product"}],"replies":[{"embeddable":true,"href":"https:\/\/distribucionarc.com\/pl\/wp-json\/wp\/v2\/comments?post=5393"}],"version-history":[{"count":0,"href":"https:\/\/distribucionarc.com\/pl\/wp-json\/wp\/v2\/product\/5393\/revisions"}],"wp:featuredmedia":[{"embeddable":true,"href":"https:\/\/distribucionarc.com\/pl\/wp-json\/wp\/v2\/media\/5398"}],"wp:attachment":[{"href":"https:\/\/distribucionarc.com\/pl\/wp-json\/wp\/v2\/media?parent=5393"}],"wp:term":[{"taxonomy":"product_brand","embeddable":true,"href":"https:\/\/distribucionarc.com\/pl\/wp-json\/wp\/v2\/product_brand?post=5393"},{"taxonomy":"product_cat","embeddable":true,"href":"https:\/\/distribucionarc.com\/pl\/wp-json\/wp\/v2\/product_cat?post=5393"},{"taxonomy":"product_tag","embeddable":true,"href":"https:\/\/distribucionarc.com\/pl\/wp-json\/wp\/v2\/product_tag?post=5393"}],"curies":[{"name":"wp","href":"https:\/\/api.w.org\/{rel}","templated":true}]}}