{"id":5404,"date":"2023-03-31T15:50:20","date_gmt":"2023-03-31T15:50:20","guid":{"rendered":"https:\/\/distribucionarc.com\/?post_type=product&#038;p=5404"},"modified":"2023-03-31T15:59:39","modified_gmt":"2023-03-31T15:59:39","slug":"polautomatyczna-maszyna-do-zamykania-butelek-szklanych-i-plastikowych","status":"publish","type":"product","link":"https:\/\/distribucionarc.com\/pl\/producto\/maquina-tapadora-de-botellas-de-plastico-y-cristal-semi-automatica\/","title":{"rendered":"P\u00f3\u0142automatyczna maszyna do zamykania butelek plastikowych i szklanych"},"content":{"rendered":"<h3><b>Cechy maszyny do zamykania plastiku i metalu<\/b><\/h3>\n<ol>\n<li><span style=\"font-weight: 400;\"> Maszyna posiada urz\u0105dzenie pozycjonuj\u0105ce, dzia\u0142anie jest znormalizowane.<\/span><\/li>\n<li><span style=\"font-weight: 400;\"> Zakres stosowania zakr\u0119tek jest szeroki, mo\u017cna je stosowa\u0107 do r\u00f3\u017cnych plastikowych i metalowych okr\u0105g\u0142ych nakr\u0119tek gwintowanych.<\/span><\/li>\n<li><span style=\"font-weight: 400;\"> Pr\u0119dko\u015b\u0107 zamykania mo\u017cna regulowa\u0107.<\/span><\/li>\n<li><span style=\"font-weight: 400;\"> W zakresie tym maszyn\u0119 mo\u017cna dostosowa\u0107 do zakr\u0119cania odpowiednich zakr\u0119tek butelek.<\/span><\/li>\n<\/ol>\n<table>\n<tbody>\n<tr>\n<td><span style=\"font-weight: 400;\">Model<\/span><\/td>\n<td><span style=\"font-weight: 400;\">ARDX-450<\/span><\/td>\n<\/tr>\n<tr>\n<td><span style=\"font-weight: 400;\">Napi\u0119cie<\/span><\/td>\n<td><span style=\"font-weight: 400;\">220 V\/50 Hz 110 V\/60 Hz<\/span><\/td>\n<\/tr>\n<tr>\n<td><span style=\"font-weight: 400;\">M\u00f3c<\/span><\/td>\n<td><span style=\"font-weight: 400;\">50 W<\/span><\/td>\n<\/tr>\n<tr>\n<td><span style=\"font-weight: 400;\">Nap\u0119dzany typem<\/span><\/td>\n<td><span style=\"font-weight: 400;\">Elektryczny<\/span><\/td>\n<\/tr>\n<tr>\n<td><span style=\"font-weight: 400;\">Dost\u0119pna \u015brednica pokrywy<\/span><\/td>\n<td><span style=\"font-weight: 400;\">10-50mm (dodatkowy wa\u0142 do 100mm)<\/span><\/td>\n<\/tr>\n<tr>\n<td><span style=\"font-weight: 400;\">Dost\u0119pna wysoko\u015b\u0107 butelki (wliczaj\u0105c zakr\u0119tk\u0119)<\/span><\/td>\n<td><span style=\"font-weight: 400;\">100-220 mm<\/span><\/td>\n<\/tr>\n<tr>\n<td><span style=\"font-weight: 400;\">Zdolno\u015b\u0107 produkcyjna<\/span><\/td>\n<td><span style=\"font-weight: 400;\">20-40 razy\/min<\/span><\/td>\n<\/tr>\n<tr>\n<td><span style=\"font-weight: 400;\">Rozmiar opakowania<\/span><\/td>\n<td><span style=\"font-weight: 400;\">Wymiary: 52cm * 30cm * 53cm<\/span><\/td>\n<\/tr>\n<tr>\n<td><span style=\"font-weight: 400;\">Waga brutto<\/span><\/td>\n<td><span style=\"font-weight: 400;\">40 KG<\/span><\/td>\n<\/tr>\n<\/tbody>\n<\/table>\n<p>&nbsp;<\/p>\n<div style=\"width: 640px;\" class=\"wp-video\"><video class=\"wp-video-shortcode\" id=\"video-5404-2\" width=\"640\" height=\"368\" preload=\"metadata\" controls=\"controls\"><source type=\"video\/mp4\" src=\"https:\/\/distribucionarc.com\/wp-content\/uploads\/2023\/03\/tapadora-de-botes-de-plastico-semiautomatica.mp4?_=2\" \/><a href=\"https:\/\/distribucionarc.com\/wp-content\/uploads\/2023\/03\/tapadora-de-botes-de-plastico-semiautomatica.mp4\">https:\/\/distribucionarc.com\/wp-content\/uploads\/2023\/03\/tapadora-de-botes-de-plastico-semiautomatica.mp4<\/a><\/video><\/div>","protected":false},"excerpt":{"rendered":"<p><span style=\"font-weight: 400;\">P\u00f3\u0142automatyczna maszyna zamykaj\u0105ca jest wydajnym rozwi\u0105zaniem dla <\/span><b>zamkni\u0119cie do butelki plastikowej<\/b><span style=\"font-weight: 400;\"> i z <\/span><b>szk\u0142o<\/b><span style=\"font-weight: 400;\"> na linii produkcyjnej. Tego typu maszyny s\u0105 powszechnie stosowane w ma\u0142ych i \u015brednich przedsi\u0119biorstwach, w kt\u00f3rych wymagana jest sta\u0142a i kontrolowana produkcja pojemnik\u00f3w z pokrywkami.<\/span><\/p>\n<p>&nbsp;<\/p>\n<p><span style=\"font-weight: 400;\">Jedn\u0105 z g\u0142\u00f3wnych zalet tego typu <\/span><b>maszyna do zamykania<\/b><span style=\"font-weight: 400;\"> Jego uniwersalno\u015b\u0107 polega na tym, \u017ce mo\u017cna go dopasowa\u0107 do butelek o r\u00f3\u017cnych rozmiarach i kszta\u0142tach, a tak\u017ce do r\u00f3\u017cnych rodzaj\u00f3w zakr\u0119tek. Ponadto kompaktowa i przyjazna u\u017cytkownikowi konstrukcja pozwala na szybk\u0105 instalacj\u0119 i uruchomienie, co skraca przestoje w produkcji.<\/span><\/p>\n<div style=\"width: 444px;\" class=\"wp-video\"><video class=\"wp-video-shortcode\" id=\"video-5404-1\" width=\"444\" height=\"460\" preload=\"metadata\" controls=\"controls\"><source type=\"video\/mp4\" src=\"https:\/\/distribucionarc.com\/wp-content\/uploads\/2023\/03\/maquina-Tapadora-para-frascos-de-cristal.mp4?_=1\" \/><a href=\"https:\/\/distribucionarc.com\/wp-content\/uploads\/2023\/03\/maquina-Tapadora-para-frascos-de-cristal.mp4\">https:\/\/distribucionarc.com\/wp-content\/uploads\/2023\/03\/maquina-Tapadora-para-frascos-de-cristal.mp4<\/a><\/video><\/div>\n<p>&nbsp;<\/p>","protected":false},"featured_media":5407,"comment_status":"open","ping_status":"closed","template":"","meta":{"wds_primary_product_brand":0,"wds_primary_product_cat":0},"product_brand":[],"product_cat":[28],"product_tag":[],"class_list":{"0":"post-5404","1":"product","2":"type-product","3":"status-publish","4":"has-post-thumbnail","6":"product_cat-tapadoras","7":"product_shipping_class-express","9":"first","10":"instock","11":"taxable","12":"shipping-taxable","13":"purchasable","14":"product-type-simple"},"yoast_head":"<!-- This site is optimized with the Yoast SEO Premium plugin v24.9 (Yoast SEO v26.1) - https:\/\/yoast.com\/wordpress\/plugins\/seo\/ -->\n<title>Maquina tapadora de botellas de pl\u00e1stico y cristal semi autom\u00e1tica - distribuci\u00f3n ARC<\/title>\n<meta name=\"robots\" content=\"index, follow, max-snippet:-1, max-image-preview:large, max-video-preview:-1\" \/>\n<link rel=\"canonical\" href=\"https:\/\/distribucionarc.com\/pl\/produkty\/polautomatyczna-maszyna-do-zamykania-butelek-szklanych-i-plastikowych\/\" \/>\n<meta property=\"og:locale\" content=\"pl_PL\" \/>\n<meta property=\"og:type\" content=\"article\" \/>\n<meta property=\"og:title\" content=\"Maquina tapadora de botellas de pl\u00e1stico y cristal semi autom\u00e1tica\" \/>\n<meta property=\"og:description\" content=\"Una m\u00e1quina tapadora semi autom\u00e1tica es una soluci\u00f3n eficiente para el cierre de botellas de pl\u00e1stico y de cristal en una l\u00ednea de producci\u00f3n. Este tipo de m\u00e1quinas se utilizan com\u00fanmente en peque\u00f1as y medianas empresas que requieren una producci\u00f3n constante y controlada de envases con tapa.  &nbsp;  Una de las principales ventajas de este tipo de m\u00e1quina tapadora es su versatilidad, ya que se puede adaptar a diferentes tama\u00f1os y formas de botellas, as\u00ed como a diversos tipos de tapas. Adem\u00e1s, su dise\u00f1o compacto y f\u00e1cil de usar permite una r\u00e1pida instalaci\u00f3n y puesta en marcha, lo que reduce los tiempos de inactividad en la producci\u00f3n.    &nbsp;\" \/>\n<meta property=\"og:url\" content=\"https:\/\/distribucionarc.com\/pl\/produkty\/polautomatyczna-maszyna-do-zamykania-butelek-szklanych-i-plastikowych\/\" \/>\n<meta property=\"og:site_name\" content=\"distribuci\u00f3n ARC\" \/>\n<meta property=\"article:modified_time\" content=\"2023-03-31T15:59:39+00:00\" \/>\n<meta property=\"og:image\" content=\"https:\/\/distribucionarc.com\/wp-content\/uploads\/2023\/03\/tapadora-para-botes-de-cristal.jpg\" \/>\n\t<meta property=\"og:image:width\" content=\"960\" \/>\n\t<meta property=\"og:image:height\" content=\"770\" \/>\n\t<meta property=\"og:image:type\" content=\"image\/jpeg\" \/>\n<meta name=\"twitter:card\" content=\"summary_large_image\" \/>\n<meta name=\"twitter:label1\" content=\"Szacowany czas czytania\" \/>\n\t<meta name=\"twitter:data1\" content=\"1 minuta\" \/>\n<script type=\"application\/ld+json\" class=\"yoast-schema-graph\">{\"@context\":\"https:\/\/schema.org\",\"@graph\":[{\"@type\":\"WebPage\",\"@id\":\"https:\/\/distribucionarc.com\/en\/producto\/maquina-tapadora-de-botellas-de-plastico-y-cristal-semi-automatica\/\",\"url\":\"https:\/\/distribucionarc.com\/en\/producto\/maquina-tapadora-de-botellas-de-plastico-y-cristal-semi-automatica\/\",\"name\":\"Maquina tapadora de botellas de pl\u00e1stico y cristal semi autom\u00e1tica - distribuci\u00f3n ARC\",\"isPartOf\":{\"@id\":\"https:\/\/www.distribucionarc.com\/sl\/#website\"},\"primaryImageOfPage\":{\"@id\":\"https:\/\/distribucionarc.com\/en\/producto\/maquina-tapadora-de-botellas-de-plastico-y-cristal-semi-automatica\/#primaryimage\"},\"image\":{\"@id\":\"https:\/\/distribucionarc.com\/en\/producto\/maquina-tapadora-de-botellas-de-plastico-y-cristal-semi-automatica\/#primaryimage\"},\"thumbnailUrl\":\"https:\/\/distribucionarc.com\/wp-content\/uploads\/2023\/03\/tapadora-para-botes-de-cristal.jpg\",\"datePublished\":\"2023-03-31T15:50:20+00:00\",\"dateModified\":\"2023-03-31T15:59:39+00:00\",\"breadcrumb\":{\"@id\":\"https:\/\/distribucionarc.com\/en\/producto\/maquina-tapadora-de-botellas-de-plastico-y-cristal-semi-automatica\/#breadcrumb\"},\"inLanguage\":\"pl-PL\",\"potentialAction\":[{\"@type\":\"ReadAction\",\"target\":[\"https:\/\/distribucionarc.com\/en\/producto\/maquina-tapadora-de-botellas-de-plastico-y-cristal-semi-automatica\/\"]}]},{\"@type\":\"ImageObject\",\"inLanguage\":\"pl-PL\",\"@id\":\"https:\/\/distribucionarc.com\/en\/producto\/maquina-tapadora-de-botellas-de-plastico-y-cristal-semi-automatica\/#primaryimage\",\"url\":\"https:\/\/distribucionarc.com\/wp-content\/uploads\/2023\/03\/tapadora-para-botes-de-cristal.jpg\",\"contentUrl\":\"https:\/\/distribucionarc.com\/wp-content\/uploads\/2023\/03\/tapadora-para-botes-de-cristal.jpg\",\"width\":960,\"height\":770},{\"@type\":\"BreadcrumbList\",\"@id\":\"https:\/\/distribucionarc.com\/en\/producto\/maquina-tapadora-de-botellas-de-plastico-y-cristal-semi-automatica\/#breadcrumb\",\"itemListElement\":[{\"@type\":\"ListItem\",\"position\":1,\"name\":\"Portada\",\"item\":\"https:\/\/www.distribucionarc.com\/\"},{\"@type\":\"ListItem\",\"position\":2,\"name\":\"\u00dcr\u00fcnler\",\"item\":\"https:\/\/www.distribucionarc.com\/tr\/magaza\/\"},{\"@type\":\"ListItem\",\"position\":3,\"name\":\"Maquina tapadora de botellas de pl\u00e1stico y cristal semi autom\u00e1tica\"}]},{\"@type\":\"WebSite\",\"@id\":\"https:\/\/www.distribucionarc.com\/sl\/#website\",\"url\":\"https:\/\/www.distribucionarc.com\/sl\/\",\"name\":\"distribuci\u00f3n ARC\",\"description\":\"Empresa especializada en la fabricaci\u00f3n y distribuci\u00f3n de maquinaria industrial, selladoras de latas, Maquinas de hacer pastillas, Maquinas de cortar carne...\",\"publisher\":{\"@id\":\"https:\/\/www.distribucionarc.com\/sl\/#organization\"},\"potentialAction\":[{\"@type\":\"SearchAction\",\"target\":{\"@type\":\"EntryPoint\",\"urlTemplate\":\"https:\/\/www.distribucionarc.com\/sl\/?s={search_term_string}\"},\"query-input\":{\"@type\":\"PropertyValueSpecification\",\"valueRequired\":true,\"valueName\":\"search_term_string\"}}],\"inLanguage\":\"pl-PL\"},{\"@type\":\"Organization\",\"@id\":\"https:\/\/www.distribucionarc.com\/sl\/#organization\",\"name\":\"Distribuci\u00f3n ARC\",\"url\":\"https:\/\/www.distribucionarc.com\/sl\/\",\"logo\":{\"@type\":\"ImageObject\",\"inLanguage\":\"pl-PL\",\"@id\":\"https:\/\/www.distribucionarc.com\/sl\/#\/schema\/logo\/image\/\",\"url\":\"https:\/\/distribucionarc.com\/wp-content\/uploads\/2024\/10\/distribucion-ARC-COLOR-SIN-FONDO-e1732295305345.png\",\"contentUrl\":\"https:\/\/distribucionarc.com\/wp-content\/uploads\/2024\/10\/distribucion-ARC-COLOR-SIN-FONDO-e1732295305345.png\",\"width\":1164,\"height\":558,\"caption\":\"Distribuci\u00f3n ARC\"},\"image\":{\"@id\":\"https:\/\/www.distribucionarc.com\/sl\/#\/schema\/logo\/image\/\"},\"description\":\"Empresa especializada en la fabricaci\u00f3n y distribuci\u00f3n de maquinaria industrial para los sectores alimentario y farmac\u00e9utico. Nos especializamos en: M\u00e1quinas de cortar carne Fabricaci\u00f3n de comprimidos Sistemas de transporte industrial L\u00edneas de embotellado Dosificadores Y mucho m\u00e1s... Ofrecemos soluciones innovadoras y personalizadas para optimizar los procesos productivos de tu empresa.\",\"email\":\"Admistracion@distribucionarc.com\",\"telephone\":\"+34 643496664\",\"legalName\":\"ARC TECH SOLUTIONS\",\"foundingDate\":\"2024-04-09\",\"vatID\":\"B55480172\",\"numberOfEmployees\":{\"@type\":\"QuantitativeValue\",\"minValue\":\"1\",\"maxValue\":\"10\"}}]}<\/script>\n<!-- \/ Yoast SEO Premium plugin. -->","yoast_head_json":{"title":"P\u00f3\u0142automatyczna maszyna zamykaj\u0105ca do butelek plastikowych i szklanych - dystrybucja ARC","robots":{"index":"index","follow":"follow","max-snippet":"max-snippet:-1","max-image-preview":"max-image-preview:large","max-video-preview":"max-video-preview:-1"},"canonical":"https:\/\/distribucionarc.com\/pl\/produkty\/polautomatyczna-maszyna-do-zamykania-butelek-szklanych-i-plastikowych\/","og_locale":"pl_PL","og_type":"article","og_title":"Maquina tapadora de botellas de pl\u00e1stico y cristal semi autom\u00e1tica","og_description":"Una m\u00e1quina tapadora semi autom\u00e1tica es una soluci\u00f3n eficiente para el cierre de botellas de pl\u00e1stico y de cristal en una l\u00ednea de producci\u00f3n. Este tipo de m\u00e1quinas se utilizan com\u00fanmente en peque\u00f1as y medianas empresas que requieren una producci\u00f3n constante y controlada de envases con tapa.  &nbsp;  Una de las principales ventajas de este tipo de m\u00e1quina tapadora es su versatilidad, ya que se puede adaptar a diferentes tama\u00f1os y formas de botellas, as\u00ed como a diversos tipos de tapas. Adem\u00e1s, su dise\u00f1o compacto y f\u00e1cil de usar permite una r\u00e1pida instalaci\u00f3n y puesta en marcha, lo que reduce los tiempos de inactividad en la producci\u00f3n.    &nbsp;","og_url":"https:\/\/distribucionarc.com\/pl\/produkty\/polautomatyczna-maszyna-do-zamykania-butelek-szklanych-i-plastikowych\/","og_site_name":"distribuci\u00f3n ARC","article_modified_time":"2023-03-31T15:59:39+00:00","og_image":[{"width":960,"height":770,"url":"https:\/\/distribucionarc.com\/wp-content\/uploads\/2023\/03\/tapadora-para-botes-de-cristal.jpg","type":"image\/jpeg"}],"twitter_card":"summary_large_image","twitter_misc":{"Szacowany czas czytania":"1 minuta"},"schema":{"@context":"https:\/\/schema.org","@graph":[{"@type":"WebPage","@id":"https:\/\/distribucionarc.com\/en\/producto\/maquina-tapadora-de-botellas-de-plastico-y-cristal-semi-automatica\/","url":"https:\/\/distribucionarc.com\/en\/producto\/maquina-tapadora-de-botellas-de-plastico-y-cristal-semi-automatica\/","name":"P\u00f3\u0142automatyczna maszyna zamykaj\u0105ca do butelek plastikowych i szklanych - dystrybucja ARC","isPartOf":{"@id":"https:\/\/www.distribucionarc.com\/sl\/#website"},"primaryImageOfPage":{"@id":"https:\/\/distribucionarc.com\/en\/producto\/maquina-tapadora-de-botellas-de-plastico-y-cristal-semi-automatica\/#primaryimage"},"image":{"@id":"https:\/\/distribucionarc.com\/en\/producto\/maquina-tapadora-de-botellas-de-plastico-y-cristal-semi-automatica\/#primaryimage"},"thumbnailUrl":"https:\/\/distribucionarc.com\/wp-content\/uploads\/2023\/03\/tapadora-para-botes-de-cristal.jpg","datePublished":"2023-03-31T15:50:20+00:00","dateModified":"2023-03-31T15:59:39+00:00","breadcrumb":{"@id":"https:\/\/distribucionarc.com\/en\/producto\/maquina-tapadora-de-botellas-de-plastico-y-cristal-semi-automatica\/#breadcrumb"},"inLanguage":"pl-PL","potentialAction":[{"@type":"ReadAction","target":["https:\/\/distribucionarc.com\/en\/producto\/maquina-tapadora-de-botellas-de-plastico-y-cristal-semi-automatica\/"]}]},{"@type":"ImageObject","inLanguage":"pl-PL","@id":"https:\/\/distribucionarc.com\/en\/producto\/maquina-tapadora-de-botellas-de-plastico-y-cristal-semi-automatica\/#primaryimage","url":"https:\/\/distribucionarc.com\/wp-content\/uploads\/2023\/03\/tapadora-para-botes-de-cristal.jpg","contentUrl":"https:\/\/distribucionarc.com\/wp-content\/uploads\/2023\/03\/tapadora-para-botes-de-cristal.jpg","width":960,"height":770},{"@type":"BreadcrumbList","@id":"https:\/\/distribucionarc.com\/en\/producto\/maquina-tapadora-de-botellas-de-plastico-y-cristal-semi-automatica\/#breadcrumb","itemListElement":[{"@type":"ListItem","position":1,"name":"Portada","item":"https:\/\/www.distribucionarc.com\/"},{"@type":"ListItem","position":2,"name":"\u00dcr\u00fcnler","item":"https:\/\/www.distribucionarc.com\/tr\/magaza\/"},{"@type":"ListItem","position":3,"name":"Maquina tapadora de botellas de pl\u00e1stico y cristal semi autom\u00e1tica"}]},{"@type":"WebSite","@id":"https:\/\/www.distribucionarc.com\/sl\/#website","url":"https:\/\/www.distribucionarc.com\/sl\/","name":"Dystrybucja ARC","description":"Firma specjalizuj\u0105ca si\u0119 w produkcji i dystrybucji maszyn przemys\u0142owych, zgrzewarek do puszek, maszyn do produkcji tabletek, maszyn do ci\u0119cia mi\u0119sa...","publisher":{"@id":"https:\/\/www.distribucionarc.com\/sl\/#organization"},"potentialAction":[{"@type":"SearchAction","target":{"@type":"EntryPoint","urlTemplate":"https:\/\/www.distribucionarc.com\/sl\/?s={search_term_string}"},"query-input":{"@type":"PropertyValueSpecification","valueRequired":true,"valueName":"search_term_string"}}],"inLanguage":"pl-PL"},{"@type":"Organization","@id":"https:\/\/www.distribucionarc.com\/sl\/#organization","name":"Dystrybucja ARC","url":"https:\/\/www.distribucionarc.com\/sl\/","logo":{"@type":"ImageObject","inLanguage":"pl-PL","@id":"https:\/\/www.distribucionarc.com\/sl\/#\/schema\/logo\/image\/","url":"https:\/\/distribucionarc.com\/wp-content\/uploads\/2024\/10\/distribucion-ARC-COLOR-SIN-FONDO-e1732295305345.png","contentUrl":"https:\/\/distribucionarc.com\/wp-content\/uploads\/2024\/10\/distribucion-ARC-COLOR-SIN-FONDO-e1732295305345.png","width":1164,"height":558,"caption":"Distribuci\u00f3n ARC"},"image":{"@id":"https:\/\/www.distribucionarc.com\/sl\/#\/schema\/logo\/image\/"},"description":"Firma specjalizuj\u0105ca si\u0119 w produkcji i dystrybucji maszyn przemys\u0142owych dla sektora spo\u017cywczego i farmaceutycznego. Specjalizujemy si\u0119 w: Maszyny do krojenia mi\u0119sa Produkcja tabletek Przemys\u0142owe systemy transportowe Linie butelkuj\u0105ce Dozowniki I wiele wi\u0119cej.... Oferujemy innowacyjne i niestandardowe rozwi\u0105zania w celu optymalizacji proces\u00f3w produkcyjnych w Twojej firmie.","email":"Admistracion@distribucionarc.com","telephone":"+34 643496664","legalName":"ARC TECH SOLUTIONS","foundingDate":"2024-04-09","vatID":"B55480172","numberOfEmployees":{"@type":"QuantitativeValue","minValue":"1","maxValue":"10"}}]}},"_links":{"self":[{"href":"https:\/\/distribucionarc.com\/pl\/wp-json\/wp\/v2\/product\/5404","targetHints":{"allow":["GET"]}}],"collection":[{"href":"https:\/\/distribucionarc.com\/pl\/wp-json\/wp\/v2\/product"}],"about":[{"href":"https:\/\/distribucionarc.com\/pl\/wp-json\/wp\/v2\/types\/product"}],"replies":[{"embeddable":true,"href":"https:\/\/distribucionarc.com\/pl\/wp-json\/wp\/v2\/comments?post=5404"}],"version-history":[{"count":0,"href":"https:\/\/distribucionarc.com\/pl\/wp-json\/wp\/v2\/product\/5404\/revisions"}],"wp:featuredmedia":[{"embeddable":true,"href":"https:\/\/distribucionarc.com\/pl\/wp-json\/wp\/v2\/media\/5407"}],"wp:attachment":[{"href":"https:\/\/distribucionarc.com\/pl\/wp-json\/wp\/v2\/media?parent=5404"}],"wp:term":[{"taxonomy":"product_brand","embeddable":true,"href":"https:\/\/distribucionarc.com\/pl\/wp-json\/wp\/v2\/product_brand?post=5404"},{"taxonomy":"product_cat","embeddable":true,"href":"https:\/\/distribucionarc.com\/pl\/wp-json\/wp\/v2\/product_cat?post=5404"},{"taxonomy":"product_tag","embeddable":true,"href":"https:\/\/distribucionarc.com\/pl\/wp-json\/wp\/v2\/product_tag?post=5404"}],"curies":[{"name":"wp","href":"https:\/\/api.w.org\/{rel}","templated":true}]}}