{"id":5464,"date":"2023-04-25T11:47:42","date_gmt":"2023-04-25T11:47:42","guid":{"rendered":"https:\/\/distribucionarc.com\/?post_type=product&#038;p=5464"},"modified":"2024-05-18T08:04:53","modified_gmt":"2024-05-18T08:04:53","slug":"maszyna-do-produkcji-pigulek-tabletek-reczna-lub-automatyczna-tabletka","status":"publish","type":"product","link":"https:\/\/distribucionarc.com\/pl\/producto\/maquina-para-hacer-pastillas-comprimidos-tableteadora-manual-o-automatica\/","title":{"rendered":"Maszyna do produkcji tabletek, tabletek, r\u0119czna lub automatyczna"},"content":{"rendered":"<h2>Prasa do produkcji tabletek jest maszyn\u0105 stosowan\u0105 w przemy\u015ble.<\/h2>\n<p><a href=\"https:\/\/distribucionarc.com\/wp-content\/uploads\/2023\/04\/prensa-pastillas.jpeg\"><img loading=\"lazy\" decoding=\"async\" class=\"alignnone size-medium wp-image-5470\" src=\"https:\/\/distribucionarc.com\/wp-content\/uploads\/2023\/04\/prensa-pastillas-300x300.jpeg\" alt=\"\" width=\"300\" height=\"300\" srcset=\"https:\/\/distribucionarc.com\/wp-content\/uploads\/2023\/04\/prensa-pastillas-300x300.jpeg 300w, https:\/\/distribucionarc.com\/wp-content\/uploads\/2023\/04\/prensa-pastillas-430x430.jpeg 430w, https:\/\/distribucionarc.com\/wp-content\/uploads\/2023\/04\/prensa-pastillas-150x150.jpeg 150w, https:\/\/distribucionarc.com\/wp-content\/uploads\/2023\/04\/prensa-pastillas-700x700.jpeg 700w, https:\/\/distribucionarc.com\/wp-content\/uploads\/2023\/04\/prensa-pastillas-768x768.jpeg 768w, https:\/\/distribucionarc.com\/wp-content\/uploads\/2023\/04\/prensa-pastillas-12x12.jpeg 12w, https:\/\/distribucionarc.com\/wp-content\/uploads\/2023\/04\/prensa-pastillas-320x320.jpeg 320w, https:\/\/distribucionarc.com\/wp-content\/uploads\/2023\/04\/prensa-pastillas-600x600.jpeg 600w, https:\/\/distribucionarc.com\/wp-content\/uploads\/2023\/04\/prensa-pastillas-100x100.jpeg 100w, https:\/\/distribucionarc.com\/wp-content\/uploads\/2023\/04\/prensa-pastillas-48x48.jpeg 48w, https:\/\/distribucionarc.com\/wp-content\/uploads\/2023\/04\/prensa-pastillas.jpeg 800w\" sizes=\"auto, (max-width: 300px) 100vw, 300px\" \/><\/a><\/p>\n<p>Ta maszyna ma pr\u0119dko\u015b\u0107 produkcyjn\u0105 od 30 do 50 tabletek na minut\u0119.<\/p>\n<p>Chocia\u017c produkcja jest r\u0119czna, <strong>prasa do pigu\u0142ek<\/strong> manualna pozostaje wysoce wydajn\u0105 i precyzyjn\u0105 maszyn\u0105. Mo\u017cliwo\u015b\u0107 produkcji wysokiej jako\u015bci tablet\u00f3w w du\u017cych ilo\u015bciach sprawia, \u017ce jest to popularny wyb\u00f3r dla ma\u0142ych i \u015brednich firm, kt\u00f3re chc\u0105 ulepszy\u0107 swoj\u0105 produkcj\u0119 i zaspokoi\u0107 potrzeby swoich klient\u00f3w.<\/p>\n<div style=\"width: 408px;\" class=\"wp-video\"><video class=\"wp-video-shortcode\" id=\"video-5464-1\" width=\"408\" height=\"720\" preload=\"metadata\" controls=\"controls\"><source type=\"video\/mp4\" src=\"https:\/\/distribucionarc.com\/wp-content\/uploads\/2023\/04\/Maquina-para-hacer-pastillas-comprimidos-tableteadora-manual-o-automatica.mp4?_=1\" \/><a href=\"https:\/\/distribucionarc.com\/wp-content\/uploads\/2023\/04\/Maquina-para-hacer-pastillas-comprimidos-tableteadora-manual-o-automatica.mp4\">https:\/\/distribucionarc.com\/wp-content\/uploads\/2023\/04\/Maquina-para-hacer-pastillas-comprimidos-tableteadora-manual-o-automatica.mp4<\/a><\/video><\/div>\n<p>&nbsp;<\/p>\n<p>Specyfikacje techniczne <strong>r\u0119czna maszyna do robienia pigu\u0142ek<\/strong>: AR00702<\/p>\n<p>Liczba matryc: w zestawie 1<\/p>\n<p>Wydajno\u015b\u0107 produkcyjna: 30-50\/min<\/p>\n<p>Maksymalna \u015brednica tabletu, tabletu: 15 mm<\/p>\n<p>Grubo\u015b\u0107 tabletki, tabletka: 2-6 mm<\/p>\n<p>Maksymalne ci\u015bnienie: 3,1 kN<\/p>\n<p>Liczba sztuk wype\u0142nienia: 1<\/p>\n<p>Tablet dwuwarstwowy: Nie<\/p>\n<p>Waga: 25,4 kg<\/p>\n<p>Wysoko\u015b\u0107: 51 cm<\/p>\n<p>Certyfikaty: CE, RHOS<\/p>\n<h2>Dost\u0119pna r\u00f3wnie\u017c automatyczna maszyna do robienia tabletek w tabletki<\/h2>\n<p>Numer referencyjny: AR00703<\/p>\n<div style=\"width: 960px;\" class=\"wp-video\"><video class=\"wp-video-shortcode\" id=\"video-5464-2\" width=\"960\" height=\"544\" preload=\"metadata\" controls=\"controls\"><source type=\"video\/mp4\" src=\"https:\/\/distribucionarc.com\/wp-content\/uploads\/2023\/04\/Maquina-para-hacer-pastillas-automatica.mp4?_=2\" \/><a href=\"https:\/\/distribucionarc.com\/wp-content\/uploads\/2023\/04\/Maquina-para-hacer-pastillas-automatica.mp4\">https:\/\/distribucionarc.com\/wp-content\/uploads\/2023\/04\/Maquina-para-hacer-pastillas-automatica.mp4<\/a><\/video><\/div>","protected":false},"excerpt":{"rendered":"<p>The <strong>maszyna do robienia pigu\u0142ek<\/strong> o r\u00f3\u017cnych rozmiarach to wysoce wyspecjalizowany i precyzyjny sprz\u0119t stosowany przy produkcji <strong>leki<\/strong> I <strong>suplementy diety<\/strong>. Ta maszyna jest zdolna do produkcji <strong>tabletki<\/strong> w rozmiarach od <strong>5mm do 15mm<\/strong>co pozwala nam dostosowa\u0107 si\u0119 do specyficznych potrzeb ka\u017cdego klienta.<\/p>","protected":false},"featured_media":5465,"comment_status":"open","ping_status":"closed","template":"","meta":{"wds_primary_product_brand":0,"wds_primary_product_cat":0},"product_brand":[],"product_cat":[84],"product_tag":[],"class_list":{"0":"post-5464","1":"product","2":"type-product","3":"status-publish","4":"has-post-thumbnail","6":"product_cat-maquinas-para-hacer-pastillas","7":"product_shipping_class-express","9":"first","10":"instock","11":"taxable","12":"shipping-taxable","13":"purchasable","14":"product-type-simple"},"yoast_head":"<!-- This site is optimized with the Yoast SEO Premium plugin v24.9 (Yoast SEO v26.1) - https:\/\/yoast.com\/wordpress\/plugins\/seo\/ -->\n<title>Maquina para hacer pastillas, comprimidos tableteadora manual o autom\u00e1tica - distribuci\u00f3n ARC<\/title>\n<meta name=\"robots\" content=\"index, follow, max-snippet:-1, max-image-preview:large, max-video-preview:-1\" \/>\n<link rel=\"canonical\" href=\"https:\/\/www.distribucionarc.com\/en\/producto\/maquina-para-hacer-pastillas-comprimidos-tableteadora-manual-o-automatica\/\" \/>\n<meta property=\"og:locale\" content=\"pl_PL\" \/>\n<meta property=\"og:type\" content=\"article\" \/>\n<meta property=\"og:title\" content=\"Maquina para hacer pastillas, comprimidos tableteadora manual o autom\u00e1tica\" \/>\n<meta property=\"og:description\" content=\"La m\u00e1quina para hacer pastillas de diferentes tama\u00f1os es un equipo altamente especializado y preciso que se utiliza en la fabricaci\u00f3n de medicamentos y suplementos nutricionales. Esta m\u00e1quina es capaz de producir comprimidos de tama\u00f1os que van desde 5 mm hasta 15 mm, lo que permite adaptarse a las necesidades espec\u00edficas de cada cliente.\" \/>\n<meta property=\"og:url\" content=\"https:\/\/www.distribucionarc.com\/en\/producto\/maquina-para-hacer-pastillas-comprimidos-tableteadora-manual-o-automatica\/\" \/>\n<meta property=\"og:site_name\" content=\"distribuci\u00f3n ARC\" \/>\n<meta property=\"article:modified_time\" content=\"2024-05-18T08:04:53+00:00\" \/>\n<meta property=\"og:image\" content=\"https:\/\/www.distribucionarc.com\/wp-content\/uploads\/2023\/04\/maquina-para-hacer-pastillas.jpeg\" \/>\n\t<meta property=\"og:image:width\" content=\"1600\" \/>\n\t<meta property=\"og:image:height\" content=\"1600\" \/>\n\t<meta property=\"og:image:type\" content=\"image\/jpeg\" \/>\n<meta name=\"twitter:card\" content=\"summary_large_image\" \/>\n<meta name=\"twitter:label1\" content=\"Szacowany czas czytania\" \/>\n\t<meta name=\"twitter:data1\" content=\"1 minuta\" \/>\n<script type=\"application\/ld+json\" class=\"yoast-schema-graph\">{\"@context\":\"https:\/\/schema.org\",\"@graph\":[{\"@type\":\"WebPage\",\"@id\":\"https:\/\/www.distribucionarc.com\/en\/producto\/maquina-para-hacer-pastillas-comprimidos-tableteadora-manual-o-automatica\/\",\"url\":\"https:\/\/www.distribucionarc.com\/en\/producto\/maquina-para-hacer-pastillas-comprimidos-tableteadora-manual-o-automatica\/\",\"name\":\"Maquina para hacer pastillas, comprimidos tableteadora manual o autom\u00e1tica - distribuci\u00f3n ARC\",\"isPartOf\":{\"@id\":\"https:\/\/www.distribucionarc.com\/sl\/#website\"},\"primaryImageOfPage\":{\"@id\":\"https:\/\/www.distribucionarc.com\/en\/producto\/maquina-para-hacer-pastillas-comprimidos-tableteadora-manual-o-automatica\/#primaryimage\"},\"image\":{\"@id\":\"https:\/\/www.distribucionarc.com\/en\/producto\/maquina-para-hacer-pastillas-comprimidos-tableteadora-manual-o-automatica\/#primaryimage\"},\"thumbnailUrl\":\"https:\/\/distribucionarc.com\/wp-content\/uploads\/2023\/04\/maquina-para-hacer-pastillas.jpeg\",\"datePublished\":\"2023-04-25T11:47:42+00:00\",\"dateModified\":\"2024-05-18T08:04:53+00:00\",\"breadcrumb\":{\"@id\":\"https:\/\/www.distribucionarc.com\/en\/producto\/maquina-para-hacer-pastillas-comprimidos-tableteadora-manual-o-automatica\/#breadcrumb\"},\"inLanguage\":\"pl-PL\",\"potentialAction\":[{\"@type\":\"ReadAction\",\"target\":[\"https:\/\/www.distribucionarc.com\/en\/producto\/maquina-para-hacer-pastillas-comprimidos-tableteadora-manual-o-automatica\/\"]}]},{\"@type\":\"ImageObject\",\"inLanguage\":\"pl-PL\",\"@id\":\"https:\/\/www.distribucionarc.com\/en\/producto\/maquina-para-hacer-pastillas-comprimidos-tableteadora-manual-o-automatica\/#primaryimage\",\"url\":\"https:\/\/distribucionarc.com\/wp-content\/uploads\/2023\/04\/maquina-para-hacer-pastillas.jpeg\",\"contentUrl\":\"https:\/\/distribucionarc.com\/wp-content\/uploads\/2023\/04\/maquina-para-hacer-pastillas.jpeg\",\"width\":1600,\"height\":1600},{\"@type\":\"BreadcrumbList\",\"@id\":\"https:\/\/www.distribucionarc.com\/en\/producto\/maquina-para-hacer-pastillas-comprimidos-tableteadora-manual-o-automatica\/#breadcrumb\",\"itemListElement\":[{\"@type\":\"ListItem\",\"position\":1,\"name\":\"Portada\",\"item\":\"https:\/\/www.distribucionarc.com\/\"},{\"@type\":\"ListItem\",\"position\":2,\"name\":\"\u00dcr\u00fcnler\",\"item\":\"https:\/\/www.distribucionarc.com\/tr\/magaza\/\"},{\"@type\":\"ListItem\",\"position\":3,\"name\":\"Maquina para hacer pastillas, comprimidos tableteadora manual o autom\u00e1tica\"}]},{\"@type\":\"WebSite\",\"@id\":\"https:\/\/www.distribucionarc.com\/sl\/#website\",\"url\":\"https:\/\/www.distribucionarc.com\/sl\/\",\"name\":\"distribuci\u00f3n ARC\",\"description\":\"Empresa especializada en la fabricaci\u00f3n y distribuci\u00f3n de maquinaria industrial, selladoras de latas, Maquinas de hacer pastillas, Maquinas de cortar carne...\",\"publisher\":{\"@id\":\"https:\/\/www.distribucionarc.com\/sl\/#organization\"},\"potentialAction\":[{\"@type\":\"SearchAction\",\"target\":{\"@type\":\"EntryPoint\",\"urlTemplate\":\"https:\/\/www.distribucionarc.com\/sl\/?s={search_term_string}\"},\"query-input\":{\"@type\":\"PropertyValueSpecification\",\"valueRequired\":true,\"valueName\":\"search_term_string\"}}],\"inLanguage\":\"pl-PL\"},{\"@type\":\"Organization\",\"@id\":\"https:\/\/www.distribucionarc.com\/sl\/#organization\",\"name\":\"Distribuci\u00f3n ARC\",\"url\":\"https:\/\/www.distribucionarc.com\/sl\/\",\"logo\":{\"@type\":\"ImageObject\",\"inLanguage\":\"pl-PL\",\"@id\":\"https:\/\/www.distribucionarc.com\/sl\/#\/schema\/logo\/image\/\",\"url\":\"https:\/\/distribucionarc.com\/wp-content\/uploads\/2024\/10\/distribucion-ARC-COLOR-SIN-FONDO-e1732295305345.png\",\"contentUrl\":\"https:\/\/distribucionarc.com\/wp-content\/uploads\/2024\/10\/distribucion-ARC-COLOR-SIN-FONDO-e1732295305345.png\",\"width\":1164,\"height\":558,\"caption\":\"Distribuci\u00f3n ARC\"},\"image\":{\"@id\":\"https:\/\/www.distribucionarc.com\/sl\/#\/schema\/logo\/image\/\"},\"description\":\"Empresa especializada en la fabricaci\u00f3n y distribuci\u00f3n de maquinaria industrial para los sectores alimentario y farmac\u00e9utico. Nos especializamos en: M\u00e1quinas de cortar carne Fabricaci\u00f3n de comprimidos Sistemas de transporte industrial L\u00edneas de embotellado Dosificadores Y mucho m\u00e1s... Ofrecemos soluciones innovadoras y personalizadas para optimizar los procesos productivos de tu empresa.\",\"email\":\"Admistracion@distribucionarc.com\",\"telephone\":\"+34 643496664\",\"legalName\":\"ARC TECH SOLUTIONS\",\"foundingDate\":\"2024-04-09\",\"vatID\":\"B55480172\",\"numberOfEmployees\":{\"@type\":\"QuantitativeValue\",\"minValue\":\"1\",\"maxValue\":\"10\"}}]}<\/script>\n<!-- \/ Yoast SEO Premium plugin. -->","yoast_head_json":{"title":"Tabletkarka, tabletkarka r\u0119czna lub automatyczna - dystrybucja ARC","robots":{"index":"index","follow":"follow","max-snippet":"max-snippet:-1","max-image-preview":"max-image-preview:large","max-video-preview":"max-video-preview:-1"},"canonical":"https:\/\/www.distribucionarc.com\/en\/producto\/maquina-para-hacer-pastillas-comprimidos-tableteadora-manual-o-automatica\/","og_locale":"pl_PL","og_type":"article","og_title":"Maquina para hacer pastillas, comprimidos tableteadora manual o autom\u00e1tica","og_description":"La m\u00e1quina para hacer pastillas de diferentes tama\u00f1os es un equipo altamente especializado y preciso que se utiliza en la fabricaci\u00f3n de medicamentos y suplementos nutricionales. Esta m\u00e1quina es capaz de producir comprimidos de tama\u00f1os que van desde 5 mm hasta 15 mm, lo que permite adaptarse a las necesidades espec\u00edficas de cada cliente.","og_url":"https:\/\/www.distribucionarc.com\/en\/producto\/maquina-para-hacer-pastillas-comprimidos-tableteadora-manual-o-automatica\/","og_site_name":"distribuci\u00f3n ARC","article_modified_time":"2024-05-18T08:04:53+00:00","og_image":[{"width":1600,"height":1600,"url":"https:\/\/www.distribucionarc.com\/wp-content\/uploads\/2023\/04\/maquina-para-hacer-pastillas.jpeg","type":"image\/jpeg"}],"twitter_card":"summary_large_image","twitter_misc":{"Szacowany czas czytania":"1 minuta"},"schema":{"@context":"https:\/\/schema.org","@graph":[{"@type":"WebPage","@id":"https:\/\/www.distribucionarc.com\/en\/producto\/maquina-para-hacer-pastillas-comprimidos-tableteadora-manual-o-automatica\/","url":"https:\/\/www.distribucionarc.com\/en\/producto\/maquina-para-hacer-pastillas-comprimidos-tableteadora-manual-o-automatica\/","name":"Tabletkarka, tabletkarka r\u0119czna lub automatyczna - dystrybucja ARC","isPartOf":{"@id":"https:\/\/www.distribucionarc.com\/sl\/#website"},"primaryImageOfPage":{"@id":"https:\/\/www.distribucionarc.com\/en\/producto\/maquina-para-hacer-pastillas-comprimidos-tableteadora-manual-o-automatica\/#primaryimage"},"image":{"@id":"https:\/\/www.distribucionarc.com\/en\/producto\/maquina-para-hacer-pastillas-comprimidos-tableteadora-manual-o-automatica\/#primaryimage"},"thumbnailUrl":"https:\/\/distribucionarc.com\/wp-content\/uploads\/2023\/04\/maquina-para-hacer-pastillas.jpeg","datePublished":"2023-04-25T11:47:42+00:00","dateModified":"2024-05-18T08:04:53+00:00","breadcrumb":{"@id":"https:\/\/www.distribucionarc.com\/en\/producto\/maquina-para-hacer-pastillas-comprimidos-tableteadora-manual-o-automatica\/#breadcrumb"},"inLanguage":"pl-PL","potentialAction":[{"@type":"ReadAction","target":["https:\/\/www.distribucionarc.com\/en\/producto\/maquina-para-hacer-pastillas-comprimidos-tableteadora-manual-o-automatica\/"]}]},{"@type":"ImageObject","inLanguage":"pl-PL","@id":"https:\/\/www.distribucionarc.com\/en\/producto\/maquina-para-hacer-pastillas-comprimidos-tableteadora-manual-o-automatica\/#primaryimage","url":"https:\/\/distribucionarc.com\/wp-content\/uploads\/2023\/04\/maquina-para-hacer-pastillas.jpeg","contentUrl":"https:\/\/distribucionarc.com\/wp-content\/uploads\/2023\/04\/maquina-para-hacer-pastillas.jpeg","width":1600,"height":1600},{"@type":"BreadcrumbList","@id":"https:\/\/www.distribucionarc.com\/en\/producto\/maquina-para-hacer-pastillas-comprimidos-tableteadora-manual-o-automatica\/#breadcrumb","itemListElement":[{"@type":"ListItem","position":1,"name":"Portada","item":"https:\/\/www.distribucionarc.com\/"},{"@type":"ListItem","position":2,"name":"\u00dcr\u00fcnler","item":"https:\/\/www.distribucionarc.com\/tr\/magaza\/"},{"@type":"ListItem","position":3,"name":"Maquina para hacer pastillas, comprimidos tableteadora manual o autom\u00e1tica"}]},{"@type":"WebSite","@id":"https:\/\/www.distribucionarc.com\/sl\/#website","url":"https:\/\/www.distribucionarc.com\/sl\/","name":"Dystrybucja ARC","description":"Firma specjalizuj\u0105ca si\u0119 w produkcji i dystrybucji maszyn przemys\u0142owych, zgrzewarek do puszek, maszyn do produkcji tabletek, maszyn do ci\u0119cia mi\u0119sa...","publisher":{"@id":"https:\/\/www.distribucionarc.com\/sl\/#organization"},"potentialAction":[{"@type":"SearchAction","target":{"@type":"EntryPoint","urlTemplate":"https:\/\/www.distribucionarc.com\/sl\/?s={search_term_string}"},"query-input":{"@type":"PropertyValueSpecification","valueRequired":true,"valueName":"search_term_string"}}],"inLanguage":"pl-PL"},{"@type":"Organization","@id":"https:\/\/www.distribucionarc.com\/sl\/#organization","name":"Dystrybucja ARC","url":"https:\/\/www.distribucionarc.com\/sl\/","logo":{"@type":"ImageObject","inLanguage":"pl-PL","@id":"https:\/\/www.distribucionarc.com\/sl\/#\/schema\/logo\/image\/","url":"https:\/\/distribucionarc.com\/wp-content\/uploads\/2024\/10\/distribucion-ARC-COLOR-SIN-FONDO-e1732295305345.png","contentUrl":"https:\/\/distribucionarc.com\/wp-content\/uploads\/2024\/10\/distribucion-ARC-COLOR-SIN-FONDO-e1732295305345.png","width":1164,"height":558,"caption":"Distribuci\u00f3n ARC"},"image":{"@id":"https:\/\/www.distribucionarc.com\/sl\/#\/schema\/logo\/image\/"},"description":"Firma specjalizuj\u0105ca si\u0119 w produkcji i dystrybucji maszyn przemys\u0142owych dla sektora spo\u017cywczego i farmaceutycznego. Specjalizujemy si\u0119 w: Maszyny do krojenia mi\u0119sa Produkcja tabletek Przemys\u0142owe systemy transportowe Linie butelkuj\u0105ce Dozowniki I wiele wi\u0119cej.... Oferujemy innowacyjne i niestandardowe rozwi\u0105zania w celu optymalizacji proces\u00f3w produkcyjnych w Twojej firmie.","email":"Admistracion@distribucionarc.com","telephone":"+34 643496664","legalName":"ARC TECH SOLUTIONS","foundingDate":"2024-04-09","vatID":"B55480172","numberOfEmployees":{"@type":"QuantitativeValue","minValue":"1","maxValue":"10"}}]}},"_links":{"self":[{"href":"https:\/\/distribucionarc.com\/pl\/wp-json\/wp\/v2\/product\/5464","targetHints":{"allow":["GET"]}}],"collection":[{"href":"https:\/\/distribucionarc.com\/pl\/wp-json\/wp\/v2\/product"}],"about":[{"href":"https:\/\/distribucionarc.com\/pl\/wp-json\/wp\/v2\/types\/product"}],"replies":[{"embeddable":true,"href":"https:\/\/distribucionarc.com\/pl\/wp-json\/wp\/v2\/comments?post=5464"}],"version-history":[{"count":0,"href":"https:\/\/distribucionarc.com\/pl\/wp-json\/wp\/v2\/product\/5464\/revisions"}],"wp:featuredmedia":[{"embeddable":true,"href":"https:\/\/distribucionarc.com\/pl\/wp-json\/wp\/v2\/media\/5465"}],"wp:attachment":[{"href":"https:\/\/distribucionarc.com\/pl\/wp-json\/wp\/v2\/media?parent=5464"}],"wp:term":[{"taxonomy":"product_brand","embeddable":true,"href":"https:\/\/distribucionarc.com\/pl\/wp-json\/wp\/v2\/product_brand?post=5464"},{"taxonomy":"product_cat","embeddable":true,"href":"https:\/\/distribucionarc.com\/pl\/wp-json\/wp\/v2\/product_cat?post=5464"},{"taxonomy":"product_tag","embeddable":true,"href":"https:\/\/distribucionarc.com\/pl\/wp-json\/wp\/v2\/product_tag?post=5464"}],"curies":[{"name":"wp","href":"https:\/\/api.w.org\/{rel}","templated":true}]}}