{"id":5695,"date":"2023-05-11T11:45:26","date_gmt":"2023-05-11T11:45:26","guid":{"rendered":"https:\/\/distribucionarc.com\/?post_type=product&#038;p=5695"},"modified":"2023-05-11T14:12:49","modified_gmt":"2023-05-11T14:12:49","slug":"mieszadlo-przemyslowe-dwuramienne-od-87l-do-175l","status":"publish","type":"product","link":"https:\/\/distribucionarc.com\/pl\/producto\/amasadora-industrial-de-doble-brazo-de-87l-a-175l\/","title":{"rendered":"Przemys\u0142owy mikser dwuramienny od 87 litr\u00f3w do 175 litr\u00f3w"},"content":{"rendered":"<h2>Mikser do chleba przemys\u0142owy 87l<\/h2>\n<p><a href=\"https:\/\/distribucionarc.com\/wp-content\/uploads\/2023\/05\/amasadora-industrial-panaderia.jpg\"><img loading=\"lazy\" decoding=\"async\" class=\"alignnone size-medium wp-image-5696\" src=\"https:\/\/distribucionarc.com\/wp-content\/uploads\/2023\/05\/amasadora-industrial-panaderia-300x300.jpg\" alt=\"\" width=\"300\" height=\"300\" srcset=\"https:\/\/distribucionarc.com\/wp-content\/uploads\/2023\/05\/amasadora-industrial-panaderia-300x300.jpg 300w, https:\/\/distribucionarc.com\/wp-content\/uploads\/2023\/05\/amasadora-industrial-panaderia-430x430.jpg 430w, https:\/\/distribucionarc.com\/wp-content\/uploads\/2023\/05\/amasadora-industrial-panaderia-150x150.jpg 150w, https:\/\/distribucionarc.com\/wp-content\/uploads\/2023\/05\/amasadora-industrial-panaderia-700x700.jpg 700w, https:\/\/distribucionarc.com\/wp-content\/uploads\/2023\/05\/amasadora-industrial-panaderia-768x768.jpg 768w, https:\/\/distribucionarc.com\/wp-content\/uploads\/2023\/05\/amasadora-industrial-panaderia-12x12.jpg 12w, https:\/\/distribucionarc.com\/wp-content\/uploads\/2023\/05\/amasadora-industrial-panaderia-48x48.jpg 48w, https:\/\/distribucionarc.com\/wp-content\/uploads\/2023\/05\/amasadora-industrial-panaderia.jpg 1000w\" sizes=\"auto, (max-width: 300px) 100vw, 300px\" \/><\/a><\/p>\n<p>To jest <strong>mikser przemys\u0142owy do chleba<\/strong> wysoka jako\u015b\u0107 wyprodukowana w Europie. Posiada pojemno\u015b\u0107 ciasta do 60 kg. Posiada ekran dotykowy i pracuje cicho z 2 regulowanymi poziomami pr\u0119dko\u015bci. Ponadto posiada timer, wy\u0142\u0105cznik awaryjny i mo\u017ce by\u0107 obs\u0142ugiwany automatycznie, p\u00f3\u0142automatycznie lub r\u0119cznie. Jego korpus wykonany jest ze stali nierdzewnej, dzi\u0119ki czemu jest mocny i trwa\u0142y. Posiada pod\u0142\u0105czenie elektryczne 3N\/PE \/ N \/ PE V \/ 50 Hz, a jego wymiary zewn\u0119trzne wynosz\u0105 610 mm x 860 mm x 1440 mm.<\/p>\n<p><a href=\"https:\/\/distribucionarc.com\/wp-content\/uploads\/2023\/05\/amasadora-de-pan.jpeg\"><img loading=\"lazy\" decoding=\"async\" class=\"alignnone size-medium wp-image-5698\" src=\"https:\/\/distribucionarc.com\/wp-content\/uploads\/2023\/05\/amasadora-de-pan-300x300.jpeg\" alt=\"\" width=\"300\" height=\"300\" srcset=\"https:\/\/distribucionarc.com\/wp-content\/uploads\/2023\/05\/amasadora-de-pan-300x300.jpeg 300w, https:\/\/distribucionarc.com\/wp-content\/uploads\/2023\/05\/amasadora-de-pan-430x430.jpeg 430w, https:\/\/distribucionarc.com\/wp-content\/uploads\/2023\/05\/amasadora-de-pan-150x150.jpeg 150w, https:\/\/distribucionarc.com\/wp-content\/uploads\/2023\/05\/amasadora-de-pan-700x700.jpeg 700w, https:\/\/distribucionarc.com\/wp-content\/uploads\/2023\/05\/amasadora-de-pan-768x768.jpeg 768w, https:\/\/distribucionarc.com\/wp-content\/uploads\/2023\/05\/amasadora-de-pan-12x12.jpeg 12w, https:\/\/distribucionarc.com\/wp-content\/uploads\/2023\/05\/amasadora-de-pan-48x48.jpeg 48w, https:\/\/distribucionarc.com\/wp-content\/uploads\/2023\/05\/amasadora-de-pan.jpeg 1000w\" sizes=\"auto, (max-width: 300px) 100vw, 300px\" \/><\/a><a href=\"https:\/\/distribucionarc.com\/wp-content\/uploads\/2023\/05\/amasadora-industrial-87l.jpeg\"><img loading=\"lazy\" decoding=\"async\" class=\"alignnone size-medium wp-image-5699\" src=\"https:\/\/distribucionarc.com\/wp-content\/uploads\/2023\/05\/amasadora-industrial-87l-300x300.jpeg\" alt=\"\" width=\"300\" height=\"300\" srcset=\"https:\/\/distribucionarc.com\/wp-content\/uploads\/2023\/05\/amasadora-industrial-87l-300x300.jpeg 300w, https:\/\/distribucionarc.com\/wp-content\/uploads\/2023\/05\/amasadora-industrial-87l-430x430.jpeg 430w, https:\/\/distribucionarc.com\/wp-content\/uploads\/2023\/05\/amasadora-industrial-87l-150x150.jpeg 150w, https:\/\/distribucionarc.com\/wp-content\/uploads\/2023\/05\/amasadora-industrial-87l-12x12.jpeg 12w, https:\/\/distribucionarc.com\/wp-content\/uploads\/2023\/05\/amasadora-industrial-87l-48x48.jpeg 48w, https:\/\/distribucionarc.com\/wp-content\/uploads\/2023\/05\/amasadora-industrial-87l.jpeg 600w\" sizes=\"auto, (max-width: 300px) 100vw, 300px\" \/><\/a><\/p>\n<p>Specyfikacje techniczne <strong>AR00905<\/strong><\/p>\n<ul>\n<li>\u00a0Pojemno\u015b\u0107 pojemnika 87 litr\u00f3w<\/li>\n<li>\u00a0Pojemno\u015b\u0107 ciasta do 60 kg<\/li>\n<li>\u00a0Moc od 1,1 do 1,5 kW<\/li>\n<li>\u00a0Napi\u0119cie 400V<\/li>\n<li>\u00a0Pod\u0142\u0105czenie elektryczne 3-fazowe 3N\/PE<\/li>\n<li>\u00a0Cz\u0119stotliwo\u015b\u0107 50 Hz<\/li>\n<li>\u00a0Wymiary zewn\u0119trzne wynosz\u0105 610 mm szeroko\u015bci, 860 mm g\u0142\u0119boko\u015bci i 1440 mm wysoko\u015bci<\/li>\n<\/ul>\n<p>&nbsp;<\/p>\n<h3>Mieszalnik przemys\u0142owy do piekarni 140l<\/h3>\n<p>&nbsp;<\/p>\n<p><a href=\"https:\/\/distribucionarc.com\/wp-content\/uploads\/2023\/05\/amasadora-panaderia-medidas.jpg\"><img loading=\"lazy\" decoding=\"async\" class=\"alignnone wp-image-5700 size-medium\" src=\"https:\/\/distribucionarc.com\/wp-content\/uploads\/2023\/05\/amasadora-panaderia-medidas-300x300.jpg\" alt=\"Mikser przemys\u0142owy do piekarni\" width=\"300\" height=\"300\" srcset=\"https:\/\/distribucionarc.com\/wp-content\/uploads\/2023\/05\/amasadora-panaderia-medidas-300x300.jpg 300w, https:\/\/distribucionarc.com\/wp-content\/uploads\/2023\/05\/amasadora-panaderia-medidas-430x430.jpg 430w, https:\/\/distribucionarc.com\/wp-content\/uploads\/2023\/05\/amasadora-panaderia-medidas-150x150.jpg 150w, https:\/\/distribucionarc.com\/wp-content\/uploads\/2023\/05\/amasadora-panaderia-medidas-700x700.jpg 700w, https:\/\/distribucionarc.com\/wp-content\/uploads\/2023\/05\/amasadora-panaderia-medidas-768x768.jpg 768w, https:\/\/distribucionarc.com\/wp-content\/uploads\/2023\/05\/amasadora-panaderia-medidas-12x12.jpg 12w, https:\/\/distribucionarc.com\/wp-content\/uploads\/2023\/05\/amasadora-panaderia-medidas-48x48.jpg 48w, https:\/\/distribucionarc.com\/wp-content\/uploads\/2023\/05\/amasadora-panaderia-medidas.jpg 1000w\" sizes=\"auto, (max-width: 300px) 100vw, 300px\" \/><\/a><\/p>\n<p>Ten <strong>mikser przemys\u0142owy ugniatarka<\/strong> Wysokiej jako\u015bci mikser o wydajno\u015bci do 80 kg ciasta, wyposa\u017cony w ekran dotykowy, cich\u0105 prac\u0119, 2 poziomy pr\u0119dko\u015bci, regulowany czas pracy, timer i wy\u0142\u0105cznik awaryjny, mo\u017ce pracowa\u0107 w trybie automatycznym, p\u00f3\u0142automatycznym lub r\u0119cznym. Jego elementy ze stali nierdzewnej, w tym korpus, kratka ochronna, kocio\u0142 i ramiona, gwarantuj\u0105 jego trwa\u0142o\u015b\u0107 i odporno\u015b\u0107. Jego wymiary zewn\u0119trzne to 710 mm szeroko\u015bci, 1020 mm g\u0142\u0119boko\u015bci i 1660 mm wysoko\u015bci, a moc wynosi od 1,5 do 2,2 kW z przy\u0142\u0105czem elektrycznym 3N\/PE lub N\/PE wolt\u00f3w i cz\u0119stotliwo\u015bci\u0105 50 Hz.<\/p>\n<p>Specyfikacje techniczne <strong>AR00906<\/strong><\/p>\n<ul>\n<li>Pojemno\u015b\u0107 140 litr\u00f3w i mo\u017cliwo\u015b\u0107 wa\u017cenia do 80 kg ciasta<\/li>\n<li>Posiada moc od 1,5 do 2,2 kW<\/li>\n<li>Napi\u0119cie 400V<\/li>\n<li>3 fazy z pod\u0142\u0105czeniem 50 Hz<\/li>\n<li>Wymiary zewn\u0119trzne wynosz\u0105 710 mm x 1020 mm x 1660 mm<\/li>\n<li>Waga 458 kg<\/li>\n<\/ul>\n<h3>Mieszalnik do ciasta na pizz\u0119 przemys\u0142owy 160l<\/h3>\n<p><a href=\"https:\/\/distribucionarc.com\/wp-content\/uploads\/2023\/05\/amasadora-pizza-medidas.jpg\"><img loading=\"lazy\" decoding=\"async\" class=\"alignnone size-medium wp-image-5701\" src=\"https:\/\/distribucionarc.com\/wp-content\/uploads\/2023\/05\/amasadora-pizza-medidas-300x300.jpg\" alt=\"\" width=\"300\" height=\"300\" srcset=\"https:\/\/distribucionarc.com\/wp-content\/uploads\/2023\/05\/amasadora-pizza-medidas-300x300.jpg 300w, https:\/\/distribucionarc.com\/wp-content\/uploads\/2023\/05\/amasadora-pizza-medidas-430x430.jpg 430w, https:\/\/distribucionarc.com\/wp-content\/uploads\/2023\/05\/amasadora-pizza-medidas-150x150.jpg 150w, https:\/\/distribucionarc.com\/wp-content\/uploads\/2023\/05\/amasadora-pizza-medidas-700x700.jpg 700w, https:\/\/distribucionarc.com\/wp-content\/uploads\/2023\/05\/amasadora-pizza-medidas-768x768.jpg 768w, https:\/\/distribucionarc.com\/wp-content\/uploads\/2023\/05\/amasadora-pizza-medidas-12x12.jpg 12w, https:\/\/distribucionarc.com\/wp-content\/uploads\/2023\/05\/amasadora-pizza-medidas-48x48.jpg 48w, https:\/\/distribucionarc.com\/wp-content\/uploads\/2023\/05\/amasadora-pizza-medidas.jpg 1000w\" sizes=\"auto, (max-width: 300px) 100vw, 300px\" \/><\/a><\/p>\n<p>Ten <strong>mikser do ciasta na pizz\u0119 przemys\u0142owy<\/strong> Jest to produkt wysokiej jako\u015bci, wyprodukowany w Europie, o wydajno\u015bci ciasta do 100 kg. Urz\u0105dzenie wyposa\u017cone jest w ekran dotykowy, cich\u0105 prac\u0119, dwa poziomy pr\u0119dko\u015bci, regulowany czas pracy, timer i wy\u0142\u0105cznik awaryjny. Mo\u017ce by\u0107 obs\u0142ugiwany automatycznie, p\u00f3\u0142automatycznie lub r\u0119cznie. Jego wymiary zewn\u0119trzne to 710 mm x 1020 mm x 1700 mm, a jego po\u0142\u0105czenie elektryczne to 3N\/PE \/ N \/ PE volts \/ 50 Hz o mocy 1,5 -2,2 kW.<\/p>\n<p>Specyfikacje techniczne <strong>AR00907<\/strong><\/p>\n<ul>\n<li>Szeroko\u015b\u0107: 710 mm<\/li>\n<li>G\u0142\u0119boko\u015b\u0107: 1020 mm<\/li>\n<li>Wysoko\u015b\u0107: 1700 mm<\/li>\n<li>Typ urz\u0105dzenia: mikser do ciasta<\/li>\n<li>Pojemno\u015b\u0107 pojemnika: 160 l<\/li>\n<li>No\u015bno\u015b\u0107: 100 kg<\/li>\n<li>Moc: 1,5 \u2013 2,2 kW<\/li>\n<li>Napi\u0119cie: 400V<\/li>\n<li>Fazy: 3N\/PE<\/li>\n<li>Cz\u0119stotliwo\u015b\u0107: 50 Hz<\/li>\n<li>Waga 615 kg<\/li>\n<\/ul>\n<p>&nbsp;<\/p>\n<h3>Mieszalnik dwuramienny przemys\u0142owy 175l<\/h3>\n<p><a href=\"https:\/\/distribucionarc.com\/wp-content\/uploads\/2023\/05\/amasadora-doble-brazo.jpg\"><img loading=\"lazy\" decoding=\"async\" class=\"alignnone size-medium wp-image-5702\" src=\"https:\/\/distribucionarc.com\/wp-content\/uploads\/2023\/05\/amasadora-doble-brazo-300x300.jpg\" alt=\"\" width=\"300\" height=\"300\" srcset=\"https:\/\/distribucionarc.com\/wp-content\/uploads\/2023\/05\/amasadora-doble-brazo-300x300.jpg 300w, https:\/\/distribucionarc.com\/wp-content\/uploads\/2023\/05\/amasadora-doble-brazo-430x430.jpg 430w, https:\/\/distribucionarc.com\/wp-content\/uploads\/2023\/05\/amasadora-doble-brazo-150x150.jpg 150w, https:\/\/distribucionarc.com\/wp-content\/uploads\/2023\/05\/amasadora-doble-brazo-700x700.jpg 700w, https:\/\/distribucionarc.com\/wp-content\/uploads\/2023\/05\/amasadora-doble-brazo-768x768.jpg 768w, https:\/\/distribucionarc.com\/wp-content\/uploads\/2023\/05\/amasadora-doble-brazo-12x12.jpg 12w, https:\/\/distribucionarc.com\/wp-content\/uploads\/2023\/05\/amasadora-doble-brazo-48x48.jpg 48w, https:\/\/distribucionarc.com\/wp-content\/uploads\/2023\/05\/amasadora-doble-brazo.jpg 1000w\" sizes=\"auto, (max-width: 300px) 100vw, 300px\" \/><\/a><\/p>\n<p>The <strong>mikser dwuramienny<\/strong> To produkt wysokiej jako\u015bci wyprodukowany w Europie. Posiada ekran dotykowy, cich\u0105 prac\u0119, 2 poziomy pr\u0119dko\u015bci, regulowany czas pracy, timer i zatrzymanie awaryjne. Urz\u0105dzenie mo\u017ce pracowa\u0107 w trybie automatycznym, p\u00f3\u0142automatycznym lub r\u0119cznym i jest \u0142atwe do czyszczenia. Mikser wykonany jest z wysokiej jako\u015bci stali nierdzewnej AISI 316L. Przy pod\u0142\u0105czeniu elektrycznym 3N\/PE \/ N \/ PE V \/ 50 Hz i mocy 2,5 \u2013 4,0 kW, jego wymiary zewn\u0119trzne wynosz\u0105 850 mm x 1050 mm x 1700 mm.<\/p>\n<p>Specyfikacje techniczne <strong>AR00908<\/strong><\/p>\n<ul>\n<li>Typ urz\u0105dzenia: mikser do ciasta<\/li>\n<li>Pojemno\u015b\u0107 pojemnika: 175 l<\/li>\n<li>No\u015bno\u015b\u0107: 120 kg<\/li>\n<li>Szeroko\u015b\u0107: 850 mm<\/li>\n<li>G\u0142\u0119boko\u015b\u0107: 1050 mm<\/li>\n<li>Wysoko\u015b\u0107: 1700 mm<\/li>\n<li>Moc: 2,5 \u2013 4,0 kW<\/li>\n<li>Napi\u0119cie: 400V<\/li>\n<li>Fazy: 3N\/PE<\/li>\n<li>Cz\u0119stotliwo\u015b\u0107: 50 Hz<\/li>\n<li>Waga: 765 kg<\/li>\n<\/ul>\n<p>&nbsp;<\/p>","protected":false},"excerpt":{"rendered":"<p>The <strong>miksery dwuramienne<\/strong> S\u0105 to maszyny o du\u017cej wydajno\u015bci, wykorzystywane w przemy\u015ble spo\u017cywczym do mieszania du\u017cych ilo\u015bci ciasta. Czy <a href=\"https:\/\/distribucionarc.com\/pl\/kategoria-produktu\/goscinnosc\/miksery-przemyslowe\/\">miksery przemys\u0142owe<\/a> Posiadaj\u0105 dwa ramiona mieszaj\u0105ce, kt\u00f3re wsp\u00f3\u0142pracuj\u0105 ze sob\u0105, aby uzyska\u0107 jednorodn\u0105 i jednolit\u0105 mieszank\u0119. Przeznaczone s\u0105 do pracy z g\u0119stymi i ci\u0119\u017ckimi ciastami, a ich wielko\u015b\u0107 i pojemno\u015b\u0107 zale\u017c\u0105 od potrzeb u\u017cytkownika. Miksery dwuramienne s\u0105 idealne do <strong>piekarnie<\/strong>, <strong>cukiernie<\/strong> i inni <strong>przemys\u0142 spo\u017cywczy<\/strong> kt\u00f3re wymagaj\u0105 wydajnego i wysokiej jako\u015bci mieszania.<\/p>","protected":false},"featured_media":5696,"comment_status":"open","ping_status":"closed","template":"","meta":{"wds_primary_product_brand":0,"wds_primary_product_cat":0},"product_brand":[],"product_cat":[95],"product_tag":[],"class_list":{"0":"post-5695","1":"product","2":"type-product","3":"status-publish","4":"has-post-thumbnail","6":"product_cat-amasadoras-industriales","7":"product_shipping_class-express","9":"first","10":"instock","11":"taxable","12":"shipping-taxable","13":"purchasable","14":"product-type-simple"},"yoast_head":"<!-- This site is optimized with the Yoast SEO Premium plugin v24.9 (Yoast SEO v26.1) - https:\/\/yoast.com\/wordpress\/plugins\/seo\/ -->\n<title>Amasadora industrial de doble brazo de 87 litros a 175litros - distribuci\u00f3n ARC<\/title>\n<meta name=\"robots\" content=\"index, follow, max-snippet:-1, max-image-preview:large, max-video-preview:-1\" \/>\n<link rel=\"canonical\" href=\"https:\/\/distribucionarc.com\/pl\/produkty\/mieszadlo-przemyslowe-dwuramienne-od-87l-do-175l\/\" \/>\n<meta property=\"og:locale\" content=\"pl_PL\" \/>\n<meta property=\"og:type\" content=\"article\" \/>\n<meta property=\"og:title\" content=\"Amasadora industrial de doble brazo de 87 litros a 175litros\" \/>\n<meta property=\"og:description\" content=\"Las amasadoras de doble brazo son m\u00e1quinas de alta capacidad utilizadas en la industria alimentaria para mezclar grandes cantidades de masa. Estas amasadoras industriales cuentan con dos brazos mezcladores que trabajan en conjunto para lograr una mezcla homog\u00e9nea y uniforme. Est\u00e1n dise\u00f1adas para trabajar con masas densas y pesadas, y su tama\u00f1o y capacidad var\u00edan seg\u00fan las necesidades del usuario. Las amasadoras de doble brazo son ideales para panader\u00edas, pasteler\u00edas y otras industrias alimentarias que requieren una mezcla eficiente y de alta calidad.\" \/>\n<meta property=\"og:url\" content=\"https:\/\/distribucionarc.com\/pl\/produkty\/mieszadlo-przemyslowe-dwuramienne-od-87l-do-175l\/\" \/>\n<meta property=\"og:site_name\" content=\"distribuci\u00f3n ARC\" \/>\n<meta property=\"article:modified_time\" content=\"2023-05-11T14:12:49+00:00\" \/>\n<meta property=\"og:image\" content=\"https:\/\/distribucionarc.com\/wp-content\/uploads\/2023\/05\/amasadora-industrial-panaderia.jpg\" \/>\n\t<meta property=\"og:image:width\" content=\"1000\" \/>\n\t<meta property=\"og:image:height\" content=\"1000\" \/>\n\t<meta property=\"og:image:type\" content=\"image\/jpeg\" \/>\n<meta name=\"twitter:card\" content=\"summary_large_image\" \/>\n<meta name=\"twitter:label1\" content=\"Szacowany czas czytania\" \/>\n\t<meta name=\"twitter:data1\" content=\"3 minuty\" \/>\n<script type=\"application\/ld+json\" class=\"yoast-schema-graph\">{\"@context\":\"https:\/\/schema.org\",\"@graph\":[{\"@type\":\"WebPage\",\"@id\":\"https:\/\/distribucionarc.com\/it\/producto\/amasadora-industrial-de-doble-brazo-de-87l-a-175l\/\",\"url\":\"https:\/\/distribucionarc.com\/it\/producto\/amasadora-industrial-de-doble-brazo-de-87l-a-175l\/\",\"name\":\"Amasadora industrial de doble brazo de 87 litros a 175litros - distribuci\u00f3n ARC\",\"isPartOf\":{\"@id\":\"https:\/\/www.distribucionarc.com\/sl\/#website\"},\"primaryImageOfPage\":{\"@id\":\"https:\/\/distribucionarc.com\/it\/producto\/amasadora-industrial-de-doble-brazo-de-87l-a-175l\/#primaryimage\"},\"image\":{\"@id\":\"https:\/\/distribucionarc.com\/it\/producto\/amasadora-industrial-de-doble-brazo-de-87l-a-175l\/#primaryimage\"},\"thumbnailUrl\":\"https:\/\/distribucionarc.com\/wp-content\/uploads\/2023\/05\/amasadora-industrial-panaderia.jpg\",\"datePublished\":\"2023-05-11T11:45:26+00:00\",\"dateModified\":\"2023-05-11T14:12:49+00:00\",\"breadcrumb\":{\"@id\":\"https:\/\/distribucionarc.com\/it\/producto\/amasadora-industrial-de-doble-brazo-de-87l-a-175l\/#breadcrumb\"},\"inLanguage\":\"pl-PL\",\"potentialAction\":[{\"@type\":\"ReadAction\",\"target\":[\"https:\/\/distribucionarc.com\/it\/producto\/amasadora-industrial-de-doble-brazo-de-87l-a-175l\/\"]}]},{\"@type\":\"ImageObject\",\"inLanguage\":\"pl-PL\",\"@id\":\"https:\/\/distribucionarc.com\/it\/producto\/amasadora-industrial-de-doble-brazo-de-87l-a-175l\/#primaryimage\",\"url\":\"https:\/\/distribucionarc.com\/wp-content\/uploads\/2023\/05\/amasadora-industrial-panaderia.jpg\",\"contentUrl\":\"https:\/\/distribucionarc.com\/wp-content\/uploads\/2023\/05\/amasadora-industrial-panaderia.jpg\",\"width\":1000,\"height\":1000},{\"@type\":\"BreadcrumbList\",\"@id\":\"https:\/\/distribucionarc.com\/it\/producto\/amasadora-industrial-de-doble-brazo-de-87l-a-175l\/#breadcrumb\",\"itemListElement\":[{\"@type\":\"ListItem\",\"position\":1,\"name\":\"Portada\",\"item\":\"https:\/\/www.distribucionarc.com\/\"},{\"@type\":\"ListItem\",\"position\":2,\"name\":\"\u00dcr\u00fcnler\",\"item\":\"https:\/\/www.distribucionarc.com\/tr\/magaza\/\"},{\"@type\":\"ListItem\",\"position\":3,\"name\":\"Amasadora industrial de doble brazo de 87 litros a 175litros\"}]},{\"@type\":\"WebSite\",\"@id\":\"https:\/\/www.distribucionarc.com\/sl\/#website\",\"url\":\"https:\/\/www.distribucionarc.com\/sl\/\",\"name\":\"distribuci\u00f3n ARC\",\"description\":\"Empresa especializada en la fabricaci\u00f3n y distribuci\u00f3n de maquinaria industrial, selladoras de latas, Maquinas de hacer pastillas, Maquinas de cortar carne...\",\"publisher\":{\"@id\":\"https:\/\/www.distribucionarc.com\/sl\/#organization\"},\"potentialAction\":[{\"@type\":\"SearchAction\",\"target\":{\"@type\":\"EntryPoint\",\"urlTemplate\":\"https:\/\/www.distribucionarc.com\/sl\/?s={search_term_string}\"},\"query-input\":{\"@type\":\"PropertyValueSpecification\",\"valueRequired\":true,\"valueName\":\"search_term_string\"}}],\"inLanguage\":\"pl-PL\"},{\"@type\":\"Organization\",\"@id\":\"https:\/\/www.distribucionarc.com\/sl\/#organization\",\"name\":\"Distribuci\u00f3n ARC\",\"url\":\"https:\/\/www.distribucionarc.com\/sl\/\",\"logo\":{\"@type\":\"ImageObject\",\"inLanguage\":\"pl-PL\",\"@id\":\"https:\/\/www.distribucionarc.com\/sl\/#\/schema\/logo\/image\/\",\"url\":\"https:\/\/distribucionarc.com\/wp-content\/uploads\/2024\/10\/distribucion-ARC-COLOR-SIN-FONDO-e1732295305345.png\",\"contentUrl\":\"https:\/\/distribucionarc.com\/wp-content\/uploads\/2024\/10\/distribucion-ARC-COLOR-SIN-FONDO-e1732295305345.png\",\"width\":1164,\"height\":558,\"caption\":\"Distribuci\u00f3n ARC\"},\"image\":{\"@id\":\"https:\/\/www.distribucionarc.com\/sl\/#\/schema\/logo\/image\/\"},\"description\":\"Empresa especializada en la fabricaci\u00f3n y distribuci\u00f3n de maquinaria industrial para los sectores alimentario y farmac\u00e9utico. Nos especializamos en: M\u00e1quinas de cortar carne Fabricaci\u00f3n de comprimidos Sistemas de transporte industrial L\u00edneas de embotellado Dosificadores Y mucho m\u00e1s... Ofrecemos soluciones innovadoras y personalizadas para optimizar los procesos productivos de tu empresa.\",\"email\":\"Admistracion@distribucionarc.com\",\"telephone\":\"+34 643496664\",\"legalName\":\"ARC TECH SOLUTIONS\",\"foundingDate\":\"2024-04-09\",\"vatID\":\"B55480172\",\"numberOfEmployees\":{\"@type\":\"QuantitativeValue\",\"minValue\":\"1\",\"maxValue\":\"10\"}}]}<\/script>\n<!-- \/ Yoast SEO Premium plugin. -->","yoast_head_json":{"title":"Mieszalnik dwuramienny przemys\u0142owy od 87 litr\u00f3w do 175 litr\u00f3w - dystrybucja ARC","robots":{"index":"index","follow":"follow","max-snippet":"max-snippet:-1","max-image-preview":"max-image-preview:large","max-video-preview":"max-video-preview:-1"},"canonical":"https:\/\/distribucionarc.com\/pl\/produkty\/mieszadlo-przemyslowe-dwuramienne-od-87l-do-175l\/","og_locale":"pl_PL","og_type":"article","og_title":"Amasadora industrial de doble brazo de 87 litros a 175litros","og_description":"Las amasadoras de doble brazo son m\u00e1quinas de alta capacidad utilizadas en la industria alimentaria para mezclar grandes cantidades de masa. Estas amasadoras industriales cuentan con dos brazos mezcladores que trabajan en conjunto para lograr una mezcla homog\u00e9nea y uniforme. Est\u00e1n dise\u00f1adas para trabajar con masas densas y pesadas, y su tama\u00f1o y capacidad var\u00edan seg\u00fan las necesidades del usuario. Las amasadoras de doble brazo son ideales para panader\u00edas, pasteler\u00edas y otras industrias alimentarias que requieren una mezcla eficiente y de alta calidad.","og_url":"https:\/\/distribucionarc.com\/pl\/produkty\/mieszadlo-przemyslowe-dwuramienne-od-87l-do-175l\/","og_site_name":"distribuci\u00f3n ARC","article_modified_time":"2023-05-11T14:12:49+00:00","og_image":[{"width":1000,"height":1000,"url":"https:\/\/distribucionarc.com\/wp-content\/uploads\/2023\/05\/amasadora-industrial-panaderia.jpg","type":"image\/jpeg"}],"twitter_card":"summary_large_image","twitter_misc":{"Szacowany czas czytania":"3 minuty"},"schema":{"@context":"https:\/\/schema.org","@graph":[{"@type":"WebPage","@id":"https:\/\/distribucionarc.com\/it\/producto\/amasadora-industrial-de-doble-brazo-de-87l-a-175l\/","url":"https:\/\/distribucionarc.com\/it\/producto\/amasadora-industrial-de-doble-brazo-de-87l-a-175l\/","name":"Mieszalnik dwuramienny przemys\u0142owy od 87 litr\u00f3w do 175 litr\u00f3w - dystrybucja ARC","isPartOf":{"@id":"https:\/\/www.distribucionarc.com\/sl\/#website"},"primaryImageOfPage":{"@id":"https:\/\/distribucionarc.com\/it\/producto\/amasadora-industrial-de-doble-brazo-de-87l-a-175l\/#primaryimage"},"image":{"@id":"https:\/\/distribucionarc.com\/it\/producto\/amasadora-industrial-de-doble-brazo-de-87l-a-175l\/#primaryimage"},"thumbnailUrl":"https:\/\/distribucionarc.com\/wp-content\/uploads\/2023\/05\/amasadora-industrial-panaderia.jpg","datePublished":"2023-05-11T11:45:26+00:00","dateModified":"2023-05-11T14:12:49+00:00","breadcrumb":{"@id":"https:\/\/distribucionarc.com\/it\/producto\/amasadora-industrial-de-doble-brazo-de-87l-a-175l\/#breadcrumb"},"inLanguage":"pl-PL","potentialAction":[{"@type":"ReadAction","target":["https:\/\/distribucionarc.com\/it\/producto\/amasadora-industrial-de-doble-brazo-de-87l-a-175l\/"]}]},{"@type":"ImageObject","inLanguage":"pl-PL","@id":"https:\/\/distribucionarc.com\/it\/producto\/amasadora-industrial-de-doble-brazo-de-87l-a-175l\/#primaryimage","url":"https:\/\/distribucionarc.com\/wp-content\/uploads\/2023\/05\/amasadora-industrial-panaderia.jpg","contentUrl":"https:\/\/distribucionarc.com\/wp-content\/uploads\/2023\/05\/amasadora-industrial-panaderia.jpg","width":1000,"height":1000},{"@type":"BreadcrumbList","@id":"https:\/\/distribucionarc.com\/it\/producto\/amasadora-industrial-de-doble-brazo-de-87l-a-175l\/#breadcrumb","itemListElement":[{"@type":"ListItem","position":1,"name":"Portada","item":"https:\/\/www.distribucionarc.com\/"},{"@type":"ListItem","position":2,"name":"\u00dcr\u00fcnler","item":"https:\/\/www.distribucionarc.com\/tr\/magaza\/"},{"@type":"ListItem","position":3,"name":"Amasadora industrial de doble brazo de 87 litros a 175litros"}]},{"@type":"WebSite","@id":"https:\/\/www.distribucionarc.com\/sl\/#website","url":"https:\/\/www.distribucionarc.com\/sl\/","name":"Dystrybucja ARC","description":"Firma specjalizuj\u0105ca si\u0119 w produkcji i dystrybucji maszyn przemys\u0142owych, zgrzewarek do puszek, maszyn do produkcji tabletek, maszyn do ci\u0119cia mi\u0119sa...","publisher":{"@id":"https:\/\/www.distribucionarc.com\/sl\/#organization"},"potentialAction":[{"@type":"SearchAction","target":{"@type":"EntryPoint","urlTemplate":"https:\/\/www.distribucionarc.com\/sl\/?s={search_term_string}"},"query-input":{"@type":"PropertyValueSpecification","valueRequired":true,"valueName":"search_term_string"}}],"inLanguage":"pl-PL"},{"@type":"Organization","@id":"https:\/\/www.distribucionarc.com\/sl\/#organization","name":"Dystrybucja ARC","url":"https:\/\/www.distribucionarc.com\/sl\/","logo":{"@type":"ImageObject","inLanguage":"pl-PL","@id":"https:\/\/www.distribucionarc.com\/sl\/#\/schema\/logo\/image\/","url":"https:\/\/distribucionarc.com\/wp-content\/uploads\/2024\/10\/distribucion-ARC-COLOR-SIN-FONDO-e1732295305345.png","contentUrl":"https:\/\/distribucionarc.com\/wp-content\/uploads\/2024\/10\/distribucion-ARC-COLOR-SIN-FONDO-e1732295305345.png","width":1164,"height":558,"caption":"Distribuci\u00f3n ARC"},"image":{"@id":"https:\/\/www.distribucionarc.com\/sl\/#\/schema\/logo\/image\/"},"description":"Firma specjalizuj\u0105ca si\u0119 w produkcji i dystrybucji maszyn przemys\u0142owych dla sektora spo\u017cywczego i farmaceutycznego. Specjalizujemy si\u0119 w: Maszyny do krojenia mi\u0119sa Produkcja tabletek Przemys\u0142owe systemy transportowe Linie butelkuj\u0105ce Dozowniki I wiele wi\u0119cej.... Oferujemy innowacyjne i niestandardowe rozwi\u0105zania w celu optymalizacji proces\u00f3w produkcyjnych w Twojej firmie.","email":"Admistracion@distribucionarc.com","telephone":"+34 643496664","legalName":"ARC TECH SOLUTIONS","foundingDate":"2024-04-09","vatID":"B55480172","numberOfEmployees":{"@type":"QuantitativeValue","minValue":"1","maxValue":"10"}}]}},"_links":{"self":[{"href":"https:\/\/distribucionarc.com\/pl\/wp-json\/wp\/v2\/product\/5695","targetHints":{"allow":["GET"]}}],"collection":[{"href":"https:\/\/distribucionarc.com\/pl\/wp-json\/wp\/v2\/product"}],"about":[{"href":"https:\/\/distribucionarc.com\/pl\/wp-json\/wp\/v2\/types\/product"}],"replies":[{"embeddable":true,"href":"https:\/\/distribucionarc.com\/pl\/wp-json\/wp\/v2\/comments?post=5695"}],"version-history":[{"count":0,"href":"https:\/\/distribucionarc.com\/pl\/wp-json\/wp\/v2\/product\/5695\/revisions"}],"wp:featuredmedia":[{"embeddable":true,"href":"https:\/\/distribucionarc.com\/pl\/wp-json\/wp\/v2\/media\/5696"}],"wp:attachment":[{"href":"https:\/\/distribucionarc.com\/pl\/wp-json\/wp\/v2\/media?parent=5695"}],"wp:term":[{"taxonomy":"product_brand","embeddable":true,"href":"https:\/\/distribucionarc.com\/pl\/wp-json\/wp\/v2\/product_brand?post=5695"},{"taxonomy":"product_cat","embeddable":true,"href":"https:\/\/distribucionarc.com\/pl\/wp-json\/wp\/v2\/product_cat?post=5695"},{"taxonomy":"product_tag","embeddable":true,"href":"https:\/\/distribucionarc.com\/pl\/wp-json\/wp\/v2\/product_tag?post=5695"}],"curies":[{"name":"wp","href":"https:\/\/api.w.org\/{rel}","templated":true}]}}