{"id":5720,"date":"2023-05-11T18:20:58","date_gmt":"2023-05-11T18:20:58","guid":{"rendered":"https:\/\/distribucionarc.com\/?post_type=product&#038;p=5720"},"modified":"2025-03-05T11:36:46","modified_gmt":"2025-03-05T10:36:46","slug":"maszynka-do-mielenia-z-mikserem-miesa-przemyslowego-1000kg-na-godzine","status":"publish","type":"product","link":"https:\/\/distribucionarc.com\/pl\/producto\/picadora-con-mezcladora-de-carne-industrial-1000kg-por-hora\/","title":{"rendered":"Maszynka do mielenia mi\u0119sa z przemys\u0142owym mikserem do mi\u0119sa 1000kg na godzin\u0119"},"content":{"rendered":"<p><span style=\"font-size: 1.7em; font-weight: bold;\">Maszynka do mi\u0119sa i mikser DMX-32A: rewolucja w przetw\u00f3rstwie kie\u0142bas<\/span><\/p>\n<article class=\"picadora-mezcladora-carne\">The <strong>profesjonalna maszynka do mi\u0119sa i mikser<\/strong> DMX-32A stanowi istotny post\u0119p technologiczny dla przemys\u0142u przetw\u00f3rstwa mi\u0119snego i w\u0119dlin. Ta innowacyjna maszyna ca\u0142kowicie eliminuje potrzeb\u0119 tradycyjnych proces\u00f3w r\u0119cznych, integruj\u0105c dwie podstawowe funkcje w jednym urz\u0105dzeniu: siekanie i mieszanie.<\/article>\n<p><a href=\"https:\/\/distribucionarc.com\/wp-content\/uploads\/2023\/05\/picadora-mezcladora-interior.jpg\"><img loading=\"lazy\" decoding=\"async\" class=\"alignnone size-medium wp-image-5719\" src=\"https:\/\/distribucionarc.com\/wp-content\/uploads\/2023\/05\/picadora-mezcladora-interior-300x142.jpg\" alt=\"\" width=\"300\" height=\"142\" srcset=\"https:\/\/distribucionarc.com\/wp-content\/uploads\/2023\/05\/picadora-mezcladora-interior-300x142.jpg 300w, https:\/\/distribucionarc.com\/wp-content\/uploads\/2023\/05\/picadora-mezcladora-interior-430x203.jpg 430w, https:\/\/distribucionarc.com\/wp-content\/uploads\/2023\/05\/picadora-mezcladora-interior-150x71.jpg 150w, https:\/\/distribucionarc.com\/wp-content\/uploads\/2023\/05\/picadora-mezcladora-interior-700x331.jpg 700w, https:\/\/distribucionarc.com\/wp-content\/uploads\/2023\/05\/picadora-mezcladora-interior-18x9.jpg 18w, https:\/\/distribucionarc.com\/wp-content\/uploads\/2023\/05\/picadora-mezcladora-interior-48x23.jpg 48w, https:\/\/distribucionarc.com\/wp-content\/uploads\/2023\/05\/picadora-mezcladora-interior.jpg 743w\" sizes=\"auto, (max-width: 300px) 100vw, 300px\" \/><\/a><\/p>\n<p>&nbsp;<\/p>\n<article class=\"picadora-mezcladora-carne\">\n<h3>Inteligentny, automatyczny proces siekania<\/h3>\n<p>W przeciwie\u0144stwie do tradycyjnych metod, ta <strong>maszynka do mi\u0119sa przemys\u0142owa<\/strong> Umo\u017cliwia wprowadzanie du\u017cych kawa\u0142k\u00f3w mi\u0119sa, kt\u00f3re s\u0105 automatycznie popychane i przetwarzane bez konieczno\u015bci r\u0119cznej ingerencji. Inteligentny system tn\u0105cy gwarantuje r\u00f3wnomierne i precyzyjne siekanie, znacznie skracaj\u0105c czas i wysi\u0142ek zwi\u0105zany z przygotowywaniem produkt\u00f3w mi\u0119snych.<\/p>\n<\/article>\n<p><a href=\"https:\/\/distribucionarc.com\/wp-content\/uploads\/2023\/05\/picadora-mezcladora.jpg\"><img loading=\"lazy\" decoding=\"async\" class=\"alignnone size-medium wp-image-5716\" src=\"https:\/\/distribucionarc.com\/wp-content\/uploads\/2023\/05\/picadora-mezcladora-300x300.jpg\" alt=\"\" width=\"300\" height=\"300\" srcset=\"https:\/\/distribucionarc.com\/wp-content\/uploads\/2023\/05\/picadora-mezcladora-300x300.jpg 300w, https:\/\/distribucionarc.com\/wp-content\/uploads\/2023\/05\/picadora-mezcladora-430x430.jpg 430w, https:\/\/distribucionarc.com\/wp-content\/uploads\/2023\/05\/picadora-mezcladora-150x150.jpg 150w, https:\/\/distribucionarc.com\/wp-content\/uploads\/2023\/05\/picadora-mezcladora-700x700.jpg 700w, https:\/\/distribucionarc.com\/wp-content\/uploads\/2023\/05\/picadora-mezcladora-12x12.jpg 12w, https:\/\/distribucionarc.com\/wp-content\/uploads\/2023\/05\/picadora-mezcladora-48x48.jpg 48w, https:\/\/distribucionarc.com\/wp-content\/uploads\/2023\/05\/picadora-mezcladora.jpg 750w\" sizes=\"auto, (max-width: 300px) 100vw, 300px\" \/><\/a><a href=\"https:\/\/distribucionarc.com\/wp-content\/uploads\/2023\/05\/icadora-de-carne-industrial-permite-introducir-trozos-grandes-de-carne.jpg\"><img loading=\"lazy\" decoding=\"async\" class=\"alignnone  wp-image-9308\" src=\"https:\/\/distribucionarc.com\/wp-content\/uploads\/2023\/05\/icadora-de-carne-industrial-permite-introducir-trozos-grandes-de-carne.jpg\" alt=\"\" width=\"594\" height=\"314\" srcset=\"https:\/\/distribucionarc.com\/wp-content\/uploads\/2023\/05\/icadora-de-carne-industrial-permite-introducir-trozos-grandes-de-carne.jpg 1612w, https:\/\/distribucionarc.com\/wp-content\/uploads\/2023\/05\/icadora-de-carne-industrial-permite-introducir-trozos-grandes-de-carne-430x227.jpg 430w, https:\/\/distribucionarc.com\/wp-content\/uploads\/2023\/05\/icadora-de-carne-industrial-permite-introducir-trozos-grandes-de-carne-150x79.jpg 150w, https:\/\/distribucionarc.com\/wp-content\/uploads\/2023\/05\/icadora-de-carne-industrial-permite-introducir-trozos-grandes-de-carne-700x370.jpg 700w, https:\/\/distribucionarc.com\/wp-content\/uploads\/2023\/05\/icadora-de-carne-industrial-permite-introducir-trozos-grandes-de-carne-300x159.jpg 300w, https:\/\/distribucionarc.com\/wp-content\/uploads\/2023\/05\/icadora-de-carne-industrial-permite-introducir-trozos-grandes-de-carne-1024x541.jpg 1024w, https:\/\/distribucionarc.com\/wp-content\/uploads\/2023\/05\/icadora-de-carne-industrial-permite-introducir-trozos-grandes-de-carne-768x406.jpg 768w, https:\/\/distribucionarc.com\/wp-content\/uploads\/2023\/05\/icadora-de-carne-industrial-permite-introducir-trozos-grandes-de-carne-1536x812.jpg 1536w, https:\/\/distribucionarc.com\/wp-content\/uploads\/2023\/05\/icadora-de-carne-industrial-permite-introducir-trozos-grandes-de-carne-18x10.jpg 18w\" sizes=\"auto, (max-width: 594px) 100vw, 594px\" \/><\/a><\/p>\n<p>&nbsp;<\/p>\n<article class=\"picadora-mezcladora-carne\">\n<h3>Profesjonalna mieszanka przypraw<\/h3>\n<p>Po zmieleniu mi\u0119sa funkcja mieszania umo\u017cliwia dodanie przypraw bezpo\u015brednio do maszyny. Wydajny, zintegrowany system mieszania r\u00f3wnomiernie rozprowadza przyprawy, zapewniaj\u0105c jednorodn\u0105 mieszank\u0119 bez konieczno\u015bci dodatkowej obr\u00f3bki. Ten zautomatyzowany proces poprawia sp\u00f3jno\u015b\u0107 i jako\u015b\u0107 produktu ko\u0144cowego.<\/p>\n<div style=\"width: 720px;\" class=\"wp-video\"><video class=\"wp-video-shortcode\" id=\"video-5720-1\" width=\"720\" height=\"720\" preload=\"metadata\" controls=\"controls\"><source type=\"video\/mp4\" src=\"https:\/\/distribucionarc.com\/wp-content\/uploads\/2023\/05\/picadora-mezcladora-carne.mp4?_=1\" \/><a href=\"https:\/\/distribucionarc.com\/wp-content\/uploads\/2023\/05\/picadora-mezcladora-carne.mp4\">https:\/\/distribucionarc.com\/wp-content\/uploads\/2023\/05\/picadora-mezcladora-carne.mp4<\/a><\/video><\/div>\n<h3><\/h3>\n<h3>Wszechstronno\u015b\u0107 w przetwarzaniu<\/h3>\n<p>Wszechstronno\u015b\u0107 <strong>Mikser do mi\u0119sa DMX-32A<\/strong> Umo\u017cliwia nawet ponowne wykorzystanie ju\u017c zmielonego mi\u0119sa i przygotowanie mieszanek wt\u00f3rnych. U\u017cytkownicy mog\u0105 dodawa\u0107 dodatkowe sk\u0142adniki i pozwoli\u0107 maszynie samodzielnie miksowa\u0107, co znacznie optymalizuje czas przygotowania.<\/p>\n<p>&nbsp;<\/p>\n<p><a href=\"https:\/\/distribucionarc.com\/wp-content\/uploads\/2023\/05\/picadora-carne.jpg\"><img loading=\"lazy\" decoding=\"async\" class=\"alignnone size-medium wp-image-5717\" src=\"https:\/\/distribucionarc.com\/wp-content\/uploads\/2023\/05\/picadora-carne-300x141.jpg\" alt=\"\" width=\"300\" height=\"141\" srcset=\"https:\/\/distribucionarc.com\/wp-content\/uploads\/2023\/05\/picadora-carne-300x141.jpg 300w, https:\/\/distribucionarc.com\/wp-content\/uploads\/2023\/05\/picadora-carne-430x201.jpg 430w, https:\/\/distribucionarc.com\/wp-content\/uploads\/2023\/05\/picadora-carne-150x70.jpg 150w, https:\/\/distribucionarc.com\/wp-content\/uploads\/2023\/05\/picadora-carne-700x328.jpg 700w, https:\/\/distribucionarc.com\/wp-content\/uploads\/2023\/05\/picadora-carne-18x8.jpg 18w, https:\/\/distribucionarc.com\/wp-content\/uploads\/2023\/05\/picadora-carne-48x22.jpg 48w, https:\/\/distribucionarc.com\/wp-content\/uploads\/2023\/05\/picadora-carne.jpg 745w\" sizes=\"auto, (max-width: 300px) 100vw, 300px\" \/><\/a><\/p>\n<p>&nbsp;<\/p>\n<div class=\"aviso-importante\" style=\"background-color: #ffdddd; border: 3px solid #ff0000; border-radius: 10px; padding: 15px; margin: 20px 0; box-shadow: 0 6px 8px rgba(0,0,0,0.15);\">\n<h3 style=\"color: #ff0000; margin-top: 0; border-bottom: 2px solid #ff0000; padding-bottom: 10px; text-transform: uppercase;\">\u26a0\ufe0f Wa\u017cne \u26a0\ufe0f<\/h3>\n<p style=\"margin-bottom: 0; font-weight: bold;\">Przed u\u017cyciem urz\u0105dzenia nale\u017cy koniecznie zapozna\u0107 si\u0119 z ca\u0142\u0105 instrukcj\u0105 obs\u0142ugi. Szczeg\u00f3\u0142ow\u0105 instrukcj\u0119 mo\u017cna znale\u017a\u0107 tutaj:<br \/>\n<a style=\"color: #cc0000; text-decoration: underline; font-weight: bold;\" href=\"https:\/\/distribucionarc.com\/pl\/instrukcja-obslugi-maszynki-do-miesa-i-miksera-dmx-32a\/\" target=\"_blank\" rel=\"noopener\"><br \/>\nKompletna instrukcja obs\u0142ugi miksera DMX-32A Grinder<br \/>\n<\/a><\/p>\n<\/div>\n<h3><\/h3>\n<h3>Dane techniczne (Kod: AR00931)<\/h3>\n<table style=\"width: 100%; border-collapse: collapse; margin-bottom: 20px;\">\n<tbody>\n<tr style=\"border-bottom: 1px solid #ddd;\">\n<td style=\"padding: 8px;\"><strong>Model:<\/strong><\/td>\n<td style=\"padding: 8px;\">ARX-32A<\/td>\n<\/tr>\n<tr style=\"border-bottom: 1px solid #ddd;\">\n<td style=\"padding: 8px;\"><strong>Zasilanie:<\/strong><\/td>\n<td style=\"padding: 8px;\">380 V \/ 50 Hz<\/td>\n<\/tr>\n<tr style=\"border-bottom: 1px solid #ddd;\">\n<td style=\"padding: 8px;\"><strong>Moc:<\/strong><\/td>\n<td style=\"padding: 8px;\">3000 W<\/td>\n<\/tr>\n<tr style=\"border-bottom: 1px solid #ddd;\">\n<td style=\"padding: 8px;\"><strong>Umiej\u0119tno\u015b\u0107:<\/strong><\/td>\n<td style=\"padding: 8px;\">800-1000 kg\/godz.<\/td>\n<\/tr>\n<tr style=\"border-bottom: 1px solid #ddd;\">\n<td style=\"padding: 8px;\"><strong>Talerze:<\/strong><\/td>\n<td style=\"padding: 8px;\">0\/3\/5\/9\/16mm<\/td>\n<\/tr>\n<tr style=\"border-bottom: 1px solid #ddd;\">\n<td style=\"padding: 8px;\"><strong>\u015arednica wylotu:<\/strong><\/td>\n<td style=\"padding: 8px;\">98 mm<\/td>\n<\/tr>\n<tr style=\"border-bottom: 1px solid #ddd;\">\n<td style=\"padding: 8px;\"><strong>Mikser:<\/strong><\/td>\n<td style=\"padding: 8px;\">1100 W<\/td>\n<\/tr>\n<tr style=\"border-bottom: 1px solid #ddd;\">\n<td style=\"padding: 8px;\"><strong>Pojemno\u015b\u0107 lufy:<\/strong><\/td>\n<td style=\"padding: 8px;\">42\/30 l\/kg<\/td>\n<\/tr>\n<tr style=\"border-bottom: 1px solid #ddd;\">\n<td style=\"padding: 8px;\"><strong>Masa netto:<\/strong><\/td>\n<td style=\"padding: 8px;\">138 kg<\/td>\n<\/tr>\n<tr style=\"border-bottom: 1px solid #ddd;\">\n<td style=\"padding: 8px;\"><strong>Wymiary zewn\u0119trzne:<\/strong><\/td>\n<td style=\"padding: 8px;\">Wymiary: 479x420x416 mm<\/td>\n<\/tr>\n<tr>\n<td style=\"padding: 8px;\"><strong>Wielko\u015b\u0107 opakowania:<\/strong><\/td>\n<td style=\"padding: 8px;\">Wymiary: 545x445x455 mm<\/td>\n<\/tr>\n<\/tbody>\n<\/table>\n<\/article>","protected":false},"excerpt":{"rendered":"<p>The<strong> maszynka do mielenia mi\u0119sa<\/strong> Jest to maszyna s\u0142u\u017c\u0105ca do przerobu du\u017cych ilo\u015bci mi\u0119sa w kr\u00f3tkim czasie. Maszyna ta \u0142\u0105czy w sobie funkcje siekania i miksowania mi\u0119sa w jednej operacji, pozwalaj\u0105c na wi\u0119ksz\u0105 wydajno\u015b\u0107 i produktywno\u015b\u0107 podczas przygotowywania potraw. Wi\u0119kszo\u015b\u0107 maszynek do mielenia mi\u0119sa wyposa\u017cona jest w ostre ostrza, kt\u00f3re pozwalaj\u0105 rozdrobni\u0107 mi\u0119so na ma\u0142e kawa\u0142ki, a mechanizm miksuj\u0105cy zapewnia r\u00f3wnomierne rozprowadzenie przypraw i innych sk\u0142adnik\u00f3w w mi\u0119sie. M\u0142ynek do mi\u0119sa jest niezb\u0119dnym narz\u0119dziem w sklepach mi\u0119snych, restauracjach i zak\u0142adach przetw\u00f3rstwa spo\u017cywczego.<\/p>","protected":false},"featured_media":5716,"comment_status":"open","ping_status":"closed","template":"","meta":{"wds_primary_product_brand":0,"wds_primary_product_cat":0},"product_brand":[],"product_cat":[95,120],"product_tag":[],"class_list":{"0":"post-5720","1":"product","2":"type-product","3":"status-publish","4":"has-post-thumbnail","6":"product_cat-amasadoras-industriales","7":"product_cat-picadoras-carne","8":"product_shipping_class-express","10":"first","11":"instock","12":"taxable","13":"shipping-taxable","14":"purchasable","15":"product-type-simple"},"yoast_head":"<!-- This site is optimized with the Yoast SEO Premium plugin v24.9 (Yoast SEO v26.1) - https:\/\/yoast.com\/wordpress\/plugins\/seo\/ -->\n<title>Picadora con mezcladora de carne industrial 1000kg por hora - distribuci\u00f3n ARC<\/title>\n<meta name=\"description\" content=\"La picadora y mezcladora de carne profesional DMX-32A representa un avance tecnol\u00f3gico crucial para la industria c\u00e1rnica y elaboraci\u00f3n de embutidos. Esta m\u00e1quina innovadora elimina completamente la necesidad de procesos manuales tradicionales, integrando en un solo equipo dos funciones fundamentales: picado y mezclado.\" \/>\n<meta name=\"robots\" content=\"index, follow, max-snippet:-1, max-image-preview:large, max-video-preview:-1\" \/>\n<link rel=\"canonical\" href=\"https:\/\/distribucionarc.com\/pl\/produkty\/maszynka-do-mielenia-z-mikserem-miesa-przemyslowego-1000kg-na-godzine\/\" \/>\n<meta property=\"og:locale\" content=\"pl_PL\" \/>\n<meta property=\"og:type\" content=\"article\" \/>\n<meta property=\"og:title\" content=\"Picadora con mezcladora de carne industrial 1000kg por hora\" \/>\n<meta property=\"og:description\" content=\"La picadora y mezcladora de carne profesional DMX-32A representa un avance tecnol\u00f3gico crucial para la industria c\u00e1rnica y elaboraci\u00f3n de embutidos. Esta m\u00e1quina innovadora elimina completamente la necesidad de procesos manuales tradicionales, integrando en un solo equipo dos funciones fundamentales: picado y mezclado.\" \/>\n<meta property=\"og:url\" content=\"https:\/\/distribucionarc.com\/pl\/produkty\/maszynka-do-mielenia-z-mikserem-miesa-przemyslowego-1000kg-na-godzine\/\" \/>\n<meta property=\"og:site_name\" content=\"distribuci\u00f3n ARC\" \/>\n<meta property=\"article:modified_time\" content=\"2025-03-05T10:36:46+00:00\" \/>\n<meta property=\"og:image\" content=\"https:\/\/distribucionarc.com\/wp-content\/uploads\/2023\/05\/picadora-mezcladora.jpg\" \/>\n\t<meta property=\"og:image:width\" content=\"750\" \/>\n\t<meta property=\"og:image:height\" content=\"750\" \/>\n\t<meta property=\"og:image:type\" content=\"image\/jpeg\" \/>\n<meta name=\"twitter:card\" content=\"summary_large_image\" \/>\n<meta name=\"twitter:label1\" content=\"Szacowany czas czytania\" \/>\n\t<meta name=\"twitter:data1\" content=\"3 minuty\" \/>\n<script type=\"application\/ld+json\" class=\"yoast-schema-graph\">{\"@context\":\"https:\/\/schema.org\",\"@graph\":[{\"@type\":\"WebPage\",\"@id\":\"https:\/\/distribucionarc.com\/it\/producto\/picadora-con-mezcladora-de-carne-industrial-1000kg-por-hora\/\",\"url\":\"https:\/\/distribucionarc.com\/it\/producto\/picadora-con-mezcladora-de-carne-industrial-1000kg-por-hora\/\",\"name\":\"Picadora con mezcladora de carne industrial 1000kg por hora - distribuci\u00f3n ARC\",\"isPartOf\":{\"@id\":\"https:\/\/distribucionarc.com\/ro\/#website\"},\"primaryImageOfPage\":{\"@id\":\"https:\/\/distribucionarc.com\/it\/producto\/picadora-con-mezcladora-de-carne-industrial-1000kg-por-hora\/#primaryimage\"},\"image\":{\"@id\":\"https:\/\/distribucionarc.com\/it\/producto\/picadora-con-mezcladora-de-carne-industrial-1000kg-por-hora\/#primaryimage\"},\"thumbnailUrl\":\"https:\/\/distribucionarc.com\/wp-content\/uploads\/2023\/05\/picadora-mezcladora.jpg\",\"datePublished\":\"2023-05-11T18:20:58+00:00\",\"dateModified\":\"2025-03-05T10:36:46+00:00\",\"description\":\"La picadora y mezcladora de carne profesional DMX-32A representa un avance tecnol\u00f3gico crucial para la industria c\u00e1rnica y elaboraci\u00f3n de embutidos. Esta m\u00e1quina innovadora elimina completamente la necesidad de procesos manuales tradicionales, integrando en un solo equipo dos funciones fundamentales: picado y mezclado.\",\"breadcrumb\":{\"@id\":\"https:\/\/distribucionarc.com\/it\/producto\/picadora-con-mezcladora-de-carne-industrial-1000kg-por-hora\/#breadcrumb\"},\"inLanguage\":\"pl-PL\",\"potentialAction\":[{\"@type\":\"ReadAction\",\"target\":[\"https:\/\/distribucionarc.com\/it\/producto\/picadora-con-mezcladora-de-carne-industrial-1000kg-por-hora\/\"]}]},{\"@type\":\"ImageObject\",\"inLanguage\":\"pl-PL\",\"@id\":\"https:\/\/distribucionarc.com\/it\/producto\/picadora-con-mezcladora-de-carne-industrial-1000kg-por-hora\/#primaryimage\",\"url\":\"https:\/\/distribucionarc.com\/wp-content\/uploads\/2023\/05\/picadora-mezcladora.jpg\",\"contentUrl\":\"https:\/\/distribucionarc.com\/wp-content\/uploads\/2023\/05\/picadora-mezcladora.jpg\",\"width\":750,\"height\":750},{\"@type\":\"BreadcrumbList\",\"@id\":\"https:\/\/distribucionarc.com\/it\/producto\/picadora-con-mezcladora-de-carne-industrial-1000kg-por-hora\/#breadcrumb\",\"itemListElement\":[{\"@type\":\"ListItem\",\"position\":1,\"name\":\"Portada\",\"item\":\"https:\/\/distribucionarc.com\/ar\/\"},{\"@type\":\"ListItem\",\"position\":2,\"name\":\"Proizvodi\",\"item\":\"https:\/\/www.distribucionarc.com\/hr\/ducan\/\"},{\"@type\":\"ListItem\",\"position\":3,\"name\":\"Picadora con mezcladora de carne industrial 1000kg por hora\"}]},{\"@type\":\"WebSite\",\"@id\":\"https:\/\/distribucionarc.com\/ro\/#website\",\"url\":\"https:\/\/distribucionarc.com\/ro\/\",\"name\":\"distribuci\u00f3n ARC\",\"description\":\"Empresa especializada en la fabricaci\u00f3n y distribuci\u00f3n de maquinaria industrial, selladoras de latas, Maquinas de hacer pastillas, Maquinas de cortar carne...\",\"publisher\":{\"@id\":\"https:\/\/distribucionarc.com\/ro\/#organization\"},\"potentialAction\":[{\"@type\":\"SearchAction\",\"target\":{\"@type\":\"EntryPoint\",\"urlTemplate\":\"https:\/\/distribucionarc.com\/ro\/?s={search_term_string}\"},\"query-input\":{\"@type\":\"PropertyValueSpecification\",\"valueRequired\":true,\"valueName\":\"search_term_string\"}}],\"inLanguage\":\"pl-PL\"},{\"@type\":\"Organization\",\"@id\":\"https:\/\/distribucionarc.com\/ro\/#organization\",\"name\":\"Distribuci\u00f3n ARC\",\"url\":\"https:\/\/distribucionarc.com\/ro\/\",\"logo\":{\"@type\":\"ImageObject\",\"inLanguage\":\"pl-PL\",\"@id\":\"https:\/\/distribucionarc.com\/ro\/#\/schema\/logo\/image\/\",\"url\":\"https:\/\/distribucionarc.com\/wp-content\/uploads\/2024\/10\/distribucion-ARC-COLOR-SIN-FONDO-e1732295305345.png\",\"contentUrl\":\"https:\/\/distribucionarc.com\/wp-content\/uploads\/2024\/10\/distribucion-ARC-COLOR-SIN-FONDO-e1732295305345.png\",\"width\":1164,\"height\":558,\"caption\":\"Distribuci\u00f3n ARC\"},\"image\":{\"@id\":\"https:\/\/distribucionarc.com\/ro\/#\/schema\/logo\/image\/\"},\"description\":\"Empresa especializada en la fabricaci\u00f3n y distribuci\u00f3n de maquinaria industrial para los sectores alimentario y farmac\u00e9utico. Nos especializamos en: M\u00e1quinas de cortar carne Fabricaci\u00f3n de comprimidos Sistemas de transporte industrial L\u00edneas de embotellado Dosificadores Y mucho m\u00e1s... Ofrecemos soluciones innovadoras y personalizadas para optimizar los procesos productivos de tu empresa.\",\"email\":\"Admistracion@distribucionarc.com\",\"telephone\":\"+34 643496664\",\"legalName\":\"ARC TECH SOLUTIONS\",\"foundingDate\":\"2024-04-09\",\"vatID\":\"B55480172\",\"numberOfEmployees\":{\"@type\":\"QuantitativeValue\",\"minValue\":\"1\",\"maxValue\":\"10\"}}]}<\/script>\n<!-- \/ Yoast SEO Premium plugin. -->","yoast_head_json":{"title":"Przemys\u0142owa maszynka do mielenia mi\u0119sa z mieszad\u0142em 1000kg\/h - dystrybucja ARC","description":"Profesjonalna maszynka do mi\u0119sa i mikser DMX-32A to prze\u0142omowe osi\u0105gni\u0119cie technologiczne dla przemys\u0142u mi\u0119snego i w\u0119dliniarskiego. Ta innowacyjna maszyna ca\u0142kowicie eliminuje potrzeb\u0119 wykonywania tradycyjnych proces\u00f3w r\u0119cznych, \u0142\u0105cz\u0105c dwie podstawowe funkcje w jednym urz\u0105dzeniu: siekanie i mieszanie.","robots":{"index":"index","follow":"follow","max-snippet":"max-snippet:-1","max-image-preview":"max-image-preview:large","max-video-preview":"max-video-preview:-1"},"canonical":"https:\/\/distribucionarc.com\/pl\/produkty\/maszynka-do-mielenia-z-mikserem-miesa-przemyslowego-1000kg-na-godzine\/","og_locale":"pl_PL","og_type":"article","og_title":"Picadora con mezcladora de carne industrial 1000kg por hora","og_description":"La picadora y mezcladora de carne profesional DMX-32A representa un avance tecnol\u00f3gico crucial para la industria c\u00e1rnica y elaboraci\u00f3n de embutidos. Esta m\u00e1quina innovadora elimina completamente la necesidad de procesos manuales tradicionales, integrando en un solo equipo dos funciones fundamentales: picado y mezclado.","og_url":"https:\/\/distribucionarc.com\/pl\/produkty\/maszynka-do-mielenia-z-mikserem-miesa-przemyslowego-1000kg-na-godzine\/","og_site_name":"distribuci\u00f3n ARC","article_modified_time":"2025-03-05T10:36:46+00:00","og_image":[{"width":750,"height":750,"url":"https:\/\/distribucionarc.com\/wp-content\/uploads\/2023\/05\/picadora-mezcladora.jpg","type":"image\/jpeg"}],"twitter_card":"summary_large_image","twitter_misc":{"Szacowany czas czytania":"3 minuty"},"schema":{"@context":"https:\/\/schema.org","@graph":[{"@type":"WebPage","@id":"https:\/\/distribucionarc.com\/it\/producto\/picadora-con-mezcladora-de-carne-industrial-1000kg-por-hora\/","url":"https:\/\/distribucionarc.com\/it\/producto\/picadora-con-mezcladora-de-carne-industrial-1000kg-por-hora\/","name":"Przemys\u0142owa maszynka do mielenia mi\u0119sa z mieszad\u0142em 1000kg\/h - dystrybucja ARC","isPartOf":{"@id":"https:\/\/distribucionarc.com\/ro\/#website"},"primaryImageOfPage":{"@id":"https:\/\/distribucionarc.com\/it\/producto\/picadora-con-mezcladora-de-carne-industrial-1000kg-por-hora\/#primaryimage"},"image":{"@id":"https:\/\/distribucionarc.com\/it\/producto\/picadora-con-mezcladora-de-carne-industrial-1000kg-por-hora\/#primaryimage"},"thumbnailUrl":"https:\/\/distribucionarc.com\/wp-content\/uploads\/2023\/05\/picadora-mezcladora.jpg","datePublished":"2023-05-11T18:20:58+00:00","dateModified":"2025-03-05T10:36:46+00:00","description":"Profesjonalna maszynka do mi\u0119sa i mikser DMX-32A to prze\u0142omowe osi\u0105gni\u0119cie technologiczne dla przemys\u0142u mi\u0119snego i w\u0119dliniarskiego. Ta innowacyjna maszyna ca\u0142kowicie eliminuje potrzeb\u0119 wykonywania tradycyjnych proces\u00f3w r\u0119cznych, \u0142\u0105cz\u0105c dwie podstawowe funkcje w jednym urz\u0105dzeniu: siekanie i mieszanie.","breadcrumb":{"@id":"https:\/\/distribucionarc.com\/it\/producto\/picadora-con-mezcladora-de-carne-industrial-1000kg-por-hora\/#breadcrumb"},"inLanguage":"pl-PL","potentialAction":[{"@type":"ReadAction","target":["https:\/\/distribucionarc.com\/it\/producto\/picadora-con-mezcladora-de-carne-industrial-1000kg-por-hora\/"]}]},{"@type":"ImageObject","inLanguage":"pl-PL","@id":"https:\/\/distribucionarc.com\/it\/producto\/picadora-con-mezcladora-de-carne-industrial-1000kg-por-hora\/#primaryimage","url":"https:\/\/distribucionarc.com\/wp-content\/uploads\/2023\/05\/picadora-mezcladora.jpg","contentUrl":"https:\/\/distribucionarc.com\/wp-content\/uploads\/2023\/05\/picadora-mezcladora.jpg","width":750,"height":750},{"@type":"BreadcrumbList","@id":"https:\/\/distribucionarc.com\/it\/producto\/picadora-con-mezcladora-de-carne-industrial-1000kg-por-hora\/#breadcrumb","itemListElement":[{"@type":"ListItem","position":1,"name":"Portada","item":"https:\/\/distribucionarc.com\/ar\/"},{"@type":"ListItem","position":2,"name":"Proizvodi","item":"https:\/\/www.distribucionarc.com\/hr\/ducan\/"},{"@type":"ListItem","position":3,"name":"Picadora con mezcladora de carne industrial 1000kg por hora"}]},{"@type":"WebSite","@id":"https:\/\/distribucionarc.com\/ro\/#website","url":"https:\/\/distribucionarc.com\/ro\/","name":"Dystrybucja ARC","description":"Firma specjalizuj\u0105ca si\u0119 w produkcji i dystrybucji maszyn przemys\u0142owych, zgrzewarek do puszek, maszyn do produkcji tabletek, maszyn do ci\u0119cia mi\u0119sa...","publisher":{"@id":"https:\/\/distribucionarc.com\/ro\/#organization"},"potentialAction":[{"@type":"SearchAction","target":{"@type":"EntryPoint","urlTemplate":"https:\/\/distribucionarc.com\/ro\/?s={search_term_string}"},"query-input":{"@type":"PropertyValueSpecification","valueRequired":true,"valueName":"search_term_string"}}],"inLanguage":"pl-PL"},{"@type":"Organization","@id":"https:\/\/distribucionarc.com\/ro\/#organization","name":"Dystrybucja ARC","url":"https:\/\/distribucionarc.com\/ro\/","logo":{"@type":"ImageObject","inLanguage":"pl-PL","@id":"https:\/\/distribucionarc.com\/ro\/#\/schema\/logo\/image\/","url":"https:\/\/distribucionarc.com\/wp-content\/uploads\/2024\/10\/distribucion-ARC-COLOR-SIN-FONDO-e1732295305345.png","contentUrl":"https:\/\/distribucionarc.com\/wp-content\/uploads\/2024\/10\/distribucion-ARC-COLOR-SIN-FONDO-e1732295305345.png","width":1164,"height":558,"caption":"Distribuci\u00f3n ARC"},"image":{"@id":"https:\/\/distribucionarc.com\/ro\/#\/schema\/logo\/image\/"},"description":"Firma specjalizuj\u0105ca si\u0119 w produkcji i dystrybucji maszyn przemys\u0142owych dla sektora spo\u017cywczego i farmaceutycznego. Specjalizujemy si\u0119 w: Maszyny do krojenia mi\u0119sa Produkcja tabletek Przemys\u0142owe systemy transportowe Linie butelkuj\u0105ce Dozowniki I wiele wi\u0119cej.... Oferujemy innowacyjne i niestandardowe rozwi\u0105zania w celu optymalizacji proces\u00f3w produkcyjnych w Twojej firmie.","email":"Admistracion@distribucionarc.com","telephone":"+34 643496664","legalName":"ARC TECH SOLUTIONS","foundingDate":"2024-04-09","vatID":"B55480172","numberOfEmployees":{"@type":"QuantitativeValue","minValue":"1","maxValue":"10"}}]}},"_links":{"self":[{"href":"https:\/\/distribucionarc.com\/pl\/wp-json\/wp\/v2\/product\/5720","targetHints":{"allow":["GET"]}}],"collection":[{"href":"https:\/\/distribucionarc.com\/pl\/wp-json\/wp\/v2\/product"}],"about":[{"href":"https:\/\/distribucionarc.com\/pl\/wp-json\/wp\/v2\/types\/product"}],"replies":[{"embeddable":true,"href":"https:\/\/distribucionarc.com\/pl\/wp-json\/wp\/v2\/comments?post=5720"}],"version-history":[{"count":3,"href":"https:\/\/distribucionarc.com\/pl\/wp-json\/wp\/v2\/product\/5720\/revisions"}],"predecessor-version":[{"id":9309,"href":"https:\/\/distribucionarc.com\/pl\/wp-json\/wp\/v2\/product\/5720\/revisions\/9309"}],"wp:featuredmedia":[{"embeddable":true,"href":"https:\/\/distribucionarc.com\/pl\/wp-json\/wp\/v2\/media\/5716"}],"wp:attachment":[{"href":"https:\/\/distribucionarc.com\/pl\/wp-json\/wp\/v2\/media?parent=5720"}],"wp:term":[{"taxonomy":"product_brand","embeddable":true,"href":"https:\/\/distribucionarc.com\/pl\/wp-json\/wp\/v2\/product_brand?post=5720"},{"taxonomy":"product_cat","embeddable":true,"href":"https:\/\/distribucionarc.com\/pl\/wp-json\/wp\/v2\/product_cat?post=5720"},{"taxonomy":"product_tag","embeddable":true,"href":"https:\/\/distribucionarc.com\/pl\/wp-json\/wp\/v2\/product_tag?post=5720"}],"curies":[{"name":"wp","href":"https:\/\/api.w.org\/{rel}","templated":true}]}}