{"id":627,"date":"2020-04-30T16:36:12","date_gmt":"2020-04-30T16:36:12","guid":{"rendered":"https:\/\/distribucionarc.com\/?post_type=product&#038;p=627"},"modified":"2023-04-12T22:40:29","modified_gmt":"2023-04-12T22:40:29","slug":"polautomatyczna-termiczna-indukcyjna-zgrzewarka-maszynowa-zgrzewarka-nakretek","status":"publish","type":"product","link":"https:\/\/distribucionarc.com\/pl\/producto\/maquina-selladora-de-induccion-termica-selladora-de-operculos-semiautomatica\/","title":{"rendered":"P\u00f3\u0142automatyczna maszyna do zgrzewania indukcyjnego Operculum Sealer"},"content":{"rendered":"<p>Ta maszyna do zgrzewania indukcyjnego dzia\u0142a na butelkach niemetalowych, musz\u0105 to by\u0107 butelki plastikowe lub szklane, a tak\u017ce pojemniki w kszta\u0142cie kubka. Zosta\u0142 zaktualizowany pod k\u0105tem popularnej metody hermetycznego uszczelniania. Zgrzewanie indukcyjne poprawia jako\u015b\u0107 produktu, zapobiega naturalnemu wch\u0142anianiu wilgoci, wyd\u0142u\u017ca okres przydatno\u015bci do spo\u017cycia, zwi\u0119ksza bezpiecze\u0144stwo przed podrabianiem. Obecnie instalacje uszczelniaj\u0105ce sta\u0142y si\u0119 niezb\u0119dne i s\u0105 szeroko stosowane mi\u0119dzy innymi w przemy\u015ble chemicznym, farmaceutycznym i kosmetycznym, a tak\u017ce w bran\u017cy napoj\u00f3w i \u017cywno\u015bci.<\/p>\n<ul>\n<li>Nadaje si\u0119 do butelek szklanych lub plastikowych, takich jak ABS, PE (HDPE, LDPE), PET, PP, PS, PVC, (nie u\u017cywa\u0107 pojemnik\u00f3w metalowych) zakr\u0119tek, zakr\u0119tek zabezpieczaj\u0105cych itp.<\/li>\n<li>S\u0142u\u017cy do uszczelniania szerokiej gamy pakowanych produkt\u00f3w, takich jak: proszki, kapsu\u0142ki i pigu\u0142ki, mleko, woda, soki, jogurty, alkohole, \u017celatyna, \u017cywno\u015b\u0107 przetworzona, olej silnikowy itp.<\/li>\n<li>p\u00f3\u0142automatyczny.<\/li>\n<li>Hermetyczne uszczelnienie poprzez indukcj\u0119 ciep\u0142a bez bezpo\u015bredniego kontaktu.<\/li>\n<li>Jest bardzo \u0142atwy w obs\u0142udze, poniewa\u017c jest zaprojektowany z panelem.<\/li>\n<li>\u017badnych ruchomych cz\u0119\u015bci, \u017cadnego ha\u0142asu, zmontowane komponenty elektroniczne s\u0105 wykonane w technologii p\u00f3\u0142przewodnikowej 100%, co zapewnia d\u0142ug\u0105 \u017cywotno\u015b\u0107.<\/li>\n<li>Jest bardzo bezpieczny w u\u017cytkowaniu, posiada uk\u0142ad zabezpieczaj\u0105cy przed przeci\u0105\u017ceniami pr\u0105dowymi i przegrzaniem.<\/li>\n<li>Wysoka jako\u015b\u0107 i standard bezpiecze\u0144stwa: GB 15579 i 1995<\/li>\n<li>Zasilanie: 110 V i 220 V<\/li>\n<li>Moc wyj\u015bciowa: 1800W<\/li>\n<li>\u015arednica uszczelnienia od: 20 do 80 mm<\/li>\n<li>Temperatura otoczenia podczas pracy: 25 do 45\u00b0C<\/li>\n<li>Wilgotno\u015b\u0107 wzgl\u0119dna: \u2264 95%<\/li>\n<li>Regulowana wysoko\u015b\u0107 od: 20 do 350mm.<\/li>\n<li>Pr\u0119dko\u015b\u0107 ta\u015bmy: do 8,5 m\/min.<\/li>\n<\/ul>\n<div id=\"comp-ju8d08ip\" class=\"style-ju8e633l\" data-is-absolute-layout=\"false\">\n<div id=\"comp-ju8d08ipinlineContent\" class=\"style-ju8e633linlineContent\">\n<div id=\"comp-ju8d08ipinlineContent-gridWrapper\" data-mesh-internal=\"true\">\n<div id=\"comp-ju8d08ipinlineContent-gridContainer\" data-mesh-internal=\"true\">\n<div id=\"comp-ju8d2m6m\" class=\"s_BIwzIGroupSkin\" data-is-absolute-layout=\"false\">\n<div id=\"comp-ju8d2m6minlineContent\" class=\"s_BIwzIGroupSkininlineContent\">\n<div id=\"comp-ju8d2m6minlineContent-gridWrapper\" data-mesh-internal=\"true\">\n<div id=\"comp-ju8d2m6minlineContent-gridContainer\" data-mesh-internal=\"true\">\n<div id=\"comp-ju8d26x1\" class=\"txtNew\" data-packed=\"true\">\n<h6 class=\"font_6\">Na czym polega zgrzewanie indukcyjne opakowa\u0144?<\/h6>\n<p class=\"font_8\">\n<\/div>\n<div id=\"comp-ju8d270s\" class=\"style-ju8d27a4\" title=\"\" data-is-responsive=\"false\" data-display-mode=\"fill\" data-content-padding-horizontal=\"4\" data-content-padding-vertical=\"4\" data-exact-height=\"98\">\n<div id=\"comp-ju8d270slink\" class=\"style-ju8d27a4link\"><img decoding=\"async\" id=\"comp-ju8d270simgimage\" src=\"https:\/\/static.wixstatic.com\/media\/0ab0df_fc6543c220494629b174900d082fb8c2.jpg\/v1\/fill\/w_104,h_94,al_c,q_80,usm_0.66_1.00_0.01\/0ab0df_fc6543c220494629b174900d082fb8c2.webp\" alt=\"\" data-type=\"image\" \/><\/div>\n<\/div>\n<div id=\"comp-ju8d2750\" class=\"txtNew\" data-packed=\"true\">\n<p class=\"font_8\">Indukcyjne zgrzewarki do pojemnik\u00f3w opieraj\u0105 si\u0119 na czystym, bezdotykowym systemie uszczelniania pojemnik\u00f3w, za pomoc\u0105 kt\u00f3rego aluminiowe wieczko, czyli \u201ekr\u0105\u017cek\u201d, jest przyklejane na obwodzie wylotu pojemnika.<\/p>\n<\/div>\n<\/div>\n<\/div>\n<\/div>\n<\/div>\n<div id=\"comp-ju8deb64\" class=\"txtNew\" data-packed=\"true\">\n<h6 class=\"font_6\">Po pierwsze, aby zamkn\u0105\u0107 pojemnik metod\u0105 indukcyjn\u0105, niezb\u0119dna jest zakr\u0119tka, kt\u00f3ra nie mo\u017ce by\u0107 metalowa. P\u0142yta indukcyjna\/pokrywa musi by\u0107 ju\u017c umieszczona wewn\u0105trz pokrywy.<\/h6>\n<h6 class=\"font_6\"><span class=\"wixGuard\">\u200b<\/span><\/h6>\n<h6 class=\"font_6\">Je\u015bli chodzi o korpus pojemnika, zawsze zaleca si\u0119, aby by\u0142 on wykonany z dowolnego polimeru z tworzywa sztucznego (PP, PET, PE itp.). W przypadku pojemnik\u00f3w szklanych zalecamy zastosowanie systemu zgrzewania przewodz\u0105cego, zwanego r\u00f3wnie\u017c: zgrzewaniem.<\/h6>\n<h6 class=\"font_6\"><span class=\"wixGuard\">\u200b<\/span><\/h6>\n<h6 class=\"font_6\">Odpowiednia wtyczka. Do zgrzewania indukcyjnego mog\u0119 skomponowa\u0107 nast\u0119puj\u0105ce elementy (warstwy):<\/h6>\n<h6 class=\"font_6\"><span class=\"wixGuard\">\u200b<\/span><\/h6>\n<\/div>\n<div id=\"comp-ju8d8b6w\" class=\"s_BIwzIGroupSkin\" data-is-absolute-layout=\"false\">\n<div id=\"comp-ju8d8b6winlineContent\" class=\"s_BIwzIGroupSkininlineContent\">\n<div id=\"comp-ju8d8b6winlineContent-gridWrapper\" data-mesh-internal=\"true\">\n<div id=\"comp-ju8d8b6winlineContent-gridContainer\" data-mesh-internal=\"true\">\n<div id=\"comp-ju8d8bb0\" class=\"txtNew\" data-packed=\"true\">\n<h2 class=\"font_2\">Wewn\u0119trzna nasadka \u201ebez zadzior\u00f3w\u201d, odpowiednia do wbudowania aluminiowego kr\u0105\u017cka\/wieczka<\/h2>\n<\/div>\n<div id=\"comp-ju8d8bba\" class=\"txtNew\" data-packed=\"true\">\n<h2 class=\"font_2\">Tektura: element ten spe\u0142nia podw\u00f3jn\u0105 funkcj\u0119, gdy\u017c nie tylko konieczne jest wbudowanie i wycentrowanie wieczka w wieczku, ale tak\u017ce gwarantuje, \u017ce wieczko b\u0119dzie mia\u0142o odpowiedni kontakt z wylotem pojemnika po zamkni\u0119ciu wieczka i przed indukcj\u0105 opiecz\u0119towanie.<\/h2>\n<\/div>\n<div id=\"comp-ju8d8bbi\" class=\"txtNew\" data-packed=\"true\">\n<h2 class=\"font_2\">warstwy kleju<\/h2>\n<\/div>\n<div id=\"comp-ju8d8bbr\" class=\"txtNew\" data-packed=\"true\">\n<h2 class=\"font_2\">Wieczko \/ blacha aluminiowa. Bez w\u0105tpienia najwa\u017cniejszy element, bez kt\u00f3rego nie by\u0142oby mo\u017cliwo\u015bci szczelnego zamkni\u0119cia pojemnika. Obecnie dost\u0119pnych jest wiele rodzaj\u00f3w ok\u0142adek, kt\u00f3rych wyb\u00f3r b\u0119dzie zale\u017cny od rodzaju produktu, kt\u00f3ry chcemy zaklei\u0107.<\/h2>\n<\/div>\n<div id=\"comp-ju8d8bc0\" class=\"ca1\" title=\"\" data-is-responsive=\"false\" data-display-mode=\"stretch\" data-content-padding-horizontal=\"0\" data-content-padding-vertical=\"0\" data-exact-height=\"166\">\n<div id=\"comp-ju8d8bc0link\" class=\"ca1link\"><img decoding=\"async\" id=\"comp-ju8d8bc0imgimage\" src=\"https:\/\/static.wixstatic.com\/media\/0ab0df_0918d28554344404b02ebd3639ef0817.jpg\/v1\/fill\/w_93,h_166,al_c,q_80,usm_0.66_1.00_0.01\/0ab0df_0918d28554344404b02ebd3639ef0817.webp\" alt=\"\" data-type=\"image\" \/><\/div>\n<\/div>\n<div id=\"comp-ju8d8bcd-rotated-wrapper\" data-mesh-internal=\"true\">\n<div id=\"comp-ju8d8bcd\" class=\"style-ju4eg3ke1\" data-svg-id=\"b851f16f69da4d608e8726a8c991fe31.svg\" data-svg-type=\"shape\" data-display-mode=\"legacyFit\" data-strokewidth=\"1\" data-viewbox=\"0 0 200 200\" data-preserve-viewbox=\"ignore\" data-angle=\"229\" data-angle-style-location=\"inline\">\n<div id=\"comp-ju8d8bcdlink\" class=\"style-ju4eg3ke1link\">\n<div id=\"comp-ju8d8bcdsvg\" class=\"style-ju4eg3ke1_comp-ju8d8bcd style-ju4eg3ke1_non-scaling-stroke style-ju4eg3ke1svg\"><\/div>\n<\/div>\n<\/div>\n<\/div>\n<div id=\"comp-ju8d8bcw-rotated-wrapper\" data-mesh-internal=\"true\">\n<div id=\"comp-ju8d8bcw\" class=\"style-ju4eg3ke1\" data-svg-id=\"b851f16f69da4d608e8726a8c991fe31.svg\" data-svg-type=\"shape\" data-display-mode=\"legacyFit\" data-strokewidth=\"1\" data-viewbox=\"0 0 200 200\" data-preserve-viewbox=\"ignore\" data-angle=\"232\" data-angle-style-location=\"inline\">\n<div id=\"comp-ju8d8bcwlink\" class=\"style-ju4eg3ke1link\">\n<div id=\"comp-ju8d8bcwsvg\" class=\"style-ju4eg3ke1_comp-ju8d8bcw style-ju4eg3ke1_non-scaling-stroke style-ju4eg3ke1svg\"><\/div>\n<\/div>\n<\/div>\n<\/div>\n<div id=\"comp-ju8d8bd9-rotated-wrapper\" data-mesh-internal=\"true\">\n<div id=\"comp-ju8d8bd9\" class=\"style-ju4eg3ke1\" data-svg-id=\"b851f16f69da4d608e8726a8c991fe31.svg\" data-svg-type=\"shape\" data-display-mode=\"legacyFit\" data-strokewidth=\"1\" data-viewbox=\"0 0 200 200\" data-preserve-viewbox=\"ignore\" data-angle=\"153\" data-angle-style-location=\"inline\">\n<div id=\"comp-ju8d8bd9link\" class=\"style-ju4eg3ke1link\">\n<div id=\"comp-ju8d8bd9svg\" class=\"style-ju4eg3ke1_comp-ju8d8bd9 style-ju4eg3ke1_non-scaling-stroke style-ju4eg3ke1svg\"><\/div>\n<\/div>\n<\/div>\n<\/div>\n<div id=\"comp-ju8d8bdm-rotated-wrapper\" data-mesh-internal=\"true\">\n<div id=\"comp-ju8d8bdm\" class=\"style-ju4eg3ke1\" data-svg-id=\"b851f16f69da4d608e8726a8c991fe31.svg\" data-svg-type=\"shape\" data-display-mode=\"legacyFit\" data-strokewidth=\"1\" data-viewbox=\"0 0 200 200\" data-preserve-viewbox=\"ignore\" data-angle=\"67\" data-angle-style-location=\"inline\">\n<div id=\"comp-ju8d8bdmlink\" class=\"style-ju4eg3ke1link\">\n<div id=\"comp-ju8d8bdmsvg\" class=\"style-ju4eg3ke1_comp-ju8d8bdm style-ju4eg3ke1_non-scaling-stroke style-ju4eg3ke1svg\"><\/div>\n<\/div>\n<\/div>\n<\/div>\n<div id=\"comp-ju8d8bdx-rotated-wrapper\" data-mesh-internal=\"true\">\n<div id=\"comp-ju8d8bdx\" class=\"style-ju4eg3ke1\" data-svg-id=\"b851f16f69da4d608e8726a8c991fe31.svg\" data-svg-type=\"shape\" data-display-mode=\"legacyFit\" data-strokewidth=\"1\" data-viewbox=\"0 0 200 200\" data-preserve-viewbox=\"ignore\" data-angle=\"259\" data-angle-style-location=\"inline\">\n<div id=\"comp-ju8d8bdxlink\" class=\"style-ju4eg3ke1link\">\n<div id=\"comp-ju8d8bdxsvg\" class=\"style-ju4eg3ke1_comp-ju8d8bdx style-ju4eg3ke1_non-scaling-stroke style-ju4eg3ke1svg\"><\/div>\n<\/div>\n<\/div>\n<\/div>\n<\/div>\n<\/div>\n<\/div>\n<\/div>\n<\/div>\n<\/div>\n<\/div>\n<\/div>\n<p><iframe loading=\"lazy\" src=\"https:\/\/www.youtube.com\/embed\/Y59OPYvS82g\" width=\"560\" height=\"315\" frameborder=\"0\" allowfullscreen=\"allowfullscreen\">&nbsp;<\/p>\n<p><\/iframe><\/p>","protected":false},"excerpt":{"rendered":"<h2>P\u00f3\u0142automatyczna zgrzewarka termo-indukcyjna do zakr\u0119tek<\/h2>\n<p>Zgrzewanie indukcyjne poprawia jako\u015b\u0107 produktu, zapobiega naturalnemu wch\u0142anianiu wilgoci, wyd\u0142u\u017ca okres przydatno\u015bci do spo\u017cycia, zwi\u0119ksza bezpiecze\u0144stwo przed podrabianiem.<\/p>\n<h6 class=\"font_8\">P\u00f3\u0142automatyczna zgrzewarka indukcyjna polecana do du\u017cej wydajno\u015bci, ekonomiczna, z g\u0142owic\u0105 zgrzewaj\u0105c\u0105 do \u015brednic wylot\u00f3w pojemnik\u00f3w od<\/h6>\n<p class=\"font_8\">\u00d820 mm do \u00d880 mm.<\/p>\n<p class=\"font_8\"><span class=\"wixGuard\">\u200b<\/span><\/p>\n<p class=\"font_8\">Charakteryzuje si\u0119 kompaktowo\u015bci\u0105 i lekko\u015bci\u0105, ale jednocze\u015bnie ma moc i skuteczno\u015b\u0107 niezb\u0119dn\u0105 w zdecydowanej wi\u0119kszo\u015bci zastosowa\u0144 zgrzewania indukcyjnego; kontrolowane przez chip SIEMENS \u201eIGBT\u201d o wysokiej wydajno\u015bci i niskim zu\u017cyciu energii elektrycznej. Nasza rekomendacja, Jako\u015b\u0107-Cena dla wysokich produkcji.<\/p>","protected":false},"featured_media":628,"comment_status":"open","ping_status":"closed","template":"","meta":{"wds_primary_product_brand":0,"wds_primary_product_cat":0},"product_brand":[],"product_cat":[45,28],"product_tag":[],"class_list":{"0":"post-627","1":"product","2":"type-product","3":"status-publish","4":"has-post-thumbnail","6":"product_cat-selladoras-de-induccion","7":"product_cat-tapadoras","9":"first","10":"instock","11":"taxable","12":"shipping-taxable","13":"purchasable","14":"product-type-simple"},"yoast_head":"<!-- This site is optimized with the Yoast SEO Premium plugin v24.9 (Yoast SEO v26.1) - https:\/\/yoast.com\/wordpress\/plugins\/seo\/ -->\n<title>M\u00e1quina Selladora de Inducci\u00f3n T\u00e9rmica selladora de op\u00e9rculos semiautom\u00e1tica - distribuci\u00f3n ARC<\/title>\n<meta name=\"robots\" content=\"index, follow, max-snippet:-1, max-image-preview:large, max-video-preview:-1\" \/>\n<link rel=\"canonical\" href=\"https:\/\/www.distribucionarc.com\/en\/producto\/maquina-selladora-de-induccion-termica-selladora-de-operculos-semiautomatica\/\" \/>\n<meta property=\"og:locale\" content=\"pl_PL\" \/>\n<meta property=\"og:type\" content=\"article\" \/>\n<meta property=\"og:title\" content=\"M\u00e1quina Selladora de Inducci\u00f3n T\u00e9rmica selladora de op\u00e9rculos semiautom\u00e1tica\" \/>\n<meta property=\"og:description\" content=\"selladora de op\u00e9rculos inducci\u00f3n t\u00e9rmica semiautom\u00e1tica El sellado t\u00e9rmico por inducci\u00f3n mejora la calidad del producto, evita la absorci\u00f3n de la humedad natural, prolonga el per\u00edodo de caducidad, a\u00f1ade seguridad contra falsificaciones. Selladora semiautom\u00e1tica por inducci\u00f3n recomendada para altas producciones, econ\u00f3mica, con cabezal de sellado para di\u00e1metros de bocas de envases desde \u00d820 mm hasta \u00d880 mm. \u200b Se caracteriza por ser compacta y ligera, pero al mismo tiempo dispone de la potencia y efectividad necesaria para la gran mayor\u00eda de aplicaciones de sellado por inducci\u00f3n; controlada mediante un chip SIEMENS \u201cIGBT\u201d de alta eficiencia y bajo consumo el\u00e9ctrico. Nuestra recomendaci\u00f3n, Calidad-Precio para producciones altas.\" \/>\n<meta property=\"og:url\" content=\"https:\/\/www.distribucionarc.com\/en\/producto\/maquina-selladora-de-induccion-termica-selladora-de-operculos-semiautomatica\/\" \/>\n<meta property=\"og:site_name\" content=\"distribuci\u00f3n ARC\" \/>\n<meta property=\"article:modified_time\" content=\"2023-04-12T22:40:29+00:00\" \/>\n<meta property=\"og:image\" content=\"https:\/\/distribucionarc.com\/wp-content\/uploads\/2020\/04\/selladora_de_op\u00e9rculos_semiautom\u00e1tica_0.jpg\" \/>\n\t<meta property=\"og:image:width\" content=\"1600\" \/>\n\t<meta property=\"og:image:height\" content=\"1600\" \/>\n\t<meta property=\"og:image:type\" content=\"image\/jpeg\" \/>\n<meta name=\"twitter:card\" content=\"summary_large_image\" \/>\n<meta name=\"twitter:label1\" content=\"Szacowany czas czytania\" \/>\n\t<meta name=\"twitter:data1\" content=\"3 minuty\" \/>\n<script type=\"application\/ld+json\" class=\"yoast-schema-graph\">{\"@context\":\"https:\/\/schema.org\",\"@graph\":[{\"@type\":\"WebPage\",\"@id\":\"https:\/\/www.distribucionarc.com\/en\/producto\/maquina-selladora-de-induccion-termica-selladora-de-operculos-semiautomatica\/\",\"url\":\"https:\/\/www.distribucionarc.com\/en\/producto\/maquina-selladora-de-induccion-termica-selladora-de-operculos-semiautomatica\/\",\"name\":\"M\u00e1quina Selladora de Inducci\u00f3n T\u00e9rmica selladora de op\u00e9rculos semiautom\u00e1tica - distribuci\u00f3n ARC\",\"isPartOf\":{\"@id\":\"https:\/\/www.distribucionarc.com\/sl\/#website\"},\"primaryImageOfPage\":{\"@id\":\"https:\/\/www.distribucionarc.com\/en\/producto\/maquina-selladora-de-induccion-termica-selladora-de-operculos-semiautomatica\/#primaryimage\"},\"image\":{\"@id\":\"https:\/\/www.distribucionarc.com\/en\/producto\/maquina-selladora-de-induccion-termica-selladora-de-operculos-semiautomatica\/#primaryimage\"},\"thumbnailUrl\":\"https:\/\/distribucionarc.com\/wp-content\/uploads\/2020\/04\/selladora_de_op\u00e9rculos_semiautom\u00e1tica_0.jpg\",\"datePublished\":\"2020-04-30T16:36:12+00:00\",\"dateModified\":\"2023-04-12T22:40:29+00:00\",\"breadcrumb\":{\"@id\":\"https:\/\/www.distribucionarc.com\/en\/producto\/maquina-selladora-de-induccion-termica-selladora-de-operculos-semiautomatica\/#breadcrumb\"},\"inLanguage\":\"pl-PL\",\"potentialAction\":[{\"@type\":\"ReadAction\",\"target\":[\"https:\/\/www.distribucionarc.com\/en\/producto\/maquina-selladora-de-induccion-termica-selladora-de-operculos-semiautomatica\/\"]}]},{\"@type\":\"ImageObject\",\"inLanguage\":\"pl-PL\",\"@id\":\"https:\/\/www.distribucionarc.com\/en\/producto\/maquina-selladora-de-induccion-termica-selladora-de-operculos-semiautomatica\/#primaryimage\",\"url\":\"https:\/\/distribucionarc.com\/wp-content\/uploads\/2020\/04\/selladora_de_op\u00e9rculos_semiautom\u00e1tica_0.jpg\",\"contentUrl\":\"https:\/\/distribucionarc.com\/wp-content\/uploads\/2020\/04\/selladora_de_op\u00e9rculos_semiautom\u00e1tica_0.jpg\",\"width\":1600,\"height\":1600},{\"@type\":\"BreadcrumbList\",\"@id\":\"https:\/\/www.distribucionarc.com\/en\/producto\/maquina-selladora-de-induccion-termica-selladora-de-operculos-semiautomatica\/#breadcrumb\",\"itemListElement\":[{\"@type\":\"ListItem\",\"position\":1,\"name\":\"Portada\",\"item\":\"https:\/\/www.distribucionarc.com\/\"},{\"@type\":\"ListItem\",\"position\":2,\"name\":\"\u00dcr\u00fcnler\",\"item\":\"https:\/\/www.distribucionarc.com\/tr\/magaza\/\"},{\"@type\":\"ListItem\",\"position\":3,\"name\":\"M\u00e1quina Selladora de Inducci\u00f3n T\u00e9rmica selladora de op\u00e9rculos semiautom\u00e1tica\"}]},{\"@type\":\"WebSite\",\"@id\":\"https:\/\/www.distribucionarc.com\/sl\/#website\",\"url\":\"https:\/\/www.distribucionarc.com\/sl\/\",\"name\":\"distribuci\u00f3n ARC\",\"description\":\"Empresa especializada en la fabricaci\u00f3n y distribuci\u00f3n de maquinaria industrial, selladoras de latas, Maquinas de hacer pastillas, Maquinas de cortar carne...\",\"publisher\":{\"@id\":\"https:\/\/www.distribucionarc.com\/sl\/#organization\"},\"potentialAction\":[{\"@type\":\"SearchAction\",\"target\":{\"@type\":\"EntryPoint\",\"urlTemplate\":\"https:\/\/www.distribucionarc.com\/sl\/?s={search_term_string}\"},\"query-input\":{\"@type\":\"PropertyValueSpecification\",\"valueRequired\":true,\"valueName\":\"search_term_string\"}}],\"inLanguage\":\"pl-PL\"},{\"@type\":\"Organization\",\"@id\":\"https:\/\/www.distribucionarc.com\/sl\/#organization\",\"name\":\"Distribuci\u00f3n ARC\",\"url\":\"https:\/\/www.distribucionarc.com\/sl\/\",\"logo\":{\"@type\":\"ImageObject\",\"inLanguage\":\"pl-PL\",\"@id\":\"https:\/\/www.distribucionarc.com\/sl\/#\/schema\/logo\/image\/\",\"url\":\"https:\/\/distribucionarc.com\/wp-content\/uploads\/2024\/10\/distribucion-ARC-COLOR-SIN-FONDO-e1732295305345.png\",\"contentUrl\":\"https:\/\/distribucionarc.com\/wp-content\/uploads\/2024\/10\/distribucion-ARC-COLOR-SIN-FONDO-e1732295305345.png\",\"width\":1164,\"height\":558,\"caption\":\"Distribuci\u00f3n ARC\"},\"image\":{\"@id\":\"https:\/\/www.distribucionarc.com\/sl\/#\/schema\/logo\/image\/\"},\"description\":\"Empresa especializada en la fabricaci\u00f3n y distribuci\u00f3n de maquinaria industrial para los sectores alimentario y farmac\u00e9utico. Nos especializamos en: M\u00e1quinas de cortar carne Fabricaci\u00f3n de comprimidos Sistemas de transporte industrial L\u00edneas de embotellado Dosificadores Y mucho m\u00e1s... Ofrecemos soluciones innovadoras y personalizadas para optimizar los procesos productivos de tu empresa.\",\"email\":\"Admistracion@distribucionarc.com\",\"telephone\":\"+34 643496664\",\"legalName\":\"ARC TECH SOLUTIONS\",\"foundingDate\":\"2024-04-09\",\"vatID\":\"B55480172\",\"numberOfEmployees\":{\"@type\":\"QuantitativeValue\",\"minValue\":\"1\",\"maxValue\":\"10\"}}]}<\/script>\n<!-- \/ Yoast SEO Premium plugin. -->","yoast_head_json":{"title":"Zgrzewarka termoindukcyjna p\u00f3\u0142automatyczna zgrzewarka do nakr\u0119tek - dystrybucja ARC","robots":{"index":"index","follow":"follow","max-snippet":"max-snippet:-1","max-image-preview":"max-image-preview:large","max-video-preview":"max-video-preview:-1"},"canonical":"https:\/\/www.distribucionarc.com\/en\/producto\/maquina-selladora-de-induccion-termica-selladora-de-operculos-semiautomatica\/","og_locale":"pl_PL","og_type":"article","og_title":"M\u00e1quina Selladora de Inducci\u00f3n T\u00e9rmica selladora de op\u00e9rculos semiautom\u00e1tica","og_description":"selladora de op\u00e9rculos inducci\u00f3n t\u00e9rmica semiautom\u00e1tica El sellado t\u00e9rmico por inducci\u00f3n mejora la calidad del producto, evita la absorci\u00f3n de la humedad natural, prolonga el per\u00edodo de caducidad, a\u00f1ade seguridad contra falsificaciones. Selladora semiautom\u00e1tica por inducci\u00f3n recomendada para altas producciones, econ\u00f3mica, con cabezal de sellado para di\u00e1metros de bocas de envases desde \u00d820 mm hasta \u00d880 mm. \u200b Se caracteriza por ser compacta y ligera, pero al mismo tiempo dispone de la potencia y efectividad necesaria para la gran mayor\u00eda de aplicaciones de sellado por inducci\u00f3n; controlada mediante un chip SIEMENS \u201cIGBT\u201d de alta eficiencia y bajo consumo el\u00e9ctrico. Nuestra recomendaci\u00f3n, Calidad-Precio para producciones altas.","og_url":"https:\/\/www.distribucionarc.com\/en\/producto\/maquina-selladora-de-induccion-termica-selladora-de-operculos-semiautomatica\/","og_site_name":"distribuci\u00f3n ARC","article_modified_time":"2023-04-12T22:40:29+00:00","og_image":[{"width":1600,"height":1600,"url":"https:\/\/distribucionarc.com\/wp-content\/uploads\/2020\/04\/selladora_de_op\u00e9rculos_semiautom\u00e1tica_0.jpg","type":"image\/jpeg"}],"twitter_card":"summary_large_image","twitter_misc":{"Szacowany czas czytania":"3 minuty"},"schema":{"@context":"https:\/\/schema.org","@graph":[{"@type":"WebPage","@id":"https:\/\/www.distribucionarc.com\/en\/producto\/maquina-selladora-de-induccion-termica-selladora-de-operculos-semiautomatica\/","url":"https:\/\/www.distribucionarc.com\/en\/producto\/maquina-selladora-de-induccion-termica-selladora-de-operculos-semiautomatica\/","name":"Zgrzewarka termoindukcyjna p\u00f3\u0142automatyczna zgrzewarka do nakr\u0119tek - dystrybucja ARC","isPartOf":{"@id":"https:\/\/www.distribucionarc.com\/sl\/#website"},"primaryImageOfPage":{"@id":"https:\/\/www.distribucionarc.com\/en\/producto\/maquina-selladora-de-induccion-termica-selladora-de-operculos-semiautomatica\/#primaryimage"},"image":{"@id":"https:\/\/www.distribucionarc.com\/en\/producto\/maquina-selladora-de-induccion-termica-selladora-de-operculos-semiautomatica\/#primaryimage"},"thumbnailUrl":"https:\/\/distribucionarc.com\/wp-content\/uploads\/2020\/04\/selladora_de_op\u00e9rculos_semiautom\u00e1tica_0.jpg","datePublished":"2020-04-30T16:36:12+00:00","dateModified":"2023-04-12T22:40:29+00:00","breadcrumb":{"@id":"https:\/\/www.distribucionarc.com\/en\/producto\/maquina-selladora-de-induccion-termica-selladora-de-operculos-semiautomatica\/#breadcrumb"},"inLanguage":"pl-PL","potentialAction":[{"@type":"ReadAction","target":["https:\/\/www.distribucionarc.com\/en\/producto\/maquina-selladora-de-induccion-termica-selladora-de-operculos-semiautomatica\/"]}]},{"@type":"ImageObject","inLanguage":"pl-PL","@id":"https:\/\/www.distribucionarc.com\/en\/producto\/maquina-selladora-de-induccion-termica-selladora-de-operculos-semiautomatica\/#primaryimage","url":"https:\/\/distribucionarc.com\/wp-content\/uploads\/2020\/04\/selladora_de_op\u00e9rculos_semiautom\u00e1tica_0.jpg","contentUrl":"https:\/\/distribucionarc.com\/wp-content\/uploads\/2020\/04\/selladora_de_op\u00e9rculos_semiautom\u00e1tica_0.jpg","width":1600,"height":1600},{"@type":"BreadcrumbList","@id":"https:\/\/www.distribucionarc.com\/en\/producto\/maquina-selladora-de-induccion-termica-selladora-de-operculos-semiautomatica\/#breadcrumb","itemListElement":[{"@type":"ListItem","position":1,"name":"Portada","item":"https:\/\/www.distribucionarc.com\/"},{"@type":"ListItem","position":2,"name":"\u00dcr\u00fcnler","item":"https:\/\/www.distribucionarc.com\/tr\/magaza\/"},{"@type":"ListItem","position":3,"name":"M\u00e1quina Selladora de Inducci\u00f3n T\u00e9rmica selladora de op\u00e9rculos semiautom\u00e1tica"}]},{"@type":"WebSite","@id":"https:\/\/www.distribucionarc.com\/sl\/#website","url":"https:\/\/www.distribucionarc.com\/sl\/","name":"Dystrybucja ARC","description":"Firma specjalizuj\u0105ca si\u0119 w produkcji i dystrybucji maszyn przemys\u0142owych, zgrzewarek do puszek, maszyn do produkcji tabletek, maszyn do ci\u0119cia mi\u0119sa...","publisher":{"@id":"https:\/\/www.distribucionarc.com\/sl\/#organization"},"potentialAction":[{"@type":"SearchAction","target":{"@type":"EntryPoint","urlTemplate":"https:\/\/www.distribucionarc.com\/sl\/?s={search_term_string}"},"query-input":{"@type":"PropertyValueSpecification","valueRequired":true,"valueName":"search_term_string"}}],"inLanguage":"pl-PL"},{"@type":"Organization","@id":"https:\/\/www.distribucionarc.com\/sl\/#organization","name":"Dystrybucja ARC","url":"https:\/\/www.distribucionarc.com\/sl\/","logo":{"@type":"ImageObject","inLanguage":"pl-PL","@id":"https:\/\/www.distribucionarc.com\/sl\/#\/schema\/logo\/image\/","url":"https:\/\/distribucionarc.com\/wp-content\/uploads\/2024\/10\/distribucion-ARC-COLOR-SIN-FONDO-e1732295305345.png","contentUrl":"https:\/\/distribucionarc.com\/wp-content\/uploads\/2024\/10\/distribucion-ARC-COLOR-SIN-FONDO-e1732295305345.png","width":1164,"height":558,"caption":"Distribuci\u00f3n ARC"},"image":{"@id":"https:\/\/www.distribucionarc.com\/sl\/#\/schema\/logo\/image\/"},"description":"Firma specjalizuj\u0105ca si\u0119 w produkcji i dystrybucji maszyn przemys\u0142owych dla sektora spo\u017cywczego i farmaceutycznego. Specjalizujemy si\u0119 w: Maszyny do krojenia mi\u0119sa Produkcja tabletek Przemys\u0142owe systemy transportowe Linie butelkuj\u0105ce Dozowniki I wiele wi\u0119cej.... Oferujemy innowacyjne i niestandardowe rozwi\u0105zania w celu optymalizacji proces\u00f3w produkcyjnych w Twojej firmie.","email":"Admistracion@distribucionarc.com","telephone":"+34 643496664","legalName":"ARC TECH SOLUTIONS","foundingDate":"2024-04-09","vatID":"B55480172","numberOfEmployees":{"@type":"QuantitativeValue","minValue":"1","maxValue":"10"}}]}},"_links":{"self":[{"href":"https:\/\/distribucionarc.com\/pl\/wp-json\/wp\/v2\/product\/627","targetHints":{"allow":["GET"]}}],"collection":[{"href":"https:\/\/distribucionarc.com\/pl\/wp-json\/wp\/v2\/product"}],"about":[{"href":"https:\/\/distribucionarc.com\/pl\/wp-json\/wp\/v2\/types\/product"}],"replies":[{"embeddable":true,"href":"https:\/\/distribucionarc.com\/pl\/wp-json\/wp\/v2\/comments?post=627"}],"version-history":[{"count":0,"href":"https:\/\/distribucionarc.com\/pl\/wp-json\/wp\/v2\/product\/627\/revisions"}],"wp:featuredmedia":[{"embeddable":true,"href":"https:\/\/distribucionarc.com\/pl\/wp-json\/wp\/v2\/media\/628"}],"wp:attachment":[{"href":"https:\/\/distribucionarc.com\/pl\/wp-json\/wp\/v2\/media?parent=627"}],"wp:term":[{"taxonomy":"product_brand","embeddable":true,"href":"https:\/\/distribucionarc.com\/pl\/wp-json\/wp\/v2\/product_brand?post=627"},{"taxonomy":"product_cat","embeddable":true,"href":"https:\/\/distribucionarc.com\/pl\/wp-json\/wp\/v2\/product_cat?post=627"},{"taxonomy":"product_tag","embeddable":true,"href":"https:\/\/distribucionarc.com\/pl\/wp-json\/wp\/v2\/product_tag?post=627"}],"curies":[{"name":"wp","href":"https:\/\/api.w.org\/{rel}","templated":true}]}}