{"id":6274,"date":"2023-08-07T23:45:38","date_gmt":"2023-08-07T23:45:38","guid":{"rendered":"https:\/\/distribucionarc.com\/?post_type=product&#038;p=6274"},"modified":"2025-05-28T03:09:58","modified_gmt":"2025-05-28T01:09:58","slug":"etykieciarka-przemyslowa-do-5-litrowych-butelek-i-karafek","status":"publish","type":"product","link":"https:\/\/distribucionarc.com\/pl\/producto\/maquina-etiquetadora-industrial-para-botellas-y-garrafas-de-5-litros\/","title":{"rendered":"PRZEMYS\u0141OWA ETYKIETKARKA DO BUTELEK 5 LITROWYCH I NO\u015aNIK\u00d3W"},"content":{"rendered":"<h2>Przemys\u0142owa maszyna do etykietowania butelek<\/h2>\n<p><strong>Liniowa maszyna do etykietowania<\/strong> to wydajne i wszechstronne urz\u0105dzenie przemys\u0142owe przeznaczone do dok\u0142adnego i szybkiego naklejania etykiet samoprzylepnych na r\u00f3\u017cne produkty i opakowania. Jego specyfikacje techniczne s\u0105 zoptymalizowane, aby zapewni\u0107 wysok\u0105 wydajno\u015b\u0107 i dostosowa\u0107 si\u0119 do szerokiego zakresu rozmiar\u00f3w etykiet i pr\u0119dko\u015bci produkcji. Ten<strong> liniowa maszyna do etykietowania<\/strong> Posiada imponuj\u0105c\u0105 wydajno\u015b\u0107 etykietowania od 60 do 350 sztuk na minut\u0119. Ta regulowana pr\u0119dko\u015b\u0107 pozwala dostosowa\u0107 si\u0119 do r\u00f3\u017cnych linii produkcyjnych i potrzeb w zakresie etykietowania.<\/p>\n<p><a href=\"https:\/\/distribucionarc.com\/wp-content\/uploads\/2023\/08\/etiquetadora-lineal-2-scaled.jpg\">\u00a0 \u00a0 \u00a0 \u00a0 \u00a0 \u00a0 \u00a0 \u00a0 \u00a0 \u00a0 \u00a0 \u00a0 \u00a0 \u00a0 \u00a0 \u00a0 \u00a0 \u00a0 \u00a0 \u00a0 \u00a0 \u00a0 \u00a0 \u00a0 \u00a0 \u00a0 \u00a0 \u00a0 \u00a0 \u00a0<img loading=\"lazy\" decoding=\"async\" class=\"alignnone size-medium wp-image-6276\" src=\"https:\/\/distribucionarc.com\/wp-content\/uploads\/2023\/08\/etiquetadora-lineal-2-300x200.jpg\" alt=\"\" width=\"300\" height=\"200\" srcset=\"https:\/\/distribucionarc.com\/wp-content\/uploads\/2023\/08\/etiquetadora-lineal-2-300x200.jpg 300w, https:\/\/distribucionarc.com\/wp-content\/uploads\/2023\/08\/etiquetadora-lineal-2-scaled-430x287.jpg 430w, https:\/\/distribucionarc.com\/wp-content\/uploads\/2023\/08\/etiquetadora-lineal-2-scaled-150x100.jpg 150w, https:\/\/distribucionarc.com\/wp-content\/uploads\/2023\/08\/etiquetadora-lineal-2-scaled-700x467.jpg 700w, https:\/\/distribucionarc.com\/wp-content\/uploads\/2023\/08\/etiquetadora-lineal-2-1024x683.jpg 1024w, https:\/\/distribucionarc.com\/wp-content\/uploads\/2023\/08\/etiquetadora-lineal-2-768x512.jpg 768w, https:\/\/distribucionarc.com\/wp-content\/uploads\/2023\/08\/etiquetadora-lineal-2-1536x1024.jpg 1536w, https:\/\/distribucionarc.com\/wp-content\/uploads\/2023\/08\/etiquetadora-lineal-2-2048x1365.jpg 2048w, https:\/\/distribucionarc.com\/wp-content\/uploads\/2023\/08\/etiquetadora-lineal-2-18x12.jpg 18w, https:\/\/distribucionarc.com\/wp-content\/uploads\/2023\/08\/etiquetadora-lineal-2-48x32.jpg 48w\" sizes=\"auto, (max-width: 300px) 100vw, 300px\" \/><\/a><\/p>\n<p>&nbsp;<\/p>\n<table>\n<tbody>\n<tr>\n<td width=\"283\">Rozmiar maszyny<\/td>\n<td width=\"283\">D\u0142. 2800 mm * szer. 1650 mm * wys. 1500 mm<\/td>\n<\/tr>\n<tr>\n<td width=\"283\">Wolta\u017c<\/td>\n<td width=\"283\">110 V\/220 V 50 Hz\/60 Hz<\/td>\n<\/tr>\n<tr>\n<td width=\"283\">Szybko\u015b\u0107 etykietowania<\/td>\n<td width=\"283\">60-350szt\/min<\/td>\n<\/tr>\n<tr>\n<td width=\"283\">Oznacz wysoko\u015b\u0107 obiektu<\/td>\n<td width=\"283\">30-350 mm<\/td>\n<\/tr>\n<tr>\n<td width=\"283\">Grubo\u015b\u0107 obiektu etykiety<\/td>\n<td width=\"283\">20-120mm<\/td>\n<\/tr>\n<tr>\n<td width=\"283\">Wysoko\u015b\u0107 etykiety<\/td>\n<td width=\"283\">15-200 mm<\/td>\n<\/tr>\n<tr>\n<td width=\"283\">D\u0142ugo\u015b\u0107 etykiety<\/td>\n<td width=\"283\">25-300 mm<\/td>\n<\/tr>\n<tr>\n<td width=\"283\">B\u0142\u0105d tagu<\/td>\n<td width=\"283\">\u00b11 mm<\/td>\n<\/tr>\n<tr>\n<td width=\"283\">Wewn\u0119trzna \u015brednica rolki etykiet<\/td>\n<td width=\"283\">75mm<\/td>\n<\/tr>\n<tr>\n<td width=\"283\">Zewn\u0119trzna \u015brednica rolki etykiet<\/td>\n<td width=\"283\">350mm<\/td>\n<\/tr>\n<tr>\n<td width=\"283\">Dop\u0142yw powietrza<\/td>\n<td width=\"283\">5kg\/cm<sup>2<\/sup><\/td>\n<\/tr>\n<\/tbody>\n<\/table>\n<p>&nbsp;<\/p>\n<p>&nbsp;<\/p>","protected":false},"excerpt":{"rendered":"<p>Podsumowuj\u0105c, <strong>przemys\u0142owa liniowa maszyna do etykietowania<\/strong> to genialne rozwi\u0105zanie technologiczne, kt\u00f3re zrewolucjonizowa\u0142o bran\u017c\u0119 produkcyjn\u0105, zapewniaj\u0105c, \u017ce produkty trafiaj\u0105 na rynek z nieskazitelnymi etykietami samoprzylepnymi, wzmacniaj\u0105c zaufanie klient\u00f3w i poprawiaj\u0105c wizerunek marki.<\/p>","protected":false},"featured_media":6277,"comment_status":"open","ping_status":"closed","template":"","meta":{"wds_primary_product_brand":0,"wds_primary_product_cat":0},"product_brand":[],"product_cat":[266,44],"product_tag":[],"class_list":{"0":"post-6274","1":"product","2":"type-product","3":"status-publish","4":"has-post-thumbnail","6":"product_cat-accessories","7":"product_cat-etiquetadoras-de-botellas","8":"product_shipping_class-express","10":"first","11":"instock","12":"taxable","13":"shipping-taxable","14":"purchasable","15":"product-type-simple"},"yoast_head":"<!-- This site is optimized with the Yoast SEO Premium plugin v24.9 (Yoast SEO v26.1) - https:\/\/yoast.com\/wordpress\/plugins\/seo\/ -->\n<title>MAQUINA ETIQUETADORA INDUSTRIAL PARA BOTELLAS Y GARRAFAS DE 5 LITROS - distribuci\u00f3n ARC<\/title>\n<meta name=\"robots\" content=\"index, follow, max-snippet:-1, max-image-preview:large, max-video-preview:-1\" \/>\n<link rel=\"canonical\" href=\"https:\/\/distribucionarc.com\/pl\/produkty\/etykieciarka-przemyslowa-do-5-litrowych-butelek-i-karafek\/\" \/>\n<meta property=\"og:locale\" content=\"pl_PL\" \/>\n<meta property=\"og:type\" content=\"article\" \/>\n<meta property=\"og:title\" content=\"MAQUINA ETIQUETADORA INDUSTRIAL PARA BOTELLAS Y GARRAFAS DE 5 LITROS\" \/>\n<meta property=\"og:description\" content=\"En resumen, la m\u00e1quina etiquetadora lineal industrial es una ingeniosa soluci\u00f3n tecnol\u00f3gica que ha revolucionado la industria manufacturera, asegurando que los productos lleguen al mercado con etiquetas autoadhesivas impecables, lo que fortalece la confianza del cliente y mejora la imagen de la marca.\" \/>\n<meta property=\"og:url\" content=\"https:\/\/distribucionarc.com\/pl\/produkty\/etykieciarka-przemyslowa-do-5-litrowych-butelek-i-karafek\/\" \/>\n<meta property=\"og:site_name\" content=\"distribuci\u00f3n ARC\" \/>\n<meta property=\"article:modified_time\" content=\"2025-05-28T01:09:58+00:00\" \/>\n<meta property=\"og:image\" content=\"https:\/\/distribucionarc.com\/wp-content\/uploads\/2023\/08\/etiqueteadora-lineal-imagen-producto-scaled.jpg\" \/>\n\t<meta property=\"og:image:width\" content=\"2560\" \/>\n\t<meta property=\"og:image:height\" content=\"1707\" \/>\n\t<meta property=\"og:image:type\" content=\"image\/jpeg\" \/>\n<meta name=\"twitter:card\" content=\"summary_large_image\" \/>\n<meta name=\"twitter:label1\" content=\"Szacowany czas czytania\" \/>\n\t<meta name=\"twitter:data1\" content=\"2 minuty\" \/>\n<script type=\"application\/ld+json\" class=\"yoast-schema-graph\">{\"@context\":\"https:\/\/schema.org\",\"@graph\":[{\"@type\":\"WebPage\",\"@id\":\"https:\/\/distribucionarc.com\/sk\/producto\/maquina-etiquetadora-industrial-para-botellas-y-garrafas-de-5-litros\/\",\"url\":\"https:\/\/distribucionarc.com\/sk\/producto\/maquina-etiquetadora-industrial-para-botellas-y-garrafas-de-5-litros\/\",\"name\":\"MAQUINA ETIQUETADORA INDUSTRIAL PARA BOTELLAS Y GARRAFAS DE 5 LITROS - distribuci\u00f3n ARC\",\"isPartOf\":{\"@id\":\"https:\/\/distribucionarc.com\/ro\/#website\"},\"primaryImageOfPage\":{\"@id\":\"https:\/\/distribucionarc.com\/sk\/producto\/maquina-etiquetadora-industrial-para-botellas-y-garrafas-de-5-litros\/#primaryimage\"},\"image\":{\"@id\":\"https:\/\/distribucionarc.com\/sk\/producto\/maquina-etiquetadora-industrial-para-botellas-y-garrafas-de-5-litros\/#primaryimage\"},\"thumbnailUrl\":\"https:\/\/distribucionarc.com\/wp-content\/uploads\/2023\/08\/etiqueteadora-lineal-imagen-producto-scaled.jpg\",\"datePublished\":\"2023-08-07T23:45:38+00:00\",\"dateModified\":\"2025-05-28T01:09:58+00:00\",\"breadcrumb\":{\"@id\":\"https:\/\/distribucionarc.com\/sk\/producto\/maquina-etiquetadora-industrial-para-botellas-y-garrafas-de-5-litros\/#breadcrumb\"},\"inLanguage\":\"pl-PL\",\"potentialAction\":[{\"@type\":\"ReadAction\",\"target\":[\"https:\/\/distribucionarc.com\/sk\/producto\/maquina-etiquetadora-industrial-para-botellas-y-garrafas-de-5-litros\/\"]}]},{\"@type\":\"ImageObject\",\"inLanguage\":\"pl-PL\",\"@id\":\"https:\/\/distribucionarc.com\/sk\/producto\/maquina-etiquetadora-industrial-para-botellas-y-garrafas-de-5-litros\/#primaryimage\",\"url\":\"https:\/\/distribucionarc.com\/wp-content\/uploads\/2023\/08\/etiqueteadora-lineal-imagen-producto-scaled.jpg\",\"contentUrl\":\"https:\/\/distribucionarc.com\/wp-content\/uploads\/2023\/08\/etiqueteadora-lineal-imagen-producto-scaled.jpg\",\"width\":2560,\"height\":1707},{\"@type\":\"BreadcrumbList\",\"@id\":\"https:\/\/distribucionarc.com\/sk\/producto\/maquina-etiquetadora-industrial-para-botellas-y-garrafas-de-5-litros\/#breadcrumb\",\"itemListElement\":[{\"@type\":\"ListItem\",\"position\":1,\"name\":\"Portada\",\"item\":\"https:\/\/distribucionarc.com\/ar\/\"},{\"@type\":\"ListItem\",\"position\":2,\"name\":\"Proizvodi\",\"item\":\"https:\/\/www.distribucionarc.com\/hr\/ducan\/\"},{\"@type\":\"ListItem\",\"position\":3,\"name\":\"MAQUINA ETIQUETADORA INDUSTRIAL PARA BOTELLAS Y GARRAFAS DE 5 LITROS\"}]},{\"@type\":\"WebSite\",\"@id\":\"https:\/\/distribucionarc.com\/ro\/#website\",\"url\":\"https:\/\/distribucionarc.com\/ro\/\",\"name\":\"distribuci\u00f3n ARC\",\"description\":\"Empresa especializada en la fabricaci\u00f3n y distribuci\u00f3n de maquinaria industrial, selladoras de latas, Maquinas de hacer pastillas, Maquinas de cortar carne...\",\"publisher\":{\"@id\":\"https:\/\/distribucionarc.com\/ro\/#organization\"},\"potentialAction\":[{\"@type\":\"SearchAction\",\"target\":{\"@type\":\"EntryPoint\",\"urlTemplate\":\"https:\/\/distribucionarc.com\/ro\/?s={search_term_string}\"},\"query-input\":{\"@type\":\"PropertyValueSpecification\",\"valueRequired\":true,\"valueName\":\"search_term_string\"}}],\"inLanguage\":\"pl-PL\"},{\"@type\":\"Organization\",\"@id\":\"https:\/\/distribucionarc.com\/ro\/#organization\",\"name\":\"Distribuci\u00f3n ARC\",\"url\":\"https:\/\/distribucionarc.com\/ro\/\",\"logo\":{\"@type\":\"ImageObject\",\"inLanguage\":\"pl-PL\",\"@id\":\"https:\/\/distribucionarc.com\/ro\/#\/schema\/logo\/image\/\",\"url\":\"https:\/\/distribucionarc.com\/wp-content\/uploads\/2024\/10\/distribucion-ARC-COLOR-SIN-FONDO-e1732295305345.png\",\"contentUrl\":\"https:\/\/distribucionarc.com\/wp-content\/uploads\/2024\/10\/distribucion-ARC-COLOR-SIN-FONDO-e1732295305345.png\",\"width\":1164,\"height\":558,\"caption\":\"Distribuci\u00f3n ARC\"},\"image\":{\"@id\":\"https:\/\/distribucionarc.com\/ro\/#\/schema\/logo\/image\/\"},\"description\":\"Empresa especializada en la fabricaci\u00f3n y distribuci\u00f3n de maquinaria industrial para los sectores alimentario y farmac\u00e9utico. Nos especializamos en: M\u00e1quinas de cortar carne Fabricaci\u00f3n de comprimidos Sistemas de transporte industrial L\u00edneas de embotellado Dosificadores Y mucho m\u00e1s... Ofrecemos soluciones innovadoras y personalizadas para optimizar los procesos productivos de tu empresa.\",\"email\":\"Admistracion@distribucionarc.com\",\"telephone\":\"+34 643496664\",\"legalName\":\"ARC TECH SOLUTIONS\",\"foundingDate\":\"2024-04-09\",\"vatID\":\"B55480172\",\"numberOfEmployees\":{\"@type\":\"QuantitativeValue\",\"minValue\":\"1\",\"maxValue\":\"10\"}}]}<\/script>\n<!-- \/ Yoast SEO Premium plugin. -->","yoast_head_json":{"title":"PRZEMYS\u0141OWA ETYKIECIARKA DO BUTELEK 5 LITROWYCH I NO\u015aNIK\u00d3W - dystrybucja ARC","robots":{"index":"index","follow":"follow","max-snippet":"max-snippet:-1","max-image-preview":"max-image-preview:large","max-video-preview":"max-video-preview:-1"},"canonical":"https:\/\/distribucionarc.com\/pl\/produkty\/etykieciarka-przemyslowa-do-5-litrowych-butelek-i-karafek\/","og_locale":"pl_PL","og_type":"article","og_title":"MAQUINA ETIQUETADORA INDUSTRIAL PARA BOTELLAS Y GARRAFAS DE 5 LITROS","og_description":"En resumen, la m\u00e1quina etiquetadora lineal industrial es una ingeniosa soluci\u00f3n tecnol\u00f3gica que ha revolucionado la industria manufacturera, asegurando que los productos lleguen al mercado con etiquetas autoadhesivas impecables, lo que fortalece la confianza del cliente y mejora la imagen de la marca.","og_url":"https:\/\/distribucionarc.com\/pl\/produkty\/etykieciarka-przemyslowa-do-5-litrowych-butelek-i-karafek\/","og_site_name":"distribuci\u00f3n ARC","article_modified_time":"2025-05-28T01:09:58+00:00","og_image":[{"width":2560,"height":1707,"url":"https:\/\/distribucionarc.com\/wp-content\/uploads\/2023\/08\/etiqueteadora-lineal-imagen-producto-scaled.jpg","type":"image\/jpeg"}],"twitter_card":"summary_large_image","twitter_misc":{"Szacowany czas czytania":"2 minuty"},"schema":{"@context":"https:\/\/schema.org","@graph":[{"@type":"WebPage","@id":"https:\/\/distribucionarc.com\/sk\/producto\/maquina-etiquetadora-industrial-para-botellas-y-garrafas-de-5-litros\/","url":"https:\/\/distribucionarc.com\/sk\/producto\/maquina-etiquetadora-industrial-para-botellas-y-garrafas-de-5-litros\/","name":"PRZEMYS\u0141OWA ETYKIECIARKA DO BUTELEK 5 LITROWYCH I NO\u015aNIK\u00d3W - dystrybucja ARC","isPartOf":{"@id":"https:\/\/distribucionarc.com\/ro\/#website"},"primaryImageOfPage":{"@id":"https:\/\/distribucionarc.com\/sk\/producto\/maquina-etiquetadora-industrial-para-botellas-y-garrafas-de-5-litros\/#primaryimage"},"image":{"@id":"https:\/\/distribucionarc.com\/sk\/producto\/maquina-etiquetadora-industrial-para-botellas-y-garrafas-de-5-litros\/#primaryimage"},"thumbnailUrl":"https:\/\/distribucionarc.com\/wp-content\/uploads\/2023\/08\/etiqueteadora-lineal-imagen-producto-scaled.jpg","datePublished":"2023-08-07T23:45:38+00:00","dateModified":"2025-05-28T01:09:58+00:00","breadcrumb":{"@id":"https:\/\/distribucionarc.com\/sk\/producto\/maquina-etiquetadora-industrial-para-botellas-y-garrafas-de-5-litros\/#breadcrumb"},"inLanguage":"pl-PL","potentialAction":[{"@type":"ReadAction","target":["https:\/\/distribucionarc.com\/sk\/producto\/maquina-etiquetadora-industrial-para-botellas-y-garrafas-de-5-litros\/"]}]},{"@type":"ImageObject","inLanguage":"pl-PL","@id":"https:\/\/distribucionarc.com\/sk\/producto\/maquina-etiquetadora-industrial-para-botellas-y-garrafas-de-5-litros\/#primaryimage","url":"https:\/\/distribucionarc.com\/wp-content\/uploads\/2023\/08\/etiqueteadora-lineal-imagen-producto-scaled.jpg","contentUrl":"https:\/\/distribucionarc.com\/wp-content\/uploads\/2023\/08\/etiqueteadora-lineal-imagen-producto-scaled.jpg","width":2560,"height":1707},{"@type":"BreadcrumbList","@id":"https:\/\/distribucionarc.com\/sk\/producto\/maquina-etiquetadora-industrial-para-botellas-y-garrafas-de-5-litros\/#breadcrumb","itemListElement":[{"@type":"ListItem","position":1,"name":"Portada","item":"https:\/\/distribucionarc.com\/ar\/"},{"@type":"ListItem","position":2,"name":"Proizvodi","item":"https:\/\/www.distribucionarc.com\/hr\/ducan\/"},{"@type":"ListItem","position":3,"name":"MAQUINA ETIQUETADORA INDUSTRIAL PARA BOTELLAS Y GARRAFAS DE 5 LITROS"}]},{"@type":"WebSite","@id":"https:\/\/distribucionarc.com\/ro\/#website","url":"https:\/\/distribucionarc.com\/ro\/","name":"Dystrybucja ARC","description":"Firma specjalizuj\u0105ca si\u0119 w produkcji i dystrybucji maszyn przemys\u0142owych, zgrzewarek do puszek, maszyn do produkcji tabletek, maszyn do ci\u0119cia mi\u0119sa...","publisher":{"@id":"https:\/\/distribucionarc.com\/ro\/#organization"},"potentialAction":[{"@type":"SearchAction","target":{"@type":"EntryPoint","urlTemplate":"https:\/\/distribucionarc.com\/ro\/?s={search_term_string}"},"query-input":{"@type":"PropertyValueSpecification","valueRequired":true,"valueName":"search_term_string"}}],"inLanguage":"pl-PL"},{"@type":"Organization","@id":"https:\/\/distribucionarc.com\/ro\/#organization","name":"Dystrybucja ARC","url":"https:\/\/distribucionarc.com\/ro\/","logo":{"@type":"ImageObject","inLanguage":"pl-PL","@id":"https:\/\/distribucionarc.com\/ro\/#\/schema\/logo\/image\/","url":"https:\/\/distribucionarc.com\/wp-content\/uploads\/2024\/10\/distribucion-ARC-COLOR-SIN-FONDO-e1732295305345.png","contentUrl":"https:\/\/distribucionarc.com\/wp-content\/uploads\/2024\/10\/distribucion-ARC-COLOR-SIN-FONDO-e1732295305345.png","width":1164,"height":558,"caption":"Distribuci\u00f3n ARC"},"image":{"@id":"https:\/\/distribucionarc.com\/ro\/#\/schema\/logo\/image\/"},"description":"Firma specjalizuj\u0105ca si\u0119 w produkcji i dystrybucji maszyn przemys\u0142owych dla sektora spo\u017cywczego i farmaceutycznego. Specjalizujemy si\u0119 w: Maszyny do krojenia mi\u0119sa Produkcja tabletek Przemys\u0142owe systemy transportowe Linie butelkuj\u0105ce Dozowniki I wiele wi\u0119cej.... Oferujemy innowacyjne i niestandardowe rozwi\u0105zania w celu optymalizacji proces\u00f3w produkcyjnych w Twojej firmie.","email":"Admistracion@distribucionarc.com","telephone":"+34 643496664","legalName":"ARC TECH SOLUTIONS","foundingDate":"2024-04-09","vatID":"B55480172","numberOfEmployees":{"@type":"QuantitativeValue","minValue":"1","maxValue":"10"}}]}},"_links":{"self":[{"href":"https:\/\/distribucionarc.com\/pl\/wp-json\/wp\/v2\/product\/6274","targetHints":{"allow":["GET"]}}],"collection":[{"href":"https:\/\/distribucionarc.com\/pl\/wp-json\/wp\/v2\/product"}],"about":[{"href":"https:\/\/distribucionarc.com\/pl\/wp-json\/wp\/v2\/types\/product"}],"replies":[{"embeddable":true,"href":"https:\/\/distribucionarc.com\/pl\/wp-json\/wp\/v2\/comments?post=6274"}],"version-history":[{"count":2,"href":"https:\/\/distribucionarc.com\/pl\/wp-json\/wp\/v2\/product\/6274\/revisions"}],"predecessor-version":[{"id":17610,"href":"https:\/\/distribucionarc.com\/pl\/wp-json\/wp\/v2\/product\/6274\/revisions\/17610"}],"wp:featuredmedia":[{"embeddable":true,"href":"https:\/\/distribucionarc.com\/pl\/wp-json\/wp\/v2\/media\/6277"}],"wp:attachment":[{"href":"https:\/\/distribucionarc.com\/pl\/wp-json\/wp\/v2\/media?parent=6274"}],"wp:term":[{"taxonomy":"product_brand","embeddable":true,"href":"https:\/\/distribucionarc.com\/pl\/wp-json\/wp\/v2\/product_brand?post=6274"},{"taxonomy":"product_cat","embeddable":true,"href":"https:\/\/distribucionarc.com\/pl\/wp-json\/wp\/v2\/product_cat?post=6274"},{"taxonomy":"product_tag","embeddable":true,"href":"https:\/\/distribucionarc.com\/pl\/wp-json\/wp\/v2\/product_tag?post=6274"}],"curies":[{"name":"wp","href":"https:\/\/api.w.org\/{rel}","templated":true}]}}