{"id":6641,"date":"2024-04-24T16:45:56","date_gmt":"2024-04-24T16:45:56","guid":{"rendered":"https:\/\/distribucionarc.com\/?post_type=product&#038;p=6641"},"modified":"2024-04-24T16:45:58","modified_gmt":"2024-04-24T16:45:58","slug":"tabletkarka-rotacyjna-typu-double-press-do-suplementow-diety","status":"publish","type":"product","link":"https:\/\/distribucionarc.com\/pl\/producto\/maquina-de-tabletas-rotativa-de-doble-prensa-para-complementos-dieteticos\/","title":{"rendered":"PODW\u00d3JNA PRASKA TABLETKARKA OBROTOWA DO SUPLEMENT\u00d3W DIETY"},"content":{"rendered":"<p>Odkryj nasze<strong> tabletkarka rotacyjna z podw\u00f3jn\u0105 pras\u0105 do suplement\u00f3w diety<\/strong>! Przekszta\u0142ca proszek, granulki i ziarna w<strong> tabletki uzupe\u0142niaj\u0105ce diet\u0119<\/strong> o wysokiej jako\u015bci i r\u00f3\u017cnorodnych kszta\u0142tach. Bezpieczny i higieniczny dzi\u0119ki zamkni\u0119tej konstrukcji i przezroczystej os\u0142onie ochronnej. Sterowanie PLC zapewniaj\u0105ce precyzyjn\u0105 prac\u0119. Zwi\u0119ksz produkcj\u0119 i popraw jako\u015b\u0107 swoich produkt\u00f3w<strong> suplementy diety<\/strong>. Zoptymalizuj z nami sw\u00f3j proces produkcyjny!<\/p>\n<p>&nbsp;<\/p>\n<table>\n<tbody>\n<tr>\n<td width=\"189\">Model<\/td>\n<td width=\"189\">ZARPW-21D<\/td>\n<td width=\"189\">ZARPW-19D<\/td>\n<\/tr>\n<tr>\n<td width=\"189\">Matryce do wykrawania<\/td>\n<td width=\"189\">21<\/td>\n<td width=\"189\">19<\/td>\n<\/tr>\n<tr>\n<td width=\"189\">Maksymalne ci\u015bnienie (kn)<\/td>\n<td width=\"189\">100<\/td>\n<td width=\"189\">100<\/td>\n<\/tr>\n<tr>\n<td width=\"189\">Maksymalna \u015brednica tabletki (mm)<\/td>\n<td width=\"189\">40<\/td>\n<td width=\"189\">40<\/td>\n<\/tr>\n<tr>\n<td width=\"189\">Maksymalna g\u0142\u0119boko\u015b\u0107 nape\u0142niania (mm)<\/td>\n<td width=\"189\">25<\/td>\n<td width=\"189\">30<\/td>\n<\/tr>\n<tr>\n<td width=\"189\">Maksymalna grubo\u015b\u0107 tabletki (mm)<\/td>\n<td width=\"189\">12<\/td>\n<td width=\"189\">15<\/td>\n<\/tr>\n<tr>\n<td width=\"189\">Pr\u0119dko\u015b\u0107 wie\u017cy (r\/min)<\/td>\n<td width=\"189\">0-30<\/td>\n<td width=\"189\">0-30<\/td>\n<\/tr>\n<tr>\n<td width=\"189\">Zdolno\u015b\u0107 produkcyjna (szt.\/h)<\/td>\n<td width=\"189\">25500<\/td>\n<td width=\"189\">20500<\/td>\n<\/tr>\n<tr>\n<td width=\"189\">Moc silnika<\/td>\n<td width=\"189\">5.5<\/td>\n<td width=\"189\">5.5<\/td>\n<\/tr>\n<tr>\n<td width=\"189\">Rozmiar ca\u0142kowity (mm)<\/td>\n<td width=\"189\">1500*<\/p>\n<p>1300*<\/p>\n<p>1650*<\/td>\n<td width=\"189\">1230*<\/p>\n<p>950*<\/p>\n<p>1900*<\/td>\n<\/tr>\n<tr>\n<td width=\"189\">Masa netto kg<\/td>\n<td width=\"189\">1850<\/td>\n<td width=\"189\">2500<\/td>\n<\/tr>\n<\/tbody>\n<\/table>","protected":false},"excerpt":{"rendered":"<p>Odkryj nasz\u0105 dwut\u0142okow\u0105 tabletkark\u0119 rotacyjn\u0105 do suplement\u00f3w diety! Zamienia proszek, granulat i ziarno w tabletki<\/p>","protected":false},"featured_media":6644,"comment_status":"open","ping_status":"closed","template":"","meta":{"wds_primary_product_brand":0,"wds_primary_product_cat":0},"product_brand":[],"product_cat":[84],"product_tag":[],"class_list":{"0":"post-6641","1":"product","2":"type-product","3":"status-publish","4":"has-post-thumbnail","6":"product_cat-maquinas-para-hacer-pastillas","8":"first","9":"instock","10":"taxable","11":"shipping-taxable","12":"purchasable","13":"product-type-simple"},"yoast_head":"<!-- This site is optimized with the Yoast SEO Premium plugin v24.9 (Yoast SEO v26.1) - https:\/\/yoast.com\/wordpress\/plugins\/seo\/ -->\n<title>MAQUINA DE TABLETAS ROTATIVA DE DOBLE PRENSA PARA COMPLEMENTOS DIETETICOS - distribuci\u00f3n ARC<\/title>\n<meta name=\"robots\" content=\"index, follow, max-snippet:-1, max-image-preview:large, max-video-preview:-1\" \/>\n<link rel=\"canonical\" href=\"https:\/\/www.distribucionarc.com\/pt\/producto\/maquina-de-tabletas-rotativa-de-doble-prensa-para-complementos-dieteticos\/\" \/>\n<meta property=\"og:locale\" content=\"pl_PL\" \/>\n<meta property=\"og:type\" content=\"article\" \/>\n<meta property=\"og:title\" content=\"MAQUINA DE TABLETAS ROTATIVA DE DOBLE PRENSA PARA COMPLEMENTOS DIETETICOS\" \/>\n<meta property=\"og:description\" content=\"\u00a1Descubre nuestra m\u00e1quina de tabletas rotativa de doble prensa para complementos diet\u00e9ticos! Convierte polvo, gr\u00e1nulos y granos en tabletas de\" \/>\n<meta property=\"og:url\" content=\"https:\/\/www.distribucionarc.com\/pt\/producto\/maquina-de-tabletas-rotativa-de-doble-prensa-para-complementos-dieteticos\/\" \/>\n<meta property=\"og:site_name\" content=\"distribuci\u00f3n ARC\" \/>\n<meta property=\"article:modified_time\" content=\"2024-04-24T16:45:58+00:00\" \/>\n<meta property=\"og:image\" content=\"https:\/\/www.distribucionarc.com\/wp-content\/uploads\/2024\/04\/MAQUINA-DE-TABLETAS-ROTATIVA-DE-DOBLE-PRENSA-PARA-COMPLEMENTOS-DIETETICOS-fotor-20240424184144.jpg\" \/>\n\t<meta property=\"og:image:width\" content=\"688\" \/>\n\t<meta property=\"og:image:height\" content=\"944\" \/>\n\t<meta property=\"og:image:type\" content=\"image\/jpeg\" \/>\n<meta name=\"twitter:card\" content=\"summary_large_image\" \/>\n<meta name=\"twitter:label1\" content=\"Szacowany czas czytania\" \/>\n\t<meta name=\"twitter:data1\" content=\"1 minuta\" \/>\n<script type=\"application\/ld+json\" class=\"yoast-schema-graph\">{\"@context\":\"https:\/\/schema.org\",\"@graph\":[{\"@type\":\"WebPage\",\"@id\":\"https:\/\/www.distribucionarc.com\/pt\/producto\/maquina-de-tabletas-rotativa-de-doble-prensa-para-complementos-dieteticos\/\",\"url\":\"https:\/\/www.distribucionarc.com\/pt\/producto\/maquina-de-tabletas-rotativa-de-doble-prensa-para-complementos-dieteticos\/\",\"name\":\"MAQUINA DE TABLETAS ROTATIVA DE DOBLE PRENSA PARA COMPLEMENTOS DIETETICOS - distribuci\u00f3n ARC\",\"isPartOf\":{\"@id\":\"https:\/\/distribucionarc.com\/de\/#website\"},\"primaryImageOfPage\":{\"@id\":\"https:\/\/www.distribucionarc.com\/pt\/producto\/maquina-de-tabletas-rotativa-de-doble-prensa-para-complementos-dieteticos\/#primaryimage\"},\"image\":{\"@id\":\"https:\/\/www.distribucionarc.com\/pt\/producto\/maquina-de-tabletas-rotativa-de-doble-prensa-para-complementos-dieteticos\/#primaryimage\"},\"thumbnailUrl\":\"https:\/\/distribucionarc.com\/wp-content\/uploads\/2024\/04\/MAQUINA-DE-TABLETAS-ROTATIVA-DE-DOBLE-PRENSA-PARA-COMPLEMENTOS-DIETETICOS-fotor-20240424184144.jpg\",\"datePublished\":\"2024-04-24T16:45:56+00:00\",\"dateModified\":\"2024-04-24T16:45:58+00:00\",\"breadcrumb\":{\"@id\":\"https:\/\/www.distribucionarc.com\/pt\/producto\/maquina-de-tabletas-rotativa-de-doble-prensa-para-complementos-dieteticos\/#breadcrumb\"},\"inLanguage\":\"pl-PL\",\"potentialAction\":[{\"@type\":\"ReadAction\",\"target\":[\"https:\/\/www.distribucionarc.com\/pt\/producto\/maquina-de-tabletas-rotativa-de-doble-prensa-para-complementos-dieteticos\/\"]}]},{\"@type\":\"ImageObject\",\"inLanguage\":\"pl-PL\",\"@id\":\"https:\/\/www.distribucionarc.com\/pt\/producto\/maquina-de-tabletas-rotativa-de-doble-prensa-para-complementos-dieteticos\/#primaryimage\",\"url\":\"https:\/\/distribucionarc.com\/wp-content\/uploads\/2024\/04\/MAQUINA-DE-TABLETAS-ROTATIVA-DE-DOBLE-PRENSA-PARA-COMPLEMENTOS-DIETETICOS-fotor-20240424184144.jpg\",\"contentUrl\":\"https:\/\/distribucionarc.com\/wp-content\/uploads\/2024\/04\/MAQUINA-DE-TABLETAS-ROTATIVA-DE-DOBLE-PRENSA-PARA-COMPLEMENTOS-DIETETICOS-fotor-20240424184144.jpg\",\"width\":688,\"height\":944,\"caption\":\"#image_title\"},{\"@type\":\"BreadcrumbList\",\"@id\":\"https:\/\/www.distribucionarc.com\/pt\/producto\/maquina-de-tabletas-rotativa-de-doble-prensa-para-complementos-dieteticos\/#breadcrumb\",\"itemListElement\":[{\"@type\":\"ListItem\",\"position\":1,\"name\":\"Portada\",\"item\":\"https:\/\/distribucionarc.com\/pl\/\"},{\"@type\":\"ListItem\",\"position\":2,\"name\":\"Produkty\",\"item\":\"https:\/\/distribucionarc.com\/pl\/shop\/\"},{\"@type\":\"ListItem\",\"position\":3,\"name\":\"MAQUINA DE TABLETAS ROTATIVA DE DOBLE PRENSA PARA COMPLEMENTOS DIETETICOS\"}]},{\"@type\":\"WebSite\",\"@id\":\"https:\/\/distribucionarc.com\/de\/#website\",\"url\":\"https:\/\/distribucionarc.com\/de\/\",\"name\":\"distribuci\u00f3n ARC\",\"description\":\"Empresa especializada en la fabricaci\u00f3n y distribuci\u00f3n de maquinaria industrial, selladoras de latas, Maquinas de hacer pastillas, Maquinas de cortar carne...\",\"publisher\":{\"@id\":\"https:\/\/distribucionarc.com\/de\/#organization\"},\"potentialAction\":[{\"@type\":\"SearchAction\",\"target\":{\"@type\":\"EntryPoint\",\"urlTemplate\":\"https:\/\/distribucionarc.com\/de\/?s={search_term_string}\"},\"query-input\":{\"@type\":\"PropertyValueSpecification\",\"valueRequired\":true,\"valueName\":\"search_term_string\"}}],\"inLanguage\":\"pl-PL\"},{\"@type\":\"Organization\",\"@id\":\"https:\/\/distribucionarc.com\/de\/#organization\",\"name\":\"Distribuci\u00f3n ARC\",\"url\":\"https:\/\/distribucionarc.com\/de\/\",\"logo\":{\"@type\":\"ImageObject\",\"inLanguage\":\"pl-PL\",\"@id\":\"https:\/\/distribucionarc.com\/de\/#\/schema\/logo\/image\/\",\"url\":\"https:\/\/distribucionarc.com\/wp-content\/uploads\/2024\/10\/distribucion-ARC-COLOR-SIN-FONDO-e1732295305345.png\",\"contentUrl\":\"https:\/\/distribucionarc.com\/wp-content\/uploads\/2024\/10\/distribucion-ARC-COLOR-SIN-FONDO-e1732295305345.png\",\"width\":1164,\"height\":558,\"caption\":\"Distribuci\u00f3n ARC\"},\"image\":{\"@id\":\"https:\/\/distribucionarc.com\/de\/#\/schema\/logo\/image\/\"},\"description\":\"Empresa especializada en la fabricaci\u00f3n y distribuci\u00f3n de maquinaria industrial para los sectores alimentario y farmac\u00e9utico. Nos especializamos en: M\u00e1quinas de cortar carne Fabricaci\u00f3n de comprimidos Sistemas de transporte industrial L\u00edneas de embotellado Dosificadores Y mucho m\u00e1s... Ofrecemos soluciones innovadoras y personalizadas para optimizar los procesos productivos de tu empresa.\",\"email\":\"Admistracion@distribucionarc.com\",\"telephone\":\"+34 643496664\",\"legalName\":\"ARC TECH SOLUTIONS\",\"foundingDate\":\"2024-04-09\",\"vatID\":\"B55480172\",\"numberOfEmployees\":{\"@type\":\"QuantitativeValue\",\"minValue\":\"1\",\"maxValue\":\"10\"}}]}<\/script>\n<!-- \/ Yoast SEO Premium plugin. -->","yoast_head_json":{"title":"PODW\u00d3JNA PRASKA TABLETKARKA OBROTOWA DO SUPLEMENT\u00d3W DIETY - dystrybucja ARC","robots":{"index":"index","follow":"follow","max-snippet":"max-snippet:-1","max-image-preview":"max-image-preview:large","max-video-preview":"max-video-preview:-1"},"canonical":"https:\/\/www.distribucionarc.com\/pt\/producto\/maquina-de-tabletas-rotativa-de-doble-prensa-para-complementos-dieteticos\/","og_locale":"pl_PL","og_type":"article","og_title":"MAQUINA DE TABLETAS ROTATIVA DE DOBLE PRENSA PARA COMPLEMENTOS DIETETICOS","og_description":"\u00a1Descubre nuestra m\u00e1quina de tabletas rotativa de doble prensa para complementos diet\u00e9ticos! Convierte polvo, gr\u00e1nulos y granos en tabletas de","og_url":"https:\/\/www.distribucionarc.com\/pt\/producto\/maquina-de-tabletas-rotativa-de-doble-prensa-para-complementos-dieteticos\/","og_site_name":"distribuci\u00f3n ARC","article_modified_time":"2024-04-24T16:45:58+00:00","og_image":[{"width":688,"height":944,"url":"https:\/\/www.distribucionarc.com\/wp-content\/uploads\/2024\/04\/MAQUINA-DE-TABLETAS-ROTATIVA-DE-DOBLE-PRENSA-PARA-COMPLEMENTOS-DIETETICOS-fotor-20240424184144.jpg","type":"image\/jpeg"}],"twitter_card":"summary_large_image","twitter_misc":{"Szacowany czas czytania":"1 minuta"},"schema":{"@context":"https:\/\/schema.org","@graph":[{"@type":"WebPage","@id":"https:\/\/www.distribucionarc.com\/pt\/producto\/maquina-de-tabletas-rotativa-de-doble-prensa-para-complementos-dieteticos\/","url":"https:\/\/www.distribucionarc.com\/pt\/producto\/maquina-de-tabletas-rotativa-de-doble-prensa-para-complementos-dieteticos\/","name":"PODW\u00d3JNA PRASKA TABLETKARKA OBROTOWA DO SUPLEMENT\u00d3W DIETY - dystrybucja ARC","isPartOf":{"@id":"https:\/\/distribucionarc.com\/de\/#website"},"primaryImageOfPage":{"@id":"https:\/\/www.distribucionarc.com\/pt\/producto\/maquina-de-tabletas-rotativa-de-doble-prensa-para-complementos-dieteticos\/#primaryimage"},"image":{"@id":"https:\/\/www.distribucionarc.com\/pt\/producto\/maquina-de-tabletas-rotativa-de-doble-prensa-para-complementos-dieteticos\/#primaryimage"},"thumbnailUrl":"https:\/\/distribucionarc.com\/wp-content\/uploads\/2024\/04\/MAQUINA-DE-TABLETAS-ROTATIVA-DE-DOBLE-PRENSA-PARA-COMPLEMENTOS-DIETETICOS-fotor-20240424184144.jpg","datePublished":"2024-04-24T16:45:56+00:00","dateModified":"2024-04-24T16:45:58+00:00","breadcrumb":{"@id":"https:\/\/www.distribucionarc.com\/pt\/producto\/maquina-de-tabletas-rotativa-de-doble-prensa-para-complementos-dieteticos\/#breadcrumb"},"inLanguage":"pl-PL","potentialAction":[{"@type":"ReadAction","target":["https:\/\/www.distribucionarc.com\/pt\/producto\/maquina-de-tabletas-rotativa-de-doble-prensa-para-complementos-dieteticos\/"]}]},{"@type":"ImageObject","inLanguage":"pl-PL","@id":"https:\/\/www.distribucionarc.com\/pt\/producto\/maquina-de-tabletas-rotativa-de-doble-prensa-para-complementos-dieteticos\/#primaryimage","url":"https:\/\/distribucionarc.com\/wp-content\/uploads\/2024\/04\/MAQUINA-DE-TABLETAS-ROTATIVA-DE-DOBLE-PRENSA-PARA-COMPLEMENTOS-DIETETICOS-fotor-20240424184144.jpg","contentUrl":"https:\/\/distribucionarc.com\/wp-content\/uploads\/2024\/04\/MAQUINA-DE-TABLETAS-ROTATIVA-DE-DOBLE-PRENSA-PARA-COMPLEMENTOS-DIETETICOS-fotor-20240424184144.jpg","width":688,"height":944,"caption":"#image_title"},{"@type":"BreadcrumbList","@id":"https:\/\/www.distribucionarc.com\/pt\/producto\/maquina-de-tabletas-rotativa-de-doble-prensa-para-complementos-dieteticos\/#breadcrumb","itemListElement":[{"@type":"ListItem","position":1,"name":"Portada","item":"https:\/\/distribucionarc.com\/pl\/"},{"@type":"ListItem","position":2,"name":"Produkty","item":"https:\/\/distribucionarc.com\/pl\/shop\/"},{"@type":"ListItem","position":3,"name":"MAQUINA DE TABLETAS ROTATIVA DE DOBLE PRENSA PARA COMPLEMENTOS DIETETICOS"}]},{"@type":"WebSite","@id":"https:\/\/distribucionarc.com\/de\/#website","url":"https:\/\/distribucionarc.com\/de\/","name":"Dystrybucja ARC","description":"Firma specjalizuj\u0105ca si\u0119 w produkcji i dystrybucji maszyn przemys\u0142owych, zgrzewarek do puszek, maszyn do produkcji tabletek, maszyn do ci\u0119cia mi\u0119sa...","publisher":{"@id":"https:\/\/distribucionarc.com\/de\/#organization"},"potentialAction":[{"@type":"SearchAction","target":{"@type":"EntryPoint","urlTemplate":"https:\/\/distribucionarc.com\/de\/?s={search_term_string}"},"query-input":{"@type":"PropertyValueSpecification","valueRequired":true,"valueName":"search_term_string"}}],"inLanguage":"pl-PL"},{"@type":"Organization","@id":"https:\/\/distribucionarc.com\/de\/#organization","name":"Dystrybucja ARC","url":"https:\/\/distribucionarc.com\/de\/","logo":{"@type":"ImageObject","inLanguage":"pl-PL","@id":"https:\/\/distribucionarc.com\/de\/#\/schema\/logo\/image\/","url":"https:\/\/distribucionarc.com\/wp-content\/uploads\/2024\/10\/distribucion-ARC-COLOR-SIN-FONDO-e1732295305345.png","contentUrl":"https:\/\/distribucionarc.com\/wp-content\/uploads\/2024\/10\/distribucion-ARC-COLOR-SIN-FONDO-e1732295305345.png","width":1164,"height":558,"caption":"Distribuci\u00f3n ARC"},"image":{"@id":"https:\/\/distribucionarc.com\/de\/#\/schema\/logo\/image\/"},"description":"Firma specjalizuj\u0105ca si\u0119 w produkcji i dystrybucji maszyn przemys\u0142owych dla sektora spo\u017cywczego i farmaceutycznego. Specjalizujemy si\u0119 w: Maszyny do krojenia mi\u0119sa Produkcja tabletek Przemys\u0142owe systemy transportowe Linie butelkuj\u0105ce Dozowniki I wiele wi\u0119cej.... Oferujemy innowacyjne i niestandardowe rozwi\u0105zania w celu optymalizacji proces\u00f3w produkcyjnych w Twojej firmie.","email":"Admistracion@distribucionarc.com","telephone":"+34 643496664","legalName":"ARC TECH SOLUTIONS","foundingDate":"2024-04-09","vatID":"B55480172","numberOfEmployees":{"@type":"QuantitativeValue","minValue":"1","maxValue":"10"}}]}},"_links":{"self":[{"href":"https:\/\/distribucionarc.com\/pl\/wp-json\/wp\/v2\/product\/6641","targetHints":{"allow":["GET"]}}],"collection":[{"href":"https:\/\/distribucionarc.com\/pl\/wp-json\/wp\/v2\/product"}],"about":[{"href":"https:\/\/distribucionarc.com\/pl\/wp-json\/wp\/v2\/types\/product"}],"replies":[{"embeddable":true,"href":"https:\/\/distribucionarc.com\/pl\/wp-json\/wp\/v2\/comments?post=6641"}],"version-history":[{"count":0,"href":"https:\/\/distribucionarc.com\/pl\/wp-json\/wp\/v2\/product\/6641\/revisions"}],"wp:featuredmedia":[{"embeddable":true,"href":"https:\/\/distribucionarc.com\/pl\/wp-json\/wp\/v2\/media\/6644"}],"wp:attachment":[{"href":"https:\/\/distribucionarc.com\/pl\/wp-json\/wp\/v2\/media?parent=6641"}],"wp:term":[{"taxonomy":"product_brand","embeddable":true,"href":"https:\/\/distribucionarc.com\/pl\/wp-json\/wp\/v2\/product_brand?post=6641"},{"taxonomy":"product_cat","embeddable":true,"href":"https:\/\/distribucionarc.com\/pl\/wp-json\/wp\/v2\/product_cat?post=6641"},{"taxonomy":"product_tag","embeddable":true,"href":"https:\/\/distribucionarc.com\/pl\/wp-json\/wp\/v2\/product_tag?post=6641"}],"curies":[{"name":"wp","href":"https:\/\/api.w.org\/{rel}","templated":true}]}}