{"id":6660,"date":"2024-04-24T18:26:04","date_gmt":"2024-04-24T18:26:04","guid":{"rendered":"https:\/\/distribucionarc.com\/?post_type=product&#038;p=6660"},"modified":"2024-04-24T18:26:06","modified_gmt":"2024-04-24T18:26:06","slug":"przemyslowa-prasa-rotacyjna-do-tabletek-witaminy-b12","status":"publish","type":"product","link":"https:\/\/distribucionarc.com\/pl\/producto\/maquina-prensa-rotativa-industrial-para-tabletas-de-vitaminas-a-c-y-b12\/","title":{"rendered":"PRZEMYS\u0141OWA PRASA ROTACYJNA DO TABLETEK WITAMINY A, CY B12"},"content":{"rendered":"<p><strong>Przemys\u0142owa prasa rotacyjna ZRAP15\/17\/19D<\/strong>. Przeznaczony do prasowania proszku, granulatu i ma\u0142ych granulek <strong>witaminy A, C i B12 w tabletkach<\/strong>. Zgodny ze standardami GMP, \u0142atwy w czyszczeniu i konserwacji, z zabezpieczeniem przed przeci\u0105\u017ceniem ci\u015bnieniowym. Zoptymalizuj swoj\u0105 produkcj\u0119 i zapewnij z nami jako\u015b\u0107. Popraw jako\u015b\u0107 swoich <strong>tabletki witaminy A, CY B12<\/strong> dzi\u0119ki naszej zaawansowanej technologii.<\/p>\n<p>&nbsp;<\/p>\n<table>\n<tbody>\n<tr>\n<td width=\"135\">Model<\/td>\n<td width=\"135\">ZARP-15D<\/td>\n<td width=\"135\">ZARP-17D<\/td>\n<td width=\"135\">ZARP-19D<\/td>\n<\/tr>\n<tr>\n<td width=\"135\">Matryce do wykrawania<\/td>\n<td width=\"135\">15<\/td>\n<td width=\"135\">17<\/td>\n<td width=\"135\">19<\/td>\n<\/tr>\n<tr>\n<td width=\"135\">maksymalne ci\u015bnienie (kn)<\/td>\n<td width=\"135\">60<\/td>\n<td width=\"135\">60<\/td>\n<td width=\"135\">60<\/td>\n<\/tr>\n<tr>\n<td width=\"135\">\u015arednica tabletki (mm)<\/td>\n<td width=\"135\">25<\/td>\n<td width=\"135\">20<\/td>\n<td width=\"135\">13<\/td>\n<\/tr>\n<tr>\n<td width=\"135\">G\u0142\u0119boko\u015b\u0107 nape\u0142niania (mm)<\/td>\n<td width=\"135\">15<\/td>\n<td width=\"135\">15<\/td>\n<td width=\"135\">15<\/td>\n<\/tr>\n<tr>\n<td width=\"135\">Maks. grubo\u015b\u0107 tabletki (mm)<\/td>\n<td width=\"135\">6<\/td>\n<td width=\"135\">6<\/td>\n<td width=\"135\">6<\/td>\n<\/tr>\n<tr>\n<td width=\"135\">Pr\u0119dko\u015b\u0107 wie\u017cy (r-min)<\/td>\n<td width=\"135\">0-35<\/td>\n<td width=\"135\">0-35<\/td>\n<td width=\"135\">0-35<\/td>\n<\/tr>\n<tr>\n<td width=\"135\">Zdolno\u015b\u0107 produkcyjna (szt.\/h)<\/td>\n<td width=\"135\">31500<\/td>\n<td width=\"135\">35700<\/td>\n<td width=\"135\">39900<\/td>\n<\/tr>\n<tr>\n<td width=\"135\">Moc silnika (kw)<\/td>\n<td width=\"135\">2.2<\/td>\n<td width=\"135\">2.2<\/td>\n<td width=\"135\">2.2<\/td>\n<\/tr>\n<tr>\n<td width=\"135\">Rozmiar ca\u0142kowity (mm)<\/td>\n<td width=\"135\">615*<\/p>\n<p>890*<\/p>\n<p>1415*<\/td>\n<td width=\"135\">615*<\/p>\n<p>890*<\/p>\n<p>1415*<\/td>\n<td width=\"135\">615*<\/p>\n<p>890*<\/p>\n<p>1415*<\/td>\n<\/tr>\n<tr>\n<td width=\"135\">Masa netto kg<\/td>\n<td width=\"135\">1000<\/td>\n<td width=\"135\">1000<\/td>\n<td width=\"135\">1000<\/td>\n<\/tr>\n<\/tbody>\n<\/table>","protected":false},"excerpt":{"rendered":"<p>Przemys\u0142owa prasa rotacyjna ZRAP15\/17\/19D. Przeznaczona do prasowania proszk\u00f3w, granulek i ma\u0142ych granulek na tabletki z witaminami A, C i<\/p>","protected":false},"featured_media":6663,"comment_status":"open","ping_status":"closed","template":"","meta":{"wds_primary_product_brand":0,"wds_primary_product_cat":0},"product_brand":[],"product_cat":[84],"product_tag":[],"class_list":{"0":"post-6660","1":"product","2":"type-product","3":"status-publish","4":"has-post-thumbnail","6":"product_cat-maquinas-para-hacer-pastillas","8":"first","9":"instock","10":"taxable","11":"shipping-taxable","12":"purchasable","13":"product-type-simple"},"yoast_head":"<!-- This site is optimized with the Yoast SEO Premium plugin v24.9 (Yoast SEO v26.1) - https:\/\/yoast.com\/wordpress\/plugins\/seo\/ -->\n<title>MAQUINA PRENSA ROTATIVA INDUSTRIAL PARA TABLETAS DE VITAMINAS A, C Y B12 - distribuci\u00f3n ARC<\/title>\n<meta name=\"robots\" content=\"index, follow, max-snippet:-1, max-image-preview:large, max-video-preview:-1\" \/>\n<link rel=\"canonical\" href=\"https:\/\/distribucionarc.com\/pl\/produkty\/przemyslowa-prasa-rotacyjna-do-tabletek-witaminy-b12\/\" \/>\n<meta property=\"og:locale\" content=\"pl_PL\" \/>\n<meta property=\"og:type\" content=\"article\" \/>\n<meta property=\"og:title\" content=\"MAQUINA PRENSA ROTATIVA INDUSTRIAL PARA TABLETAS DE VITAMINAS A, C Y B12\" \/>\n<meta property=\"og:description\" content=\"Maquina prensa rotativa industrial ZRAP15\/17\/19D. Dise\u00f1ada para prensar polvo, granulado y gr\u00e1nulos peque\u00f1os para tabletas de vitaminas A, C y\" \/>\n<meta property=\"og:url\" content=\"https:\/\/distribucionarc.com\/pl\/produkty\/przemyslowa-prasa-rotacyjna-do-tabletek-witaminy-b12\/\" \/>\n<meta property=\"og:site_name\" content=\"distribuci\u00f3n ARC\" \/>\n<meta property=\"article:modified_time\" content=\"2024-04-24T18:26:06+00:00\" \/>\n<meta property=\"og:image\" content=\"https:\/\/distribucionarc.com\/wp-content\/uploads\/2024\/04\/MAQUINA-PRENSA-ROTATIVA-ZARP15_17_19D-PARA-TABLETAS-DE-VITAMINAS-A-C-Y-B12.jpg\" \/>\n\t<meta property=\"og:image:width\" content=\"608\" \/>\n\t<meta property=\"og:image:height\" content=\"904\" \/>\n\t<meta property=\"og:image:type\" content=\"image\/jpeg\" \/>\n<meta name=\"twitter:card\" content=\"summary_large_image\" \/>\n<meta name=\"twitter:label1\" content=\"Szacowany czas czytania\" \/>\n\t<meta name=\"twitter:data1\" content=\"1 minuta\" \/>\n<script type=\"application\/ld+json\" class=\"yoast-schema-graph\">{\"@context\":\"https:\/\/schema.org\",\"@graph\":[{\"@type\":\"WebPage\",\"@id\":\"https:\/\/distribucionarc.com\/pt\/producto\/maquina-prensa-rotativa-industrial-para-tabletas-de-vitaminas-a-c-y-b12\/\",\"url\":\"https:\/\/distribucionarc.com\/pt\/producto\/maquina-prensa-rotativa-industrial-para-tabletas-de-vitaminas-a-c-y-b12\/\",\"name\":\"MAQUINA PRENSA ROTATIVA INDUSTRIAL PARA TABLETAS DE VITAMINAS A, C Y B12 - distribuci\u00f3n ARC\",\"isPartOf\":{\"@id\":\"https:\/\/distribucionarc.com\/de\/#website\"},\"primaryImageOfPage\":{\"@id\":\"https:\/\/distribucionarc.com\/pt\/producto\/maquina-prensa-rotativa-industrial-para-tabletas-de-vitaminas-a-c-y-b12\/#primaryimage\"},\"image\":{\"@id\":\"https:\/\/distribucionarc.com\/pt\/producto\/maquina-prensa-rotativa-industrial-para-tabletas-de-vitaminas-a-c-y-b12\/#primaryimage\"},\"thumbnailUrl\":\"https:\/\/distribucionarc.com\/wp-content\/uploads\/2024\/04\/MAQUINA-PRENSA-ROTATIVA-ZARP15_17_19D-PARA-TABLETAS-DE-VITAMINAS-A-C-Y-B12.jpg\",\"datePublished\":\"2024-04-24T18:26:04+00:00\",\"dateModified\":\"2024-04-24T18:26:06+00:00\",\"breadcrumb\":{\"@id\":\"https:\/\/distribucionarc.com\/pt\/producto\/maquina-prensa-rotativa-industrial-para-tabletas-de-vitaminas-a-c-y-b12\/#breadcrumb\"},\"inLanguage\":\"pl-PL\",\"potentialAction\":[{\"@type\":\"ReadAction\",\"target\":[\"https:\/\/distribucionarc.com\/pt\/producto\/maquina-prensa-rotativa-industrial-para-tabletas-de-vitaminas-a-c-y-b12\/\"]}]},{\"@type\":\"ImageObject\",\"inLanguage\":\"pl-PL\",\"@id\":\"https:\/\/distribucionarc.com\/pt\/producto\/maquina-prensa-rotativa-industrial-para-tabletas-de-vitaminas-a-c-y-b12\/#primaryimage\",\"url\":\"https:\/\/distribucionarc.com\/wp-content\/uploads\/2024\/04\/MAQUINA-PRENSA-ROTATIVA-ZARP15_17_19D-PARA-TABLETAS-DE-VITAMINAS-A-C-Y-B12.jpg\",\"contentUrl\":\"https:\/\/distribucionarc.com\/wp-content\/uploads\/2024\/04\/MAQUINA-PRENSA-ROTATIVA-ZARP15_17_19D-PARA-TABLETAS-DE-VITAMINAS-A-C-Y-B12.jpg\",\"width\":608,\"height\":904,\"caption\":\"#image_title\"},{\"@type\":\"BreadcrumbList\",\"@id\":\"https:\/\/distribucionarc.com\/pt\/producto\/maquina-prensa-rotativa-industrial-para-tabletas-de-vitaminas-a-c-y-b12\/#breadcrumb\",\"itemListElement\":[{\"@type\":\"ListItem\",\"position\":1,\"name\":\"Portada\",\"item\":\"https:\/\/distribucionarc.com\/pl\/\"},{\"@type\":\"ListItem\",\"position\":2,\"name\":\"Produkty\",\"item\":\"https:\/\/distribucionarc.com\/pl\/shop\/\"},{\"@type\":\"ListItem\",\"position\":3,\"name\":\"MAQUINA PRENSA ROTATIVA INDUSTRIAL PARA TABLETAS DE VITAMINAS A, C Y B12\"}]},{\"@type\":\"WebSite\",\"@id\":\"https:\/\/distribucionarc.com\/de\/#website\",\"url\":\"https:\/\/distribucionarc.com\/de\/\",\"name\":\"distribuci\u00f3n ARC\",\"description\":\"Empresa especializada en la fabricaci\u00f3n y distribuci\u00f3n de maquinaria industrial, selladoras de latas, Maquinas de hacer pastillas, Maquinas de cortar carne...\",\"publisher\":{\"@id\":\"https:\/\/distribucionarc.com\/de\/#organization\"},\"potentialAction\":[{\"@type\":\"SearchAction\",\"target\":{\"@type\":\"EntryPoint\",\"urlTemplate\":\"https:\/\/distribucionarc.com\/de\/?s={search_term_string}\"},\"query-input\":{\"@type\":\"PropertyValueSpecification\",\"valueRequired\":true,\"valueName\":\"search_term_string\"}}],\"inLanguage\":\"pl-PL\"},{\"@type\":\"Organization\",\"@id\":\"https:\/\/distribucionarc.com\/de\/#organization\",\"name\":\"Distribuci\u00f3n ARC\",\"url\":\"https:\/\/distribucionarc.com\/de\/\",\"logo\":{\"@type\":\"ImageObject\",\"inLanguage\":\"pl-PL\",\"@id\":\"https:\/\/distribucionarc.com\/de\/#\/schema\/logo\/image\/\",\"url\":\"https:\/\/distribucionarc.com\/wp-content\/uploads\/2024\/10\/distribucion-ARC-COLOR-SIN-FONDO-e1732295305345.png\",\"contentUrl\":\"https:\/\/distribucionarc.com\/wp-content\/uploads\/2024\/10\/distribucion-ARC-COLOR-SIN-FONDO-e1732295305345.png\",\"width\":1164,\"height\":558,\"caption\":\"Distribuci\u00f3n ARC\"},\"image\":{\"@id\":\"https:\/\/distribucionarc.com\/de\/#\/schema\/logo\/image\/\"},\"description\":\"Empresa especializada en la fabricaci\u00f3n y distribuci\u00f3n de maquinaria industrial para los sectores alimentario y farmac\u00e9utico. Nos especializamos en: M\u00e1quinas de cortar carne Fabricaci\u00f3n de comprimidos Sistemas de transporte industrial L\u00edneas de embotellado Dosificadores Y mucho m\u00e1s... Ofrecemos soluciones innovadoras y personalizadas para optimizar los procesos productivos de tu empresa.\",\"email\":\"Admistracion@distribucionarc.com\",\"telephone\":\"+34 643496664\",\"legalName\":\"ARC TECH SOLUTIONS\",\"foundingDate\":\"2024-04-09\",\"vatID\":\"B55480172\",\"numberOfEmployees\":{\"@type\":\"QuantitativeValue\",\"minValue\":\"1\",\"maxValue\":\"10\"}}]}<\/script>\n<!-- \/ Yoast SEO Premium plugin. -->","yoast_head_json":{"title":"PRZEMYS\u0141OWA PRASA ROTACYJNA DO TABLETEK WITAMINY A, CY B12 - dystrybucja ARC","robots":{"index":"index","follow":"follow","max-snippet":"max-snippet:-1","max-image-preview":"max-image-preview:large","max-video-preview":"max-video-preview:-1"},"canonical":"https:\/\/distribucionarc.com\/pl\/produkty\/przemyslowa-prasa-rotacyjna-do-tabletek-witaminy-b12\/","og_locale":"pl_PL","og_type":"article","og_title":"MAQUINA PRENSA ROTATIVA INDUSTRIAL PARA TABLETAS DE VITAMINAS A, C Y B12","og_description":"Maquina prensa rotativa industrial ZRAP15\/17\/19D. Dise\u00f1ada para prensar polvo, granulado y gr\u00e1nulos peque\u00f1os para tabletas de vitaminas A, C y","og_url":"https:\/\/distribucionarc.com\/pl\/produkty\/przemyslowa-prasa-rotacyjna-do-tabletek-witaminy-b12\/","og_site_name":"distribuci\u00f3n ARC","article_modified_time":"2024-04-24T18:26:06+00:00","og_image":[{"width":608,"height":904,"url":"https:\/\/distribucionarc.com\/wp-content\/uploads\/2024\/04\/MAQUINA-PRENSA-ROTATIVA-ZARP15_17_19D-PARA-TABLETAS-DE-VITAMINAS-A-C-Y-B12.jpg","type":"image\/jpeg"}],"twitter_card":"summary_large_image","twitter_misc":{"Szacowany czas czytania":"1 minuta"},"schema":{"@context":"https:\/\/schema.org","@graph":[{"@type":"WebPage","@id":"https:\/\/distribucionarc.com\/pt\/producto\/maquina-prensa-rotativa-industrial-para-tabletas-de-vitaminas-a-c-y-b12\/","url":"https:\/\/distribucionarc.com\/pt\/producto\/maquina-prensa-rotativa-industrial-para-tabletas-de-vitaminas-a-c-y-b12\/","name":"PRZEMYS\u0141OWA PRASA ROTACYJNA DO TABLETEK WITAMINY A, CY B12 - dystrybucja ARC","isPartOf":{"@id":"https:\/\/distribucionarc.com\/de\/#website"},"primaryImageOfPage":{"@id":"https:\/\/distribucionarc.com\/pt\/producto\/maquina-prensa-rotativa-industrial-para-tabletas-de-vitaminas-a-c-y-b12\/#primaryimage"},"image":{"@id":"https:\/\/distribucionarc.com\/pt\/producto\/maquina-prensa-rotativa-industrial-para-tabletas-de-vitaminas-a-c-y-b12\/#primaryimage"},"thumbnailUrl":"https:\/\/distribucionarc.com\/wp-content\/uploads\/2024\/04\/MAQUINA-PRENSA-ROTATIVA-ZARP15_17_19D-PARA-TABLETAS-DE-VITAMINAS-A-C-Y-B12.jpg","datePublished":"2024-04-24T18:26:04+00:00","dateModified":"2024-04-24T18:26:06+00:00","breadcrumb":{"@id":"https:\/\/distribucionarc.com\/pt\/producto\/maquina-prensa-rotativa-industrial-para-tabletas-de-vitaminas-a-c-y-b12\/#breadcrumb"},"inLanguage":"pl-PL","potentialAction":[{"@type":"ReadAction","target":["https:\/\/distribucionarc.com\/pt\/producto\/maquina-prensa-rotativa-industrial-para-tabletas-de-vitaminas-a-c-y-b12\/"]}]},{"@type":"ImageObject","inLanguage":"pl-PL","@id":"https:\/\/distribucionarc.com\/pt\/producto\/maquina-prensa-rotativa-industrial-para-tabletas-de-vitaminas-a-c-y-b12\/#primaryimage","url":"https:\/\/distribucionarc.com\/wp-content\/uploads\/2024\/04\/MAQUINA-PRENSA-ROTATIVA-ZARP15_17_19D-PARA-TABLETAS-DE-VITAMINAS-A-C-Y-B12.jpg","contentUrl":"https:\/\/distribucionarc.com\/wp-content\/uploads\/2024\/04\/MAQUINA-PRENSA-ROTATIVA-ZARP15_17_19D-PARA-TABLETAS-DE-VITAMINAS-A-C-Y-B12.jpg","width":608,"height":904,"caption":"#image_title"},{"@type":"BreadcrumbList","@id":"https:\/\/distribucionarc.com\/pt\/producto\/maquina-prensa-rotativa-industrial-para-tabletas-de-vitaminas-a-c-y-b12\/#breadcrumb","itemListElement":[{"@type":"ListItem","position":1,"name":"Portada","item":"https:\/\/distribucionarc.com\/pl\/"},{"@type":"ListItem","position":2,"name":"Produkty","item":"https:\/\/distribucionarc.com\/pl\/shop\/"},{"@type":"ListItem","position":3,"name":"MAQUINA PRENSA ROTATIVA INDUSTRIAL PARA TABLETAS DE VITAMINAS A, C Y B12"}]},{"@type":"WebSite","@id":"https:\/\/distribucionarc.com\/de\/#website","url":"https:\/\/distribucionarc.com\/de\/","name":"Dystrybucja ARC","description":"Firma specjalizuj\u0105ca si\u0119 w produkcji i dystrybucji maszyn przemys\u0142owych, zgrzewarek do puszek, maszyn do produkcji tabletek, maszyn do ci\u0119cia mi\u0119sa...","publisher":{"@id":"https:\/\/distribucionarc.com\/de\/#organization"},"potentialAction":[{"@type":"SearchAction","target":{"@type":"EntryPoint","urlTemplate":"https:\/\/distribucionarc.com\/de\/?s={search_term_string}"},"query-input":{"@type":"PropertyValueSpecification","valueRequired":true,"valueName":"search_term_string"}}],"inLanguage":"pl-PL"},{"@type":"Organization","@id":"https:\/\/distribucionarc.com\/de\/#organization","name":"Dystrybucja ARC","url":"https:\/\/distribucionarc.com\/de\/","logo":{"@type":"ImageObject","inLanguage":"pl-PL","@id":"https:\/\/distribucionarc.com\/de\/#\/schema\/logo\/image\/","url":"https:\/\/distribucionarc.com\/wp-content\/uploads\/2024\/10\/distribucion-ARC-COLOR-SIN-FONDO-e1732295305345.png","contentUrl":"https:\/\/distribucionarc.com\/wp-content\/uploads\/2024\/10\/distribucion-ARC-COLOR-SIN-FONDO-e1732295305345.png","width":1164,"height":558,"caption":"Distribuci\u00f3n ARC"},"image":{"@id":"https:\/\/distribucionarc.com\/de\/#\/schema\/logo\/image\/"},"description":"Firma specjalizuj\u0105ca si\u0119 w produkcji i dystrybucji maszyn przemys\u0142owych dla sektora spo\u017cywczego i farmaceutycznego. Specjalizujemy si\u0119 w: Maszyny do krojenia mi\u0119sa Produkcja tabletek Przemys\u0142owe systemy transportowe Linie butelkuj\u0105ce Dozowniki I wiele wi\u0119cej.... Oferujemy innowacyjne i niestandardowe rozwi\u0105zania w celu optymalizacji proces\u00f3w produkcyjnych w Twojej firmie.","email":"Admistracion@distribucionarc.com","telephone":"+34 643496664","legalName":"ARC TECH SOLUTIONS","foundingDate":"2024-04-09","vatID":"B55480172","numberOfEmployees":{"@type":"QuantitativeValue","minValue":"1","maxValue":"10"}}]}},"_links":{"self":[{"href":"https:\/\/distribucionarc.com\/pl\/wp-json\/wp\/v2\/product\/6660","targetHints":{"allow":["GET"]}}],"collection":[{"href":"https:\/\/distribucionarc.com\/pl\/wp-json\/wp\/v2\/product"}],"about":[{"href":"https:\/\/distribucionarc.com\/pl\/wp-json\/wp\/v2\/types\/product"}],"replies":[{"embeddable":true,"href":"https:\/\/distribucionarc.com\/pl\/wp-json\/wp\/v2\/comments?post=6660"}],"version-history":[{"count":0,"href":"https:\/\/distribucionarc.com\/pl\/wp-json\/wp\/v2\/product\/6660\/revisions"}],"wp:featuredmedia":[{"embeddable":true,"href":"https:\/\/distribucionarc.com\/pl\/wp-json\/wp\/v2\/media\/6663"}],"wp:attachment":[{"href":"https:\/\/distribucionarc.com\/pl\/wp-json\/wp\/v2\/media?parent=6660"}],"wp:term":[{"taxonomy":"product_brand","embeddable":true,"href":"https:\/\/distribucionarc.com\/pl\/wp-json\/wp\/v2\/product_brand?post=6660"},{"taxonomy":"product_cat","embeddable":true,"href":"https:\/\/distribucionarc.com\/pl\/wp-json\/wp\/v2\/product_cat?post=6660"},{"taxonomy":"product_tag","embeddable":true,"href":"https:\/\/distribucionarc.com\/pl\/wp-json\/wp\/v2\/product_tag?post=6660"}],"curies":[{"name":"wp","href":"https:\/\/api.w.org\/{rel}","templated":true}]}}