{"id":6748,"date":"2024-04-25T12:11:18","date_gmt":"2024-04-25T12:11:18","guid":{"rendered":"https:\/\/distribucionarc.com\/?post_type=product&#038;p=6748"},"modified":"2024-04-25T12:12:15","modified_gmt":"2024-04-25T12:12:15","slug":"prasowanie-tabletek-do-tabletek-impulsowych-z-witaminami-do-zucia","status":"publish","type":"product","link":"https:\/\/distribucionarc.com\/pl\/producto\/prensadora-de-tabletas-para-comprimidos-masticables-de-impulso-vitaminico\/","title":{"rendered":"TABLETKA DO TABLETEK DO \u017bUCIA WITAMIN BOOST"},"content":{"rendered":"<p><strong>Tabletkarka rotacyjna serii ZARPS<\/strong> Jest to najnowocze\u015bniejsza maszyna do produkcji <strong>Tabletki do \u017cucia wzmacniaj\u0105ce witamin\u0119.<\/strong> Wyposa\u017cony w sterowanie PLC, umo\u017cliwia precyzyjne ustawienie ci\u015bnienia, g\u0142\u0119boko\u015bci nape\u0142niania, grubo\u015bci i pojemno\u015bci tabletek. Dodatkowo posiada interfejs USB do eksportu danych roboczych.<\/p>\n<p>&nbsp;<\/p>\n<table>\n<tbody>\n<tr>\n<td width=\"113\">Model<\/td>\n<td width=\"113\">ZARPS-8<\/td>\n<td width=\"113\">ZARPS-10<\/td>\n<td width=\"113\">ZARPS-18<\/td>\n<td width=\"113\">ZARPS-20<\/td>\n<\/tr>\n<tr>\n<td width=\"113\">Matryce do wykrawania<\/td>\n<td width=\"113\">8<\/td>\n<td width=\"113\">10<\/td>\n<td width=\"113\">18<\/td>\n<td width=\"113\">20<\/td>\n<\/tr>\n<tr>\n<td width=\"113\">Rodzaj narz\u0119dzi<\/td>\n<td width=\"113\">IPT<\/td>\n<td width=\"113\">IPT<\/td>\n<td width=\"113\">ZP<\/td>\n<td width=\"113\">ZP<\/td>\n<\/tr>\n<tr>\n<td width=\"113\">maksymalne ci\u015bnienie<\/td>\n<td width=\"113\">80<\/td>\n<td width=\"113\">80<\/td>\n<td width=\"113\">80<\/td>\n<td width=\"113\">80<\/td>\n<\/tr>\n<tr>\n<td width=\"113\">Wst\u0119pne ci\u015bnienie kukurydzy (kn)<\/td>\n<td width=\"113\">10<\/td>\n<td width=\"113\">10<\/td>\n<td width=\"113\">10<\/td>\n<td width=\"113\">10<\/td>\n<\/tr>\n<tr>\n<td width=\"113\">Maksymalna \u015brednica tabletki (mm)<\/td>\n<td width=\"113\">23<\/td>\n<td width=\"113\">22<\/td>\n<td width=\"113\">13<\/td>\n<td width=\"113\">13<\/td>\n<\/tr>\n<tr>\n<td width=\"113\">Maksymalna g\u0142\u0119boko\u015b\u0107 nape\u0142niania (mm)<\/td>\n<td width=\"113\">17<\/td>\n<td width=\"113\">17<\/td>\n<td width=\"113\">17<\/td>\n<td width=\"113\">17<\/td>\n<\/tr>\n<tr>\n<td width=\"113\">Maksymalna grubo\u015b\u0107 tabletki (mm)<\/td>\n<td width=\"113\">6<\/td>\n<td width=\"113\">6<\/td>\n<td width=\"113\">6<\/td>\n<td width=\"113\">6<\/td>\n<\/tr>\n<tr>\n<td width=\"113\">Pr\u0119dko\u015b\u0107 wie\u017cy (r\/min)<\/td>\n<td width=\"113\">5-30<\/td>\n<td width=\"113\">5-30<\/td>\n<td width=\"113\">5-30<\/td>\n<td width=\"113\">5-30<\/td>\n<\/tr>\n<tr>\n<td width=\"113\">Zdolno\u015b\u0107 produkcyjna (szt.\/h)<\/td>\n<td width=\"113\">14400<\/td>\n<td width=\"113\">1800<\/td>\n<td width=\"113\">32400<\/td>\n<td width=\"113\">36000<\/td>\n<\/tr>\n<tr>\n<td width=\"113\">Moc silnika (kw)<\/td>\n<td width=\"113\">2.2<\/td>\n<td width=\"113\">2.2<\/td>\n<td width=\"113\">2.2<\/td>\n<td width=\"113\">2.2<\/td>\n<\/tr>\n<tr>\n<td width=\"113\">Rozmiar ca\u0142kowity (mm)<\/td>\n<td width=\"113\">750*<\/p>\n<p>660*<\/p>\n<p>1620*<\/td>\n<td width=\"113\">750*<\/p>\n<p>660*<\/p>\n<p>1620*<\/td>\n<td width=\"113\">750*<\/p>\n<p>660*<\/p>\n<p>1620*<\/td>\n<td width=\"113\">750*<\/p>\n<p>660*<\/p>\n<p>1620*<\/td>\n<\/tr>\n<tr>\n<td width=\"113\">Waga netto<\/td>\n<td width=\"113\">780<\/td>\n<td width=\"113\">780<\/td>\n<td width=\"113\">780<\/td>\n<td width=\"113\">780<\/td>\n<\/tr>\n<tr>\n<td width=\"113\">&nbsp;<\/td>\n<td width=\"113\">&nbsp;<\/td>\n<td width=\"113\">&nbsp;<\/td>\n<td width=\"113\">&nbsp;<\/td>\n<td width=\"113\">&nbsp;<\/td>\n<\/tr>\n<\/tbody>\n<\/table>","protected":false},"excerpt":{"rendered":"<p>Tabletkarka rotacyjna serii ZARPS to najnowocze\u015bniejsza maszyna do produkcji impulsowych tabletek do \u017cucia.<\/p>","protected":false},"featured_media":6749,"comment_status":"open","ping_status":"closed","template":"","meta":{"wds_primary_product_brand":0,"wds_primary_product_cat":0},"product_brand":[],"product_cat":[84],"product_tag":[],"class_list":{"0":"post-6748","1":"product","2":"type-product","3":"status-publish","4":"has-post-thumbnail","6":"product_cat-maquinas-para-hacer-pastillas","8":"first","9":"instock","10":"taxable","11":"shipping-taxable","12":"purchasable","13":"product-type-simple"},"yoast_head":"<!-- This site is optimized with the Yoast SEO Premium plugin v24.9 (Yoast SEO v26.1) - https:\/\/yoast.com\/wordpress\/plugins\/seo\/ -->\n<title>PRENSADORA DE TABLETAS PARA COMPRIMIDOS MASTICABLES DE IMPULSO VITAMINICO - distribuci\u00f3n ARC<\/title>\n<meta name=\"robots\" content=\"index, follow, max-snippet:-1, max-image-preview:large, max-video-preview:-1\" \/>\n<link rel=\"canonical\" href=\"https:\/\/www.distribucionarc.com\/ar\/producto\/prensadora-de-tabletas-para-comprimidos-masticables-de-impulso-vitaminico\/\" \/>\n<meta property=\"og:locale\" content=\"pl_PL\" \/>\n<meta property=\"og:type\" content=\"article\" \/>\n<meta property=\"og:title\" content=\"PRENSADORA DE TABLETAS PARA COMPRIMIDOS MASTICABLES DE IMPULSO VITAMINICO\" \/>\n<meta property=\"og:description\" content=\"La prensadora de tabletas rotativa serie ZARPS es una m\u00e1quina de vanguardia para la producci\u00f3n de comprimidos masticables de impulso\" \/>\n<meta property=\"og:url\" content=\"https:\/\/www.distribucionarc.com\/ar\/producto\/prensadora-de-tabletas-para-comprimidos-masticables-de-impulso-vitaminico\/\" \/>\n<meta property=\"og:site_name\" content=\"distribuci\u00f3n ARC\" \/>\n<meta property=\"article:modified_time\" content=\"2024-04-25T12:12:15+00:00\" \/>\n<meta property=\"og:image\" content=\"https:\/\/www.distribucionarc.com\/wp-content\/uploads\/2024\/04\/PRENSADORA-DE-TABLETAS-PARA-COMPRIMIDOS-MASTICABLES-DE-IMPULSO-VITAMINICO.jpg\" \/>\n\t<meta property=\"og:image:width\" content=\"656\" \/>\n\t<meta property=\"og:image:height\" content=\"848\" \/>\n\t<meta property=\"og:image:type\" content=\"image\/jpeg\" \/>\n<meta name=\"twitter:card\" content=\"summary_large_image\" \/>\n<meta name=\"twitter:label1\" content=\"Szacowany czas czytania\" \/>\n\t<meta name=\"twitter:data1\" content=\"1 minuta\" \/>\n<script type=\"application\/ld+json\" class=\"yoast-schema-graph\">{\"@context\":\"https:\/\/schema.org\",\"@graph\":[{\"@type\":\"WebPage\",\"@id\":\"https:\/\/www.distribucionarc.com\/ar\/producto\/prensadora-de-tabletas-para-comprimidos-masticables-de-impulso-vitaminico\/\",\"url\":\"https:\/\/www.distribucionarc.com\/ar\/producto\/prensadora-de-tabletas-para-comprimidos-masticables-de-impulso-vitaminico\/\",\"name\":\"PRENSADORA DE TABLETAS PARA COMPRIMIDOS MASTICABLES DE IMPULSO VITAMINICO - distribuci\u00f3n ARC\",\"isPartOf\":{\"@id\":\"https:\/\/distribucionarc.com\/de\/#website\"},\"primaryImageOfPage\":{\"@id\":\"https:\/\/www.distribucionarc.com\/ar\/producto\/prensadora-de-tabletas-para-comprimidos-masticables-de-impulso-vitaminico\/#primaryimage\"},\"image\":{\"@id\":\"https:\/\/www.distribucionarc.com\/ar\/producto\/prensadora-de-tabletas-para-comprimidos-masticables-de-impulso-vitaminico\/#primaryimage\"},\"thumbnailUrl\":\"https:\/\/distribucionarc.com\/wp-content\/uploads\/2024\/04\/PRENSADORA-DE-TABLETAS-PARA-COMPRIMIDOS-MASTICABLES-DE-IMPULSO-VITAMINICO.jpg\",\"datePublished\":\"2024-04-25T12:11:18+00:00\",\"dateModified\":\"2024-04-25T12:12:15+00:00\",\"breadcrumb\":{\"@id\":\"https:\/\/www.distribucionarc.com\/ar\/producto\/prensadora-de-tabletas-para-comprimidos-masticables-de-impulso-vitaminico\/#breadcrumb\"},\"inLanguage\":\"pl-PL\",\"potentialAction\":[{\"@type\":\"ReadAction\",\"target\":[\"https:\/\/www.distribucionarc.com\/ar\/producto\/prensadora-de-tabletas-para-comprimidos-masticables-de-impulso-vitaminico\/\"]}]},{\"@type\":\"ImageObject\",\"inLanguage\":\"pl-PL\",\"@id\":\"https:\/\/www.distribucionarc.com\/ar\/producto\/prensadora-de-tabletas-para-comprimidos-masticables-de-impulso-vitaminico\/#primaryimage\",\"url\":\"https:\/\/distribucionarc.com\/wp-content\/uploads\/2024\/04\/PRENSADORA-DE-TABLETAS-PARA-COMPRIMIDOS-MASTICABLES-DE-IMPULSO-VITAMINICO.jpg\",\"contentUrl\":\"https:\/\/distribucionarc.com\/wp-content\/uploads\/2024\/04\/PRENSADORA-DE-TABLETAS-PARA-COMPRIMIDOS-MASTICABLES-DE-IMPULSO-VITAMINICO.jpg\",\"width\":656,\"height\":848,\"caption\":\"#image_title\"},{\"@type\":\"BreadcrumbList\",\"@id\":\"https:\/\/www.distribucionarc.com\/ar\/producto\/prensadora-de-tabletas-para-comprimidos-masticables-de-impulso-vitaminico\/#breadcrumb\",\"itemListElement\":[{\"@type\":\"ListItem\",\"position\":1,\"name\":\"Portada\",\"item\":\"https:\/\/distribucionarc.com\/pl\/\"},{\"@type\":\"ListItem\",\"position\":2,\"name\":\"Produkty\",\"item\":\"https:\/\/distribucionarc.com\/pl\/shop\/\"},{\"@type\":\"ListItem\",\"position\":3,\"name\":\"PRENSADORA DE TABLETAS PARA COMPRIMIDOS MASTICABLES DE IMPULSO VITAMINICO\"}]},{\"@type\":\"WebSite\",\"@id\":\"https:\/\/distribucionarc.com\/de\/#website\",\"url\":\"https:\/\/distribucionarc.com\/de\/\",\"name\":\"distribuci\u00f3n ARC\",\"description\":\"Empresa especializada en la fabricaci\u00f3n y distribuci\u00f3n de maquinaria industrial, selladoras de latas, Maquinas de hacer pastillas, Maquinas de cortar carne...\",\"publisher\":{\"@id\":\"https:\/\/distribucionarc.com\/de\/#organization\"},\"potentialAction\":[{\"@type\":\"SearchAction\",\"target\":{\"@type\":\"EntryPoint\",\"urlTemplate\":\"https:\/\/distribucionarc.com\/de\/?s={search_term_string}\"},\"query-input\":{\"@type\":\"PropertyValueSpecification\",\"valueRequired\":true,\"valueName\":\"search_term_string\"}}],\"inLanguage\":\"pl-PL\"},{\"@type\":\"Organization\",\"@id\":\"https:\/\/distribucionarc.com\/de\/#organization\",\"name\":\"Distribuci\u00f3n ARC\",\"url\":\"https:\/\/distribucionarc.com\/de\/\",\"logo\":{\"@type\":\"ImageObject\",\"inLanguage\":\"pl-PL\",\"@id\":\"https:\/\/distribucionarc.com\/de\/#\/schema\/logo\/image\/\",\"url\":\"https:\/\/distribucionarc.com\/wp-content\/uploads\/2024\/10\/distribucion-ARC-COLOR-SIN-FONDO-e1732295305345.png\",\"contentUrl\":\"https:\/\/distribucionarc.com\/wp-content\/uploads\/2024\/10\/distribucion-ARC-COLOR-SIN-FONDO-e1732295305345.png\",\"width\":1164,\"height\":558,\"caption\":\"Distribuci\u00f3n ARC\"},\"image\":{\"@id\":\"https:\/\/distribucionarc.com\/de\/#\/schema\/logo\/image\/\"},\"description\":\"Empresa especializada en la fabricaci\u00f3n y distribuci\u00f3n de maquinaria industrial para los sectores alimentario y farmac\u00e9utico. Nos especializamos en: M\u00e1quinas de cortar carne Fabricaci\u00f3n de comprimidos Sistemas de transporte industrial L\u00edneas de embotellado Dosificadores Y mucho m\u00e1s... Ofrecemos soluciones innovadoras y personalizadas para optimizar los procesos productivos de tu empresa.\",\"email\":\"Admistracion@distribucionarc.com\",\"telephone\":\"+34 643496664\",\"legalName\":\"ARC TECH SOLUTIONS\",\"foundingDate\":\"2024-04-09\",\"vatID\":\"B55480172\",\"numberOfEmployees\":{\"@type\":\"QuantitativeValue\",\"minValue\":\"1\",\"maxValue\":\"10\"}}]}<\/script>\n<!-- \/ Yoast SEO Premium plugin. -->","yoast_head_json":{"title":"PRASA DO TABLETEK DO TABLETEK DO \u017bUCIA WITAMINY BOOST - dystrybucja ARC","robots":{"index":"index","follow":"follow","max-snippet":"max-snippet:-1","max-image-preview":"max-image-preview:large","max-video-preview":"max-video-preview:-1"},"canonical":"https:\/\/www.distribucionarc.com\/ar\/producto\/prensadora-de-tabletas-para-comprimidos-masticables-de-impulso-vitaminico\/","og_locale":"pl_PL","og_type":"article","og_title":"PRENSADORA DE TABLETAS PARA COMPRIMIDOS MASTICABLES DE IMPULSO VITAMINICO","og_description":"La prensadora de tabletas rotativa serie ZARPS es una m\u00e1quina de vanguardia para la producci\u00f3n de comprimidos masticables de impulso","og_url":"https:\/\/www.distribucionarc.com\/ar\/producto\/prensadora-de-tabletas-para-comprimidos-masticables-de-impulso-vitaminico\/","og_site_name":"distribuci\u00f3n ARC","article_modified_time":"2024-04-25T12:12:15+00:00","og_image":[{"width":656,"height":848,"url":"https:\/\/www.distribucionarc.com\/wp-content\/uploads\/2024\/04\/PRENSADORA-DE-TABLETAS-PARA-COMPRIMIDOS-MASTICABLES-DE-IMPULSO-VITAMINICO.jpg","type":"image\/jpeg"}],"twitter_card":"summary_large_image","twitter_misc":{"Szacowany czas czytania":"1 minuta"},"schema":{"@context":"https:\/\/schema.org","@graph":[{"@type":"WebPage","@id":"https:\/\/www.distribucionarc.com\/ar\/producto\/prensadora-de-tabletas-para-comprimidos-masticables-de-impulso-vitaminico\/","url":"https:\/\/www.distribucionarc.com\/ar\/producto\/prensadora-de-tabletas-para-comprimidos-masticables-de-impulso-vitaminico\/","name":"PRASA DO TABLETEK DO TABLETEK DO \u017bUCIA WITAMINY BOOST - dystrybucja ARC","isPartOf":{"@id":"https:\/\/distribucionarc.com\/de\/#website"},"primaryImageOfPage":{"@id":"https:\/\/www.distribucionarc.com\/ar\/producto\/prensadora-de-tabletas-para-comprimidos-masticables-de-impulso-vitaminico\/#primaryimage"},"image":{"@id":"https:\/\/www.distribucionarc.com\/ar\/producto\/prensadora-de-tabletas-para-comprimidos-masticables-de-impulso-vitaminico\/#primaryimage"},"thumbnailUrl":"https:\/\/distribucionarc.com\/wp-content\/uploads\/2024\/04\/PRENSADORA-DE-TABLETAS-PARA-COMPRIMIDOS-MASTICABLES-DE-IMPULSO-VITAMINICO.jpg","datePublished":"2024-04-25T12:11:18+00:00","dateModified":"2024-04-25T12:12:15+00:00","breadcrumb":{"@id":"https:\/\/www.distribucionarc.com\/ar\/producto\/prensadora-de-tabletas-para-comprimidos-masticables-de-impulso-vitaminico\/#breadcrumb"},"inLanguage":"pl-PL","potentialAction":[{"@type":"ReadAction","target":["https:\/\/www.distribucionarc.com\/ar\/producto\/prensadora-de-tabletas-para-comprimidos-masticables-de-impulso-vitaminico\/"]}]},{"@type":"ImageObject","inLanguage":"pl-PL","@id":"https:\/\/www.distribucionarc.com\/ar\/producto\/prensadora-de-tabletas-para-comprimidos-masticables-de-impulso-vitaminico\/#primaryimage","url":"https:\/\/distribucionarc.com\/wp-content\/uploads\/2024\/04\/PRENSADORA-DE-TABLETAS-PARA-COMPRIMIDOS-MASTICABLES-DE-IMPULSO-VITAMINICO.jpg","contentUrl":"https:\/\/distribucionarc.com\/wp-content\/uploads\/2024\/04\/PRENSADORA-DE-TABLETAS-PARA-COMPRIMIDOS-MASTICABLES-DE-IMPULSO-VITAMINICO.jpg","width":656,"height":848,"caption":"#image_title"},{"@type":"BreadcrumbList","@id":"https:\/\/www.distribucionarc.com\/ar\/producto\/prensadora-de-tabletas-para-comprimidos-masticables-de-impulso-vitaminico\/#breadcrumb","itemListElement":[{"@type":"ListItem","position":1,"name":"Portada","item":"https:\/\/distribucionarc.com\/pl\/"},{"@type":"ListItem","position":2,"name":"Produkty","item":"https:\/\/distribucionarc.com\/pl\/shop\/"},{"@type":"ListItem","position":3,"name":"PRENSADORA DE TABLETAS PARA COMPRIMIDOS MASTICABLES DE IMPULSO VITAMINICO"}]},{"@type":"WebSite","@id":"https:\/\/distribucionarc.com\/de\/#website","url":"https:\/\/distribucionarc.com\/de\/","name":"Dystrybucja ARC","description":"Firma specjalizuj\u0105ca si\u0119 w produkcji i dystrybucji maszyn przemys\u0142owych, zgrzewarek do puszek, maszyn do produkcji tabletek, maszyn do ci\u0119cia mi\u0119sa...","publisher":{"@id":"https:\/\/distribucionarc.com\/de\/#organization"},"potentialAction":[{"@type":"SearchAction","target":{"@type":"EntryPoint","urlTemplate":"https:\/\/distribucionarc.com\/de\/?s={search_term_string}"},"query-input":{"@type":"PropertyValueSpecification","valueRequired":true,"valueName":"search_term_string"}}],"inLanguage":"pl-PL"},{"@type":"Organization","@id":"https:\/\/distribucionarc.com\/de\/#organization","name":"Dystrybucja ARC","url":"https:\/\/distribucionarc.com\/de\/","logo":{"@type":"ImageObject","inLanguage":"pl-PL","@id":"https:\/\/distribucionarc.com\/de\/#\/schema\/logo\/image\/","url":"https:\/\/distribucionarc.com\/wp-content\/uploads\/2024\/10\/distribucion-ARC-COLOR-SIN-FONDO-e1732295305345.png","contentUrl":"https:\/\/distribucionarc.com\/wp-content\/uploads\/2024\/10\/distribucion-ARC-COLOR-SIN-FONDO-e1732295305345.png","width":1164,"height":558,"caption":"Distribuci\u00f3n ARC"},"image":{"@id":"https:\/\/distribucionarc.com\/de\/#\/schema\/logo\/image\/"},"description":"Firma specjalizuj\u0105ca si\u0119 w produkcji i dystrybucji maszyn przemys\u0142owych dla sektora spo\u017cywczego i farmaceutycznego. Specjalizujemy si\u0119 w: Maszyny do krojenia mi\u0119sa Produkcja tabletek Przemys\u0142owe systemy transportowe Linie butelkuj\u0105ce Dozowniki I wiele wi\u0119cej.... Oferujemy innowacyjne i niestandardowe rozwi\u0105zania w celu optymalizacji proces\u00f3w produkcyjnych w Twojej firmie.","email":"Admistracion@distribucionarc.com","telephone":"+34 643496664","legalName":"ARC TECH SOLUTIONS","foundingDate":"2024-04-09","vatID":"B55480172","numberOfEmployees":{"@type":"QuantitativeValue","minValue":"1","maxValue":"10"}}]}},"_links":{"self":[{"href":"https:\/\/distribucionarc.com\/pl\/wp-json\/wp\/v2\/product\/6748","targetHints":{"allow":["GET"]}}],"collection":[{"href":"https:\/\/distribucionarc.com\/pl\/wp-json\/wp\/v2\/product"}],"about":[{"href":"https:\/\/distribucionarc.com\/pl\/wp-json\/wp\/v2\/types\/product"}],"replies":[{"embeddable":true,"href":"https:\/\/distribucionarc.com\/pl\/wp-json\/wp\/v2\/comments?post=6748"}],"version-history":[{"count":0,"href":"https:\/\/distribucionarc.com\/pl\/wp-json\/wp\/v2\/product\/6748\/revisions"}],"wp:featuredmedia":[{"embeddable":true,"href":"https:\/\/distribucionarc.com\/pl\/wp-json\/wp\/v2\/media\/6749"}],"wp:attachment":[{"href":"https:\/\/distribucionarc.com\/pl\/wp-json\/wp\/v2\/media?parent=6748"}],"wp:term":[{"taxonomy":"product_brand","embeddable":true,"href":"https:\/\/distribucionarc.com\/pl\/wp-json\/wp\/v2\/product_brand?post=6748"},{"taxonomy":"product_cat","embeddable":true,"href":"https:\/\/distribucionarc.com\/pl\/wp-json\/wp\/v2\/product_cat?post=6748"},{"taxonomy":"product_tag","embeddable":true,"href":"https:\/\/distribucionarc.com\/pl\/wp-json\/wp\/v2\/product_tag?post=6748"}],"curies":[{"name":"wp","href":"https:\/\/api.w.org\/{rel}","templated":true}]}}