{"id":6791,"date":"2024-04-25T18:07:04","date_gmt":"2024-04-25T18:07:04","guid":{"rendered":"https:\/\/distribucionarc.com\/?post_type=product&#038;p=6791"},"modified":"2024-04-25T18:11:05","modified_gmt":"2024-04-25T18:11:05","slug":"maszyna-do-formowania-tabletek-wzbogacajacych-skladniki-odzywcze","status":"publish","type":"product","link":"https:\/\/distribucionarc.com\/pl\/producto\/maquina-formadora-de-tabletas-enriquecedoras-de-nutrientes\/","title":{"rendered":"MASZYNA DO FORMOWANIA TABLETEK WZMACNIAJ\u0104CYCH OD\u017bYWKI"},"content":{"rendered":"<p>Przedstawiamy nowo\u015b\u0107<strong> Prasa rotacyjna model ZARP-5\/7\/9A,<\/strong> zaprojektowane z my\u015bl\u0105 o wydajnej produkcji<strong> tabletki wzbogacaj\u0105ce sk\u0142adniki od\u017cywcze<\/strong> w przemy\u015ble farmaceutycznym. Maszyna ta jest niezb\u0119dna do prasowania proszk\u00f3w, ziaren, ma\u0142ych granulator\u00f3w i peletek w tabletki o r\u00f3\u017cnych kszta\u0142tach, zapewniaj\u0105c wysok\u0105 jako\u015b\u0107 i sp\u00f3jny produkt ko\u0144cowy. Stawiaj\u0105c na bezpiecze\u0144stwo i niezawodno\u015b\u0107, maszyna posiada urz\u0105dzenie zabezpieczaj\u0105ce przed przeci\u0105\u017ceniem ci\u015bnienia, kt\u00f3re jest automatycznie aktywowane w przypadku nadmiaru, zatrzymuj\u0105c prac\u0119, aby zachowa\u0107 integralno\u015b\u0107 sprz\u0119tu i jako\u015b\u0107 produktu ko\u0144cowego.<\/p>\n<p>Odkryj doskona\u0142o\u015b\u0107 w produkcji tabletek wzbogacaj\u0105cych sk\u0142adniki od\u017cywcze dzi\u0119ki prasce rotacyjnej model ZARP-5\/7\/9A, niezawodnej i wydajnej inwestycji spe\u0142niaj\u0105cej najbardziej wymagaj\u0105ce wymagania rynku farmaceutycznego.<\/p>\n<p>&nbsp;<\/p>\n<table>\n<tbody>\n<tr>\n<td width=\"142\">Model<\/td>\n<td width=\"142\">ZARP-5A<\/td>\n<td width=\"142\">ZARP-7A<\/td>\n<td width=\"142\">ZARP-9A<\/td>\n<\/tr>\n<tr>\n<td width=\"142\">Gra<\/td>\n<td width=\"142\">5<\/td>\n<td width=\"142\">7<\/td>\n<td width=\"142\">9<\/td>\n<\/tr>\n<tr>\n<td width=\"142\">Maksymalne ci\u015bnienie (mn\u00f3stwo)<\/td>\n<td width=\"142\">50\/60 (WZMOCNIONY)<\/td>\n<td width=\"142\">50\/60 (WZMOCNIONY)<\/td>\n<td width=\"142\">50\/60 (WZMOCNIONY)<\/td>\n<\/tr>\n<tr>\n<td width=\"142\">Maksymalna \u015brednica tabletki (mm)<\/td>\n<td width=\"142\">3-12 (14)\/20 WZMOCNIONE<\/td>\n<td width=\"142\">3-12 (14)\/20 WZMOCNIONE<\/td>\n<td width=\"142\">3-12 (14)\/20 WZMOCNIONE<\/td>\n<\/tr>\n<tr>\n<td width=\"142\">Maksymalna g\u0142\u0119boko\u015b\u0107 wype\u0142nienie (mm)<\/td>\n<td width=\"142\">0-15<\/td>\n<td width=\"142\">0-15<\/td>\n<td width=\"142\">0-15<\/td>\n<\/tr>\n<tr>\n<td width=\"142\">Maksymalna grubo\u015b\u0107 tabletki (mm)<\/td>\n<td width=\"142\">0-6<\/td>\n<td width=\"142\">0-6<\/td>\n<td width=\"142\">0-6<\/td>\n<\/tr>\n<tr>\n<td width=\"142\">Pr\u0119dko\u015b\u0107 wie\u017cy (obroty\/min)<\/td>\n<td width=\"142\">30<\/td>\n<td width=\"142\">30<\/td>\n<td width=\"142\">30<\/td>\n<\/tr>\n<tr>\n<td width=\"142\">Zdolno\u015b\u0107 produkcyjna (szt.\/h)<\/td>\n<td width=\"142\">9000<\/td>\n<td width=\"142\">12600<\/td>\n<td width=\"142\">16200<\/td>\n<\/tr>\n<tr>\n<td width=\"142\">Moc silnika (KW)<\/td>\n<td width=\"142\">1500-2200 WZMOCNIONE<\/td>\n<td width=\"142\">1500-2200 WZMOCNIONE<\/td>\n<td width=\"142\">1500-2200 WZMOCNIONE<\/td>\n<\/tr>\n<tr>\n<td width=\"142\">Rozmiar ca\u0142kowity (mm)<\/td>\n<td width=\"142\">480*<\/p>\n<p>630*<\/p>\n<p>1100*<\/td>\n<td width=\"142\">480*<\/p>\n<p>630*<\/p>\n<p>1100*<\/td>\n<td width=\"142\">480*<\/p>\n<p>630*<\/p>\n<p>1100*<\/td>\n<\/tr>\n<tr>\n<td width=\"142\">Masa netto (kg)<\/td>\n<td width=\"142\">180 (220 WZMOCNIONE)<\/td>\n<td width=\"142\">180 (220 ODNOWIONE)<\/td>\n<td width=\"142\">180 (220 WZMOCNIONE)<\/td>\n<\/tr>\n<\/tbody>\n<\/table>","protected":false},"excerpt":{"rendered":"<p>Przedstawiamy innowacyjn\u0105 pras\u0119 rotacyjn\u0105 do tabletkowania, model ZARP-5\/7\/9A, przeznaczon\u0105 do wydajnej produkcji tabletek wzbogacaj\u0105cych sk\u0142adniki od\u017cywcze w<\/p>","protected":false},"featured_media":6796,"comment_status":"open","ping_status":"closed","template":"","meta":{"wds_primary_product_brand":0,"wds_primary_product_cat":0},"product_brand":[],"product_cat":[84],"product_tag":[],"class_list":{"0":"post-6791","1":"product","2":"type-product","3":"status-publish","4":"has-post-thumbnail","6":"product_cat-maquinas-para-hacer-pastillas","8":"first","9":"instock","10":"taxable","11":"shipping-taxable","12":"purchasable","13":"product-type-simple"},"yoast_head":"<!-- This site is optimized with the Yoast SEO Premium plugin v24.9 (Yoast SEO v26.1) - https:\/\/yoast.com\/wordpress\/plugins\/seo\/ -->\n<title>MAQUINA FORMADORA DE TABLETAS ENRIQUECEDORAS DE NUTRIENTES - distribuci\u00f3n ARC<\/title>\n<meta name=\"robots\" content=\"index, follow, max-snippet:-1, max-image-preview:large, max-video-preview:-1\" \/>\n<link rel=\"canonical\" href=\"https:\/\/jagdesd.tempurl.host\/hr\/producto\/maquina-formadora-de-tabletas-enriquecedoras-de-nutrientes\/\" \/>\n<meta property=\"og:locale\" content=\"pl_PL\" \/>\n<meta property=\"og:type\" content=\"article\" \/>\n<meta property=\"og:title\" content=\"MAQUINA FORMADORA DE TABLETAS ENRIQUECEDORAS DE NUTRIENTES\" \/>\n<meta property=\"og:description\" content=\"Presentamos la innovadora M\u00e1quina Prensadora Rotativa, modelo ZARP-5\/7\/9A, dise\u00f1ada para la producci\u00f3n eficiente de tabletas enriquecedoras de nutrientes en la\" \/>\n<meta property=\"og:url\" content=\"https:\/\/jagdesd.tempurl.host\/hr\/producto\/maquina-formadora-de-tabletas-enriquecedoras-de-nutrientes\/\" \/>\n<meta property=\"og:site_name\" content=\"distribuci\u00f3n ARC\" \/>\n<meta property=\"article:modified_time\" content=\"2024-04-25T18:11:05+00:00\" \/>\n<meta property=\"og:image\" content=\"https:\/\/jagdesd.tempurl.host\/wp-content\/uploads\/2024\/04\/MAQUINA-FORMADORA-DE-TABLETAS-ENRIQUECEDORAS-DE-NUTRIENTES.jpg\" \/>\n\t<meta property=\"og:image:width\" content=\"464\" \/>\n\t<meta property=\"og:image:height\" content=\"816\" \/>\n\t<meta property=\"og:image:type\" content=\"image\/jpeg\" \/>\n<meta name=\"twitter:card\" content=\"summary_large_image\" \/>\n<meta name=\"twitter:label1\" content=\"Szacowany czas czytania\" \/>\n\t<meta name=\"twitter:data1\" content=\"1 minuta\" \/>\n<script type=\"application\/ld+json\" class=\"yoast-schema-graph\">{\"@context\":\"https:\/\/schema.org\",\"@graph\":[{\"@type\":\"WebPage\",\"@id\":\"https:\/\/jagdesd.tempurl.host\/hr\/producto\/maquina-formadora-de-tabletas-enriquecedoras-de-nutrientes\/\",\"url\":\"https:\/\/jagdesd.tempurl.host\/hr\/producto\/maquina-formadora-de-tabletas-enriquecedoras-de-nutrientes\/\",\"name\":\"MAQUINA FORMADORA DE TABLETAS ENRIQUECEDORAS DE NUTRIENTES - distribuci\u00f3n ARC\",\"isPartOf\":{\"@id\":\"https:\/\/distribucionarc.com\/en\/#website\"},\"primaryImageOfPage\":{\"@id\":\"https:\/\/jagdesd.tempurl.host\/hr\/producto\/maquina-formadora-de-tabletas-enriquecedoras-de-nutrientes\/#primaryimage\"},\"image\":{\"@id\":\"https:\/\/jagdesd.tempurl.host\/hr\/producto\/maquina-formadora-de-tabletas-enriquecedoras-de-nutrientes\/#primaryimage\"},\"thumbnailUrl\":\"https:\/\/distribucionarc.com\/wp-content\/uploads\/2024\/04\/MAQUINA-FORMADORA-DE-TABLETAS-ENRIQUECEDORAS-DE-NUTRIENTES.jpg\",\"datePublished\":\"2024-04-25T18:07:04+00:00\",\"dateModified\":\"2024-04-25T18:11:05+00:00\",\"breadcrumb\":{\"@id\":\"https:\/\/jagdesd.tempurl.host\/hr\/producto\/maquina-formadora-de-tabletas-enriquecedoras-de-nutrientes\/#breadcrumb\"},\"inLanguage\":\"pl-PL\",\"potentialAction\":[{\"@type\":\"ReadAction\",\"target\":[\"https:\/\/jagdesd.tempurl.host\/hr\/producto\/maquina-formadora-de-tabletas-enriquecedoras-de-nutrientes\/\"]}]},{\"@type\":\"ImageObject\",\"inLanguage\":\"pl-PL\",\"@id\":\"https:\/\/jagdesd.tempurl.host\/hr\/producto\/maquina-formadora-de-tabletas-enriquecedoras-de-nutrientes\/#primaryimage\",\"url\":\"https:\/\/distribucionarc.com\/wp-content\/uploads\/2024\/04\/MAQUINA-FORMADORA-DE-TABLETAS-ENRIQUECEDORAS-DE-NUTRIENTES.jpg\",\"contentUrl\":\"https:\/\/distribucionarc.com\/wp-content\/uploads\/2024\/04\/MAQUINA-FORMADORA-DE-TABLETAS-ENRIQUECEDORAS-DE-NUTRIENTES.jpg\",\"width\":464,\"height\":816,\"caption\":\"#image_title\"},{\"@type\":\"BreadcrumbList\",\"@id\":\"https:\/\/jagdesd.tempurl.host\/hr\/producto\/maquina-formadora-de-tabletas-enriquecedoras-de-nutrientes\/#breadcrumb\",\"itemListElement\":[{\"@type\":\"ListItem\",\"position\":1,\"name\":\"Portada\",\"item\":\"https:\/\/jagdesd.tempurl.host\/\"},{\"@type\":\"ListItem\",\"position\":2,\"name\":\"Productos\",\"item\":\"https:\/\/jagdesd.tempurl.host\/shop\/\"},{\"@type\":\"ListItem\",\"position\":3,\"name\":\"MAQUINA FORMADORA DE TABLETAS ENRIQUECEDORAS DE NUTRIENTES\"}]},{\"@type\":\"WebSite\",\"@id\":\"https:\/\/distribucionarc.com\/en\/#website\",\"url\":\"https:\/\/distribucionarc.com\/en\/\",\"name\":\"distribuci\u00f3n ARC\",\"description\":\"Empresa especializada en la fabricaci\u00f3n y distribuci\u00f3n de maquinaria industrial, selladoras de latas, Maquinas de hacer pastillas, Maquinas de cortar carne...\",\"publisher\":{\"@id\":\"https:\/\/distribucionarc.com\/en\/#organization\"},\"potentialAction\":[{\"@type\":\"SearchAction\",\"target\":{\"@type\":\"EntryPoint\",\"urlTemplate\":\"https:\/\/distribucionarc.com\/en\/?s={search_term_string}\"},\"query-input\":{\"@type\":\"PropertyValueSpecification\",\"valueRequired\":true,\"valueName\":\"search_term_string\"}}],\"inLanguage\":\"pl-PL\"},{\"@type\":\"Organization\",\"@id\":\"https:\/\/distribucionarc.com\/en\/#organization\",\"name\":\"Distribuci\u00f3n ARC\",\"url\":\"https:\/\/distribucionarc.com\/en\/\",\"logo\":{\"@type\":\"ImageObject\",\"inLanguage\":\"pl-PL\",\"@id\":\"https:\/\/distribucionarc.com\/en\/#\/schema\/logo\/image\/\",\"url\":\"https:\/\/distribucionarc.com\/wp-content\/uploads\/2024\/10\/distribucion-ARC-COLOR-SIN-FONDO-e1732295305345.png\",\"contentUrl\":\"https:\/\/distribucionarc.com\/wp-content\/uploads\/2024\/10\/distribucion-ARC-COLOR-SIN-FONDO-e1732295305345.png\",\"width\":1164,\"height\":558,\"caption\":\"Distribuci\u00f3n ARC\"},\"image\":{\"@id\":\"https:\/\/distribucionarc.com\/en\/#\/schema\/logo\/image\/\"},\"description\":\"Empresa especializada en la fabricaci\u00f3n y distribuci\u00f3n de maquinaria industrial para los sectores alimentario y farmac\u00e9utico. Nos especializamos en: M\u00e1quinas de cortar carne Fabricaci\u00f3n de comprimidos Sistemas de transporte industrial L\u00edneas de embotellado Dosificadores Y mucho m\u00e1s... Ofrecemos soluciones innovadoras y personalizadas para optimizar los procesos productivos de tu empresa.\",\"email\":\"Admistracion@distribucionarc.com\",\"telephone\":\"+34 643496664\",\"legalName\":\"ARC TECH SOLUTIONS\",\"foundingDate\":\"2024-04-09\",\"vatID\":\"B55480172\",\"numberOfEmployees\":{\"@type\":\"QuantitativeValue\",\"minValue\":\"1\",\"maxValue\":\"10\"}}]}<\/script>\n<!-- \/ Yoast SEO Premium plugin. -->","yoast_head_json":{"title":"MASZYNA DO FORMOWANIA TABLETEK WZMACNIAJ\u0104CYCH OD\u017bYWKI - dystrybucja ARC","robots":{"index":"index","follow":"follow","max-snippet":"max-snippet:-1","max-image-preview":"max-image-preview:large","max-video-preview":"max-video-preview:-1"},"canonical":"https:\/\/jagdesd.tempurl.host\/hr\/producto\/maquina-formadora-de-tabletas-enriquecedoras-de-nutrientes\/","og_locale":"pl_PL","og_type":"article","og_title":"MAQUINA FORMADORA DE TABLETAS ENRIQUECEDORAS DE NUTRIENTES","og_description":"Presentamos la innovadora M\u00e1quina Prensadora Rotativa, modelo ZARP-5\/7\/9A, dise\u00f1ada para la producci\u00f3n eficiente de tabletas enriquecedoras de nutrientes en la","og_url":"https:\/\/jagdesd.tempurl.host\/hr\/producto\/maquina-formadora-de-tabletas-enriquecedoras-de-nutrientes\/","og_site_name":"distribuci\u00f3n ARC","article_modified_time":"2024-04-25T18:11:05+00:00","og_image":[{"width":464,"height":816,"url":"https:\/\/jagdesd.tempurl.host\/wp-content\/uploads\/2024\/04\/MAQUINA-FORMADORA-DE-TABLETAS-ENRIQUECEDORAS-DE-NUTRIENTES.jpg","type":"image\/jpeg"}],"twitter_card":"summary_large_image","twitter_misc":{"Szacowany czas czytania":"1 minuta"},"schema":{"@context":"https:\/\/schema.org","@graph":[{"@type":"WebPage","@id":"https:\/\/jagdesd.tempurl.host\/hr\/producto\/maquina-formadora-de-tabletas-enriquecedoras-de-nutrientes\/","url":"https:\/\/jagdesd.tempurl.host\/hr\/producto\/maquina-formadora-de-tabletas-enriquecedoras-de-nutrientes\/","name":"MASZYNA DO FORMOWANIA TABLETEK WZMACNIAJ\u0104CYCH OD\u017bYWKI - dystrybucja ARC","isPartOf":{"@id":"https:\/\/distribucionarc.com\/en\/#website"},"primaryImageOfPage":{"@id":"https:\/\/jagdesd.tempurl.host\/hr\/producto\/maquina-formadora-de-tabletas-enriquecedoras-de-nutrientes\/#primaryimage"},"image":{"@id":"https:\/\/jagdesd.tempurl.host\/hr\/producto\/maquina-formadora-de-tabletas-enriquecedoras-de-nutrientes\/#primaryimage"},"thumbnailUrl":"https:\/\/distribucionarc.com\/wp-content\/uploads\/2024\/04\/MAQUINA-FORMADORA-DE-TABLETAS-ENRIQUECEDORAS-DE-NUTRIENTES.jpg","datePublished":"2024-04-25T18:07:04+00:00","dateModified":"2024-04-25T18:11:05+00:00","breadcrumb":{"@id":"https:\/\/jagdesd.tempurl.host\/hr\/producto\/maquina-formadora-de-tabletas-enriquecedoras-de-nutrientes\/#breadcrumb"},"inLanguage":"pl-PL","potentialAction":[{"@type":"ReadAction","target":["https:\/\/jagdesd.tempurl.host\/hr\/producto\/maquina-formadora-de-tabletas-enriquecedoras-de-nutrientes\/"]}]},{"@type":"ImageObject","inLanguage":"pl-PL","@id":"https:\/\/jagdesd.tempurl.host\/hr\/producto\/maquina-formadora-de-tabletas-enriquecedoras-de-nutrientes\/#primaryimage","url":"https:\/\/distribucionarc.com\/wp-content\/uploads\/2024\/04\/MAQUINA-FORMADORA-DE-TABLETAS-ENRIQUECEDORAS-DE-NUTRIENTES.jpg","contentUrl":"https:\/\/distribucionarc.com\/wp-content\/uploads\/2024\/04\/MAQUINA-FORMADORA-DE-TABLETAS-ENRIQUECEDORAS-DE-NUTRIENTES.jpg","width":464,"height":816,"caption":"#image_title"},{"@type":"BreadcrumbList","@id":"https:\/\/jagdesd.tempurl.host\/hr\/producto\/maquina-formadora-de-tabletas-enriquecedoras-de-nutrientes\/#breadcrumb","itemListElement":[{"@type":"ListItem","position":1,"name":"Portada","item":"https:\/\/jagdesd.tempurl.host\/"},{"@type":"ListItem","position":2,"name":"Productos","item":"https:\/\/jagdesd.tempurl.host\/shop\/"},{"@type":"ListItem","position":3,"name":"MAQUINA FORMADORA DE TABLETAS ENRIQUECEDORAS DE NUTRIENTES"}]},{"@type":"WebSite","@id":"https:\/\/distribucionarc.com\/en\/#website","url":"https:\/\/distribucionarc.com\/en\/","name":"Dystrybucja ARC","description":"Firma specjalizuj\u0105ca si\u0119 w produkcji i dystrybucji maszyn przemys\u0142owych, zgrzewarek do puszek, maszyn do produkcji tabletek, maszyn do ci\u0119cia mi\u0119sa...","publisher":{"@id":"https:\/\/distribucionarc.com\/en\/#organization"},"potentialAction":[{"@type":"SearchAction","target":{"@type":"EntryPoint","urlTemplate":"https:\/\/distribucionarc.com\/en\/?s={search_term_string}"},"query-input":{"@type":"PropertyValueSpecification","valueRequired":true,"valueName":"search_term_string"}}],"inLanguage":"pl-PL"},{"@type":"Organization","@id":"https:\/\/distribucionarc.com\/en\/#organization","name":"Dystrybucja ARC","url":"https:\/\/distribucionarc.com\/en\/","logo":{"@type":"ImageObject","inLanguage":"pl-PL","@id":"https:\/\/distribucionarc.com\/en\/#\/schema\/logo\/image\/","url":"https:\/\/distribucionarc.com\/wp-content\/uploads\/2024\/10\/distribucion-ARC-COLOR-SIN-FONDO-e1732295305345.png","contentUrl":"https:\/\/distribucionarc.com\/wp-content\/uploads\/2024\/10\/distribucion-ARC-COLOR-SIN-FONDO-e1732295305345.png","width":1164,"height":558,"caption":"Distribuci\u00f3n ARC"},"image":{"@id":"https:\/\/distribucionarc.com\/en\/#\/schema\/logo\/image\/"},"description":"Firma specjalizuj\u0105ca si\u0119 w produkcji i dystrybucji maszyn przemys\u0142owych dla sektora spo\u017cywczego i farmaceutycznego. Specjalizujemy si\u0119 w: Maszyny do krojenia mi\u0119sa Produkcja tabletek Przemys\u0142owe systemy transportowe Linie butelkuj\u0105ce Dozowniki I wiele wi\u0119cej.... Oferujemy innowacyjne i niestandardowe rozwi\u0105zania w celu optymalizacji proces\u00f3w produkcyjnych w Twojej firmie.","email":"Admistracion@distribucionarc.com","telephone":"+34 643496664","legalName":"ARC TECH SOLUTIONS","foundingDate":"2024-04-09","vatID":"B55480172","numberOfEmployees":{"@type":"QuantitativeValue","minValue":"1","maxValue":"10"}}]}},"_links":{"self":[{"href":"https:\/\/distribucionarc.com\/pl\/wp-json\/wp\/v2\/product\/6791","targetHints":{"allow":["GET"]}}],"collection":[{"href":"https:\/\/distribucionarc.com\/pl\/wp-json\/wp\/v2\/product"}],"about":[{"href":"https:\/\/distribucionarc.com\/pl\/wp-json\/wp\/v2\/types\/product"}],"replies":[{"embeddable":true,"href":"https:\/\/distribucionarc.com\/pl\/wp-json\/wp\/v2\/comments?post=6791"}],"version-history":[{"count":0,"href":"https:\/\/distribucionarc.com\/pl\/wp-json\/wp\/v2\/product\/6791\/revisions"}],"wp:featuredmedia":[{"embeddable":true,"href":"https:\/\/distribucionarc.com\/pl\/wp-json\/wp\/v2\/media\/6796"}],"wp:attachment":[{"href":"https:\/\/distribucionarc.com\/pl\/wp-json\/wp\/v2\/media?parent=6791"}],"wp:term":[{"taxonomy":"product_brand","embeddable":true,"href":"https:\/\/distribucionarc.com\/pl\/wp-json\/wp\/v2\/product_brand?post=6791"},{"taxonomy":"product_cat","embeddable":true,"href":"https:\/\/distribucionarc.com\/pl\/wp-json\/wp\/v2\/product_cat?post=6791"},{"taxonomy":"product_tag","embeddable":true,"href":"https:\/\/distribucionarc.com\/pl\/wp-json\/wp\/v2\/product_tag?post=6791"}],"curies":[{"name":"wp","href":"https:\/\/api.w.org\/{rel}","templated":true}]}}