{"id":6837,"date":"2024-04-26T10:48:20","date_gmt":"2024-04-26T10:48:20","guid":{"rendered":"https:\/\/distribucionarc.com\/?post_type=product&#038;p=6837"},"modified":"2024-04-26T10:48:22","modified_gmt":"2024-04-26T10:48:22","slug":"maszyna-do-prasowania-tabletek-wapnia-i-kwasu-foliowego","status":"publish","type":"product","link":"https:\/\/distribucionarc.com\/pl\/producto\/maquina-prensadora-de-tabletas-de-calcio-y-acido-folico\/","title":{"rendered":"MASZYNA DO PRASOWANIA TABLETEK Z WAPNIEM I KWASEM FOLIOWYM"},"content":{"rendered":"<p>Przedstawiamy <strong>Maszyna do prasowania tabletek DARP60A<\/strong>, przeznaczony dla<strong> precyzyjna produkcja tabletek wapnia i kwasu foliowego<\/strong>lub w r\u00f3\u017cnych formach. Szeroko stosowana w przemy\u015ble farmaceutycznym, a tak\u017ce w firmach chemicznych i spo\u017cywczych, maszyna ta oferuje wszechstronno\u015b\u0107 i wydajno\u015b\u0107. Model<strong> DARP60B<\/strong>wyposa\u017cona w regulacj\u0119 cz\u0119stotliwo\u015bci obrot\u00f3w, umo\u017cliwia dostosowanie pr\u0119dko\u015bci maszyny do potrzeb produkcyjnych. Ponadto oferuje elastyczno\u015b\u0107 \u0142atwej regulacji ci\u015bnienia, grubo\u015bci tabletki i ilo\u015bci proszku, aby zapewni\u0107 optymalne wyniki w ka\u017cdej produkcji. Odkryj doskona\u0142o\u015b\u0107 w <strong>produkcja tabletek wapnia i kwasu foliowego za pomoc\u0105 maszyny do prasowania tabletek DARP60A<\/strong>, niezawodna inwestycja dla firm z r\u00f3\u017cnych bran\u017c.<\/p>\n<p>&nbsp;<\/p>\n<table>\n<tbody>\n<tr>\n<td width=\"189\">Model<\/td>\n<td width=\"189\">DARP-60A<\/td>\n<td width=\"189\">DARP-60B (KONWERSJA CZ\u0118STOTLIWO\u015aCI)<\/td>\n<\/tr>\n<tr>\n<td width=\"189\">Zawody sportowe<\/td>\n<td width=\"189\">1<\/td>\n<td width=\"189\">1<\/td>\n<\/tr>\n<tr>\n<td width=\"189\">Maksymalne ci\u015bnienie (mn\u00f3stwo)<\/td>\n<td width=\"189\">60<\/td>\n<td width=\"189\">60<\/td>\n<\/tr>\n<tr>\n<td width=\"189\">Maksymalna \u015brednica tabletki (milimetry)<\/td>\n<td width=\"189\">25<\/td>\n<td width=\"189\">25<\/td>\n<\/tr>\n<tr>\n<td width=\"189\">Maksymalna g\u0142\u0119boko\u015b\u0107 nape\u0142niania (milimetry)<\/td>\n<td width=\"189\">18<\/td>\n<td width=\"189\">18<\/td>\n<\/tr>\n<tr>\n<td width=\"189\">Maksymalna grubo\u015b\u0107 tabletki (milimetry)<\/td>\n<td width=\"189\">8<\/td>\n<td width=\"189\">8<\/td>\n<\/tr>\n<tr>\n<td width=\"189\">Zdolno\u015b\u0107 produkcyjna (szt.\/h)<\/td>\n<td width=\"189\">2150<\/td>\n<td width=\"189\">0-2150 (regulowana pr\u0119dko\u015b\u0107)<\/td>\n<\/tr>\n<tr>\n<td width=\"189\">Moc silnika (KW)<\/td>\n<td width=\"189\">1.5<\/td>\n<td width=\"189\">1.5<\/td>\n<\/tr>\n<tr>\n<td width=\"189\">Rozmiar ca\u0142kowity (milimetry)<\/td>\n<td width=\"189\">470*<\/p>\n<p>420*<\/p>\n<p>680*<\/td>\n<td width=\"189\">470*<\/p>\n<p>420*<\/p>\n<p>680*<\/td>\n<\/tr>\n<tr>\n<td width=\"189\">Masa netto (kg)<\/td>\n<td width=\"189\">85<\/td>\n<td width=\"189\">85<\/td>\n<\/tr>\n<\/tbody>\n<\/table>","protected":false},"excerpt":{"rendered":"<p>Przedstawiamy maszyn\u0119 do tabletkowania DARP60A przeznaczon\u0105 do precyzyjnej produkcji tabletek z wapniem i kwasem foliowym.<\/p>","protected":false},"featured_media":6839,"comment_status":"open","ping_status":"closed","template":"","meta":{"wds_primary_product_brand":0,"wds_primary_product_cat":0},"product_brand":[],"product_cat":[84],"product_tag":[],"class_list":{"0":"post-6837","1":"product","2":"type-product","3":"status-publish","4":"has-post-thumbnail","6":"product_cat-maquinas-para-hacer-pastillas","8":"first","9":"instock","10":"taxable","11":"shipping-taxable","12":"purchasable","13":"product-type-simple"},"yoast_head":"<!-- This site is optimized with the Yoast SEO Premium plugin v24.9 (Yoast SEO v26.1) - https:\/\/yoast.com\/wordpress\/plugins\/seo\/ -->\n<title>MAQUINA PRENSADORA DE TABLETAS DE CALCIO Y ACIDO FOLICO - distribuci\u00f3n ARC<\/title>\n<meta name=\"robots\" content=\"index, follow, max-snippet:-1, max-image-preview:large, max-video-preview:-1\" \/>\n<link rel=\"canonical\" href=\"https:\/\/distribucionarc.com\/pl\/produkty\/maszyna-do-prasowania-tabletek-wapnia-i-kwasu-foliowego\/\" \/>\n<meta property=\"og:locale\" content=\"pl_PL\" \/>\n<meta property=\"og:type\" content=\"article\" \/>\n<meta property=\"og:title\" content=\"MAQUINA PRENSADORA DE TABLETAS DE CALCIO Y ACIDO FOLICO\" \/>\n<meta property=\"og:description\" content=\"Introducimos la M\u00e1quina Prensadora de Tabletas DARP60A, dise\u00f1ada para la producci\u00f3n precisa de tabletas de calcio y \u00e1cido f\u00f3lico en\" \/>\n<meta property=\"og:url\" content=\"https:\/\/distribucionarc.com\/pl\/produkty\/maszyna-do-prasowania-tabletek-wapnia-i-kwasu-foliowego\/\" \/>\n<meta property=\"og:site_name\" content=\"distribuci\u00f3n ARC\" \/>\n<meta property=\"article:modified_time\" content=\"2024-04-26T10:48:22+00:00\" \/>\n<meta property=\"og:image\" content=\"https:\/\/distribucionarc.com\/wp-content\/uploads\/2024\/04\/MAQUINA-PRENSADORA-DE-TABLETAS-DE-CALCIO-Y-ACIDO-FOLICO.jpg\" \/>\n\t<meta property=\"og:image:width\" content=\"544\" \/>\n\t<meta property=\"og:image:height\" content=\"488\" \/>\n\t<meta property=\"og:image:type\" content=\"image\/jpeg\" \/>\n<meta name=\"twitter:card\" content=\"summary_large_image\" \/>\n<meta name=\"twitter:label1\" content=\"Szacowany czas czytania\" \/>\n\t<meta name=\"twitter:data1\" content=\"1 minuta\" \/>\n<script type=\"application\/ld+json\" class=\"yoast-schema-graph\">{\"@context\":\"https:\/\/schema.org\",\"@graph\":[{\"@type\":\"WebPage\",\"@id\":\"https:\/\/distribucionarc.com\/de\/producto\/maquina-prensadora-de-tabletas-de-calcio-y-acido-folico\/\",\"url\":\"https:\/\/distribucionarc.com\/de\/producto\/maquina-prensadora-de-tabletas-de-calcio-y-acido-folico\/\",\"name\":\"MAQUINA PRENSADORA DE TABLETAS DE CALCIO Y ACIDO FOLICO - distribuci\u00f3n ARC\",\"isPartOf\":{\"@id\":\"https:\/\/www.distribucionarc.com\/#website\"},\"primaryImageOfPage\":{\"@id\":\"https:\/\/distribucionarc.com\/de\/producto\/maquina-prensadora-de-tabletas-de-calcio-y-acido-folico\/#primaryimage\"},\"image\":{\"@id\":\"https:\/\/distribucionarc.com\/de\/producto\/maquina-prensadora-de-tabletas-de-calcio-y-acido-folico\/#primaryimage\"},\"thumbnailUrl\":\"https:\/\/distribucionarc.com\/wp-content\/uploads\/2024\/04\/MAQUINA-PRENSADORA-DE-TABLETAS-DE-CALCIO-Y-ACIDO-FOLICO.jpg\",\"datePublished\":\"2024-04-26T10:48:20+00:00\",\"dateModified\":\"2024-04-26T10:48:22+00:00\",\"breadcrumb\":{\"@id\":\"https:\/\/distribucionarc.com\/de\/producto\/maquina-prensadora-de-tabletas-de-calcio-y-acido-folico\/#breadcrumb\"},\"inLanguage\":\"pl-PL\",\"potentialAction\":[{\"@type\":\"ReadAction\",\"target\":[\"https:\/\/distribucionarc.com\/de\/producto\/maquina-prensadora-de-tabletas-de-calcio-y-acido-folico\/\"]}]},{\"@type\":\"ImageObject\",\"inLanguage\":\"pl-PL\",\"@id\":\"https:\/\/distribucionarc.com\/de\/producto\/maquina-prensadora-de-tabletas-de-calcio-y-acido-folico\/#primaryimage\",\"url\":\"https:\/\/distribucionarc.com\/wp-content\/uploads\/2024\/04\/MAQUINA-PRENSADORA-DE-TABLETAS-DE-CALCIO-Y-ACIDO-FOLICO.jpg\",\"contentUrl\":\"https:\/\/distribucionarc.com\/wp-content\/uploads\/2024\/04\/MAQUINA-PRENSADORA-DE-TABLETAS-DE-CALCIO-Y-ACIDO-FOLICO.jpg\",\"width\":544,\"height\":488,\"caption\":\"#image_title\"},{\"@type\":\"BreadcrumbList\",\"@id\":\"https:\/\/distribucionarc.com\/de\/producto\/maquina-prensadora-de-tabletas-de-calcio-y-acido-folico\/#breadcrumb\",\"itemListElement\":[{\"@type\":\"ListItem\",\"position\":1,\"name\":\"Portada\",\"item\":\"https:\/\/distribucionarc.com\/pl\/\"},{\"@type\":\"ListItem\",\"position\":2,\"name\":\"\u0627\u0644\u0645\u0646\u062a\u062c\u0627\u062a\",\"item\":\"https:\/\/www.distribucionarc.com\/ar\/%d9%85%d8%ad%d9%84\/\"},{\"@type\":\"ListItem\",\"position\":3,\"name\":\"MAQUINA PRENSADORA DE TABLETAS DE CALCIO Y ACIDO FOLICO\"}]},{\"@type\":\"WebSite\",\"@id\":\"https:\/\/www.distribucionarc.com\/#website\",\"url\":\"https:\/\/www.distribucionarc.com\/\",\"name\":\"distribuci\u00f3n ARC\",\"description\":\"Empresa especializada en la fabricaci\u00f3n y distribuci\u00f3n de maquinaria industrial, selladoras de latas, Maquinas de hacer pastillas, Maquinas de cortar carne...\",\"publisher\":{\"@id\":\"https:\/\/www.distribucionarc.com\/#organization\"},\"potentialAction\":[{\"@type\":\"SearchAction\",\"target\":{\"@type\":\"EntryPoint\",\"urlTemplate\":\"https:\/\/www.distribucionarc.com\/?s={search_term_string}\"},\"query-input\":{\"@type\":\"PropertyValueSpecification\",\"valueRequired\":true,\"valueName\":\"search_term_string\"}}],\"inLanguage\":\"pl-PL\"},{\"@type\":\"Organization\",\"@id\":\"https:\/\/www.distribucionarc.com\/#organization\",\"name\":\"Distribuci\u00f3n ARC\",\"url\":\"https:\/\/www.distribucionarc.com\/\",\"logo\":{\"@type\":\"ImageObject\",\"inLanguage\":\"pl-PL\",\"@id\":\"https:\/\/www.distribucionarc.com\/#\/schema\/logo\/image\/\",\"url\":\"https:\/\/distribucionarc.com\/wp-content\/uploads\/2024\/10\/distribucion-ARC-COLOR-SIN-FONDO-e1732295305345.png\",\"contentUrl\":\"https:\/\/distribucionarc.com\/wp-content\/uploads\/2024\/10\/distribucion-ARC-COLOR-SIN-FONDO-e1732295305345.png\",\"width\":1164,\"height\":558,\"caption\":\"Distribuci\u00f3n ARC\"},\"image\":{\"@id\":\"https:\/\/www.distribucionarc.com\/#\/schema\/logo\/image\/\"},\"description\":\"Empresa especializada en la fabricaci\u00f3n y distribuci\u00f3n de maquinaria industrial para los sectores alimentario y farmac\u00e9utico. Nos especializamos en: M\u00e1quinas de cortar carne Fabricaci\u00f3n de comprimidos Sistemas de transporte industrial L\u00edneas de embotellado Dosificadores Y mucho m\u00e1s... Ofrecemos soluciones innovadoras y personalizadas para optimizar los procesos productivos de tu empresa.\",\"email\":\"Admistracion@distribucionarc.com\",\"telephone\":\"+34 643496664\",\"legalName\":\"ARC TECH SOLUTIONS\",\"foundingDate\":\"2024-04-09\",\"vatID\":\"B55480172\",\"numberOfEmployees\":{\"@type\":\"QuantitativeValue\",\"minValue\":\"1\",\"maxValue\":\"10\"}}]}<\/script>\n<!-- \/ Yoast SEO Premium plugin. -->","yoast_head_json":{"title":"MASZYNA DO PRASOWANIA TABLETEK WAPNIA I KWASU FOLIOWEGO - dystrybucja \u0142uku","robots":{"index":"index","follow":"follow","max-snippet":"max-snippet:-1","max-image-preview":"max-image-preview:large","max-video-preview":"max-video-preview:-1"},"canonical":"https:\/\/distribucionarc.com\/pl\/produkty\/maszyna-do-prasowania-tabletek-wapnia-i-kwasu-foliowego\/","og_locale":"pl_PL","og_type":"article","og_title":"MAQUINA PRENSADORA DE TABLETAS DE CALCIO Y ACIDO FOLICO","og_description":"Introducimos la M\u00e1quina Prensadora de Tabletas DARP60A, dise\u00f1ada para la producci\u00f3n precisa de tabletas de calcio y \u00e1cido f\u00f3lico en","og_url":"https:\/\/distribucionarc.com\/pl\/produkty\/maszyna-do-prasowania-tabletek-wapnia-i-kwasu-foliowego\/","og_site_name":"distribuci\u00f3n ARC","article_modified_time":"2024-04-26T10:48:22+00:00","og_image":[{"width":544,"height":488,"url":"https:\/\/distribucionarc.com\/wp-content\/uploads\/2024\/04\/MAQUINA-PRENSADORA-DE-TABLETAS-DE-CALCIO-Y-ACIDO-FOLICO.jpg","type":"image\/jpeg"}],"twitter_card":"summary_large_image","twitter_misc":{"Szacowany czas czytania":"1 minuta"},"schema":{"@context":"https:\/\/schema.org","@graph":[{"@type":"WebPage","@id":"https:\/\/distribucionarc.com\/de\/producto\/maquina-prensadora-de-tabletas-de-calcio-y-acido-folico\/","url":"https:\/\/distribucionarc.com\/de\/producto\/maquina-prensadora-de-tabletas-de-calcio-y-acido-folico\/","name":"MASZYNA DO PRASOWANIA TABLETEK WAPNIA I KWASU FOLIOWEGO - dystrybucja \u0142uku","isPartOf":{"@id":"https:\/\/www.distribucionarc.com\/#website"},"primaryImageOfPage":{"@id":"https:\/\/distribucionarc.com\/de\/producto\/maquina-prensadora-de-tabletas-de-calcio-y-acido-folico\/#primaryimage"},"image":{"@id":"https:\/\/distribucionarc.com\/de\/producto\/maquina-prensadora-de-tabletas-de-calcio-y-acido-folico\/#primaryimage"},"thumbnailUrl":"https:\/\/distribucionarc.com\/wp-content\/uploads\/2024\/04\/MAQUINA-PRENSADORA-DE-TABLETAS-DE-CALCIO-Y-ACIDO-FOLICO.jpg","datePublished":"2024-04-26T10:48:20+00:00","dateModified":"2024-04-26T10:48:22+00:00","breadcrumb":{"@id":"https:\/\/distribucionarc.com\/de\/producto\/maquina-prensadora-de-tabletas-de-calcio-y-acido-folico\/#breadcrumb"},"inLanguage":"pl-PL","potentialAction":[{"@type":"ReadAction","target":["https:\/\/distribucionarc.com\/de\/producto\/maquina-prensadora-de-tabletas-de-calcio-y-acido-folico\/"]}]},{"@type":"ImageObject","inLanguage":"pl-PL","@id":"https:\/\/distribucionarc.com\/de\/producto\/maquina-prensadora-de-tabletas-de-calcio-y-acido-folico\/#primaryimage","url":"https:\/\/distribucionarc.com\/wp-content\/uploads\/2024\/04\/MAQUINA-PRENSADORA-DE-TABLETAS-DE-CALCIO-Y-ACIDO-FOLICO.jpg","contentUrl":"https:\/\/distribucionarc.com\/wp-content\/uploads\/2024\/04\/MAQUINA-PRENSADORA-DE-TABLETAS-DE-CALCIO-Y-ACIDO-FOLICO.jpg","width":544,"height":488,"caption":"#image_title"},{"@type":"BreadcrumbList","@id":"https:\/\/distribucionarc.com\/de\/producto\/maquina-prensadora-de-tabletas-de-calcio-y-acido-folico\/#breadcrumb","itemListElement":[{"@type":"ListItem","position":1,"name":"Portada","item":"https:\/\/distribucionarc.com\/pl\/"},{"@type":"ListItem","position":2,"name":"\u0627\u0644\u0645\u0646\u062a\u062c\u0627\u062a","item":"https:\/\/www.distribucionarc.com\/ar\/%d9%85%d8%ad%d9%84\/"},{"@type":"ListItem","position":3,"name":"MAQUINA PRENSADORA DE TABLETAS DE CALCIO Y ACIDO FOLICO"}]},{"@type":"WebSite","@id":"https:\/\/www.distribucionarc.com\/#website","url":"https:\/\/www.distribucionarc.com\/","name":"Dystrybucja ARC","description":"Firma specjalizuj\u0105ca si\u0119 w produkcji i dystrybucji maszyn przemys\u0142owych, zgrzewarek do puszek, maszyn do produkcji tabletek, maszyn do ci\u0119cia mi\u0119sa...","publisher":{"@id":"https:\/\/www.distribucionarc.com\/#organization"},"potentialAction":[{"@type":"SearchAction","target":{"@type":"EntryPoint","urlTemplate":"https:\/\/www.distribucionarc.com\/?s={search_term_string}"},"query-input":{"@type":"PropertyValueSpecification","valueRequired":true,"valueName":"search_term_string"}}],"inLanguage":"pl-PL"},{"@type":"Organization","@id":"https:\/\/www.distribucionarc.com\/#organization","name":"Dystrybucja ARC","url":"https:\/\/www.distribucionarc.com\/","logo":{"@type":"ImageObject","inLanguage":"pl-PL","@id":"https:\/\/www.distribucionarc.com\/#\/schema\/logo\/image\/","url":"https:\/\/distribucionarc.com\/wp-content\/uploads\/2024\/10\/distribucion-ARC-COLOR-SIN-FONDO-e1732295305345.png","contentUrl":"https:\/\/distribucionarc.com\/wp-content\/uploads\/2024\/10\/distribucion-ARC-COLOR-SIN-FONDO-e1732295305345.png","width":1164,"height":558,"caption":"Distribuci\u00f3n ARC"},"image":{"@id":"https:\/\/www.distribucionarc.com\/#\/schema\/logo\/image\/"},"description":"Firma specjalizuj\u0105ca si\u0119 w produkcji i dystrybucji maszyn przemys\u0142owych dla sektora spo\u017cywczego i farmaceutycznego. Specjalizujemy si\u0119 w: Maszyny do krojenia mi\u0119sa Produkcja tabletek Przemys\u0142owe systemy transportowe Linie butelkuj\u0105ce Dozowniki I wiele wi\u0119cej.... Oferujemy innowacyjne i niestandardowe rozwi\u0105zania w celu optymalizacji proces\u00f3w produkcyjnych w Twojej firmie.","email":"Admistracion@distribucionarc.com","telephone":"+34 643496664","legalName":"ARC TECH SOLUTIONS","foundingDate":"2024-04-09","vatID":"B55480172","numberOfEmployees":{"@type":"QuantitativeValue","minValue":"1","maxValue":"10"}}]}},"_links":{"self":[{"href":"https:\/\/distribucionarc.com\/pl\/wp-json\/wp\/v2\/product\/6837","targetHints":{"allow":["GET"]}}],"collection":[{"href":"https:\/\/distribucionarc.com\/pl\/wp-json\/wp\/v2\/product"}],"about":[{"href":"https:\/\/distribucionarc.com\/pl\/wp-json\/wp\/v2\/types\/product"}],"replies":[{"embeddable":true,"href":"https:\/\/distribucionarc.com\/pl\/wp-json\/wp\/v2\/comments?post=6837"}],"version-history":[{"count":0,"href":"https:\/\/distribucionarc.com\/pl\/wp-json\/wp\/v2\/product\/6837\/revisions"}],"wp:featuredmedia":[{"embeddable":true,"href":"https:\/\/distribucionarc.com\/pl\/wp-json\/wp\/v2\/media\/6839"}],"wp:attachment":[{"href":"https:\/\/distribucionarc.com\/pl\/wp-json\/wp\/v2\/media?parent=6837"}],"wp:term":[{"taxonomy":"product_brand","embeddable":true,"href":"https:\/\/distribucionarc.com\/pl\/wp-json\/wp\/v2\/product_brand?post=6837"},{"taxonomy":"product_cat","embeddable":true,"href":"https:\/\/distribucionarc.com\/pl\/wp-json\/wp\/v2\/product_cat?post=6837"},{"taxonomy":"product_tag","embeddable":true,"href":"https:\/\/distribucionarc.com\/pl\/wp-json\/wp\/v2\/product_tag?post=6837"}],"curies":[{"name":"wp","href":"https:\/\/api.w.org\/{rel}","templated":true}]}}